{"id":18278,"date":"2024-03-01T16:59:24","date_gmt":"2024-03-01T15:59:24","guid":{"rendered":"https:\/\/u15jnbdpoq.preview.infomaniak.website\/produit\/500-etiquetas-transparentes-placer-de-dar\/"},"modified":"2026-03-12T16:03:51","modified_gmt":"2026-03-12T15:03:51","slug":"500-etiquetas-transparentes-placer-de-dar","status":"publish","type":"product","link":"https:\/\/www.csj-emballages.com\/es\/produit\/500-etiquetas-transparentes-placer-de-dar\/","title":{"rendered":"Etiqueta adhesiva transparente \u00abEl placer de dar\u00bb, paquete de 500"},"content":{"rendered":"<div style=\"box-sizing: inherit; font-family: Roboto, sans-serif;\">\n<div style=\"box-sizing: inherit; font-family: Roboto, sans-serif;\">\n<div style=\"box-sizing: inherit; font-family: Roboto, sans-serif;\">\n<div style=\"box-sizing: inherit; font-family: Roboto, sans-serif;\">\n<div style=\"box-sizing: inherit; font-family: Roboto, sans-serif;\">\n<div style=\"box-sizing: inherit; font-family: Roboto, sans-serif;\">\n<div style=\"box-sizing: inherit; font-family: Roboto, sans-serif;\">\n<div style=\"box-sizing: inherit; font-family: Roboto, sans-serif;\">\n<div style=\"box-sizing: inherit; font-family: Roboto, sans-serif;\">\n<div style=\"box-sizing: inherit; font-family: Roboto, sans-serif;\">\n<div style=\"box-sizing: inherit; font-family: Roboto, sans-serif;\">\n<div style=\"box-sizing: inherit; font-family: Roboto, sans-serif;\">\n<div style=\"box-sizing: inherit; font-family: Roboto, sans-serif;\">\n<div class=\"flex flex-grow flex-col max-w-full\">\n<div class=\"min-h-[20px] text-message flex flex-col items-start whitespace-pre-wrap break-words [.text-message+&amp;]:mt-5 juice:w-full juice:items-end overflow-x-auto gap-2\" dir=\"auto\" data-message-author-role=\"assistant\" data-message-id=\"2034782e-88f9-44ef-b4dc-07dd7bf0115f\">\n<div class=\"flex w-full flex-col gap-1 juice:empty:hidden juice:first:pt-[3px]\">\n<div class=\"markdown prose w-full break-words dark:prose-invert light\">\n<div style=\"box-sizing: inherit; font-family: Roboto, sans-serif;\">\n<div style=\"box-sizing: inherit; font-family: Roboto, sans-serif;\">\n<div style=\"box-sizing: inherit; font-family: Roboto, sans-serif;\">\n<div style=\"box-sizing: inherit; font-family: Roboto, sans-serif;\">\n<div style=\"box-sizing: inherit; font-family: Roboto, sans-serif;\">\n<div style=\"box-sizing: inherit; font-family: Roboto, sans-serif;\">\n<h2 class=\"p1\">Etiqueta adhesiva transparente<\/h2>\n<div style=\"box-sizing: inherit; font-family: Roboto, sans-serif;\">\n<div style=\"box-sizing: inherit; font-family: Roboto, sans-serif;\">\n<div style=\"box-sizing: inherit; font-family: Roboto, sans-serif;\">\n<div style=\"text-align: center;\">\n<div style=\"box-sizing: inherit; font-family: Roboto, sans-serif;\">\n<div style=\"box-sizing: inherit; font-family: Roboto, sans-serif;\">\n<div style=\"box-sizing: inherit; font-family: Roboto, sans-serif;\">\n<div style=\"box-sizing: inherit; font-family: Roboto, sans-serif;\">\n<div style=\"box-sizing: inherit; font-family: Roboto, sans-serif;\">\n<div style=\"box-sizing: inherit; font-family: Roboto, sans-serif; text-align: left;\">\n<hr>\n<h3 style=\"text-align: left;\">Descripci\u00f3n de nuestra etiqueta adhesiva transparente \u00abplaisir d&#8217;offrir\u00bb por 500<\/h3>\n<h3 style=\"text-align: left;\"><!--more--><\/h3>\n<\/div>\n<\/div>\n<\/div>\n<\/div>\n<\/div>\n<\/div>\n<\/div>\n<\/div>\n<\/div>\n<\/div>\n<\/div>\n<\/div>\n<\/div>\n<\/div>\n<\/div>\n<\/div>\n<\/div>\n<\/div>\n<\/div>\n<\/div>\n<\/div>\n<\/div>\n<\/div>\n<\/div>\n<\/div>\n<\/div>\n<\/div>\n<\/div>\n<\/div>\n<\/div>\n<\/div>\n<\/div>\n<\/div>\n<div style=\"box-sizing: inherit; font-family: Roboto, sans-serif;\">\n<div style=\"box-sizing: inherit; font-family: Roboto, sans-serif;\">\n<div style=\"box-sizing: inherit; font-family: Roboto, sans-serif;\">\n<div style=\"box-sizing: inherit; font-family: Roboto, sans-serif;\">\n<div style=\"box-sizing: inherit; font-family: Roboto, sans-serif;\">\n<div style=\"box-sizing: inherit; font-family: Roboto, sans-serif;\">\n<div style=\"box-sizing: inherit; font-family: Roboto, sans-serif;\">\n<div style=\"box-sizing: inherit; font-family: Roboto, sans-serif;\">\n<div style=\"box-sizing: inherit; font-family: Roboto, sans-serif;\">\n<div style=\"box-sizing: inherit; font-family: Roboto, sans-serif;\">\n<div style=\"box-sizing: inherit; font-family: Roboto, sans-serif;\">\n<div style=\"box-sizing: inherit; font-family: Roboto, sans-serif;\">\n<div style=\"box-sizing: inherit; font-family: Roboto, sans-serif;\">\n<div class=\"flex flex-grow flex-col max-w-full\">\n<div class=\"min-h-[20px] text-message flex flex-col items-start whitespace-pre-wrap break-words [.text-message+&amp;]:mt-5 juice:w-full juice:items-end overflow-x-auto gap-2\" dir=\"auto\" data-message-author-role=\"assistant\" data-message-id=\"2034782e-88f9-44ef-b4dc-07dd7bf0115f\">\n<div class=\"flex w-full flex-col gap-1 juice:empty:hidden juice:first:pt-[3px]\">\n<div class=\"markdown prose w-full break-words dark:prose-invert light\">\n<div style=\"box-sizing: inherit; font-family: Roboto, sans-serif;\">\n<div style=\"box-sizing: inherit; font-family: Roboto, sans-serif;\">\n<div style=\"box-sizing: inherit; font-family: Roboto, sans-serif;\">\n<div style=\"box-sizing: inherit; font-family: Roboto, sans-serif;\">\n<div style=\"box-sizing: inherit; font-family: Roboto, sans-serif;\">\n<div style=\"box-sizing: inherit; font-family: Roboto, sans-serif;\">\n<p data-start=\"0\" data-end=\"501\">A\u00f1ada un toque de elegancia a sus envases con nuestra <strong data-start=\"87\" data-end=\"141\">etiqueta adhesiva transparente y dorada \u00abPlaisir d&#8217;offrir\u00bb.<\/strong> Esta <strong>etiqueta redonda<\/strong> <strong data-start=\"279\" data-end=\"289\">(\u00d836 mm<\/strong> ), ideal para realzar sus <strong data-start=\"168\" data-end=\"187\">paquetes de regalo<\/strong>, <strong data-start=\"193\" data-end=\"215\">cajas de pasteler\u00eda<\/strong> o <strong data-start=\"231\" data-end=\"252\">bolsitas gourmet<\/strong>, a\u00f1ade instant\u00e1neamente un toque de refinamiento a cualquier envase. Gracias a su dise\u00f1o discreto y refinado, realza sus creaciones al tiempo que revela el contenido, para un aspecto elegante y profesional.  <\/p>\n<p data-start=\"503\" data-end=\"886\">Presentada en una <strong data-start=\"516\" data-end=\"548\">pr\u00e1ctica caja dispensadora<\/strong>, se despega f\u00e1cilmente y se aplica en un solo paso, ahorr\u00e1ndole un tiempo precioso a la hora de preparar sus pedidos. Tanto si es <strong data-start=\"702\" data-end=\"725\">chocolatero<\/strong>, <strong data-start=\"727\" data-end=\"750\">panadero<\/strong>, <strong data-start=\"752\" data-end=\"775\">tienda de regalos<\/strong> o servicio de catering, esta <strong>etiqueta autoadhesiva<\/strong> es perfecta para personalizar sus envases y ofrecer un acabado impecable. <\/p>\n<p data-start=\"888\" data-end=\"1264\">Adem\u00e1s, su <strong data-start=\"901\" data-end=\"921\">potente adhesivo<\/strong> garantiza una sujeci\u00f3n impecable sobre distintos sustratos: papel kraft, cart\u00f3n, pl\u00e1stico o celof\u00e1n. De este modo, su envase permanecer\u00e1 impecable hasta la entrega al cliente. Al elegir este producto, est\u00e1 prestando especial atenci\u00f3n a los detalles, lo que contribuye a reforzar su imagen de marca y a fidelizar a sus clientes.  <\/p>\n<p data-start=\"1266\" data-end=\"1569\">Por \u00faltimo, esta <strong>etiqueta autoadhesiva<\/strong> se presenta en <strong data-start=\"1305\" data-end=\"1326\">paquetes de 500 unidades<\/strong>, para que pueda cubrir sus necesidades incluso en periodos de gran afluencia como Navidad, San Valent\u00edn o bodas. Con esta <strong data-start=\"1455\" data-end=\"1487\">etiqueta Plaisir d&#8217;offrir<\/strong>, podr\u00e1 mostrar a sus clientes que cada paquete se prepara con cuidado y pasi\u00f3n. <\/p>\n<p data-start=\"1571\" data-end=\"1850\">En resumen, gracias a su <strong data-start=\"1593\" data-end=\"1618\">elegante transparencia<\/strong>, su <strong data-start=\"1624\" data-end=\"1643\">pr\u00e1ctico formato<\/strong> y su <strong data-start=\"1651\" data-end=\"1674\">caja dispensadora<\/strong>, se est\u00e1 convirtiendo r\u00e1pidamente en un producto imprescindible para todas sus necesidades de envolver regalos. Regale algo m\u00e1s que un producto: ofrezca a sus clientes una aut\u00e9ntica experiencia en la que cada detalle cuenta. <\/p>\n<p data-start=\"1571\" data-end=\"1850\">\n<p><!--more--><\/p>\n<h4 style=\"text-align: left;\">Ventajas :<\/h4>\n<ul style=\"text-align: left;\">\n<li><strong data-start=\"2068\" data-end=\"2093\">Elegante transparencia<\/strong> que realza el contenido.<\/li>\n<li><strong data-start=\"2123\" data-end=\"2146\">Caja dispensadora<\/strong> para una aplicaci\u00f3n r\u00e1pida y sencilla.<\/li>\n<li><strong data-start=\"2190\" data-end=\"2210\">Potente adhesivo<\/strong> adecuado para una gran variedad de sustratos (kraft, pl\u00e1stico, cart\u00f3n).<\/li>\n<li><strong data-start=\"2268\" data-end=\"2293\">Paquete econ\u00f3mico de 500<\/strong> etiquetas para uso intensivo.<\/li>\n<li>Ideal para <strong data-start=\"2353\" data-end=\"2388\">artesanos, pasteleros, empresas de catering<\/strong> y tiendas de regalos.<\/li>\n<\/ul>\n<\/div>\n<\/div>\n<\/div>\n<\/div>\n<\/div>\n<\/div>\n<\/div>\n<\/div>\n<\/div>\n<\/div>\n<\/div>\n<\/div>\n<p>&nbsp;<\/p>\n<\/div>\n<\/div>\n<\/div>\n<\/div>\n<\/div>\n<\/div>\n<\/div>\n<\/div>\n<\/div>\n<\/div>\n<\/div>\n<p><!--more--><\/p>\n<h4>Informaci\u00f3n adicional :<\/h4>\n<ul style=\"box-sizing: inherit; font-family: Roboto, sans-serif;\">\n<li><strong>Envase<\/strong>: Paquete de 500 unidades<\/li>\n<li><span style=\"font-weight: bold;\">Di\u00e1metro <\/span>: 36 mm<\/li>\n<li><strong>Color<\/strong>: Transparente \/ Dorado<\/li>\n<\/ul>\n<div style=\"box-sizing: inherit; font-family: Roboto, sans-serif;\">\n<div style=\"box-sizing: inherit; font-family: Roboto, sans-serif;\">\n<div style=\"box-sizing: inherit; font-family: Roboto, sans-serif;\">\n<div style=\"box-sizing: inherit; font-family: Roboto, sans-serif;\">\n<div style=\"box-sizing: inherit; font-family: Roboto, sans-serif;\">\n<div style=\"box-sizing: inherit; font-family: Roboto, sans-serif;\">\n<p>&nbsp;<\/p>\n<p><!--more--><\/p>\n<p><a href=\"https:\/\/www.csj-emballages.com\/es\/categorie-produit\/envasado-de-alimentos\/noel-es\/accesorios-embalaje-decorativo\/etiquetas-es-2\/\">Ver el resto de nuestra gama de etiquetas adhesivas decorativas<\/a><\/p>\n<\/div>\n<\/div>\n<\/div>\n<\/div>\n<\/div>\n<\/div>\n","protected":false},"excerpt":{"rendered":"<p>Etiqueta adhesiva transparente Descripci\u00f3n de nuestra etiqueta adhesiva transparente \u00abplaisir d&#8217;offrir\u00bb por 500<\/p>\n","protected":false},"featured_media":9053,"template":"","meta":{"_acf_changed":false},"product_brand":[],"product_cat":[1150,1145,1820,1488,1828],"product_tag":[],"class_list":{"0":"post-18278","1":"product","2":"type-product","3":"status-publish","4":"has-post-thumbnail","6":"product_cat-envasado-de-alimentos","7":"product_cat-panaderia-y-pasteleria","8":"product_cat-etiquetas-2","9":"product_cat-tienda-y-almacen","10":"product_cat-etiquetas-es","12":"first","13":"instock","14":"taxable","15":"shipping-taxable","16":"purchasable","17":"product-type-simple"},"acf":[],"yoast_head":"<!-- This site is optimized with the Yoast SEO Premium plugin v26.6 (Yoast SEO v26.6) - https:\/\/yoast.com\/wordpress\/plugins\/seo\/ -->\n<title>Etiqueta adhesiva transparente &quot;Plaisir d&#039;Offrir&quot;, paquete de 500<\/title>\n<meta name=\"description\" content=\"Etiqueta adhesiva transparente \u00d836 mm &quot;Plaisir d&#039;offrir&quot;, caja de 500, ideal para realzar con elegancia el embalaje de sus regalos.\" \/>\n<meta name=\"robots\" content=\"index, follow, max-snippet:-1, max-image-preview:large, max-video-preview:-1\" \/>\n<link rel=\"canonical\" href=\"https:\/\/www.csj-emballages.com\/es\/produit\/500-etiquetas-transparentes-placer-de-dar\/\" \/>\n<meta property=\"og:locale\" content=\"es_ES\" \/>\n<meta property=\"og:type\" content=\"article\" \/>\n<meta property=\"og:title\" content=\"Etiqueta adhesiva transparente &quot;El placer de dar&quot;, paquete de 500\" \/>\n<meta property=\"og:description\" content=\"Etiqueta adhesiva transparente \u00d836 mm &quot;Plaisir d&#039;offrir&quot;, caja de 500, ideal para realzar con elegancia el embalaje de sus regalos.\" \/>\n<meta property=\"og:url\" content=\"https:\/\/www.csj-emballages.com\/es\/produit\/500-etiquetas-transparentes-placer-de-dar\/\" \/>\n<meta property=\"og:site_name\" content=\"CSJ Emballages\" \/>\n<meta property=\"article:publisher\" content=\"https:\/\/www.facebook.com\/csjemballages\" \/>\n<meta property=\"article:modified_time\" content=\"2026-03-12T15:03:51+00:00\" \/>\n<meta property=\"og:image\" content=\"https:\/\/www.csj-emballages.com\/wp-content\/uploads\/2024\/03\/etiquettes-plasir-offrir-transparent-rectangle-csj-emballages-papier-autocol-jpg.webp\" \/>\n\t<meta property=\"og:image:width\" content=\"800\" \/>\n\t<meta property=\"og:image:height\" content=\"800\" \/>\n\t<meta property=\"og:image:type\" content=\"image\/jpeg\" \/>\n<meta name=\"twitter:card\" content=\"summary_large_image\" \/>\n<meta name=\"twitter:label1\" content=\"Tiempo de lectura\" \/>\n\t<meta name=\"twitter:data1\" content=\"2 minutos\" \/>\n<script type=\"application\/ld+json\" class=\"yoast-schema-graph\">{\"@context\":\"https:\/\/schema.org\",\"@graph\":[{\"@type\":\"WebPage\",\"@id\":\"https:\/\/www.csj-emballages.com\/es\/produit\/500-etiquetas-transparentes-placer-de-dar\/\",\"url\":\"https:\/\/www.csj-emballages.com\/es\/produit\/500-etiquetas-transparentes-placer-de-dar\/\",\"name\":\"Etiqueta adhesiva transparente \\\"Plaisir d'Offrir\\\", paquete de 500\",\"isPartOf\":{\"@id\":\"https:\/\/www.csj-emballages.com\/es\/#website\"},\"primaryImageOfPage\":{\"@id\":\"https:\/\/www.csj-emballages.com\/es\/produit\/500-etiquetas-transparentes-placer-de-dar\/#primaryimage\"},\"image\":{\"@id\":\"https:\/\/www.csj-emballages.com\/es\/produit\/500-etiquetas-transparentes-placer-de-dar\/#primaryimage\"},\"thumbnailUrl\":\"https:\/\/www.csj-emballages.com\/wp-content\/uploads\/2024\/03\/etiquettes-plasir-offrir-transparent-rectangle-csj-emballages-papier-autocol-jpg.webp\",\"datePublished\":\"2024-03-01T15:59:24+00:00\",\"dateModified\":\"2026-03-12T15:03:51+00:00\",\"description\":\"Etiqueta adhesiva transparente \u00d836 mm \\\"Plaisir d'offrir\\\", caja de 500, ideal para realzar con elegancia el embalaje de sus regalos.\",\"breadcrumb\":{\"@id\":\"https:\/\/www.csj-emballages.com\/es\/produit\/500-etiquetas-transparentes-placer-de-dar\/#breadcrumb\"},\"inLanguage\":\"es\",\"potentialAction\":[{\"@type\":\"ReadAction\",\"target\":[\"https:\/\/www.csj-emballages.com\/es\/produit\/500-etiquetas-transparentes-placer-de-dar\/\"]}]},{\"@type\":\"ImageObject\",\"inLanguage\":\"es\",\"@id\":\"https:\/\/www.csj-emballages.com\/es\/produit\/500-etiquetas-transparentes-placer-de-dar\/#primaryimage\",\"url\":\"https:\/\/www.csj-emballages.com\/wp-content\/uploads\/2024\/03\/etiquettes-plasir-offrir-transparent-rectangle-csj-emballages-papier-autocol-jpg.webp\",\"contentUrl\":\"https:\/\/www.csj-emballages.com\/wp-content\/uploads\/2024\/03\/etiquettes-plasir-offrir-transparent-rectangle-csj-emballages-papier-autocol-jpg.webp\",\"width\":800,\"height\":800,\"caption\":\"\u00c9tiquettes Transparentes \\\"Plaisir d'Offrir\\\"\"},{\"@type\":\"BreadcrumbList\",\"@id\":\"https:\/\/www.csj-emballages.com\/es\/produit\/500-etiquetas-transparentes-placer-de-dar\/#breadcrumb\",\"itemListElement\":[{\"@type\":\"ListItem\",\"position\":1,\"name\":\"Accueil\",\"item\":\"https:\/\/www.csj-emballages.com\/es\/universo-del-envasado-alimentario\/\"},{\"@type\":\"ListItem\",\"position\":2,\"name\":\"Tienda\",\"item\":\"https:\/\/www.csj-emballages.com\/tienda\/\"},{\"@type\":\"ListItem\",\"position\":3,\"name\":\"Etiqueta adhesiva transparente \u00ab\u00a0El placer de dar\u00a0\u00bb, paquete de 500\"}]},{\"@type\":\"WebSite\",\"@id\":\"https:\/\/www.csj-emballages.com\/es\/#website\",\"url\":\"https:\/\/www.csj-emballages.com\/es\/\",\"name\":\"CSJ Emballages\",\"description\":\"\",\"publisher\":{\"@id\":\"https:\/\/www.csj-emballages.com\/es\/#organization\"},\"potentialAction\":[{\"@type\":\"SearchAction\",\"target\":{\"@type\":\"EntryPoint\",\"urlTemplate\":\"https:\/\/www.csj-emballages.com\/es\/?s={search_term_string}\"},\"query-input\":{\"@type\":\"PropertyValueSpecification\",\"valueRequired\":true,\"valueName\":\"search_term_string\"}}],\"inLanguage\":\"es\"},{\"@type\":\"Organization\",\"@id\":\"https:\/\/www.csj-emballages.com\/es\/#Organization\/\",\"name\":\"CSJ Emballages\",\"url\":\"https:\/\/www.csj-emballages.com\/es\/\",\"logo\":{\"@type\":\"ImageObject\",\"inLanguage\":\"es\",\"@id\":\"https:\/\/www.csj-emballages.com\/es\/#\/schema\/logo\/image\/\",\"url\":\"https:\/\/www.csj-emballages.com\/wp-content\/uploads\/2023\/10\/logo_csj.webp\",\"contentUrl\":\"https:\/\/www.csj-emballages.com\/wp-content\/uploads\/2023\/10\/logo_csj.webp\",\"width\":250,\"height\":95,\"caption\":\"CSJ Emballages\"},\"image\":{\"@id\":\"https:\/\/www.csj-emballages.com\/es\/#\/schema\/logo\/image\/\"},\"sameAs\":[\"https:\/\/www.facebook.com\/csjemballages\"],\"address\":{\"@type\":\"PostalAddress\",\"streetAddress\":\"ZI La Lechere\",\"addressLocality\":\"Patornay\",\"postalCode\":\"39130\",\"addressCountry\":\"FR\"},\"contactPoint\":[{\"@type\":\"ContactPoint\",\"contactType\":\"Service client\",\"telephone\":\"0384254272\",\"email\":\"contact@csj-emballages.com\"}]}]}<\/script>\n<!-- \/ Yoast SEO Premium plugin. -->","yoast_head_json":{"title":"Etiqueta adhesiva transparente \"Plaisir d'Offrir\", paquete de 500","description":"Etiqueta adhesiva transparente \u00d836 mm \"Plaisir d'offrir\", caja de 500, ideal para realzar con elegancia el embalaje de sus regalos.","robots":{"index":"index","follow":"follow","max-snippet":"max-snippet:-1","max-image-preview":"max-image-preview:large","max-video-preview":"max-video-preview:-1"},"canonical":"https:\/\/www.csj-emballages.com\/es\/produit\/500-etiquetas-transparentes-placer-de-dar\/","og_locale":"es_ES","og_type":"article","og_title":"Etiqueta adhesiva transparente \"El placer de dar\", paquete de 500","og_description":"Etiqueta adhesiva transparente \u00d836 mm \"Plaisir d'offrir\", caja de 500, ideal para realzar con elegancia el embalaje de sus regalos.","og_url":"https:\/\/www.csj-emballages.com\/es\/produit\/500-etiquetas-transparentes-placer-de-dar\/","og_site_name":"CSJ Emballages","article_publisher":"https:\/\/www.facebook.com\/csjemballages","article_modified_time":"2026-03-12T15:03:51+00:00","og_image":[{"width":800,"height":800,"url":"https:\/\/www.csj-emballages.com\/wp-content\/uploads\/2024\/03\/etiquettes-plasir-offrir-transparent-rectangle-csj-emballages-papier-autocol-jpg.webp","type":"image\/jpeg"}],"twitter_card":"summary_large_image","twitter_misc":{"Tiempo de lectura":"2 minutos"},"schema":{"@context":"https:\/\/schema.org","@graph":[{"@type":"WebPage","@id":"https:\/\/www.csj-emballages.com\/es\/produit\/500-etiquetas-transparentes-placer-de-dar\/","url":"https:\/\/www.csj-emballages.com\/es\/produit\/500-etiquetas-transparentes-placer-de-dar\/","name":"Etiqueta adhesiva transparente \"Plaisir d'Offrir\", paquete de 500","isPartOf":{"@id":"https:\/\/www.csj-emballages.com\/es\/#website"},"primaryImageOfPage":{"@id":"https:\/\/www.csj-emballages.com\/es\/produit\/500-etiquetas-transparentes-placer-de-dar\/#primaryimage"},"image":{"@id":"https:\/\/www.csj-emballages.com\/es\/produit\/500-etiquetas-transparentes-placer-de-dar\/#primaryimage"},"thumbnailUrl":"https:\/\/www.csj-emballages.com\/wp-content\/uploads\/2024\/03\/etiquettes-plasir-offrir-transparent-rectangle-csj-emballages-papier-autocol-jpg.webp","datePublished":"2024-03-01T15:59:24+00:00","dateModified":"2026-03-12T15:03:51+00:00","description":"Etiqueta adhesiva transparente \u00d836 mm \"Plaisir d'offrir\", caja de 500, ideal para realzar con elegancia el embalaje de sus regalos.","breadcrumb":{"@id":"https:\/\/www.csj-emballages.com\/es\/produit\/500-etiquetas-transparentes-placer-de-dar\/#breadcrumb"},"inLanguage":"es","potentialAction":[{"@type":"ReadAction","target":["https:\/\/www.csj-emballages.com\/es\/produit\/500-etiquetas-transparentes-placer-de-dar\/"]}]},{"@type":"ImageObject","inLanguage":"es","@id":"https:\/\/www.csj-emballages.com\/es\/produit\/500-etiquetas-transparentes-placer-de-dar\/#primaryimage","url":"https:\/\/www.csj-emballages.com\/wp-content\/uploads\/2024\/03\/etiquettes-plasir-offrir-transparent-rectangle-csj-emballages-papier-autocol-jpg.webp","contentUrl":"https:\/\/www.csj-emballages.com\/wp-content\/uploads\/2024\/03\/etiquettes-plasir-offrir-transparent-rectangle-csj-emballages-papier-autocol-jpg.webp","width":800,"height":800,"caption":"\u00c9tiquettes Transparentes \"Plaisir d'Offrir\""},{"@type":"BreadcrumbList","@id":"https:\/\/www.csj-emballages.com\/es\/produit\/500-etiquetas-transparentes-placer-de-dar\/#breadcrumb","itemListElement":[{"@type":"ListItem","position":1,"name":"Accueil","item":"https:\/\/www.csj-emballages.com\/es\/universo-del-envasado-alimentario\/"},{"@type":"ListItem","position":2,"name":"Tienda","item":"https:\/\/www.csj-emballages.com\/tienda\/"},{"@type":"ListItem","position":3,"name":"Etiqueta adhesiva transparente \u00ab\u00a0El placer de dar\u00a0\u00bb, paquete de 500"}]},{"@type":"WebSite","@id":"https:\/\/www.csj-emballages.com\/es\/#website","url":"https:\/\/www.csj-emballages.com\/es\/","name":"CSJ Emballages","description":"","publisher":{"@id":"https:\/\/www.csj-emballages.com\/es\/#organization"},"potentialAction":[{"@type":"SearchAction","target":{"@type":"EntryPoint","urlTemplate":"https:\/\/www.csj-emballages.com\/es\/?s={search_term_string}"},"query-input":{"@type":"PropertyValueSpecification","valueRequired":true,"valueName":"search_term_string"}}],"inLanguage":"es"},{"@type":"Organization","@id":"https:\/\/www.csj-emballages.com\/es\/#Organization\/","name":"CSJ Emballages","url":"https:\/\/www.csj-emballages.com\/es\/","logo":{"@type":"ImageObject","inLanguage":"es","@id":"https:\/\/www.csj-emballages.com\/es\/#\/schema\/logo\/image\/","url":"https:\/\/www.csj-emballages.com\/wp-content\/uploads\/2023\/10\/logo_csj.webp","contentUrl":"https:\/\/www.csj-emballages.com\/wp-content\/uploads\/2023\/10\/logo_csj.webp","width":250,"height":95,"caption":"CSJ Emballages"},"image":{"@id":"https:\/\/www.csj-emballages.com\/es\/#\/schema\/logo\/image\/"},"sameAs":["https:\/\/www.facebook.com\/csjemballages"],"address":{"@type":"PostalAddress","streetAddress":"ZI La Lechere","addressLocality":"Patornay","postalCode":"39130","addressCountry":"FR"},"contactPoint":[{"@type":"ContactPoint","contactType":"Service client","telephone":"0384254272","email":"contact@csj-emballages.com"}]}]}},"df_price":20.54,"df_sale_price":"","df_regular_price":20.54,"df_image_link":"https:\/\/www.csj-emballages.com\/wp-content\/uploads\/2024\/03\/etiquettes-plasir-offrir-transparent-rectangle-csj-emballages-papier-autocol-300x300.webp","tiered_pricing_type":"fixed","tiered_pricing_fixed_rules":[],"tiered_pricing_percentage_rules":[],"tiered_pricing_minimum":1,"tiered_pricing_roles_data":[],"_links":{"self":[{"href":"https:\/\/www.csj-emballages.com\/es\/wp-json\/wp\/v2\/product\/18278","targetHints":{"allow":["GET"]}}],"collection":[{"href":"https:\/\/www.csj-emballages.com\/es\/wp-json\/wp\/v2\/product"}],"about":[{"href":"https:\/\/www.csj-emballages.com\/es\/wp-json\/wp\/v2\/types\/product"}],"wp:featuredmedia":[{"embeddable":true,"href":"https:\/\/www.csj-emballages.com\/es\/wp-json\/wp\/v2\/media\/9053"}],"wp:attachment":[{"href":"https:\/\/www.csj-emballages.com\/es\/wp-json\/wp\/v2\/media?parent=18278"}],"wp:term":[{"taxonomy":"product_brand","embeddable":true,"href":"https:\/\/www.csj-emballages.com\/es\/wp-json\/wp\/v2\/product_brand?post=18278"},{"taxonomy":"product_cat","embeddable":true,"href":"https:\/\/www.csj-emballages.com\/es\/wp-json\/wp\/v2\/product_cat?post=18278"},{"taxonomy":"product_tag","embeddable":true,"href":"https:\/\/www.csj-emballages.com\/es\/wp-json\/wp\/v2\/product_tag?post=18278"}],"curies":[{"name":"wp","href":"https:\/\/api.w.org\/{rel}","templated":true}]}}