{"id":18255,"date":"2024-03-01T16:59:23","date_gmt":"2024-03-01T15:59:23","guid":{"rendered":"https:\/\/u15jnbdpoq.preview.infomaniak.website\/produit\/cepillo-para-alimentos-con-mango-corto-y-flexible-azul\/"},"modified":"2026-04-15T10:14:42","modified_gmt":"2026-04-15T08:14:42","slug":"cepillo-para-alimentos-con-mango-corto-y-flexible-azul","status":"publish","type":"product","link":"https:\/\/www.csj-emballages.com\/es\/produit\/cepillo-para-alimentos-con-mango-corto-y-flexible-azul\/","title":{"rendered":"Cepillo para alimentos con mango corto y flexible, azul"},"content":{"rendered":"<h2>Escobilla alimentaria<\/h2>\n<hr>\n<h3>Cepillo para alimentos con mango corto y flexible, azul<\/h3>\n<p><!--more--><\/p>\n<p data-start=\"105\" data-end=\"328\">En un entorno profesional, cada detalle cuenta\u2026 y la limpieza no es una excepci\u00f3n. Esta <strong>escobilla alimentaria de mango corto<\/strong> es la herramienta ideal para mantener sus espacios limpios en un solo gesto, sin perder tiempo. <\/p>\n<p data-start=\"330\" data-end=\"607\">Compacta y f\u00e1cil de manejar, se desliza por todas partes y se utiliza con total sencillez. Sus <strong>fibras suaves<\/strong> permiten recoger eficazmente migas, polvo o residuos sin da\u00f1ar las superficies. Perfecta para una limpieza r\u00e1pida entre dos preparaciones o al final del servicio.  <\/p>\n<p data-start=\"646\" data-end=\"852\">Con su <strong>formato corto<\/strong>, ofrece un agarre c\u00f3modo y un control preciso. Ya sea en una <strong>encimera, una mesa o una superficie de preparaci\u00f3n<\/strong>, garantiza una limpieza impecable y r\u00e1pida. <\/p>\n<p data-start=\"646\" data-end=\"852\"><!--more--><\/p>\n<h4 data-start=\"646\" data-end=\"852\">Ventajas :<\/h4>\n<ul>\n<li data-section-id=\"4470m7\" data-start=\"892\" data-end=\"951\"><strong data-start=\"897\" data-end=\"915\">Fibras suaves<\/strong>: limpia eficazmente sin rayar<\/li>\n<li data-section-id=\"1aw33es\" data-start=\"952\" data-end=\"1008\"><strong data-start=\"956\" data-end=\"984\">Mango corto ergon\u00f3mico<\/strong>: buen agarre<\/li>\n<li data-section-id=\"r5k1i0\" data-start=\"1009\" data-end=\"1074\"><strong data-start=\"1014\" data-end=\"1031\">Color azul<\/strong>: ideal para el cumplimiento de los c\u00f3digos HACCP<\/li>\n<li data-section-id=\"1tpbnfo\" data-start=\"1075\" data-end=\"1123\">Adaptada para un uso regular<\/li>\n<li data-section-id=\"16xgg25\" data-start=\"1124\" data-end=\"1189\">Perfecta para una limpieza expr\u00e9s<\/li>\n<\/ul>\n<p data-start=\"646\" data-end=\"852\"><!--more--><\/p>\n<h4 data-start=\"646\" data-end=\"852\">Informaci\u00f3n adicional :<\/h4>\n<ul>\n<li><strong>Embalaje<\/strong>: Por unidad<\/li>\n<li><strong>Color<\/strong>: Azul<\/li>\n<\/ul>\n<p>&nbsp;<\/p>\n<p><!--more--><\/p>\n<p><a href=\"https:\/\/www.csj-emballages.com\/es\/categorie-produit\/higiene-y-mantenimiento\/cepillos-y-escobas\/escoba-cepillo-plumero\/escobas-barredoras-plumeros\/\">Consulte el resto de nuestra gama de escobas \/ escobillas \/ plumeros<\/a><\/p>\n","protected":false},"excerpt":{"rendered":"<p>Escobilla alimentaria Cepillo para alimentos con mango corto y flexible, azul<\/p>\n","protected":false},"featured_media":7909,"template":"","meta":{"_acf_changed":false},"product_brand":[],"product_cat":[1226,1420,1832],"product_tag":[],"class_list":{"0":"post-18255","1":"product","2":"type-product","3":"status-publish","4":"has-post-thumbnail","6":"product_cat-higiene-y-mantenimiento","7":"product_cat-cepillos-y-escobas","8":"product_cat-escoba-cepillo-plumero","10":"first","11":"instock","12":"taxable","13":"shipping-taxable","14":"purchasable","15":"product-type-simple"},"acf":[],"yoast_head":"<!-- This site is optimized with the Yoast SEO Premium plugin v26.6 (Yoast SEO v26.6) - https:\/\/yoast.com\/wordpress\/plugins\/seo\/ -->\n<title>Escobilla Alimentaria de Mango Corto Flexible Azul<\/title>\n<meta name=\"description\" content=\"Escobilla alimentaria azul de mango corto flexible: pr\u00e1ctica, ergon\u00f3mica e ideal para una limpieza r\u00e1pida en entornos profesionales.\" \/>\n<meta name=\"robots\" content=\"index, follow, max-snippet:-1, max-image-preview:large, max-video-preview:-1\" \/>\n<link rel=\"canonical\" href=\"https:\/\/www.csj-emballages.com\/es\/produit\/cepillo-para-alimentos-con-mango-corto-y-flexible-azul\/\" \/>\n<meta property=\"og:locale\" content=\"es_ES\" \/>\n<meta property=\"og:type\" content=\"article\" \/>\n<meta property=\"og:title\" content=\"Cepillo para alimentos con mango corto y flexible, azul\" \/>\n<meta property=\"og:description\" content=\"Escobilla alimentaria azul de mango corto flexible: pr\u00e1ctica, ergon\u00f3mica e ideal para una limpieza r\u00e1pida en entornos profesionales.\" \/>\n<meta property=\"og:url\" content=\"https:\/\/www.csj-emballages.com\/es\/produit\/cepillo-para-alimentos-con-mango-corto-y-flexible-azul\/\" \/>\n<meta property=\"og:site_name\" content=\"CSJ Emballages\" \/>\n<meta property=\"article:publisher\" content=\"https:\/\/www.facebook.com\/csjemballages\" \/>\n<meta property=\"article:modified_time\" content=\"2026-04-15T08:14:42+00:00\" \/>\n<meta property=\"og:image\" content=\"https:\/\/www.csj-emballages.com\/wp-content\/uploads\/2024\/03\/brosse-bleu-brosse-30mm-zoom-jpg.webp\" \/>\n\t<meta property=\"og:image:width\" content=\"800\" \/>\n\t<meta property=\"og:image:height\" content=\"800\" \/>\n\t<meta property=\"og:image:type\" content=\"image\/jpeg\" \/>\n<meta name=\"twitter:card\" content=\"summary_large_image\" \/>\n<meta name=\"twitter:label1\" content=\"Tiempo de lectura\" \/>\n\t<meta name=\"twitter:data1\" content=\"1 minuto\" \/>\n<script type=\"application\/ld+json\" class=\"yoast-schema-graph\">{\"@context\":\"https:\/\/schema.org\",\"@graph\":[{\"@type\":\"WebPage\",\"@id\":\"https:\/\/www.csj-emballages.com\/es\/produit\/cepillo-para-alimentos-con-mango-corto-y-flexible-azul\/\",\"url\":\"https:\/\/www.csj-emballages.com\/es\/produit\/cepillo-para-alimentos-con-mango-corto-y-flexible-azul\/\",\"name\":\"Escobilla Alimentaria de Mango Corto Flexible Azul\",\"isPartOf\":{\"@id\":\"https:\/\/www.csj-emballages.com\/es\/#website\"},\"primaryImageOfPage\":{\"@id\":\"https:\/\/www.csj-emballages.com\/es\/produit\/cepillo-para-alimentos-con-mango-corto-y-flexible-azul\/#primaryimage\"},\"image\":{\"@id\":\"https:\/\/www.csj-emballages.com\/es\/produit\/cepillo-para-alimentos-con-mango-corto-y-flexible-azul\/#primaryimage\"},\"thumbnailUrl\":\"https:\/\/www.csj-emballages.com\/wp-content\/uploads\/2024\/03\/brosse-bleu-brosse-30mm-zoom-jpg.webp\",\"datePublished\":\"2024-03-01T15:59:23+00:00\",\"dateModified\":\"2026-04-15T08:14:42+00:00\",\"description\":\"Escobilla alimentaria azul de mango corto flexible: pr\u00e1ctica, ergon\u00f3mica e ideal para una limpieza r\u00e1pida en entornos profesionales.\",\"breadcrumb\":{\"@id\":\"https:\/\/www.csj-emballages.com\/es\/produit\/cepillo-para-alimentos-con-mango-corto-y-flexible-azul\/#breadcrumb\"},\"inLanguage\":\"es\",\"potentialAction\":[{\"@type\":\"ReadAction\",\"target\":[\"https:\/\/www.csj-emballages.com\/es\/produit\/cepillo-para-alimentos-con-mango-corto-y-flexible-azul\/\"]}]},{\"@type\":\"ImageObject\",\"inLanguage\":\"es\",\"@id\":\"https:\/\/www.csj-emballages.com\/es\/produit\/cepillo-para-alimentos-con-mango-corto-y-flexible-azul\/#primaryimage\",\"url\":\"https:\/\/www.csj-emballages.com\/wp-content\/uploads\/2024\/03\/brosse-bleu-brosse-30mm-zoom-jpg.webp\",\"contentUrl\":\"https:\/\/www.csj-emballages.com\/wp-content\/uploads\/2024\/03\/brosse-bleu-brosse-30mm-zoom-jpg.webp\",\"width\":800,\"height\":800},{\"@type\":\"BreadcrumbList\",\"@id\":\"https:\/\/www.csj-emballages.com\/es\/produit\/cepillo-para-alimentos-con-mango-corto-y-flexible-azul\/#breadcrumb\",\"itemListElement\":[{\"@type\":\"ListItem\",\"position\":1,\"name\":\"Accueil\",\"item\":\"https:\/\/www.csj-emballages.com\/es\/universo-del-envasado-alimentario\/\"},{\"@type\":\"ListItem\",\"position\":2,\"name\":\"Tienda\",\"item\":\"https:\/\/www.csj-emballages.com\/tienda\/\"},{\"@type\":\"ListItem\",\"position\":3,\"name\":\"Cepillo para alimentos con mango corto y flexible, azul\"}]},{\"@type\":\"WebSite\",\"@id\":\"https:\/\/www.csj-emballages.com\/es\/#website\",\"url\":\"https:\/\/www.csj-emballages.com\/es\/\",\"name\":\"CSJ Emballages\",\"description\":\"\",\"publisher\":{\"@id\":\"https:\/\/www.csj-emballages.com\/es\/#organization\"},\"potentialAction\":[{\"@type\":\"SearchAction\",\"target\":{\"@type\":\"EntryPoint\",\"urlTemplate\":\"https:\/\/www.csj-emballages.com\/es\/?s={search_term_string}\"},\"query-input\":{\"@type\":\"PropertyValueSpecification\",\"valueRequired\":true,\"valueName\":\"search_term_string\"}}],\"inLanguage\":\"es\"},{\"@type\":\"Organization\",\"@id\":\"https:\/\/www.csj-emballages.com\/es\/#Organization\/\",\"name\":\"CSJ Emballages\",\"url\":\"https:\/\/www.csj-emballages.com\/es\/\",\"logo\":{\"@type\":\"ImageObject\",\"inLanguage\":\"es\",\"@id\":\"https:\/\/www.csj-emballages.com\/es\/#\/schema\/logo\/image\/\",\"url\":\"https:\/\/www.csj-emballages.com\/wp-content\/uploads\/2023\/10\/logo_csj.webp\",\"contentUrl\":\"https:\/\/www.csj-emballages.com\/wp-content\/uploads\/2023\/10\/logo_csj.webp\",\"width\":250,\"height\":95,\"caption\":\"CSJ Emballages\"},\"image\":{\"@id\":\"https:\/\/www.csj-emballages.com\/es\/#\/schema\/logo\/image\/\"},\"sameAs\":[\"https:\/\/www.facebook.com\/csjemballages\"],\"address\":{\"@type\":\"PostalAddress\",\"streetAddress\":\"ZI La Lechere\",\"addressLocality\":\"Patornay\",\"postalCode\":\"39130\",\"addressCountry\":\"FR\"},\"contactPoint\":[{\"@type\":\"ContactPoint\",\"contactType\":\"Service client\",\"telephone\":\"0384254272\",\"email\":\"contact@csj-emballages.com\"}]}]}<\/script>\n<!-- \/ Yoast SEO Premium plugin. -->","yoast_head_json":{"title":"Escobilla Alimentaria de Mango Corto Flexible Azul","description":"Escobilla alimentaria azul de mango corto flexible: pr\u00e1ctica, ergon\u00f3mica e ideal para una limpieza r\u00e1pida en entornos profesionales.","robots":{"index":"index","follow":"follow","max-snippet":"max-snippet:-1","max-image-preview":"max-image-preview:large","max-video-preview":"max-video-preview:-1"},"canonical":"https:\/\/www.csj-emballages.com\/es\/produit\/cepillo-para-alimentos-con-mango-corto-y-flexible-azul\/","og_locale":"es_ES","og_type":"article","og_title":"Cepillo para alimentos con mango corto y flexible, azul","og_description":"Escobilla alimentaria azul de mango corto flexible: pr\u00e1ctica, ergon\u00f3mica e ideal para una limpieza r\u00e1pida en entornos profesionales.","og_url":"https:\/\/www.csj-emballages.com\/es\/produit\/cepillo-para-alimentos-con-mango-corto-y-flexible-azul\/","og_site_name":"CSJ Emballages","article_publisher":"https:\/\/www.facebook.com\/csjemballages","article_modified_time":"2026-04-15T08:14:42+00:00","og_image":[{"width":800,"height":800,"url":"https:\/\/www.csj-emballages.com\/wp-content\/uploads\/2024\/03\/brosse-bleu-brosse-30mm-zoom-jpg.webp","type":"image\/jpeg"}],"twitter_card":"summary_large_image","twitter_misc":{"Tiempo de lectura":"1 minuto"},"schema":{"@context":"https:\/\/schema.org","@graph":[{"@type":"WebPage","@id":"https:\/\/www.csj-emballages.com\/es\/produit\/cepillo-para-alimentos-con-mango-corto-y-flexible-azul\/","url":"https:\/\/www.csj-emballages.com\/es\/produit\/cepillo-para-alimentos-con-mango-corto-y-flexible-azul\/","name":"Escobilla Alimentaria de Mango Corto Flexible Azul","isPartOf":{"@id":"https:\/\/www.csj-emballages.com\/es\/#website"},"primaryImageOfPage":{"@id":"https:\/\/www.csj-emballages.com\/es\/produit\/cepillo-para-alimentos-con-mango-corto-y-flexible-azul\/#primaryimage"},"image":{"@id":"https:\/\/www.csj-emballages.com\/es\/produit\/cepillo-para-alimentos-con-mango-corto-y-flexible-azul\/#primaryimage"},"thumbnailUrl":"https:\/\/www.csj-emballages.com\/wp-content\/uploads\/2024\/03\/brosse-bleu-brosse-30mm-zoom-jpg.webp","datePublished":"2024-03-01T15:59:23+00:00","dateModified":"2026-04-15T08:14:42+00:00","description":"Escobilla alimentaria azul de mango corto flexible: pr\u00e1ctica, ergon\u00f3mica e ideal para una limpieza r\u00e1pida en entornos profesionales.","breadcrumb":{"@id":"https:\/\/www.csj-emballages.com\/es\/produit\/cepillo-para-alimentos-con-mango-corto-y-flexible-azul\/#breadcrumb"},"inLanguage":"es","potentialAction":[{"@type":"ReadAction","target":["https:\/\/www.csj-emballages.com\/es\/produit\/cepillo-para-alimentos-con-mango-corto-y-flexible-azul\/"]}]},{"@type":"ImageObject","inLanguage":"es","@id":"https:\/\/www.csj-emballages.com\/es\/produit\/cepillo-para-alimentos-con-mango-corto-y-flexible-azul\/#primaryimage","url":"https:\/\/www.csj-emballages.com\/wp-content\/uploads\/2024\/03\/brosse-bleu-brosse-30mm-zoom-jpg.webp","contentUrl":"https:\/\/www.csj-emballages.com\/wp-content\/uploads\/2024\/03\/brosse-bleu-brosse-30mm-zoom-jpg.webp","width":800,"height":800},{"@type":"BreadcrumbList","@id":"https:\/\/www.csj-emballages.com\/es\/produit\/cepillo-para-alimentos-con-mango-corto-y-flexible-azul\/#breadcrumb","itemListElement":[{"@type":"ListItem","position":1,"name":"Accueil","item":"https:\/\/www.csj-emballages.com\/es\/universo-del-envasado-alimentario\/"},{"@type":"ListItem","position":2,"name":"Tienda","item":"https:\/\/www.csj-emballages.com\/tienda\/"},{"@type":"ListItem","position":3,"name":"Cepillo para alimentos con mango corto y flexible, azul"}]},{"@type":"WebSite","@id":"https:\/\/www.csj-emballages.com\/es\/#website","url":"https:\/\/www.csj-emballages.com\/es\/","name":"CSJ Emballages","description":"","publisher":{"@id":"https:\/\/www.csj-emballages.com\/es\/#organization"},"potentialAction":[{"@type":"SearchAction","target":{"@type":"EntryPoint","urlTemplate":"https:\/\/www.csj-emballages.com\/es\/?s={search_term_string}"},"query-input":{"@type":"PropertyValueSpecification","valueRequired":true,"valueName":"search_term_string"}}],"inLanguage":"es"},{"@type":"Organization","@id":"https:\/\/www.csj-emballages.com\/es\/#Organization\/","name":"CSJ Emballages","url":"https:\/\/www.csj-emballages.com\/es\/","logo":{"@type":"ImageObject","inLanguage":"es","@id":"https:\/\/www.csj-emballages.com\/es\/#\/schema\/logo\/image\/","url":"https:\/\/www.csj-emballages.com\/wp-content\/uploads\/2023\/10\/logo_csj.webp","contentUrl":"https:\/\/www.csj-emballages.com\/wp-content\/uploads\/2023\/10\/logo_csj.webp","width":250,"height":95,"caption":"CSJ Emballages"},"image":{"@id":"https:\/\/www.csj-emballages.com\/es\/#\/schema\/logo\/image\/"},"sameAs":["https:\/\/www.facebook.com\/csjemballages"],"address":{"@type":"PostalAddress","streetAddress":"ZI La Lechere","addressLocality":"Patornay","postalCode":"39130","addressCountry":"FR"},"contactPoint":[{"@type":"ContactPoint","contactType":"Service client","telephone":"0384254272","email":"contact@csj-emballages.com"}]}]}},"df_price":6.79,"df_sale_price":"","df_regular_price":6.79,"df_image_link":"https:\/\/www.csj-emballages.com\/wp-content\/uploads\/2024\/03\/brosse-bleu-brosse-30mm-zoom-300x300.webp","tiered_pricing_type":"fixed","tiered_pricing_fixed_rules":[],"tiered_pricing_percentage_rules":[],"tiered_pricing_minimum":1,"tiered_pricing_roles_data":[],"_links":{"self":[{"href":"https:\/\/www.csj-emballages.com\/es\/wp-json\/wp\/v2\/product\/18255","targetHints":{"allow":["GET"]}}],"collection":[{"href":"https:\/\/www.csj-emballages.com\/es\/wp-json\/wp\/v2\/product"}],"about":[{"href":"https:\/\/www.csj-emballages.com\/es\/wp-json\/wp\/v2\/types\/product"}],"wp:featuredmedia":[{"embeddable":true,"href":"https:\/\/www.csj-emballages.com\/es\/wp-json\/wp\/v2\/media\/7909"}],"wp:attachment":[{"href":"https:\/\/www.csj-emballages.com\/es\/wp-json\/wp\/v2\/media?parent=18255"}],"wp:term":[{"taxonomy":"product_brand","embeddable":true,"href":"https:\/\/www.csj-emballages.com\/es\/wp-json\/wp\/v2\/product_brand?post=18255"},{"taxonomy":"product_cat","embeddable":true,"href":"https:\/\/www.csj-emballages.com\/es\/wp-json\/wp\/v2\/product_cat?post=18255"},{"taxonomy":"product_tag","embeddable":true,"href":"https:\/\/www.csj-emballages.com\/es\/wp-json\/wp\/v2\/product_tag?post=18255"}],"curies":[{"name":"wp","href":"https:\/\/api.w.org\/{rel}","templated":true}]}}