{"id":18253,"date":"2024-03-01T16:59:24","date_gmt":"2024-03-01T15:59:24","guid":{"rendered":"https:\/\/u15jnbdpoq.preview.infomaniak.website\/produit\/100-picos-de-carne-bien-cocidos\/"},"modified":"2026-04-29T16:00:28","modified_gmt":"2026-04-29T14:00:28","slug":"100-picos-de-carne-bien-cocidos","status":"publish","type":"product","link":"https:\/\/www.csj-emballages.com\/es\/produit\/100-picos-de-carne-bien-cocidos\/","title":{"rendered":"P\u00faa para cocci\u00f3n de carne \u00abbien hecha\u00bb, por 100"},"content":{"rendered":"<h2 class=\"p1\">Palillo de cocci\u00f3n para carne<\/h2>\n<hr>\n<h3>Descripci\u00f3n de nuestra p\u00faa para cocci\u00f3n de carne \u00abbien hecha\u00bb, por 100<\/h3>\n<p><!--more--><\/p>\n<p data-start=\"251\" data-end=\"653\">La <strong>p\u00faa para cocci\u00f3n de carne \u00abBien hecha\u00bb<\/strong> es un accesorio indispensable para los profesionales de la <strong>restauraci\u00f3n, los negocios de alimentaci\u00f3n y los servicios de catering<\/strong> que deseen asegurar una cocci\u00f3n controlada y <strong>perfectamente identificable de las carnes<\/strong>. Sencilla, eficaz e higi\u00e9nica, esta p\u00faa permite indicar claramente el nivel de cocci\u00f3n \u00abbien hecha\u00bb a lo largo de todo el proceso de preparaci\u00f3n y hasta el servicio. <\/p>\n<p data-start=\"655\" data-end=\"1084\">Dise\u00f1ada para ser insertada directamente en la carne despu\u00e9s de la cocci\u00f3n, la p\u00faa resiste al calor de la carne despu\u00e9s de su cocci\u00f3n. Gracias a su marcaje expl\u00edcito \u00ab<strong>bien hecha<\/strong>\u00bb, facilita el trabajo en la cocina y mejora la comunicaci\u00f3n entre los equipos. <\/p>\n<p data-start=\"1086\" data-end=\"1410\">Esta <strong>p\u00faa para cocci\u00f3n<\/strong> es particularmente apreciada en <strong>restaurantes, cervecer\u00edas, asadores, carnicer\u00edas y servicios de catering<\/strong>, donde la precisi\u00f3n y la regularidad son esenciales. Contribuye a reducir los <strong>errores de cocci\u00f3n<\/strong>, las devoluciones en cocina y las p\u00e9rdidas de tiempo, garantizando al mismo tiempo la satisfacci\u00f3n del cliente final. <\/p>\n<p data-start=\"1412\" data-end=\"1788\">Acondicionado por <strong>lote de 100<\/strong>, este producto ofrece una soluci\u00f3n pr\u00e1ctica y econ\u00f3mica para un uso diario. Ligero, f\u00e1cil de manipular y de almacenar, se integra perfectamente en la organizaci\u00f3n de las <strong>cocinas profesionales<\/strong>. Su uso permite tambi\u00e9n profesionalizar la presentaci\u00f3n y el seguimiento de los pedidos, especialmente durante servicios intensivos o eventos.  <\/p>\n<p data-start=\"1790\" data-end=\"1944\">La <strong>p\u00faa para cocci\u00f3n de carne \u00abBien hecha\u00bb<\/strong> es, por lo tanto, una herramienta sencilla pero esencial para asegurar un servicio fluido, preciso y conforme a las expectativas de los clientes.<\/p>\n<p data-start=\"1790\" data-end=\"1944\">\n<p data-start=\"1665\" data-end=\"1870\"><!--more--><\/p>\n<p data-start=\"1665\" data-end=\"1870\"><strong><span style=\"color: #ff0000;\">*Atenci\u00f3n: este palillo no se utiliza durante la cocci\u00f3n de la carne.<\/span><\/strong><\/p>\n<p>&nbsp;<\/p>\n<p><!--more--><\/p>\n<p><strong>Ventajas :<\/strong><\/p>\n<ul>\n<li data-start=\"585\" data-end=\"672\">Permite identificar inmediatamente el punto de cocci\u00f3n de las carnes.<\/li>\n<li data-start=\"673\" data-end=\"766\">De madera adaptada al contacto alimentario y al calor.<\/li>\n<li data-start=\"767\" data-end=\"870\">Ideal para cocinas, parrillas y servicios de restauraci\u00f3n.<\/li>\n<li data-start=\"871\" data-end=\"948\" data-is-last-node=\"\"><strong>Lote de 100<\/strong> para una utilizaci\u00f3n en volumen.<\/li>\n<\/ul>\n<p>&nbsp;<\/p>\n<p><!--more--><\/p>\n<h4>Informaci\u00f3n adicional :<\/h4>\n<ul>\n<li><strong>Embalaje<\/strong>: Paquete de 100<\/li>\n<li><strong>Dimensiones<\/strong>: 80 mm<\/li>\n<li><strong>Material<\/strong>: Madera<\/li>\n<li><strong>Color<\/strong>: Marr\u00f3n<\/li>\n<\/ul>\n<p>&nbsp;<\/p>\n<p><!--more--><\/p>\n<p>Este producto tambi\u00e9n est\u00e1 disponible en : <span style=\"color: #d12727;\"><a style=\"color: #d12727;\" href=\"https:\/\/www.csj-emballages.com\/es\/produit\/100-picos-de-carne-rara\/\">Raro<\/a><\/span> \/ <span style=\"color: #d12727;\"><a style=\"color: #d12727;\" href=\"https:\/\/www.csj-emballages.com\/es\/produit\/100-picos-de-carne-medio-cruda\/\">Medio<\/a><\/span> \/ <span style=\"color: #d12727;\"><a style=\"color: #d12727;\" href=\"https:\/\/www.csj-emballages.com\/es\/produit\/100-picos-de-carne-azul\/\">Azul<\/a><\/span><\/p>\n<p>&nbsp;<\/p>\n<p><!--more--><\/p>\n<p><a href=\"https:\/\/www.csj-emballages.com\/es\/categorie-produit\/envasado-de-alimentos\/carniceria-y-charcuteria\/recogida-de-alimentos\/aperitivos\/picos-de-madera-para-cocteles\/\">Ver el resto de nuestra gama de picos de madera<\/a><\/p>\n","protected":false},"excerpt":{"rendered":"<p>Palillo de cocci\u00f3n para carne Descripci\u00f3n de nuestra p\u00faa para cocci\u00f3n de carne \u00abbien hecha\u00bb, por 100<\/p>\n","protected":false},"featured_media":225263,"template":"","meta":{"_acf_changed":false},"product_brand":[],"product_cat":[1143,1324,1816,1824],"product_tag":[],"class_list":{"0":"post-18253","1":"product","2":"type-product","3":"status-publish","4":"has-post-thumbnail","6":"product_cat-carniceria-y-charcuteria","7":"product_cat-tazas-tarros-vasos","8":"product_cat-aperitivos","9":"product_cat-picos-de-madera-para-cocteles","11":"first","12":"instock","13":"taxable","14":"shipping-taxable","15":"purchasable","16":"product-type-simple"},"acf":[],"yoast_head":"<!-- This site is optimized with the Yoast SEO Premium plugin v26.6 (Yoast SEO v26.6) - https:\/\/yoast.com\/wordpress\/plugins\/seo\/ -->\n<title>P\u00faa para cocci\u00f3n de carne - &quot;bien hecha&quot;, por 100<\/title>\n<meta name=\"description\" content=\"Facilite el servicio con las p\u00faas para cocci\u00f3n de carne &quot;bien hecha&quot; (lote de 100). Marque sus carnes para una identificaci\u00f3n r\u00e1pida y un servicio preciso.\" \/>\n<meta name=\"robots\" content=\"index, follow, max-snippet:-1, max-image-preview:large, max-video-preview:-1\" \/>\n<link rel=\"canonical\" href=\"https:\/\/www.csj-emballages.com\/es\/produit\/100-picos-de-carne-bien-cocidos\/\" \/>\n<meta property=\"og:locale\" content=\"es_ES\" \/>\n<meta property=\"og:type\" content=\"article\" \/>\n<meta property=\"og:title\" content=\"P\u00faa para cocci\u00f3n de carne &quot;bien hecha&quot;, por 100\" \/>\n<meta property=\"og:description\" content=\"Facilite el servicio con las p\u00faas para cocci\u00f3n de carne &quot;bien hecha&quot; (lote de 100). Marque sus carnes para una identificaci\u00f3n r\u00e1pida y un servicio preciso.\" \/>\n<meta property=\"og:url\" content=\"https:\/\/www.csj-emballages.com\/es\/produit\/100-picos-de-carne-bien-cocidos\/\" \/>\n<meta property=\"og:site_name\" content=\"CSJ Emballages\" \/>\n<meta property=\"article:publisher\" content=\"https:\/\/www.facebook.com\/csjemballages\" \/>\n<meta property=\"article:modified_time\" content=\"2026-04-29T14:00:28+00:00\" \/>\n<meta property=\"og:image\" content=\"https:\/\/www.csj-emballages.com\/wp-content\/uploads\/2024\/03\/Piques-cuisson-viande-bien-cuit-png.webp\" \/>\n\t<meta property=\"og:image:width\" content=\"800\" \/>\n\t<meta property=\"og:image:height\" content=\"800\" \/>\n\t<meta property=\"og:image:type\" content=\"image\/png\" \/>\n<meta name=\"twitter:card\" content=\"summary_large_image\" \/>\n<meta name=\"twitter:label1\" content=\"Tiempo de lectura\" \/>\n\t<meta name=\"twitter:data1\" content=\"2 minutos\" \/>\n<script type=\"application\/ld+json\" class=\"yoast-schema-graph\">{\"@context\":\"https:\/\/schema.org\",\"@graph\":[{\"@type\":\"WebPage\",\"@id\":\"https:\/\/www.csj-emballages.com\/es\/produit\/100-picos-de-carne-bien-cocidos\/\",\"url\":\"https:\/\/www.csj-emballages.com\/es\/produit\/100-picos-de-carne-bien-cocidos\/\",\"name\":\"P\u00faa para cocci\u00f3n de carne - \\\"bien hecha\\\", por 100\",\"isPartOf\":{\"@id\":\"https:\/\/www.csj-emballages.com\/es\/#website\"},\"primaryImageOfPage\":{\"@id\":\"https:\/\/www.csj-emballages.com\/es\/produit\/100-picos-de-carne-bien-cocidos\/#primaryimage\"},\"image\":{\"@id\":\"https:\/\/www.csj-emballages.com\/es\/produit\/100-picos-de-carne-bien-cocidos\/#primaryimage\"},\"thumbnailUrl\":\"https:\/\/www.csj-emballages.com\/wp-content\/uploads\/2024\/03\/Piques-cuisson-viande-bien-cuit-png.webp\",\"datePublished\":\"2024-03-01T15:59:24+00:00\",\"dateModified\":\"2026-04-29T14:00:28+00:00\",\"description\":\"Facilite el servicio con las p\u00faas para cocci\u00f3n de carne \\\"bien hecha\\\" (lote de 100). Marque sus carnes para una identificaci\u00f3n r\u00e1pida y un servicio preciso.\",\"breadcrumb\":{\"@id\":\"https:\/\/www.csj-emballages.com\/es\/produit\/100-picos-de-carne-bien-cocidos\/#breadcrumb\"},\"inLanguage\":\"es\",\"potentialAction\":[{\"@type\":\"ReadAction\",\"target\":[\"https:\/\/www.csj-emballages.com\/es\/produit\/100-picos-de-carne-bien-cocidos\/\"]}]},{\"@type\":\"ImageObject\",\"inLanguage\":\"es\",\"@id\":\"https:\/\/www.csj-emballages.com\/es\/produit\/100-picos-de-carne-bien-cocidos\/#primaryimage\",\"url\":\"https:\/\/www.csj-emballages.com\/wp-content\/uploads\/2024\/03\/Piques-cuisson-viande-bien-cuit-png.webp\",\"contentUrl\":\"https:\/\/www.csj-emballages.com\/wp-content\/uploads\/2024\/03\/Piques-cuisson-viande-bien-cuit-png.webp\",\"width\":800,\"height\":800,\"caption\":\"piques cuisson viande\"},{\"@type\":\"BreadcrumbList\",\"@id\":\"https:\/\/www.csj-emballages.com\/es\/produit\/100-picos-de-carne-bien-cocidos\/#breadcrumb\",\"itemListElement\":[{\"@type\":\"ListItem\",\"position\":1,\"name\":\"Accueil\",\"item\":\"https:\/\/www.csj-emballages.com\/es\/universo-del-envasado-alimentario\/\"},{\"@type\":\"ListItem\",\"position\":2,\"name\":\"Tienda\",\"item\":\"https:\/\/www.csj-emballages.com\/tienda\/\"},{\"@type\":\"ListItem\",\"position\":3,\"name\":\"P\u00faa para cocci\u00f3n de carne \u00ab\u00a0bien hecha\u00a0\u00bb, por 100\"}]},{\"@type\":\"WebSite\",\"@id\":\"https:\/\/www.csj-emballages.com\/es\/#website\",\"url\":\"https:\/\/www.csj-emballages.com\/es\/\",\"name\":\"CSJ Emballages\",\"description\":\"\",\"publisher\":{\"@id\":\"https:\/\/www.csj-emballages.com\/es\/#organization\"},\"potentialAction\":[{\"@type\":\"SearchAction\",\"target\":{\"@type\":\"EntryPoint\",\"urlTemplate\":\"https:\/\/www.csj-emballages.com\/es\/?s={search_term_string}\"},\"query-input\":{\"@type\":\"PropertyValueSpecification\",\"valueRequired\":true,\"valueName\":\"search_term_string\"}}],\"inLanguage\":\"es\"},{\"@type\":\"Organization\",\"@id\":\"https:\/\/www.csj-emballages.com\/es\/#Organization\/\",\"name\":\"CSJ Emballages\",\"url\":\"https:\/\/www.csj-emballages.com\/es\/\",\"logo\":{\"@type\":\"ImageObject\",\"inLanguage\":\"es\",\"@id\":\"https:\/\/www.csj-emballages.com\/es\/#\/schema\/logo\/image\/\",\"url\":\"https:\/\/www.csj-emballages.com\/wp-content\/uploads\/2023\/10\/logo_csj.webp\",\"contentUrl\":\"https:\/\/www.csj-emballages.com\/wp-content\/uploads\/2023\/10\/logo_csj.webp\",\"width\":250,\"height\":95,\"caption\":\"CSJ Emballages\"},\"image\":{\"@id\":\"https:\/\/www.csj-emballages.com\/es\/#\/schema\/logo\/image\/\"},\"sameAs\":[\"https:\/\/www.facebook.com\/csjemballages\"],\"address\":{\"@type\":\"PostalAddress\",\"streetAddress\":\"ZI La Lechere\",\"addressLocality\":\"Patornay\",\"postalCode\":\"39130\",\"addressCountry\":\"FR\"},\"contactPoint\":[{\"@type\":\"ContactPoint\",\"contactType\":\"Service client\",\"telephone\":\"0384254272\",\"email\":\"contact@csj-emballages.com\"}]}]}<\/script>\n<!-- \/ Yoast SEO Premium plugin. -->","yoast_head_json":{"title":"P\u00faa para cocci\u00f3n de carne - \"bien hecha\", por 100","description":"Facilite el servicio con las p\u00faas para cocci\u00f3n de carne \"bien hecha\" (lote de 100). Marque sus carnes para una identificaci\u00f3n r\u00e1pida y un servicio preciso.","robots":{"index":"index","follow":"follow","max-snippet":"max-snippet:-1","max-image-preview":"max-image-preview:large","max-video-preview":"max-video-preview:-1"},"canonical":"https:\/\/www.csj-emballages.com\/es\/produit\/100-picos-de-carne-bien-cocidos\/","og_locale":"es_ES","og_type":"article","og_title":"P\u00faa para cocci\u00f3n de carne \"bien hecha\", por 100","og_description":"Facilite el servicio con las p\u00faas para cocci\u00f3n de carne \"bien hecha\" (lote de 100). Marque sus carnes para una identificaci\u00f3n r\u00e1pida y un servicio preciso.","og_url":"https:\/\/www.csj-emballages.com\/es\/produit\/100-picos-de-carne-bien-cocidos\/","og_site_name":"CSJ Emballages","article_publisher":"https:\/\/www.facebook.com\/csjemballages","article_modified_time":"2026-04-29T14:00:28+00:00","og_image":[{"width":800,"height":800,"url":"https:\/\/www.csj-emballages.com\/wp-content\/uploads\/2024\/03\/Piques-cuisson-viande-bien-cuit-png.webp","type":"image\/png"}],"twitter_card":"summary_large_image","twitter_misc":{"Tiempo de lectura":"2 minutos"},"schema":{"@context":"https:\/\/schema.org","@graph":[{"@type":"WebPage","@id":"https:\/\/www.csj-emballages.com\/es\/produit\/100-picos-de-carne-bien-cocidos\/","url":"https:\/\/www.csj-emballages.com\/es\/produit\/100-picos-de-carne-bien-cocidos\/","name":"P\u00faa para cocci\u00f3n de carne - \"bien hecha\", por 100","isPartOf":{"@id":"https:\/\/www.csj-emballages.com\/es\/#website"},"primaryImageOfPage":{"@id":"https:\/\/www.csj-emballages.com\/es\/produit\/100-picos-de-carne-bien-cocidos\/#primaryimage"},"image":{"@id":"https:\/\/www.csj-emballages.com\/es\/produit\/100-picos-de-carne-bien-cocidos\/#primaryimage"},"thumbnailUrl":"https:\/\/www.csj-emballages.com\/wp-content\/uploads\/2024\/03\/Piques-cuisson-viande-bien-cuit-png.webp","datePublished":"2024-03-01T15:59:24+00:00","dateModified":"2026-04-29T14:00:28+00:00","description":"Facilite el servicio con las p\u00faas para cocci\u00f3n de carne \"bien hecha\" (lote de 100). Marque sus carnes para una identificaci\u00f3n r\u00e1pida y un servicio preciso.","breadcrumb":{"@id":"https:\/\/www.csj-emballages.com\/es\/produit\/100-picos-de-carne-bien-cocidos\/#breadcrumb"},"inLanguage":"es","potentialAction":[{"@type":"ReadAction","target":["https:\/\/www.csj-emballages.com\/es\/produit\/100-picos-de-carne-bien-cocidos\/"]}]},{"@type":"ImageObject","inLanguage":"es","@id":"https:\/\/www.csj-emballages.com\/es\/produit\/100-picos-de-carne-bien-cocidos\/#primaryimage","url":"https:\/\/www.csj-emballages.com\/wp-content\/uploads\/2024\/03\/Piques-cuisson-viande-bien-cuit-png.webp","contentUrl":"https:\/\/www.csj-emballages.com\/wp-content\/uploads\/2024\/03\/Piques-cuisson-viande-bien-cuit-png.webp","width":800,"height":800,"caption":"piques cuisson viande"},{"@type":"BreadcrumbList","@id":"https:\/\/www.csj-emballages.com\/es\/produit\/100-picos-de-carne-bien-cocidos\/#breadcrumb","itemListElement":[{"@type":"ListItem","position":1,"name":"Accueil","item":"https:\/\/www.csj-emballages.com\/es\/universo-del-envasado-alimentario\/"},{"@type":"ListItem","position":2,"name":"Tienda","item":"https:\/\/www.csj-emballages.com\/tienda\/"},{"@type":"ListItem","position":3,"name":"P\u00faa para cocci\u00f3n de carne \u00ab\u00a0bien hecha\u00a0\u00bb, por 100"}]},{"@type":"WebSite","@id":"https:\/\/www.csj-emballages.com\/es\/#website","url":"https:\/\/www.csj-emballages.com\/es\/","name":"CSJ Emballages","description":"","publisher":{"@id":"https:\/\/www.csj-emballages.com\/es\/#organization"},"potentialAction":[{"@type":"SearchAction","target":{"@type":"EntryPoint","urlTemplate":"https:\/\/www.csj-emballages.com\/es\/?s={search_term_string}"},"query-input":{"@type":"PropertyValueSpecification","valueRequired":true,"valueName":"search_term_string"}}],"inLanguage":"es"},{"@type":"Organization","@id":"https:\/\/www.csj-emballages.com\/es\/#Organization\/","name":"CSJ Emballages","url":"https:\/\/www.csj-emballages.com\/es\/","logo":{"@type":"ImageObject","inLanguage":"es","@id":"https:\/\/www.csj-emballages.com\/es\/#\/schema\/logo\/image\/","url":"https:\/\/www.csj-emballages.com\/wp-content\/uploads\/2023\/10\/logo_csj.webp","contentUrl":"https:\/\/www.csj-emballages.com\/wp-content\/uploads\/2023\/10\/logo_csj.webp","width":250,"height":95,"caption":"CSJ Emballages"},"image":{"@id":"https:\/\/www.csj-emballages.com\/es\/#\/schema\/logo\/image\/"},"sameAs":["https:\/\/www.facebook.com\/csjemballages"],"address":{"@type":"PostalAddress","streetAddress":"ZI La Lechere","addressLocality":"Patornay","postalCode":"39130","addressCountry":"FR"},"contactPoint":[{"@type":"ContactPoint","contactType":"Service client","telephone":"0384254272","email":"contact@csj-emballages.com"}]}]}},"df_price":1.68,"df_sale_price":"","df_regular_price":1.68,"df_image_link":"https:\/\/www.csj-emballages.com\/wp-content\/uploads\/2024\/03\/Piques-cuisson-viande-bien-cuit-300x300.webp","tiered_pricing_type":"fixed","tiered_pricing_fixed_rules":[],"tiered_pricing_percentage_rules":[],"tiered_pricing_minimum":1,"tiered_pricing_roles_data":[],"_links":{"self":[{"href":"https:\/\/www.csj-emballages.com\/es\/wp-json\/wp\/v2\/product\/18253","targetHints":{"allow":["GET"]}}],"collection":[{"href":"https:\/\/www.csj-emballages.com\/es\/wp-json\/wp\/v2\/product"}],"about":[{"href":"https:\/\/www.csj-emballages.com\/es\/wp-json\/wp\/v2\/types\/product"}],"wp:featuredmedia":[{"embeddable":true,"href":"https:\/\/www.csj-emballages.com\/es\/wp-json\/wp\/v2\/media\/225263"}],"wp:attachment":[{"href":"https:\/\/www.csj-emballages.com\/es\/wp-json\/wp\/v2\/media?parent=18253"}],"wp:term":[{"taxonomy":"product_brand","embeddable":true,"href":"https:\/\/www.csj-emballages.com\/es\/wp-json\/wp\/v2\/product_brand?post=18253"},{"taxonomy":"product_cat","embeddable":true,"href":"https:\/\/www.csj-emballages.com\/es\/wp-json\/wp\/v2\/product_cat?post=18253"},{"taxonomy":"product_tag","embeddable":true,"href":"https:\/\/www.csj-emballages.com\/es\/wp-json\/wp\/v2\/product_tag?post=18253"}],"curies":[{"name":"wp","href":"https:\/\/api.w.org\/{rel}","templated":true}]}}