{"id":18249,"date":"2024-03-01T16:59:27","date_gmt":"2024-03-01T15:59:27","guid":{"rendered":"https:\/\/u15jnbdpoq.preview.infomaniak.website\/produit\/flauta-de-lujo-irrompible-negra-reutilizable-15-cl\/"},"modified":"2026-04-25T02:10:35","modified_gmt":"2026-04-25T00:10:35","slug":"flauta-de-lujo-irrompible-negra-reutilizable-15-cl","status":"publish","type":"product","link":"https:\/\/www.csj-emballages.com\/es\/produit\/flauta-de-lujo-irrompible-negra-reutilizable-15-cl\/","title":{"rendered":"Copa de champ\u00e1n negra irrompible reutilizable 15 cl"},"content":{"rendered":"<h2>Copa de champ\u00e1n<\/h2>\n<hr>\n<h3>Descripci\u00f3n de nuestra copa de champ\u00e1n irrompible negra reutilizable 15 cl<\/h3>\n<p><!--more--><\/p>\n<p>Nuestra<strong> copa de champ\u00e1n negra irrompible reutilizable <\/strong><strong> de 15 cl<\/strong> es perfecta para eventos sofisticados. Fabricado con materiales resistentes, combina elegancia y practicidad. Su color <strong>negro<\/strong> aporta un toque chic y contempor\u00e1neo a sus recepciones. Gracias a su dise\u00f1o irrompible, garantizan seguridad y durabilidad, incluso con un uso repetido. Son ideales para celebraciones al aire libre o veladas sofisticadas. Adem\u00e1s de ser est\u00e9ticamente agradables, tambi\u00e9n son respetuosas con el medio ambiente, ya que reducen los residuos de pl\u00e1stico de un solo uso. Esta <strong>flauta<\/strong> puede lavarse y reutilizarse varias veces, lo que la convierte en una opci\u00f3n econ\u00f3mica a largo plazo. F\u00e1cil de limpiar, no retiene olores ni manchas. Su dise\u00f1o ergon\u00f3mico garantiza un agarre c\u00f3modo, sin dejar de ser ligero. Ya sea para una boda, un aniversario o un c\u00f3ctel, esta <strong>flauta<\/strong> a\u00f1ade un toque de refinamiento.<\/p>\n<p>&nbsp;<\/p>\n<p><!--more--><\/p>\n<p>En resumen, esta <strong>copa de champ\u00e1n negra reutilizable<\/strong> <strong>de 15cl<\/strong> encarna el lujo pr\u00e1ctico, combinando estilo, durabilidad y respeto por el medio ambiente.<\/p>\n<p>&nbsp;<\/p>\n<p><!--more--><\/p>\n<p><strong>Sus ventajas:<\/strong><\/p>\n<ul>\n<li><strong>Irrompibles<\/strong>: fabricadas con <strong>materiales resistentes<\/strong>, son a prueba de golpes y roturas.<\/li>\n<li><strong>Reutilizables<\/strong>: lavables y duraderas, reducen los residuos de pl\u00e1stico de un solo uso.<\/li>\n<li><strong>Elegantes<\/strong>: Su acabado <strong>en negro<\/strong> a\u00f1ade un toque de sofisticaci\u00f3n y modernidad.<\/li>\n<li><strong>Adecuados para todo tipo de eventos<\/strong>: Ya sea para bodas, cumplea\u00f1os o fiestas, encajan en cualquier ambiente.<\/li>\n<\/ul>\n<p>&nbsp;<\/p>\n<p><!--more--><\/p>\n<p>Este producto est\u00e1 disponible en varios colores: <span style=\"color: #d12727;\"><a style=\"color: #d12727;\" href=\"https:\/\/www.csj-emballages.com\/produit\/flute-reutilisables-blanche-luxe-15-cl\/\">Blanco<\/a><\/span> \/ <span style=\"color: #d12727;\"><a style=\"color: #d12727;\" href=\"https:\/\/www.csj-emballages.com\/produit\/flute-reutilisables-cristal-luxe-incassable-15-cl\/\">Cristal<\/a><\/span><\/p>\n<p>&nbsp;<\/p>\n<p><!--more--><\/p>\n<p><a href=\"\/?product_cat=vaisselles-reutilisables\">Ver el resto de nuestra gama de platos reutilizables<\/a><\/p>\n","protected":false},"excerpt":{"rendered":"<p>Copa de champ\u00e1n Descripci\u00f3n de nuestra copa de champ\u00e1n irrompible negra reutilizable 15 cl<\/p>\n","protected":false},"featured_media":197140,"template":"","meta":{"_acf_changed":false},"product_brand":[],"product_cat":[1150,1462,1463,6718],"product_tag":[],"class_list":{"0":"post-18249","1":"product","2":"type-product","3":"status-publish","4":"has-post-thumbnail","6":"product_cat-envasado-de-alimentos","7":"product_cat-tazas-vasos-cubos-botellas","8":"product_cat-vasos-y-tazas-irrompibles-y-reutilizables","9":"product_cat-platos-reutilizables","11":"first","12":"outofstock","13":"taxable","14":"shipping-taxable","15":"purchasable","16":"product-type-simple"},"acf":[],"yoast_head":"<!-- This site is optimized with the Yoast SEO Premium plugin v26.6 (Yoast SEO v26.6) - https:\/\/yoast.com\/wordpress\/plugins\/seo\/ -->\n<title>Copa de champ\u00e1n negra reutilizable - 15cl<\/title>\n<meta name=\"description\" content=\"Descubra nuestra copa de champ\u00e1n negra reutilizable de 15 cl: elegante, ecol\u00f3gica y sostenible. Perfecto para todos sus eventos.\" \/>\n<meta name=\"robots\" content=\"index, follow, max-snippet:-1, max-image-preview:large, max-video-preview:-1\" \/>\n<link rel=\"canonical\" href=\"https:\/\/www.csj-emballages.com\/es\/produit\/flauta-de-lujo-irrompible-negra-reutilizable-15-cl\/\" \/>\n<meta property=\"og:locale\" content=\"es_ES\" \/>\n<meta property=\"og:type\" content=\"article\" \/>\n<meta property=\"og:title\" content=\"Copa de champ\u00e1n negra irrompible reutilizable 15 cl\" \/>\n<meta property=\"og:description\" content=\"Descubra nuestra copa de champ\u00e1n negra reutilizable de 15 cl: elegante, ecol\u00f3gica y sostenible. Perfecto para todos sus eventos.\" \/>\n<meta property=\"og:url\" content=\"https:\/\/www.csj-emballages.com\/es\/produit\/flauta-de-lujo-irrompible-negra-reutilizable-15-cl\/\" \/>\n<meta property=\"og:site_name\" content=\"CSJ Emballages\" \/>\n<meta property=\"article:publisher\" content=\"https:\/\/www.facebook.com\/csjemballages\" \/>\n<meta property=\"article:modified_time\" content=\"2026-04-25T00:10:35+00:00\" \/>\n<meta property=\"og:image\" content=\"https:\/\/www.csj-emballages.com\/wp-content\/uploads\/2024\/03\/Flute-noir.webp\" \/>\n\t<meta property=\"og:image:width\" content=\"800\" \/>\n\t<meta property=\"og:image:height\" content=\"800\" \/>\n\t<meta property=\"og:image:type\" content=\"image\/webp\" \/>\n<meta name=\"twitter:card\" content=\"summary_large_image\" \/>\n<meta name=\"twitter:label1\" content=\"Tiempo de lectura\" \/>\n\t<meta name=\"twitter:data1\" content=\"1 minuto\" \/>\n<script type=\"application\/ld+json\" class=\"yoast-schema-graph\">{\"@context\":\"https:\/\/schema.org\",\"@graph\":[{\"@type\":\"WebPage\",\"@id\":\"https:\/\/www.csj-emballages.com\/es\/produit\/flauta-de-lujo-irrompible-negra-reutilizable-15-cl\/\",\"url\":\"https:\/\/www.csj-emballages.com\/es\/produit\/flauta-de-lujo-irrompible-negra-reutilizable-15-cl\/\",\"name\":\"Copa de champ\u00e1n negra reutilizable - 15cl\",\"isPartOf\":{\"@id\":\"https:\/\/www.csj-emballages.com\/es\/#website\"},\"primaryImageOfPage\":{\"@id\":\"https:\/\/www.csj-emballages.com\/es\/produit\/flauta-de-lujo-irrompible-negra-reutilizable-15-cl\/#primaryimage\"},\"image\":{\"@id\":\"https:\/\/www.csj-emballages.com\/es\/produit\/flauta-de-lujo-irrompible-negra-reutilizable-15-cl\/#primaryimage\"},\"thumbnailUrl\":\"https:\/\/www.csj-emballages.com\/wp-content\/uploads\/2024\/03\/Flute-noir.webp\",\"datePublished\":\"2024-03-01T15:59:27+00:00\",\"dateModified\":\"2026-04-25T00:10:35+00:00\",\"description\":\"Descubra nuestra copa de champ\u00e1n negra reutilizable de 15 cl: elegante, ecol\u00f3gica y sostenible. Perfecto para todos sus eventos.\",\"breadcrumb\":{\"@id\":\"https:\/\/www.csj-emballages.com\/es\/produit\/flauta-de-lujo-irrompible-negra-reutilizable-15-cl\/#breadcrumb\"},\"inLanguage\":\"es\",\"potentialAction\":[{\"@type\":\"ReadAction\",\"target\":[\"https:\/\/www.csj-emballages.com\/es\/produit\/flauta-de-lujo-irrompible-negra-reutilizable-15-cl\/\"]}]},{\"@type\":\"ImageObject\",\"inLanguage\":\"es\",\"@id\":\"https:\/\/www.csj-emballages.com\/es\/produit\/flauta-de-lujo-irrompible-negra-reutilizable-15-cl\/#primaryimage\",\"url\":\"https:\/\/www.csj-emballages.com\/wp-content\/uploads\/2024\/03\/Flute-noir.webp\",\"contentUrl\":\"https:\/\/www.csj-emballages.com\/wp-content\/uploads\/2024\/03\/Flute-noir.webp\",\"width\":800,\"height\":800,\"caption\":\"flute\"},{\"@type\":\"BreadcrumbList\",\"@id\":\"https:\/\/www.csj-emballages.com\/es\/produit\/flauta-de-lujo-irrompible-negra-reutilizable-15-cl\/#breadcrumb\",\"itemListElement\":[{\"@type\":\"ListItem\",\"position\":1,\"name\":\"Accueil\",\"item\":\"https:\/\/www.csj-emballages.com\/es\/universo-del-envasado-alimentario\/\"},{\"@type\":\"ListItem\",\"position\":2,\"name\":\"Tienda\",\"item\":\"https:\/\/www.csj-emballages.com\/tienda\/\"},{\"@type\":\"ListItem\",\"position\":3,\"name\":\"Copa de champ\u00e1n negra irrompible reutilizable 15 cl\"}]},{\"@type\":\"WebSite\",\"@id\":\"https:\/\/www.csj-emballages.com\/es\/#website\",\"url\":\"https:\/\/www.csj-emballages.com\/es\/\",\"name\":\"CSJ Emballages\",\"description\":\"\",\"publisher\":{\"@id\":\"https:\/\/www.csj-emballages.com\/es\/#organization\"},\"potentialAction\":[{\"@type\":\"SearchAction\",\"target\":{\"@type\":\"EntryPoint\",\"urlTemplate\":\"https:\/\/www.csj-emballages.com\/es\/?s={search_term_string}\"},\"query-input\":{\"@type\":\"PropertyValueSpecification\",\"valueRequired\":true,\"valueName\":\"search_term_string\"}}],\"inLanguage\":\"es\"},{\"@type\":\"Organization\",\"@id\":\"https:\/\/www.csj-emballages.com\/es\/#Organization\/\",\"name\":\"CSJ Emballages\",\"url\":\"https:\/\/www.csj-emballages.com\/es\/\",\"logo\":{\"@type\":\"ImageObject\",\"inLanguage\":\"es\",\"@id\":\"https:\/\/www.csj-emballages.com\/es\/#\/schema\/logo\/image\/\",\"url\":\"https:\/\/www.csj-emballages.com\/wp-content\/uploads\/2023\/10\/logo_csj.webp\",\"contentUrl\":\"https:\/\/www.csj-emballages.com\/wp-content\/uploads\/2023\/10\/logo_csj.webp\",\"width\":250,\"height\":95,\"caption\":\"CSJ Emballages\"},\"image\":{\"@id\":\"https:\/\/www.csj-emballages.com\/es\/#\/schema\/logo\/image\/\"},\"sameAs\":[\"https:\/\/www.facebook.com\/csjemballages\"],\"address\":{\"@type\":\"PostalAddress\",\"streetAddress\":\"ZI La Lechere\",\"addressLocality\":\"Patornay\",\"postalCode\":\"39130\",\"addressCountry\":\"FR\"},\"contactPoint\":[{\"@type\":\"ContactPoint\",\"contactType\":\"Service client\",\"telephone\":\"0384254272\",\"email\":\"contact@csj-emballages.com\"}]}]}<\/script>\n<!-- \/ Yoast SEO Premium plugin. -->","yoast_head_json":{"title":"Copa de champ\u00e1n negra reutilizable - 15cl","description":"Descubra nuestra copa de champ\u00e1n negra reutilizable de 15 cl: elegante, ecol\u00f3gica y sostenible. Perfecto para todos sus eventos.","robots":{"index":"index","follow":"follow","max-snippet":"max-snippet:-1","max-image-preview":"max-image-preview:large","max-video-preview":"max-video-preview:-1"},"canonical":"https:\/\/www.csj-emballages.com\/es\/produit\/flauta-de-lujo-irrompible-negra-reutilizable-15-cl\/","og_locale":"es_ES","og_type":"article","og_title":"Copa de champ\u00e1n negra irrompible reutilizable 15 cl","og_description":"Descubra nuestra copa de champ\u00e1n negra reutilizable de 15 cl: elegante, ecol\u00f3gica y sostenible. Perfecto para todos sus eventos.","og_url":"https:\/\/www.csj-emballages.com\/es\/produit\/flauta-de-lujo-irrompible-negra-reutilizable-15-cl\/","og_site_name":"CSJ Emballages","article_publisher":"https:\/\/www.facebook.com\/csjemballages","article_modified_time":"2026-04-25T00:10:35+00:00","og_image":[{"width":800,"height":800,"url":"https:\/\/www.csj-emballages.com\/wp-content\/uploads\/2024\/03\/Flute-noir.webp","type":"image\/webp"}],"twitter_card":"summary_large_image","twitter_misc":{"Tiempo de lectura":"1 minuto"},"schema":{"@context":"https:\/\/schema.org","@graph":[{"@type":"WebPage","@id":"https:\/\/www.csj-emballages.com\/es\/produit\/flauta-de-lujo-irrompible-negra-reutilizable-15-cl\/","url":"https:\/\/www.csj-emballages.com\/es\/produit\/flauta-de-lujo-irrompible-negra-reutilizable-15-cl\/","name":"Copa de champ\u00e1n negra reutilizable - 15cl","isPartOf":{"@id":"https:\/\/www.csj-emballages.com\/es\/#website"},"primaryImageOfPage":{"@id":"https:\/\/www.csj-emballages.com\/es\/produit\/flauta-de-lujo-irrompible-negra-reutilizable-15-cl\/#primaryimage"},"image":{"@id":"https:\/\/www.csj-emballages.com\/es\/produit\/flauta-de-lujo-irrompible-negra-reutilizable-15-cl\/#primaryimage"},"thumbnailUrl":"https:\/\/www.csj-emballages.com\/wp-content\/uploads\/2024\/03\/Flute-noir.webp","datePublished":"2024-03-01T15:59:27+00:00","dateModified":"2026-04-25T00:10:35+00:00","description":"Descubra nuestra copa de champ\u00e1n negra reutilizable de 15 cl: elegante, ecol\u00f3gica y sostenible. Perfecto para todos sus eventos.","breadcrumb":{"@id":"https:\/\/www.csj-emballages.com\/es\/produit\/flauta-de-lujo-irrompible-negra-reutilizable-15-cl\/#breadcrumb"},"inLanguage":"es","potentialAction":[{"@type":"ReadAction","target":["https:\/\/www.csj-emballages.com\/es\/produit\/flauta-de-lujo-irrompible-negra-reutilizable-15-cl\/"]}]},{"@type":"ImageObject","inLanguage":"es","@id":"https:\/\/www.csj-emballages.com\/es\/produit\/flauta-de-lujo-irrompible-negra-reutilizable-15-cl\/#primaryimage","url":"https:\/\/www.csj-emballages.com\/wp-content\/uploads\/2024\/03\/Flute-noir.webp","contentUrl":"https:\/\/www.csj-emballages.com\/wp-content\/uploads\/2024\/03\/Flute-noir.webp","width":800,"height":800,"caption":"flute"},{"@type":"BreadcrumbList","@id":"https:\/\/www.csj-emballages.com\/es\/produit\/flauta-de-lujo-irrompible-negra-reutilizable-15-cl\/#breadcrumb","itemListElement":[{"@type":"ListItem","position":1,"name":"Accueil","item":"https:\/\/www.csj-emballages.com\/es\/universo-del-envasado-alimentario\/"},{"@type":"ListItem","position":2,"name":"Tienda","item":"https:\/\/www.csj-emballages.com\/tienda\/"},{"@type":"ListItem","position":3,"name":"Copa de champ\u00e1n negra irrompible reutilizable 15 cl"}]},{"@type":"WebSite","@id":"https:\/\/www.csj-emballages.com\/es\/#website","url":"https:\/\/www.csj-emballages.com\/es\/","name":"CSJ Emballages","description":"","publisher":{"@id":"https:\/\/www.csj-emballages.com\/es\/#organization"},"potentialAction":[{"@type":"SearchAction","target":{"@type":"EntryPoint","urlTemplate":"https:\/\/www.csj-emballages.com\/es\/?s={search_term_string}"},"query-input":{"@type":"PropertyValueSpecification","valueRequired":true,"valueName":"search_term_string"}}],"inLanguage":"es"},{"@type":"Organization","@id":"https:\/\/www.csj-emballages.com\/es\/#Organization\/","name":"CSJ Emballages","url":"https:\/\/www.csj-emballages.com\/es\/","logo":{"@type":"ImageObject","inLanguage":"es","@id":"https:\/\/www.csj-emballages.com\/es\/#\/schema\/logo\/image\/","url":"https:\/\/www.csj-emballages.com\/wp-content\/uploads\/2023\/10\/logo_csj.webp","contentUrl":"https:\/\/www.csj-emballages.com\/wp-content\/uploads\/2023\/10\/logo_csj.webp","width":250,"height":95,"caption":"CSJ Emballages"},"image":{"@id":"https:\/\/www.csj-emballages.com\/es\/#\/schema\/logo\/image\/"},"sameAs":["https:\/\/www.facebook.com\/csjemballages"],"address":{"@type":"PostalAddress","streetAddress":"ZI La Lechere","addressLocality":"Patornay","postalCode":"39130","addressCountry":"FR"},"contactPoint":[{"@type":"ContactPoint","contactType":"Service client","telephone":"0384254272","email":"contact@csj-emballages.com"}]}]}},"df_price":3.84,"df_sale_price":"","df_regular_price":3.84,"df_image_link":"https:\/\/www.csj-emballages.com\/wp-content\/uploads\/2024\/03\/Flute-noir-300x300.webp","tiered_pricing_type":"fixed","tiered_pricing_fixed_rules":[],"tiered_pricing_percentage_rules":[],"tiered_pricing_minimum":1,"tiered_pricing_roles_data":[],"_links":{"self":[{"href":"https:\/\/www.csj-emballages.com\/es\/wp-json\/wp\/v2\/product\/18249","targetHints":{"allow":["GET"]}}],"collection":[{"href":"https:\/\/www.csj-emballages.com\/es\/wp-json\/wp\/v2\/product"}],"about":[{"href":"https:\/\/www.csj-emballages.com\/es\/wp-json\/wp\/v2\/types\/product"}],"wp:featuredmedia":[{"embeddable":true,"href":"https:\/\/www.csj-emballages.com\/es\/wp-json\/wp\/v2\/media\/197140"}],"wp:attachment":[{"href":"https:\/\/www.csj-emballages.com\/es\/wp-json\/wp\/v2\/media?parent=18249"}],"wp:term":[{"taxonomy":"product_brand","embeddable":true,"href":"https:\/\/www.csj-emballages.com\/es\/wp-json\/wp\/v2\/product_brand?post=18249"},{"taxonomy":"product_cat","embeddable":true,"href":"https:\/\/www.csj-emballages.com\/es\/wp-json\/wp\/v2\/product_cat?post=18249"},{"taxonomy":"product_tag","embeddable":true,"href":"https:\/\/www.csj-emballages.com\/es\/wp-json\/wp\/v2\/product_tag?post=18249"}],"curies":[{"name":"wp","href":"https:\/\/api.w.org\/{rel}","templated":true}]}}