{"id":18231,"date":"2024-03-01T16:59:27","date_gmt":"2024-03-01T15:59:27","guid":{"rendered":"https:\/\/u15jnbdpoq.preview.infomaniak.website\/produit\/tubo-de-cristal-de-lujo-irrompible-reutilizable-22-cl\/"},"modified":"2026-03-12T16:03:41","modified_gmt":"2026-03-12T15:03:41","slug":"tubo-de-cristal-de-lujo-irrompible-reutilizable-22-cl","status":"publish","type":"product","link":"https:\/\/www.csj-emballages.com\/es\/produit\/tubo-de-cristal-de-lujo-irrompible-reutilizable-22-cl\/","title":{"rendered":"Tubo de cristal irrompible reutilizable 22 cl"},"content":{"rendered":"<h2>Vidrio<\/h2>\n<hr>\n<h3>Descripci\u00f3n de nuestro tubo de cristal irrompible reutilizable de 22 cl<\/h3>\n<p><!--more--><\/p>\n<p>El <strong>vaso de<\/strong> <strong>cristal irrompible<\/strong> <strong>reutilizable<\/strong> <strong>de 22 cl<\/strong> es una elecci\u00f3n ideal para sus eventos y recepciones. Su dise\u00f1o elegante y su practicidad lo convierten en un art\u00edculo imprescindible tanto para profesionales como para particulares. Fabricada con un material robusto, est\u00e1 dise\u00f1ada para durar conservando su brillo. Combina estilo y durabilidad para adaptarse a cualquier ocasi\u00f3n. Este <strong>vaso recto<\/strong> <strong>de 22 cl<\/strong> tiene un dise\u00f1o moderno y minimalista. Su forma de tubo hace que sea f\u00e1cil y c\u00f3modo de sujetar. Ideal para servir bebidas fr\u00edas o calientes, se adaptar\u00e1 perfectamente a todos sus montajes de mesa. Gracias a su aspecto de cristal, este <strong>vaso reutilizable<\/strong> a\u00f1ade un toque refinado a cada uso.       <\/p>\n<p>&nbsp;<\/p>\n<p><!--more--><\/p>\n<h4>Resistencia y durabilidad garantizadas<\/h4>\n<p>Fabricado en <strong>trit\u00e1n<\/strong>, este <strong>cristal<\/strong> es irrompible y resistente a los impactos. A diferencia del vidrio convencional, no se rompe si se cae. Esto lo hace especialmente adecuado para entornos festivos o de uso intensivo. Con este <strong>vaso recto<\/strong>, ya no tendr\u00e1 que sustituir su vajilla con frecuencia. Permanece intacta, incluso despu\u00e9s de un uso y una limpieza repetidos. Optar por un <strong>vaso reutilizable<\/strong> significa reducir su impacto medioambiental al tiempo que ahorra dinero a largo plazo. A diferencia de los vasos desechables, reduce los residuos y forma parte de un enfoque sostenible. Cada vez que utilice este <strong>vaso re<\/strong> utilizable, estar\u00e1 ayudando a preservar nuestros recursos naturales. Este sencillo gesto es bueno para el planeta y para su cartera.        <\/p>\n<p>Tambi\u00e9n es perfecto para una amplia gama de usos: c\u00f3cteles, zumos, refrescos o incluso postres en vaso. Ligero y apilable, es f\u00e1cil de guardar y ocupa poco espacio. Tambi\u00e9n es apto para el lavavajillas, lo que facilita su limpieza. Todas estas ventajas hacen de este <strong>vaso reutilizable<\/strong> una opci\u00f3n ideal para empresas de catering, restaurantes y particulares.   <\/p>\n<p>&nbsp;<\/p>\n<p><!--more--><\/p>\n<h4>Est\u00e9tica atemporal<\/h4>\n<p>Con su efecto cristal, es irrompible y refleja elegancia y modernidad. Complementa todos los estilos de decoraci\u00f3n, ya sea para una fiesta al aire libre o una cena formal. El dise\u00f1o sencillo y pulcro del <strong>cristal recto<\/strong> la convierte en una pieza vers\u00e1til y atractiva. Combina todas las mejores caracter\u00edsticas: resistencia, est\u00e9tica, practicidad y respeto por el medio ambiente. Es la alternativa perfecta al vaso tradicional o desechable. Su capacidad <strong>de 22 cl<\/strong> es ideal para todo tipo de bebidas, sin renunciar a la comodidad ni a la calidad.     <\/p>\n<p>En resumen, el <strong>vaso de<\/strong> <strong>cristal irrompible<\/strong> <strong>reutilizable<\/strong> <strong>de 22 cl<\/strong> es la soluci\u00f3n ideal para un uso duradero y elegante. Ya sea para uso cotidiano o para eventos especiales, cumplir\u00e1 todas sus expectativas. Dec\u00eddase hoy mismo por un producto resistente, ecol\u00f3gico y est\u00e9tico.  <\/p>\n<p>&nbsp;<\/p>\n<p><!--more--><\/p>\n<p><strong>Sus ventajas:<\/strong><\/p>\n<ul>\n<li><strong>Irrompibles<\/strong>: resistentes a los golpes, ofrecen una durabilidad excepcional, perfecta para un uso despreocupado.<\/li>\n<li><strong>Reutilizables<\/strong>: lavables y reutilizables, son respetuosos con el medio ambiente y reducen los residuos en comparaci\u00f3n con los vasos desechables.<\/li>\n<li><strong>Vers\u00e1til<\/strong>: Ideal para una gran variedad de bebidas (c\u00f3cteles, refrescos, zumos), con una capacidad que se adapta a diferentes usos.<\/li>\n<li><strong>Est\u00e9tica<\/strong>: Su dise\u00f1o de cristal a\u00f1ade un toque de elegancia y refinamiento a todas tus recepciones.<\/li>\n<\/ul>\n<p>&nbsp;<\/p>\n<p><!--more--><\/p>\n<p><a href=\"https:\/\/www.csj-emballages.com\/es\/categorie-produit\/envasado-de-alimentos\/catering-es\/tazas-vasos-cubos-botellas\/vasos-y-tazas-irrompibles-y-reutilizables\/\">Ver el resto de nuestra gama de vasos \/ copas reutilizables<\/a><\/p>\n","protected":false},"excerpt":{"rendered":"<p>Vidrio Descripci\u00f3n de nuestro tubo de cristal irrompible reutilizable de 22 cl<\/p>\n","protected":false},"featured_media":197704,"template":"","meta":{"_acf_changed":false},"product_brand":[],"product_cat":[1150,1179,1462,1463,6718],"product_tag":[],"class_list":{"0":"post-18231","1":"product","2":"type-product","3":"status-publish","4":"has-post-thumbnail","6":"product_cat-envasado-de-alimentos","7":"product_cat-catering-es","8":"product_cat-tazas-vasos-cubos-botellas","9":"product_cat-vasos-y-tazas-irrompibles-y-reutilizables","10":"product_cat-platos-reutilizables","12":"first","13":"instock","14":"taxable","15":"shipping-taxable","16":"purchasable","17":"product-type-simple"},"acf":[],"yoast_head":"<!-- This site is optimized with the Yoast SEO Premium plugin v26.6 (Yoast SEO v26.6) - https:\/\/yoast.com\/wordpress\/plugins\/seo\/ -->\n<title>Tubo de vidrio irrompible reutilizable - 22cl<\/title>\n<meta name=\"description\" content=\"Descubra nuestro tubo de vidrio irrompible reutilizable de 22 cl. Elegante, resistente y respetuoso con el medio ambiente, \u00a1es perfecto para todas tus ocasiones!\" \/>\n<meta name=\"robots\" content=\"index, follow, max-snippet:-1, max-image-preview:large, max-video-preview:-1\" \/>\n<link rel=\"canonical\" href=\"https:\/\/www.csj-emballages.com\/es\/produit\/tubo-de-cristal-de-lujo-irrompible-reutilizable-22-cl\/\" \/>\n<meta property=\"og:locale\" content=\"es_ES\" \/>\n<meta property=\"og:type\" content=\"article\" \/>\n<meta property=\"og:title\" content=\"Tubo de cristal irrompible reutilizable 22 cl\" \/>\n<meta property=\"og:description\" content=\"Descubra nuestro tubo de vidrio irrompible reutilizable de 22 cl. Elegante, resistente y respetuoso con el medio ambiente, \u00a1es perfecto para todas tus ocasiones!\" \/>\n<meta property=\"og:url\" content=\"https:\/\/www.csj-emballages.com\/es\/produit\/tubo-de-cristal-de-lujo-irrompible-reutilizable-22-cl\/\" \/>\n<meta property=\"og:site_name\" content=\"CSJ Emballages\" \/>\n<meta property=\"article:publisher\" content=\"https:\/\/www.facebook.com\/csjemballages\" \/>\n<meta property=\"article:modified_time\" content=\"2026-03-12T15:03:41+00:00\" \/>\n<meta property=\"og:image\" content=\"https:\/\/www.csj-emballages.com\/wp-content\/uploads\/2024\/03\/Verre-tube.webp\" \/>\n\t<meta property=\"og:image:width\" content=\"800\" \/>\n\t<meta property=\"og:image:height\" content=\"800\" \/>\n\t<meta property=\"og:image:type\" content=\"image\/webp\" \/>\n<meta name=\"twitter:card\" content=\"summary_large_image\" \/>\n<meta name=\"twitter:label1\" content=\"Tiempo de lectura\" \/>\n\t<meta name=\"twitter:data1\" content=\"3 minutos\" \/>\n<script type=\"application\/ld+json\" class=\"yoast-schema-graph\">{\"@context\":\"https:\/\/schema.org\",\"@graph\":[{\"@type\":\"WebPage\",\"@id\":\"https:\/\/www.csj-emballages.com\/es\/produit\/tubo-de-cristal-de-lujo-irrompible-reutilizable-22-cl\/\",\"url\":\"https:\/\/www.csj-emballages.com\/es\/produit\/tubo-de-cristal-de-lujo-irrompible-reutilizable-22-cl\/\",\"name\":\"Tubo de vidrio irrompible reutilizable - 22cl\",\"isPartOf\":{\"@id\":\"https:\/\/www.csj-emballages.com\/es\/#website\"},\"primaryImageOfPage\":{\"@id\":\"https:\/\/www.csj-emballages.com\/es\/produit\/tubo-de-cristal-de-lujo-irrompible-reutilizable-22-cl\/#primaryimage\"},\"image\":{\"@id\":\"https:\/\/www.csj-emballages.com\/es\/produit\/tubo-de-cristal-de-lujo-irrompible-reutilizable-22-cl\/#primaryimage\"},\"thumbnailUrl\":\"https:\/\/www.csj-emballages.com\/wp-content\/uploads\/2024\/03\/Verre-tube.webp\",\"datePublished\":\"2024-03-01T15:59:27+00:00\",\"dateModified\":\"2026-03-12T15:03:41+00:00\",\"description\":\"Descubra nuestro tubo de vidrio irrompible reutilizable de 22 cl. Elegante, resistente y respetuoso con el medio ambiente, \u00a1es perfecto para todas tus ocasiones!\",\"breadcrumb\":{\"@id\":\"https:\/\/www.csj-emballages.com\/es\/produit\/tubo-de-cristal-de-lujo-irrompible-reutilizable-22-cl\/#breadcrumb\"},\"inLanguage\":\"es\",\"potentialAction\":[{\"@type\":\"ReadAction\",\"target\":[\"https:\/\/www.csj-emballages.com\/es\/produit\/tubo-de-cristal-de-lujo-irrompible-reutilizable-22-cl\/\"]}]},{\"@type\":\"ImageObject\",\"inLanguage\":\"es\",\"@id\":\"https:\/\/www.csj-emballages.com\/es\/produit\/tubo-de-cristal-de-lujo-irrompible-reutilizable-22-cl\/#primaryimage\",\"url\":\"https:\/\/www.csj-emballages.com\/wp-content\/uploads\/2024\/03\/Verre-tube.webp\",\"contentUrl\":\"https:\/\/www.csj-emballages.com\/wp-content\/uploads\/2024\/03\/Verre-tube.webp\",\"width\":800,\"height\":800,\"caption\":\"verre\"},{\"@type\":\"BreadcrumbList\",\"@id\":\"https:\/\/www.csj-emballages.com\/es\/produit\/tubo-de-cristal-de-lujo-irrompible-reutilizable-22-cl\/#breadcrumb\",\"itemListElement\":[{\"@type\":\"ListItem\",\"position\":1,\"name\":\"Accueil\",\"item\":\"https:\/\/www.csj-emballages.com\/es\/universo-del-envasado-alimentario\/\"},{\"@type\":\"ListItem\",\"position\":2,\"name\":\"Tienda\",\"item\":\"https:\/\/www.csj-emballages.com\/tienda\/\"},{\"@type\":\"ListItem\",\"position\":3,\"name\":\"Tubo de cristal irrompible reutilizable 22 cl\"}]},{\"@type\":\"WebSite\",\"@id\":\"https:\/\/www.csj-emballages.com\/es\/#website\",\"url\":\"https:\/\/www.csj-emballages.com\/es\/\",\"name\":\"CSJ Emballages\",\"description\":\"\",\"publisher\":{\"@id\":\"https:\/\/www.csj-emballages.com\/es\/#organization\"},\"potentialAction\":[{\"@type\":\"SearchAction\",\"target\":{\"@type\":\"EntryPoint\",\"urlTemplate\":\"https:\/\/www.csj-emballages.com\/es\/?s={search_term_string}\"},\"query-input\":{\"@type\":\"PropertyValueSpecification\",\"valueRequired\":true,\"valueName\":\"search_term_string\"}}],\"inLanguage\":\"es\"},{\"@type\":\"Organization\",\"@id\":\"https:\/\/www.csj-emballages.com\/es\/#Organization\/\",\"name\":\"CSJ Emballages\",\"url\":\"https:\/\/www.csj-emballages.com\/es\/\",\"logo\":{\"@type\":\"ImageObject\",\"inLanguage\":\"es\",\"@id\":\"https:\/\/www.csj-emballages.com\/es\/#\/schema\/logo\/image\/\",\"url\":\"https:\/\/www.csj-emballages.com\/wp-content\/uploads\/2023\/10\/logo_csj.webp\",\"contentUrl\":\"https:\/\/www.csj-emballages.com\/wp-content\/uploads\/2023\/10\/logo_csj.webp\",\"width\":250,\"height\":95,\"caption\":\"CSJ Emballages\"},\"image\":{\"@id\":\"https:\/\/www.csj-emballages.com\/es\/#\/schema\/logo\/image\/\"},\"sameAs\":[\"https:\/\/www.facebook.com\/csjemballages\"],\"address\":{\"@type\":\"PostalAddress\",\"streetAddress\":\"ZI La Lechere\",\"addressLocality\":\"Patornay\",\"postalCode\":\"39130\",\"addressCountry\":\"FR\"},\"contactPoint\":[{\"@type\":\"ContactPoint\",\"contactType\":\"Service client\",\"telephone\":\"0384254272\",\"email\":\"contact@csj-emballages.com\"}]}]}<\/script>\n<!-- \/ Yoast SEO Premium plugin. -->","yoast_head_json":{"title":"Tubo de vidrio irrompible reutilizable - 22cl","description":"Descubra nuestro tubo de vidrio irrompible reutilizable de 22 cl. Elegante, resistente y respetuoso con el medio ambiente, \u00a1es perfecto para todas tus ocasiones!","robots":{"index":"index","follow":"follow","max-snippet":"max-snippet:-1","max-image-preview":"max-image-preview:large","max-video-preview":"max-video-preview:-1"},"canonical":"https:\/\/www.csj-emballages.com\/es\/produit\/tubo-de-cristal-de-lujo-irrompible-reutilizable-22-cl\/","og_locale":"es_ES","og_type":"article","og_title":"Tubo de cristal irrompible reutilizable 22 cl","og_description":"Descubra nuestro tubo de vidrio irrompible reutilizable de 22 cl. Elegante, resistente y respetuoso con el medio ambiente, \u00a1es perfecto para todas tus ocasiones!","og_url":"https:\/\/www.csj-emballages.com\/es\/produit\/tubo-de-cristal-de-lujo-irrompible-reutilizable-22-cl\/","og_site_name":"CSJ Emballages","article_publisher":"https:\/\/www.facebook.com\/csjemballages","article_modified_time":"2026-03-12T15:03:41+00:00","og_image":[{"width":800,"height":800,"url":"https:\/\/www.csj-emballages.com\/wp-content\/uploads\/2024\/03\/Verre-tube.webp","type":"image\/webp"}],"twitter_card":"summary_large_image","twitter_misc":{"Tiempo de lectura":"3 minutos"},"schema":{"@context":"https:\/\/schema.org","@graph":[{"@type":"WebPage","@id":"https:\/\/www.csj-emballages.com\/es\/produit\/tubo-de-cristal-de-lujo-irrompible-reutilizable-22-cl\/","url":"https:\/\/www.csj-emballages.com\/es\/produit\/tubo-de-cristal-de-lujo-irrompible-reutilizable-22-cl\/","name":"Tubo de vidrio irrompible reutilizable - 22cl","isPartOf":{"@id":"https:\/\/www.csj-emballages.com\/es\/#website"},"primaryImageOfPage":{"@id":"https:\/\/www.csj-emballages.com\/es\/produit\/tubo-de-cristal-de-lujo-irrompible-reutilizable-22-cl\/#primaryimage"},"image":{"@id":"https:\/\/www.csj-emballages.com\/es\/produit\/tubo-de-cristal-de-lujo-irrompible-reutilizable-22-cl\/#primaryimage"},"thumbnailUrl":"https:\/\/www.csj-emballages.com\/wp-content\/uploads\/2024\/03\/Verre-tube.webp","datePublished":"2024-03-01T15:59:27+00:00","dateModified":"2026-03-12T15:03:41+00:00","description":"Descubra nuestro tubo de vidrio irrompible reutilizable de 22 cl. Elegante, resistente y respetuoso con el medio ambiente, \u00a1es perfecto para todas tus ocasiones!","breadcrumb":{"@id":"https:\/\/www.csj-emballages.com\/es\/produit\/tubo-de-cristal-de-lujo-irrompible-reutilizable-22-cl\/#breadcrumb"},"inLanguage":"es","potentialAction":[{"@type":"ReadAction","target":["https:\/\/www.csj-emballages.com\/es\/produit\/tubo-de-cristal-de-lujo-irrompible-reutilizable-22-cl\/"]}]},{"@type":"ImageObject","inLanguage":"es","@id":"https:\/\/www.csj-emballages.com\/es\/produit\/tubo-de-cristal-de-lujo-irrompible-reutilizable-22-cl\/#primaryimage","url":"https:\/\/www.csj-emballages.com\/wp-content\/uploads\/2024\/03\/Verre-tube.webp","contentUrl":"https:\/\/www.csj-emballages.com\/wp-content\/uploads\/2024\/03\/Verre-tube.webp","width":800,"height":800,"caption":"verre"},{"@type":"BreadcrumbList","@id":"https:\/\/www.csj-emballages.com\/es\/produit\/tubo-de-cristal-de-lujo-irrompible-reutilizable-22-cl\/#breadcrumb","itemListElement":[{"@type":"ListItem","position":1,"name":"Accueil","item":"https:\/\/www.csj-emballages.com\/es\/universo-del-envasado-alimentario\/"},{"@type":"ListItem","position":2,"name":"Tienda","item":"https:\/\/www.csj-emballages.com\/tienda\/"},{"@type":"ListItem","position":3,"name":"Tubo de cristal irrompible reutilizable 22 cl"}]},{"@type":"WebSite","@id":"https:\/\/www.csj-emballages.com\/es\/#website","url":"https:\/\/www.csj-emballages.com\/es\/","name":"CSJ Emballages","description":"","publisher":{"@id":"https:\/\/www.csj-emballages.com\/es\/#organization"},"potentialAction":[{"@type":"SearchAction","target":{"@type":"EntryPoint","urlTemplate":"https:\/\/www.csj-emballages.com\/es\/?s={search_term_string}"},"query-input":{"@type":"PropertyValueSpecification","valueRequired":true,"valueName":"search_term_string"}}],"inLanguage":"es"},{"@type":"Organization","@id":"https:\/\/www.csj-emballages.com\/es\/#Organization\/","name":"CSJ Emballages","url":"https:\/\/www.csj-emballages.com\/es\/","logo":{"@type":"ImageObject","inLanguage":"es","@id":"https:\/\/www.csj-emballages.com\/es\/#\/schema\/logo\/image\/","url":"https:\/\/www.csj-emballages.com\/wp-content\/uploads\/2023\/10\/logo_csj.webp","contentUrl":"https:\/\/www.csj-emballages.com\/wp-content\/uploads\/2023\/10\/logo_csj.webp","width":250,"height":95,"caption":"CSJ Emballages"},"image":{"@id":"https:\/\/www.csj-emballages.com\/es\/#\/schema\/logo\/image\/"},"sameAs":["https:\/\/www.facebook.com\/csjemballages"],"address":{"@type":"PostalAddress","streetAddress":"ZI La Lechere","addressLocality":"Patornay","postalCode":"39130","addressCountry":"FR"},"contactPoint":[{"@type":"ContactPoint","contactType":"Service client","telephone":"0384254272","email":"contact@csj-emballages.com"}]}]}},"df_price":2.93,"df_sale_price":"","df_regular_price":2.93,"df_image_link":"https:\/\/www.csj-emballages.com\/wp-content\/uploads\/2024\/03\/Verre-tube-300x300.webp","tiered_pricing_type":"fixed","tiered_pricing_fixed_rules":[],"tiered_pricing_percentage_rules":[],"tiered_pricing_minimum":1,"tiered_pricing_roles_data":[],"_links":{"self":[{"href":"https:\/\/www.csj-emballages.com\/es\/wp-json\/wp\/v2\/product\/18231","targetHints":{"allow":["GET"]}}],"collection":[{"href":"https:\/\/www.csj-emballages.com\/es\/wp-json\/wp\/v2\/product"}],"about":[{"href":"https:\/\/www.csj-emballages.com\/es\/wp-json\/wp\/v2\/types\/product"}],"wp:featuredmedia":[{"embeddable":true,"href":"https:\/\/www.csj-emballages.com\/es\/wp-json\/wp\/v2\/media\/197704"}],"wp:attachment":[{"href":"https:\/\/www.csj-emballages.com\/es\/wp-json\/wp\/v2\/media?parent=18231"}],"wp:term":[{"taxonomy":"product_brand","embeddable":true,"href":"https:\/\/www.csj-emballages.com\/es\/wp-json\/wp\/v2\/product_brand?post=18231"},{"taxonomy":"product_cat","embeddable":true,"href":"https:\/\/www.csj-emballages.com\/es\/wp-json\/wp\/v2\/product_cat?post=18231"},{"taxonomy":"product_tag","embeddable":true,"href":"https:\/\/www.csj-emballages.com\/es\/wp-json\/wp\/v2\/product_tag?post=18231"}],"curies":[{"name":"wp","href":"https:\/\/api.w.org\/{rel}","templated":true}]}}