{"id":18198,"date":"2024-03-01T16:59:40","date_gmt":"2024-03-01T15:59:40","guid":{"rendered":"https:\/\/u15jnbdpoq.preview.infomaniak.website\/produit\/pimiento-de-cascara-dulce-1-kg\/"},"modified":"2026-04-14T02:10:56","modified_gmt":"2026-04-14T00:10:56","slug":"pimiento-de-cascara-dulce-1-kg","status":"publish","type":"product","link":"https:\/\/www.csj-emballages.com\/es\/produit\/pimiento-de-cascara-dulce-1-kg\/","title":{"rendered":"Pimiento de c\u00e1scara dulce 1 kg"},"content":{"rendered":"<h2 class=\"p1\">Pimiento dulce<\/h2>\n<hr>\n<h3>Descripci\u00f3n de nuestro pimiento dulce de c\u00e1scara 1 kg<\/h3>\n<p><!--more--><\/p>\n<p data-start=\"165\" data-end=\"516\">El <strong>pimiento dulce Cascara<\/strong> es el ingrediente perfecto para realzar los platos sin enmascarar los sabores. A diferencia de los pimientos picantes, aporta un <strong data-start=\"317\" data-end=\"335\">calor ligero<\/strong>, casi sutil, que calienta el paladar sin picar. Precisamente esto es lo que lo hace tan apreciado en la cocina: da car\u00e1cter a las recetas sin dejar de ser accesible para todos.  <\/p>\n<p data-start=\"518\" data-end=\"965\">Con su <strong>bello color rojo<\/strong> y su aroma ligeramente afrutado, este pimiento se integra f\u00e1cilmente en numerosas preparaciones. Acompa\u00f1a tanto <strong>salsas como adobos, guisos, carnes, verduras o incluso recetas mediterr\u00e1neas<\/strong>. A menudo, una pizca basta para transformar un plato sencillo en un plato lleno de personalidad. As\u00ed, puede dosificar seg\u00fan sus deseos y crear sabores equilibrados, sin excesos.   <\/p>\n<p data-start=\"967\" data-end=\"1375\">Acondicionado en <strong data-start=\"982\" data-end=\"997\">saco de 1 kg<\/strong>, el <strong>pimiento dulce Cascara<\/strong> es ideal para un uso profesional, pero tambi\u00e9n para los amantes de la cocina a los que les gusta tener una buena reserva a mano. Este formato generoso permite trabajar c\u00f3modamente, garantizando al mismo tiempo una regularidad de sabor a lo largo de las preparaciones. Del mismo modo, su buena conservaci\u00f3n a lo largo del tiempo le permite utilizarlo progresivamente, sin perder calidad.  <\/p>\n<p data-start=\"1377\" data-end=\"1600\">Tanto si es restaurador, proveedor de catering o un apasionado de la cocina casera, este <strong>pimiento<\/strong> se convierte r\u00e1pidamente en un aliado cotidiano. Aporta un toque c\u00e1lido, colorea los platos y enriquece las recetas sin llegar a dominarlas. <\/p>\n<p data-start=\"1602\" data-end=\"1751\">En resumen, el <strong>pimiento dulce Cascara<\/strong> es un imprescindible para aquellos que buscan sabor, equilibrio y una verdadera firma culinaria.<\/p>\n<p>&nbsp;<\/p>\n<p><!--more--><\/p>\n<h4>Ventajas :<\/h4>\n<ul>\n<li data-start=\"1779\" data-end=\"1830\">Sabor dulce y equilibrado, sin picante excesivo.<\/li>\n<li data-start=\"1833\" data-end=\"1859\">Aroma ligeramente afrutado.<\/li>\n<li data-start=\"1862\" data-end=\"1902\">Polivalente para numerosas recetas.<\/li>\n<li data-start=\"1905\" data-end=\"1932\">Formato econ\u00f3mico de <strong>1 kg<\/strong>.<\/li>\n<li data-start=\"1935\" data-end=\"1980\">Adaptado a un uso profesional o intensivo.<\/li>\n<\/ul>\n<p>&nbsp;<\/p>\n<p><!--more--><\/p>\n<h4>Informaci\u00f3n adicional :<\/h4>\n<ul>\n<li><strong>Envase<\/strong>: Envase de 1 kg<\/li>\n<li><strong>Formato<\/strong>: Molido<\/li>\n<\/ul>\n<p>&nbsp;<\/p>\n<p><!--more--><\/p>\n<p><a href=\"https:\/\/www.csj-emballages.com\/es\/categorie-produit\/alimentacion-es\/especias\/especias-sencillas\/\">Ver el resto de nuestra gama de especias sencillas  <\/a><\/p>\n","protected":false},"excerpt":{"rendered":"<p>Pimiento dulce Descripci\u00f3n de nuestro pimiento dulce de c\u00e1scara 1 kg<\/p>\n","protected":false},"featured_media":225890,"template":"","meta":{"_acf_changed":false},"product_brand":[],"product_cat":[1162,1454,1455],"product_tag":[],"class_list":{"0":"post-18198","1":"product","2":"type-product","3":"status-publish","4":"has-post-thumbnail","6":"product_cat-alimentacion-es","7":"product_cat-especias","8":"product_cat-especias-sencillas","10":"first","11":"instock","12":"taxable","13":"shipping-taxable","14":"purchasable","15":"product-type-simple"},"acf":[],"yoast_head":"<!-- This site is optimized with the Yoast SEO Premium plugin v26.6 (Yoast SEO v26.6) - https:\/\/yoast.com\/wordpress\/plugins\/seo\/ -->\n<title>Pimiento dulce de c\u00e1scara 1 kg<\/title>\n<meta name=\"description\" content=\"Descubra la Pimienta Dulce C\u00e1scara 1 kg, una especia sutilmente perfumada y ligeramente dulce, perfecta para sazonar sus platos.\" \/>\n<meta name=\"robots\" content=\"index, follow, max-snippet:-1, max-image-preview:large, max-video-preview:-1\" \/>\n<link rel=\"canonical\" href=\"https:\/\/www.csj-emballages.com\/es\/produit\/pimiento-de-cascara-dulce-1-kg\/\" \/>\n<meta property=\"og:locale\" content=\"es_ES\" \/>\n<meta property=\"og:type\" content=\"article\" \/>\n<meta property=\"og:title\" content=\"Pimiento de c\u00e1scara dulce 1 kg\" \/>\n<meta property=\"og:description\" content=\"Descubra la Pimienta Dulce C\u00e1scara 1 kg, una especia sutilmente perfumada y ligeramente dulce, perfecta para sazonar sus platos.\" \/>\n<meta property=\"og:url\" content=\"https:\/\/www.csj-emballages.com\/es\/produit\/pimiento-de-cascara-dulce-1-kg\/\" \/>\n<meta property=\"og:site_name\" content=\"CSJ Emballages\" \/>\n<meta property=\"article:publisher\" content=\"https:\/\/www.facebook.com\/csjemballages\" \/>\n<meta property=\"article:modified_time\" content=\"2026-04-14T00:10:56+00:00\" \/>\n<meta property=\"og:image\" content=\"https:\/\/www.csj-emballages.com\/wp-content\/uploads\/2024\/03\/piment-doux-1.webp\" \/>\n\t<meta property=\"og:image:width\" content=\"800\" \/>\n\t<meta property=\"og:image:height\" content=\"800\" \/>\n\t<meta property=\"og:image:type\" content=\"image\/webp\" \/>\n<meta name=\"twitter:card\" content=\"summary_large_image\" \/>\n<meta name=\"twitter:label1\" content=\"Tiempo de lectura\" \/>\n\t<meta name=\"twitter:data1\" content=\"2 minutos\" \/>\n<script type=\"application\/ld+json\" class=\"yoast-schema-graph\">{\"@context\":\"https:\/\/schema.org\",\"@graph\":[{\"@type\":\"WebPage\",\"@id\":\"https:\/\/www.csj-emballages.com\/es\/produit\/pimiento-de-cascara-dulce-1-kg\/\",\"url\":\"https:\/\/www.csj-emballages.com\/es\/produit\/pimiento-de-cascara-dulce-1-kg\/\",\"name\":\"Pimiento dulce de c\u00e1scara 1 kg\",\"isPartOf\":{\"@id\":\"https:\/\/www.csj-emballages.com\/es\/#website\"},\"primaryImageOfPage\":{\"@id\":\"https:\/\/www.csj-emballages.com\/es\/produit\/pimiento-de-cascara-dulce-1-kg\/#primaryimage\"},\"image\":{\"@id\":\"https:\/\/www.csj-emballages.com\/es\/produit\/pimiento-de-cascara-dulce-1-kg\/#primaryimage\"},\"thumbnailUrl\":\"https:\/\/www.csj-emballages.com\/wp-content\/uploads\/2024\/03\/piment-doux-1.webp\",\"datePublished\":\"2024-03-01T15:59:40+00:00\",\"dateModified\":\"2026-04-14T00:10:56+00:00\",\"description\":\"Descubra la Pimienta Dulce C\u00e1scara 1 kg, una especia sutilmente perfumada y ligeramente dulce, perfecta para sazonar sus platos.\",\"breadcrumb\":{\"@id\":\"https:\/\/www.csj-emballages.com\/es\/produit\/pimiento-de-cascara-dulce-1-kg\/#breadcrumb\"},\"inLanguage\":\"es\",\"potentialAction\":[{\"@type\":\"ReadAction\",\"target\":[\"https:\/\/www.csj-emballages.com\/es\/produit\/pimiento-de-cascara-dulce-1-kg\/\"]}]},{\"@type\":\"ImageObject\",\"inLanguage\":\"es\",\"@id\":\"https:\/\/www.csj-emballages.com\/es\/produit\/pimiento-de-cascara-dulce-1-kg\/#primaryimage\",\"url\":\"https:\/\/www.csj-emballages.com\/wp-content\/uploads\/2024\/03\/piment-doux-1.webp\",\"contentUrl\":\"https:\/\/www.csj-emballages.com\/wp-content\/uploads\/2024\/03\/piment-doux-1.webp\",\"width\":800,\"height\":800,\"caption\":\"Piment doux\"},{\"@type\":\"BreadcrumbList\",\"@id\":\"https:\/\/www.csj-emballages.com\/es\/produit\/pimiento-de-cascara-dulce-1-kg\/#breadcrumb\",\"itemListElement\":[{\"@type\":\"ListItem\",\"position\":1,\"name\":\"Accueil\",\"item\":\"https:\/\/www.csj-emballages.com\/es\/universo-del-envasado-alimentario\/\"},{\"@type\":\"ListItem\",\"position\":2,\"name\":\"Tienda\",\"item\":\"https:\/\/www.csj-emballages.com\/tienda\/\"},{\"@type\":\"ListItem\",\"position\":3,\"name\":\"Pimiento de c\u00e1scara dulce 1 kg\"}]},{\"@type\":\"WebSite\",\"@id\":\"https:\/\/www.csj-emballages.com\/es\/#website\",\"url\":\"https:\/\/www.csj-emballages.com\/es\/\",\"name\":\"CSJ Emballages\",\"description\":\"\",\"publisher\":{\"@id\":\"https:\/\/www.csj-emballages.com\/es\/#organization\"},\"potentialAction\":[{\"@type\":\"SearchAction\",\"target\":{\"@type\":\"EntryPoint\",\"urlTemplate\":\"https:\/\/www.csj-emballages.com\/es\/?s={search_term_string}\"},\"query-input\":{\"@type\":\"PropertyValueSpecification\",\"valueRequired\":true,\"valueName\":\"search_term_string\"}}],\"inLanguage\":\"es\"},{\"@type\":\"Organization\",\"@id\":\"https:\/\/www.csj-emballages.com\/es\/#Organization\/\",\"name\":\"CSJ Emballages\",\"url\":\"https:\/\/www.csj-emballages.com\/es\/\",\"logo\":{\"@type\":\"ImageObject\",\"inLanguage\":\"es\",\"@id\":\"https:\/\/www.csj-emballages.com\/es\/#\/schema\/logo\/image\/\",\"url\":\"https:\/\/www.csj-emballages.com\/wp-content\/uploads\/2023\/10\/logo_csj.webp\",\"contentUrl\":\"https:\/\/www.csj-emballages.com\/wp-content\/uploads\/2023\/10\/logo_csj.webp\",\"width\":250,\"height\":95,\"caption\":\"CSJ Emballages\"},\"image\":{\"@id\":\"https:\/\/www.csj-emballages.com\/es\/#\/schema\/logo\/image\/\"},\"sameAs\":[\"https:\/\/www.facebook.com\/csjemballages\"],\"address\":{\"@type\":\"PostalAddress\",\"streetAddress\":\"ZI La Lechere\",\"addressLocality\":\"Patornay\",\"postalCode\":\"39130\",\"addressCountry\":\"FR\"},\"contactPoint\":[{\"@type\":\"ContactPoint\",\"contactType\":\"Service client\",\"telephone\":\"0384254272\",\"email\":\"contact@csj-emballages.com\"}]}]}<\/script>\n<!-- \/ Yoast SEO Premium plugin. -->","yoast_head_json":{"title":"Pimiento dulce de c\u00e1scara 1 kg","description":"Descubra la Pimienta Dulce C\u00e1scara 1 kg, una especia sutilmente perfumada y ligeramente dulce, perfecta para sazonar sus platos.","robots":{"index":"index","follow":"follow","max-snippet":"max-snippet:-1","max-image-preview":"max-image-preview:large","max-video-preview":"max-video-preview:-1"},"canonical":"https:\/\/www.csj-emballages.com\/es\/produit\/pimiento-de-cascara-dulce-1-kg\/","og_locale":"es_ES","og_type":"article","og_title":"Pimiento de c\u00e1scara dulce 1 kg","og_description":"Descubra la Pimienta Dulce C\u00e1scara 1 kg, una especia sutilmente perfumada y ligeramente dulce, perfecta para sazonar sus platos.","og_url":"https:\/\/www.csj-emballages.com\/es\/produit\/pimiento-de-cascara-dulce-1-kg\/","og_site_name":"CSJ Emballages","article_publisher":"https:\/\/www.facebook.com\/csjemballages","article_modified_time":"2026-04-14T00:10:56+00:00","og_image":[{"width":800,"height":800,"url":"https:\/\/www.csj-emballages.com\/wp-content\/uploads\/2024\/03\/piment-doux-1.webp","type":"image\/webp"}],"twitter_card":"summary_large_image","twitter_misc":{"Tiempo de lectura":"2 minutos"},"schema":{"@context":"https:\/\/schema.org","@graph":[{"@type":"WebPage","@id":"https:\/\/www.csj-emballages.com\/es\/produit\/pimiento-de-cascara-dulce-1-kg\/","url":"https:\/\/www.csj-emballages.com\/es\/produit\/pimiento-de-cascara-dulce-1-kg\/","name":"Pimiento dulce de c\u00e1scara 1 kg","isPartOf":{"@id":"https:\/\/www.csj-emballages.com\/es\/#website"},"primaryImageOfPage":{"@id":"https:\/\/www.csj-emballages.com\/es\/produit\/pimiento-de-cascara-dulce-1-kg\/#primaryimage"},"image":{"@id":"https:\/\/www.csj-emballages.com\/es\/produit\/pimiento-de-cascara-dulce-1-kg\/#primaryimage"},"thumbnailUrl":"https:\/\/www.csj-emballages.com\/wp-content\/uploads\/2024\/03\/piment-doux-1.webp","datePublished":"2024-03-01T15:59:40+00:00","dateModified":"2026-04-14T00:10:56+00:00","description":"Descubra la Pimienta Dulce C\u00e1scara 1 kg, una especia sutilmente perfumada y ligeramente dulce, perfecta para sazonar sus platos.","breadcrumb":{"@id":"https:\/\/www.csj-emballages.com\/es\/produit\/pimiento-de-cascara-dulce-1-kg\/#breadcrumb"},"inLanguage":"es","potentialAction":[{"@type":"ReadAction","target":["https:\/\/www.csj-emballages.com\/es\/produit\/pimiento-de-cascara-dulce-1-kg\/"]}]},{"@type":"ImageObject","inLanguage":"es","@id":"https:\/\/www.csj-emballages.com\/es\/produit\/pimiento-de-cascara-dulce-1-kg\/#primaryimage","url":"https:\/\/www.csj-emballages.com\/wp-content\/uploads\/2024\/03\/piment-doux-1.webp","contentUrl":"https:\/\/www.csj-emballages.com\/wp-content\/uploads\/2024\/03\/piment-doux-1.webp","width":800,"height":800,"caption":"Piment doux"},{"@type":"BreadcrumbList","@id":"https:\/\/www.csj-emballages.com\/es\/produit\/pimiento-de-cascara-dulce-1-kg\/#breadcrumb","itemListElement":[{"@type":"ListItem","position":1,"name":"Accueil","item":"https:\/\/www.csj-emballages.com\/es\/universo-del-envasado-alimentario\/"},{"@type":"ListItem","position":2,"name":"Tienda","item":"https:\/\/www.csj-emballages.com\/tienda\/"},{"@type":"ListItem","position":3,"name":"Pimiento de c\u00e1scara dulce 1 kg"}]},{"@type":"WebSite","@id":"https:\/\/www.csj-emballages.com\/es\/#website","url":"https:\/\/www.csj-emballages.com\/es\/","name":"CSJ Emballages","description":"","publisher":{"@id":"https:\/\/www.csj-emballages.com\/es\/#organization"},"potentialAction":[{"@type":"SearchAction","target":{"@type":"EntryPoint","urlTemplate":"https:\/\/www.csj-emballages.com\/es\/?s={search_term_string}"},"query-input":{"@type":"PropertyValueSpecification","valueRequired":true,"valueName":"search_term_string"}}],"inLanguage":"es"},{"@type":"Organization","@id":"https:\/\/www.csj-emballages.com\/es\/#Organization\/","name":"CSJ Emballages","url":"https:\/\/www.csj-emballages.com\/es\/","logo":{"@type":"ImageObject","inLanguage":"es","@id":"https:\/\/www.csj-emballages.com\/es\/#\/schema\/logo\/image\/","url":"https:\/\/www.csj-emballages.com\/wp-content\/uploads\/2023\/10\/logo_csj.webp","contentUrl":"https:\/\/www.csj-emballages.com\/wp-content\/uploads\/2023\/10\/logo_csj.webp","width":250,"height":95,"caption":"CSJ Emballages"},"image":{"@id":"https:\/\/www.csj-emballages.com\/es\/#\/schema\/logo\/image\/"},"sameAs":["https:\/\/www.facebook.com\/csjemballages"],"address":{"@type":"PostalAddress","streetAddress":"ZI La Lechere","addressLocality":"Patornay","postalCode":"39130","addressCountry":"FR"},"contactPoint":[{"@type":"ContactPoint","contactType":"Service client","telephone":"0384254272","email":"contact@csj-emballages.com"}]}]}},"df_price":14.38,"df_sale_price":"","df_regular_price":14.38,"df_image_link":"https:\/\/www.csj-emballages.com\/wp-content\/uploads\/2024\/03\/piment-doux-1-300x300.webp","tiered_pricing_type":"fixed","tiered_pricing_fixed_rules":[],"tiered_pricing_percentage_rules":[],"tiered_pricing_minimum":1,"tiered_pricing_roles_data":[],"_links":{"self":[{"href":"https:\/\/www.csj-emballages.com\/es\/wp-json\/wp\/v2\/product\/18198","targetHints":{"allow":["GET"]}}],"collection":[{"href":"https:\/\/www.csj-emballages.com\/es\/wp-json\/wp\/v2\/product"}],"about":[{"href":"https:\/\/www.csj-emballages.com\/es\/wp-json\/wp\/v2\/types\/product"}],"wp:featuredmedia":[{"embeddable":true,"href":"https:\/\/www.csj-emballages.com\/es\/wp-json\/wp\/v2\/media\/225890"}],"wp:attachment":[{"href":"https:\/\/www.csj-emballages.com\/es\/wp-json\/wp\/v2\/media?parent=18198"}],"wp:term":[{"taxonomy":"product_brand","embeddable":true,"href":"https:\/\/www.csj-emballages.com\/es\/wp-json\/wp\/v2\/product_brand?post=18198"},{"taxonomy":"product_cat","embeddable":true,"href":"https:\/\/www.csj-emballages.com\/es\/wp-json\/wp\/v2\/product_cat?post=18198"},{"taxonomy":"product_tag","embeddable":true,"href":"https:\/\/www.csj-emballages.com\/es\/wp-json\/wp\/v2\/product_tag?post=18198"}],"curies":[{"name":"wp","href":"https:\/\/api.w.org\/{rel}","templated":true}]}}