{"id":18194,"date":"2024-03-01T16:59:39","date_gmt":"2024-03-01T15:59:39","guid":{"rendered":"https:\/\/u15jnbdpoq.preview.infomaniak.website\/produit\/especias-pollo-asado-1051-5-kg\/"},"modified":"2026-04-28T02:10:46","modified_gmt":"2026-04-28T00:10:46","slug":"especias-pollo-asado-1051-5-kg","status":"publish","type":"product","link":"https:\/\/www.csj-emballages.com\/es\/produit\/especias-pollo-asado-1051-5-kg\/","title":{"rendered":"Especias pollo asado 1051 5 kg"},"content":{"rendered":"<h2>Especias pollo asado<\/h2>\n<hr>\n<h3>Descripci\u00f3n de nuestras especias para pollo asado en 5kg<\/h3>\n<p><!--more--><\/p>\n<p class=\"\" data-start=\"95\" data-end=\"436\">D\u00e9 a sus platos de ave un sabor aut\u00e9ntico y generoso con esta mezcla especial de especias <strong data-start=\"202\" data-end=\"217\">para pollo asado<\/strong>, envasada en <strong data-start=\"234\" data-end=\"250\">cubos de 5 kg<\/strong>. Desarrollada para responder a las exigencias de los profesionales de la restauraci\u00f3n, esta <strong>mezcla<\/strong> equilibrada combina sabores potentes con un toque c\u00e1lido, t\u00edpico de <strong>los asados dorados<\/strong>. Perfecto para empresas de catering, carnicer\u00edas, asadores y restaurantes, este formato econ\u00f3mico le permite trabajar en grandes cantidades sin comprometer la calidad. S\u00f3lo tiene que cubrir generosamente sus aves con esta mezcla para obtener una piel crujiente, dorada y perfumada, al tiempo que realza la carne con sutiles notas de hierbas y especias.   <\/p>\n<p class=\"\" data-start=\"811\" data-end=\"1032\">Esta mezcla de especias aporta un hermoso color a la cocina y un sabor irresistible, sin necesidad de condimentos adicionales.<\/p>\n<p class=\"\" data-start=\"1034\" data-end=\"1294\">F\u00e1cil de usar, es ideal para cocinar en el horno, en un asador, en una bandeja de asar o incluso para marinados m\u00e1s largos. Su fina textura hace que se adhiera perfectamente a la piel del <strong>pollo<\/strong>, para obtener siempre un resultado profesional. <\/p>\n<p>&nbsp;<\/p>\n<p><!--more--><\/p>\n<div style=\"box-sizing: inherit; font-family: Roboto, sans-serif;\">\n<p><span style=\"color: #c79600; font-weight: bold;\">Composici\u00f3n :<\/span> Sal \/ especias (guindilla, piment\u00f3n, pimienta negra, ajo) \/ glutamato s\u00f3dico E-621 \/ <span style=\"font-size: 16px;\">cebolla<\/span><\/p>\n<\/div>\n<p>&nbsp;<\/p>\n<p><!--more--><\/p>\n<div style=\"box-sizing: inherit; font-family: Roboto, sans-serif;\">\n<h4>Sus ventajas:<\/h4>\n<ul>\n<li>Un aut\u00e9ntico sabor gourmet, especialmente dise\u00f1ado para el pollo asado.<\/li>\n<li>Pr\u00e1ctico formato de 5 kg para uso intensivo en cocinas profesionales.<\/li>\n<li>Mezcla equilibrada de piment\u00f3n, ajo, hierbas y especias suaves.<\/li>\n<li>Ideal para asar, hornear, asar a la parrilla o marinar.<\/li>\n<\/ul>\n<p>&nbsp;<\/p>\n<\/div>\n<p><!--more--><\/p>\n<div style=\"box-sizing: inherit; font-family: Roboto, sans-serif;\">\n<h4>Informaci\u00f3n adicional :<\/h4>\n<ul>\n<li><strong>Envasado<\/strong>: Cubo de 5 kg<\/li>\n<li><strong>Tipo<\/strong>: Pollo asado<\/li>\n<\/ul>\n<p>&nbsp;<\/p>\n<\/div>\n<p><!--more--><\/p>\n<p>Encuentre aqu\u00ed nuestras especias para asar pollo: <span style=\"color: #d12727;\"><a style=\"color: #d12727;\" href=\"https:\/\/www.csj-emballages.com\/es\/produit\/especias-para-pollo-asado-3033-5-kg\/\">10540<\/a><\/span><\/p>\n<div style=\"box-sizing: inherit; font-family: Roboto, sans-serif;\">\n<p>&nbsp;<\/p>\n<\/div>\n<p><!--more--><\/p>\n<div style=\"box-sizing: inherit; font-family: Roboto, sans-serif;\"><a href=\"https:\/\/www.csj-emballages.com\/es\/categorie-produit\/alimentacion-es\/especias\/mezcla-de-especias\/gallinas\/\">Ver el resto de nuestra gama de especias para pollo<\/a><\/div>\n","protected":false},"excerpt":{"rendered":"<p>Especias pollo asado Descripci\u00f3n de nuestras especias para pollo asado en 5kg<\/p>\n","protected":false},"featured_media":231342,"template":"","meta":{"_acf_changed":false},"product_brand":[],"product_cat":[1162,1454,1787,1789],"product_tag":[],"class_list":{"0":"post-18194","1":"product","2":"type-product","3":"status-publish","4":"has-post-thumbnail","6":"product_cat-alimentacion-es","7":"product_cat-especias","8":"product_cat-mezcla-de-especias","9":"product_cat-gallinas","11":"first","12":"instock","13":"taxable","14":"shipping-taxable","15":"purchasable","16":"product-type-simple"},"acf":[],"yoast_head":"<!-- This site is optimized with the Yoast SEO Premium plugin v26.6 (Yoast SEO v26.6) - https:\/\/yoast.com\/wordpress\/plugins\/seo\/ -->\n<title>Especias Pollo asado 5kg<\/title>\n<meta name=\"description\" content=\"Mezcla de especias para pollo asado en cubos de 5 kg. Perfecta para asadores y profesionales. Sabor aut\u00e9ntico, color dorado, gusto irresistible.\" \/>\n<meta name=\"robots\" content=\"index, follow, max-snippet:-1, max-image-preview:large, max-video-preview:-1\" \/>\n<link rel=\"canonical\" href=\"https:\/\/www.csj-emballages.com\/es\/produit\/especias-pollo-asado-1051-5-kg\/\" \/>\n<meta property=\"og:locale\" content=\"es_ES\" \/>\n<meta property=\"og:type\" content=\"article\" \/>\n<meta property=\"og:title\" content=\"Especias pollo asado 1051 5 kg\" \/>\n<meta property=\"og:description\" content=\"Mezcla de especias para pollo asado en cubos de 5 kg. Perfecta para asadores y profesionales. Sabor aut\u00e9ntico, color dorado, gusto irresistible.\" \/>\n<meta property=\"og:url\" content=\"https:\/\/www.csj-emballages.com\/es\/produit\/especias-pollo-asado-1051-5-kg\/\" \/>\n<meta property=\"og:site_name\" content=\"CSJ Emballages\" \/>\n<meta property=\"article:publisher\" content=\"https:\/\/www.facebook.com\/csjemballages\" \/>\n<meta property=\"article:modified_time\" content=\"2026-04-28T00:10:46+00:00\" \/>\n<meta property=\"og:image\" content=\"https:\/\/www.csj-emballages.com\/wp-content\/uploads\/2024\/03\/Design-sans-titre-11.webp\" \/>\n\t<meta property=\"og:image:width\" content=\"800\" \/>\n\t<meta property=\"og:image:height\" content=\"800\" \/>\n\t<meta property=\"og:image:type\" content=\"image\/jpeg\" \/>\n<meta name=\"twitter:card\" content=\"summary_large_image\" \/>\n<meta name=\"twitter:label1\" content=\"Tiempo de lectura\" \/>\n\t<meta name=\"twitter:data1\" content=\"1 minuto\" \/>\n<script type=\"application\/ld+json\" class=\"yoast-schema-graph\">{\"@context\":\"https:\/\/schema.org\",\"@graph\":[{\"@type\":\"WebPage\",\"@id\":\"https:\/\/www.csj-emballages.com\/es\/produit\/especias-pollo-asado-1051-5-kg\/\",\"url\":\"https:\/\/www.csj-emballages.com\/es\/produit\/especias-pollo-asado-1051-5-kg\/\",\"name\":\"Especias Pollo asado 5kg\",\"isPartOf\":{\"@id\":\"https:\/\/www.csj-emballages.com\/es\/#website\"},\"primaryImageOfPage\":{\"@id\":\"https:\/\/www.csj-emballages.com\/es\/produit\/especias-pollo-asado-1051-5-kg\/#primaryimage\"},\"image\":{\"@id\":\"https:\/\/www.csj-emballages.com\/es\/produit\/especias-pollo-asado-1051-5-kg\/#primaryimage\"},\"thumbnailUrl\":\"https:\/\/www.csj-emballages.com\/wp-content\/uploads\/2024\/03\/Design-sans-titre-11.webp\",\"datePublished\":\"2024-03-01T15:59:39+00:00\",\"dateModified\":\"2026-04-28T00:10:46+00:00\",\"description\":\"Mezcla de especias para pollo asado en cubos de 5 kg. Perfecta para asadores y profesionales. Sabor aut\u00e9ntico, color dorado, gusto irresistible.\",\"breadcrumb\":{\"@id\":\"https:\/\/www.csj-emballages.com\/es\/produit\/especias-pollo-asado-1051-5-kg\/#breadcrumb\"},\"inLanguage\":\"es\",\"potentialAction\":[{\"@type\":\"ReadAction\",\"target\":[\"https:\/\/www.csj-emballages.com\/es\/produit\/especias-pollo-asado-1051-5-kg\/\"]}]},{\"@type\":\"ImageObject\",\"inLanguage\":\"es\",\"@id\":\"https:\/\/www.csj-emballages.com\/es\/produit\/especias-pollo-asado-1051-5-kg\/#primaryimage\",\"url\":\"https:\/\/www.csj-emballages.com\/wp-content\/uploads\/2024\/03\/Design-sans-titre-11.webp\",\"contentUrl\":\"https:\/\/www.csj-emballages.com\/wp-content\/uploads\/2024\/03\/Design-sans-titre-11.webp\",\"width\":800,\"height\":800,\"caption\":\"\u00c9pices poulet r\u00f4ti\"},{\"@type\":\"BreadcrumbList\",\"@id\":\"https:\/\/www.csj-emballages.com\/es\/produit\/especias-pollo-asado-1051-5-kg\/#breadcrumb\",\"itemListElement\":[{\"@type\":\"ListItem\",\"position\":1,\"name\":\"Accueil\",\"item\":\"https:\/\/www.csj-emballages.com\/es\/universo-del-envasado-alimentario\/\"},{\"@type\":\"ListItem\",\"position\":2,\"name\":\"Tienda\",\"item\":\"https:\/\/www.csj-emballages.com\/tienda\/\"},{\"@type\":\"ListItem\",\"position\":3,\"name\":\"Especias pollo asado 1051 5 kg\"}]},{\"@type\":\"WebSite\",\"@id\":\"https:\/\/www.csj-emballages.com\/es\/#website\",\"url\":\"https:\/\/www.csj-emballages.com\/es\/\",\"name\":\"CSJ Emballages\",\"description\":\"\",\"publisher\":{\"@id\":\"https:\/\/www.csj-emballages.com\/es\/#organization\"},\"potentialAction\":[{\"@type\":\"SearchAction\",\"target\":{\"@type\":\"EntryPoint\",\"urlTemplate\":\"https:\/\/www.csj-emballages.com\/es\/?s={search_term_string}\"},\"query-input\":{\"@type\":\"PropertyValueSpecification\",\"valueRequired\":true,\"valueName\":\"search_term_string\"}}],\"inLanguage\":\"es\"},{\"@type\":\"Organization\",\"@id\":\"https:\/\/www.csj-emballages.com\/es\/#Organization\/\",\"name\":\"CSJ Emballages\",\"url\":\"https:\/\/www.csj-emballages.com\/es\/\",\"logo\":{\"@type\":\"ImageObject\",\"inLanguage\":\"es\",\"@id\":\"https:\/\/www.csj-emballages.com\/es\/#\/schema\/logo\/image\/\",\"url\":\"https:\/\/www.csj-emballages.com\/wp-content\/uploads\/2023\/10\/logo_csj.webp\",\"contentUrl\":\"https:\/\/www.csj-emballages.com\/wp-content\/uploads\/2023\/10\/logo_csj.webp\",\"width\":250,\"height\":95,\"caption\":\"CSJ Emballages\"},\"image\":{\"@id\":\"https:\/\/www.csj-emballages.com\/es\/#\/schema\/logo\/image\/\"},\"sameAs\":[\"https:\/\/www.facebook.com\/csjemballages\"],\"address\":{\"@type\":\"PostalAddress\",\"streetAddress\":\"ZI La Lechere\",\"addressLocality\":\"Patornay\",\"postalCode\":\"39130\",\"addressCountry\":\"FR\"},\"contactPoint\":[{\"@type\":\"ContactPoint\",\"contactType\":\"Service client\",\"telephone\":\"0384254272\",\"email\":\"contact@csj-emballages.com\"}]}]}<\/script>\n<!-- \/ Yoast SEO Premium plugin. -->","yoast_head_json":{"title":"Especias Pollo asado 5kg","description":"Mezcla de especias para pollo asado en cubos de 5 kg. Perfecta para asadores y profesionales. Sabor aut\u00e9ntico, color dorado, gusto irresistible.","robots":{"index":"index","follow":"follow","max-snippet":"max-snippet:-1","max-image-preview":"max-image-preview:large","max-video-preview":"max-video-preview:-1"},"canonical":"https:\/\/www.csj-emballages.com\/es\/produit\/especias-pollo-asado-1051-5-kg\/","og_locale":"es_ES","og_type":"article","og_title":"Especias pollo asado 1051 5 kg","og_description":"Mezcla de especias para pollo asado en cubos de 5 kg. Perfecta para asadores y profesionales. Sabor aut\u00e9ntico, color dorado, gusto irresistible.","og_url":"https:\/\/www.csj-emballages.com\/es\/produit\/especias-pollo-asado-1051-5-kg\/","og_site_name":"CSJ Emballages","article_publisher":"https:\/\/www.facebook.com\/csjemballages","article_modified_time":"2026-04-28T00:10:46+00:00","og_image":[{"width":800,"height":800,"url":"https:\/\/www.csj-emballages.com\/wp-content\/uploads\/2024\/03\/Design-sans-titre-11.webp","type":"image\/jpeg"}],"twitter_card":"summary_large_image","twitter_misc":{"Tiempo de lectura":"1 minuto"},"schema":{"@context":"https:\/\/schema.org","@graph":[{"@type":"WebPage","@id":"https:\/\/www.csj-emballages.com\/es\/produit\/especias-pollo-asado-1051-5-kg\/","url":"https:\/\/www.csj-emballages.com\/es\/produit\/especias-pollo-asado-1051-5-kg\/","name":"Especias Pollo asado 5kg","isPartOf":{"@id":"https:\/\/www.csj-emballages.com\/es\/#website"},"primaryImageOfPage":{"@id":"https:\/\/www.csj-emballages.com\/es\/produit\/especias-pollo-asado-1051-5-kg\/#primaryimage"},"image":{"@id":"https:\/\/www.csj-emballages.com\/es\/produit\/especias-pollo-asado-1051-5-kg\/#primaryimage"},"thumbnailUrl":"https:\/\/www.csj-emballages.com\/wp-content\/uploads\/2024\/03\/Design-sans-titre-11.webp","datePublished":"2024-03-01T15:59:39+00:00","dateModified":"2026-04-28T00:10:46+00:00","description":"Mezcla de especias para pollo asado en cubos de 5 kg. Perfecta para asadores y profesionales. Sabor aut\u00e9ntico, color dorado, gusto irresistible.","breadcrumb":{"@id":"https:\/\/www.csj-emballages.com\/es\/produit\/especias-pollo-asado-1051-5-kg\/#breadcrumb"},"inLanguage":"es","potentialAction":[{"@type":"ReadAction","target":["https:\/\/www.csj-emballages.com\/es\/produit\/especias-pollo-asado-1051-5-kg\/"]}]},{"@type":"ImageObject","inLanguage":"es","@id":"https:\/\/www.csj-emballages.com\/es\/produit\/especias-pollo-asado-1051-5-kg\/#primaryimage","url":"https:\/\/www.csj-emballages.com\/wp-content\/uploads\/2024\/03\/Design-sans-titre-11.webp","contentUrl":"https:\/\/www.csj-emballages.com\/wp-content\/uploads\/2024\/03\/Design-sans-titre-11.webp","width":800,"height":800,"caption":"\u00c9pices poulet r\u00f4ti"},{"@type":"BreadcrumbList","@id":"https:\/\/www.csj-emballages.com\/es\/produit\/especias-pollo-asado-1051-5-kg\/#breadcrumb","itemListElement":[{"@type":"ListItem","position":1,"name":"Accueil","item":"https:\/\/www.csj-emballages.com\/es\/universo-del-envasado-alimentario\/"},{"@type":"ListItem","position":2,"name":"Tienda","item":"https:\/\/www.csj-emballages.com\/tienda\/"},{"@type":"ListItem","position":3,"name":"Especias pollo asado 1051 5 kg"}]},{"@type":"WebSite","@id":"https:\/\/www.csj-emballages.com\/es\/#website","url":"https:\/\/www.csj-emballages.com\/es\/","name":"CSJ Emballages","description":"","publisher":{"@id":"https:\/\/www.csj-emballages.com\/es\/#organization"},"potentialAction":[{"@type":"SearchAction","target":{"@type":"EntryPoint","urlTemplate":"https:\/\/www.csj-emballages.com\/es\/?s={search_term_string}"},"query-input":{"@type":"PropertyValueSpecification","valueRequired":true,"valueName":"search_term_string"}}],"inLanguage":"es"},{"@type":"Organization","@id":"https:\/\/www.csj-emballages.com\/es\/#Organization\/","name":"CSJ Emballages","url":"https:\/\/www.csj-emballages.com\/es\/","logo":{"@type":"ImageObject","inLanguage":"es","@id":"https:\/\/www.csj-emballages.com\/es\/#\/schema\/logo\/image\/","url":"https:\/\/www.csj-emballages.com\/wp-content\/uploads\/2023\/10\/logo_csj.webp","contentUrl":"https:\/\/www.csj-emballages.com\/wp-content\/uploads\/2023\/10\/logo_csj.webp","width":250,"height":95,"caption":"CSJ Emballages"},"image":{"@id":"https:\/\/www.csj-emballages.com\/es\/#\/schema\/logo\/image\/"},"sameAs":["https:\/\/www.facebook.com\/csjemballages"],"address":{"@type":"PostalAddress","streetAddress":"ZI La Lechere","addressLocality":"Patornay","postalCode":"39130","addressCountry":"FR"},"contactPoint":[{"@type":"ContactPoint","contactType":"Service client","telephone":"0384254272","email":"contact@csj-emballages.com"}]}]}},"df_price":38.88,"df_sale_price":"","df_regular_price":38.88,"df_image_link":"https:\/\/www.csj-emballages.com\/wp-content\/uploads\/2024\/03\/Design-sans-titre-11-300x300.webp","tiered_pricing_type":"fixed","tiered_pricing_fixed_rules":[],"tiered_pricing_percentage_rules":[],"tiered_pricing_minimum":1,"tiered_pricing_roles_data":[],"_links":{"self":[{"href":"https:\/\/www.csj-emballages.com\/es\/wp-json\/wp\/v2\/product\/18194","targetHints":{"allow":["GET"]}}],"collection":[{"href":"https:\/\/www.csj-emballages.com\/es\/wp-json\/wp\/v2\/product"}],"about":[{"href":"https:\/\/www.csj-emballages.com\/es\/wp-json\/wp\/v2\/types\/product"}],"wp:featuredmedia":[{"embeddable":true,"href":"https:\/\/www.csj-emballages.com\/es\/wp-json\/wp\/v2\/media\/231342"}],"wp:attachment":[{"href":"https:\/\/www.csj-emballages.com\/es\/wp-json\/wp\/v2\/media?parent=18194"}],"wp:term":[{"taxonomy":"product_brand","embeddable":true,"href":"https:\/\/www.csj-emballages.com\/es\/wp-json\/wp\/v2\/product_brand?post=18194"},{"taxonomy":"product_cat","embeddable":true,"href":"https:\/\/www.csj-emballages.com\/es\/wp-json\/wp\/v2\/product_cat?post=18194"},{"taxonomy":"product_tag","embeddable":true,"href":"https:\/\/www.csj-emballages.com\/es\/wp-json\/wp\/v2\/product_tag?post=18194"}],"curies":[{"name":"wp","href":"https:\/\/api.w.org\/{rel}","templated":true}]}}