{"id":18188,"date":"2024-03-01T16:59:40","date_gmt":"2024-03-01T15:59:40","guid":{"rendered":"https:\/\/u15jnbdpoq.preview.infomaniak.website\/produit\/semola-de-chalota-2-3-mm-1-kg\/"},"modified":"2026-03-12T16:02:28","modified_gmt":"2026-03-12T15:02:28","slug":"semola-de-chalota-2-3-mm-1-kg","status":"publish","type":"product","link":"https:\/\/www.csj-emballages.com\/es\/produit\/semola-de-chalota-2-3-mm-1-kg\/","title":{"rendered":"S\u00e9mola de chalota 2-3 mm 1 kg"},"content":{"rendered":"<h2 class=\"p1\">S\u00e9mola de chalota<\/h2>\n<hr>\n<h3>Descripci\u00f3n de nuestra s\u00e9mola de chalota 2-3 mm 1 kg<\/h3>\n<p><!--more--><\/p>\n<p data-start=\"209\" data-end=\"556\">La chalota granulada de <strong data-start=\"228\" data-end=\"238\">2\u20133 mm<\/strong> es el tipo de ingrediente que se adopta r\u00e1pidamente y que siempre se tiene a mano. Pr\u00e1ctica, regular y llena de sabor, permite aportar un verdadero toque arom\u00e1tico a los platos, sin las complicaciones de la <strong>chalota fresca<\/strong>. No es necesario pelar, no hay p\u00e9rdidas, no hay l\u00e1grimas: usted dosifica, usted a\u00f1ade, y listo.  <\/p>\n<p data-start=\"558\" data-end=\"966\">Gracias a su <strong>granulometr\u00eda<\/strong> de <strong data-start=\"583\" data-end=\"595\">2 a 3 mm<\/strong>, esta chalota deshidratada se distribuye f\u00e1cilmente en todas las preparaciones. Libera progresivamente sus aromas al cocerse, lo que da un sabor equilibrado y bien integrado. Tambi\u00e9n funciona muy bien en adobos, salsas, vinagretas o mezclas de especias. As\u00ed, usted gana tiempo a la vez que mantiene un sabor constante, servicio tras servicio.   <\/p>\n<p data-start=\"968\" data-end=\"1269\">El formato de <strong data-start=\"978\" data-end=\"986\">1 kg<\/strong> es particularmente adecuado para los profesionales de la restauraci\u00f3n, los servicios de catering o las cocinas colectivas. Sin embargo, tambi\u00e9n es adecuado para los aficionados exigentes a los que les gusta cocinar de forma inteligente. Su larga conservaci\u00f3n permite trabajar con tranquilidad, sin desperdicio ni rotura de stock.  <\/p>\n<p data-start=\"1271\" data-end=\"1603\">Por otra parte, la <strong>chalota granulada<\/strong> se integra f\u00e1cilmente tanto en una cocina del d\u00eda a d\u00eda como en recetas m\u00e1s elaboradas. Realza las carnes, acompa\u00f1a las verduras, enriquece los guisos y aporta car\u00e1cter a las preparaciones fr\u00edas. En resumen, es un aliado fiable para una cocina eficaz, regular y sabrosa.  <\/p>\n<p>&nbsp;<\/p>\n<p><!--more--><\/p>\n<h4>Ventajas :<\/h4>\n<ul>\n<li data-start=\"488\" data-end=\"561\">Ahorro de tiempo en la cocina, sin preparaci\u00f3n previa.<\/li>\n<li data-start=\"562\" data-end=\"646\">Conserva todos los sabores naturales de la chalota fresca.<\/li>\n<li data-start=\"647\" data-end=\"747\">Perfecto para platos fr\u00edos y calientes, salsas, adobos y ali\u00f1os.<\/li>\n<li data-start=\"819\" data-end=\"887\">Formato granulado ideal para un uso controlado.<\/li>\n<\/ul>\n<p>&nbsp;<\/p>\n<p><!--more--><\/p>\n<h4>Informaci\u00f3n adicional :<\/h4>\n<ul>\n<li><strong>Envase<\/strong>: Envase de 1 kg<\/li>\n<li><b>Formato<\/b>: Granulado<\/li>\n<\/ul>\n<p>&nbsp;<\/p>\n<p><!--more--><\/p>\n<p><a href=\"https:\/\/www.csj-emballages.com\/es\/categorie-produit\/alimentacion-es\/especias\/especias-sencillas\/\">Ver el resto de nuestra gama de especias sencillas  <\/a><\/p>\n","protected":false},"excerpt":{"rendered":"<p>S\u00e9mola de chalota Descripci\u00f3n de nuestra s\u00e9mola de chalota 2-3 mm 1 kg<\/p>\n","protected":false},"featured_media":261443,"template":"","meta":{"_acf_changed":false},"product_brand":[],"product_cat":[1162,1454,1455],"product_tag":[],"class_list":{"0":"post-18188","1":"product","2":"type-product","3":"status-publish","4":"has-post-thumbnail","6":"product_cat-alimentacion-es","7":"product_cat-especias","8":"product_cat-especias-sencillas","10":"first","11":"instock","12":"taxable","13":"shipping-taxable","14":"purchasable","15":"product-type-simple"},"acf":[],"yoast_head":"<!-- This site is optimized with the Yoast SEO Premium plugin v26.6 (Yoast SEO v26.6) - https:\/\/yoast.com\/wordpress\/plugins\/seo\/ -->\n<title>S\u00e9mola de chalota 2-3 mm 1 kg<\/title>\n<meta name=\"description\" content=\"Chalota granulada de 2-3 mm en bolsa de 1 kg. Lista para usar, pr\u00e1ctica y sabrosa, es perfecta para profesionales y particulares\" \/>\n<meta name=\"robots\" content=\"index, follow, max-snippet:-1, max-image-preview:large, max-video-preview:-1\" \/>\n<link rel=\"canonical\" href=\"https:\/\/www.csj-emballages.com\/es\/produit\/semola-de-chalota-2-3-mm-1-kg\/\" \/>\n<meta property=\"og:locale\" content=\"es_ES\" \/>\n<meta property=\"og:type\" content=\"article\" \/>\n<meta property=\"og:title\" content=\"S\u00e9mola de chalota 2-3 mm 1 kg\" \/>\n<meta property=\"og:description\" content=\"Chalota granulada de 2-3 mm en bolsa de 1 kg. Lista para usar, pr\u00e1ctica y sabrosa, es perfecta para profesionales y particulares\" \/>\n<meta property=\"og:url\" content=\"https:\/\/www.csj-emballages.com\/es\/produit\/semola-de-chalota-2-3-mm-1-kg\/\" \/>\n<meta property=\"og:site_name\" content=\"CSJ Emballages\" \/>\n<meta property=\"article:publisher\" content=\"https:\/\/www.facebook.com\/csjemballages\" \/>\n<meta property=\"article:modified_time\" content=\"2026-03-12T15:02:28+00:00\" \/>\n<meta property=\"og:image\" content=\"https:\/\/www.csj-emballages.com\/wp-content\/uploads\/2024\/03\/Echalote-semoule.webp\" \/>\n\t<meta property=\"og:image:width\" content=\"800\" \/>\n\t<meta property=\"og:image:height\" content=\"800\" \/>\n\t<meta property=\"og:image:type\" content=\"image\/webp\" \/>\n<meta name=\"twitter:card\" content=\"summary_large_image\" \/>\n<meta name=\"twitter:label1\" content=\"Tiempo de lectura\" \/>\n\t<meta name=\"twitter:data1\" content=\"2 minutos\" \/>\n<script type=\"application\/ld+json\" class=\"yoast-schema-graph\">{\"@context\":\"https:\/\/schema.org\",\"@graph\":[{\"@type\":\"WebPage\",\"@id\":\"https:\/\/www.csj-emballages.com\/es\/produit\/semola-de-chalota-2-3-mm-1-kg\/\",\"url\":\"https:\/\/www.csj-emballages.com\/es\/produit\/semola-de-chalota-2-3-mm-1-kg\/\",\"name\":\"S\u00e9mola de chalota 2-3 mm 1 kg\",\"isPartOf\":{\"@id\":\"https:\/\/www.csj-emballages.com\/es\/#website\"},\"primaryImageOfPage\":{\"@id\":\"https:\/\/www.csj-emballages.com\/es\/produit\/semola-de-chalota-2-3-mm-1-kg\/#primaryimage\"},\"image\":{\"@id\":\"https:\/\/www.csj-emballages.com\/es\/produit\/semola-de-chalota-2-3-mm-1-kg\/#primaryimage\"},\"thumbnailUrl\":\"https:\/\/www.csj-emballages.com\/wp-content\/uploads\/2024\/03\/Echalote-semoule.webp\",\"datePublished\":\"2024-03-01T15:59:40+00:00\",\"dateModified\":\"2026-03-12T15:02:28+00:00\",\"description\":\"Chalota granulada de 2-3 mm en bolsa de 1 kg. Lista para usar, pr\u00e1ctica y sabrosa, es perfecta para profesionales y particulares\",\"breadcrumb\":{\"@id\":\"https:\/\/www.csj-emballages.com\/es\/produit\/semola-de-chalota-2-3-mm-1-kg\/#breadcrumb\"},\"inLanguage\":\"es\",\"potentialAction\":[{\"@type\":\"ReadAction\",\"target\":[\"https:\/\/www.csj-emballages.com\/es\/produit\/semola-de-chalota-2-3-mm-1-kg\/\"]}]},{\"@type\":\"ImageObject\",\"inLanguage\":\"es\",\"@id\":\"https:\/\/www.csj-emballages.com\/es\/produit\/semola-de-chalota-2-3-mm-1-kg\/#primaryimage\",\"url\":\"https:\/\/www.csj-emballages.com\/wp-content\/uploads\/2024\/03\/Echalote-semoule.webp\",\"contentUrl\":\"https:\/\/www.csj-emballages.com\/wp-content\/uploads\/2024\/03\/Echalote-semoule.webp\",\"width\":800,\"height\":800,\"caption\":\"\u00c9chalote semoule\"},{\"@type\":\"BreadcrumbList\",\"@id\":\"https:\/\/www.csj-emballages.com\/es\/produit\/semola-de-chalota-2-3-mm-1-kg\/#breadcrumb\",\"itemListElement\":[{\"@type\":\"ListItem\",\"position\":1,\"name\":\"Accueil\",\"item\":\"https:\/\/www.csj-emballages.com\/es\/universo-del-envasado-alimentario\/\"},{\"@type\":\"ListItem\",\"position\":2,\"name\":\"Tienda\",\"item\":\"https:\/\/www.csj-emballages.com\/tienda\/\"},{\"@type\":\"ListItem\",\"position\":3,\"name\":\"S\u00e9mola de chalota 2-3 mm 1 kg\"}]},{\"@type\":\"WebSite\",\"@id\":\"https:\/\/www.csj-emballages.com\/es\/#website\",\"url\":\"https:\/\/www.csj-emballages.com\/es\/\",\"name\":\"CSJ Emballages\",\"description\":\"\",\"publisher\":{\"@id\":\"https:\/\/www.csj-emballages.com\/es\/#organization\"},\"potentialAction\":[{\"@type\":\"SearchAction\",\"target\":{\"@type\":\"EntryPoint\",\"urlTemplate\":\"https:\/\/www.csj-emballages.com\/es\/?s={search_term_string}\"},\"query-input\":{\"@type\":\"PropertyValueSpecification\",\"valueRequired\":true,\"valueName\":\"search_term_string\"}}],\"inLanguage\":\"es\"},{\"@type\":\"Organization\",\"@id\":\"https:\/\/www.csj-emballages.com\/es\/#Organization\/\",\"name\":\"CSJ Emballages\",\"url\":\"https:\/\/www.csj-emballages.com\/es\/\",\"logo\":{\"@type\":\"ImageObject\",\"inLanguage\":\"es\",\"@id\":\"https:\/\/www.csj-emballages.com\/es\/#\/schema\/logo\/image\/\",\"url\":\"https:\/\/www.csj-emballages.com\/wp-content\/uploads\/2023\/10\/logo_csj.webp\",\"contentUrl\":\"https:\/\/www.csj-emballages.com\/wp-content\/uploads\/2023\/10\/logo_csj.webp\",\"width\":250,\"height\":95,\"caption\":\"CSJ Emballages\"},\"image\":{\"@id\":\"https:\/\/www.csj-emballages.com\/es\/#\/schema\/logo\/image\/\"},\"sameAs\":[\"https:\/\/www.facebook.com\/csjemballages\"],\"address\":{\"@type\":\"PostalAddress\",\"streetAddress\":\"ZI La Lechere\",\"addressLocality\":\"Patornay\",\"postalCode\":\"39130\",\"addressCountry\":\"FR\"},\"contactPoint\":[{\"@type\":\"ContactPoint\",\"contactType\":\"Service client\",\"telephone\":\"0384254272\",\"email\":\"contact@csj-emballages.com\"}]}]}<\/script>\n<!-- \/ Yoast SEO Premium plugin. -->","yoast_head_json":{"title":"S\u00e9mola de chalota 2-3 mm 1 kg","description":"Chalota granulada de 2-3 mm en bolsa de 1 kg. Lista para usar, pr\u00e1ctica y sabrosa, es perfecta para profesionales y particulares","robots":{"index":"index","follow":"follow","max-snippet":"max-snippet:-1","max-image-preview":"max-image-preview:large","max-video-preview":"max-video-preview:-1"},"canonical":"https:\/\/www.csj-emballages.com\/es\/produit\/semola-de-chalota-2-3-mm-1-kg\/","og_locale":"es_ES","og_type":"article","og_title":"S\u00e9mola de chalota 2-3 mm 1 kg","og_description":"Chalota granulada de 2-3 mm en bolsa de 1 kg. Lista para usar, pr\u00e1ctica y sabrosa, es perfecta para profesionales y particulares","og_url":"https:\/\/www.csj-emballages.com\/es\/produit\/semola-de-chalota-2-3-mm-1-kg\/","og_site_name":"CSJ Emballages","article_publisher":"https:\/\/www.facebook.com\/csjemballages","article_modified_time":"2026-03-12T15:02:28+00:00","og_image":[{"width":800,"height":800,"url":"https:\/\/www.csj-emballages.com\/wp-content\/uploads\/2024\/03\/Echalote-semoule.webp","type":"image\/webp"}],"twitter_card":"summary_large_image","twitter_misc":{"Tiempo de lectura":"2 minutos"},"schema":{"@context":"https:\/\/schema.org","@graph":[{"@type":"WebPage","@id":"https:\/\/www.csj-emballages.com\/es\/produit\/semola-de-chalota-2-3-mm-1-kg\/","url":"https:\/\/www.csj-emballages.com\/es\/produit\/semola-de-chalota-2-3-mm-1-kg\/","name":"S\u00e9mola de chalota 2-3 mm 1 kg","isPartOf":{"@id":"https:\/\/www.csj-emballages.com\/es\/#website"},"primaryImageOfPage":{"@id":"https:\/\/www.csj-emballages.com\/es\/produit\/semola-de-chalota-2-3-mm-1-kg\/#primaryimage"},"image":{"@id":"https:\/\/www.csj-emballages.com\/es\/produit\/semola-de-chalota-2-3-mm-1-kg\/#primaryimage"},"thumbnailUrl":"https:\/\/www.csj-emballages.com\/wp-content\/uploads\/2024\/03\/Echalote-semoule.webp","datePublished":"2024-03-01T15:59:40+00:00","dateModified":"2026-03-12T15:02:28+00:00","description":"Chalota granulada de 2-3 mm en bolsa de 1 kg. Lista para usar, pr\u00e1ctica y sabrosa, es perfecta para profesionales y particulares","breadcrumb":{"@id":"https:\/\/www.csj-emballages.com\/es\/produit\/semola-de-chalota-2-3-mm-1-kg\/#breadcrumb"},"inLanguage":"es","potentialAction":[{"@type":"ReadAction","target":["https:\/\/www.csj-emballages.com\/es\/produit\/semola-de-chalota-2-3-mm-1-kg\/"]}]},{"@type":"ImageObject","inLanguage":"es","@id":"https:\/\/www.csj-emballages.com\/es\/produit\/semola-de-chalota-2-3-mm-1-kg\/#primaryimage","url":"https:\/\/www.csj-emballages.com\/wp-content\/uploads\/2024\/03\/Echalote-semoule.webp","contentUrl":"https:\/\/www.csj-emballages.com\/wp-content\/uploads\/2024\/03\/Echalote-semoule.webp","width":800,"height":800,"caption":"\u00c9chalote semoule"},{"@type":"BreadcrumbList","@id":"https:\/\/www.csj-emballages.com\/es\/produit\/semola-de-chalota-2-3-mm-1-kg\/#breadcrumb","itemListElement":[{"@type":"ListItem","position":1,"name":"Accueil","item":"https:\/\/www.csj-emballages.com\/es\/universo-del-envasado-alimentario\/"},{"@type":"ListItem","position":2,"name":"Tienda","item":"https:\/\/www.csj-emballages.com\/tienda\/"},{"@type":"ListItem","position":3,"name":"S\u00e9mola de chalota 2-3 mm 1 kg"}]},{"@type":"WebSite","@id":"https:\/\/www.csj-emballages.com\/es\/#website","url":"https:\/\/www.csj-emballages.com\/es\/","name":"CSJ Emballages","description":"","publisher":{"@id":"https:\/\/www.csj-emballages.com\/es\/#organization"},"potentialAction":[{"@type":"SearchAction","target":{"@type":"EntryPoint","urlTemplate":"https:\/\/www.csj-emballages.com\/es\/?s={search_term_string}"},"query-input":{"@type":"PropertyValueSpecification","valueRequired":true,"valueName":"search_term_string"}}],"inLanguage":"es"},{"@type":"Organization","@id":"https:\/\/www.csj-emballages.com\/es\/#Organization\/","name":"CSJ Emballages","url":"https:\/\/www.csj-emballages.com\/es\/","logo":{"@type":"ImageObject","inLanguage":"es","@id":"https:\/\/www.csj-emballages.com\/es\/#\/schema\/logo\/image\/","url":"https:\/\/www.csj-emballages.com\/wp-content\/uploads\/2023\/10\/logo_csj.webp","contentUrl":"https:\/\/www.csj-emballages.com\/wp-content\/uploads\/2023\/10\/logo_csj.webp","width":250,"height":95,"caption":"CSJ Emballages"},"image":{"@id":"https:\/\/www.csj-emballages.com\/es\/#\/schema\/logo\/image\/"},"sameAs":["https:\/\/www.facebook.com\/csjemballages"],"address":{"@type":"PostalAddress","streetAddress":"ZI La Lechere","addressLocality":"Patornay","postalCode":"39130","addressCountry":"FR"},"contactPoint":[{"@type":"ContactPoint","contactType":"Service client","telephone":"0384254272","email":"contact@csj-emballages.com"}]}]}},"df_price":15.42,"df_sale_price":"","df_regular_price":15.42,"df_image_link":"https:\/\/www.csj-emballages.com\/wp-content\/uploads\/2024\/03\/Echalote-semoule-300x300.webp","tiered_pricing_type":"fixed","tiered_pricing_fixed_rules":[],"tiered_pricing_percentage_rules":[],"tiered_pricing_minimum":1,"tiered_pricing_roles_data":[],"_links":{"self":[{"href":"https:\/\/www.csj-emballages.com\/es\/wp-json\/wp\/v2\/product\/18188","targetHints":{"allow":["GET"]}}],"collection":[{"href":"https:\/\/www.csj-emballages.com\/es\/wp-json\/wp\/v2\/product"}],"about":[{"href":"https:\/\/www.csj-emballages.com\/es\/wp-json\/wp\/v2\/types\/product"}],"wp:featuredmedia":[{"embeddable":true,"href":"https:\/\/www.csj-emballages.com\/es\/wp-json\/wp\/v2\/media\/261443"}],"wp:attachment":[{"href":"https:\/\/www.csj-emballages.com\/es\/wp-json\/wp\/v2\/media?parent=18188"}],"wp:term":[{"taxonomy":"product_brand","embeddable":true,"href":"https:\/\/www.csj-emballages.com\/es\/wp-json\/wp\/v2\/product_brand?post=18188"},{"taxonomy":"product_cat","embeddable":true,"href":"https:\/\/www.csj-emballages.com\/es\/wp-json\/wp\/v2\/product_cat?post=18188"},{"taxonomy":"product_tag","embeddable":true,"href":"https:\/\/www.csj-emballages.com\/es\/wp-json\/wp\/v2\/product_tag?post=18188"}],"curies":[{"name":"wp","href":"https:\/\/api.w.org\/{rel}","templated":true}]}}