{"id":18177,"date":"2024-03-01T16:59:41","date_gmt":"2024-03-01T15:59:41","guid":{"rendered":"https:\/\/u15jnbdpoq.preview.infomaniak.website\/produit\/comino-en-grano-1-kg\/"},"modified":"2026-03-12T16:02:25","modified_gmt":"2026-03-12T15:02:25","slug":"comino-en-grano-1-kg","status":"publish","type":"product","link":"https:\/\/www.csj-emballages.com\/es\/produit\/comino-en-grano-1-kg\/","title":{"rendered":"Comino en grano 1 kg"},"content":{"rendered":"<h2 class=\"p1\">Comino en grano<\/h2>\n<hr>\n<h3>Descripci\u00f3n de nuestro comino en grano de 1 kg<\/h3>\n<p><!--more--><\/p>\n<p data-start=\"197\" data-end=\"591\">El <strong>comino en grano<\/strong> es uno de esos ingredientes que cambian por completo un plato, incluso en peque\u00f1a cantidad. Con su aroma c\u00e1lido, ligeramente picante y muy reconocible, aporta instant\u00e1neamente car\u00e1cter a sus recetas. Este formato de <strong data-start=\"434\" data-end=\"442\">1 kg<\/strong> est\u00e1 dirigido tanto a profesionales como a apasionados de la cocina que utilizan el <strong>comino<\/strong> con regularidad y quieren tenerlo siempre a mano.  <\/p>\n<p data-start=\"593\" data-end=\"992\">En grano, el <strong>comino<\/strong> conserva toda su riqueza arom\u00e1tica. Puede utilizarlo tal cual para infusionar lentamente sus platos o molerlo en el \u00faltimo momento para liberar a\u00fan m\u00e1s sabores. As\u00ed, controla perfectamente la intensidad y adapta el ali\u00f1o seg\u00fan sus deseos. Se integra f\u00e1cilmente en numerosas cocinas: <strong>oriental, india, mexicana o incluso mediterr\u00e1nea<\/strong>.   <\/p>\n<p data-start=\"994\" data-end=\"1384\">Adem\u00e1s, este acondicionamiento generoso es ideal para su uso en restauraci\u00f3n, catering o cocina colectiva. Permite trabajar c\u00f3modamente sin multiplicar las bolsitas peque\u00f1as. El <strong>comino<\/strong> acompa\u00f1a tanto a las carnes, las verduras, las legumbres como a las salsas o los adobos. Basta con a\u00f1adir una pizca para realzar un plato manteniendo un equilibrio sutil.   <\/p>\n<p data-start=\"1386\" data-end=\"1673\">Por otra parte, el <strong>comino en grano<\/strong> es apreciado por su polivalencia. Puede tostarse en seco para intensificar sus aromas o utilizarse tal cual para un sabor m\u00e1s suave. Gracias a este formato econ\u00f3mico, gana en practicidad al tiempo que asegura una calidad constante en sus preparaciones.  <\/p>\n<p data-start=\"1675\" data-end=\"1830\">En resumen, este <strong>comino en grano de 1 kg<\/strong> es un indispensable para una cocina generosa, perfumada y controlada, tanto en el d\u00eda a d\u00eda como en las grandes producciones.<\/p>\n<p>&nbsp;<\/p>\n<p><!--more--><\/p>\n<h4>Ventajas :<\/h4>\n<ul>\n<li data-start=\"485\" data-end=\"546\">Aroma intenso y aut\u00e9ntico para perfumar sus platos.<\/li>\n<li data-start=\"547\" data-end=\"636\">Acondicionamiento econ\u00f3mico adaptado a los profesionales y a los grandes consumidores.<\/li>\n<li data-start=\"637\" data-end=\"734\">Ideal para guisos, adobos, panes, salsas y mezclas de especias.<\/li>\n<li data-start=\"735\" data-end=\"789\"><strong data-start=\"737\" data-end=\"754\">100% natural<\/strong>, sin aditivos ni conservantes.<\/li>\n<\/ul>\n<p>&nbsp;<\/p>\n<p><!--more--><\/p>\n<h4>Informaci\u00f3n adicional :<\/h4>\n<ul>\n<li><strong>Envase<\/strong>: Envase de 1 kg<\/li>\n<li><strong>Formato<\/strong>: Granos<\/li>\n<\/ul>\n<p>&nbsp;<\/p>\n<p><!--more--><\/p>\n<p><a href=\"https:\/\/www.csj-emballages.com\/es\/categorie-produit\/alimentacion-es\/especias\/especias-sencillas\/\">Ver el resto de nuestra gama de especias sencillas  <\/a><\/p>\n<p>&nbsp;<\/p>\n","protected":false},"excerpt":{"rendered":"<p>Comino en grano Descripci\u00f3n de nuestro comino en grano de 1 kg<\/p>\n","protected":false},"featured_media":225815,"template":"","meta":{"_acf_changed":false},"product_brand":[],"product_cat":[1162,1454,1455],"product_tag":[],"class_list":{"0":"post-18177","1":"product","2":"type-product","3":"status-publish","4":"has-post-thumbnail","6":"product_cat-alimentacion-es","7":"product_cat-especias","8":"product_cat-especias-sencillas","10":"first","11":"instock","12":"taxable","13":"shipping-taxable","14":"purchasable","15":"product-type-simple"},"acf":[],"yoast_head":"<!-- This site is optimized with the Yoast SEO Premium plugin v26.6 (Yoast SEO v26.6) - https:\/\/yoast.com\/wordpress\/plugins\/seo\/ -->\n<title>Comino en grano 1kg<\/title>\n<meta name=\"description\" content=\"Descubra nuestro comino en grano de 1 kg, una especia con sabores c\u00e1lidos y picantes, perfecta para realzar sus platos. Ideal para profesionales.\" \/>\n<meta name=\"robots\" content=\"index, follow, max-snippet:-1, max-image-preview:large, max-video-preview:-1\" \/>\n<link rel=\"canonical\" href=\"https:\/\/www.csj-emballages.com\/es\/produit\/comino-en-grano-1-kg\/\" \/>\n<meta property=\"og:locale\" content=\"es_ES\" \/>\n<meta property=\"og:type\" content=\"article\" \/>\n<meta property=\"og:title\" content=\"Comino en grano 1 kg\" \/>\n<meta property=\"og:description\" content=\"Descubra nuestro comino en grano de 1 kg, una especia con sabores c\u00e1lidos y picantes, perfecta para realzar sus platos. Ideal para profesionales.\" \/>\n<meta property=\"og:url\" content=\"https:\/\/www.csj-emballages.com\/es\/produit\/comino-en-grano-1-kg\/\" \/>\n<meta property=\"og:site_name\" content=\"CSJ Emballages\" \/>\n<meta property=\"article:publisher\" content=\"https:\/\/www.facebook.com\/csjemballages\" \/>\n<meta property=\"article:modified_time\" content=\"2026-03-12T15:02:25+00:00\" \/>\n<meta property=\"og:image\" content=\"https:\/\/www.csj-emballages.com\/wp-content\/uploads\/2024\/03\/cumin-grain.webp\" \/>\n\t<meta property=\"og:image:width\" content=\"800\" \/>\n\t<meta property=\"og:image:height\" content=\"800\" \/>\n\t<meta property=\"og:image:type\" content=\"image\/webp\" \/>\n<meta name=\"twitter:card\" content=\"summary_large_image\" \/>\n<meta name=\"twitter:label1\" content=\"Tiempo de lectura\" \/>\n\t<meta name=\"twitter:data1\" content=\"2 minutos\" \/>\n<script type=\"application\/ld+json\" class=\"yoast-schema-graph\">{\"@context\":\"https:\/\/schema.org\",\"@graph\":[{\"@type\":\"WebPage\",\"@id\":\"https:\/\/www.csj-emballages.com\/es\/produit\/comino-en-grano-1-kg\/\",\"url\":\"https:\/\/www.csj-emballages.com\/es\/produit\/comino-en-grano-1-kg\/\",\"name\":\"Comino en grano 1kg\",\"isPartOf\":{\"@id\":\"https:\/\/www.csj-emballages.com\/es\/#website\"},\"primaryImageOfPage\":{\"@id\":\"https:\/\/www.csj-emballages.com\/es\/produit\/comino-en-grano-1-kg\/#primaryimage\"},\"image\":{\"@id\":\"https:\/\/www.csj-emballages.com\/es\/produit\/comino-en-grano-1-kg\/#primaryimage\"},\"thumbnailUrl\":\"https:\/\/www.csj-emballages.com\/wp-content\/uploads\/2024\/03\/cumin-grain.webp\",\"datePublished\":\"2024-03-01T15:59:41+00:00\",\"dateModified\":\"2026-03-12T15:02:25+00:00\",\"description\":\"Descubra nuestro comino en grano de 1 kg, una especia con sabores c\u00e1lidos y picantes, perfecta para realzar sus platos. Ideal para profesionales.\",\"breadcrumb\":{\"@id\":\"https:\/\/www.csj-emballages.com\/es\/produit\/comino-en-grano-1-kg\/#breadcrumb\"},\"inLanguage\":\"es\",\"potentialAction\":[{\"@type\":\"ReadAction\",\"target\":[\"https:\/\/www.csj-emballages.com\/es\/produit\/comino-en-grano-1-kg\/\"]}]},{\"@type\":\"ImageObject\",\"inLanguage\":\"es\",\"@id\":\"https:\/\/www.csj-emballages.com\/es\/produit\/comino-en-grano-1-kg\/#primaryimage\",\"url\":\"https:\/\/www.csj-emballages.com\/wp-content\/uploads\/2024\/03\/cumin-grain.webp\",\"contentUrl\":\"https:\/\/www.csj-emballages.com\/wp-content\/uploads\/2024\/03\/cumin-grain.webp\",\"width\":800,\"height\":800,\"caption\":\"Cumin grain\"},{\"@type\":\"BreadcrumbList\",\"@id\":\"https:\/\/www.csj-emballages.com\/es\/produit\/comino-en-grano-1-kg\/#breadcrumb\",\"itemListElement\":[{\"@type\":\"ListItem\",\"position\":1,\"name\":\"Accueil\",\"item\":\"https:\/\/www.csj-emballages.com\/es\/universo-del-envasado-alimentario\/\"},{\"@type\":\"ListItem\",\"position\":2,\"name\":\"Tienda\",\"item\":\"https:\/\/www.csj-emballages.com\/tienda\/\"},{\"@type\":\"ListItem\",\"position\":3,\"name\":\"Comino en grano 1 kg\"}]},{\"@type\":\"WebSite\",\"@id\":\"https:\/\/www.csj-emballages.com\/es\/#website\",\"url\":\"https:\/\/www.csj-emballages.com\/es\/\",\"name\":\"CSJ Emballages\",\"description\":\"\",\"publisher\":{\"@id\":\"https:\/\/www.csj-emballages.com\/es\/#organization\"},\"potentialAction\":[{\"@type\":\"SearchAction\",\"target\":{\"@type\":\"EntryPoint\",\"urlTemplate\":\"https:\/\/www.csj-emballages.com\/es\/?s={search_term_string}\"},\"query-input\":{\"@type\":\"PropertyValueSpecification\",\"valueRequired\":true,\"valueName\":\"search_term_string\"}}],\"inLanguage\":\"es\"},{\"@type\":\"Organization\",\"@id\":\"https:\/\/www.csj-emballages.com\/es\/#Organization\/\",\"name\":\"CSJ Emballages\",\"url\":\"https:\/\/www.csj-emballages.com\/es\/\",\"logo\":{\"@type\":\"ImageObject\",\"inLanguage\":\"es\",\"@id\":\"https:\/\/www.csj-emballages.com\/es\/#\/schema\/logo\/image\/\",\"url\":\"https:\/\/www.csj-emballages.com\/wp-content\/uploads\/2023\/10\/logo_csj.webp\",\"contentUrl\":\"https:\/\/www.csj-emballages.com\/wp-content\/uploads\/2023\/10\/logo_csj.webp\",\"width\":250,\"height\":95,\"caption\":\"CSJ Emballages\"},\"image\":{\"@id\":\"https:\/\/www.csj-emballages.com\/es\/#\/schema\/logo\/image\/\"},\"sameAs\":[\"https:\/\/www.facebook.com\/csjemballages\"],\"address\":{\"@type\":\"PostalAddress\",\"streetAddress\":\"ZI La Lechere\",\"addressLocality\":\"Patornay\",\"postalCode\":\"39130\",\"addressCountry\":\"FR\"},\"contactPoint\":[{\"@type\":\"ContactPoint\",\"contactType\":\"Service client\",\"telephone\":\"0384254272\",\"email\":\"contact@csj-emballages.com\"}]}]}<\/script>\n<!-- \/ Yoast SEO Premium plugin. -->","yoast_head_json":{"title":"Comino en grano 1kg","description":"Descubra nuestro comino en grano de 1 kg, una especia con sabores c\u00e1lidos y picantes, perfecta para realzar sus platos. Ideal para profesionales.","robots":{"index":"index","follow":"follow","max-snippet":"max-snippet:-1","max-image-preview":"max-image-preview:large","max-video-preview":"max-video-preview:-1"},"canonical":"https:\/\/www.csj-emballages.com\/es\/produit\/comino-en-grano-1-kg\/","og_locale":"es_ES","og_type":"article","og_title":"Comino en grano 1 kg","og_description":"Descubra nuestro comino en grano de 1 kg, una especia con sabores c\u00e1lidos y picantes, perfecta para realzar sus platos. Ideal para profesionales.","og_url":"https:\/\/www.csj-emballages.com\/es\/produit\/comino-en-grano-1-kg\/","og_site_name":"CSJ Emballages","article_publisher":"https:\/\/www.facebook.com\/csjemballages","article_modified_time":"2026-03-12T15:02:25+00:00","og_image":[{"width":800,"height":800,"url":"https:\/\/www.csj-emballages.com\/wp-content\/uploads\/2024\/03\/cumin-grain.webp","type":"image\/webp"}],"twitter_card":"summary_large_image","twitter_misc":{"Tiempo de lectura":"2 minutos"},"schema":{"@context":"https:\/\/schema.org","@graph":[{"@type":"WebPage","@id":"https:\/\/www.csj-emballages.com\/es\/produit\/comino-en-grano-1-kg\/","url":"https:\/\/www.csj-emballages.com\/es\/produit\/comino-en-grano-1-kg\/","name":"Comino en grano 1kg","isPartOf":{"@id":"https:\/\/www.csj-emballages.com\/es\/#website"},"primaryImageOfPage":{"@id":"https:\/\/www.csj-emballages.com\/es\/produit\/comino-en-grano-1-kg\/#primaryimage"},"image":{"@id":"https:\/\/www.csj-emballages.com\/es\/produit\/comino-en-grano-1-kg\/#primaryimage"},"thumbnailUrl":"https:\/\/www.csj-emballages.com\/wp-content\/uploads\/2024\/03\/cumin-grain.webp","datePublished":"2024-03-01T15:59:41+00:00","dateModified":"2026-03-12T15:02:25+00:00","description":"Descubra nuestro comino en grano de 1 kg, una especia con sabores c\u00e1lidos y picantes, perfecta para realzar sus platos. Ideal para profesionales.","breadcrumb":{"@id":"https:\/\/www.csj-emballages.com\/es\/produit\/comino-en-grano-1-kg\/#breadcrumb"},"inLanguage":"es","potentialAction":[{"@type":"ReadAction","target":["https:\/\/www.csj-emballages.com\/es\/produit\/comino-en-grano-1-kg\/"]}]},{"@type":"ImageObject","inLanguage":"es","@id":"https:\/\/www.csj-emballages.com\/es\/produit\/comino-en-grano-1-kg\/#primaryimage","url":"https:\/\/www.csj-emballages.com\/wp-content\/uploads\/2024\/03\/cumin-grain.webp","contentUrl":"https:\/\/www.csj-emballages.com\/wp-content\/uploads\/2024\/03\/cumin-grain.webp","width":800,"height":800,"caption":"Cumin grain"},{"@type":"BreadcrumbList","@id":"https:\/\/www.csj-emballages.com\/es\/produit\/comino-en-grano-1-kg\/#breadcrumb","itemListElement":[{"@type":"ListItem","position":1,"name":"Accueil","item":"https:\/\/www.csj-emballages.com\/es\/universo-del-envasado-alimentario\/"},{"@type":"ListItem","position":2,"name":"Tienda","item":"https:\/\/www.csj-emballages.com\/tienda\/"},{"@type":"ListItem","position":3,"name":"Comino en grano 1 kg"}]},{"@type":"WebSite","@id":"https:\/\/www.csj-emballages.com\/es\/#website","url":"https:\/\/www.csj-emballages.com\/es\/","name":"CSJ Emballages","description":"","publisher":{"@id":"https:\/\/www.csj-emballages.com\/es\/#organization"},"potentialAction":[{"@type":"SearchAction","target":{"@type":"EntryPoint","urlTemplate":"https:\/\/www.csj-emballages.com\/es\/?s={search_term_string}"},"query-input":{"@type":"PropertyValueSpecification","valueRequired":true,"valueName":"search_term_string"}}],"inLanguage":"es"},{"@type":"Organization","@id":"https:\/\/www.csj-emballages.com\/es\/#Organization\/","name":"CSJ Emballages","url":"https:\/\/www.csj-emballages.com\/es\/","logo":{"@type":"ImageObject","inLanguage":"es","@id":"https:\/\/www.csj-emballages.com\/es\/#\/schema\/logo\/image\/","url":"https:\/\/www.csj-emballages.com\/wp-content\/uploads\/2023\/10\/logo_csj.webp","contentUrl":"https:\/\/www.csj-emballages.com\/wp-content\/uploads\/2023\/10\/logo_csj.webp","width":250,"height":95,"caption":"CSJ Emballages"},"image":{"@id":"https:\/\/www.csj-emballages.com\/es\/#\/schema\/logo\/image\/"},"sameAs":["https:\/\/www.facebook.com\/csjemballages"],"address":{"@type":"PostalAddress","streetAddress":"ZI La Lechere","addressLocality":"Patornay","postalCode":"39130","addressCountry":"FR"},"contactPoint":[{"@type":"ContactPoint","contactType":"Service client","telephone":"0384254272","email":"contact@csj-emballages.com"}]}]}},"df_price":16.06,"df_sale_price":"","df_regular_price":16.06,"df_image_link":"https:\/\/www.csj-emballages.com\/wp-content\/uploads\/2024\/03\/cumin-grain-300x300.webp","tiered_pricing_type":"fixed","tiered_pricing_fixed_rules":[],"tiered_pricing_percentage_rules":[],"tiered_pricing_minimum":1,"tiered_pricing_roles_data":[],"_links":{"self":[{"href":"https:\/\/www.csj-emballages.com\/es\/wp-json\/wp\/v2\/product\/18177","targetHints":{"allow":["GET"]}}],"collection":[{"href":"https:\/\/www.csj-emballages.com\/es\/wp-json\/wp\/v2\/product"}],"about":[{"href":"https:\/\/www.csj-emballages.com\/es\/wp-json\/wp\/v2\/types\/product"}],"wp:featuredmedia":[{"embeddable":true,"href":"https:\/\/www.csj-emballages.com\/es\/wp-json\/wp\/v2\/media\/225815"}],"wp:attachment":[{"href":"https:\/\/www.csj-emballages.com\/es\/wp-json\/wp\/v2\/media?parent=18177"}],"wp:term":[{"taxonomy":"product_brand","embeddable":true,"href":"https:\/\/www.csj-emballages.com\/es\/wp-json\/wp\/v2\/product_brand?post=18177"},{"taxonomy":"product_cat","embeddable":true,"href":"https:\/\/www.csj-emballages.com\/es\/wp-json\/wp\/v2\/product_cat?post=18177"},{"taxonomy":"product_tag","embeddable":true,"href":"https:\/\/www.csj-emballages.com\/es\/wp-json\/wp\/v2\/product_tag?post=18177"}],"curies":[{"name":"wp","href":"https:\/\/api.w.org\/{rel}","templated":true}]}}