{"id":18173,"date":"2024-03-01T16:59:40","date_gmt":"2024-03-01T15:59:40","guid":{"rendered":"https:\/\/u15jnbdpoq.preview.infomaniak.website\/produit\/hierbas-provenzales-1-kg\/"},"modified":"2026-04-04T02:10:25","modified_gmt":"2026-04-04T00:10:25","slug":"hierbas-provenzales-1-kg","status":"publish","type":"product","link":"https:\/\/www.csj-emballages.com\/es\/produit\/hierbas-provenzales-1-kg\/","title":{"rendered":"Hierbas provenzales 1 kg"},"content":{"rendered":"<h2 class=\"p1\">Hierbas provenzales<\/h2>\n<hr>\n<h3>Descripci\u00f3n de nuestras hierbas de Provenza 1 kg<\/h3>\n<p><!--more--><\/p>\n<p data-start=\"182\" data-end=\"543\">Es imposible hablar de cocina soleada sin pensar en las <strong data-start=\"242\" data-end=\"264\">hierbas provenzales<\/strong>. Con este formato de <strong data-start=\"281\" data-end=\"289\">1 kg<\/strong>, tiene a mano una mezcla generosa y perfumada que transforma instant\u00e1neamente los platos cotidianos. Nada m\u00e1s abrir la bolsa, los aromas se liberan: huele al Sur, a comidas sencillas pero sabrosas, y a recetas que siempre gustan.  <\/p>\n<p data-start=\"545\" data-end=\"898\">Esta mezcla de <strong>hierbas secas<\/strong> se integra f\u00e1cilmente en todas sus preparaciones. Ya sea para realzar una <strong>carne a la parrilla, perfumar unas verduras asadas, sublimar una salsa de tomate<\/strong> o dar car\u00e1cter a un adobo, hacen el trabajo sin esfuerzo. Basta con una pizca para aportar un toque mediterr\u00e1neo, sin enmascarar los sabores principales.  <\/p>\n<p data-start=\"900\" data-end=\"1260\">Gracias a su gran acondicionamiento, este producto es perfectamente adecuado para los profesionales de la restauraci\u00f3n, caterings, colectividades o cocinas de alto rendimiento. Pero tambi\u00e9n es muy adecuado para los amantes de la cocina a los que les gusta cocinar a menudo y en cantidad. Ahorra tiempo, evita las roturas de stock y mantiene una calidad constante en sus platos.  <\/p>\n<p data-start=\"1262\" data-end=\"1583\">Adem\u00e1s, las <strong>hierbas provenzales<\/strong> ofrecen una alternativa sencilla para cocinar con m\u00e1s aroma sin a\u00f1adir demasiada sal o grasas. Se utilizan tanto en la cocci\u00f3n como en el acabado, seg\u00fan la intensidad deseada. Polivalentes, pr\u00e1cticas y siempre eficaces, se convierten r\u00e1pidamente en un reflejo en la cocina.  <\/p>\n<p data-start=\"1585\" data-end=\"1717\">En resumen, este <strong>formato de 1 kg<\/strong> le permite cocinar libremente, con sabores aut\u00e9nticos y una verdadera regularidad, d\u00eda tras d\u00eda.<\/p>\n<p>&nbsp;<\/p>\n<p><!--more--><\/p>\n<h4>Ventajas :<\/h4>\n<ul>\n<li data-start=\"526\" data-end=\"601\">Sabores equilibrados para platos sabrosos.<\/li>\n<li data-start=\"602\" data-end=\"691\">Selecci\u00f3n rigurosa de las hierbas para una frescura \u00f3ptima.<\/li>\n<li data-start=\"692\" data-end=\"772\">Ideal para carnes, pescados, verduras, salsas y <span style=\"color: #d12727;\"><a style=\"color: #d12727;\" href=\"https:\/\/www.csj-emballages.com\/es\/categorie-produit\/alimentacion-es\/adobos\/\">adobos<\/a><\/span>.<\/li>\n<li data-start=\"773\" data-end=\"879\">1 kg para un uso prolongado, adaptado a restauradores y caterings.<\/li>\n<li data-start=\"880\" data-end=\"972\">Sin aditivos ni conservantes, para una cocina sana y aut\u00e9ntica.<\/li>\n<\/ul>\n<p>&nbsp;<\/p>\n<p><!--more--><\/p>\n<h4>Informaci\u00f3n adicional :<\/h4>\n<ul>\n<li><strong>Envase<\/strong>: Envase de 1 kg<\/li>\n<li><strong>Formato<\/strong>: Granos<\/li>\n<\/ul>\n<p>&nbsp;<\/p>\n<p><!--more--><\/p>\n<p><a href=\"https:\/\/www.csj-emballages.com\/es\/categorie-produit\/alimentacion-es\/especias\/especias-sencillas\/\">Ver el resto de nuestra gama de especias sencillas  <\/a><\/p>\n","protected":false},"excerpt":{"rendered":"<p>Hierbas provenzales Descripci\u00f3n de nuestras hierbas de Provenza 1 kg<\/p>\n","protected":false},"featured_media":261476,"template":"","meta":{"_acf_changed":false},"product_brand":[],"product_cat":[1162,1454,1455],"product_tag":[],"class_list":{"0":"post-18173","1":"product","2":"type-product","3":"status-publish","4":"has-post-thumbnail","6":"product_cat-alimentacion-es","7":"product_cat-especias","8":"product_cat-especias-sencillas","10":"first","11":"instock","12":"taxable","13":"shipping-taxable","14":"purchasable","15":"product-type-simple"},"acf":[],"yoast_head":"<!-- This site is optimized with the Yoast SEO Premium plugin v26.6 (Yoast SEO v26.6) - https:\/\/yoast.com\/wordpress\/plugins\/seo\/ -->\n<title>Hierbas de Provenza 1 kg<\/title>\n<meta name=\"description\" content=\"Descubra nuestras Hierbas Provenzales 1 kg. Perfectas para sazonar carnes, pescados y verduras a la parrilla. Formato generoso de 1 kg\" \/>\n<meta name=\"robots\" content=\"index, follow, max-snippet:-1, max-image-preview:large, max-video-preview:-1\" \/>\n<link rel=\"canonical\" href=\"https:\/\/www.csj-emballages.com\/es\/produit\/hierbas-provenzales-1-kg\/\" \/>\n<meta property=\"og:locale\" content=\"es_ES\" \/>\n<meta property=\"og:type\" content=\"article\" \/>\n<meta property=\"og:title\" content=\"Hierbas provenzales 1 kg\" \/>\n<meta property=\"og:description\" content=\"Descubra nuestras Hierbas Provenzales 1 kg. Perfectas para sazonar carnes, pescados y verduras a la parrilla. Formato generoso de 1 kg\" \/>\n<meta property=\"og:url\" content=\"https:\/\/www.csj-emballages.com\/es\/produit\/hierbas-provenzales-1-kg\/\" \/>\n<meta property=\"og:site_name\" content=\"CSJ Emballages\" \/>\n<meta property=\"article:publisher\" content=\"https:\/\/www.facebook.com\/csjemballages\" \/>\n<meta property=\"article:modified_time\" content=\"2026-04-04T00:10:25+00:00\" \/>\n<meta property=\"og:image\" content=\"https:\/\/www.csj-emballages.com\/wp-content\/uploads\/2024\/03\/Herbes-de-provence.webp\" \/>\n\t<meta property=\"og:image:width\" content=\"800\" \/>\n\t<meta property=\"og:image:height\" content=\"800\" \/>\n\t<meta property=\"og:image:type\" content=\"image\/webp\" \/>\n<meta name=\"twitter:card\" content=\"summary_large_image\" \/>\n<meta name=\"twitter:label1\" content=\"Tiempo de lectura\" \/>\n\t<meta name=\"twitter:data1\" content=\"2 minutos\" \/>\n<script type=\"application\/ld+json\" class=\"yoast-schema-graph\">{\"@context\":\"https:\/\/schema.org\",\"@graph\":[{\"@type\":\"WebPage\",\"@id\":\"https:\/\/www.csj-emballages.com\/es\/produit\/hierbas-provenzales-1-kg\/\",\"url\":\"https:\/\/www.csj-emballages.com\/es\/produit\/hierbas-provenzales-1-kg\/\",\"name\":\"Hierbas de Provenza 1 kg\",\"isPartOf\":{\"@id\":\"https:\/\/www.csj-emballages.com\/es\/#website\"},\"primaryImageOfPage\":{\"@id\":\"https:\/\/www.csj-emballages.com\/es\/produit\/hierbas-provenzales-1-kg\/#primaryimage\"},\"image\":{\"@id\":\"https:\/\/www.csj-emballages.com\/es\/produit\/hierbas-provenzales-1-kg\/#primaryimage\"},\"thumbnailUrl\":\"https:\/\/www.csj-emballages.com\/wp-content\/uploads\/2024\/03\/Herbes-de-provence.webp\",\"datePublished\":\"2024-03-01T15:59:40+00:00\",\"dateModified\":\"2026-04-04T00:10:25+00:00\",\"description\":\"Descubra nuestras Hierbas Provenzales 1 kg. Perfectas para sazonar carnes, pescados y verduras a la parrilla. Formato generoso de 1 kg\",\"breadcrumb\":{\"@id\":\"https:\/\/www.csj-emballages.com\/es\/produit\/hierbas-provenzales-1-kg\/#breadcrumb\"},\"inLanguage\":\"es\",\"potentialAction\":[{\"@type\":\"ReadAction\",\"target\":[\"https:\/\/www.csj-emballages.com\/es\/produit\/hierbas-provenzales-1-kg\/\"]}]},{\"@type\":\"ImageObject\",\"inLanguage\":\"es\",\"@id\":\"https:\/\/www.csj-emballages.com\/es\/produit\/hierbas-provenzales-1-kg\/#primaryimage\",\"url\":\"https:\/\/www.csj-emballages.com\/wp-content\/uploads\/2024\/03\/Herbes-de-provence.webp\",\"contentUrl\":\"https:\/\/www.csj-emballages.com\/wp-content\/uploads\/2024\/03\/Herbes-de-provence.webp\",\"width\":800,\"height\":800,\"caption\":\"Herbes de provence\"},{\"@type\":\"BreadcrumbList\",\"@id\":\"https:\/\/www.csj-emballages.com\/es\/produit\/hierbas-provenzales-1-kg\/#breadcrumb\",\"itemListElement\":[{\"@type\":\"ListItem\",\"position\":1,\"name\":\"Accueil\",\"item\":\"https:\/\/www.csj-emballages.com\/es\/universo-del-envasado-alimentario\/\"},{\"@type\":\"ListItem\",\"position\":2,\"name\":\"Tienda\",\"item\":\"https:\/\/www.csj-emballages.com\/tienda\/\"},{\"@type\":\"ListItem\",\"position\":3,\"name\":\"Hierbas provenzales 1 kg\"}]},{\"@type\":\"WebSite\",\"@id\":\"https:\/\/www.csj-emballages.com\/es\/#website\",\"url\":\"https:\/\/www.csj-emballages.com\/es\/\",\"name\":\"CSJ Emballages\",\"description\":\"\",\"publisher\":{\"@id\":\"https:\/\/www.csj-emballages.com\/es\/#organization\"},\"potentialAction\":[{\"@type\":\"SearchAction\",\"target\":{\"@type\":\"EntryPoint\",\"urlTemplate\":\"https:\/\/www.csj-emballages.com\/es\/?s={search_term_string}\"},\"query-input\":{\"@type\":\"PropertyValueSpecification\",\"valueRequired\":true,\"valueName\":\"search_term_string\"}}],\"inLanguage\":\"es\"},{\"@type\":\"Organization\",\"@id\":\"https:\/\/www.csj-emballages.com\/es\/#Organization\/\",\"name\":\"CSJ Emballages\",\"url\":\"https:\/\/www.csj-emballages.com\/es\/\",\"logo\":{\"@type\":\"ImageObject\",\"inLanguage\":\"es\",\"@id\":\"https:\/\/www.csj-emballages.com\/es\/#\/schema\/logo\/image\/\",\"url\":\"https:\/\/www.csj-emballages.com\/wp-content\/uploads\/2023\/10\/logo_csj.webp\",\"contentUrl\":\"https:\/\/www.csj-emballages.com\/wp-content\/uploads\/2023\/10\/logo_csj.webp\",\"width\":250,\"height\":95,\"caption\":\"CSJ Emballages\"},\"image\":{\"@id\":\"https:\/\/www.csj-emballages.com\/es\/#\/schema\/logo\/image\/\"},\"sameAs\":[\"https:\/\/www.facebook.com\/csjemballages\"],\"address\":{\"@type\":\"PostalAddress\",\"streetAddress\":\"ZI La Lechere\",\"addressLocality\":\"Patornay\",\"postalCode\":\"39130\",\"addressCountry\":\"FR\"},\"contactPoint\":[{\"@type\":\"ContactPoint\",\"contactType\":\"Service client\",\"telephone\":\"0384254272\",\"email\":\"contact@csj-emballages.com\"}]}]}<\/script>\n<!-- \/ Yoast SEO Premium plugin. -->","yoast_head_json":{"title":"Hierbas de Provenza 1 kg","description":"Descubra nuestras Hierbas Provenzales 1 kg. Perfectas para sazonar carnes, pescados y verduras a la parrilla. Formato generoso de 1 kg","robots":{"index":"index","follow":"follow","max-snippet":"max-snippet:-1","max-image-preview":"max-image-preview:large","max-video-preview":"max-video-preview:-1"},"canonical":"https:\/\/www.csj-emballages.com\/es\/produit\/hierbas-provenzales-1-kg\/","og_locale":"es_ES","og_type":"article","og_title":"Hierbas provenzales 1 kg","og_description":"Descubra nuestras Hierbas Provenzales 1 kg. Perfectas para sazonar carnes, pescados y verduras a la parrilla. Formato generoso de 1 kg","og_url":"https:\/\/www.csj-emballages.com\/es\/produit\/hierbas-provenzales-1-kg\/","og_site_name":"CSJ Emballages","article_publisher":"https:\/\/www.facebook.com\/csjemballages","article_modified_time":"2026-04-04T00:10:25+00:00","og_image":[{"width":800,"height":800,"url":"https:\/\/www.csj-emballages.com\/wp-content\/uploads\/2024\/03\/Herbes-de-provence.webp","type":"image\/webp"}],"twitter_card":"summary_large_image","twitter_misc":{"Tiempo de lectura":"2 minutos"},"schema":{"@context":"https:\/\/schema.org","@graph":[{"@type":"WebPage","@id":"https:\/\/www.csj-emballages.com\/es\/produit\/hierbas-provenzales-1-kg\/","url":"https:\/\/www.csj-emballages.com\/es\/produit\/hierbas-provenzales-1-kg\/","name":"Hierbas de Provenza 1 kg","isPartOf":{"@id":"https:\/\/www.csj-emballages.com\/es\/#website"},"primaryImageOfPage":{"@id":"https:\/\/www.csj-emballages.com\/es\/produit\/hierbas-provenzales-1-kg\/#primaryimage"},"image":{"@id":"https:\/\/www.csj-emballages.com\/es\/produit\/hierbas-provenzales-1-kg\/#primaryimage"},"thumbnailUrl":"https:\/\/www.csj-emballages.com\/wp-content\/uploads\/2024\/03\/Herbes-de-provence.webp","datePublished":"2024-03-01T15:59:40+00:00","dateModified":"2026-04-04T00:10:25+00:00","description":"Descubra nuestras Hierbas Provenzales 1 kg. Perfectas para sazonar carnes, pescados y verduras a la parrilla. Formato generoso de 1 kg","breadcrumb":{"@id":"https:\/\/www.csj-emballages.com\/es\/produit\/hierbas-provenzales-1-kg\/#breadcrumb"},"inLanguage":"es","potentialAction":[{"@type":"ReadAction","target":["https:\/\/www.csj-emballages.com\/es\/produit\/hierbas-provenzales-1-kg\/"]}]},{"@type":"ImageObject","inLanguage":"es","@id":"https:\/\/www.csj-emballages.com\/es\/produit\/hierbas-provenzales-1-kg\/#primaryimage","url":"https:\/\/www.csj-emballages.com\/wp-content\/uploads\/2024\/03\/Herbes-de-provence.webp","contentUrl":"https:\/\/www.csj-emballages.com\/wp-content\/uploads\/2024\/03\/Herbes-de-provence.webp","width":800,"height":800,"caption":"Herbes de provence"},{"@type":"BreadcrumbList","@id":"https:\/\/www.csj-emballages.com\/es\/produit\/hierbas-provenzales-1-kg\/#breadcrumb","itemListElement":[{"@type":"ListItem","position":1,"name":"Accueil","item":"https:\/\/www.csj-emballages.com\/es\/universo-del-envasado-alimentario\/"},{"@type":"ListItem","position":2,"name":"Tienda","item":"https:\/\/www.csj-emballages.com\/tienda\/"},{"@type":"ListItem","position":3,"name":"Hierbas provenzales 1 kg"}]},{"@type":"WebSite","@id":"https:\/\/www.csj-emballages.com\/es\/#website","url":"https:\/\/www.csj-emballages.com\/es\/","name":"CSJ Emballages","description":"","publisher":{"@id":"https:\/\/www.csj-emballages.com\/es\/#organization"},"potentialAction":[{"@type":"SearchAction","target":{"@type":"EntryPoint","urlTemplate":"https:\/\/www.csj-emballages.com\/es\/?s={search_term_string}"},"query-input":{"@type":"PropertyValueSpecification","valueRequired":true,"valueName":"search_term_string"}}],"inLanguage":"es"},{"@type":"Organization","@id":"https:\/\/www.csj-emballages.com\/es\/#Organization\/","name":"CSJ Emballages","url":"https:\/\/www.csj-emballages.com\/es\/","logo":{"@type":"ImageObject","inLanguage":"es","@id":"https:\/\/www.csj-emballages.com\/es\/#\/schema\/logo\/image\/","url":"https:\/\/www.csj-emballages.com\/wp-content\/uploads\/2023\/10\/logo_csj.webp","contentUrl":"https:\/\/www.csj-emballages.com\/wp-content\/uploads\/2023\/10\/logo_csj.webp","width":250,"height":95,"caption":"CSJ Emballages"},"image":{"@id":"https:\/\/www.csj-emballages.com\/es\/#\/schema\/logo\/image\/"},"sameAs":["https:\/\/www.facebook.com\/csjemballages"],"address":{"@type":"PostalAddress","streetAddress":"ZI La Lechere","addressLocality":"Patornay","postalCode":"39130","addressCountry":"FR"},"contactPoint":[{"@type":"ContactPoint","contactType":"Service client","telephone":"0384254272","email":"contact@csj-emballages.com"}]}]}},"df_price":14.2,"df_sale_price":"","df_regular_price":14.2,"df_image_link":"https:\/\/www.csj-emballages.com\/wp-content\/uploads\/2024\/03\/Herbes-de-provence-300x300.webp","tiered_pricing_type":"fixed","tiered_pricing_fixed_rules":[],"tiered_pricing_percentage_rules":[],"tiered_pricing_minimum":1,"tiered_pricing_roles_data":[],"_links":{"self":[{"href":"https:\/\/www.csj-emballages.com\/es\/wp-json\/wp\/v2\/product\/18173","targetHints":{"allow":["GET"]}}],"collection":[{"href":"https:\/\/www.csj-emballages.com\/es\/wp-json\/wp\/v2\/product"}],"about":[{"href":"https:\/\/www.csj-emballages.com\/es\/wp-json\/wp\/v2\/types\/product"}],"wp:featuredmedia":[{"embeddable":true,"href":"https:\/\/www.csj-emballages.com\/es\/wp-json\/wp\/v2\/media\/261476"}],"wp:attachment":[{"href":"https:\/\/www.csj-emballages.com\/es\/wp-json\/wp\/v2\/media?parent=18173"}],"wp:term":[{"taxonomy":"product_brand","embeddable":true,"href":"https:\/\/www.csj-emballages.com\/es\/wp-json\/wp\/v2\/product_brand?post=18173"},{"taxonomy":"product_cat","embeddable":true,"href":"https:\/\/www.csj-emballages.com\/es\/wp-json\/wp\/v2\/product_cat?post=18173"},{"taxonomy":"product_tag","embeddable":true,"href":"https:\/\/www.csj-emballages.com\/es\/wp-json\/wp\/v2\/product_tag?post=18173"}],"curies":[{"name":"wp","href":"https:\/\/api.w.org\/{rel}","templated":true}]}}