{"id":18167,"date":"2024-03-01T16:59:40","date_gmt":"2024-03-01T15:59:40","guid":{"rendered":"https:\/\/u15jnbdpoq.preview.infomaniak.website\/produit\/curry-indio-madras-en-polvo-1-kg\/"},"modified":"2026-04-28T02:10:44","modified_gmt":"2026-04-28T00:10:44","slug":"curry-indio-madras-en-polvo-1-kg","status":"publish","type":"product","link":"https:\/\/www.csj-emballages.com\/es\/produit\/curry-indio-madras-en-polvo-1-kg\/","title":{"rendered":"Curry indio madr\u00e1s en polvo 1 kg"},"content":{"rendered":"<h2 class=\"p1\">Curry en polvo<\/h2>\n<hr>\n<h3>Descripci\u00f3n de nuestro curry indio madr\u00e1s en polvo 1 kg<\/h3>\n<p><!--more--><\/p>\n<p data-start=\"171\" data-end=\"551\">\u00bfDesea aportar car\u00e1cter a sus platos sin complicar sus recetas? El <strong data-start=\"247\" data-end=\"280\">curry en polvo Indian Madras<\/strong> es un imprescindible para dar instant\u00e1neamente profundidad y calidez a su cocina. Con su mezcla equilibrada de especias cuidadosamente seleccionadas, ofrece un sabor intenso, ligeramente picante, que despierta las papilas gustativas sin enmascarar los ingredientes.  <\/p>\n<p data-start=\"553\" data-end=\"979\">Este <strong>curry en polvo<\/strong> se distingue por su perfil arom\u00e1tico rico: notas c\u00e1lidas, especiadas y sutilmente perfumadas que se integran tanto en los platos tradicionales indios como en las recetas del d\u00eda a d\u00eda. Realza las <strong>carnes, realza las verduras, perfuma las salsas y transforma un simple plato de arroz<\/strong> en un plato lleno de car\u00e1cter. Basta con espolvorear una peque\u00f1a cantidad para obtener un resultado sabroso y generoso.  <\/p>\n<p data-start=\"981\" data-end=\"1316\">Acondicionado en <strong data-start=\"996\" data-end=\"1011\">formato de 1 kg<\/strong>, este <strong>curry<\/strong> es perfectamente adecuado para un uso profesional. Restaurantes, caterings, snacks o cocinas colectivas encontrar\u00e1n en \u00e9l un aliado fiable para asegurar una constancia de sabor servicio tras servicio. Del mismo modo, este gran formato permite trabajar con serenidad, sin roturas, a la vez que se controlan los costes.  <\/p>\n<p data-start=\"1318\" data-end=\"1599\">F\u00e1cil de dosificar y sencillo de utilizar, se integra naturalmente en su organizaci\u00f3n en la cocina. Ya sea para revisitar un cl\u00e1sico, proponer un plato del d\u00eda especiado o enriquecer una salsa casera, el <strong>curry en polvo Indian Madras<\/strong> aporta ese toque ex\u00f3tico que marca la diferencia. <\/p>\n<p data-start=\"1601\" data-end=\"1731\">En resumen, es una especia polivalente, expresiva y eficaz, pensada para quienes quieren cocinar con gusto, sin superfluos.<\/p>\n<p>&nbsp;<\/p>\n<p><!--more--><\/p>\n<h4>Ventajas :<\/h4>\n<ul>\n<li data-start=\"476\" data-end=\"554\">Mezcla tradicional de especias para un sabor aut\u00e9ntico.<\/li>\n<li data-start=\"555\" data-end=\"640\">Ideal para carnes, pescados, verduras, salsas y guisos.<\/li>\n<li data-start=\"641\" data-end=\"727\">Formato de 1 kg perfecto para restauradores y caterings.<\/li>\n<li data-start=\"728\" data-end=\"818\" data-is-only-node=\"\">Acondicionamiento adaptado para preservar aromas y frescura<\/li>\n<\/ul>\n<p>&nbsp;<\/p>\n<p><!--more--><\/p>\n<h4>Informaci\u00f3n adicional :<\/h4>\n<ul>\n<li><strong>Envase<\/strong>: Envase de 1 kg<\/li>\n<li><strong>Formato<\/strong>: Molido<\/li>\n<\/ul>\n<p>&nbsp;<\/p>\n<p><!--more--><\/p>\n<p><a href=\"https:\/\/www.csj-emballages.com\/es\/categorie-produit\/alimentacion-es\/especias\/especias-sencillas\/\">Ver el resto de nuestra gama de especias sencillas  <\/a><\/p>\n","protected":false},"excerpt":{"rendered":"<p>Curry en polvo Descripci\u00f3n de nuestro curry indio madr\u00e1s en polvo 1 kg<\/p>\n","protected":false},"featured_media":225879,"template":"","meta":{"_acf_changed":false},"product_brand":[],"product_cat":[1162,1454,1455],"product_tag":[],"class_list":{"0":"post-18167","1":"product","2":"type-product","3":"status-publish","4":"has-post-thumbnail","6":"product_cat-alimentacion-es","7":"product_cat-especias","8":"product_cat-especias-sencillas","10":"first","11":"outofstock","12":"taxable","13":"shipping-taxable","14":"purchasable","15":"product-type-simple"},"acf":[],"yoast_head":"<!-- This site is optimized with the Yoast SEO Premium plugin v26.6 (Yoast SEO v26.6) - https:\/\/yoast.com\/wordpress\/plugins\/seo\/ -->\n<title>Curry indio de Madr\u00e1s en polvo 1 kg<\/title>\n<meta name=\"description\" content=\"\u00a1Disfrute de la autenticidad del curry en polvo Indian Madras de 1 kg! Una mezcla especiada ideal para realzar carnes, pescados y verduras.\" \/>\n<meta name=\"robots\" content=\"index, follow, max-snippet:-1, max-image-preview:large, max-video-preview:-1\" \/>\n<link rel=\"canonical\" href=\"https:\/\/www.csj-emballages.com\/es\/produit\/curry-indio-madras-en-polvo-1-kg\/\" \/>\n<meta property=\"og:locale\" content=\"es_ES\" \/>\n<meta property=\"og:type\" content=\"article\" \/>\n<meta property=\"og:title\" content=\"Curry indio madr\u00e1s en polvo 1 kg\" \/>\n<meta property=\"og:description\" content=\"\u00a1Disfrute de la autenticidad del curry en polvo Indian Madras de 1 kg! Una mezcla especiada ideal para realzar carnes, pescados y verduras.\" \/>\n<meta property=\"og:url\" content=\"https:\/\/www.csj-emballages.com\/es\/produit\/curry-indio-madras-en-polvo-1-kg\/\" \/>\n<meta property=\"og:site_name\" content=\"CSJ Emballages\" \/>\n<meta property=\"article:publisher\" content=\"https:\/\/www.facebook.com\/csjemballages\" \/>\n<meta property=\"article:modified_time\" content=\"2026-04-28T00:10:44+00:00\" \/>\n<meta property=\"og:image\" content=\"https:\/\/www.csj-emballages.com\/wp-content\/uploads\/2024\/03\/curry.webp\" \/>\n\t<meta property=\"og:image:width\" content=\"800\" \/>\n\t<meta property=\"og:image:height\" content=\"800\" \/>\n\t<meta property=\"og:image:type\" content=\"image\/webp\" \/>\n<meta name=\"twitter:card\" content=\"summary_large_image\" \/>\n<meta name=\"twitter:label1\" content=\"Tiempo de lectura\" \/>\n\t<meta name=\"twitter:data1\" content=\"2 minutos\" \/>\n<script type=\"application\/ld+json\" class=\"yoast-schema-graph\">{\"@context\":\"https:\/\/schema.org\",\"@graph\":[{\"@type\":\"WebPage\",\"@id\":\"https:\/\/www.csj-emballages.com\/es\/produit\/curry-indio-madras-en-polvo-1-kg\/\",\"url\":\"https:\/\/www.csj-emballages.com\/es\/produit\/curry-indio-madras-en-polvo-1-kg\/\",\"name\":\"Curry indio de Madr\u00e1s en polvo 1 kg\",\"isPartOf\":{\"@id\":\"https:\/\/www.csj-emballages.com\/es\/#website\"},\"primaryImageOfPage\":{\"@id\":\"https:\/\/www.csj-emballages.com\/es\/produit\/curry-indio-madras-en-polvo-1-kg\/#primaryimage\"},\"image\":{\"@id\":\"https:\/\/www.csj-emballages.com\/es\/produit\/curry-indio-madras-en-polvo-1-kg\/#primaryimage\"},\"thumbnailUrl\":\"https:\/\/www.csj-emballages.com\/wp-content\/uploads\/2024\/03\/curry.webp\",\"datePublished\":\"2024-03-01T15:59:40+00:00\",\"dateModified\":\"2026-04-28T00:10:44+00:00\",\"description\":\"\u00a1Disfrute de la autenticidad del curry en polvo Indian Madras de 1 kg! Una mezcla especiada ideal para realzar carnes, pescados y verduras.\",\"breadcrumb\":{\"@id\":\"https:\/\/www.csj-emballages.com\/es\/produit\/curry-indio-madras-en-polvo-1-kg\/#breadcrumb\"},\"inLanguage\":\"es\",\"potentialAction\":[{\"@type\":\"ReadAction\",\"target\":[\"https:\/\/www.csj-emballages.com\/es\/produit\/curry-indio-madras-en-polvo-1-kg\/\"]}]},{\"@type\":\"ImageObject\",\"inLanguage\":\"es\",\"@id\":\"https:\/\/www.csj-emballages.com\/es\/produit\/curry-indio-madras-en-polvo-1-kg\/#primaryimage\",\"url\":\"https:\/\/www.csj-emballages.com\/wp-content\/uploads\/2024\/03\/curry.webp\",\"contentUrl\":\"https:\/\/www.csj-emballages.com\/wp-content\/uploads\/2024\/03\/curry.webp\",\"width\":800,\"height\":800,\"caption\":\"Curry\"},{\"@type\":\"BreadcrumbList\",\"@id\":\"https:\/\/www.csj-emballages.com\/es\/produit\/curry-indio-madras-en-polvo-1-kg\/#breadcrumb\",\"itemListElement\":[{\"@type\":\"ListItem\",\"position\":1,\"name\":\"Accueil\",\"item\":\"https:\/\/www.csj-emballages.com\/es\/universo-del-envasado-alimentario\/\"},{\"@type\":\"ListItem\",\"position\":2,\"name\":\"Tienda\",\"item\":\"https:\/\/www.csj-emballages.com\/tienda\/\"},{\"@type\":\"ListItem\",\"position\":3,\"name\":\"Curry indio madr\u00e1s en polvo 1 kg\"}]},{\"@type\":\"WebSite\",\"@id\":\"https:\/\/www.csj-emballages.com\/es\/#website\",\"url\":\"https:\/\/www.csj-emballages.com\/es\/\",\"name\":\"CSJ Emballages\",\"description\":\"\",\"publisher\":{\"@id\":\"https:\/\/www.csj-emballages.com\/es\/#organization\"},\"potentialAction\":[{\"@type\":\"SearchAction\",\"target\":{\"@type\":\"EntryPoint\",\"urlTemplate\":\"https:\/\/www.csj-emballages.com\/es\/?s={search_term_string}\"},\"query-input\":{\"@type\":\"PropertyValueSpecification\",\"valueRequired\":true,\"valueName\":\"search_term_string\"}}],\"inLanguage\":\"es\"},{\"@type\":\"Organization\",\"@id\":\"https:\/\/www.csj-emballages.com\/es\/#Organization\/\",\"name\":\"CSJ Emballages\",\"url\":\"https:\/\/www.csj-emballages.com\/es\/\",\"logo\":{\"@type\":\"ImageObject\",\"inLanguage\":\"es\",\"@id\":\"https:\/\/www.csj-emballages.com\/es\/#\/schema\/logo\/image\/\",\"url\":\"https:\/\/www.csj-emballages.com\/wp-content\/uploads\/2023\/10\/logo_csj.webp\",\"contentUrl\":\"https:\/\/www.csj-emballages.com\/wp-content\/uploads\/2023\/10\/logo_csj.webp\",\"width\":250,\"height\":95,\"caption\":\"CSJ Emballages\"},\"image\":{\"@id\":\"https:\/\/www.csj-emballages.com\/es\/#\/schema\/logo\/image\/\"},\"sameAs\":[\"https:\/\/www.facebook.com\/csjemballages\"],\"address\":{\"@type\":\"PostalAddress\",\"streetAddress\":\"ZI La Lechere\",\"addressLocality\":\"Patornay\",\"postalCode\":\"39130\",\"addressCountry\":\"FR\"},\"contactPoint\":[{\"@type\":\"ContactPoint\",\"contactType\":\"Service client\",\"telephone\":\"0384254272\",\"email\":\"contact@csj-emballages.com\"}]}]}<\/script>\n<!-- \/ Yoast SEO Premium plugin. -->","yoast_head_json":{"title":"Curry indio de Madr\u00e1s en polvo 1 kg","description":"\u00a1Disfrute de la autenticidad del curry en polvo Indian Madras de 1 kg! Una mezcla especiada ideal para realzar carnes, pescados y verduras.","robots":{"index":"index","follow":"follow","max-snippet":"max-snippet:-1","max-image-preview":"max-image-preview:large","max-video-preview":"max-video-preview:-1"},"canonical":"https:\/\/www.csj-emballages.com\/es\/produit\/curry-indio-madras-en-polvo-1-kg\/","og_locale":"es_ES","og_type":"article","og_title":"Curry indio madr\u00e1s en polvo 1 kg","og_description":"\u00a1Disfrute de la autenticidad del curry en polvo Indian Madras de 1 kg! Una mezcla especiada ideal para realzar carnes, pescados y verduras.","og_url":"https:\/\/www.csj-emballages.com\/es\/produit\/curry-indio-madras-en-polvo-1-kg\/","og_site_name":"CSJ Emballages","article_publisher":"https:\/\/www.facebook.com\/csjemballages","article_modified_time":"2026-04-28T00:10:44+00:00","og_image":[{"width":800,"height":800,"url":"https:\/\/www.csj-emballages.com\/wp-content\/uploads\/2024\/03\/curry.webp","type":"image\/webp"}],"twitter_card":"summary_large_image","twitter_misc":{"Tiempo de lectura":"2 minutos"},"schema":{"@context":"https:\/\/schema.org","@graph":[{"@type":"WebPage","@id":"https:\/\/www.csj-emballages.com\/es\/produit\/curry-indio-madras-en-polvo-1-kg\/","url":"https:\/\/www.csj-emballages.com\/es\/produit\/curry-indio-madras-en-polvo-1-kg\/","name":"Curry indio de Madr\u00e1s en polvo 1 kg","isPartOf":{"@id":"https:\/\/www.csj-emballages.com\/es\/#website"},"primaryImageOfPage":{"@id":"https:\/\/www.csj-emballages.com\/es\/produit\/curry-indio-madras-en-polvo-1-kg\/#primaryimage"},"image":{"@id":"https:\/\/www.csj-emballages.com\/es\/produit\/curry-indio-madras-en-polvo-1-kg\/#primaryimage"},"thumbnailUrl":"https:\/\/www.csj-emballages.com\/wp-content\/uploads\/2024\/03\/curry.webp","datePublished":"2024-03-01T15:59:40+00:00","dateModified":"2026-04-28T00:10:44+00:00","description":"\u00a1Disfrute de la autenticidad del curry en polvo Indian Madras de 1 kg! Una mezcla especiada ideal para realzar carnes, pescados y verduras.","breadcrumb":{"@id":"https:\/\/www.csj-emballages.com\/es\/produit\/curry-indio-madras-en-polvo-1-kg\/#breadcrumb"},"inLanguage":"es","potentialAction":[{"@type":"ReadAction","target":["https:\/\/www.csj-emballages.com\/es\/produit\/curry-indio-madras-en-polvo-1-kg\/"]}]},{"@type":"ImageObject","inLanguage":"es","@id":"https:\/\/www.csj-emballages.com\/es\/produit\/curry-indio-madras-en-polvo-1-kg\/#primaryimage","url":"https:\/\/www.csj-emballages.com\/wp-content\/uploads\/2024\/03\/curry.webp","contentUrl":"https:\/\/www.csj-emballages.com\/wp-content\/uploads\/2024\/03\/curry.webp","width":800,"height":800,"caption":"Curry"},{"@type":"BreadcrumbList","@id":"https:\/\/www.csj-emballages.com\/es\/produit\/curry-indio-madras-en-polvo-1-kg\/#breadcrumb","itemListElement":[{"@type":"ListItem","position":1,"name":"Accueil","item":"https:\/\/www.csj-emballages.com\/es\/universo-del-envasado-alimentario\/"},{"@type":"ListItem","position":2,"name":"Tienda","item":"https:\/\/www.csj-emballages.com\/tienda\/"},{"@type":"ListItem","position":3,"name":"Curry indio madr\u00e1s en polvo 1 kg"}]},{"@type":"WebSite","@id":"https:\/\/www.csj-emballages.com\/es\/#website","url":"https:\/\/www.csj-emballages.com\/es\/","name":"CSJ Emballages","description":"","publisher":{"@id":"https:\/\/www.csj-emballages.com\/es\/#organization"},"potentialAction":[{"@type":"SearchAction","target":{"@type":"EntryPoint","urlTemplate":"https:\/\/www.csj-emballages.com\/es\/?s={search_term_string}"},"query-input":{"@type":"PropertyValueSpecification","valueRequired":true,"valueName":"search_term_string"}}],"inLanguage":"es"},{"@type":"Organization","@id":"https:\/\/www.csj-emballages.com\/es\/#Organization\/","name":"CSJ Emballages","url":"https:\/\/www.csj-emballages.com\/es\/","logo":{"@type":"ImageObject","inLanguage":"es","@id":"https:\/\/www.csj-emballages.com\/es\/#\/schema\/logo\/image\/","url":"https:\/\/www.csj-emballages.com\/wp-content\/uploads\/2023\/10\/logo_csj.webp","contentUrl":"https:\/\/www.csj-emballages.com\/wp-content\/uploads\/2023\/10\/logo_csj.webp","width":250,"height":95,"caption":"CSJ Emballages"},"image":{"@id":"https:\/\/www.csj-emballages.com\/es\/#\/schema\/logo\/image\/"},"sameAs":["https:\/\/www.facebook.com\/csjemballages"],"address":{"@type":"PostalAddress","streetAddress":"ZI La Lechere","addressLocality":"Patornay","postalCode":"39130","addressCountry":"FR"},"contactPoint":[{"@type":"ContactPoint","contactType":"Service client","telephone":"0384254272","email":"contact@csj-emballages.com"}]}]}},"df_price":10.28,"df_sale_price":"","df_regular_price":10.28,"df_image_link":"https:\/\/www.csj-emballages.com\/wp-content\/uploads\/2024\/03\/curry-300x300.webp","tiered_pricing_type":"fixed","tiered_pricing_fixed_rules":[],"tiered_pricing_percentage_rules":[],"tiered_pricing_minimum":1,"tiered_pricing_roles_data":[],"_links":{"self":[{"href":"https:\/\/www.csj-emballages.com\/es\/wp-json\/wp\/v2\/product\/18167","targetHints":{"allow":["GET"]}}],"collection":[{"href":"https:\/\/www.csj-emballages.com\/es\/wp-json\/wp\/v2\/product"}],"about":[{"href":"https:\/\/www.csj-emballages.com\/es\/wp-json\/wp\/v2\/types\/product"}],"wp:featuredmedia":[{"embeddable":true,"href":"https:\/\/www.csj-emballages.com\/es\/wp-json\/wp\/v2\/media\/225879"}],"wp:attachment":[{"href":"https:\/\/www.csj-emballages.com\/es\/wp-json\/wp\/v2\/media?parent=18167"}],"wp:term":[{"taxonomy":"product_brand","embeddable":true,"href":"https:\/\/www.csj-emballages.com\/es\/wp-json\/wp\/v2\/product_brand?post=18167"},{"taxonomy":"product_cat","embeddable":true,"href":"https:\/\/www.csj-emballages.com\/es\/wp-json\/wp\/v2\/product_cat?post=18167"},{"taxonomy":"product_tag","embeddable":true,"href":"https:\/\/www.csj-emballages.com\/es\/wp-json\/wp\/v2\/product_tag?post=18167"}],"curies":[{"name":"wp","href":"https:\/\/api.w.org\/{rel}","templated":true}]}}