{"id":18159,"date":"2024-03-01T16:59:41","date_gmt":"2024-03-01T15:59:41","guid":{"rendered":"https:\/\/u15jnbdpoq.preview.infomaniak.website\/produit\/tomillo-molido-1-kg\/"},"modified":"2026-03-12T16:02:21","modified_gmt":"2026-03-12T15:02:21","slug":"tomillo-molido-1-kg","status":"publish","type":"product","link":"https:\/\/www.csj-emballages.com\/es\/produit\/tomillo-molido-1-kg\/","title":{"rendered":"Tomillo molido 1 kg"},"content":{"rendered":"<h2>Tomillo molido<\/h2>\n<hr>\n<h3>Descripci\u00f3n de nuestro tomillo molido 1 kg<\/h3>\n<p><!--more--><\/p>\n<p data-start=\"143\" data-end=\"514\">El <strong>tomillo molido<\/strong> es ese peque\u00f1o ingrediente que lo cambia todo sin exagerar. Con este formato de <strong data-start=\"242\" data-end=\"250\">1 kg<\/strong>, tiene a mano un indispensable de la cocina, listo para realzar sus platos cotidianos y sus recetas m\u00e1s elaboradas. Finamente molido, libera r\u00e1pidamente sus aromas y se mezcla f\u00e1cilmente, lo que permite una difusi\u00f3n homog\u00e9nea del sabor, sin esfuerzo.  <\/p>\n<p data-start=\"516\" data-end=\"927\">Desde el momento en que se abre, su aroma es franco y reconocible. Aporta ese toque mediterr\u00e1neo que marca la diferencia: c\u00e1lido, herb\u00e1ceo y ligeramente amaderado. Puede utilizarlo tanto en adobos como en salsas, carnes, verduras asadas o incluso guisos. Y como ya est\u00e1 <strong>molido<\/strong>, ahorra tiempo en la cocina manteniendo una verdadera intensidad arom\u00e1tica.   <\/p>\n<p data-start=\"929\" data-end=\"1243\">Este <strong>gran envase<\/strong> est\u00e1 dirigido especialmente a profesionales, restauradores, empresas de catering o cocinas colectivas, pero tambi\u00e9n a aficionados a los que les gusta cocinar a menudo y en cantidad. Dosifica f\u00e1cilmente, evita el desperdicio y mantiene una regularidad perfecta en sus preparaciones. <\/p>\n<p data-start=\"1245\" data-end=\"1516\">Adem\u00e1s, el <strong>tomillo molido<\/strong> soporta muy bien la cocci\u00f3n. Conserva su car\u00e1cter incluso despu\u00e9s de varios minutos al fuego, lo que lo convierte en un aliado fiable para recetas largas o repetidas. En resumen, es una apuesta segura, f\u00e1cil de usar, pero siempre eficaz.  <\/p>\n<p data-start=\"1518\" data-end=\"1641\">En resumen, este <strong>tomillo molido de 1 kg<\/strong> le acompa\u00f1a a diario, sin complicaciones, para obtener platos sabrosos y bien equilibrados.<\/p>\n<p>&nbsp;<\/p>\n<p><!--more--><\/p>\n<h4>Ventajas :<\/h4>\n<ul>\n<li data-start=\"1669\" data-end=\"1697\">Formato econ\u00f3mico de <strong>1 kg<\/strong>.<\/li>\n<li data-start=\"1700\" data-end=\"1734\">Aroma intenso y bien equilibrado.<\/li>\n<li data-start=\"1737\" data-end=\"1781\">F\u00e1cil de dosificar e integrar en las recetas.<\/li>\n<li data-start=\"1784\" data-end=\"1827\">Ideal para cocina profesional o uso regular.<\/li>\n<li data-start=\"1830\" data-end=\"1855\">Buena resistencia al horneado.<\/li>\n<\/ul>\n<p>&nbsp;<\/p>\n<p><!--more--><\/p>\n<h4>Informaci\u00f3n adicional :<\/h4>\n<ul>\n<li><strong>Envase<\/strong>: Envase de 1 kg<\/li>\n<li><strong>Formato<\/strong>: Molido<\/li>\n<\/ul>\n<p>&nbsp;<\/p>\n<p><!--more--><\/p>\n<p><a href=\"https:\/\/www.csj-emballages.com\/es\/categorie-produit\/alimentacion-es\/especias\/especias-sencillas\/\">Ver el resto de nuestra gama de especias sencillas  <\/a><\/p>\n","protected":false},"excerpt":{"rendered":"<p><span style=\"color: #ff0000;\"><strong>Fecha de caducidad: 12\/2024<\/strong><\/span><\/p>\n","protected":false},"featured_media":225795,"template":"","meta":{"_acf_changed":false},"product_brand":[],"product_cat":[1162,1454,1455,11542],"product_tag":[],"class_list":{"0":"post-18159","1":"product","2":"type-product","3":"status-publish","4":"has-post-thumbnail","6":"product_cat-alimentacion-es","7":"product_cat-especias","8":"product_cat-especias-sencillas","9":"product_cat-liquidacion","11":"first","12":"outofstock","13":"sale","14":"taxable","15":"shipping-taxable","16":"purchasable","17":"product-type-simple"},"acf":[],"yoast_head":"<!-- This site is optimized with the Yoast SEO Premium plugin v26.6 (Yoast SEO v26.6) - https:\/\/yoast.com\/wordpress\/plugins\/seo\/ -->\n<title>Tomillo molido 1kg<\/title>\n<meta name=\"description\" content=\"Tomillo molido 1 kg \u2013 Perfecto para sazonar carnes, salsas y verduras. Calidad profesional, sabor intenso y aroma aut\u00e9ntico.\" \/>\n<meta name=\"robots\" content=\"index, follow, max-snippet:-1, max-image-preview:large, max-video-preview:-1\" \/>\n<link rel=\"canonical\" href=\"https:\/\/www.csj-emballages.com\/es\/produit\/tomillo-molido-1-kg\/\" \/>\n<meta property=\"og:locale\" content=\"es_ES\" \/>\n<meta property=\"og:type\" content=\"article\" \/>\n<meta property=\"og:title\" content=\"Tomillo molido 1 kg\" \/>\n<meta property=\"og:description\" content=\"Tomillo molido 1 kg \u2013 Perfecto para sazonar carnes, salsas y verduras. Calidad profesional, sabor intenso y aroma aut\u00e9ntico.\" \/>\n<meta property=\"og:url\" content=\"https:\/\/www.csj-emballages.com\/es\/produit\/tomillo-molido-1-kg\/\" \/>\n<meta property=\"og:site_name\" content=\"CSJ Emballages\" \/>\n<meta property=\"article:publisher\" content=\"https:\/\/www.facebook.com\/csjemballages\" \/>\n<meta property=\"article:modified_time\" content=\"2026-03-12T15:02:21+00:00\" \/>\n<meta property=\"og:image\" content=\"https:\/\/www.csj-emballages.com\/wp-content\/uploads\/2024\/03\/Thym-moulu.webp\" \/>\n\t<meta property=\"og:image:width\" content=\"800\" \/>\n\t<meta property=\"og:image:height\" content=\"800\" \/>\n\t<meta property=\"og:image:type\" content=\"image\/webp\" \/>\n<meta name=\"twitter:card\" content=\"summary_large_image\" \/>\n<meta name=\"twitter:label1\" content=\"Tiempo de lectura\" \/>\n\t<meta name=\"twitter:data1\" content=\"1 minuto\" \/>\n<script type=\"application\/ld+json\" class=\"yoast-schema-graph\">{\"@context\":\"https:\/\/schema.org\",\"@graph\":[{\"@type\":\"WebPage\",\"@id\":\"https:\/\/www.csj-emballages.com\/es\/produit\/tomillo-molido-1-kg\/\",\"url\":\"https:\/\/www.csj-emballages.com\/es\/produit\/tomillo-molido-1-kg\/\",\"name\":\"Tomillo molido 1kg\",\"isPartOf\":{\"@id\":\"https:\/\/www.csj-emballages.com\/es\/#website\"},\"primaryImageOfPage\":{\"@id\":\"https:\/\/www.csj-emballages.com\/es\/produit\/tomillo-molido-1-kg\/#primaryimage\"},\"image\":{\"@id\":\"https:\/\/www.csj-emballages.com\/es\/produit\/tomillo-molido-1-kg\/#primaryimage\"},\"thumbnailUrl\":\"https:\/\/www.csj-emballages.com\/wp-content\/uploads\/2024\/03\/Thym-moulu.webp\",\"datePublished\":\"2024-03-01T15:59:41+00:00\",\"dateModified\":\"2026-03-12T15:02:21+00:00\",\"description\":\"Tomillo molido 1 kg \u2013 Perfecto para sazonar carnes, salsas y verduras. Calidad profesional, sabor intenso y aroma aut\u00e9ntico.\",\"breadcrumb\":{\"@id\":\"https:\/\/www.csj-emballages.com\/es\/produit\/tomillo-molido-1-kg\/#breadcrumb\"},\"inLanguage\":\"es\",\"potentialAction\":[{\"@type\":\"ReadAction\",\"target\":[\"https:\/\/www.csj-emballages.com\/es\/produit\/tomillo-molido-1-kg\/\"]}]},{\"@type\":\"ImageObject\",\"inLanguage\":\"es\",\"@id\":\"https:\/\/www.csj-emballages.com\/es\/produit\/tomillo-molido-1-kg\/#primaryimage\",\"url\":\"https:\/\/www.csj-emballages.com\/wp-content\/uploads\/2024\/03\/Thym-moulu.webp\",\"contentUrl\":\"https:\/\/www.csj-emballages.com\/wp-content\/uploads\/2024\/03\/Thym-moulu.webp\",\"width\":800,\"height\":800,\"caption\":\"Thym moulu\"},{\"@type\":\"BreadcrumbList\",\"@id\":\"https:\/\/www.csj-emballages.com\/es\/produit\/tomillo-molido-1-kg\/#breadcrumb\",\"itemListElement\":[{\"@type\":\"ListItem\",\"position\":1,\"name\":\"Accueil\",\"item\":\"https:\/\/www.csj-emballages.com\/es\/universo-del-envasado-alimentario\/\"},{\"@type\":\"ListItem\",\"position\":2,\"name\":\"Tienda\",\"item\":\"https:\/\/www.csj-emballages.com\/tienda\/\"},{\"@type\":\"ListItem\",\"position\":3,\"name\":\"Tomillo molido 1 kg\"}]},{\"@type\":\"WebSite\",\"@id\":\"https:\/\/www.csj-emballages.com\/es\/#website\",\"url\":\"https:\/\/www.csj-emballages.com\/es\/\",\"name\":\"CSJ Emballages\",\"description\":\"\",\"publisher\":{\"@id\":\"https:\/\/www.csj-emballages.com\/es\/#organization\"},\"potentialAction\":[{\"@type\":\"SearchAction\",\"target\":{\"@type\":\"EntryPoint\",\"urlTemplate\":\"https:\/\/www.csj-emballages.com\/es\/?s={search_term_string}\"},\"query-input\":{\"@type\":\"PropertyValueSpecification\",\"valueRequired\":true,\"valueName\":\"search_term_string\"}}],\"inLanguage\":\"es\"},{\"@type\":\"Organization\",\"@id\":\"https:\/\/www.csj-emballages.com\/es\/#Organization\/\",\"name\":\"CSJ Emballages\",\"url\":\"https:\/\/www.csj-emballages.com\/es\/\",\"logo\":{\"@type\":\"ImageObject\",\"inLanguage\":\"es\",\"@id\":\"https:\/\/www.csj-emballages.com\/es\/#\/schema\/logo\/image\/\",\"url\":\"https:\/\/www.csj-emballages.com\/wp-content\/uploads\/2023\/10\/logo_csj.webp\",\"contentUrl\":\"https:\/\/www.csj-emballages.com\/wp-content\/uploads\/2023\/10\/logo_csj.webp\",\"width\":250,\"height\":95,\"caption\":\"CSJ Emballages\"},\"image\":{\"@id\":\"https:\/\/www.csj-emballages.com\/es\/#\/schema\/logo\/image\/\"},\"sameAs\":[\"https:\/\/www.facebook.com\/csjemballages\"],\"address\":{\"@type\":\"PostalAddress\",\"streetAddress\":\"ZI La Lechere\",\"addressLocality\":\"Patornay\",\"postalCode\":\"39130\",\"addressCountry\":\"FR\"},\"contactPoint\":[{\"@type\":\"ContactPoint\",\"contactType\":\"Service client\",\"telephone\":\"0384254272\",\"email\":\"contact@csj-emballages.com\"}]}]}<\/script>\n<!-- \/ Yoast SEO Premium plugin. -->","yoast_head_json":{"title":"Tomillo molido 1kg","description":"Tomillo molido 1 kg \u2013 Perfecto para sazonar carnes, salsas y verduras. Calidad profesional, sabor intenso y aroma aut\u00e9ntico.","robots":{"index":"index","follow":"follow","max-snippet":"max-snippet:-1","max-image-preview":"max-image-preview:large","max-video-preview":"max-video-preview:-1"},"canonical":"https:\/\/www.csj-emballages.com\/es\/produit\/tomillo-molido-1-kg\/","og_locale":"es_ES","og_type":"article","og_title":"Tomillo molido 1 kg","og_description":"Tomillo molido 1 kg \u2013 Perfecto para sazonar carnes, salsas y verduras. Calidad profesional, sabor intenso y aroma aut\u00e9ntico.","og_url":"https:\/\/www.csj-emballages.com\/es\/produit\/tomillo-molido-1-kg\/","og_site_name":"CSJ Emballages","article_publisher":"https:\/\/www.facebook.com\/csjemballages","article_modified_time":"2026-03-12T15:02:21+00:00","og_image":[{"width":800,"height":800,"url":"https:\/\/www.csj-emballages.com\/wp-content\/uploads\/2024\/03\/Thym-moulu.webp","type":"image\/webp"}],"twitter_card":"summary_large_image","twitter_misc":{"Tiempo de lectura":"1 minuto"},"schema":{"@context":"https:\/\/schema.org","@graph":[{"@type":"WebPage","@id":"https:\/\/www.csj-emballages.com\/es\/produit\/tomillo-molido-1-kg\/","url":"https:\/\/www.csj-emballages.com\/es\/produit\/tomillo-molido-1-kg\/","name":"Tomillo molido 1kg","isPartOf":{"@id":"https:\/\/www.csj-emballages.com\/es\/#website"},"primaryImageOfPage":{"@id":"https:\/\/www.csj-emballages.com\/es\/produit\/tomillo-molido-1-kg\/#primaryimage"},"image":{"@id":"https:\/\/www.csj-emballages.com\/es\/produit\/tomillo-molido-1-kg\/#primaryimage"},"thumbnailUrl":"https:\/\/www.csj-emballages.com\/wp-content\/uploads\/2024\/03\/Thym-moulu.webp","datePublished":"2024-03-01T15:59:41+00:00","dateModified":"2026-03-12T15:02:21+00:00","description":"Tomillo molido 1 kg \u2013 Perfecto para sazonar carnes, salsas y verduras. Calidad profesional, sabor intenso y aroma aut\u00e9ntico.","breadcrumb":{"@id":"https:\/\/www.csj-emballages.com\/es\/produit\/tomillo-molido-1-kg\/#breadcrumb"},"inLanguage":"es","potentialAction":[{"@type":"ReadAction","target":["https:\/\/www.csj-emballages.com\/es\/produit\/tomillo-molido-1-kg\/"]}]},{"@type":"ImageObject","inLanguage":"es","@id":"https:\/\/www.csj-emballages.com\/es\/produit\/tomillo-molido-1-kg\/#primaryimage","url":"https:\/\/www.csj-emballages.com\/wp-content\/uploads\/2024\/03\/Thym-moulu.webp","contentUrl":"https:\/\/www.csj-emballages.com\/wp-content\/uploads\/2024\/03\/Thym-moulu.webp","width":800,"height":800,"caption":"Thym moulu"},{"@type":"BreadcrumbList","@id":"https:\/\/www.csj-emballages.com\/es\/produit\/tomillo-molido-1-kg\/#breadcrumb","itemListElement":[{"@type":"ListItem","position":1,"name":"Accueil","item":"https:\/\/www.csj-emballages.com\/es\/universo-del-envasado-alimentario\/"},{"@type":"ListItem","position":2,"name":"Tienda","item":"https:\/\/www.csj-emballages.com\/tienda\/"},{"@type":"ListItem","position":3,"name":"Tomillo molido 1 kg"}]},{"@type":"WebSite","@id":"https:\/\/www.csj-emballages.com\/es\/#website","url":"https:\/\/www.csj-emballages.com\/es\/","name":"CSJ Emballages","description":"","publisher":{"@id":"https:\/\/www.csj-emballages.com\/es\/#organization"},"potentialAction":[{"@type":"SearchAction","target":{"@type":"EntryPoint","urlTemplate":"https:\/\/www.csj-emballages.com\/es\/?s={search_term_string}"},"query-input":{"@type":"PropertyValueSpecification","valueRequired":true,"valueName":"search_term_string"}}],"inLanguage":"es"},{"@type":"Organization","@id":"https:\/\/www.csj-emballages.com\/es\/#Organization\/","name":"CSJ Emballages","url":"https:\/\/www.csj-emballages.com\/es\/","logo":{"@type":"ImageObject","inLanguage":"es","@id":"https:\/\/www.csj-emballages.com\/es\/#\/schema\/logo\/image\/","url":"https:\/\/www.csj-emballages.com\/wp-content\/uploads\/2023\/10\/logo_csj.webp","contentUrl":"https:\/\/www.csj-emballages.com\/wp-content\/uploads\/2023\/10\/logo_csj.webp","width":250,"height":95,"caption":"CSJ Emballages"},"image":{"@id":"https:\/\/www.csj-emballages.com\/es\/#\/schema\/logo\/image\/"},"sameAs":["https:\/\/www.facebook.com\/csjemballages"],"address":{"@type":"PostalAddress","streetAddress":"ZI La Lechere","addressLocality":"Patornay","postalCode":"39130","addressCountry":"FR"},"contactPoint":[{"@type":"ContactPoint","contactType":"Service client","telephone":"0384254272","email":"contact@csj-emballages.com"}]}]}},"df_price":8.72,"df_sale_price":8.72,"df_regular_price":10.91,"df_image_link":"https:\/\/www.csj-emballages.com\/wp-content\/uploads\/2024\/03\/Thym-moulu-300x300.webp","tiered_pricing_type":"fixed","tiered_pricing_fixed_rules":[],"tiered_pricing_percentage_rules":[],"tiered_pricing_minimum":1,"tiered_pricing_roles_data":[],"_links":{"self":[{"href":"https:\/\/www.csj-emballages.com\/es\/wp-json\/wp\/v2\/product\/18159","targetHints":{"allow":["GET"]}}],"collection":[{"href":"https:\/\/www.csj-emballages.com\/es\/wp-json\/wp\/v2\/product"}],"about":[{"href":"https:\/\/www.csj-emballages.com\/es\/wp-json\/wp\/v2\/types\/product"}],"wp:featuredmedia":[{"embeddable":true,"href":"https:\/\/www.csj-emballages.com\/es\/wp-json\/wp\/v2\/media\/225795"}],"wp:attachment":[{"href":"https:\/\/www.csj-emballages.com\/es\/wp-json\/wp\/v2\/media?parent=18159"}],"wp:term":[{"taxonomy":"product_brand","embeddable":true,"href":"https:\/\/www.csj-emballages.com\/es\/wp-json\/wp\/v2\/product_brand?post=18159"},{"taxonomy":"product_cat","embeddable":true,"href":"https:\/\/www.csj-emballages.com\/es\/wp-json\/wp\/v2\/product_cat?post=18159"},{"taxonomy":"product_tag","embeddable":true,"href":"https:\/\/www.csj-emballages.com\/es\/wp-json\/wp\/v2\/product_tag?post=18159"}],"curies":[{"name":"wp","href":"https:\/\/api.w.org\/{rel}","templated":true}]}}