{"id":18146,"date":"2024-03-01T16:59:42","date_gmt":"2024-03-01T15:59:42","guid":{"rendered":"https:\/\/u15jnbdpoq.preview.infomaniak.website\/produit\/hojas-de-albahaca-1-kg\/"},"modified":"2026-04-04T02:10:21","modified_gmt":"2026-04-04T00:10:21","slug":"hojas-de-albahaca-1-kg","status":"publish","type":"product","link":"https:\/\/www.csj-emballages.com\/es\/produit\/hojas-de-albahaca-1-kg\/","title":{"rendered":"Hojas de albahaca deshidratadas 1 kg"},"content":{"rendered":"<h2 class=\"p1\">Albahaca<\/h2>\n<hr>\n<h3>Descripci\u00f3n de nuestra albahaca hojas deshidratadas 1 kg<\/h3>\n<p><!--more--><\/p>\n<p data-start=\"183\" data-end=\"547\">La <strong>albahaca<\/strong> es esa hierba que evoca inmediatamente el sol y la cocina mediterr\u00e1nea. Con esta <strong data-start=\"285\" data-end=\"321\">albahaca en hojas deshidratadas<\/strong>, tendr\u00e1 toda esa intensidad arom\u00e1tica al alcance de la mano, sin problemas de conservaci\u00f3n. Nada m\u00e1s abrir la bolsa, su aroma vegetal y ligeramente especiado recuerda a los platos caseros, sencillos pero llenos de sabor.  <\/p>\n<p data-start=\"549\" data-end=\"1030\">Gracias al proceso de deshidrataci\u00f3n, las <strong>hojas<\/strong> conservan sus aromas a la vez que ofrecen un uso ultrapr\u00e1ctico. No es necesario lavar, cortar ni almacenar en fr\u00edo: dosifique, a\u00f1ada y listo. Este formato de <strong data-start=\"768\" data-end=\"776\">1 kg<\/strong> es especialmente adecuado para los profesionales de la restauraci\u00f3n, empresas de catering, pizzer\u00edas o cocinas colectivas que utilizan la albahaca a diario. Permite trabajar c\u00f3modamente, sin rotura de stock, manteniendo una calidad constante.   <\/p>\n<p data-start=\"1032\" data-end=\"1341\">Esta <strong>albahaca<\/strong> se integra f\u00e1cilmente en numerosas recetas. Realza una salsa de tomate, aromatiza una pizza, aporta un toque fresco a la pasta, las verduras a la plancha o los adobos. Y como est\u00e1 en hojas, mantiene una presencia visual real en el plato, a diferencia de los polvos demasiado finos.  <\/p>\n<p data-start=\"1343\" data-end=\"1558\">Adem\u00e1s, su larga duraci\u00f3n de conservaci\u00f3n le permite utilizarla progresivamente, sin desperdicio. Es una soluci\u00f3n sencilla, econ\u00f3mica y eficaz para aportar car\u00e1cter a sus platos, durante todo el a\u00f1o. <\/p>\n<p data-start=\"1560\" data-end=\"1728\">En resumen, esta <strong>albahaca deshidratada<\/strong> le ofrece sabor, practicidad y regularidad. Un imprescindible para cocinar r\u00e1pido, bien y con gusto, incluso en grandes cantidades. <\/p>\n<p>&nbsp;<\/p>\n<p><!--more--><\/p>\n<h4>Ventajas :<\/h4>\n<ul>\n<li data-start=\"480\" data-end=\"560\">Conserva los aromas naturales de la albahaca.<\/li>\n<li data-start=\"561\" data-end=\"641\">Perfecto para uso profesional y dom\u00e9stico.<\/li>\n<li data-start=\"642\" data-end=\"732\">Ideal para salsas, carnes, pescados, pizzas y platos mediterr\u00e1neos.<\/li>\n<li data-start=\"733\" data-end=\"819\" data-is-only-node=\"\">Listo para usar, sin necesidad de lavado ni de corte.<\/li>\n<li data-start=\"820\" data-end=\"927\">Formato de 1 kg adaptado a las necesidades de profesionales y particulares.<\/li>\n<\/ul>\n<p>&nbsp;<\/p>\n<p><!--more--><\/p>\n<h4>Informaci\u00f3n adicional :<\/h4>\n<ul>\n<li><strong>Envase<\/strong>: Envase de 1 kg<\/li>\n<li><strong>Tipo<\/strong>: Hojas deshidratadas<\/li>\n<\/ul>\n<p>&nbsp;<\/p>\n<p><!--more--><\/p>\n<p><a href=\"https:\/\/www.csj-emballages.com\/es\/categorie-produit\/alimentacion-es\/especias\/especias-sencillas\/\">Ver el resto de nuestra gama de especias sencillas<\/a><\/p>\n","protected":false},"excerpt":{"rendered":"<p>fecha de caducidad: 06\/2025<\/p>\n","protected":false},"featured_media":225637,"template":"","meta":{"_acf_changed":false},"product_brand":[],"product_cat":[1162,1454,1455,11542],"product_tag":[],"class_list":{"0":"post-18146","1":"product","2":"type-product","3":"status-publish","4":"has-post-thumbnail","6":"product_cat-alimentacion-es","7":"product_cat-especias","8":"product_cat-especias-sencillas","9":"product_cat-liquidacion","11":"first","12":"outofstock","13":"sale","14":"taxable","15":"shipping-taxable","16":"purchasable","17":"product-type-simple"},"acf":[],"yoast_head":"<!-- This site is optimized with the Yoast SEO Premium plugin v26.6 (Yoast SEO v26.6) - https:\/\/yoast.com\/wordpress\/plugins\/seo\/ -->\n<title>Hojas de albahaca deshidratadas 1 kg<\/title>\n<meta name=\"description\" content=\"Descubra nuestra albahaca en hojas deshidratadas de 1 kg, ideal para aportar un sabor mediterr\u00e1neo a sus platos. Perfecto para restauradores y empresas de catering.\" \/>\n<meta name=\"robots\" content=\"index, follow, max-snippet:-1, max-image-preview:large, max-video-preview:-1\" \/>\n<link rel=\"canonical\" href=\"https:\/\/www.csj-emballages.com\/es\/produit\/hojas-de-albahaca-1-kg\/\" \/>\n<meta property=\"og:locale\" content=\"es_ES\" \/>\n<meta property=\"og:type\" content=\"article\" \/>\n<meta property=\"og:title\" content=\"Hojas de albahaca deshidratadas 1 kg\" \/>\n<meta property=\"og:description\" content=\"Descubra nuestra albahaca en hojas deshidratadas de 1 kg, ideal para aportar un sabor mediterr\u00e1neo a sus platos. Perfecto para restauradores y empresas de catering.\" \/>\n<meta property=\"og:url\" content=\"https:\/\/www.csj-emballages.com\/es\/produit\/hojas-de-albahaca-1-kg\/\" \/>\n<meta property=\"og:site_name\" content=\"CSJ Emballages\" \/>\n<meta property=\"article:publisher\" content=\"https:\/\/www.facebook.com\/csjemballages\" \/>\n<meta property=\"article:modified_time\" content=\"2026-04-04T00:10:21+00:00\" \/>\n<meta property=\"og:image\" content=\"https:\/\/www.csj-emballages.com\/wp-content\/uploads\/2024\/03\/Basilic-feuilles-deshydratees.webp\" \/>\n\t<meta property=\"og:image:width\" content=\"800\" \/>\n\t<meta property=\"og:image:height\" content=\"799\" \/>\n\t<meta property=\"og:image:type\" content=\"image\/webp\" \/>\n<meta name=\"twitter:card\" content=\"summary_large_image\" \/>\n<meta name=\"twitter:label1\" content=\"Tiempo de lectura\" \/>\n\t<meta name=\"twitter:data1\" content=\"2 minutos\" \/>\n<script type=\"application\/ld+json\" class=\"yoast-schema-graph\">{\"@context\":\"https:\/\/schema.org\",\"@graph\":[{\"@type\":\"WebPage\",\"@id\":\"https:\/\/www.csj-emballages.com\/es\/produit\/hojas-de-albahaca-1-kg\/\",\"url\":\"https:\/\/www.csj-emballages.com\/es\/produit\/hojas-de-albahaca-1-kg\/\",\"name\":\"Hojas de albahaca deshidratadas 1 kg\",\"isPartOf\":{\"@id\":\"https:\/\/www.csj-emballages.com\/es\/#website\"},\"primaryImageOfPage\":{\"@id\":\"https:\/\/www.csj-emballages.com\/es\/produit\/hojas-de-albahaca-1-kg\/#primaryimage\"},\"image\":{\"@id\":\"https:\/\/www.csj-emballages.com\/es\/produit\/hojas-de-albahaca-1-kg\/#primaryimage\"},\"thumbnailUrl\":\"https:\/\/www.csj-emballages.com\/wp-content\/uploads\/2024\/03\/Basilic-feuilles-deshydratees.webp\",\"datePublished\":\"2024-03-01T15:59:42+00:00\",\"dateModified\":\"2026-04-04T00:10:21+00:00\",\"description\":\"Descubra nuestra albahaca en hojas deshidratadas de 1 kg, ideal para aportar un sabor mediterr\u00e1neo a sus platos. Perfecto para restauradores y empresas de catering.\",\"breadcrumb\":{\"@id\":\"https:\/\/www.csj-emballages.com\/es\/produit\/hojas-de-albahaca-1-kg\/#breadcrumb\"},\"inLanguage\":\"es\",\"potentialAction\":[{\"@type\":\"ReadAction\",\"target\":[\"https:\/\/www.csj-emballages.com\/es\/produit\/hojas-de-albahaca-1-kg\/\"]}]},{\"@type\":\"ImageObject\",\"inLanguage\":\"es\",\"@id\":\"https:\/\/www.csj-emballages.com\/es\/produit\/hojas-de-albahaca-1-kg\/#primaryimage\",\"url\":\"https:\/\/www.csj-emballages.com\/wp-content\/uploads\/2024\/03\/Basilic-feuilles-deshydratees.webp\",\"contentUrl\":\"https:\/\/www.csj-emballages.com\/wp-content\/uploads\/2024\/03\/Basilic-feuilles-deshydratees.webp\",\"width\":800,\"height\":799,\"caption\":\"basilic\"},{\"@type\":\"BreadcrumbList\",\"@id\":\"https:\/\/www.csj-emballages.com\/es\/produit\/hojas-de-albahaca-1-kg\/#breadcrumb\",\"itemListElement\":[{\"@type\":\"ListItem\",\"position\":1,\"name\":\"Accueil\",\"item\":\"https:\/\/www.csj-emballages.com\/es\/universo-del-envasado-alimentario\/\"},{\"@type\":\"ListItem\",\"position\":2,\"name\":\"Tienda\",\"item\":\"https:\/\/www.csj-emballages.com\/tienda\/\"},{\"@type\":\"ListItem\",\"position\":3,\"name\":\"Hojas de albahaca deshidratadas 1 kg\"}]},{\"@type\":\"WebSite\",\"@id\":\"https:\/\/www.csj-emballages.com\/es\/#website\",\"url\":\"https:\/\/www.csj-emballages.com\/es\/\",\"name\":\"CSJ Emballages\",\"description\":\"\",\"publisher\":{\"@id\":\"https:\/\/www.csj-emballages.com\/es\/#organization\"},\"potentialAction\":[{\"@type\":\"SearchAction\",\"target\":{\"@type\":\"EntryPoint\",\"urlTemplate\":\"https:\/\/www.csj-emballages.com\/es\/?s={search_term_string}\"},\"query-input\":{\"@type\":\"PropertyValueSpecification\",\"valueRequired\":true,\"valueName\":\"search_term_string\"}}],\"inLanguage\":\"es\"},{\"@type\":\"Organization\",\"@id\":\"https:\/\/www.csj-emballages.com\/es\/#Organization\/\",\"name\":\"CSJ Emballages\",\"url\":\"https:\/\/www.csj-emballages.com\/es\/\",\"logo\":{\"@type\":\"ImageObject\",\"inLanguage\":\"es\",\"@id\":\"https:\/\/www.csj-emballages.com\/es\/#\/schema\/logo\/image\/\",\"url\":\"https:\/\/www.csj-emballages.com\/wp-content\/uploads\/2023\/10\/logo_csj.webp\",\"contentUrl\":\"https:\/\/www.csj-emballages.com\/wp-content\/uploads\/2023\/10\/logo_csj.webp\",\"width\":250,\"height\":95,\"caption\":\"CSJ Emballages\"},\"image\":{\"@id\":\"https:\/\/www.csj-emballages.com\/es\/#\/schema\/logo\/image\/\"},\"sameAs\":[\"https:\/\/www.facebook.com\/csjemballages\"],\"address\":{\"@type\":\"PostalAddress\",\"streetAddress\":\"ZI La Lechere\",\"addressLocality\":\"Patornay\",\"postalCode\":\"39130\",\"addressCountry\":\"FR\"},\"contactPoint\":[{\"@type\":\"ContactPoint\",\"contactType\":\"Service client\",\"telephone\":\"0384254272\",\"email\":\"contact@csj-emballages.com\"}]}]}<\/script>\n<!-- \/ Yoast SEO Premium plugin. -->","yoast_head_json":{"title":"Hojas de albahaca deshidratadas 1 kg","description":"Descubra nuestra albahaca en hojas deshidratadas de 1 kg, ideal para aportar un sabor mediterr\u00e1neo a sus platos. Perfecto para restauradores y empresas de catering.","robots":{"index":"index","follow":"follow","max-snippet":"max-snippet:-1","max-image-preview":"max-image-preview:large","max-video-preview":"max-video-preview:-1"},"canonical":"https:\/\/www.csj-emballages.com\/es\/produit\/hojas-de-albahaca-1-kg\/","og_locale":"es_ES","og_type":"article","og_title":"Hojas de albahaca deshidratadas 1 kg","og_description":"Descubra nuestra albahaca en hojas deshidratadas de 1 kg, ideal para aportar un sabor mediterr\u00e1neo a sus platos. Perfecto para restauradores y empresas de catering.","og_url":"https:\/\/www.csj-emballages.com\/es\/produit\/hojas-de-albahaca-1-kg\/","og_site_name":"CSJ Emballages","article_publisher":"https:\/\/www.facebook.com\/csjemballages","article_modified_time":"2026-04-04T00:10:21+00:00","og_image":[{"width":800,"height":799,"url":"https:\/\/www.csj-emballages.com\/wp-content\/uploads\/2024\/03\/Basilic-feuilles-deshydratees.webp","type":"image\/webp"}],"twitter_card":"summary_large_image","twitter_misc":{"Tiempo de lectura":"2 minutos"},"schema":{"@context":"https:\/\/schema.org","@graph":[{"@type":"WebPage","@id":"https:\/\/www.csj-emballages.com\/es\/produit\/hojas-de-albahaca-1-kg\/","url":"https:\/\/www.csj-emballages.com\/es\/produit\/hojas-de-albahaca-1-kg\/","name":"Hojas de albahaca deshidratadas 1 kg","isPartOf":{"@id":"https:\/\/www.csj-emballages.com\/es\/#website"},"primaryImageOfPage":{"@id":"https:\/\/www.csj-emballages.com\/es\/produit\/hojas-de-albahaca-1-kg\/#primaryimage"},"image":{"@id":"https:\/\/www.csj-emballages.com\/es\/produit\/hojas-de-albahaca-1-kg\/#primaryimage"},"thumbnailUrl":"https:\/\/www.csj-emballages.com\/wp-content\/uploads\/2024\/03\/Basilic-feuilles-deshydratees.webp","datePublished":"2024-03-01T15:59:42+00:00","dateModified":"2026-04-04T00:10:21+00:00","description":"Descubra nuestra albahaca en hojas deshidratadas de 1 kg, ideal para aportar un sabor mediterr\u00e1neo a sus platos. Perfecto para restauradores y empresas de catering.","breadcrumb":{"@id":"https:\/\/www.csj-emballages.com\/es\/produit\/hojas-de-albahaca-1-kg\/#breadcrumb"},"inLanguage":"es","potentialAction":[{"@type":"ReadAction","target":["https:\/\/www.csj-emballages.com\/es\/produit\/hojas-de-albahaca-1-kg\/"]}]},{"@type":"ImageObject","inLanguage":"es","@id":"https:\/\/www.csj-emballages.com\/es\/produit\/hojas-de-albahaca-1-kg\/#primaryimage","url":"https:\/\/www.csj-emballages.com\/wp-content\/uploads\/2024\/03\/Basilic-feuilles-deshydratees.webp","contentUrl":"https:\/\/www.csj-emballages.com\/wp-content\/uploads\/2024\/03\/Basilic-feuilles-deshydratees.webp","width":800,"height":799,"caption":"basilic"},{"@type":"BreadcrumbList","@id":"https:\/\/www.csj-emballages.com\/es\/produit\/hojas-de-albahaca-1-kg\/#breadcrumb","itemListElement":[{"@type":"ListItem","position":1,"name":"Accueil","item":"https:\/\/www.csj-emballages.com\/es\/universo-del-envasado-alimentario\/"},{"@type":"ListItem","position":2,"name":"Tienda","item":"https:\/\/www.csj-emballages.com\/tienda\/"},{"@type":"ListItem","position":3,"name":"Hojas de albahaca deshidratadas 1 kg"}]},{"@type":"WebSite","@id":"https:\/\/www.csj-emballages.com\/es\/#website","url":"https:\/\/www.csj-emballages.com\/es\/","name":"CSJ Emballages","description":"","publisher":{"@id":"https:\/\/www.csj-emballages.com\/es\/#organization"},"potentialAction":[{"@type":"SearchAction","target":{"@type":"EntryPoint","urlTemplate":"https:\/\/www.csj-emballages.com\/es\/?s={search_term_string}"},"query-input":{"@type":"PropertyValueSpecification","valueRequired":true,"valueName":"search_term_string"}}],"inLanguage":"es"},{"@type":"Organization","@id":"https:\/\/www.csj-emballages.com\/es\/#Organization\/","name":"CSJ Emballages","url":"https:\/\/www.csj-emballages.com\/es\/","logo":{"@type":"ImageObject","inLanguage":"es","@id":"https:\/\/www.csj-emballages.com\/es\/#\/schema\/logo\/image\/","url":"https:\/\/www.csj-emballages.com\/wp-content\/uploads\/2023\/10\/logo_csj.webp","contentUrl":"https:\/\/www.csj-emballages.com\/wp-content\/uploads\/2023\/10\/logo_csj.webp","width":250,"height":95,"caption":"CSJ Emballages"},"image":{"@id":"https:\/\/www.csj-emballages.com\/es\/#\/schema\/logo\/image\/"},"sameAs":["https:\/\/www.facebook.com\/csjemballages"],"address":{"@type":"PostalAddress","streetAddress":"ZI La Lechere","addressLocality":"Patornay","postalCode":"39130","addressCountry":"FR"},"contactPoint":[{"@type":"ContactPoint","contactType":"Service client","telephone":"0384254272","email":"contact@csj-emballages.com"}]}]}},"df_price":7.43,"df_sale_price":7.43,"df_regular_price":9.28,"df_image_link":"https:\/\/www.csj-emballages.com\/wp-content\/uploads\/2024\/03\/Basilic-feuilles-deshydratees-300x300.webp","tiered_pricing_type":"fixed","tiered_pricing_fixed_rules":[],"tiered_pricing_percentage_rules":[],"tiered_pricing_minimum":1,"tiered_pricing_roles_data":[],"_links":{"self":[{"href":"https:\/\/www.csj-emballages.com\/es\/wp-json\/wp\/v2\/product\/18146","targetHints":{"allow":["GET"]}}],"collection":[{"href":"https:\/\/www.csj-emballages.com\/es\/wp-json\/wp\/v2\/product"}],"about":[{"href":"https:\/\/www.csj-emballages.com\/es\/wp-json\/wp\/v2\/types\/product"}],"wp:featuredmedia":[{"embeddable":true,"href":"https:\/\/www.csj-emballages.com\/es\/wp-json\/wp\/v2\/media\/225637"}],"wp:attachment":[{"href":"https:\/\/www.csj-emballages.com\/es\/wp-json\/wp\/v2\/media?parent=18146"}],"wp:term":[{"taxonomy":"product_brand","embeddable":true,"href":"https:\/\/www.csj-emballages.com\/es\/wp-json\/wp\/v2\/product_brand?post=18146"},{"taxonomy":"product_cat","embeddable":true,"href":"https:\/\/www.csj-emballages.com\/es\/wp-json\/wp\/v2\/product_cat?post=18146"},{"taxonomy":"product_tag","embeddable":true,"href":"https:\/\/www.csj-emballages.com\/es\/wp-json\/wp\/v2\/product_tag?post=18146"}],"curies":[{"name":"wp","href":"https:\/\/api.w.org\/{rel}","templated":true}]}}