{"id":18138,"date":"2024-03-01T16:59:41","date_gmt":"2024-03-01T15:59:41","guid":{"rendered":"https:\/\/u15jnbdpoq.preview.infomaniak.website\/produit\/hojas-de-oregano-cultivado-chile-1-kg\/"},"modified":"2026-04-04T02:10:21","modified_gmt":"2026-04-04T00:10:21","slug":"hojas-de-oregano-cultivado-chile-1-kg","status":"publish","type":"product","link":"https:\/\/www.csj-emballages.com\/es\/produit\/hojas-de-oregano-cultivado-chile-1-kg\/","title":{"rendered":"Hojas de or\u00e9gano cultivado Chile 1 kg"},"content":{"rendered":"<h2>Or\u00e9gano<\/h2>\n<hr>\n<h3>Descripci\u00f3n de nuestro or\u00e9gano 1kg<\/h3>\n<p><!--more--><\/p>\n<p data-start=\"181\" data-end=\"526\">Si busca un or\u00e9gano con car\u00e1cter, este no pasa desapercibido. Cultivado en Chile y cosechado con esmero, este <strong data-start=\"314\" data-end=\"336\">or\u00e9gano en hojas<\/strong> ofrece un aroma intenso y un sabor marcado. Nada m\u00e1s abrir la bolsa, sus notas arom\u00e1ticas se liberan y recuerdan instant\u00e1neamente la cocina del sol, generosa y llena de sabor.  <\/p>\n<p data-start=\"528\" data-end=\"904\">Gracias a su formato en <strong data-start=\"550\" data-end=\"571\">hojas enteras<\/strong>, conserva mejor sus aromas que un <strong>or\u00e9gano<\/strong> demasiado finamente molido. Basta con desmenuzar una pizca entre los dedos para realzar los platos. Acompa\u00f1a perfectamente las <strong>pizzas, las salsas de tomate, las carnes a la parrilla, las verduras asadas o incluso los adobos caseros<\/strong>. As\u00ed, cada receta gana en profundidad sin quedar enmascarada.<\/p>\n<p data-start=\"906\" data-end=\"1346\">Este acondicionamiento en <strong data-start=\"928\" data-end=\"936\">1 kg<\/strong> es especialmente adecuado para los profesionales de la restauraci\u00f3n, los proveedores de catering o las cocinas colectivas que buscan un producto fiable, regular y econ\u00f3mico. Sin embargo, tambi\u00e9n es ideal para los amantes de la cocina a los que les gusta trabajar con ingredientes crudos y aut\u00e9nticos. Adem\u00e1s, su origen chileno garantiza un cultivo adaptado a un clima propicio para el desarrollo de aromas potentes.<\/p>\n<p data-start=\"1348\" data-end=\"1647\">Por otra parte, este <strong>or\u00e9gano<\/strong> se integra f\u00e1cilmente en todas las cocinas, ya sean tradicionales, mediterr\u00e1neas o m\u00e1s creativas. Aporta un toque final que marca la diferencia, sin complicar la preparaci\u00f3n. Ahorra tiempo a la vez que garantiza un sabor constante en sus platos.  <\/p>\n<p data-start=\"1649\" data-end=\"1886\">En resumen, este <strong>or\u00e9gano cultivado en Chile<\/strong> es un indispensable para quienes desean realzar sus recetas con sencillez, naturalidad y eficacia. Un producto franco, arom\u00e1tico y siempre listo para sublimar sus creaciones culinarias. <\/p>\n<p>&nbsp;<\/p>\n<p><!--more--><\/p>\n<h4>Ventajas :<\/h4>\n<ul>\n<li data-start=\"516\" data-end=\"592\">Aporta un sabor aut\u00e9ntico y perfumado a sus platos.<\/li>\n<li data-start=\"593\" data-end=\"686\">Se utiliza en numerosas recetas (pizzas, parrilladas, salsas, etc.).<\/li>\n<li data-start=\"687\" data-end=\"788\">Ideal para su uso en restauraci\u00f3n o para los amantes de las especias.<\/li>\n<li data-start=\"789\" data-end=\"862\" data-is-only-node=\"\">Secado con esmero para preservar todos sus aromas.<\/li>\n<\/ul>\n<p>&nbsp;<\/p>\n<p><!--more--><\/p>\n<h4>Informaci\u00f3n adicional :<\/h4>\n<ul>\n<li><strong>Envase<\/strong>: Envase de 1 kg<\/li>\n<\/ul>\n<p>&nbsp;<\/p>\n<p><!--more--><\/p>\n<p><a href=\"https:\/\/www.csj-emballages.com\/es\/categorie-produit\/alimentacion-es\/especias\/especias-sencillas\/\">Ver el resto de nuestra gama de especias sencillas  <\/a><\/p>\n","protected":false},"excerpt":{"rendered":"<p><strong><span style=\"color: #ff0000;\">Fecha de caducidad superada 05\/2024<\/span><\/strong><\/p>\n","protected":false},"featured_media":225773,"template":"","meta":{"_acf_changed":false},"product_brand":[],"product_cat":[1162,1454,1455,11542],"product_tag":[],"class_list":{"0":"post-18138","1":"product","2":"type-product","3":"status-publish","4":"has-post-thumbnail","6":"product_cat-alimentacion-es","7":"product_cat-especias","8":"product_cat-especias-sencillas","9":"product_cat-liquidacion","11":"first","12":"instock","13":"sale","14":"taxable","15":"shipping-taxable","16":"purchasable","17":"product-type-simple"},"acf":[],"yoast_head":"<!-- This site is optimized with the Yoast SEO Premium plugin v26.6 (Yoast SEO v26.6) - https:\/\/yoast.com\/wordpress\/plugins\/seo\/ -->\n<title>Or\u00e9gano Cultivado Hojas Chile 1kg<\/title>\n<meta name=\"description\" content=\"Or\u00e9gano seco 1 kg \u2013 Ideal para profesionales y restauradores. Aporta un sabor intenso a sus platos. Perfecto para pizzas, parrilladas y salsas\" \/>\n<meta name=\"robots\" content=\"index, follow, max-snippet:-1, max-image-preview:large, max-video-preview:-1\" \/>\n<link rel=\"canonical\" href=\"https:\/\/www.csj-emballages.com\/es\/produit\/hojas-de-oregano-cultivado-chile-1-kg\/\" \/>\n<meta property=\"og:locale\" content=\"es_ES\" \/>\n<meta property=\"og:type\" content=\"article\" \/>\n<meta property=\"og:title\" content=\"Hojas de or\u00e9gano cultivado Chile 1 kg\" \/>\n<meta property=\"og:description\" content=\"Or\u00e9gano seco 1 kg \u2013 Ideal para profesionales y restauradores. Aporta un sabor intenso a sus platos. Perfecto para pizzas, parrilladas y salsas\" \/>\n<meta property=\"og:url\" content=\"https:\/\/www.csj-emballages.com\/es\/produit\/hojas-de-oregano-cultivado-chile-1-kg\/\" \/>\n<meta property=\"og:site_name\" content=\"CSJ Emballages\" \/>\n<meta property=\"article:publisher\" content=\"https:\/\/www.facebook.com\/csjemballages\" \/>\n<meta property=\"article:modified_time\" content=\"2026-04-04T00:10:21+00:00\" \/>\n<meta property=\"og:image\" content=\"https:\/\/www.csj-emballages.com\/wp-content\/uploads\/2024\/03\/Origan.webp\" \/>\n\t<meta property=\"og:image:width\" content=\"800\" \/>\n\t<meta property=\"og:image:height\" content=\"800\" \/>\n\t<meta property=\"og:image:type\" content=\"image\/webp\" \/>\n<meta name=\"twitter:card\" content=\"summary_large_image\" \/>\n<meta name=\"twitter:label1\" content=\"Tiempo de lectura\" \/>\n\t<meta name=\"twitter:data1\" content=\"2 minutos\" \/>\n<script type=\"application\/ld+json\" class=\"yoast-schema-graph\">{\"@context\":\"https:\/\/schema.org\",\"@graph\":[{\"@type\":\"WebPage\",\"@id\":\"https:\/\/www.csj-emballages.com\/es\/produit\/hojas-de-oregano-cultivado-chile-1-kg\/\",\"url\":\"https:\/\/www.csj-emballages.com\/es\/produit\/hojas-de-oregano-cultivado-chile-1-kg\/\",\"name\":\"Or\u00e9gano Cultivado Hojas Chile 1kg\",\"isPartOf\":{\"@id\":\"https:\/\/www.csj-emballages.com\/es\/#website\"},\"primaryImageOfPage\":{\"@id\":\"https:\/\/www.csj-emballages.com\/es\/produit\/hojas-de-oregano-cultivado-chile-1-kg\/#primaryimage\"},\"image\":{\"@id\":\"https:\/\/www.csj-emballages.com\/es\/produit\/hojas-de-oregano-cultivado-chile-1-kg\/#primaryimage\"},\"thumbnailUrl\":\"https:\/\/www.csj-emballages.com\/wp-content\/uploads\/2024\/03\/Origan.webp\",\"datePublished\":\"2024-03-01T15:59:41+00:00\",\"dateModified\":\"2026-04-04T00:10:21+00:00\",\"description\":\"Or\u00e9gano seco 1 kg \u2013 Ideal para profesionales y restauradores. Aporta un sabor intenso a sus platos. Perfecto para pizzas, parrilladas y salsas\",\"breadcrumb\":{\"@id\":\"https:\/\/www.csj-emballages.com\/es\/produit\/hojas-de-oregano-cultivado-chile-1-kg\/#breadcrumb\"},\"inLanguage\":\"es\",\"potentialAction\":[{\"@type\":\"ReadAction\",\"target\":[\"https:\/\/www.csj-emballages.com\/es\/produit\/hojas-de-oregano-cultivado-chile-1-kg\/\"]}]},{\"@type\":\"ImageObject\",\"inLanguage\":\"es\",\"@id\":\"https:\/\/www.csj-emballages.com\/es\/produit\/hojas-de-oregano-cultivado-chile-1-kg\/#primaryimage\",\"url\":\"https:\/\/www.csj-emballages.com\/wp-content\/uploads\/2024\/03\/Origan.webp\",\"contentUrl\":\"https:\/\/www.csj-emballages.com\/wp-content\/uploads\/2024\/03\/Origan.webp\",\"width\":800,\"height\":800,\"caption\":\"Origan\"},{\"@type\":\"BreadcrumbList\",\"@id\":\"https:\/\/www.csj-emballages.com\/es\/produit\/hojas-de-oregano-cultivado-chile-1-kg\/#breadcrumb\",\"itemListElement\":[{\"@type\":\"ListItem\",\"position\":1,\"name\":\"Accueil\",\"item\":\"https:\/\/www.csj-emballages.com\/es\/universo-del-envasado-alimentario\/\"},{\"@type\":\"ListItem\",\"position\":2,\"name\":\"Tienda\",\"item\":\"https:\/\/www.csj-emballages.com\/tienda\/\"},{\"@type\":\"ListItem\",\"position\":3,\"name\":\"Hojas de or\u00e9gano cultivado Chile 1 kg\"}]},{\"@type\":\"WebSite\",\"@id\":\"https:\/\/www.csj-emballages.com\/es\/#website\",\"url\":\"https:\/\/www.csj-emballages.com\/es\/\",\"name\":\"CSJ Emballages\",\"description\":\"\",\"publisher\":{\"@id\":\"https:\/\/www.csj-emballages.com\/es\/#organization\"},\"potentialAction\":[{\"@type\":\"SearchAction\",\"target\":{\"@type\":\"EntryPoint\",\"urlTemplate\":\"https:\/\/www.csj-emballages.com\/es\/?s={search_term_string}\"},\"query-input\":{\"@type\":\"PropertyValueSpecification\",\"valueRequired\":true,\"valueName\":\"search_term_string\"}}],\"inLanguage\":\"es\"},{\"@type\":\"Organization\",\"@id\":\"https:\/\/www.csj-emballages.com\/es\/#Organization\/\",\"name\":\"CSJ Emballages\",\"url\":\"https:\/\/www.csj-emballages.com\/es\/\",\"logo\":{\"@type\":\"ImageObject\",\"inLanguage\":\"es\",\"@id\":\"https:\/\/www.csj-emballages.com\/es\/#\/schema\/logo\/image\/\",\"url\":\"https:\/\/www.csj-emballages.com\/wp-content\/uploads\/2023\/10\/logo_csj.webp\",\"contentUrl\":\"https:\/\/www.csj-emballages.com\/wp-content\/uploads\/2023\/10\/logo_csj.webp\",\"width\":250,\"height\":95,\"caption\":\"CSJ Emballages\"},\"image\":{\"@id\":\"https:\/\/www.csj-emballages.com\/es\/#\/schema\/logo\/image\/\"},\"sameAs\":[\"https:\/\/www.facebook.com\/csjemballages\"],\"address\":{\"@type\":\"PostalAddress\",\"streetAddress\":\"ZI La Lechere\",\"addressLocality\":\"Patornay\",\"postalCode\":\"39130\",\"addressCountry\":\"FR\"},\"contactPoint\":[{\"@type\":\"ContactPoint\",\"contactType\":\"Service client\",\"telephone\":\"0384254272\",\"email\":\"contact@csj-emballages.com\"}]}]}<\/script>\n<!-- \/ Yoast SEO Premium plugin. -->","yoast_head_json":{"title":"Or\u00e9gano Cultivado Hojas Chile 1kg","description":"Or\u00e9gano seco 1 kg \u2013 Ideal para profesionales y restauradores. Aporta un sabor intenso a sus platos. Perfecto para pizzas, parrilladas y salsas","robots":{"index":"index","follow":"follow","max-snippet":"max-snippet:-1","max-image-preview":"max-image-preview:large","max-video-preview":"max-video-preview:-1"},"canonical":"https:\/\/www.csj-emballages.com\/es\/produit\/hojas-de-oregano-cultivado-chile-1-kg\/","og_locale":"es_ES","og_type":"article","og_title":"Hojas de or\u00e9gano cultivado Chile 1 kg","og_description":"Or\u00e9gano seco 1 kg \u2013 Ideal para profesionales y restauradores. Aporta un sabor intenso a sus platos. Perfecto para pizzas, parrilladas y salsas","og_url":"https:\/\/www.csj-emballages.com\/es\/produit\/hojas-de-oregano-cultivado-chile-1-kg\/","og_site_name":"CSJ Emballages","article_publisher":"https:\/\/www.facebook.com\/csjemballages","article_modified_time":"2026-04-04T00:10:21+00:00","og_image":[{"width":800,"height":800,"url":"https:\/\/www.csj-emballages.com\/wp-content\/uploads\/2024\/03\/Origan.webp","type":"image\/webp"}],"twitter_card":"summary_large_image","twitter_misc":{"Tiempo de lectura":"2 minutos"},"schema":{"@context":"https:\/\/schema.org","@graph":[{"@type":"WebPage","@id":"https:\/\/www.csj-emballages.com\/es\/produit\/hojas-de-oregano-cultivado-chile-1-kg\/","url":"https:\/\/www.csj-emballages.com\/es\/produit\/hojas-de-oregano-cultivado-chile-1-kg\/","name":"Or\u00e9gano Cultivado Hojas Chile 1kg","isPartOf":{"@id":"https:\/\/www.csj-emballages.com\/es\/#website"},"primaryImageOfPage":{"@id":"https:\/\/www.csj-emballages.com\/es\/produit\/hojas-de-oregano-cultivado-chile-1-kg\/#primaryimage"},"image":{"@id":"https:\/\/www.csj-emballages.com\/es\/produit\/hojas-de-oregano-cultivado-chile-1-kg\/#primaryimage"},"thumbnailUrl":"https:\/\/www.csj-emballages.com\/wp-content\/uploads\/2024\/03\/Origan.webp","datePublished":"2024-03-01T15:59:41+00:00","dateModified":"2026-04-04T00:10:21+00:00","description":"Or\u00e9gano seco 1 kg \u2013 Ideal para profesionales y restauradores. Aporta un sabor intenso a sus platos. Perfecto para pizzas, parrilladas y salsas","breadcrumb":{"@id":"https:\/\/www.csj-emballages.com\/es\/produit\/hojas-de-oregano-cultivado-chile-1-kg\/#breadcrumb"},"inLanguage":"es","potentialAction":[{"@type":"ReadAction","target":["https:\/\/www.csj-emballages.com\/es\/produit\/hojas-de-oregano-cultivado-chile-1-kg\/"]}]},{"@type":"ImageObject","inLanguage":"es","@id":"https:\/\/www.csj-emballages.com\/es\/produit\/hojas-de-oregano-cultivado-chile-1-kg\/#primaryimage","url":"https:\/\/www.csj-emballages.com\/wp-content\/uploads\/2024\/03\/Origan.webp","contentUrl":"https:\/\/www.csj-emballages.com\/wp-content\/uploads\/2024\/03\/Origan.webp","width":800,"height":800,"caption":"Origan"},{"@type":"BreadcrumbList","@id":"https:\/\/www.csj-emballages.com\/es\/produit\/hojas-de-oregano-cultivado-chile-1-kg\/#breadcrumb","itemListElement":[{"@type":"ListItem","position":1,"name":"Accueil","item":"https:\/\/www.csj-emballages.com\/es\/universo-del-envasado-alimentario\/"},{"@type":"ListItem","position":2,"name":"Tienda","item":"https:\/\/www.csj-emballages.com\/tienda\/"},{"@type":"ListItem","position":3,"name":"Hojas de or\u00e9gano cultivado Chile 1 kg"}]},{"@type":"WebSite","@id":"https:\/\/www.csj-emballages.com\/es\/#website","url":"https:\/\/www.csj-emballages.com\/es\/","name":"CSJ Emballages","description":"","publisher":{"@id":"https:\/\/www.csj-emballages.com\/es\/#organization"},"potentialAction":[{"@type":"SearchAction","target":{"@type":"EntryPoint","urlTemplate":"https:\/\/www.csj-emballages.com\/es\/?s={search_term_string}"},"query-input":{"@type":"PropertyValueSpecification","valueRequired":true,"valueName":"search_term_string"}}],"inLanguage":"es"},{"@type":"Organization","@id":"https:\/\/www.csj-emballages.com\/es\/#Organization\/","name":"CSJ Emballages","url":"https:\/\/www.csj-emballages.com\/es\/","logo":{"@type":"ImageObject","inLanguage":"es","@id":"https:\/\/www.csj-emballages.com\/es\/#\/schema\/logo\/image\/","url":"https:\/\/www.csj-emballages.com\/wp-content\/uploads\/2023\/10\/logo_csj.webp","contentUrl":"https:\/\/www.csj-emballages.com\/wp-content\/uploads\/2023\/10\/logo_csj.webp","width":250,"height":95,"caption":"CSJ Emballages"},"image":{"@id":"https:\/\/www.csj-emballages.com\/es\/#\/schema\/logo\/image\/"},"sameAs":["https:\/\/www.facebook.com\/csjemballages"],"address":{"@type":"PostalAddress","streetAddress":"ZI La Lechere","addressLocality":"Patornay","postalCode":"39130","addressCountry":"FR"},"contactPoint":[{"@type":"ContactPoint","contactType":"Service client","telephone":"0384254272","email":"contact@csj-emballages.com"}]}]}},"df_price":15.23,"df_sale_price":15.23,"df_regular_price":19.04,"df_image_link":"https:\/\/www.csj-emballages.com\/wp-content\/uploads\/2024\/03\/Origan-300x300.webp","tiered_pricing_type":"fixed","tiered_pricing_fixed_rules":[],"tiered_pricing_percentage_rules":[],"tiered_pricing_minimum":1,"tiered_pricing_roles_data":[],"_links":{"self":[{"href":"https:\/\/www.csj-emballages.com\/es\/wp-json\/wp\/v2\/product\/18138","targetHints":{"allow":["GET"]}}],"collection":[{"href":"https:\/\/www.csj-emballages.com\/es\/wp-json\/wp\/v2\/product"}],"about":[{"href":"https:\/\/www.csj-emballages.com\/es\/wp-json\/wp\/v2\/types\/product"}],"wp:featuredmedia":[{"embeddable":true,"href":"https:\/\/www.csj-emballages.com\/es\/wp-json\/wp\/v2\/media\/225773"}],"wp:attachment":[{"href":"https:\/\/www.csj-emballages.com\/es\/wp-json\/wp\/v2\/media?parent=18138"}],"wp:term":[{"taxonomy":"product_brand","embeddable":true,"href":"https:\/\/www.csj-emballages.com\/es\/wp-json\/wp\/v2\/product_brand?post=18138"},{"taxonomy":"product_cat","embeddable":true,"href":"https:\/\/www.csj-emballages.com\/es\/wp-json\/wp\/v2\/product_cat?post=18138"},{"taxonomy":"product_tag","embeddable":true,"href":"https:\/\/www.csj-emballages.com\/es\/wp-json\/wp\/v2\/product_tag?post=18138"}],"curies":[{"name":"wp","href":"https:\/\/api.w.org\/{rel}","templated":true}]}}