{"id":18124,"date":"2024-03-01T16:59:42","date_gmt":"2024-03-01T15:59:42","guid":{"rendered":"https:\/\/u15jnbdpoq.preview.infomaniak.website\/produit\/bayas-de-enebro-negro-importadas-1-kg\/"},"modified":"2026-03-12T16:02:16","modified_gmt":"2026-03-12T15:02:16","slug":"bayas-de-enebro-negro-importadas-1-kg","status":"publish","type":"product","link":"https:\/\/www.csj-emballages.com\/es\/produit\/bayas-de-enebro-negro-importadas-1-kg\/","title":{"rendered":"Bayas de enebro enteras 100gr"},"content":{"rendered":"<h2 class=\"p1\">Bayas de enebro<\/h2>\n<hr>\n<h3>Descripci\u00f3n de nuestras bayas de enebro enteras 100gr<\/h3>\n<p><!--more--><\/p>\n<p><strong data-start=\"39\" data-end=\"70\">Las bayas de enebro enteras<\/strong><strong>(100 g<\/strong>) son ideales para condimentar sus platos con un toque amaderado y ligeramente resinoso. Muy apreciadas en cocina para aromatizar <strong data-start=\"208\" data-end=\"252\" data-is-only-node=\"\"><span style=\"color: #d12727;\"><a style=\"color: #d12727;\" href=\"https:\/\/www.csj-emballages.com\/es\/categorie-produit\/alimentacion-es\/adobos\/\">adobos<\/a><\/span>, caza, chucrut y salsas<\/strong>, tambi\u00e9n se utilizan en infusiones por sus propiedades digestivas. Estas bayas secas conservan toda su intensidad arom\u00e1tica para un uso \u00f3ptimo.  <\/p>\n<p>&nbsp;<\/p>\n<p><!--more--><\/p>\n<h4>Ventajas :<\/h4>\n<ul>\n<li data-start=\"442\" data-end=\"527\"><strong data-start=\"444\" data-end=\"461\">Sabor \u00fanico<\/strong>: notas amaderadas y ligeramente picantes para realzar sus platos.<\/li>\n<li data-start=\"528\" data-end=\"630\"><strong data-start=\"530\" data-end=\"552\">Uso vers\u00e1til<\/strong>: Perfecto para cocinar, hacer infusiones o ginebra.<\/li>\n<li data-start=\"631\" data-end=\"729\"><strong data-start=\"633\" data-end=\"658\">Propiedades digestivas<\/strong>: se sabe que facilita la digesti\u00f3n y alivia la hinchaz\u00f3n.<\/li>\n<li data-start=\"730\" data-end=\"833\"><strong data-start=\"732\" data-end=\"751\">100% natural<\/strong>: Sin aditivos ni conservantes, simplemente secado para preservar su sabor.<\/li>\n<\/ul>\n<p>&nbsp;<\/p>\n<p><!--more--><\/p>\n<h4>Informaci\u00f3n adicional :<\/h4>\n<ul>\n<li><strong>Envase<\/strong>: Envase de 100 g<\/li>\n<li><strong>Formato<\/strong>: Entera<\/li>\n<\/ul>\n<p>&nbsp;<\/p>\n<p><!--more--><\/p>\n<p><a href=\"https:\/\/www.csj-emballages.com\/es\/categorie-produit\/alimentacion-es\/especias\/especias-sencillas\/\">Consulta el resto de nuestra gama de especias sencillas aqu\u00ed<\/a><\/p>\n","protected":false},"excerpt":{"rendered":"<p>Bayas de enebro Descripci\u00f3n de nuestras bayas de enebro enteras 100gr<\/p>\n","protected":false},"featured_media":261331,"template":"","meta":{"_acf_changed":false},"product_brand":[],"product_cat":[1162,1454,1455],"product_tag":[],"class_list":{"0":"post-18124","1":"product","2":"type-product","3":"status-publish","4":"has-post-thumbnail","6":"product_cat-alimentacion-es","7":"product_cat-especias","8":"product_cat-especias-sencillas","10":"first","11":"outofstock","12":"taxable","13":"shipping-taxable","14":"purchasable","15":"product-type-simple"},"acf":[],"yoast_head":"<!-- This site is optimized with the Yoast SEO Premium plugin v26.6 (Yoast SEO v26.6) - https:\/\/yoast.com\/wordpress\/plugins\/seo\/ -->\n<title>bayas de enebro enteras 100gr<\/title>\n<meta name=\"description\" content=\"Descubra las bayas de enebro enteras (100 g), ideales para aromatizar sus platos e infusiones. Sabor amaderado, uso variado y beneficios digestivos\" \/>\n<meta name=\"robots\" content=\"index, follow, max-snippet:-1, max-image-preview:large, max-video-preview:-1\" \/>\n<link rel=\"canonical\" href=\"https:\/\/www.csj-emballages.com\/es\/produit\/bayas-de-enebro-negro-importadas-1-kg\/\" \/>\n<meta property=\"og:locale\" content=\"es_ES\" \/>\n<meta property=\"og:type\" content=\"article\" \/>\n<meta property=\"og:title\" content=\"Bayas de enebro enteras 100gr\" \/>\n<meta property=\"og:description\" content=\"Descubra las bayas de enebro enteras (100 g), ideales para aromatizar sus platos e infusiones. Sabor amaderado, uso variado y beneficios digestivos\" \/>\n<meta property=\"og:url\" content=\"https:\/\/www.csj-emballages.com\/es\/produit\/bayas-de-enebro-negro-importadas-1-kg\/\" \/>\n<meta property=\"og:site_name\" content=\"CSJ Emballages\" \/>\n<meta property=\"article:publisher\" content=\"https:\/\/www.facebook.com\/csjemballages\" \/>\n<meta property=\"article:modified_time\" content=\"2026-03-12T15:02:16+00:00\" \/>\n<meta property=\"og:image\" content=\"https:\/\/www.csj-emballages.com\/wp-content\/uploads\/2024\/03\/Baies-de-genevrier-entieres.webp\" \/>\n\t<meta property=\"og:image:width\" content=\"800\" \/>\n\t<meta property=\"og:image:height\" content=\"800\" \/>\n\t<meta property=\"og:image:type\" content=\"image\/webp\" \/>\n<meta name=\"twitter:card\" content=\"summary_large_image\" \/>\n<meta name=\"twitter:label1\" content=\"Tiempo de lectura\" \/>\n\t<meta name=\"twitter:data1\" content=\"1 minuto\" \/>\n<script type=\"application\/ld+json\" class=\"yoast-schema-graph\">{\"@context\":\"https:\/\/schema.org\",\"@graph\":[{\"@type\":\"WebPage\",\"@id\":\"https:\/\/www.csj-emballages.com\/es\/produit\/bayas-de-enebro-negro-importadas-1-kg\/\",\"url\":\"https:\/\/www.csj-emballages.com\/es\/produit\/bayas-de-enebro-negro-importadas-1-kg\/\",\"name\":\"bayas de enebro enteras 100gr\",\"isPartOf\":{\"@id\":\"https:\/\/www.csj-emballages.com\/es\/#website\"},\"primaryImageOfPage\":{\"@id\":\"https:\/\/www.csj-emballages.com\/es\/produit\/bayas-de-enebro-negro-importadas-1-kg\/#primaryimage\"},\"image\":{\"@id\":\"https:\/\/www.csj-emballages.com\/es\/produit\/bayas-de-enebro-negro-importadas-1-kg\/#primaryimage\"},\"thumbnailUrl\":\"https:\/\/www.csj-emballages.com\/wp-content\/uploads\/2024\/03\/Baies-de-genevrier-entieres.webp\",\"datePublished\":\"2024-03-01T15:59:42+00:00\",\"dateModified\":\"2026-03-12T15:02:16+00:00\",\"description\":\"Descubra las bayas de enebro enteras (100 g), ideales para aromatizar sus platos e infusiones. Sabor amaderado, uso variado y beneficios digestivos\",\"breadcrumb\":{\"@id\":\"https:\/\/www.csj-emballages.com\/es\/produit\/bayas-de-enebro-negro-importadas-1-kg\/#breadcrumb\"},\"inLanguage\":\"es\",\"potentialAction\":[{\"@type\":\"ReadAction\",\"target\":[\"https:\/\/www.csj-emballages.com\/es\/produit\/bayas-de-enebro-negro-importadas-1-kg\/\"]}]},{\"@type\":\"ImageObject\",\"inLanguage\":\"es\",\"@id\":\"https:\/\/www.csj-emballages.com\/es\/produit\/bayas-de-enebro-negro-importadas-1-kg\/#primaryimage\",\"url\":\"https:\/\/www.csj-emballages.com\/wp-content\/uploads\/2024\/03\/Baies-de-genevrier-entieres.webp\",\"contentUrl\":\"https:\/\/www.csj-emballages.com\/wp-content\/uploads\/2024\/03\/Baies-de-genevrier-entieres.webp\",\"width\":800,\"height\":800,\"caption\":\"Baies de gen\u00e9vrier enti\u00e8res\"},{\"@type\":\"BreadcrumbList\",\"@id\":\"https:\/\/www.csj-emballages.com\/es\/produit\/bayas-de-enebro-negro-importadas-1-kg\/#breadcrumb\",\"itemListElement\":[{\"@type\":\"ListItem\",\"position\":1,\"name\":\"Accueil\",\"item\":\"https:\/\/www.csj-emballages.com\/es\/universo-del-envasado-alimentario\/\"},{\"@type\":\"ListItem\",\"position\":2,\"name\":\"Tienda\",\"item\":\"https:\/\/www.csj-emballages.com\/tienda\/\"},{\"@type\":\"ListItem\",\"position\":3,\"name\":\"Bayas de enebro enteras 100gr\"}]},{\"@type\":\"WebSite\",\"@id\":\"https:\/\/www.csj-emballages.com\/es\/#website\",\"url\":\"https:\/\/www.csj-emballages.com\/es\/\",\"name\":\"CSJ Emballages\",\"description\":\"\",\"publisher\":{\"@id\":\"https:\/\/www.csj-emballages.com\/es\/#organization\"},\"potentialAction\":[{\"@type\":\"SearchAction\",\"target\":{\"@type\":\"EntryPoint\",\"urlTemplate\":\"https:\/\/www.csj-emballages.com\/es\/?s={search_term_string}\"},\"query-input\":{\"@type\":\"PropertyValueSpecification\",\"valueRequired\":true,\"valueName\":\"search_term_string\"}}],\"inLanguage\":\"es\"},{\"@type\":\"Organization\",\"@id\":\"https:\/\/www.csj-emballages.com\/es\/#Organization\/\",\"name\":\"CSJ Emballages\",\"url\":\"https:\/\/www.csj-emballages.com\/es\/\",\"logo\":{\"@type\":\"ImageObject\",\"inLanguage\":\"es\",\"@id\":\"https:\/\/www.csj-emballages.com\/es\/#\/schema\/logo\/image\/\",\"url\":\"https:\/\/www.csj-emballages.com\/wp-content\/uploads\/2023\/10\/logo_csj.webp\",\"contentUrl\":\"https:\/\/www.csj-emballages.com\/wp-content\/uploads\/2023\/10\/logo_csj.webp\",\"width\":250,\"height\":95,\"caption\":\"CSJ Emballages\"},\"image\":{\"@id\":\"https:\/\/www.csj-emballages.com\/es\/#\/schema\/logo\/image\/\"},\"sameAs\":[\"https:\/\/www.facebook.com\/csjemballages\"],\"address\":{\"@type\":\"PostalAddress\",\"streetAddress\":\"ZI La Lechere\",\"addressLocality\":\"Patornay\",\"postalCode\":\"39130\",\"addressCountry\":\"FR\"},\"contactPoint\":[{\"@type\":\"ContactPoint\",\"contactType\":\"Service client\",\"telephone\":\"0384254272\",\"email\":\"contact@csj-emballages.com\"}]}]}<\/script>\n<!-- \/ Yoast SEO Premium plugin. -->","yoast_head_json":{"title":"bayas de enebro enteras 100gr","description":"Descubra las bayas de enebro enteras (100 g), ideales para aromatizar sus platos e infusiones. Sabor amaderado, uso variado y beneficios digestivos","robots":{"index":"index","follow":"follow","max-snippet":"max-snippet:-1","max-image-preview":"max-image-preview:large","max-video-preview":"max-video-preview:-1"},"canonical":"https:\/\/www.csj-emballages.com\/es\/produit\/bayas-de-enebro-negro-importadas-1-kg\/","og_locale":"es_ES","og_type":"article","og_title":"Bayas de enebro enteras 100gr","og_description":"Descubra las bayas de enebro enteras (100 g), ideales para aromatizar sus platos e infusiones. Sabor amaderado, uso variado y beneficios digestivos","og_url":"https:\/\/www.csj-emballages.com\/es\/produit\/bayas-de-enebro-negro-importadas-1-kg\/","og_site_name":"CSJ Emballages","article_publisher":"https:\/\/www.facebook.com\/csjemballages","article_modified_time":"2026-03-12T15:02:16+00:00","og_image":[{"width":800,"height":800,"url":"https:\/\/www.csj-emballages.com\/wp-content\/uploads\/2024\/03\/Baies-de-genevrier-entieres.webp","type":"image\/webp"}],"twitter_card":"summary_large_image","twitter_misc":{"Tiempo de lectura":"1 minuto"},"schema":{"@context":"https:\/\/schema.org","@graph":[{"@type":"WebPage","@id":"https:\/\/www.csj-emballages.com\/es\/produit\/bayas-de-enebro-negro-importadas-1-kg\/","url":"https:\/\/www.csj-emballages.com\/es\/produit\/bayas-de-enebro-negro-importadas-1-kg\/","name":"bayas de enebro enteras 100gr","isPartOf":{"@id":"https:\/\/www.csj-emballages.com\/es\/#website"},"primaryImageOfPage":{"@id":"https:\/\/www.csj-emballages.com\/es\/produit\/bayas-de-enebro-negro-importadas-1-kg\/#primaryimage"},"image":{"@id":"https:\/\/www.csj-emballages.com\/es\/produit\/bayas-de-enebro-negro-importadas-1-kg\/#primaryimage"},"thumbnailUrl":"https:\/\/www.csj-emballages.com\/wp-content\/uploads\/2024\/03\/Baies-de-genevrier-entieres.webp","datePublished":"2024-03-01T15:59:42+00:00","dateModified":"2026-03-12T15:02:16+00:00","description":"Descubra las bayas de enebro enteras (100 g), ideales para aromatizar sus platos e infusiones. Sabor amaderado, uso variado y beneficios digestivos","breadcrumb":{"@id":"https:\/\/www.csj-emballages.com\/es\/produit\/bayas-de-enebro-negro-importadas-1-kg\/#breadcrumb"},"inLanguage":"es","potentialAction":[{"@type":"ReadAction","target":["https:\/\/www.csj-emballages.com\/es\/produit\/bayas-de-enebro-negro-importadas-1-kg\/"]}]},{"@type":"ImageObject","inLanguage":"es","@id":"https:\/\/www.csj-emballages.com\/es\/produit\/bayas-de-enebro-negro-importadas-1-kg\/#primaryimage","url":"https:\/\/www.csj-emballages.com\/wp-content\/uploads\/2024\/03\/Baies-de-genevrier-entieres.webp","contentUrl":"https:\/\/www.csj-emballages.com\/wp-content\/uploads\/2024\/03\/Baies-de-genevrier-entieres.webp","width":800,"height":800,"caption":"Baies de gen\u00e9vrier enti\u00e8res"},{"@type":"BreadcrumbList","@id":"https:\/\/www.csj-emballages.com\/es\/produit\/bayas-de-enebro-negro-importadas-1-kg\/#breadcrumb","itemListElement":[{"@type":"ListItem","position":1,"name":"Accueil","item":"https:\/\/www.csj-emballages.com\/es\/universo-del-envasado-alimentario\/"},{"@type":"ListItem","position":2,"name":"Tienda","item":"https:\/\/www.csj-emballages.com\/tienda\/"},{"@type":"ListItem","position":3,"name":"Bayas de enebro enteras 100gr"}]},{"@type":"WebSite","@id":"https:\/\/www.csj-emballages.com\/es\/#website","url":"https:\/\/www.csj-emballages.com\/es\/","name":"CSJ Emballages","description":"","publisher":{"@id":"https:\/\/www.csj-emballages.com\/es\/#organization"},"potentialAction":[{"@type":"SearchAction","target":{"@type":"EntryPoint","urlTemplate":"https:\/\/www.csj-emballages.com\/es\/?s={search_term_string}"},"query-input":{"@type":"PropertyValueSpecification","valueRequired":true,"valueName":"search_term_string"}}],"inLanguage":"es"},{"@type":"Organization","@id":"https:\/\/www.csj-emballages.com\/es\/#Organization\/","name":"CSJ Emballages","url":"https:\/\/www.csj-emballages.com\/es\/","logo":{"@type":"ImageObject","inLanguage":"es","@id":"https:\/\/www.csj-emballages.com\/es\/#\/schema\/logo\/image\/","url":"https:\/\/www.csj-emballages.com\/wp-content\/uploads\/2023\/10\/logo_csj.webp","contentUrl":"https:\/\/www.csj-emballages.com\/wp-content\/uploads\/2023\/10\/logo_csj.webp","width":250,"height":95,"caption":"CSJ Emballages"},"image":{"@id":"https:\/\/www.csj-emballages.com\/es\/#\/schema\/logo\/image\/"},"sameAs":["https:\/\/www.facebook.com\/csjemballages"],"address":{"@type":"PostalAddress","streetAddress":"ZI La Lechere","addressLocality":"Patornay","postalCode":"39130","addressCountry":"FR"},"contactPoint":[{"@type":"ContactPoint","contactType":"Service client","telephone":"0384254272","email":"contact@csj-emballages.com"}]}]}},"df_price":3.88,"df_sale_price":"","df_regular_price":3.88,"df_image_link":"https:\/\/www.csj-emballages.com\/wp-content\/uploads\/2024\/03\/Baies-de-genevrier-entieres-300x300.webp","tiered_pricing_type":"fixed","tiered_pricing_fixed_rules":[],"tiered_pricing_percentage_rules":[],"tiered_pricing_minimum":1,"tiered_pricing_roles_data":[],"_links":{"self":[{"href":"https:\/\/www.csj-emballages.com\/es\/wp-json\/wp\/v2\/product\/18124","targetHints":{"allow":["GET"]}}],"collection":[{"href":"https:\/\/www.csj-emballages.com\/es\/wp-json\/wp\/v2\/product"}],"about":[{"href":"https:\/\/www.csj-emballages.com\/es\/wp-json\/wp\/v2\/types\/product"}],"wp:featuredmedia":[{"embeddable":true,"href":"https:\/\/www.csj-emballages.com\/es\/wp-json\/wp\/v2\/media\/261331"}],"wp:attachment":[{"href":"https:\/\/www.csj-emballages.com\/es\/wp-json\/wp\/v2\/media?parent=18124"}],"wp:term":[{"taxonomy":"product_brand","embeddable":true,"href":"https:\/\/www.csj-emballages.com\/es\/wp-json\/wp\/v2\/product_brand?post=18124"},{"taxonomy":"product_cat","embeddable":true,"href":"https:\/\/www.csj-emballages.com\/es\/wp-json\/wp\/v2\/product_cat?post=18124"},{"taxonomy":"product_tag","embeddable":true,"href":"https:\/\/www.csj-emballages.com\/es\/wp-json\/wp\/v2\/product_tag?post=18124"}],"curies":[{"name":"wp","href":"https:\/\/api.w.org\/{rel}","templated":true}]}}