{"id":17998,"date":"2024-03-01T16:47:48","date_gmt":"2024-03-01T15:47:48","guid":{"rendered":"https:\/\/u15jnbdpoq.preview.infomaniak.website\/produit\/100-bolsas-de-vacio-de-conservacion-gofradas-15-x-20-cm-100-%c2%b5\/"},"modified":"2026-04-15T02:17:33","modified_gmt":"2026-04-15T00:17:33","slug":"100-bolsas-de-vacio-de-conservacion-gofradas-15-x-20-cm-100-%c2%b5","status":"publish","type":"product","link":"https:\/\/www.csj-emballages.com\/es\/produit\/100-bolsas-de-vacio-de-conservacion-gofradas-15-x-20-cm-100-%c2%b5\/","title":{"rendered":"Bolsa de vac\u00edo conservaci\u00f3n gofrada 15 x 20 cm 100 \u00b5 por 100"},"content":{"rendered":"<div style=\"font-family: Roboto, sans-serif\">\n<div style=\"font-family: Roboto, sans-serif\">\n<div style=\"font-family: Roboto, sans-serif\">\n<div style=\"font-family: Roboto, sans-serif\">\n<div style=\"font-family: Roboto, sans-serif\">\n<div style=\"font-family: Roboto, sans-serif\">\n<div style=\"font-family: Roboto, sans-serif\">\n<div style=\"font-family: Roboto, sans-serif\">\n<div style=\"font-family: Roboto, sans-serif\">\n<div style=\"font-family: Roboto, sans-serif\">\n<div style=\"font-family: Roboto, sans-serif\">\n<div style=\"font-family: Roboto, sans-serif\">\n<h2 class=\"p1\">Bolsa de vac\u00edo<\/h2>\n<div style=\"font-family: Roboto, sans-serif\">\n<div style=\"font-family: Roboto, sans-serif\">\n<div style=\"font-family: Roboto, sans-serif\">\n<div style=\"text-align: center\">\n<div style=\"font-family: Roboto, sans-serif\">\n<div style=\"font-family: Roboto, sans-serif\">\n<div style=\"font-family: Roboto, sans-serif\">\n<div style=\"font-family: Roboto, sans-serif\">\n<div style=\"font-family: Roboto, sans-serif\">\n<div style=\"font-family: Roboto, sans-serif;text-align: left\">\n<hr>\n<h3 style=\"text-align: left\">Descripci\u00f3n de nuestra bolsa de vac\u00edo conservaci\u00f3n en relieve 15 x 20 cm 100 \u00b5 por 100<\/h3>\n<p><!--more--><\/p>\n<p data-start=\"117\" data-end=\"725\">Nuestra <strong>bolsa de vac\u00edo gofrada de 15 x 20 cm<\/strong>, de <strong>100 micras de<\/strong> grosor, es perfecta para conservar alimentos. Gracias a su textura gofrada, es perfectamente herm\u00e9tica, permitiendo que el aire salga f\u00e1cilmente y manteniendo los productos frescos durante m\u00e1s tiempo. Conserve la carne, las verduras e incluso los platos precocinados, preservando el sabor y los nutrientes. Su formato es ideal para porciones individuales o alimentos peque\u00f1os, y se adapta f\u00e1cilmente a la mayor\u00eda de las envasadoras al vac\u00edo. Puede utilizarse en casa o en el lugar de trabajo, y garantiza una conservaci\u00f3n hasta cinco veces mayor.    <\/p>\n<p data-start=\"727\" data-end=\"1340\">Esta <strong>bolsa de vac\u00edo<\/strong> es resistente y puede soportar temperaturas extremas, como la congelaci\u00f3n. Su grosor <strong>de 100 micras<\/strong> proporciona una barrera eficaz contra la humedad y el ox\u00edgeno, evitando la formaci\u00f3n de cristales de hielo o quemaduras por congelaci\u00f3n. F\u00e1cil de almacenar, ocupa muy poco espacio en su cocina. Benef\u00edciese de una gesti\u00f3n optimizada de las existencias y reduzca el desperdicio de alimentos. Su calidad profesional le garantiza un uso duradero. En resumen, esta bolsa de vac\u00edo gofrada es indispensable para todo aquel que desee combinar practicidad y eficacia en la conservaci\u00f3n de los alimentos.   <\/p>\n<p data-start=\"727\" data-end=\"1340\">\n<\/div>\n<\/div>\n<\/div>\n<\/div>\n<\/div>\n<\/div>\n<\/div>\n<\/div>\n<\/div>\n<\/div>\n<p><!--more--><\/p>\n<p style=\"text-align: left\"><strong>Sus ventajas:<\/strong><\/p>\n<ul style=\"text-align: left\">\n<li><strong>Vida \u00fatil prolongada<\/strong>: Prolonga la vida \u00fatil de los alimentos.<\/li>\n<li><strong>Textura en relieve<\/strong>: Facilita la evacuaci\u00f3n del aire, garantizando una estanqueidad \u00f3ptima.<\/li>\n<li><strong>Versatilidad<\/strong>: Compatible con la mayor\u00eda de <span style=\"color: #d12727\"><a style=\"color: #d12727\" href=\"https:\/\/www.csj-emballages.com\/produit\/machine-sous-vide-semi-pro\/\">aspiradoras<\/a><\/span> y aspiradoras profesionales.<\/li>\n<li><strong>Formato pr\u00e1ctico<\/strong>: Ideal para raciones peque\u00f1as o alimentos individuales.<\/li>\n<li><strong>Seguro para los alimentos<\/strong>: Materiales sin BPA que cumplen las normas alimentarias.<\/li>\n<\/ul>\n<\/div>\n<div style=\"font-family: Roboto, sans-serif\"><\/div>\n<\/div>\n<\/div>\n<\/div>\n<\/div>\n<\/div>\n<p><!--more--><\/p>\n<h4>Informaci\u00f3n adicional :<\/h4>\n<ul>\n<li><strong>Embalaje<\/strong>: Paquete de 100<\/li>\n<li><strong>Dimensiones<\/strong>: 15 x 20 cm<\/li>\n<li><strong>Termosellable<\/strong>: S\u00ed<\/li>\n<li><strong>Tipo<\/strong>: Gofre<\/li>\n<li><strong>Retr\u00e1ctil<\/strong>: No<\/li>\n<li><strong>Resistencia<\/strong>: 100 micras<\/li>\n<li><strong>Soldadura<\/strong>: 3 lados \/ abertura a lo ancho<\/li>\n<li><strong>Temperatura de funcionamiento<\/strong>: de -20\u00b0C a + 70\u00b0C<\/li>\n<\/ul>\n<div class=\"elementor elementor-175 elementor-location-footer\" data-elementor-type=\"footer\" data-elementor-id=\"175\" data-elementor-post-type=\"elementor_library\">\n<div class=\"elementor-element elementor-element-d413b54 e-flex e-con-boxed e-con e-parent e-lazyloaded\" data-id=\"d413b54\" data-element_type=\"container\">\n<div class=\"e-con-inner\">\n<div class=\"elementor-element elementor-element-9493a3c elementor-widget elementor-widget-shortcode\" data-id=\"9493a3c\" data-element_type=\"widget\" data-widget_type=\"shortcode.default\">\n<div class=\"elementor-widget-container\"><\/div>\n<\/div>\n<\/div>\n<\/div>\n<\/div>\n<p><!--more--><\/p>\n<h4>Art\u00edculos relacionados:<\/h4>\n<p>La  <span style=\"color: #d12727\"><a style=\"color: #d12727\" href=\"https:\/\/www.csj-emballages.com\/produit\/machine-sous-vide-semi-pro\/\">m\u00e1quina de vac\u00edo semiprofesional (MSV)<\/a><\/span><\/p>\n<p>&nbsp;<\/p>\n<p style=\"text-align: left\"><!--more--><\/p>\n<p><a href=\"https:\/\/www.csj-emballages.com\/es\/categorie-produit\/envasado-de-alimentos\/carniceria-y-charcuteria\/bolsas-y-fundas\/bolsas-de-vacio\/bolsas-de-vacio-gofradas\/\">Ver el resto de nuestra gama de bolsas de vac\u00edo gofradas<\/a><\/p>\n<\/div>\n<\/div>\n<\/div>\n<\/div>\n<\/div>\n<\/div>\n","protected":false},"excerpt":{"rendered":"<p>Bolsa de vac\u00edo Descripci\u00f3n de nuestra bolsa de vac\u00edo conservaci\u00f3n en relieve 15 x 20 cm 100 \u00b5 por 100<\/p>\n","protected":false},"featured_media":227297,"template":"","meta":{"_acf_changed":false},"product_brand":[],"product_cat":[1150,1143,1245,1643],"product_tag":[],"class_list":{"0":"post-17998","1":"product","2":"type-product","3":"status-publish","4":"has-post-thumbnail","6":"product_cat-envasado-de-alimentos","7":"product_cat-carniceria-y-charcuteria","8":"product_cat-bolsas-de-vacio","9":"product_cat-bolsas-de-vacio-gofradas","11":"first","12":"instock","13":"taxable","14":"shipping-taxable","15":"purchasable","16":"product-type-simple"},"acf":[],"yoast_head":"<!-- This site is optimized with the Yoast SEO Premium plugin v26.6 (Yoast SEO v26.6) - https:\/\/yoast.com\/wordpress\/plugins\/seo\/ -->\n<title>Bolsa de vac\u00edo Conservaci\u00f3n Gofrada 15 x 20 cm 100 \u00b5 por 100<\/title>\n<meta name=\"description\" content=\"Bolsa de vac\u00edo gofrada, 15 x 20 cm, 100 micras, para la conservaci\u00f3n prolongada de alimentos. Impermeable y resistente al congelador.\" \/>\n<meta name=\"robots\" content=\"index, follow, max-snippet:-1, max-image-preview:large, max-video-preview:-1\" \/>\n<link rel=\"canonical\" href=\"https:\/\/www.csj-emballages.com\/es\/produit\/100-bolsas-de-vacio-de-conservacion-gofradas-15-x-20-cm-100-%c2%b5\/\" \/>\n<meta property=\"og:locale\" content=\"es_ES\" \/>\n<meta property=\"og:type\" content=\"article\" \/>\n<meta property=\"og:title\" content=\"Bolsa de vac\u00edo conservaci\u00f3n gofrada 15 x 20 cm 100 \u00b5 por 100\" \/>\n<meta property=\"og:description\" content=\"Bolsa de vac\u00edo gofrada, 15 x 20 cm, 100 micras, para la conservaci\u00f3n prolongada de alimentos. Impermeable y resistente al congelador.\" \/>\n<meta property=\"og:url\" content=\"https:\/\/www.csj-emballages.com\/es\/produit\/100-bolsas-de-vacio-de-conservacion-gofradas-15-x-20-cm-100-%c2%b5\/\" \/>\n<meta property=\"og:site_name\" content=\"CSJ Emballages\" \/>\n<meta property=\"article:publisher\" content=\"https:\/\/www.facebook.com\/csjemballages\" \/>\n<meta property=\"article:modified_time\" content=\"2026-04-15T00:17:33+00:00\" \/>\n<meta property=\"og:image\" content=\"https:\/\/www.csj-emballages.com\/wp-content\/uploads\/2024\/03\/sac-sous-vide-gaufre.webp\" \/>\n\t<meta property=\"og:image:width\" content=\"800\" \/>\n\t<meta property=\"og:image:height\" content=\"800\" \/>\n\t<meta property=\"og:image:type\" content=\"image\/webp\" \/>\n<meta name=\"twitter:card\" content=\"summary_large_image\" \/>\n<meta name=\"twitter:label1\" content=\"Tiempo de lectura\" \/>\n\t<meta name=\"twitter:data1\" content=\"2 minutos\" \/>\n<script type=\"application\/ld+json\" class=\"yoast-schema-graph\">{\"@context\":\"https:\/\/schema.org\",\"@graph\":[{\"@type\":\"WebPage\",\"@id\":\"https:\/\/www.csj-emballages.com\/es\/produit\/100-bolsas-de-vacio-de-conservacion-gofradas-15-x-20-cm-100-%c2%b5\/\",\"url\":\"https:\/\/www.csj-emballages.com\/es\/produit\/100-bolsas-de-vacio-de-conservacion-gofradas-15-x-20-cm-100-%c2%b5\/\",\"name\":\"Bolsa de vac\u00edo Conservaci\u00f3n Gofrada 15 x 20 cm 100 \u00b5 por 100\",\"isPartOf\":{\"@id\":\"https:\/\/www.csj-emballages.com\/es\/#website\"},\"primaryImageOfPage\":{\"@id\":\"https:\/\/www.csj-emballages.com\/es\/produit\/100-bolsas-de-vacio-de-conservacion-gofradas-15-x-20-cm-100-%c2%b5\/#primaryimage\"},\"image\":{\"@id\":\"https:\/\/www.csj-emballages.com\/es\/produit\/100-bolsas-de-vacio-de-conservacion-gofradas-15-x-20-cm-100-%c2%b5\/#primaryimage\"},\"thumbnailUrl\":\"https:\/\/www.csj-emballages.com\/wp-content\/uploads\/2024\/03\/sac-sous-vide-gaufre.webp\",\"datePublished\":\"2024-03-01T15:47:48+00:00\",\"dateModified\":\"2026-04-15T00:17:33+00:00\",\"description\":\"Bolsa de vac\u00edo gofrada, 15 x 20 cm, 100 micras, para la conservaci\u00f3n prolongada de alimentos. Impermeable y resistente al congelador.\",\"breadcrumb\":{\"@id\":\"https:\/\/www.csj-emballages.com\/es\/produit\/100-bolsas-de-vacio-de-conservacion-gofradas-15-x-20-cm-100-%c2%b5\/#breadcrumb\"},\"inLanguage\":\"es\",\"potentialAction\":[{\"@type\":\"ReadAction\",\"target\":[\"https:\/\/www.csj-emballages.com\/es\/produit\/100-bolsas-de-vacio-de-conservacion-gofradas-15-x-20-cm-100-%c2%b5\/\"]}]},{\"@type\":\"ImageObject\",\"inLanguage\":\"es\",\"@id\":\"https:\/\/www.csj-emballages.com\/es\/produit\/100-bolsas-de-vacio-de-conservacion-gofradas-15-x-20-cm-100-%c2%b5\/#primaryimage\",\"url\":\"https:\/\/www.csj-emballages.com\/wp-content\/uploads\/2024\/03\/sac-sous-vide-gaufre.webp\",\"contentUrl\":\"https:\/\/www.csj-emballages.com\/wp-content\/uploads\/2024\/03\/sac-sous-vide-gaufre.webp\",\"width\":800,\"height\":800,\"caption\":\"Sac sous vide\"},{\"@type\":\"BreadcrumbList\",\"@id\":\"https:\/\/www.csj-emballages.com\/es\/produit\/100-bolsas-de-vacio-de-conservacion-gofradas-15-x-20-cm-100-%c2%b5\/#breadcrumb\",\"itemListElement\":[{\"@type\":\"ListItem\",\"position\":1,\"name\":\"Accueil\",\"item\":\"https:\/\/www.csj-emballages.com\/es\/universo-del-envasado-alimentario\/\"},{\"@type\":\"ListItem\",\"position\":2,\"name\":\"Tienda\",\"item\":\"https:\/\/www.csj-emballages.com\/tienda\/\"},{\"@type\":\"ListItem\",\"position\":3,\"name\":\"Bolsa de vac\u00edo conservaci\u00f3n gofrada 15 x 20 cm 100 \u00b5 por 100\"}]},{\"@type\":\"WebSite\",\"@id\":\"https:\/\/www.csj-emballages.com\/es\/#website\",\"url\":\"https:\/\/www.csj-emballages.com\/es\/\",\"name\":\"CSJ Emballages\",\"description\":\"\",\"publisher\":{\"@id\":\"https:\/\/www.csj-emballages.com\/es\/#organization\"},\"potentialAction\":[{\"@type\":\"SearchAction\",\"target\":{\"@type\":\"EntryPoint\",\"urlTemplate\":\"https:\/\/www.csj-emballages.com\/es\/?s={search_term_string}\"},\"query-input\":{\"@type\":\"PropertyValueSpecification\",\"valueRequired\":true,\"valueName\":\"search_term_string\"}}],\"inLanguage\":\"es\"},{\"@type\":\"Organization\",\"@id\":\"https:\/\/www.csj-emballages.com\/es\/#Organization\/\",\"name\":\"CSJ Emballages\",\"url\":\"https:\/\/www.csj-emballages.com\/es\/\",\"logo\":{\"@type\":\"ImageObject\",\"inLanguage\":\"es\",\"@id\":\"https:\/\/www.csj-emballages.com\/es\/#\/schema\/logo\/image\/\",\"url\":\"https:\/\/www.csj-emballages.com\/wp-content\/uploads\/2023\/10\/logo_csj.webp\",\"contentUrl\":\"https:\/\/www.csj-emballages.com\/wp-content\/uploads\/2023\/10\/logo_csj.webp\",\"width\":250,\"height\":95,\"caption\":\"CSJ Emballages\"},\"image\":{\"@id\":\"https:\/\/www.csj-emballages.com\/es\/#\/schema\/logo\/image\/\"},\"sameAs\":[\"https:\/\/www.facebook.com\/csjemballages\"],\"address\":{\"@type\":\"PostalAddress\",\"streetAddress\":\"ZI La Lechere\",\"addressLocality\":\"Patornay\",\"postalCode\":\"39130\",\"addressCountry\":\"FR\"},\"contactPoint\":[{\"@type\":\"ContactPoint\",\"contactType\":\"Service client\",\"telephone\":\"0384254272\",\"email\":\"contact@csj-emballages.com\"}]}]}<\/script>\n<!-- \/ Yoast SEO Premium plugin. -->","yoast_head_json":{"title":"Bolsa de vac\u00edo Conservaci\u00f3n Gofrada 15 x 20 cm 100 \u00b5 por 100","description":"Bolsa de vac\u00edo gofrada, 15 x 20 cm, 100 micras, para la conservaci\u00f3n prolongada de alimentos. Impermeable y resistente al congelador.","robots":{"index":"index","follow":"follow","max-snippet":"max-snippet:-1","max-image-preview":"max-image-preview:large","max-video-preview":"max-video-preview:-1"},"canonical":"https:\/\/www.csj-emballages.com\/es\/produit\/100-bolsas-de-vacio-de-conservacion-gofradas-15-x-20-cm-100-%c2%b5\/","og_locale":"es_ES","og_type":"article","og_title":"Bolsa de vac\u00edo conservaci\u00f3n gofrada 15 x 20 cm 100 \u00b5 por 100","og_description":"Bolsa de vac\u00edo gofrada, 15 x 20 cm, 100 micras, para la conservaci\u00f3n prolongada de alimentos. Impermeable y resistente al congelador.","og_url":"https:\/\/www.csj-emballages.com\/es\/produit\/100-bolsas-de-vacio-de-conservacion-gofradas-15-x-20-cm-100-%c2%b5\/","og_site_name":"CSJ Emballages","article_publisher":"https:\/\/www.facebook.com\/csjemballages","article_modified_time":"2026-04-15T00:17:33+00:00","og_image":[{"width":800,"height":800,"url":"https:\/\/www.csj-emballages.com\/wp-content\/uploads\/2024\/03\/sac-sous-vide-gaufre.webp","type":"image\/webp"}],"twitter_card":"summary_large_image","twitter_misc":{"Tiempo de lectura":"2 minutos"},"schema":{"@context":"https:\/\/schema.org","@graph":[{"@type":"WebPage","@id":"https:\/\/www.csj-emballages.com\/es\/produit\/100-bolsas-de-vacio-de-conservacion-gofradas-15-x-20-cm-100-%c2%b5\/","url":"https:\/\/www.csj-emballages.com\/es\/produit\/100-bolsas-de-vacio-de-conservacion-gofradas-15-x-20-cm-100-%c2%b5\/","name":"Bolsa de vac\u00edo Conservaci\u00f3n Gofrada 15 x 20 cm 100 \u00b5 por 100","isPartOf":{"@id":"https:\/\/www.csj-emballages.com\/es\/#website"},"primaryImageOfPage":{"@id":"https:\/\/www.csj-emballages.com\/es\/produit\/100-bolsas-de-vacio-de-conservacion-gofradas-15-x-20-cm-100-%c2%b5\/#primaryimage"},"image":{"@id":"https:\/\/www.csj-emballages.com\/es\/produit\/100-bolsas-de-vacio-de-conservacion-gofradas-15-x-20-cm-100-%c2%b5\/#primaryimage"},"thumbnailUrl":"https:\/\/www.csj-emballages.com\/wp-content\/uploads\/2024\/03\/sac-sous-vide-gaufre.webp","datePublished":"2024-03-01T15:47:48+00:00","dateModified":"2026-04-15T00:17:33+00:00","description":"Bolsa de vac\u00edo gofrada, 15 x 20 cm, 100 micras, para la conservaci\u00f3n prolongada de alimentos. Impermeable y resistente al congelador.","breadcrumb":{"@id":"https:\/\/www.csj-emballages.com\/es\/produit\/100-bolsas-de-vacio-de-conservacion-gofradas-15-x-20-cm-100-%c2%b5\/#breadcrumb"},"inLanguage":"es","potentialAction":[{"@type":"ReadAction","target":["https:\/\/www.csj-emballages.com\/es\/produit\/100-bolsas-de-vacio-de-conservacion-gofradas-15-x-20-cm-100-%c2%b5\/"]}]},{"@type":"ImageObject","inLanguage":"es","@id":"https:\/\/www.csj-emballages.com\/es\/produit\/100-bolsas-de-vacio-de-conservacion-gofradas-15-x-20-cm-100-%c2%b5\/#primaryimage","url":"https:\/\/www.csj-emballages.com\/wp-content\/uploads\/2024\/03\/sac-sous-vide-gaufre.webp","contentUrl":"https:\/\/www.csj-emballages.com\/wp-content\/uploads\/2024\/03\/sac-sous-vide-gaufre.webp","width":800,"height":800,"caption":"Sac sous vide"},{"@type":"BreadcrumbList","@id":"https:\/\/www.csj-emballages.com\/es\/produit\/100-bolsas-de-vacio-de-conservacion-gofradas-15-x-20-cm-100-%c2%b5\/#breadcrumb","itemListElement":[{"@type":"ListItem","position":1,"name":"Accueil","item":"https:\/\/www.csj-emballages.com\/es\/universo-del-envasado-alimentario\/"},{"@type":"ListItem","position":2,"name":"Tienda","item":"https:\/\/www.csj-emballages.com\/tienda\/"},{"@type":"ListItem","position":3,"name":"Bolsa de vac\u00edo conservaci\u00f3n gofrada 15 x 20 cm 100 \u00b5 por 100"}]},{"@type":"WebSite","@id":"https:\/\/www.csj-emballages.com\/es\/#website","url":"https:\/\/www.csj-emballages.com\/es\/","name":"CSJ Emballages","description":"","publisher":{"@id":"https:\/\/www.csj-emballages.com\/es\/#organization"},"potentialAction":[{"@type":"SearchAction","target":{"@type":"EntryPoint","urlTemplate":"https:\/\/www.csj-emballages.com\/es\/?s={search_term_string}"},"query-input":{"@type":"PropertyValueSpecification","valueRequired":true,"valueName":"search_term_string"}}],"inLanguage":"es"},{"@type":"Organization","@id":"https:\/\/www.csj-emballages.com\/es\/#Organization\/","name":"CSJ Emballages","url":"https:\/\/www.csj-emballages.com\/es\/","logo":{"@type":"ImageObject","inLanguage":"es","@id":"https:\/\/www.csj-emballages.com\/es\/#\/schema\/logo\/image\/","url":"https:\/\/www.csj-emballages.com\/wp-content\/uploads\/2023\/10\/logo_csj.webp","contentUrl":"https:\/\/www.csj-emballages.com\/wp-content\/uploads\/2023\/10\/logo_csj.webp","width":250,"height":95,"caption":"CSJ Emballages"},"image":{"@id":"https:\/\/www.csj-emballages.com\/es\/#\/schema\/logo\/image\/"},"sameAs":["https:\/\/www.facebook.com\/csjemballages"],"address":{"@type":"PostalAddress","streetAddress":"ZI La Lechere","addressLocality":"Patornay","postalCode":"39130","addressCountry":"FR"},"contactPoint":[{"@type":"ContactPoint","contactType":"Service client","telephone":"0384254272","email":"contact@csj-emballages.com"}]}]}},"df_price":5.96,"df_sale_price":"","df_regular_price":5.96,"df_image_link":"https:\/\/www.csj-emballages.com\/wp-content\/uploads\/2024\/03\/sac-sous-vide-gaufre-300x300.webp","tiered_pricing_type":"fixed","tiered_pricing_fixed_rules":[],"tiered_pricing_percentage_rules":[],"tiered_pricing_minimum":1,"tiered_pricing_roles_data":[],"_links":{"self":[{"href":"https:\/\/www.csj-emballages.com\/es\/wp-json\/wp\/v2\/product\/17998","targetHints":{"allow":["GET"]}}],"collection":[{"href":"https:\/\/www.csj-emballages.com\/es\/wp-json\/wp\/v2\/product"}],"about":[{"href":"https:\/\/www.csj-emballages.com\/es\/wp-json\/wp\/v2\/types\/product"}],"wp:featuredmedia":[{"embeddable":true,"href":"https:\/\/www.csj-emballages.com\/es\/wp-json\/wp\/v2\/media\/227297"}],"wp:attachment":[{"href":"https:\/\/www.csj-emballages.com\/es\/wp-json\/wp\/v2\/media?parent=17998"}],"wp:term":[{"taxonomy":"product_brand","embeddable":true,"href":"https:\/\/www.csj-emballages.com\/es\/wp-json\/wp\/v2\/product_brand?post=17998"},{"taxonomy":"product_cat","embeddable":true,"href":"https:\/\/www.csj-emballages.com\/es\/wp-json\/wp\/v2\/product_cat?post=17998"},{"taxonomy":"product_tag","embeddable":true,"href":"https:\/\/www.csj-emballages.com\/es\/wp-json\/wp\/v2\/product_tag?post=17998"}],"curies":[{"name":"wp","href":"https:\/\/api.w.org\/{rel}","templated":true}]}}