{"id":17978,"date":"2024-03-01T16:47:49","date_gmt":"2024-03-01T15:47:49","guid":{"rendered":"https:\/\/u15jnbdpoq.preview.infomaniak.website\/produit\/100-bolsas-de-vacio-para-coccion-120c-20-x-30-cm-90-%c2%b5\/"},"modified":"2026-04-15T02:17:30","modified_gmt":"2026-04-15T00:17:30","slug":"100-bolsas-de-vacio-para-coccion-120c-20-x-30-cm-90-%c2%b5","status":"publish","type":"product","link":"https:\/\/www.csj-emballages.com\/es\/produit\/100-bolsas-de-vacio-para-coccion-120c-20-x-30-cm-90-%c2%b5\/","title":{"rendered":"Bolsa de vac\u00edo para cocci\u00f3n 120\u00b0C 20 x 30 cm 90 \u00b5 por 100"},"content":{"rendered":"<div style=\"box-sizing: inherit; font-family: Roboto, sans-serif;\">\n<div style=\"box-sizing: inherit; font-family: Roboto, sans-serif;\">\n<div style=\"box-sizing: inherit; font-family: Roboto, sans-serif;\">\n<div style=\"box-sizing: inherit; font-family: Roboto, sans-serif;\">\n<div style=\"box-sizing: inherit; font-family: Roboto, sans-serif;\">\n<div style=\"box-sizing: inherit; font-family: Roboto, sans-serif;\">\n<div style=\"box-sizing: inherit; font-family: Roboto, sans-serif;\">\n<div style=\"box-sizing: inherit; font-family: Roboto, sans-serif;\">\n<div style=\"box-sizing: inherit; font-family: Roboto, sans-serif;\">\n<div style=\"box-sizing: inherit; font-family: Roboto, sans-serif;\">\n<div style=\"box-sizing: inherit; font-family: Roboto, sans-serif;\">\n<div style=\"box-sizing: inherit; font-family: Roboto, sans-serif;\">\n<h2><strong style=\"font-family: Roboto, sans-serif;\">Bolsa de vac\u00edo para cocinar<br \/>\n<\/strong><\/h2>\n<div style=\"box-sizing: inherit; font-family: Roboto, sans-serif;\">\n<div style=\"box-sizing: inherit; font-family: Roboto, sans-serif;\">\n<div style=\"box-sizing: inherit; font-family: Roboto, sans-serif;\">\n<div style=\"text-align: center;\">\n<div style=\"box-sizing: inherit; font-family: Roboto, sans-serif;\">\n<div style=\"box-sizing: inherit; font-family: Roboto, sans-serif;\">\n<div style=\"box-sizing: inherit; font-family: Roboto, sans-serif;\">\n<div style=\"box-sizing: inherit; font-family: Roboto, sans-serif;\">\n<div style=\"box-sizing: inherit; font-family: Roboto, sans-serif;\">\n<div style=\"box-sizing: inherit; font-family: Roboto, sans-serif; text-align: left;\">\n<hr>\n<h3 style=\"text-align: left;\">Descripci\u00f3n de nuestra bolsa de vac\u00edo para cocinar 120\u00b0C 20 x 30 cm 90 \u00b5 por 100<\/h3>\n<p><!--more--><\/p>\n<p data-start=\"240\" data-end=\"724\">Las <strong data-start=\"244\" data-end=\"303\">bolsas de cocci\u00f3n al vac\u00edo 120\u00b0C 20 x 30 cm 90 \u00b5 por 100<\/strong> est\u00e1n dise\u00f1adas para profesionales de la restauraci\u00f3n y particulares apasionados por la cocina que desean combinar <strong data-start=\"451\" data-end=\"501\">seguridad alimentaria, practicidad y rendimiento<\/strong>. Gracias a su robusta composici\u00f3n de poliamida\/polietileno, estas <strong>bolsas<\/strong> resisten la <strong>cocci\u00f3n al vac\u00edo<\/strong> hasta <strong data-start=\"613\" data-end=\"622\">120\u00b0C<\/strong>, por lo que son adecuadas tanto para la pasteurizaci\u00f3n como para la cocci\u00f3n suave al ba\u00f1o mar\u00eda. <\/p>\n<p data-start=\"726\" data-end=\"1258\">Con un tama\u00f1o <strong data-start=\"751\" data-end=\"765\">de 20 x 30 cm<\/strong>, tambi\u00e9n son ideales para envasar porciones individuales o peque\u00f1as comidas familiares. Su grosor <strong data-start=\"903\" data-end=\"917\">de 90 micras <\/strong>garantiza una excelente resistencia al desgarro y la perforaci\u00f3n, incluso con alimentos con bordes afilados como la carne deshuesada o ciertas verduras duras. El cierre herm\u00e9tico protege los alimentos de la oxidaci\u00f3n, las bacterias y las quemaduras por congelaci\u00f3n, al tiempo que preserva su sabor y sus cualidades nutritivas.  <\/p>\n<p data-start=\"1612\" data-end=\"1919\">Se venden en <strong data-start=\"1622\" data-end=\"1654\">econ\u00f3micos paquetes de 100<\/strong> unidades y son ideales para uso habitual y profesional. F\u00e1ciles de manejar y compatibles con la mayor\u00eda de las envasadoras al vac\u00edo, estas bolsas son imprescindibles para cualquiera que desee <strong data-start=\"1850\" data-end=\"1903\">asegurar, conservar y mejorar sus preparaciones<\/strong> a diario. <\/p>\n<p data-start=\"1612\" data-end=\"1919\">\n<\/div>\n<\/div>\n<\/div>\n<\/div>\n<\/div>\n<\/div>\n<\/div>\n<\/div>\n<\/div>\n<\/div>\n<p><!--more--><\/p>\n<p style=\"text-align: left;\"><strong>Ventajas :<\/strong><\/p>\n<ul style=\"text-align: left;\">\n<li>Resistente al horno hasta 120\u00b0C.<\/li>\n<li>90 \u00b5 de grosor para mayor resistencia<\/li>\n<li>Conserva el sabor y los nutrientes de los alimentos<\/li>\n<li>Se venden en pr\u00e1cticos paquetes de 100 bolsas<\/li>\n<li>Tama\u00f1o vers\u00e1til de 20 x 30 cm para porciones individuales.<\/li>\n<\/ul>\n<\/div>\n<div style=\"box-sizing: inherit; font-family: Roboto, sans-serif;\"><\/div>\n<\/div>\n<\/div>\n<\/div>\n<\/div>\n<\/div>\n<p><!--more--><\/p>\n<h4>Informaci\u00f3n adicional :<\/h4>\n<ul>\n<li><strong>Embalaje<\/strong>: Paquete de 100<\/li>\n<li><strong>Dimensiones<\/strong>: 20 x 30 cm<\/li>\n<li><strong>Termosellable<\/strong>: S\u00ed<\/li>\n<li><strong>Retr\u00e1ctil<\/strong>: No<\/li>\n<li><strong>Soldadura<\/strong>: 3 lados \/ abertura a lo ancho<\/li>\n<li><strong>Temperatura m\u00e1xima<\/strong>: +120\u00b0C<\/li>\n<\/ul>\n<p>&nbsp;<\/p>\n<\/div>\n<\/div>\n<p><!--more--><\/p>\n<div style=\"box-sizing: inherit; font-family: Roboto, sans-serif;\">\n<div style=\"box-sizing: inherit; font-family: Roboto, sans-serif;\">\n<p>Encuentre aqu\u00ed los tama\u00f1os disponibles de bolsas de vac\u00edo para cocinar: <span style=\"color: #d12727;\"><a style=\"color: #d12727;\" href=\"https:\/\/www.csj-emballages.com\/produit\/100-sacs-sous-vides-de-cuisson-120c-15-x-20-cm-90-%c2%b5\/\">15 x 20 cm<\/a><\/span> \/ <span style=\"color: #d12727;\"><a style=\"color: #d12727;\" href=\"https:\/\/www.csj-emballages.com\/es\/produit\/100-bolsas-de-vacio-para-coccion-120c-20-x-20-cm-90-%c2%b5\/\">20 x 20 cm<\/a><\/span> \/ <span style=\"color: #d12727;\"><a style=\"color: #d12727;\" href=\"https:\/\/www.csj-emballages.com\/es\/produit\/100-bolsas-de-vacio-para-coccion-120c-25-x-35-cm-90-%c2%b5\/\">25 x 35 cm<\/a><\/span> \/ <span style=\"color: #d12727;\"><a style=\"color: #d12727;\" href=\"https:\/\/www.csj-emballages.com\/es\/produit\/100-bolsas-de-vacio-para-coccion-120c-30-x-40-cm-90-%c2%b5\/\">30 x 40 cm<\/a><\/span><\/p>\n<p>&nbsp;<\/p>\n<p style=\"text-align: left;\"><!--more--><\/p>\n<p><a href=\"https:\/\/www.csj-emballages.com\/es\/categorie-produit\/envasado-de-alimentos\/carniceria-y-charcuteria\/bolsas-y-fundas\/bolsas-de-vacio\/bolsas-de-vacio-para-cocinar\/\">Ver el resto de nuestra gama de bolsas de cocci\u00f3n al vac\u00edo<\/a><\/p>\n<\/div>\n<\/div>\n<\/div>\n<\/div>\n<\/div>\n<\/div>\n","protected":false},"excerpt":{"rendered":"<p>Bolsa de vac\u00edo para cocinar Descripci\u00f3n de nuestra bolsa de vac\u00edo para cocinar 120\u00b0C 20 x 30 cm 90 \u00b5 por 100<\/p>\n","protected":false},"featured_media":240747,"template":"","meta":{"_acf_changed":false},"product_brand":[],"product_cat":[1143,1245,1727],"product_tag":[],"class_list":{"0":"post-17978","1":"product","2":"type-product","3":"status-publish","4":"has-post-thumbnail","6":"product_cat-carniceria-y-charcuteria","7":"product_cat-bolsas-de-vacio","8":"product_cat-bolsas-de-vacio-para-cocinar","10":"first","11":"instock","12":"taxable","13":"shipping-taxable","14":"purchasable","15":"product-type-simple"},"acf":[],"yoast_head":"<!-- This site is optimized with the Yoast SEO Premium plugin v26.6 (Yoast SEO v26.6) - https:\/\/yoast.com\/wordpress\/plugins\/seo\/ -->\n<title>Bolsa de vac\u00edo 120\u00b0C 20 x 30 cm 90 \u00b5 por 100<\/title>\n<meta name=\"description\" content=\"Bolsa de vac\u00edo 20 x 30 cm, cocci\u00f3n 120\u00b0C, 90 \u00b5. Ideal para conservar, congelar y cocinar al vac\u00edo. Paquete econ\u00f3mico de 100 unidades.\" \/>\n<meta name=\"robots\" content=\"index, follow, max-snippet:-1, max-image-preview:large, max-video-preview:-1\" \/>\n<link rel=\"canonical\" href=\"https:\/\/www.csj-emballages.com\/es\/produit\/100-bolsas-de-vacio-para-coccion-120c-20-x-30-cm-90-%c2%b5\/\" \/>\n<meta property=\"og:locale\" content=\"es_ES\" \/>\n<meta property=\"og:type\" content=\"article\" \/>\n<meta property=\"og:title\" content=\"Bolsa de vac\u00edo para cocci\u00f3n 120\u00b0C 20 x 30 cm 90 \u00b5 por 100\" \/>\n<meta property=\"og:description\" content=\"Bolsa de vac\u00edo 20 x 30 cm, cocci\u00f3n 120\u00b0C, 90 \u00b5. Ideal para conservar, congelar y cocinar al vac\u00edo. Paquete econ\u00f3mico de 100 unidades.\" \/>\n<meta property=\"og:url\" content=\"https:\/\/www.csj-emballages.com\/es\/produit\/100-bolsas-de-vacio-para-coccion-120c-20-x-30-cm-90-%c2%b5\/\" \/>\n<meta property=\"og:site_name\" content=\"CSJ Emballages\" \/>\n<meta property=\"article:publisher\" content=\"https:\/\/www.facebook.com\/csjemballages\" \/>\n<meta property=\"article:modified_time\" content=\"2026-04-15T00:17:30+00:00\" \/>\n<meta property=\"og:image\" content=\"https:\/\/www.csj-emballages.com\/wp-content\/uploads\/2024\/03\/Sacs-sous-vide-de-cuisson.jpeg\" \/>\n\t<meta property=\"og:image:width\" content=\"800\" \/>\n\t<meta property=\"og:image:height\" content=\"800\" \/>\n\t<meta property=\"og:image:type\" content=\"image\/jpeg\" \/>\n<meta name=\"twitter:card\" content=\"summary_large_image\" \/>\n<meta name=\"twitter:label1\" content=\"Tiempo de lectura\" \/>\n\t<meta name=\"twitter:data1\" content=\"2 minutos\" \/>\n<script type=\"application\/ld+json\" class=\"yoast-schema-graph\">{\"@context\":\"https:\/\/schema.org\",\"@graph\":[{\"@type\":\"WebPage\",\"@id\":\"https:\/\/www.csj-emballages.com\/es\/produit\/100-bolsas-de-vacio-para-coccion-120c-20-x-30-cm-90-%c2%b5\/\",\"url\":\"https:\/\/www.csj-emballages.com\/es\/produit\/100-bolsas-de-vacio-para-coccion-120c-20-x-30-cm-90-%c2%b5\/\",\"name\":\"Bolsa de vac\u00edo 120\u00b0C 20 x 30 cm 90 \u00b5 por 100\",\"isPartOf\":{\"@id\":\"https:\/\/www.csj-emballages.com\/es\/#website\"},\"primaryImageOfPage\":{\"@id\":\"https:\/\/www.csj-emballages.com\/es\/produit\/100-bolsas-de-vacio-para-coccion-120c-20-x-30-cm-90-%c2%b5\/#primaryimage\"},\"image\":{\"@id\":\"https:\/\/www.csj-emballages.com\/es\/produit\/100-bolsas-de-vacio-para-coccion-120c-20-x-30-cm-90-%c2%b5\/#primaryimage\"},\"thumbnailUrl\":\"https:\/\/www.csj-emballages.com\/wp-content\/uploads\/2024\/03\/Sacs-sous-vide-de-cuisson.jpeg\",\"datePublished\":\"2024-03-01T15:47:49+00:00\",\"dateModified\":\"2026-04-15T00:17:30+00:00\",\"description\":\"Bolsa de vac\u00edo 20 x 30 cm, cocci\u00f3n 120\u00b0C, 90 \u00b5. Ideal para conservar, congelar y cocinar al vac\u00edo. Paquete econ\u00f3mico de 100 unidades.\",\"breadcrumb\":{\"@id\":\"https:\/\/www.csj-emballages.com\/es\/produit\/100-bolsas-de-vacio-para-coccion-120c-20-x-30-cm-90-%c2%b5\/#breadcrumb\"},\"inLanguage\":\"es\",\"potentialAction\":[{\"@type\":\"ReadAction\",\"target\":[\"https:\/\/www.csj-emballages.com\/es\/produit\/100-bolsas-de-vacio-para-coccion-120c-20-x-30-cm-90-%c2%b5\/\"]}]},{\"@type\":\"ImageObject\",\"inLanguage\":\"es\",\"@id\":\"https:\/\/www.csj-emballages.com\/es\/produit\/100-bolsas-de-vacio-para-coccion-120c-20-x-30-cm-90-%c2%b5\/#primaryimage\",\"url\":\"https:\/\/www.csj-emballages.com\/wp-content\/uploads\/2024\/03\/Sacs-sous-vide-de-cuisson.jpeg\",\"contentUrl\":\"https:\/\/www.csj-emballages.com\/wp-content\/uploads\/2024\/03\/Sacs-sous-vide-de-cuisson.jpeg\",\"width\":800,\"height\":800,\"caption\":\"Sac sous vide de cuisson\"},{\"@type\":\"BreadcrumbList\",\"@id\":\"https:\/\/www.csj-emballages.com\/es\/produit\/100-bolsas-de-vacio-para-coccion-120c-20-x-30-cm-90-%c2%b5\/#breadcrumb\",\"itemListElement\":[{\"@type\":\"ListItem\",\"position\":1,\"name\":\"Accueil\",\"item\":\"https:\/\/www.csj-emballages.com\/es\/universo-del-envasado-alimentario\/\"},{\"@type\":\"ListItem\",\"position\":2,\"name\":\"Tienda\",\"item\":\"https:\/\/www.csj-emballages.com\/tienda\/\"},{\"@type\":\"ListItem\",\"position\":3,\"name\":\"Bolsa de vac\u00edo para cocci\u00f3n 120\u00b0C 20 x 30 cm 90 \u00b5 por 100\"}]},{\"@type\":\"WebSite\",\"@id\":\"https:\/\/www.csj-emballages.com\/es\/#website\",\"url\":\"https:\/\/www.csj-emballages.com\/es\/\",\"name\":\"CSJ Emballages\",\"description\":\"\",\"publisher\":{\"@id\":\"https:\/\/www.csj-emballages.com\/es\/#organization\"},\"potentialAction\":[{\"@type\":\"SearchAction\",\"target\":{\"@type\":\"EntryPoint\",\"urlTemplate\":\"https:\/\/www.csj-emballages.com\/es\/?s={search_term_string}\"},\"query-input\":{\"@type\":\"PropertyValueSpecification\",\"valueRequired\":true,\"valueName\":\"search_term_string\"}}],\"inLanguage\":\"es\"},{\"@type\":\"Organization\",\"@id\":\"https:\/\/www.csj-emballages.com\/es\/#Organization\/\",\"name\":\"CSJ Emballages\",\"url\":\"https:\/\/www.csj-emballages.com\/es\/\",\"logo\":{\"@type\":\"ImageObject\",\"inLanguage\":\"es\",\"@id\":\"https:\/\/www.csj-emballages.com\/es\/#\/schema\/logo\/image\/\",\"url\":\"https:\/\/www.csj-emballages.com\/wp-content\/uploads\/2023\/10\/logo_csj.webp\",\"contentUrl\":\"https:\/\/www.csj-emballages.com\/wp-content\/uploads\/2023\/10\/logo_csj.webp\",\"width\":250,\"height\":95,\"caption\":\"CSJ Emballages\"},\"image\":{\"@id\":\"https:\/\/www.csj-emballages.com\/es\/#\/schema\/logo\/image\/\"},\"sameAs\":[\"https:\/\/www.facebook.com\/csjemballages\"],\"address\":{\"@type\":\"PostalAddress\",\"streetAddress\":\"ZI La Lechere\",\"addressLocality\":\"Patornay\",\"postalCode\":\"39130\",\"addressCountry\":\"FR\"},\"contactPoint\":[{\"@type\":\"ContactPoint\",\"contactType\":\"Service client\",\"telephone\":\"0384254272\",\"email\":\"contact@csj-emballages.com\"}]}]}<\/script>\n<!-- \/ Yoast SEO Premium plugin. -->","yoast_head_json":{"title":"Bolsa de vac\u00edo 120\u00b0C 20 x 30 cm 90 \u00b5 por 100","description":"Bolsa de vac\u00edo 20 x 30 cm, cocci\u00f3n 120\u00b0C, 90 \u00b5. Ideal para conservar, congelar y cocinar al vac\u00edo. Paquete econ\u00f3mico de 100 unidades.","robots":{"index":"index","follow":"follow","max-snippet":"max-snippet:-1","max-image-preview":"max-image-preview:large","max-video-preview":"max-video-preview:-1"},"canonical":"https:\/\/www.csj-emballages.com\/es\/produit\/100-bolsas-de-vacio-para-coccion-120c-20-x-30-cm-90-%c2%b5\/","og_locale":"es_ES","og_type":"article","og_title":"Bolsa de vac\u00edo para cocci\u00f3n 120\u00b0C 20 x 30 cm 90 \u00b5 por 100","og_description":"Bolsa de vac\u00edo 20 x 30 cm, cocci\u00f3n 120\u00b0C, 90 \u00b5. Ideal para conservar, congelar y cocinar al vac\u00edo. Paquete econ\u00f3mico de 100 unidades.","og_url":"https:\/\/www.csj-emballages.com\/es\/produit\/100-bolsas-de-vacio-para-coccion-120c-20-x-30-cm-90-%c2%b5\/","og_site_name":"CSJ Emballages","article_publisher":"https:\/\/www.facebook.com\/csjemballages","article_modified_time":"2026-04-15T00:17:30+00:00","og_image":[{"width":800,"height":800,"url":"https:\/\/www.csj-emballages.com\/wp-content\/uploads\/2024\/03\/Sacs-sous-vide-de-cuisson.jpeg","type":"image\/jpeg"}],"twitter_card":"summary_large_image","twitter_misc":{"Tiempo de lectura":"2 minutos"},"schema":{"@context":"https:\/\/schema.org","@graph":[{"@type":"WebPage","@id":"https:\/\/www.csj-emballages.com\/es\/produit\/100-bolsas-de-vacio-para-coccion-120c-20-x-30-cm-90-%c2%b5\/","url":"https:\/\/www.csj-emballages.com\/es\/produit\/100-bolsas-de-vacio-para-coccion-120c-20-x-30-cm-90-%c2%b5\/","name":"Bolsa de vac\u00edo 120\u00b0C 20 x 30 cm 90 \u00b5 por 100","isPartOf":{"@id":"https:\/\/www.csj-emballages.com\/es\/#website"},"primaryImageOfPage":{"@id":"https:\/\/www.csj-emballages.com\/es\/produit\/100-bolsas-de-vacio-para-coccion-120c-20-x-30-cm-90-%c2%b5\/#primaryimage"},"image":{"@id":"https:\/\/www.csj-emballages.com\/es\/produit\/100-bolsas-de-vacio-para-coccion-120c-20-x-30-cm-90-%c2%b5\/#primaryimage"},"thumbnailUrl":"https:\/\/www.csj-emballages.com\/wp-content\/uploads\/2024\/03\/Sacs-sous-vide-de-cuisson.jpeg","datePublished":"2024-03-01T15:47:49+00:00","dateModified":"2026-04-15T00:17:30+00:00","description":"Bolsa de vac\u00edo 20 x 30 cm, cocci\u00f3n 120\u00b0C, 90 \u00b5. Ideal para conservar, congelar y cocinar al vac\u00edo. Paquete econ\u00f3mico de 100 unidades.","breadcrumb":{"@id":"https:\/\/www.csj-emballages.com\/es\/produit\/100-bolsas-de-vacio-para-coccion-120c-20-x-30-cm-90-%c2%b5\/#breadcrumb"},"inLanguage":"es","potentialAction":[{"@type":"ReadAction","target":["https:\/\/www.csj-emballages.com\/es\/produit\/100-bolsas-de-vacio-para-coccion-120c-20-x-30-cm-90-%c2%b5\/"]}]},{"@type":"ImageObject","inLanguage":"es","@id":"https:\/\/www.csj-emballages.com\/es\/produit\/100-bolsas-de-vacio-para-coccion-120c-20-x-30-cm-90-%c2%b5\/#primaryimage","url":"https:\/\/www.csj-emballages.com\/wp-content\/uploads\/2024\/03\/Sacs-sous-vide-de-cuisson.jpeg","contentUrl":"https:\/\/www.csj-emballages.com\/wp-content\/uploads\/2024\/03\/Sacs-sous-vide-de-cuisson.jpeg","width":800,"height":800,"caption":"Sac sous vide de cuisson"},{"@type":"BreadcrumbList","@id":"https:\/\/www.csj-emballages.com\/es\/produit\/100-bolsas-de-vacio-para-coccion-120c-20-x-30-cm-90-%c2%b5\/#breadcrumb","itemListElement":[{"@type":"ListItem","position":1,"name":"Accueil","item":"https:\/\/www.csj-emballages.com\/es\/universo-del-envasado-alimentario\/"},{"@type":"ListItem","position":2,"name":"Tienda","item":"https:\/\/www.csj-emballages.com\/tienda\/"},{"@type":"ListItem","position":3,"name":"Bolsa de vac\u00edo para cocci\u00f3n 120\u00b0C 20 x 30 cm 90 \u00b5 por 100"}]},{"@type":"WebSite","@id":"https:\/\/www.csj-emballages.com\/es\/#website","url":"https:\/\/www.csj-emballages.com\/es\/","name":"CSJ Emballages","description":"","publisher":{"@id":"https:\/\/www.csj-emballages.com\/es\/#organization"},"potentialAction":[{"@type":"SearchAction","target":{"@type":"EntryPoint","urlTemplate":"https:\/\/www.csj-emballages.com\/es\/?s={search_term_string}"},"query-input":{"@type":"PropertyValueSpecification","valueRequired":true,"valueName":"search_term_string"}}],"inLanguage":"es"},{"@type":"Organization","@id":"https:\/\/www.csj-emballages.com\/es\/#Organization\/","name":"CSJ Emballages","url":"https:\/\/www.csj-emballages.com\/es\/","logo":{"@type":"ImageObject","inLanguage":"es","@id":"https:\/\/www.csj-emballages.com\/es\/#\/schema\/logo\/image\/","url":"https:\/\/www.csj-emballages.com\/wp-content\/uploads\/2023\/10\/logo_csj.webp","contentUrl":"https:\/\/www.csj-emballages.com\/wp-content\/uploads\/2023\/10\/logo_csj.webp","width":250,"height":95,"caption":"CSJ Emballages"},"image":{"@id":"https:\/\/www.csj-emballages.com\/es\/#\/schema\/logo\/image\/"},"sameAs":["https:\/\/www.facebook.com\/csjemballages"],"address":{"@type":"PostalAddress","streetAddress":"ZI La Lechere","addressLocality":"Patornay","postalCode":"39130","addressCountry":"FR"},"contactPoint":[{"@type":"ContactPoint","contactType":"Service client","telephone":"0384254272","email":"contact@csj-emballages.com"}]}]}},"df_price":11.5,"df_sale_price":"","df_regular_price":11.5,"df_image_link":"https:\/\/www.csj-emballages.com\/wp-content\/uploads\/2024\/03\/Sacs-sous-vide-de-cuisson-300x300.jpeg","tiered_pricing_type":"fixed","tiered_pricing_fixed_rules":[],"tiered_pricing_percentage_rules":[],"tiered_pricing_minimum":1,"tiered_pricing_roles_data":[],"_links":{"self":[{"href":"https:\/\/www.csj-emballages.com\/es\/wp-json\/wp\/v2\/product\/17978","targetHints":{"allow":["GET"]}}],"collection":[{"href":"https:\/\/www.csj-emballages.com\/es\/wp-json\/wp\/v2\/product"}],"about":[{"href":"https:\/\/www.csj-emballages.com\/es\/wp-json\/wp\/v2\/types\/product"}],"wp:featuredmedia":[{"embeddable":true,"href":"https:\/\/www.csj-emballages.com\/es\/wp-json\/wp\/v2\/media\/240747"}],"wp:attachment":[{"href":"https:\/\/www.csj-emballages.com\/es\/wp-json\/wp\/v2\/media?parent=17978"}],"wp:term":[{"taxonomy":"product_brand","embeddable":true,"href":"https:\/\/www.csj-emballages.com\/es\/wp-json\/wp\/v2\/product_brand?post=17978"},{"taxonomy":"product_cat","embeddable":true,"href":"https:\/\/www.csj-emballages.com\/es\/wp-json\/wp\/v2\/product_cat?post=17978"},{"taxonomy":"product_tag","embeddable":true,"href":"https:\/\/www.csj-emballages.com\/es\/wp-json\/wp\/v2\/product_tag?post=17978"}],"curies":[{"name":"wp","href":"https:\/\/api.w.org\/{rel}","templated":true}]}}