{"id":17974,"date":"2024-03-01T16:47:47","date_gmt":"2024-03-01T15:47:47","guid":{"rendered":"https:\/\/u15jnbdpoq.preview.infomaniak.website\/produit\/2-rollos-de-bolsas-de-vacio-de-conservacion-gofradas-028-x-6-m-90-%c2%b5\/"},"modified":"2026-04-28T13:00:59","modified_gmt":"2026-04-28T11:00:59","slug":"2-rollos-de-bolsas-de-vacio-de-conservacion-gofradas-028-x-6-m-90-%c2%b5","status":"publish","type":"product","link":"https:\/\/www.csj-emballages.com\/es\/produit\/2-rollos-de-bolsas-de-vacio-de-conservacion-gofradas-028-x-6-m-90-%c2%b5\/","title":{"rendered":"2 rollos de bolsas de vac\u00edo de conservaci\u00f3n gofradas 0,28 x 6 m 90 \u00b5"},"content":{"rendered":"<div style=\"box-sizing: inherit; font-family: Roboto, sans-serif;\">\n<div style=\"box-sizing: inherit; font-family: Roboto, sans-serif;\">\n<div style=\"box-sizing: inherit; font-family: Roboto, sans-serif;\">\n<div style=\"box-sizing: inherit; font-family: Roboto, sans-serif;\">\n<div style=\"box-sizing: inherit; font-family: Roboto, sans-serif;\">\n<div style=\"box-sizing: inherit; font-family: Roboto, sans-serif;\">\n<div class=\"flex flex-grow flex-col max-w-full\">\n<div class=\"min-h-[20px] text-message flex flex-col items-start whitespace-pre-wrap break-words [.text-message+&amp;]:mt-5 juice:w-full juice:items-end overflow-x-auto gap-2\" dir=\"auto\" data-message-author-role=\"assistant\" data-message-id=\"2034782e-88f9-44ef-b4dc-07dd7bf0115f\">\n<div class=\"flex w-full flex-col gap-1 juice:empty:hidden juice:first:pt-[3px]\">\n<div class=\"markdown prose w-full break-words dark:prose-invert light\">\n<div style=\"box-sizing: inherit; font-family: Roboto, sans-serif;\">\n<div style=\"box-sizing: inherit; font-family: Roboto, sans-serif;\">\n<div style=\"box-sizing: inherit; font-family: Roboto, sans-serif;\">\n<div style=\"box-sizing: inherit; font-family: Roboto, sans-serif;\">\n<div style=\"box-sizing: inherit; font-family: Roboto, sans-serif;\">\n<div style=\"box-sizing: inherit; font-family: Roboto, sans-serif;\">\n<h2><strong style=\"font-family: Roboto, sans-serif;\">Rollos de bolsas de vac\u00edo<br \/>\n<\/strong><\/h2>\n<div style=\"box-sizing: inherit; font-family: Roboto, sans-serif;\">\n<div style=\"box-sizing: inherit; font-family: Roboto, sans-serif;\">\n<div style=\"box-sizing: inherit; font-family: Roboto, sans-serif;\">\n<div style=\"text-align: center;\">\n<div style=\"box-sizing: inherit; font-family: Roboto, sans-serif;\">\n<div style=\"box-sizing: inherit; font-family: Roboto, sans-serif;\">\n<div style=\"box-sizing: inherit; font-family: Roboto, sans-serif;\">\n<div style=\"box-sizing: inherit; font-family: Roboto, sans-serif;\">\n<div style=\"box-sizing: inherit; font-family: Roboto, sans-serif;\">\n<div style=\"box-sizing: inherit; font-family: Roboto, sans-serif; text-align: left;\">\n<hr>\n<h3 style=\"text-align: left;\">Descripci\u00f3n de nuestras bolsas de vac\u00edo de conservaci\u00f3n gofradas rollos 0,28 x 6 m 90 \u00b5 &#8211; por 2<\/h3>\n<p><!--more--><\/p>\n<p>Descubra nuestros <strong>rollos<\/strong> de <strong>bolsas de vac\u00edo<\/strong> <strong>gofradas<\/strong>, especialmente dise\u00f1adas para conservar sus alimentos. Con unas dimensiones <strong>de 0,28&#215;6 m<\/strong>, ofrecen la longitud ideal para sus necesidades de almacenamiento. Fabricadas con un espesor de <strong>90\u00b5<\/strong>, estas <strong>bolsas<\/strong> garantizan una protecci\u00f3n \u00f3ptima. Gracias a su estructura gofrada, permiten una mejor circulaci\u00f3n del aire. As\u00ed, sus alimentos se mantienen frescos y sabrosos durante m\u00e1s tiempo. Adem\u00e1s, estas <strong>bolsas<\/strong> son aptas para todas las m\u00e1quinas de envasado al vac\u00edo.     <\/p>\n<p>Util\u00edcelos para carne, verduras, fruta e incluso platos preparados. Adem\u00e1s, su pr\u00e1ctico formato permite cortarlas f\u00e1cilmente para adaptarlas a sus necesidades. No te preocupes por las bacterias, estas <strong>bolsas<\/strong> bloquean la humedad y el ox\u00edgeno. Adem\u00e1s, su dise\u00f1o resistente hace que se conserven durante m\u00e1s tiempo. Con nuestros rollos, podr\u00e1 aprovechar al m\u00e1ximo el espacio de su congelador. Adem\u00e1s, son f\u00e1ciles de manipular y cerrar. As\u00ed, preparar sus comidas ser\u00e1 un juego de ni\u00f1os. En definitiva, estos <strong>rollos<\/strong> de <strong>bolsas de vac\u00edo<\/strong> <strong>gofradas<\/strong> son el aliado perfecto para una conservaci\u00f3n \u00f3ptima. Elija calidad para sus alimentos. Disfrute de una frescura inigualable en cada uso. \u00a1No pierda esta oportunidad de mejorar su almacenamiento de alimentos!          <\/p>\n<p>&nbsp;<\/p>\n<\/div>\n<\/div>\n<\/div>\n<\/div>\n<\/div>\n<\/div>\n<\/div>\n<\/div>\n<\/div>\n<\/div>\n<p><!--more--><\/p>\n<p style=\"text-align: left;\"><strong>Las ventajas de nuestros rollos de bolsas de vac\u00edo gofradas:<\/strong><\/p>\n<ul style=\"text-align: left;\">\n<li><strong>Longitud personalizable<\/strong>: al medir 6 m, puede cortar los <strong>rollos<\/strong> a la longitud deseada para adaptarlos a sus necesidades de almacenamiento.<\/li>\n<li><strong>Ahorro de espacio<\/strong>: al eliminar el aire, estas <strong>bolsas<\/strong> ahorran espacio en el congelador o el frigor\u00edfico.<\/li>\n<li><strong>Reducci\u00f3n del desperdicio de<\/strong> alimentos: al mantener los alimentos frescos durante m\u00e1s tiempo, ayudan a reducir el desperdicio de alimentos.<\/li>\n<li><strong>Versatilidad<\/strong>: Perfecto para una gran variedad de alimentos, desde carne hasta verduras y platos preparados.<\/li>\n<\/ul>\n<\/div>\n<div style=\"box-sizing: inherit; font-family: Roboto, sans-serif;\"><\/div>\n<\/div>\n<\/div>\n<\/div>\n<\/div>\n<\/div>\n<p><!--more--><\/p>\n<h4>Para m\u00e1s informaci\u00f3n:<\/h4>\n<ul>\n<li>Termosellable: S\u00ed<\/li>\n<li>Retr\u00e1ctil: No<\/li>\n<\/ul>\n<p>&nbsp;<\/p>\n<p style=\"text-align: left;\"><!--more--><\/p>\n<p><a href=\"https:\/\/www.csj-emballages.com\/es\/categorie-produit\/envasado-de-alimentos\/carniceria-y-charcuteria\/bolsas-y-fundas\/bolsas-de-vacio\/bolsas-de-vacio-gofradas-en-rollos\/\">Ver el resto de nuestra gama de bolsas de vac\u00edo en rollo gofradas<\/a><\/p>\n<\/div>\n<\/div>\n<\/div>\n<\/div>\n<p>&nbsp;<\/p>\n<\/div>\n<\/div>\n<\/div>\n<\/div>\n<\/div>\n<\/div>\n","protected":false},"excerpt":{"rendered":"<p>Rollos de bolsas de vac\u00edo Descripci\u00f3n de nuestras bolsas de vac\u00edo de conservaci\u00f3n gofradas rollos 0,28 x 6 m 90 \u00b5 &#8211; por 2<\/p>\n","protected":false},"featured_media":12317,"template":"","meta":{"_acf_changed":false},"product_brand":[],"product_cat":[1143,1245,1631],"product_tag":[],"class_list":{"0":"post-17974","1":"product","2":"type-product","3":"status-publish","4":"has-post-thumbnail","6":"product_cat-carniceria-y-charcuteria","7":"product_cat-bolsas-de-vacio","8":"product_cat-bolsas-de-vacio-gofradas-en-rollos","10":"first","11":"instock","12":"taxable","13":"shipping-taxable","14":"purchasable","15":"product-type-simple"},"acf":[],"yoast_head":"<!-- This site is optimized with the Yoast SEO Premium plugin v26.6 (Yoast SEO v26.6) - https:\/\/yoast.com\/wordpress\/plugins\/seo\/ -->\n<title>Bolsa de vac\u00edo en rollos Gofrado 28x600 cm 90\u00b5<\/title>\n<meta name=\"description\" content=\"Descubra nuestros Rollos de bolsas de vac\u00edo gofradas 0,22x6 m 90 \u00b5. \u00a1Conserve sus alimentos frescos durante m\u00e1s tiempo y reduzca el desperdicio de alimentos!\" \/>\n<meta name=\"robots\" content=\"index, follow, max-snippet:-1, max-image-preview:large, max-video-preview:-1\" \/>\n<link rel=\"canonical\" href=\"https:\/\/www.csj-emballages.com\/es\/produit\/2-rollos-de-bolsas-de-vacio-de-conservacion-gofradas-028-x-6-m-90-%c2%b5\/\" \/>\n<meta property=\"og:locale\" content=\"es_ES\" \/>\n<meta property=\"og:type\" content=\"article\" \/>\n<meta property=\"og:title\" content=\"2 rollos de bolsas de vac\u00edo de conservaci\u00f3n gofradas 0,28 x 6 m 90 \u00b5\" \/>\n<meta property=\"og:description\" content=\"Descubra nuestros Rollos de bolsas de vac\u00edo gofradas 0,22x6 m 90 \u00b5. \u00a1Conserve sus alimentos frescos durante m\u00e1s tiempo y reduzca el desperdicio de alimentos!\" \/>\n<meta property=\"og:url\" content=\"https:\/\/www.csj-emballages.com\/es\/produit\/2-rollos-de-bolsas-de-vacio-de-conservacion-gofradas-028-x-6-m-90-%c2%b5\/\" \/>\n<meta property=\"og:site_name\" content=\"CSJ Emballages\" \/>\n<meta property=\"article:publisher\" content=\"https:\/\/www.facebook.com\/csjemballages\" \/>\n<meta property=\"article:modified_time\" content=\"2026-04-28T11:00:59+00:00\" \/>\n<meta property=\"og:image\" content=\"https:\/\/www.csj-emballages.com\/wp-content\/uploads\/2024\/03\/ItemSVIDEGAUF28600.png\" \/>\n\t<meta property=\"og:image:width\" content=\"300\" \/>\n\t<meta property=\"og:image:height\" content=\"300\" \/>\n\t<meta property=\"og:image:type\" content=\"image\/png\" \/>\n<meta name=\"twitter:card\" content=\"summary_large_image\" \/>\n<meta name=\"twitter:label1\" content=\"Tiempo de lectura\" \/>\n\t<meta name=\"twitter:data1\" content=\"2 minutos\" \/>\n<script type=\"application\/ld+json\" class=\"yoast-schema-graph\">{\"@context\":\"https:\/\/schema.org\",\"@graph\":[{\"@type\":\"WebPage\",\"@id\":\"https:\/\/www.csj-emballages.com\/es\/produit\/2-rollos-de-bolsas-de-vacio-de-conservacion-gofradas-028-x-6-m-90-%c2%b5\/\",\"url\":\"https:\/\/www.csj-emballages.com\/es\/produit\/2-rollos-de-bolsas-de-vacio-de-conservacion-gofradas-028-x-6-m-90-%c2%b5\/\",\"name\":\"Bolsa de vac\u00edo en rollos Gofrado 28x600 cm 90\u00b5\",\"isPartOf\":{\"@id\":\"https:\/\/www.csj-emballages.com\/es\/#website\"},\"primaryImageOfPage\":{\"@id\":\"https:\/\/www.csj-emballages.com\/es\/produit\/2-rollos-de-bolsas-de-vacio-de-conservacion-gofradas-028-x-6-m-90-%c2%b5\/#primaryimage\"},\"image\":{\"@id\":\"https:\/\/www.csj-emballages.com\/es\/produit\/2-rollos-de-bolsas-de-vacio-de-conservacion-gofradas-028-x-6-m-90-%c2%b5\/#primaryimage\"},\"thumbnailUrl\":\"https:\/\/www.csj-emballages.com\/wp-content\/uploads\/2024\/03\/ItemSVIDEGAUF28600.png\",\"datePublished\":\"2024-03-01T15:47:47+00:00\",\"dateModified\":\"2026-04-28T11:00:59+00:00\",\"description\":\"Descubra nuestros Rollos de bolsas de vac\u00edo gofradas 0,22x6 m 90 \u00b5. \u00a1Conserve sus alimentos frescos durante m\u00e1s tiempo y reduzca el desperdicio de alimentos!\",\"breadcrumb\":{\"@id\":\"https:\/\/www.csj-emballages.com\/es\/produit\/2-rollos-de-bolsas-de-vacio-de-conservacion-gofradas-028-x-6-m-90-%c2%b5\/#breadcrumb\"},\"inLanguage\":\"es\",\"potentialAction\":[{\"@type\":\"ReadAction\",\"target\":[\"https:\/\/www.csj-emballages.com\/es\/produit\/2-rollos-de-bolsas-de-vacio-de-conservacion-gofradas-028-x-6-m-90-%c2%b5\/\"]}]},{\"@type\":\"ImageObject\",\"inLanguage\":\"es\",\"@id\":\"https:\/\/www.csj-emballages.com\/es\/produit\/2-rollos-de-bolsas-de-vacio-de-conservacion-gofradas-028-x-6-m-90-%c2%b5\/#primaryimage\",\"url\":\"https:\/\/www.csj-emballages.com\/wp-content\/uploads\/2024\/03\/ItemSVIDEGAUF28600.png\",\"contentUrl\":\"https:\/\/www.csj-emballages.com\/wp-content\/uploads\/2024\/03\/ItemSVIDEGAUF28600.png\",\"width\":300,\"height\":300,\"caption\":\"Rouleaux sacs sous vide\"},{\"@type\":\"BreadcrumbList\",\"@id\":\"https:\/\/www.csj-emballages.com\/es\/produit\/2-rollos-de-bolsas-de-vacio-de-conservacion-gofradas-028-x-6-m-90-%c2%b5\/#breadcrumb\",\"itemListElement\":[{\"@type\":\"ListItem\",\"position\":1,\"name\":\"Accueil\",\"item\":\"https:\/\/www.csj-emballages.com\/es\/universo-del-envasado-alimentario\/\"},{\"@type\":\"ListItem\",\"position\":2,\"name\":\"Tienda\",\"item\":\"https:\/\/www.csj-emballages.com\/tienda\/\"},{\"@type\":\"ListItem\",\"position\":3,\"name\":\"2 rollos de bolsas de vac\u00edo de conservaci\u00f3n gofradas 0,28 x 6 m 90 \u00b5\"}]},{\"@type\":\"WebSite\",\"@id\":\"https:\/\/www.csj-emballages.com\/es\/#website\",\"url\":\"https:\/\/www.csj-emballages.com\/es\/\",\"name\":\"CSJ Emballages\",\"description\":\"\",\"publisher\":{\"@id\":\"https:\/\/www.csj-emballages.com\/es\/#organization\"},\"potentialAction\":[{\"@type\":\"SearchAction\",\"target\":{\"@type\":\"EntryPoint\",\"urlTemplate\":\"https:\/\/www.csj-emballages.com\/es\/?s={search_term_string}\"},\"query-input\":{\"@type\":\"PropertyValueSpecification\",\"valueRequired\":true,\"valueName\":\"search_term_string\"}}],\"inLanguage\":\"es\"},{\"@type\":\"Organization\",\"@id\":\"https:\/\/www.csj-emballages.com\/es\/#Organization\/\",\"name\":\"CSJ Emballages\",\"url\":\"https:\/\/www.csj-emballages.com\/es\/\",\"logo\":{\"@type\":\"ImageObject\",\"inLanguage\":\"es\",\"@id\":\"https:\/\/www.csj-emballages.com\/es\/#\/schema\/logo\/image\/\",\"url\":\"https:\/\/www.csj-emballages.com\/wp-content\/uploads\/2023\/10\/logo_csj.webp\",\"contentUrl\":\"https:\/\/www.csj-emballages.com\/wp-content\/uploads\/2023\/10\/logo_csj.webp\",\"width\":250,\"height\":95,\"caption\":\"CSJ Emballages\"},\"image\":{\"@id\":\"https:\/\/www.csj-emballages.com\/es\/#\/schema\/logo\/image\/\"},\"sameAs\":[\"https:\/\/www.facebook.com\/csjemballages\"],\"address\":{\"@type\":\"PostalAddress\",\"streetAddress\":\"ZI La Lechere\",\"addressLocality\":\"Patornay\",\"postalCode\":\"39130\",\"addressCountry\":\"FR\"},\"contactPoint\":[{\"@type\":\"ContactPoint\",\"contactType\":\"Service client\",\"telephone\":\"0384254272\",\"email\":\"contact@csj-emballages.com\"}]}]}<\/script>\n<!-- \/ Yoast SEO Premium plugin. -->","yoast_head_json":{"title":"Bolsa de vac\u00edo en rollos Gofrado 28x600 cm 90\u00b5","description":"Descubra nuestros Rollos de bolsas de vac\u00edo gofradas 0,22x6 m 90 \u00b5. \u00a1Conserve sus alimentos frescos durante m\u00e1s tiempo y reduzca el desperdicio de alimentos!","robots":{"index":"index","follow":"follow","max-snippet":"max-snippet:-1","max-image-preview":"max-image-preview:large","max-video-preview":"max-video-preview:-1"},"canonical":"https:\/\/www.csj-emballages.com\/es\/produit\/2-rollos-de-bolsas-de-vacio-de-conservacion-gofradas-028-x-6-m-90-%c2%b5\/","og_locale":"es_ES","og_type":"article","og_title":"2 rollos de bolsas de vac\u00edo de conservaci\u00f3n gofradas 0,28 x 6 m 90 \u00b5","og_description":"Descubra nuestros Rollos de bolsas de vac\u00edo gofradas 0,22x6 m 90 \u00b5. \u00a1Conserve sus alimentos frescos durante m\u00e1s tiempo y reduzca el desperdicio de alimentos!","og_url":"https:\/\/www.csj-emballages.com\/es\/produit\/2-rollos-de-bolsas-de-vacio-de-conservacion-gofradas-028-x-6-m-90-%c2%b5\/","og_site_name":"CSJ Emballages","article_publisher":"https:\/\/www.facebook.com\/csjemballages","article_modified_time":"2026-04-28T11:00:59+00:00","og_image":[{"width":300,"height":300,"url":"https:\/\/www.csj-emballages.com\/wp-content\/uploads\/2024\/03\/ItemSVIDEGAUF28600.png","type":"image\/png"}],"twitter_card":"summary_large_image","twitter_misc":{"Tiempo de lectura":"2 minutos"},"schema":{"@context":"https:\/\/schema.org","@graph":[{"@type":"WebPage","@id":"https:\/\/www.csj-emballages.com\/es\/produit\/2-rollos-de-bolsas-de-vacio-de-conservacion-gofradas-028-x-6-m-90-%c2%b5\/","url":"https:\/\/www.csj-emballages.com\/es\/produit\/2-rollos-de-bolsas-de-vacio-de-conservacion-gofradas-028-x-6-m-90-%c2%b5\/","name":"Bolsa de vac\u00edo en rollos Gofrado 28x600 cm 90\u00b5","isPartOf":{"@id":"https:\/\/www.csj-emballages.com\/es\/#website"},"primaryImageOfPage":{"@id":"https:\/\/www.csj-emballages.com\/es\/produit\/2-rollos-de-bolsas-de-vacio-de-conservacion-gofradas-028-x-6-m-90-%c2%b5\/#primaryimage"},"image":{"@id":"https:\/\/www.csj-emballages.com\/es\/produit\/2-rollos-de-bolsas-de-vacio-de-conservacion-gofradas-028-x-6-m-90-%c2%b5\/#primaryimage"},"thumbnailUrl":"https:\/\/www.csj-emballages.com\/wp-content\/uploads\/2024\/03\/ItemSVIDEGAUF28600.png","datePublished":"2024-03-01T15:47:47+00:00","dateModified":"2026-04-28T11:00:59+00:00","description":"Descubra nuestros Rollos de bolsas de vac\u00edo gofradas 0,22x6 m 90 \u00b5. \u00a1Conserve sus alimentos frescos durante m\u00e1s tiempo y reduzca el desperdicio de alimentos!","breadcrumb":{"@id":"https:\/\/www.csj-emballages.com\/es\/produit\/2-rollos-de-bolsas-de-vacio-de-conservacion-gofradas-028-x-6-m-90-%c2%b5\/#breadcrumb"},"inLanguage":"es","potentialAction":[{"@type":"ReadAction","target":["https:\/\/www.csj-emballages.com\/es\/produit\/2-rollos-de-bolsas-de-vacio-de-conservacion-gofradas-028-x-6-m-90-%c2%b5\/"]}]},{"@type":"ImageObject","inLanguage":"es","@id":"https:\/\/www.csj-emballages.com\/es\/produit\/2-rollos-de-bolsas-de-vacio-de-conservacion-gofradas-028-x-6-m-90-%c2%b5\/#primaryimage","url":"https:\/\/www.csj-emballages.com\/wp-content\/uploads\/2024\/03\/ItemSVIDEGAUF28600.png","contentUrl":"https:\/\/www.csj-emballages.com\/wp-content\/uploads\/2024\/03\/ItemSVIDEGAUF28600.png","width":300,"height":300,"caption":"Rouleaux sacs sous vide"},{"@type":"BreadcrumbList","@id":"https:\/\/www.csj-emballages.com\/es\/produit\/2-rollos-de-bolsas-de-vacio-de-conservacion-gofradas-028-x-6-m-90-%c2%b5\/#breadcrumb","itemListElement":[{"@type":"ListItem","position":1,"name":"Accueil","item":"https:\/\/www.csj-emballages.com\/es\/universo-del-envasado-alimentario\/"},{"@type":"ListItem","position":2,"name":"Tienda","item":"https:\/\/www.csj-emballages.com\/tienda\/"},{"@type":"ListItem","position":3,"name":"2 rollos de bolsas de vac\u00edo de conservaci\u00f3n gofradas 0,28 x 6 m 90 \u00b5"}]},{"@type":"WebSite","@id":"https:\/\/www.csj-emballages.com\/es\/#website","url":"https:\/\/www.csj-emballages.com\/es\/","name":"CSJ Emballages","description":"","publisher":{"@id":"https:\/\/www.csj-emballages.com\/es\/#organization"},"potentialAction":[{"@type":"SearchAction","target":{"@type":"EntryPoint","urlTemplate":"https:\/\/www.csj-emballages.com\/es\/?s={search_term_string}"},"query-input":{"@type":"PropertyValueSpecification","valueRequired":true,"valueName":"search_term_string"}}],"inLanguage":"es"},{"@type":"Organization","@id":"https:\/\/www.csj-emballages.com\/es\/#Organization\/","name":"CSJ Emballages","url":"https:\/\/www.csj-emballages.com\/es\/","logo":{"@type":"ImageObject","inLanguage":"es","@id":"https:\/\/www.csj-emballages.com\/es\/#\/schema\/logo\/image\/","url":"https:\/\/www.csj-emballages.com\/wp-content\/uploads\/2023\/10\/logo_csj.webp","contentUrl":"https:\/\/www.csj-emballages.com\/wp-content\/uploads\/2023\/10\/logo_csj.webp","width":250,"height":95,"caption":"CSJ Emballages"},"image":{"@id":"https:\/\/www.csj-emballages.com\/es\/#\/schema\/logo\/image\/"},"sameAs":["https:\/\/www.facebook.com\/csjemballages"],"address":{"@type":"PostalAddress","streetAddress":"ZI La Lechere","addressLocality":"Patornay","postalCode":"39130","addressCountry":"FR"},"contactPoint":[{"@type":"ContactPoint","contactType":"Service client","telephone":"0384254272","email":"contact@csj-emballages.com"}]}]}},"df_price":9.96,"df_sale_price":"","df_regular_price":9.96,"df_image_link":"https:\/\/www.csj-emballages.com\/wp-content\/uploads\/2024\/03\/ItemSVIDEGAUF28600.png","tiered_pricing_type":"fixed","tiered_pricing_fixed_rules":[],"tiered_pricing_percentage_rules":[],"tiered_pricing_minimum":1,"tiered_pricing_roles_data":[],"_links":{"self":[{"href":"https:\/\/www.csj-emballages.com\/es\/wp-json\/wp\/v2\/product\/17974","targetHints":{"allow":["GET"]}}],"collection":[{"href":"https:\/\/www.csj-emballages.com\/es\/wp-json\/wp\/v2\/product"}],"about":[{"href":"https:\/\/www.csj-emballages.com\/es\/wp-json\/wp\/v2\/types\/product"}],"wp:featuredmedia":[{"embeddable":true,"href":"https:\/\/www.csj-emballages.com\/es\/wp-json\/wp\/v2\/media\/12317"}],"wp:attachment":[{"href":"https:\/\/www.csj-emballages.com\/es\/wp-json\/wp\/v2\/media?parent=17974"}],"wp:term":[{"taxonomy":"product_brand","embeddable":true,"href":"https:\/\/www.csj-emballages.com\/es\/wp-json\/wp\/v2\/product_brand?post=17974"},{"taxonomy":"product_cat","embeddable":true,"href":"https:\/\/www.csj-emballages.com\/es\/wp-json\/wp\/v2\/product_cat?post=17974"},{"taxonomy":"product_tag","embeddable":true,"href":"https:\/\/www.csj-emballages.com\/es\/wp-json\/wp\/v2\/product_tag?post=17974"}],"curies":[{"name":"wp","href":"https:\/\/api.w.org\/{rel}","templated":true}]}}