{"id":17930,"date":"2024-03-01T16:47:49","date_gmt":"2024-03-01T15:47:49","guid":{"rendered":"https:\/\/u15jnbdpoq.preview.infomaniak.website\/produit\/soporte-de-pared-de-50-cm-con-3-anillas\/"},"modified":"2026-05-06T02:18:03","modified_gmt":"2026-05-06T00:18:03","slug":"soporte-de-pared-de-50-cm-con-3-anillas","status":"publish","type":"product","link":"https:\/\/www.csj-emballages.com\/es\/produit\/soporte-de-pared-de-50-cm-con-3-anillas\/","title":{"rendered":"Soporte de pared de 50 cm con 3 anillas"},"content":{"rendered":"<h2>Soporte de pared<\/h2>\n<hr>\n<h3>Descripci\u00f3n de nuestro soporte de pared de 50 cm con 3 anillas<!--more--><\/h3>\n<div class=\"flex max-w-full flex-col flex-grow\">\n<div class=\"min-h-8 text-message flex w-full flex-col items-end gap-2 whitespace-normal break-words text-start [.text-message+&amp;]:mt-5\" dir=\"auto\" data-message-author-role=\"assistant\" data-message-id=\"266ca6f3-5e07-4948-bd20-80ac5e6da4a5\" data-message-model-slug=\"gpt-4o\">\n<div class=\"flex w-full flex-col gap-1 empty:hidden first:pt-[3px]\">\n<div class=\"markdown prose w-full break-words dark:prose-invert dark\">\n<p data-start=\"279\" data-end=\"639\">Cuando el espacio empieza a escasear, este <strong data-start=\"317\" data-end=\"358\">soporte de pared de 50 cm con 3 anillas<\/strong> se convierte r\u00e1pidamente en un aliado indispensable. Pensado para simplificar el orden, permite mantener <strong>escobas, mangos, rasquetas u otros accesorios<\/strong> bien alineados y siempre a mano. Se acabaron las herramientas tiradas en el suelo o arrinconadas: aqu\u00ed, todo encuentra su sitio de forma natural.  <\/p>\n<p data-start=\"641\" data-end=\"1073\">Gracias a sus <strong data-start=\"653\" data-end=\"679\">tres anillas robustas<\/strong>, cada mango se sujeta firmemente sin resbalar. Cuelga, descuelga y listo. El sistema es sencillo, eficaz y agradable de usar a diario. Adem\u00e1s, su <strong>fijaci\u00f3n mural<\/strong> garantiza una buena estabilidad, incluso con un uso frecuente. Ya sea en un local t\u00e9cnico, un garaje, un almac\u00e9n o un espacio de limpieza profesional, se integra f\u00e1cilmente sin estorbar.    <\/p>\n<p data-start=\"1075\" data-end=\"1403\">Su formato de <strong data-start=\"1089\" data-end=\"1098\">50 cm<\/strong> ofrece un buen equilibrio: lo suficientemente largo para organizar varias herramientas, pero lo suficientemente compacto para adaptarse a espacios peque\u00f1os. Su dise\u00f1o sobrio y discreto encaja en cualquier sitio, sin dejar de ser funcional. Y como est\u00e1 dise\u00f1ado para durar, puede usarlo d\u00eda tras d\u00eda sin preocupaciones.  <\/p>\n<p data-start=\"1405\" data-end=\"1678\">En resumen, este <strong>soporte de pared<\/strong> permite ahorrar tiempo, espacio y comodidad. Ayuda a mantener un entorno m\u00e1s limpio, mejor organizado y m\u00e1s agradable de usar. Una soluci\u00f3n sencilla, pr\u00e1ctica y francamente eficaz para quienes les gusta que todo est\u00e9 en su sitio.  <\/p>\n<h3><\/h3>\n<\/div>\n<\/div>\n<\/div>\n<\/div>\n<p><!--more--><\/p>\n<h4>Ventajas :<\/h4>\n<ul>\n<li data-start=\"104\" data-end=\"161\">Permite <strong>mantener los mangos y accesorios bien ordenados.<\/strong><\/li>\n<li data-start=\"164\" data-end=\"208\">Fijaci\u00f3n mural para un verdadero ahorro de espacio.<\/li>\n<li data-start=\"211\" data-end=\"277\"><strong>3 anillas s\u00f3lidas<\/strong> para sujetar las herramientas sin que se deslicen.<\/li>\n<li data-start=\"280\" data-end=\"327\">Acceso r\u00e1pido a escobas, rasquetas o mangos.<\/li>\n<li data-start=\"330\" data-end=\"383\">Ideal para locales de limpieza, garajes o almacenes.<\/li>\n<\/ul>\n<p>&nbsp;<\/p>\n<p><!--more--><\/p>\n<h4>Informaci\u00f3n adicional :<\/h4>\n<ul>\n<li><strong>Embalaje<\/strong>: Se vende individualmente<\/li>\n<li><b>Longitud: <\/b>50 cm<\/li>\n<li><strong>Capacidad<\/strong>: 3 anillos<\/li>\n<li><b>Color: <\/b>Blanco<\/li>\n<\/ul>\n<p>&nbsp;<\/p>\n<p><!--more--><\/p>\n<p><a href=\"https:\/\/www.csj-emballages.com\/es\/categorie-produit\/higiene-y-mantenimiento\/accesorios\/\">Ver el resto de nuestra gama de accesorios de higiene<\/a><\/p>\n","protected":false},"excerpt":{"rendered":"<p>Soporte de pared Descripci\u00f3n de nuestro soporte de pared de 50 cm con 3 anillas<\/p>\n","protected":false},"featured_media":221424,"template":"","meta":{"_acf_changed":false},"product_brand":[],"product_cat":[1226,1716],"product_tag":[],"class_list":{"0":"post-17930","1":"product","2":"type-product","3":"status-publish","4":"has-post-thumbnail","6":"product_cat-higiene-y-mantenimiento","7":"product_cat-accesorios","9":"first","10":"instock","11":"taxable","12":"shipping-taxable","13":"purchasable","14":"product-type-simple"},"acf":[],"yoast_head":"<!-- This site is optimized with the Yoast SEO Premium plugin v26.6 (Yoast SEO v26.6) - https:\/\/yoast.com\/wordpress\/plugins\/seo\/ -->\n<title>Soporte de pared de 50 cm con 3 anillas<\/title>\n<meta name=\"description\" content=\"Soporte mural de 50 cm con 3 anillas para una organizaci\u00f3n \u00f3ptima. Robusto, f\u00e1cil de instalar y vers\u00e1til para una gran variedad de usos.\" \/>\n<meta name=\"robots\" content=\"index, follow, max-snippet:-1, max-image-preview:large, max-video-preview:-1\" \/>\n<link rel=\"canonical\" href=\"https:\/\/www.csj-emballages.com\/es\/produit\/soporte-de-pared-de-50-cm-con-3-anillas\/\" \/>\n<meta property=\"og:locale\" content=\"es_ES\" \/>\n<meta property=\"og:type\" content=\"article\" \/>\n<meta property=\"og:title\" content=\"Soporte de pared de 50 cm con 3 anillas\" \/>\n<meta property=\"og:description\" content=\"Soporte mural de 50 cm con 3 anillas para una organizaci\u00f3n \u00f3ptima. Robusto, f\u00e1cil de instalar y vers\u00e1til para una gran variedad de usos.\" \/>\n<meta property=\"og:url\" content=\"https:\/\/www.csj-emballages.com\/es\/produit\/soporte-de-pared-de-50-cm-con-3-anillas\/\" \/>\n<meta property=\"og:site_name\" content=\"CSJ Emballages\" \/>\n<meta property=\"article:publisher\" content=\"https:\/\/www.facebook.com\/csjemballages\" \/>\n<meta property=\"article:modified_time\" content=\"2026-05-06T00:18:03+00:00\" \/>\n<meta property=\"og:image\" content=\"https:\/\/www.csj-emballages.com\/wp-content\/uploads\/2024\/03\/Support-mural.webp\" \/>\n\t<meta property=\"og:image:width\" content=\"800\" \/>\n\t<meta property=\"og:image:height\" content=\"800\" \/>\n\t<meta property=\"og:image:type\" content=\"image\/webp\" \/>\n<meta name=\"twitter:card\" content=\"summary_large_image\" \/>\n<meta name=\"twitter:label1\" content=\"Tiempo de lectura\" \/>\n\t<meta name=\"twitter:data1\" content=\"2 minutos\" \/>\n<script type=\"application\/ld+json\" class=\"yoast-schema-graph\">{\"@context\":\"https:\/\/schema.org\",\"@graph\":[{\"@type\":\"WebPage\",\"@id\":\"https:\/\/www.csj-emballages.com\/es\/produit\/soporte-de-pared-de-50-cm-con-3-anillas\/\",\"url\":\"https:\/\/www.csj-emballages.com\/es\/produit\/soporte-de-pared-de-50-cm-con-3-anillas\/\",\"name\":\"Soporte de pared de 50 cm con 3 anillas\",\"isPartOf\":{\"@id\":\"https:\/\/www.csj-emballages.com\/es\/#website\"},\"primaryImageOfPage\":{\"@id\":\"https:\/\/www.csj-emballages.com\/es\/produit\/soporte-de-pared-de-50-cm-con-3-anillas\/#primaryimage\"},\"image\":{\"@id\":\"https:\/\/www.csj-emballages.com\/es\/produit\/soporte-de-pared-de-50-cm-con-3-anillas\/#primaryimage\"},\"thumbnailUrl\":\"https:\/\/www.csj-emballages.com\/wp-content\/uploads\/2024\/03\/Support-mural.webp\",\"datePublished\":\"2024-03-01T15:47:49+00:00\",\"dateModified\":\"2026-05-06T00:18:03+00:00\",\"description\":\"Soporte mural de 50 cm con 3 anillas para una organizaci\u00f3n \u00f3ptima. Robusto, f\u00e1cil de instalar y vers\u00e1til para una gran variedad de usos.\",\"breadcrumb\":{\"@id\":\"https:\/\/www.csj-emballages.com\/es\/produit\/soporte-de-pared-de-50-cm-con-3-anillas\/#breadcrumb\"},\"inLanguage\":\"es\",\"potentialAction\":[{\"@type\":\"ReadAction\",\"target\":[\"https:\/\/www.csj-emballages.com\/es\/produit\/soporte-de-pared-de-50-cm-con-3-anillas\/\"]}]},{\"@type\":\"ImageObject\",\"inLanguage\":\"es\",\"@id\":\"https:\/\/www.csj-emballages.com\/es\/produit\/soporte-de-pared-de-50-cm-con-3-anillas\/#primaryimage\",\"url\":\"https:\/\/www.csj-emballages.com\/wp-content\/uploads\/2024\/03\/Support-mural.webp\",\"contentUrl\":\"https:\/\/www.csj-emballages.com\/wp-content\/uploads\/2024\/03\/Support-mural.webp\",\"width\":800,\"height\":800,\"caption\":\"Support mural\"},{\"@type\":\"BreadcrumbList\",\"@id\":\"https:\/\/www.csj-emballages.com\/es\/produit\/soporte-de-pared-de-50-cm-con-3-anillas\/#breadcrumb\",\"itemListElement\":[{\"@type\":\"ListItem\",\"position\":1,\"name\":\"Accueil\",\"item\":\"https:\/\/www.csj-emballages.com\/es\/universo-del-envasado-alimentario\/\"},{\"@type\":\"ListItem\",\"position\":2,\"name\":\"Tienda\",\"item\":\"https:\/\/www.csj-emballages.com\/tienda\/\"},{\"@type\":\"ListItem\",\"position\":3,\"name\":\"Soporte de pared de 50 cm con 3 anillas\"}]},{\"@type\":\"WebSite\",\"@id\":\"https:\/\/www.csj-emballages.com\/es\/#website\",\"url\":\"https:\/\/www.csj-emballages.com\/es\/\",\"name\":\"CSJ Emballages\",\"description\":\"\",\"publisher\":{\"@id\":\"https:\/\/www.csj-emballages.com\/es\/#organization\"},\"potentialAction\":[{\"@type\":\"SearchAction\",\"target\":{\"@type\":\"EntryPoint\",\"urlTemplate\":\"https:\/\/www.csj-emballages.com\/es\/?s={search_term_string}\"},\"query-input\":{\"@type\":\"PropertyValueSpecification\",\"valueRequired\":true,\"valueName\":\"search_term_string\"}}],\"inLanguage\":\"es\"},{\"@type\":\"Organization\",\"@id\":\"https:\/\/www.csj-emballages.com\/es\/#Organization\/\",\"name\":\"CSJ Emballages\",\"url\":\"https:\/\/www.csj-emballages.com\/es\/\",\"logo\":{\"@type\":\"ImageObject\",\"inLanguage\":\"es\",\"@id\":\"https:\/\/www.csj-emballages.com\/es\/#\/schema\/logo\/image\/\",\"url\":\"https:\/\/www.csj-emballages.com\/wp-content\/uploads\/2023\/10\/logo_csj.webp\",\"contentUrl\":\"https:\/\/www.csj-emballages.com\/wp-content\/uploads\/2023\/10\/logo_csj.webp\",\"width\":250,\"height\":95,\"caption\":\"CSJ Emballages\"},\"image\":{\"@id\":\"https:\/\/www.csj-emballages.com\/es\/#\/schema\/logo\/image\/\"},\"sameAs\":[\"https:\/\/www.facebook.com\/csjemballages\"],\"address\":{\"@type\":\"PostalAddress\",\"streetAddress\":\"ZI La Lechere\",\"addressLocality\":\"Patornay\",\"postalCode\":\"39130\",\"addressCountry\":\"FR\"},\"contactPoint\":[{\"@type\":\"ContactPoint\",\"contactType\":\"Service client\",\"telephone\":\"0384254272\",\"email\":\"contact@csj-emballages.com\"}]}]}<\/script>\n<!-- \/ Yoast SEO Premium plugin. -->","yoast_head_json":{"title":"Soporte de pared de 50 cm con 3 anillas","description":"Soporte mural de 50 cm con 3 anillas para una organizaci\u00f3n \u00f3ptima. Robusto, f\u00e1cil de instalar y vers\u00e1til para una gran variedad de usos.","robots":{"index":"index","follow":"follow","max-snippet":"max-snippet:-1","max-image-preview":"max-image-preview:large","max-video-preview":"max-video-preview:-1"},"canonical":"https:\/\/www.csj-emballages.com\/es\/produit\/soporte-de-pared-de-50-cm-con-3-anillas\/","og_locale":"es_ES","og_type":"article","og_title":"Soporte de pared de 50 cm con 3 anillas","og_description":"Soporte mural de 50 cm con 3 anillas para una organizaci\u00f3n \u00f3ptima. Robusto, f\u00e1cil de instalar y vers\u00e1til para una gran variedad de usos.","og_url":"https:\/\/www.csj-emballages.com\/es\/produit\/soporte-de-pared-de-50-cm-con-3-anillas\/","og_site_name":"CSJ Emballages","article_publisher":"https:\/\/www.facebook.com\/csjemballages","article_modified_time":"2026-05-06T00:18:03+00:00","og_image":[{"width":800,"height":800,"url":"https:\/\/www.csj-emballages.com\/wp-content\/uploads\/2024\/03\/Support-mural.webp","type":"image\/webp"}],"twitter_card":"summary_large_image","twitter_misc":{"Tiempo de lectura":"2 minutos"},"schema":{"@context":"https:\/\/schema.org","@graph":[{"@type":"WebPage","@id":"https:\/\/www.csj-emballages.com\/es\/produit\/soporte-de-pared-de-50-cm-con-3-anillas\/","url":"https:\/\/www.csj-emballages.com\/es\/produit\/soporte-de-pared-de-50-cm-con-3-anillas\/","name":"Soporte de pared de 50 cm con 3 anillas","isPartOf":{"@id":"https:\/\/www.csj-emballages.com\/es\/#website"},"primaryImageOfPage":{"@id":"https:\/\/www.csj-emballages.com\/es\/produit\/soporte-de-pared-de-50-cm-con-3-anillas\/#primaryimage"},"image":{"@id":"https:\/\/www.csj-emballages.com\/es\/produit\/soporte-de-pared-de-50-cm-con-3-anillas\/#primaryimage"},"thumbnailUrl":"https:\/\/www.csj-emballages.com\/wp-content\/uploads\/2024\/03\/Support-mural.webp","datePublished":"2024-03-01T15:47:49+00:00","dateModified":"2026-05-06T00:18:03+00:00","description":"Soporte mural de 50 cm con 3 anillas para una organizaci\u00f3n \u00f3ptima. Robusto, f\u00e1cil de instalar y vers\u00e1til para una gran variedad de usos.","breadcrumb":{"@id":"https:\/\/www.csj-emballages.com\/es\/produit\/soporte-de-pared-de-50-cm-con-3-anillas\/#breadcrumb"},"inLanguage":"es","potentialAction":[{"@type":"ReadAction","target":["https:\/\/www.csj-emballages.com\/es\/produit\/soporte-de-pared-de-50-cm-con-3-anillas\/"]}]},{"@type":"ImageObject","inLanguage":"es","@id":"https:\/\/www.csj-emballages.com\/es\/produit\/soporte-de-pared-de-50-cm-con-3-anillas\/#primaryimage","url":"https:\/\/www.csj-emballages.com\/wp-content\/uploads\/2024\/03\/Support-mural.webp","contentUrl":"https:\/\/www.csj-emballages.com\/wp-content\/uploads\/2024\/03\/Support-mural.webp","width":800,"height":800,"caption":"Support mural"},{"@type":"BreadcrumbList","@id":"https:\/\/www.csj-emballages.com\/es\/produit\/soporte-de-pared-de-50-cm-con-3-anillas\/#breadcrumb","itemListElement":[{"@type":"ListItem","position":1,"name":"Accueil","item":"https:\/\/www.csj-emballages.com\/es\/universo-del-envasado-alimentario\/"},{"@type":"ListItem","position":2,"name":"Tienda","item":"https:\/\/www.csj-emballages.com\/tienda\/"},{"@type":"ListItem","position":3,"name":"Soporte de pared de 50 cm con 3 anillas"}]},{"@type":"WebSite","@id":"https:\/\/www.csj-emballages.com\/es\/#website","url":"https:\/\/www.csj-emballages.com\/es\/","name":"CSJ Emballages","description":"","publisher":{"@id":"https:\/\/www.csj-emballages.com\/es\/#organization"},"potentialAction":[{"@type":"SearchAction","target":{"@type":"EntryPoint","urlTemplate":"https:\/\/www.csj-emballages.com\/es\/?s={search_term_string}"},"query-input":{"@type":"PropertyValueSpecification","valueRequired":true,"valueName":"search_term_string"}}],"inLanguage":"es"},{"@type":"Organization","@id":"https:\/\/www.csj-emballages.com\/es\/#Organization\/","name":"CSJ Emballages","url":"https:\/\/www.csj-emballages.com\/es\/","logo":{"@type":"ImageObject","inLanguage":"es","@id":"https:\/\/www.csj-emballages.com\/es\/#\/schema\/logo\/image\/","url":"https:\/\/www.csj-emballages.com\/wp-content\/uploads\/2023\/10\/logo_csj.webp","contentUrl":"https:\/\/www.csj-emballages.com\/wp-content\/uploads\/2023\/10\/logo_csj.webp","width":250,"height":95,"caption":"CSJ Emballages"},"image":{"@id":"https:\/\/www.csj-emballages.com\/es\/#\/schema\/logo\/image\/"},"sameAs":["https:\/\/www.facebook.com\/csjemballages"],"address":{"@type":"PostalAddress","streetAddress":"ZI La Lechere","addressLocality":"Patornay","postalCode":"39130","addressCountry":"FR"},"contactPoint":[{"@type":"ContactPoint","contactType":"Service client","telephone":"0384254272","email":"contact@csj-emballages.com"}]}]}},"df_price":17.22,"df_sale_price":"","df_regular_price":17.22,"df_image_link":"https:\/\/www.csj-emballages.com\/wp-content\/uploads\/2024\/03\/Support-mural-300x300.webp","tiered_pricing_type":"fixed","tiered_pricing_fixed_rules":[],"tiered_pricing_percentage_rules":[],"tiered_pricing_minimum":1,"tiered_pricing_roles_data":[],"_links":{"self":[{"href":"https:\/\/www.csj-emballages.com\/es\/wp-json\/wp\/v2\/product\/17930","targetHints":{"allow":["GET"]}}],"collection":[{"href":"https:\/\/www.csj-emballages.com\/es\/wp-json\/wp\/v2\/product"}],"about":[{"href":"https:\/\/www.csj-emballages.com\/es\/wp-json\/wp\/v2\/types\/product"}],"wp:featuredmedia":[{"embeddable":true,"href":"https:\/\/www.csj-emballages.com\/es\/wp-json\/wp\/v2\/media\/221424"}],"wp:attachment":[{"href":"https:\/\/www.csj-emballages.com\/es\/wp-json\/wp\/v2\/media?parent=17930"}],"wp:term":[{"taxonomy":"product_brand","embeddable":true,"href":"https:\/\/www.csj-emballages.com\/es\/wp-json\/wp\/v2\/product_brand?post=17930"},{"taxonomy":"product_cat","embeddable":true,"href":"https:\/\/www.csj-emballages.com\/es\/wp-json\/wp\/v2\/product_cat?post=17930"},{"taxonomy":"product_tag","embeddable":true,"href":"https:\/\/www.csj-emballages.com\/es\/wp-json\/wp\/v2\/product_tag?post=17930"}],"curies":[{"name":"wp","href":"https:\/\/api.w.org\/{rel}","templated":true}]}}