{"id":17921,"date":"2024-03-01T16:47:49","date_gmt":"2024-03-01T15:47:49","guid":{"rendered":"https:\/\/u15jnbdpoq.preview.infomaniak.website\/produit\/soporte-piramidal-para-24-macarrones-de-chocolate\/"},"modified":"2026-04-03T02:21:36","modified_gmt":"2026-04-03T00:21:36","slug":"soporte-piramidal-para-24-macarrones-de-chocolate","status":"publish","type":"product","link":"https:\/\/www.csj-emballages.com\/es\/produit\/soporte-piramidal-para-24-macarrones-de-chocolate\/","title":{"rendered":"Soporte piramidal para 24 macarrones de chocolate"},"content":{"rendered":"<h2>Soporte piramidal para macarrones<\/h2>\n<hr>\n<h3>Descripci\u00f3n de nuestro soporte piramidal para 24 macarrones de chocolate<\/h3>\n<p><!--more--><\/p>\n<p data-start=\"84\" data-end=\"484\">Presuma de sus creaciones pasteleras con este <strong data-start=\"135\" data-end=\"198\">soporte piramidal para 24 macarrones de chocolate<\/strong>. Elegante y pr\u00e1ctico, este expositor est\u00e1 especialmente dise\u00f1ado para dar a sus dulces una presentaci\u00f3n refinada y profesional. Su <strong data-start=\"334\" data-end=\"353\">color chocolate<\/strong> aporta un toque c\u00e1lido y gourmet, perfecto para realzar sus buffets, vitrinas o mesas de recepci\u00f3n.  <\/p>\n<p data-start=\"486\" data-end=\"939\">Esta <strong data-start=\"492\" data-end=\"515\">pir\u00e1mide de macarrones<\/strong> tiene <strong data-start=\"530\" data-end=\"553\">4 caras que se montan<\/strong> simplemente desliz\u00e1ndolas unas dentro de otras. Este ingenioso sistema hace que sea f\u00e1cil <g id=\"gid_2\">de desmontar y transportar<\/g>, ideal para empresas de catering, pasteler\u00edas o particulares que deseen combinar est\u00e9tica y practicidad. Fabricado en <strong data-start=\"792\" data-end=\"816\">polipropileno resistente<\/strong>, es <strong data-start=\"837\" data-end=\"864\">lavable y reutilizable<\/strong>, lo que garantiza una larga vida \u00fatil incluso despu\u00e9s de un uso repetido.  <\/p>\n<p data-start=\"941\" data-end=\"1279\">Con capacidad para <strong data-start=\"961\" data-end=\"976\">24 macarrones<\/strong>, es perfecto para peque\u00f1as recepciones, regalos gourmet o escaparates. Ya sea para una boda, un cumplea\u00f1os, un banquete o simplemente para mostrar sus productos, este <strong data-start=\"1199\" data-end=\"1221\">soporte para macarons<\/strong> aportar\u00e1 un aut\u00e9ntico valor a\u00f1adido a su presentaci\u00f3n. <\/p>\n<p data-start=\"1281\" data-end=\"1544\">Su tama\u00f1o compacto<strong>(19 x 19 x 19,5 cm<\/strong>) ahorra espacio al tiempo que garantiza un visual impactante y estructurado. Tenga en cuenta que la<strong data-start=\"1418\" data-end=\"1440\">funda protectora<\/strong> se vende por separado, lo que le da libertad para completar su expositor seg\u00fan sus necesidades. <\/p>\n<p data-start=\"1546\" data-end=\"1734\">Al elegir este <strong data-start=\"1564\" data-end=\"1610\">soporte piramidal para macarrones de color chocolate<\/strong>, podr\u00e1 combinar elegancia, practicidad y durabilidad para mostrar sus dulces creaciones con gusto y profesionalidad.<\/p>\n<p data-start=\"1546\" data-end=\"1734\">\n<p data-start=\"1423\" data-end=\"1694\"><!--more--><\/p>\n<h4 data-start=\"1423\" data-end=\"1694\">Ventajas :<\/h4>\n<ul>\n<li data-start=\"1423\" data-end=\"1694\">Elegante presentaci\u00f3n gourmet en chocolate.<\/li>\n<li data-start=\"1423\" data-end=\"1694\">F\u00e1cil montaje gracias a sus 4 lados deslizantes.<\/li>\n<li data-start=\"1423\" data-end=\"1694\">F\u00e1cil de <strong data-start=\"1880\" data-end=\"1911\">desmontar y transportar<\/strong>.<\/li>\n<li data-start=\"1423\" data-end=\"1694\"><strong data-start=\"1927\" data-end=\"1954\">Lavable y reutilizable<\/strong>, econ\u00f3mico y duradero.<\/li>\n<li data-start=\"1423\" data-end=\"1694\">Capacidad ideal para <strong data-start=\"2003\" data-end=\"2018\">24 macarrones.<\/strong><\/li>\n<li data-start=\"1423\" data-end=\"1694\">Adecuado para banquetes, escaparates, regalos y recepciones.<\/li>\n<\/ul>\n<p>&nbsp;<\/p>\n<p><!--more--><\/p>\n<h4>Informaci\u00f3n adicional :<\/h4>\n<ul style=\"box-sizing: inherit; font-family: Roboto, sans-serif;\">\n<li><strong>Embalaje<\/strong>: Por unidad<\/li>\n<li><strong>Dimensiones<\/strong>: 190 x 190 x 195 (L x A x A en mm)<\/li>\n<li><strong>Material<\/strong>: Polipropileno<\/li>\n<li><strong>Color<\/strong>: chocolate<\/li>\n<li><strong>Capacidad<\/strong>: 24 macarrones<\/li>\n<\/ul>\n<p>&nbsp;<\/p>\n<p><!--more--><\/p>\n<p>Encuentre aqu\u00ed el estuche compatible con este porta pir\u00e1mide de macarrones : <span style=\"color: #d12727;\"><a style=\"color: #d12727;\" href=\"https:\/\/www.csj-emballages.com\/produit\/etuis-pyramide-support-24-macarons-couleur-chocolat\/\">PYRAMIDEMACA<\/a><\/span><\/p>\n<p>&nbsp;<\/p>\n<p><!--more--><\/p>\n<p><a href=\"https:\/\/www.csj-emballages.com\/es\/categorie-produit\/envasado-de-alimentos\/panaderia-y-pasteleria\/cajas-y-estuches\/cajas-estuches-para-macarrones\/piramide-de-macarrones\/\">Ver el resto de nuestra gama de pir\u00e1mides de macarrones<\/a><\/p>\n<p>&nbsp;<\/p>\n","protected":false},"excerpt":{"rendered":"<p>Soporte piramidal para macarrones Descripci\u00f3n de nuestro soporte piramidal para 24 macarrones de chocolate<\/p>\n","protected":false},"featured_media":242084,"template":"","meta":{"_acf_changed":false},"product_brand":[],"product_cat":[1150,1145,1710,1712],"product_tag":[],"class_list":{"0":"post-17921","1":"product","2":"type-product","3":"status-publish","4":"has-post-thumbnail","6":"product_cat-envasado-de-alimentos","7":"product_cat-panaderia-y-pasteleria","8":"product_cat-cajas-estuches-para-macarrones","9":"product_cat-piramide-de-macarrones","11":"first","12":"outofstock","13":"taxable","14":"shipping-taxable","15":"purchasable","16":"product-type-simple"},"acf":[],"yoast_head":"<!-- This site is optimized with the Yoast SEO Premium plugin v26.6 (Yoast SEO v26.6) - https:\/\/yoast.com\/wordpress\/plugins\/seo\/ -->\n<title>Soporte piramidal para 24 macarrones de chocolate<\/title>\n<meta name=\"description\" content=\"Soporte piramidal para macarrones de chocolate de 24 piezas, desmontable, lavable y reutilizable. Ideal para buffets, recepciones, vitrinas o regalos.\" \/>\n<meta name=\"robots\" content=\"index, follow, max-snippet:-1, max-image-preview:large, max-video-preview:-1\" \/>\n<link rel=\"canonical\" href=\"https:\/\/www.csj-emballages.com\/es\/produit\/soporte-piramidal-para-24-macarrones-de-chocolate\/\" \/>\n<meta property=\"og:locale\" content=\"es_ES\" \/>\n<meta property=\"og:type\" content=\"article\" \/>\n<meta property=\"og:title\" content=\"Soporte piramidal para 24 macarrones de chocolate\" \/>\n<meta property=\"og:description\" content=\"Soporte piramidal para macarrones de chocolate de 24 piezas, desmontable, lavable y reutilizable. Ideal para buffets, recepciones, vitrinas o regalos.\" \/>\n<meta property=\"og:url\" content=\"https:\/\/www.csj-emballages.com\/es\/produit\/soporte-piramidal-para-24-macarrones-de-chocolate\/\" \/>\n<meta property=\"og:site_name\" content=\"CSJ Emballages\" \/>\n<meta property=\"article:publisher\" content=\"https:\/\/www.facebook.com\/csjemballages\" \/>\n<meta property=\"article:modified_time\" content=\"2026-04-03T00:21:36+00:00\" \/>\n<meta property=\"og:image\" content=\"https:\/\/www.csj-emballages.com\/wp-content\/uploads\/2024\/03\/SUPYRA.webp\" \/>\n\t<meta property=\"og:image:width\" content=\"800\" \/>\n\t<meta property=\"og:image:height\" content=\"800\" \/>\n\t<meta property=\"og:image:type\" content=\"image\/webp\" \/>\n<meta name=\"twitter:card\" content=\"summary_large_image\" \/>\n<meta name=\"twitter:label1\" content=\"Tiempo de lectura\" \/>\n\t<meta name=\"twitter:data1\" content=\"2 minutos\" \/>\n<script type=\"application\/ld+json\" class=\"yoast-schema-graph\">{\"@context\":\"https:\/\/schema.org\",\"@graph\":[{\"@type\":\"WebPage\",\"@id\":\"https:\/\/www.csj-emballages.com\/es\/produit\/soporte-piramidal-para-24-macarrones-de-chocolate\/\",\"url\":\"https:\/\/www.csj-emballages.com\/es\/produit\/soporte-piramidal-para-24-macarrones-de-chocolate\/\",\"name\":\"Soporte piramidal para 24 macarrones de chocolate\",\"isPartOf\":{\"@id\":\"https:\/\/www.csj-emballages.com\/es\/#website\"},\"primaryImageOfPage\":{\"@id\":\"https:\/\/www.csj-emballages.com\/es\/produit\/soporte-piramidal-para-24-macarrones-de-chocolate\/#primaryimage\"},\"image\":{\"@id\":\"https:\/\/www.csj-emballages.com\/es\/produit\/soporte-piramidal-para-24-macarrones-de-chocolate\/#primaryimage\"},\"thumbnailUrl\":\"https:\/\/www.csj-emballages.com\/wp-content\/uploads\/2024\/03\/SUPYRA.webp\",\"datePublished\":\"2024-03-01T15:47:49+00:00\",\"dateModified\":\"2026-04-03T00:21:36+00:00\",\"description\":\"Soporte piramidal para macarrones de chocolate de 24 piezas, desmontable, lavable y reutilizable. Ideal para buffets, recepciones, vitrinas o regalos.\",\"breadcrumb\":{\"@id\":\"https:\/\/www.csj-emballages.com\/es\/produit\/soporte-piramidal-para-24-macarrones-de-chocolate\/#breadcrumb\"},\"inLanguage\":\"es\",\"potentialAction\":[{\"@type\":\"ReadAction\",\"target\":[\"https:\/\/www.csj-emballages.com\/es\/produit\/soporte-piramidal-para-24-macarrones-de-chocolate\/\"]}]},{\"@type\":\"ImageObject\",\"inLanguage\":\"es\",\"@id\":\"https:\/\/www.csj-emballages.com\/es\/produit\/soporte-piramidal-para-24-macarrones-de-chocolate\/#primaryimage\",\"url\":\"https:\/\/www.csj-emballages.com\/wp-content\/uploads\/2024\/03\/SUPYRA.webp\",\"contentUrl\":\"https:\/\/www.csj-emballages.com\/wp-content\/uploads\/2024\/03\/SUPYRA.webp\",\"width\":800,\"height\":800,\"caption\":\"Support pyramide macarons\"},{\"@type\":\"BreadcrumbList\",\"@id\":\"https:\/\/www.csj-emballages.com\/es\/produit\/soporte-piramidal-para-24-macarrones-de-chocolate\/#breadcrumb\",\"itemListElement\":[{\"@type\":\"ListItem\",\"position\":1,\"name\":\"Accueil\",\"item\":\"https:\/\/www.csj-emballages.com\/es\/universo-del-envasado-alimentario\/\"},{\"@type\":\"ListItem\",\"position\":2,\"name\":\"Tienda\",\"item\":\"https:\/\/www.csj-emballages.com\/tienda\/\"},{\"@type\":\"ListItem\",\"position\":3,\"name\":\"Soporte piramidal para 24 macarrones de chocolate\"}]},{\"@type\":\"WebSite\",\"@id\":\"https:\/\/www.csj-emballages.com\/es\/#website\",\"url\":\"https:\/\/www.csj-emballages.com\/es\/\",\"name\":\"CSJ Emballages\",\"description\":\"\",\"publisher\":{\"@id\":\"https:\/\/www.csj-emballages.com\/es\/#organization\"},\"potentialAction\":[{\"@type\":\"SearchAction\",\"target\":{\"@type\":\"EntryPoint\",\"urlTemplate\":\"https:\/\/www.csj-emballages.com\/es\/?s={search_term_string}\"},\"query-input\":{\"@type\":\"PropertyValueSpecification\",\"valueRequired\":true,\"valueName\":\"search_term_string\"}}],\"inLanguage\":\"es\"},{\"@type\":\"Organization\",\"@id\":\"https:\/\/www.csj-emballages.com\/es\/#Organization\/\",\"name\":\"CSJ Emballages\",\"url\":\"https:\/\/www.csj-emballages.com\/es\/\",\"logo\":{\"@type\":\"ImageObject\",\"inLanguage\":\"es\",\"@id\":\"https:\/\/www.csj-emballages.com\/es\/#\/schema\/logo\/image\/\",\"url\":\"https:\/\/www.csj-emballages.com\/wp-content\/uploads\/2023\/10\/logo_csj.webp\",\"contentUrl\":\"https:\/\/www.csj-emballages.com\/wp-content\/uploads\/2023\/10\/logo_csj.webp\",\"width\":250,\"height\":95,\"caption\":\"CSJ Emballages\"},\"image\":{\"@id\":\"https:\/\/www.csj-emballages.com\/es\/#\/schema\/logo\/image\/\"},\"sameAs\":[\"https:\/\/www.facebook.com\/csjemballages\"],\"address\":{\"@type\":\"PostalAddress\",\"streetAddress\":\"ZI La Lechere\",\"addressLocality\":\"Patornay\",\"postalCode\":\"39130\",\"addressCountry\":\"FR\"},\"contactPoint\":[{\"@type\":\"ContactPoint\",\"contactType\":\"Service client\",\"telephone\":\"0384254272\",\"email\":\"contact@csj-emballages.com\"}]}]}<\/script>\n<!-- \/ Yoast SEO Premium plugin. -->","yoast_head_json":{"title":"Soporte piramidal para 24 macarrones de chocolate","description":"Soporte piramidal para macarrones de chocolate de 24 piezas, desmontable, lavable y reutilizable. Ideal para buffets, recepciones, vitrinas o regalos.","robots":{"index":"index","follow":"follow","max-snippet":"max-snippet:-1","max-image-preview":"max-image-preview:large","max-video-preview":"max-video-preview:-1"},"canonical":"https:\/\/www.csj-emballages.com\/es\/produit\/soporte-piramidal-para-24-macarrones-de-chocolate\/","og_locale":"es_ES","og_type":"article","og_title":"Soporte piramidal para 24 macarrones de chocolate","og_description":"Soporte piramidal para macarrones de chocolate de 24 piezas, desmontable, lavable y reutilizable. Ideal para buffets, recepciones, vitrinas o regalos.","og_url":"https:\/\/www.csj-emballages.com\/es\/produit\/soporte-piramidal-para-24-macarrones-de-chocolate\/","og_site_name":"CSJ Emballages","article_publisher":"https:\/\/www.facebook.com\/csjemballages","article_modified_time":"2026-04-03T00:21:36+00:00","og_image":[{"width":800,"height":800,"url":"https:\/\/www.csj-emballages.com\/wp-content\/uploads\/2024\/03\/SUPYRA.webp","type":"image\/webp"}],"twitter_card":"summary_large_image","twitter_misc":{"Tiempo de lectura":"2 minutos"},"schema":{"@context":"https:\/\/schema.org","@graph":[{"@type":"WebPage","@id":"https:\/\/www.csj-emballages.com\/es\/produit\/soporte-piramidal-para-24-macarrones-de-chocolate\/","url":"https:\/\/www.csj-emballages.com\/es\/produit\/soporte-piramidal-para-24-macarrones-de-chocolate\/","name":"Soporte piramidal para 24 macarrones de chocolate","isPartOf":{"@id":"https:\/\/www.csj-emballages.com\/es\/#website"},"primaryImageOfPage":{"@id":"https:\/\/www.csj-emballages.com\/es\/produit\/soporte-piramidal-para-24-macarrones-de-chocolate\/#primaryimage"},"image":{"@id":"https:\/\/www.csj-emballages.com\/es\/produit\/soporte-piramidal-para-24-macarrones-de-chocolate\/#primaryimage"},"thumbnailUrl":"https:\/\/www.csj-emballages.com\/wp-content\/uploads\/2024\/03\/SUPYRA.webp","datePublished":"2024-03-01T15:47:49+00:00","dateModified":"2026-04-03T00:21:36+00:00","description":"Soporte piramidal para macarrones de chocolate de 24 piezas, desmontable, lavable y reutilizable. Ideal para buffets, recepciones, vitrinas o regalos.","breadcrumb":{"@id":"https:\/\/www.csj-emballages.com\/es\/produit\/soporte-piramidal-para-24-macarrones-de-chocolate\/#breadcrumb"},"inLanguage":"es","potentialAction":[{"@type":"ReadAction","target":["https:\/\/www.csj-emballages.com\/es\/produit\/soporte-piramidal-para-24-macarrones-de-chocolate\/"]}]},{"@type":"ImageObject","inLanguage":"es","@id":"https:\/\/www.csj-emballages.com\/es\/produit\/soporte-piramidal-para-24-macarrones-de-chocolate\/#primaryimage","url":"https:\/\/www.csj-emballages.com\/wp-content\/uploads\/2024\/03\/SUPYRA.webp","contentUrl":"https:\/\/www.csj-emballages.com\/wp-content\/uploads\/2024\/03\/SUPYRA.webp","width":800,"height":800,"caption":"Support pyramide macarons"},{"@type":"BreadcrumbList","@id":"https:\/\/www.csj-emballages.com\/es\/produit\/soporte-piramidal-para-24-macarrones-de-chocolate\/#breadcrumb","itemListElement":[{"@type":"ListItem","position":1,"name":"Accueil","item":"https:\/\/www.csj-emballages.com\/es\/universo-del-envasado-alimentario\/"},{"@type":"ListItem","position":2,"name":"Tienda","item":"https:\/\/www.csj-emballages.com\/tienda\/"},{"@type":"ListItem","position":3,"name":"Soporte piramidal para 24 macarrones de chocolate"}]},{"@type":"WebSite","@id":"https:\/\/www.csj-emballages.com\/es\/#website","url":"https:\/\/www.csj-emballages.com\/es\/","name":"CSJ Emballages","description":"","publisher":{"@id":"https:\/\/www.csj-emballages.com\/es\/#organization"},"potentialAction":[{"@type":"SearchAction","target":{"@type":"EntryPoint","urlTemplate":"https:\/\/www.csj-emballages.com\/es\/?s={search_term_string}"},"query-input":{"@type":"PropertyValueSpecification","valueRequired":true,"valueName":"search_term_string"}}],"inLanguage":"es"},{"@type":"Organization","@id":"https:\/\/www.csj-emballages.com\/es\/#Organization\/","name":"CSJ Emballages","url":"https:\/\/www.csj-emballages.com\/es\/","logo":{"@type":"ImageObject","inLanguage":"es","@id":"https:\/\/www.csj-emballages.com\/es\/#\/schema\/logo\/image\/","url":"https:\/\/www.csj-emballages.com\/wp-content\/uploads\/2023\/10\/logo_csj.webp","contentUrl":"https:\/\/www.csj-emballages.com\/wp-content\/uploads\/2023\/10\/logo_csj.webp","width":250,"height":95,"caption":"CSJ Emballages"},"image":{"@id":"https:\/\/www.csj-emballages.com\/es\/#\/schema\/logo\/image\/"},"sameAs":["https:\/\/www.facebook.com\/csjemballages"],"address":{"@type":"PostalAddress","streetAddress":"ZI La Lechere","addressLocality":"Patornay","postalCode":"39130","addressCountry":"FR"},"contactPoint":[{"@type":"ContactPoint","contactType":"Service client","telephone":"0384254272","email":"contact@csj-emballages.com"}]}]}},"df_price":6.84,"df_sale_price":"","df_regular_price":6.84,"df_image_link":"https:\/\/www.csj-emballages.com\/wp-content\/uploads\/2024\/03\/SUPYRA-300x300.webp","tiered_pricing_type":"fixed","tiered_pricing_fixed_rules":[],"tiered_pricing_percentage_rules":[],"tiered_pricing_minimum":1,"tiered_pricing_roles_data":[],"_links":{"self":[{"href":"https:\/\/www.csj-emballages.com\/es\/wp-json\/wp\/v2\/product\/17921","targetHints":{"allow":["GET"]}}],"collection":[{"href":"https:\/\/www.csj-emballages.com\/es\/wp-json\/wp\/v2\/product"}],"about":[{"href":"https:\/\/www.csj-emballages.com\/es\/wp-json\/wp\/v2\/types\/product"}],"wp:featuredmedia":[{"embeddable":true,"href":"https:\/\/www.csj-emballages.com\/es\/wp-json\/wp\/v2\/media\/242084"}],"wp:attachment":[{"href":"https:\/\/www.csj-emballages.com\/es\/wp-json\/wp\/v2\/media?parent=17921"}],"wp:term":[{"taxonomy":"product_brand","embeddable":true,"href":"https:\/\/www.csj-emballages.com\/es\/wp-json\/wp\/v2\/product_brand?post=17921"},{"taxonomy":"product_cat","embeddable":true,"href":"https:\/\/www.csj-emballages.com\/es\/wp-json\/wp\/v2\/product_cat?post=17921"},{"taxonomy":"product_tag","embeddable":true,"href":"https:\/\/www.csj-emballages.com\/es\/wp-json\/wp\/v2\/product_tag?post=17921"}],"curies":[{"name":"wp","href":"https:\/\/api.w.org\/{rel}","templated":true}]}}