{"id":17910,"date":"2024-03-01T16:48:55","date_gmt":"2024-03-01T15:48:55","guid":{"rendered":"https:\/\/u15jnbdpoq.preview.infomaniak.website\/produit\/50-servilletas-de-navidad-con-microrrelieve-de-invierno-40-x-40-cm\/"},"modified":"2026-03-12T16:43:52","modified_gmt":"2026-03-12T15:43:52","slug":"50-servilletas-de-navidad-con-microrrelieve-de-invierno-40-x-40-cm","status":"publish","type":"product","link":"https:\/\/www.csj-emballages.com\/es\/produit\/50-servilletas-de-navidad-con-microrrelieve-de-invierno-40-x-40-cm\/","title":{"rendered":"Servilleta de Navidad con microrrelieve de invierno 40 x 40 cm por 50"},"content":{"rendered":"<h2>Toalla de Navidad<\/h2>\n<hr>\n<h3><span style=\"font-weight: bold;\">Descubra nuestras servilletas de Navidad con microrrelieve de invierno de 40 x 40 cm, paquete de 50<\/span><\/h3>\n<p><!--more--><\/p>\n<div class=\"flex max-w-full flex-col flex-grow\">\n<div class=\"min-h-8 text-message flex w-full flex-col items-end gap-2 whitespace-normal break-words text-start [.text-message+&amp;]:mt-5\" dir=\"auto\" data-message-author-role=\"assistant\" data-message-id=\"9b149096-222c-4804-b25c-623d8d364029\" data-message-model-slug=\"gpt-4o-mini\">\n<div class=\"flex w-full flex-col gap-1 empty:hidden first:pt-[3px]\">\n<div class=\"markdown prose w-full break-words dark:prose-invert dark\">\n<p data-start=\"109\" data-end=\"570\">Prepare sus mesas festivas con elegancia gracias a <strong data-start=\"162\" data-end=\"222\">las servilletas de Navidad Winter micros gofradas de 40 x 40 cm, paquete de 50<\/strong>. Dise\u00f1adas para restauradores y empresas de catering, as\u00ed como para los aficionados a las cenas privadas, aportan de inmediato un ambiente c\u00e1lido y refinado a sus comidas. Su dise\u00f1o invernal y sus delicados motivos evocan la magia de las fiestas, transformando una mesa sencilla en un entorno acogedor y agradable.  <\/p>\n<p data-start=\"572\" data-end=\"1072\">Estas <strong data-start=\"576\" data-end=\"598\">servilletas de<\/strong> Navidad vienen en un generoso formato <strong>de 40 x 40 cm<\/strong> y presentan una textura <strong data-start=\"664\" data-end=\"682\">microestampada<\/strong> para mayor comodidad y durabilidad. Adem\u00e1s, son agradables al tacto, absorbentes y suficientemente resistentes para soportar una comida completa, ya sea una cena gourmet, un buf\u00e9 festivo o una comida familiar. Gracias a su pulcro acabado, se pliegan f\u00e1cilmente y se adaptan a todos sus montajes de mesa.  <\/p>\n<p data-start=\"1074\" data-end=\"1408\">Presentadas en juegos de 50 unidades, estas <strong data-start=\"1100\" data-end=\"1121\">servilletas Winter<\/strong> ofrecen una excelente relaci\u00f3n calidad-precio, permiti\u00e9ndole cubrir varias mesas o varios platos sin renunciar a la est\u00e9tica.<\/p>\n<p data-start=\"1410\" data-end=\"1663\">Si eliges estas <strong data-start=\"1429\" data-end=\"1466\">servilletas No\u00ebl Winter 40 x 40 cm<\/strong>, estar\u00e1s apostando por la practicidad y la elegancia. Son perfectas para sorprender a tus invitados, realzar tus platos y a\u00f1adir un toque extra de magia a tus celebraciones de fin de a\u00f1o. <\/p>\n<\/div>\n<p data-start=\"1410\" data-end=\"1663\">\n<\/div>\n<\/div>\n<\/div>\n<p><!--more--><\/p>\n<h4>Ventajas :<\/h4>\n<ul>\n<li>Formato de 40 x 40 cm ideal para todas las mesas festivas.<\/li>\n<li>Textura microgofrada absorbente y resistente.<\/li>\n<li>Refinado dise\u00f1o invernal para un ambiente c\u00e1lido.<\/li>\n<li>Pr\u00e1cticamente envasadas en paquetes de 50 toallitas.<\/li>\n<li>Adecuado tanto para usuarios profesionales como privados<\/li>\n<\/ul>\n<p>&nbsp;<\/p>\n<p><!--more--><\/p>\n<h4>Informaci\u00f3n adicional :<\/h4>\n<ul>\n<li><strong>Envase<\/strong>: Paquete de 50<\/li>\n<li><strong>Color<\/strong>: Arena \/ Decors<\/li>\n<li><strong>Dimensiones<\/strong>: 40 x 40 cm desplegado<\/li>\n<li><strong>Material<\/strong>: Tela<\/li>\n<\/ul>\n<p>&nbsp;<\/p>\n<p><!--more--><\/p>\n<p><a href=\"https:\/\/www.csj-emballages.com\/es\/categorie-produit\/envasado-de-alimentos\/catering-es\/servilletas-manteles-individuales-manteles\/toallas\/toallas-de-2-capas\/\">Ver el resto de nuestra gama de toallas de 2 capas<\/a><\/p>\n","protected":false},"excerpt":{"rendered":"<p>Toalla de Navidad Descubra nuestras servilletas de Navidad con microrrelieve de invierno de 40 x 40 cm, paquete de 50<\/p>\n","protected":false},"featured_media":10621,"template":"","meta":{"_acf_changed":false},"product_brand":[],"product_cat":[1150,1179,1182,1285,1289],"product_tag":[],"class_list":{"0":"post-17910","1":"product","2":"type-product","3":"status-publish","4":"has-post-thumbnail","6":"product_cat-envasado-de-alimentos","7":"product_cat-catering-es","8":"product_cat-servilletas-manteles-individuales-manteles","9":"product_cat-toallas","10":"product_cat-toallas-microgofradas-de-2-capas","12":"first","13":"instock","14":"taxable","15":"shipping-taxable","16":"purchasable","17":"product-type-simple"},"acf":[],"yoast_head":"<!-- This site is optimized with the Yoast SEO Premium plugin v26.6 (Yoast SEO v26.6) - https:\/\/yoast.com\/wordpress\/plugins\/seo\/ -->\n<title>Navidad Invierno Micros Toallas en relieve 40 x 40 cm por 50<\/title>\n<meta name=\"description\" content=\"Aporte un toque de elegancia a sus celebraciones festivas con las toallas de Navidad Winter micros gofradas de 40 x 40 cm en paquetes de 50: resistentes, absorbentes y con un dise\u00f1o refinado.\" \/>\n<meta name=\"robots\" content=\"index, follow, max-snippet:-1, max-image-preview:large, max-video-preview:-1\" \/>\n<link rel=\"canonical\" href=\"https:\/\/www.csj-emballages.com\/es\/produit\/50-servilletas-de-navidad-con-microrrelieve-de-invierno-40-x-40-cm\/\" \/>\n<meta property=\"og:locale\" content=\"es_ES\" \/>\n<meta property=\"og:type\" content=\"article\" \/>\n<meta property=\"og:title\" content=\"Servilleta de Navidad con microrrelieve de invierno 40 x 40 cm por 50\" \/>\n<meta property=\"og:description\" content=\"Aporte un toque de elegancia a sus celebraciones festivas con las toallas de Navidad Winter micros gofradas de 40 x 40 cm en paquetes de 50: resistentes, absorbentes y con un dise\u00f1o refinado.\" \/>\n<meta property=\"og:url\" content=\"https:\/\/www.csj-emballages.com\/es\/produit\/50-servilletas-de-navidad-con-microrrelieve-de-invierno-40-x-40-cm\/\" \/>\n<meta property=\"og:site_name\" content=\"CSJ Emballages\" \/>\n<meta property=\"article:publisher\" content=\"https:\/\/www.facebook.com\/csjemballages\" \/>\n<meta property=\"article:modified_time\" content=\"2026-03-12T15:43:52+00:00\" \/>\n<meta property=\"og:image\" content=\"https:\/\/www.csj-emballages.com\/wp-content\/uploads\/2024\/03\/Capture-d-e-cran-2023-11-09-a-14-48-47-zoom.png\" \/>\n\t<meta property=\"og:image:width\" content=\"539\" \/>\n\t<meta property=\"og:image:height\" content=\"516\" \/>\n\t<meta property=\"og:image:type\" content=\"image\/png\" \/>\n<meta name=\"twitter:card\" content=\"summary_large_image\" \/>\n<meta name=\"twitter:label1\" content=\"Tiempo de lectura\" \/>\n\t<meta name=\"twitter:data1\" content=\"1 minuto\" \/>\n<script type=\"application\/ld+json\" class=\"yoast-schema-graph\">{\"@context\":\"https:\/\/schema.org\",\"@graph\":[{\"@type\":\"WebPage\",\"@id\":\"https:\/\/www.csj-emballages.com\/es\/produit\/50-servilletas-de-navidad-con-microrrelieve-de-invierno-40-x-40-cm\/\",\"url\":\"https:\/\/www.csj-emballages.com\/es\/produit\/50-servilletas-de-navidad-con-microrrelieve-de-invierno-40-x-40-cm\/\",\"name\":\"Navidad Invierno Micros Toallas en relieve 40 x 40 cm por 50\",\"isPartOf\":{\"@id\":\"https:\/\/www.csj-emballages.com\/es\/#website\"},\"primaryImageOfPage\":{\"@id\":\"https:\/\/www.csj-emballages.com\/es\/produit\/50-servilletas-de-navidad-con-microrrelieve-de-invierno-40-x-40-cm\/#primaryimage\"},\"image\":{\"@id\":\"https:\/\/www.csj-emballages.com\/es\/produit\/50-servilletas-de-navidad-con-microrrelieve-de-invierno-40-x-40-cm\/#primaryimage\"},\"thumbnailUrl\":\"https:\/\/www.csj-emballages.com\/wp-content\/uploads\/2024\/03\/Capture-d-e-cran-2023-11-09-a-14-48-47-zoom.png\",\"datePublished\":\"2024-03-01T15:48:55+00:00\",\"dateModified\":\"2026-03-12T15:43:52+00:00\",\"description\":\"Aporte un toque de elegancia a sus celebraciones festivas con las toallas de Navidad Winter micros gofradas de 40 x 40 cm en paquetes de 50: resistentes, absorbentes y con un dise\u00f1o refinado.\",\"breadcrumb\":{\"@id\":\"https:\/\/www.csj-emballages.com\/es\/produit\/50-servilletas-de-navidad-con-microrrelieve-de-invierno-40-x-40-cm\/#breadcrumb\"},\"inLanguage\":\"es\",\"potentialAction\":[{\"@type\":\"ReadAction\",\"target\":[\"https:\/\/www.csj-emballages.com\/es\/produit\/50-servilletas-de-navidad-con-microrrelieve-de-invierno-40-x-40-cm\/\"]}]},{\"@type\":\"ImageObject\",\"inLanguage\":\"es\",\"@id\":\"https:\/\/www.csj-emballages.com\/es\/produit\/50-servilletas-de-navidad-con-microrrelieve-de-invierno-40-x-40-cm\/#primaryimage\",\"url\":\"https:\/\/www.csj-emballages.com\/wp-content\/uploads\/2024\/03\/Capture-d-e-cran-2023-11-09-a-14-48-47-zoom.png\",\"contentUrl\":\"https:\/\/www.csj-emballages.com\/wp-content\/uploads\/2024\/03\/Capture-d-e-cran-2023-11-09-a-14-48-47-zoom.png\",\"width\":539,\"height\":516},{\"@type\":\"BreadcrumbList\",\"@id\":\"https:\/\/www.csj-emballages.com\/es\/produit\/50-servilletas-de-navidad-con-microrrelieve-de-invierno-40-x-40-cm\/#breadcrumb\",\"itemListElement\":[{\"@type\":\"ListItem\",\"position\":1,\"name\":\"Accueil\",\"item\":\"https:\/\/www.csj-emballages.com\/es\/universo-del-envasado-alimentario\/\"},{\"@type\":\"ListItem\",\"position\":2,\"name\":\"Tienda\",\"item\":\"https:\/\/www.csj-emballages.com\/tienda\/\"},{\"@type\":\"ListItem\",\"position\":3,\"name\":\"Servilleta de Navidad con microrrelieve de invierno 40 x 40 cm por 50\"}]},{\"@type\":\"WebSite\",\"@id\":\"https:\/\/www.csj-emballages.com\/es\/#website\",\"url\":\"https:\/\/www.csj-emballages.com\/es\/\",\"name\":\"CSJ Emballages\",\"description\":\"\",\"publisher\":{\"@id\":\"https:\/\/www.csj-emballages.com\/es\/#organization\"},\"potentialAction\":[{\"@type\":\"SearchAction\",\"target\":{\"@type\":\"EntryPoint\",\"urlTemplate\":\"https:\/\/www.csj-emballages.com\/es\/?s={search_term_string}\"},\"query-input\":{\"@type\":\"PropertyValueSpecification\",\"valueRequired\":true,\"valueName\":\"search_term_string\"}}],\"inLanguage\":\"es\"},{\"@type\":\"Organization\",\"@id\":\"https:\/\/www.csj-emballages.com\/es\/#Organization\/\",\"name\":\"CSJ Emballages\",\"url\":\"https:\/\/www.csj-emballages.com\/es\/\",\"logo\":{\"@type\":\"ImageObject\",\"inLanguage\":\"es\",\"@id\":\"https:\/\/www.csj-emballages.com\/es\/#\/schema\/logo\/image\/\",\"url\":\"https:\/\/www.csj-emballages.com\/wp-content\/uploads\/2023\/10\/logo_csj.webp\",\"contentUrl\":\"https:\/\/www.csj-emballages.com\/wp-content\/uploads\/2023\/10\/logo_csj.webp\",\"width\":250,\"height\":95,\"caption\":\"CSJ Emballages\"},\"image\":{\"@id\":\"https:\/\/www.csj-emballages.com\/es\/#\/schema\/logo\/image\/\"},\"sameAs\":[\"https:\/\/www.facebook.com\/csjemballages\"],\"address\":{\"@type\":\"PostalAddress\",\"streetAddress\":\"ZI La Lechere\",\"addressLocality\":\"Patornay\",\"postalCode\":\"39130\",\"addressCountry\":\"FR\"},\"contactPoint\":[{\"@type\":\"ContactPoint\",\"contactType\":\"Service client\",\"telephone\":\"0384254272\",\"email\":\"contact@csj-emballages.com\"}]}]}<\/script>\n<!-- \/ Yoast SEO Premium plugin. -->","yoast_head_json":{"title":"Navidad Invierno Micros Toallas en relieve 40 x 40 cm por 50","description":"Aporte un toque de elegancia a sus celebraciones festivas con las toallas de Navidad Winter micros gofradas de 40 x 40 cm en paquetes de 50: resistentes, absorbentes y con un dise\u00f1o refinado.","robots":{"index":"index","follow":"follow","max-snippet":"max-snippet:-1","max-image-preview":"max-image-preview:large","max-video-preview":"max-video-preview:-1"},"canonical":"https:\/\/www.csj-emballages.com\/es\/produit\/50-servilletas-de-navidad-con-microrrelieve-de-invierno-40-x-40-cm\/","og_locale":"es_ES","og_type":"article","og_title":"Servilleta de Navidad con microrrelieve de invierno 40 x 40 cm por 50","og_description":"Aporte un toque de elegancia a sus celebraciones festivas con las toallas de Navidad Winter micros gofradas de 40 x 40 cm en paquetes de 50: resistentes, absorbentes y con un dise\u00f1o refinado.","og_url":"https:\/\/www.csj-emballages.com\/es\/produit\/50-servilletas-de-navidad-con-microrrelieve-de-invierno-40-x-40-cm\/","og_site_name":"CSJ Emballages","article_publisher":"https:\/\/www.facebook.com\/csjemballages","article_modified_time":"2026-03-12T15:43:52+00:00","og_image":[{"width":539,"height":516,"url":"https:\/\/www.csj-emballages.com\/wp-content\/uploads\/2024\/03\/Capture-d-e-cran-2023-11-09-a-14-48-47-zoom.png","type":"image\/png"}],"twitter_card":"summary_large_image","twitter_misc":{"Tiempo de lectura":"1 minuto"},"schema":{"@context":"https:\/\/schema.org","@graph":[{"@type":"WebPage","@id":"https:\/\/www.csj-emballages.com\/es\/produit\/50-servilletas-de-navidad-con-microrrelieve-de-invierno-40-x-40-cm\/","url":"https:\/\/www.csj-emballages.com\/es\/produit\/50-servilletas-de-navidad-con-microrrelieve-de-invierno-40-x-40-cm\/","name":"Navidad Invierno Micros Toallas en relieve 40 x 40 cm por 50","isPartOf":{"@id":"https:\/\/www.csj-emballages.com\/es\/#website"},"primaryImageOfPage":{"@id":"https:\/\/www.csj-emballages.com\/es\/produit\/50-servilletas-de-navidad-con-microrrelieve-de-invierno-40-x-40-cm\/#primaryimage"},"image":{"@id":"https:\/\/www.csj-emballages.com\/es\/produit\/50-servilletas-de-navidad-con-microrrelieve-de-invierno-40-x-40-cm\/#primaryimage"},"thumbnailUrl":"https:\/\/www.csj-emballages.com\/wp-content\/uploads\/2024\/03\/Capture-d-e-cran-2023-11-09-a-14-48-47-zoom.png","datePublished":"2024-03-01T15:48:55+00:00","dateModified":"2026-03-12T15:43:52+00:00","description":"Aporte un toque de elegancia a sus celebraciones festivas con las toallas de Navidad Winter micros gofradas de 40 x 40 cm en paquetes de 50: resistentes, absorbentes y con un dise\u00f1o refinado.","breadcrumb":{"@id":"https:\/\/www.csj-emballages.com\/es\/produit\/50-servilletas-de-navidad-con-microrrelieve-de-invierno-40-x-40-cm\/#breadcrumb"},"inLanguage":"es","potentialAction":[{"@type":"ReadAction","target":["https:\/\/www.csj-emballages.com\/es\/produit\/50-servilletas-de-navidad-con-microrrelieve-de-invierno-40-x-40-cm\/"]}]},{"@type":"ImageObject","inLanguage":"es","@id":"https:\/\/www.csj-emballages.com\/es\/produit\/50-servilletas-de-navidad-con-microrrelieve-de-invierno-40-x-40-cm\/#primaryimage","url":"https:\/\/www.csj-emballages.com\/wp-content\/uploads\/2024\/03\/Capture-d-e-cran-2023-11-09-a-14-48-47-zoom.png","contentUrl":"https:\/\/www.csj-emballages.com\/wp-content\/uploads\/2024\/03\/Capture-d-e-cran-2023-11-09-a-14-48-47-zoom.png","width":539,"height":516},{"@type":"BreadcrumbList","@id":"https:\/\/www.csj-emballages.com\/es\/produit\/50-servilletas-de-navidad-con-microrrelieve-de-invierno-40-x-40-cm\/#breadcrumb","itemListElement":[{"@type":"ListItem","position":1,"name":"Accueil","item":"https:\/\/www.csj-emballages.com\/es\/universo-del-envasado-alimentario\/"},{"@type":"ListItem","position":2,"name":"Tienda","item":"https:\/\/www.csj-emballages.com\/tienda\/"},{"@type":"ListItem","position":3,"name":"Servilleta de Navidad con microrrelieve de invierno 40 x 40 cm por 50"}]},{"@type":"WebSite","@id":"https:\/\/www.csj-emballages.com\/es\/#website","url":"https:\/\/www.csj-emballages.com\/es\/","name":"CSJ Emballages","description":"","publisher":{"@id":"https:\/\/www.csj-emballages.com\/es\/#organization"},"potentialAction":[{"@type":"SearchAction","target":{"@type":"EntryPoint","urlTemplate":"https:\/\/www.csj-emballages.com\/es\/?s={search_term_string}"},"query-input":{"@type":"PropertyValueSpecification","valueRequired":true,"valueName":"search_term_string"}}],"inLanguage":"es"},{"@type":"Organization","@id":"https:\/\/www.csj-emballages.com\/es\/#Organization\/","name":"CSJ Emballages","url":"https:\/\/www.csj-emballages.com\/es\/","logo":{"@type":"ImageObject","inLanguage":"es","@id":"https:\/\/www.csj-emballages.com\/es\/#\/schema\/logo\/image\/","url":"https:\/\/www.csj-emballages.com\/wp-content\/uploads\/2023\/10\/logo_csj.webp","contentUrl":"https:\/\/www.csj-emballages.com\/wp-content\/uploads\/2023\/10\/logo_csj.webp","width":250,"height":95,"caption":"CSJ Emballages"},"image":{"@id":"https:\/\/www.csj-emballages.com\/es\/#\/schema\/logo\/image\/"},"sameAs":["https:\/\/www.facebook.com\/csjemballages"],"address":{"@type":"PostalAddress","streetAddress":"ZI La Lechere","addressLocality":"Patornay","postalCode":"39130","addressCountry":"FR"},"contactPoint":[{"@type":"ContactPoint","contactType":"Service client","telephone":"0384254272","email":"contact@csj-emballages.com"}]}]}},"df_price":2.3,"df_sale_price":"","df_regular_price":2.3,"df_image_link":"https:\/\/www.csj-emballages.com\/wp-content\/uploads\/2024\/03\/Capture-d-e-cran-2023-11-09-a-14-48-47-zoom-300x287.png","tiered_pricing_type":"fixed","tiered_pricing_fixed_rules":[],"tiered_pricing_percentage_rules":[],"tiered_pricing_minimum":1,"tiered_pricing_roles_data":[],"_links":{"self":[{"href":"https:\/\/www.csj-emballages.com\/es\/wp-json\/wp\/v2\/product\/17910","targetHints":{"allow":["GET"]}}],"collection":[{"href":"https:\/\/www.csj-emballages.com\/es\/wp-json\/wp\/v2\/product"}],"about":[{"href":"https:\/\/www.csj-emballages.com\/es\/wp-json\/wp\/v2\/types\/product"}],"wp:featuredmedia":[{"embeddable":true,"href":"https:\/\/www.csj-emballages.com\/es\/wp-json\/wp\/v2\/media\/10621"}],"wp:attachment":[{"href":"https:\/\/www.csj-emballages.com\/es\/wp-json\/wp\/v2\/media?parent=17910"}],"wp:term":[{"taxonomy":"product_brand","embeddable":true,"href":"https:\/\/www.csj-emballages.com\/es\/wp-json\/wp\/v2\/product_brand?post=17910"},{"taxonomy":"product_cat","embeddable":true,"href":"https:\/\/www.csj-emballages.com\/es\/wp-json\/wp\/v2\/product_cat?post=17910"},{"taxonomy":"product_tag","embeddable":true,"href":"https:\/\/www.csj-emballages.com\/es\/wp-json\/wp\/v2\/product_tag?post=17910"}],"curies":[{"name":"wp","href":"https:\/\/api.w.org\/{rel}","templated":true}]}}