{"id":17872,"date":"2024-03-01T16:48:56","date_gmt":"2024-03-01T15:48:56","guid":{"rendered":"https:\/\/u15jnbdpoq.preview.infomaniak.website\/produit\/50-servilletas-microgofradas-feliz-navidad-40-x-40-cm\/"},"modified":"2026-04-03T02:21:25","modified_gmt":"2026-04-03T00:21:25","slug":"50-servilletas-microgofradas-feliz-navidad-40-x-40-cm","status":"publish","type":"product","link":"https:\/\/www.csj-emballages.com\/es\/produit\/50-servilletas-microgofradas-feliz-navidad-40-x-40-cm\/","title":{"rendered":"Servilleta de Navidad Feliz Navidad en relieve micro 40 x 40 cm por 50"},"content":{"rendered":"<h2 style=\"font-family: Roboto, sans-serif;\">Toalla de Navidad<\/h2>\n<hr>\n<h3 style=\"font-family: Roboto, sans-serif;\"><span style=\"font-weight: bold;\">Descubra nuestra servilleta de Navidad Merry Christmas microgofrada 40 x 40 cm, pack de 50<\/span><\/h3>\n<p><!--more--><\/p>\n<p data-start=\"234\" data-end=\"538\">Cree un ambiente c\u00e1lido y festivo en sus mesas con esta <strong>servilleta de Navidad<\/strong> de tis\u00fa <strong>rojo<\/strong> decorada con un elegante mensaje \u201c<strong>Merry Christmas<\/strong>\u201d en acabado dorado. Su dise\u00f1o cuidado, junto a delicados motivos de estrellas, aporta de inmediato un toque de magia y refinamiento a sus comidas de fin de a\u00f1o. <\/p>\n<p data-start=\"540\" data-end=\"919\">El contraste entre el <strong>rojo<\/strong> intenso y las impresiones <strong>doradas<\/strong> otorga a esta servilleta un aspecto visual de alta gama, ideal para realzar sus mesas de Navidad, buf\u00e9s o eventos festivos. Ya sea para un uso profesional en restauraci\u00f3n o para un evento particular, contribuye plenamente a la experiencia del cliente cuidando hasta el m\u00e1s m\u00ednimo detalle de su decoraci\u00f3n. <\/p>\n<p data-start=\"921\" data-end=\"1272\">Dise\u00f1ada en <strong>tis\u00fa<\/strong> de calidad, esta <strong>servilleta<\/strong> combina est\u00e9tica y practicidad. Suave al tacto, ofrece una buena resistencia durante toda la comida y es perfecta tanto para un uso diario en \u00e9poca de fiestas como para ocasiones especiales. Se integra f\u00e1cilmente en cualquier estilo de decoraci\u00f3n: tradicional, moderna o chic.  <\/p>\n<p data-start=\"921\" data-end=\"1272\">\n<p data-start=\"488\" data-end=\"737\"><!--more--><\/p>\n<h4 data-start=\"488\" data-end=\"737\">Ventajas :<\/h4>\n<ul>\n<li data-section-id=\"1xmu2zl\" data-start=\"1869\" data-end=\"1916\">Dise\u00f1o festivo <strong>rojo y dorado<\/strong>, muy atractivo<\/li>\n<li data-section-id=\"ml7hda\" data-start=\"1917\" data-end=\"1970\">Inscripci\u00f3n \u201c<strong>Merry Christmas<\/strong>\u201d elegante y moderna<\/li>\n<li data-section-id=\"15ofl6j\" data-start=\"1971\" data-end=\"2030\">Motivos de estrellas para un ambiente m\u00e1gico y c\u00e1lido<\/li>\n<li data-section-id=\"odqflm\" data-start=\"2031\" data-end=\"2079\">Tis\u00fa resistente y agradable al uso<\/li>\n<li data-section-id=\"cg11ot\" data-start=\"2080\" data-end=\"2121\">Perfecta para las fiestas de fin de a\u00f1o<\/li>\n<li data-section-id=\"dl95ha\" data-start=\"2122\" data-end=\"2172\">Apta para uso profesional o particular<\/li>\n<\/ul>\n<p data-start=\"488\" data-end=\"737\">\n<p data-start=\"488\" data-end=\"737\"><!--more--><\/p>\n<h4>Informaci\u00f3n adicional :<\/h4>\n<div style=\"font-family: Roboto, sans-serif;\">\n<ul>\n<li><strong>Envase<\/strong>: Paquete de 50<\/li>\n<li><strong>Dimensiones<\/strong>: 40 x 40 cm<\/li>\n<li><strong>Material<\/strong>: Tela<\/li>\n<li><strong>Gramaje<\/strong>: 18 g\/m\u00b2<\/li>\n<li><strong>Color<\/strong>: Rojo \/ Oro<\/li>\n<\/ul>\n<p>&nbsp;<\/p>\n<\/div>\n<p><!--more--><\/p>\n<p><a href=\"https:\/\/www.csj-emballages.com\/es\/categorie-produit\/envasado-de-alimentos\/catering-es\/servilletas-manteles-individuales-manteles\/toallas\/toallas-microgofradas-de-2-capas\/\">Consulte el resto de nuestra gama de servilletas microgofradas de 2 capas<\/a><\/p>\n","protected":false},"excerpt":{"rendered":"<p>Toalla de Navidad Descubra nuestra servilleta de Navidad Merry Christmas microgofrada 40 x 40 cm, pack de 50<\/p>\n","protected":false},"featured_media":276012,"template":"","meta":{"_acf_changed":false},"product_brand":[],"product_cat":[1150,1179,1182,1285,1289],"product_tag":[],"class_list":{"0":"post-17872","1":"product","2":"type-product","3":"status-publish","4":"has-post-thumbnail","6":"product_cat-envasado-de-alimentos","7":"product_cat-catering-es","8":"product_cat-servilletas-manteles-individuales-manteles","9":"product_cat-toallas","10":"product_cat-toallas-microgofradas-de-2-capas","12":"first","13":"instock","14":"taxable","15":"shipping-taxable","16":"purchasable","17":"product-type-simple"},"acf":[],"yoast_head":"<!-- This site is optimized with the Yoast SEO Premium plugin v26.6 (Yoast SEO v26.6) - https:\/\/yoast.com\/wordpress\/plugins\/seo\/ -->\n<title>Servilleta de Navidad Merry Christmas microgofrada 40 x 40 cm, pack de 50<\/title>\n<meta name=\"description\" content=\"Servilleta de Navidad de tis\u00fa rojo \u201cMerry Christmas\u201d con motivos dorados. Ideal para mesas festivas, restaurantes y eventos. Elegante, resistente y festiva.\" \/>\n<meta name=\"robots\" content=\"index, follow, max-snippet:-1, max-image-preview:large, max-video-preview:-1\" \/>\n<link rel=\"canonical\" href=\"https:\/\/www.csj-emballages.com\/es\/produit\/50-servilletas-microgofradas-feliz-navidad-40-x-40-cm\/\" \/>\n<meta property=\"og:locale\" content=\"es_ES\" \/>\n<meta property=\"og:type\" content=\"article\" \/>\n<meta property=\"og:title\" content=\"Servilleta de Navidad Feliz Navidad en relieve micro 40 x 40 cm por 50\" \/>\n<meta property=\"og:description\" content=\"Servilleta de Navidad de tis\u00fa rojo \u201cMerry Christmas\u201d con motivos dorados. Ideal para mesas festivas, restaurantes y eventos. Elegante, resistente y festiva.\" \/>\n<meta property=\"og:url\" content=\"https:\/\/www.csj-emballages.com\/es\/produit\/50-servilletas-microgofradas-feliz-navidad-40-x-40-cm\/\" \/>\n<meta property=\"og:site_name\" content=\"CSJ Emballages\" \/>\n<meta property=\"article:publisher\" content=\"https:\/\/www.facebook.com\/csjemballages\" \/>\n<meta property=\"article:modified_time\" content=\"2026-04-03T00:21:25+00:00\" \/>\n<meta property=\"og:image\" content=\"https:\/\/www.csj-emballages.com\/wp-content\/uploads\/2024\/03\/18988.webp\" \/>\n\t<meta property=\"og:image:width\" content=\"800\" \/>\n\t<meta property=\"og:image:height\" content=\"800\" \/>\n\t<meta property=\"og:image:type\" content=\"image\/webp\" \/>\n<meta name=\"twitter:card\" content=\"summary_large_image\" \/>\n<meta name=\"twitter:label1\" content=\"Tiempo de lectura\" \/>\n\t<meta name=\"twitter:data1\" content=\"1 minuto\" \/>\n<script type=\"application\/ld+json\" class=\"yoast-schema-graph\">{\"@context\":\"https:\/\/schema.org\",\"@graph\":[{\"@type\":\"WebPage\",\"@id\":\"https:\/\/www.csj-emballages.com\/es\/produit\/50-servilletas-microgofradas-feliz-navidad-40-x-40-cm\/\",\"url\":\"https:\/\/www.csj-emballages.com\/es\/produit\/50-servilletas-microgofradas-feliz-navidad-40-x-40-cm\/\",\"name\":\"Servilleta de Navidad Merry Christmas microgofrada 40 x 40 cm, pack de 50\",\"isPartOf\":{\"@id\":\"https:\/\/www.csj-emballages.com\/es\/#website\"},\"primaryImageOfPage\":{\"@id\":\"https:\/\/www.csj-emballages.com\/es\/produit\/50-servilletas-microgofradas-feliz-navidad-40-x-40-cm\/#primaryimage\"},\"image\":{\"@id\":\"https:\/\/www.csj-emballages.com\/es\/produit\/50-servilletas-microgofradas-feliz-navidad-40-x-40-cm\/#primaryimage\"},\"thumbnailUrl\":\"https:\/\/www.csj-emballages.com\/wp-content\/uploads\/2024\/03\/18988.webp\",\"datePublished\":\"2024-03-01T15:48:56+00:00\",\"dateModified\":\"2026-04-03T00:21:25+00:00\",\"description\":\"Servilleta de Navidad de tis\u00fa rojo \u201cMerry Christmas\u201d con motivos dorados. Ideal para mesas festivas, restaurantes y eventos. Elegante, resistente y festiva.\",\"breadcrumb\":{\"@id\":\"https:\/\/www.csj-emballages.com\/es\/produit\/50-servilletas-microgofradas-feliz-navidad-40-x-40-cm\/#breadcrumb\"},\"inLanguage\":\"es\",\"potentialAction\":[{\"@type\":\"ReadAction\",\"target\":[\"https:\/\/www.csj-emballages.com\/es\/produit\/50-servilletas-microgofradas-feliz-navidad-40-x-40-cm\/\"]}]},{\"@type\":\"ImageObject\",\"inLanguage\":\"es\",\"@id\":\"https:\/\/www.csj-emballages.com\/es\/produit\/50-servilletas-microgofradas-feliz-navidad-40-x-40-cm\/#primaryimage\",\"url\":\"https:\/\/www.csj-emballages.com\/wp-content\/uploads\/2024\/03\/18988.webp\",\"contentUrl\":\"https:\/\/www.csj-emballages.com\/wp-content\/uploads\/2024\/03\/18988.webp\",\"width\":800,\"height\":800},{\"@type\":\"BreadcrumbList\",\"@id\":\"https:\/\/www.csj-emballages.com\/es\/produit\/50-servilletas-microgofradas-feliz-navidad-40-x-40-cm\/#breadcrumb\",\"itemListElement\":[{\"@type\":\"ListItem\",\"position\":1,\"name\":\"Accueil\",\"item\":\"https:\/\/www.csj-emballages.com\/es\/universo-del-envasado-alimentario\/\"},{\"@type\":\"ListItem\",\"position\":2,\"name\":\"Tienda\",\"item\":\"https:\/\/www.csj-emballages.com\/tienda\/\"},{\"@type\":\"ListItem\",\"position\":3,\"name\":\"Servilleta de Navidad Feliz Navidad en relieve micro 40 x 40 cm por 50\"}]},{\"@type\":\"WebSite\",\"@id\":\"https:\/\/www.csj-emballages.com\/es\/#website\",\"url\":\"https:\/\/www.csj-emballages.com\/es\/\",\"name\":\"CSJ Emballages\",\"description\":\"\",\"publisher\":{\"@id\":\"https:\/\/www.csj-emballages.com\/es\/#organization\"},\"potentialAction\":[{\"@type\":\"SearchAction\",\"target\":{\"@type\":\"EntryPoint\",\"urlTemplate\":\"https:\/\/www.csj-emballages.com\/es\/?s={search_term_string}\"},\"query-input\":{\"@type\":\"PropertyValueSpecification\",\"valueRequired\":true,\"valueName\":\"search_term_string\"}}],\"inLanguage\":\"es\"},{\"@type\":\"Organization\",\"@id\":\"https:\/\/www.csj-emballages.com\/es\/#Organization\/\",\"name\":\"CSJ Emballages\",\"url\":\"https:\/\/www.csj-emballages.com\/es\/\",\"logo\":{\"@type\":\"ImageObject\",\"inLanguage\":\"es\",\"@id\":\"https:\/\/www.csj-emballages.com\/es\/#\/schema\/logo\/image\/\",\"url\":\"https:\/\/www.csj-emballages.com\/wp-content\/uploads\/2023\/10\/logo_csj.webp\",\"contentUrl\":\"https:\/\/www.csj-emballages.com\/wp-content\/uploads\/2023\/10\/logo_csj.webp\",\"width\":250,\"height\":95,\"caption\":\"CSJ Emballages\"},\"image\":{\"@id\":\"https:\/\/www.csj-emballages.com\/es\/#\/schema\/logo\/image\/\"},\"sameAs\":[\"https:\/\/www.facebook.com\/csjemballages\"],\"address\":{\"@type\":\"PostalAddress\",\"streetAddress\":\"ZI La Lechere\",\"addressLocality\":\"Patornay\",\"postalCode\":\"39130\",\"addressCountry\":\"FR\"},\"contactPoint\":[{\"@type\":\"ContactPoint\",\"contactType\":\"Service client\",\"telephone\":\"0384254272\",\"email\":\"contact@csj-emballages.com\"}]}]}<\/script>\n<!-- \/ Yoast SEO Premium plugin. -->","yoast_head_json":{"title":"Servilleta de Navidad Merry Christmas microgofrada 40 x 40 cm, pack de 50","description":"Servilleta de Navidad de tis\u00fa rojo \u201cMerry Christmas\u201d con motivos dorados. Ideal para mesas festivas, restaurantes y eventos. Elegante, resistente y festiva.","robots":{"index":"index","follow":"follow","max-snippet":"max-snippet:-1","max-image-preview":"max-image-preview:large","max-video-preview":"max-video-preview:-1"},"canonical":"https:\/\/www.csj-emballages.com\/es\/produit\/50-servilletas-microgofradas-feliz-navidad-40-x-40-cm\/","og_locale":"es_ES","og_type":"article","og_title":"Servilleta de Navidad Feliz Navidad en relieve micro 40 x 40 cm por 50","og_description":"Servilleta de Navidad de tis\u00fa rojo \u201cMerry Christmas\u201d con motivos dorados. Ideal para mesas festivas, restaurantes y eventos. Elegante, resistente y festiva.","og_url":"https:\/\/www.csj-emballages.com\/es\/produit\/50-servilletas-microgofradas-feliz-navidad-40-x-40-cm\/","og_site_name":"CSJ Emballages","article_publisher":"https:\/\/www.facebook.com\/csjemballages","article_modified_time":"2026-04-03T00:21:25+00:00","og_image":[{"width":800,"height":800,"url":"https:\/\/www.csj-emballages.com\/wp-content\/uploads\/2024\/03\/18988.webp","type":"image\/webp"}],"twitter_card":"summary_large_image","twitter_misc":{"Tiempo de lectura":"1 minuto"},"schema":{"@context":"https:\/\/schema.org","@graph":[{"@type":"WebPage","@id":"https:\/\/www.csj-emballages.com\/es\/produit\/50-servilletas-microgofradas-feliz-navidad-40-x-40-cm\/","url":"https:\/\/www.csj-emballages.com\/es\/produit\/50-servilletas-microgofradas-feliz-navidad-40-x-40-cm\/","name":"Servilleta de Navidad Merry Christmas microgofrada 40 x 40 cm, pack de 50","isPartOf":{"@id":"https:\/\/www.csj-emballages.com\/es\/#website"},"primaryImageOfPage":{"@id":"https:\/\/www.csj-emballages.com\/es\/produit\/50-servilletas-microgofradas-feliz-navidad-40-x-40-cm\/#primaryimage"},"image":{"@id":"https:\/\/www.csj-emballages.com\/es\/produit\/50-servilletas-microgofradas-feliz-navidad-40-x-40-cm\/#primaryimage"},"thumbnailUrl":"https:\/\/www.csj-emballages.com\/wp-content\/uploads\/2024\/03\/18988.webp","datePublished":"2024-03-01T15:48:56+00:00","dateModified":"2026-04-03T00:21:25+00:00","description":"Servilleta de Navidad de tis\u00fa rojo \u201cMerry Christmas\u201d con motivos dorados. Ideal para mesas festivas, restaurantes y eventos. Elegante, resistente y festiva.","breadcrumb":{"@id":"https:\/\/www.csj-emballages.com\/es\/produit\/50-servilletas-microgofradas-feliz-navidad-40-x-40-cm\/#breadcrumb"},"inLanguage":"es","potentialAction":[{"@type":"ReadAction","target":["https:\/\/www.csj-emballages.com\/es\/produit\/50-servilletas-microgofradas-feliz-navidad-40-x-40-cm\/"]}]},{"@type":"ImageObject","inLanguage":"es","@id":"https:\/\/www.csj-emballages.com\/es\/produit\/50-servilletas-microgofradas-feliz-navidad-40-x-40-cm\/#primaryimage","url":"https:\/\/www.csj-emballages.com\/wp-content\/uploads\/2024\/03\/18988.webp","contentUrl":"https:\/\/www.csj-emballages.com\/wp-content\/uploads\/2024\/03\/18988.webp","width":800,"height":800},{"@type":"BreadcrumbList","@id":"https:\/\/www.csj-emballages.com\/es\/produit\/50-servilletas-microgofradas-feliz-navidad-40-x-40-cm\/#breadcrumb","itemListElement":[{"@type":"ListItem","position":1,"name":"Accueil","item":"https:\/\/www.csj-emballages.com\/es\/universo-del-envasado-alimentario\/"},{"@type":"ListItem","position":2,"name":"Tienda","item":"https:\/\/www.csj-emballages.com\/tienda\/"},{"@type":"ListItem","position":3,"name":"Servilleta de Navidad Feliz Navidad en relieve micro 40 x 40 cm por 50"}]},{"@type":"WebSite","@id":"https:\/\/www.csj-emballages.com\/es\/#website","url":"https:\/\/www.csj-emballages.com\/es\/","name":"CSJ Emballages","description":"","publisher":{"@id":"https:\/\/www.csj-emballages.com\/es\/#organization"},"potentialAction":[{"@type":"SearchAction","target":{"@type":"EntryPoint","urlTemplate":"https:\/\/www.csj-emballages.com\/es\/?s={search_term_string}"},"query-input":{"@type":"PropertyValueSpecification","valueRequired":true,"valueName":"search_term_string"}}],"inLanguage":"es"},{"@type":"Organization","@id":"https:\/\/www.csj-emballages.com\/es\/#Organization\/","name":"CSJ Emballages","url":"https:\/\/www.csj-emballages.com\/es\/","logo":{"@type":"ImageObject","inLanguage":"es","@id":"https:\/\/www.csj-emballages.com\/es\/#\/schema\/logo\/image\/","url":"https:\/\/www.csj-emballages.com\/wp-content\/uploads\/2023\/10\/logo_csj.webp","contentUrl":"https:\/\/www.csj-emballages.com\/wp-content\/uploads\/2023\/10\/logo_csj.webp","width":250,"height":95,"caption":"CSJ Emballages"},"image":{"@id":"https:\/\/www.csj-emballages.com\/es\/#\/schema\/logo\/image\/"},"sameAs":["https:\/\/www.facebook.com\/csjemballages"],"address":{"@type":"PostalAddress","streetAddress":"ZI La Lechere","addressLocality":"Patornay","postalCode":"39130","addressCountry":"FR"},"contactPoint":[{"@type":"ContactPoint","contactType":"Service client","telephone":"0384254272","email":"contact@csj-emballages.com"}]}]}},"df_price":2.93,"df_sale_price":"","df_regular_price":2.93,"df_image_link":"https:\/\/www.csj-emballages.com\/wp-content\/uploads\/2024\/03\/18988-300x300.webp","tiered_pricing_type":"fixed","tiered_pricing_fixed_rules":[],"tiered_pricing_percentage_rules":[],"tiered_pricing_minimum":1,"tiered_pricing_roles_data":[],"_links":{"self":[{"href":"https:\/\/www.csj-emballages.com\/es\/wp-json\/wp\/v2\/product\/17872","targetHints":{"allow":["GET"]}}],"collection":[{"href":"https:\/\/www.csj-emballages.com\/es\/wp-json\/wp\/v2\/product"}],"about":[{"href":"https:\/\/www.csj-emballages.com\/es\/wp-json\/wp\/v2\/types\/product"}],"wp:featuredmedia":[{"embeddable":true,"href":"https:\/\/www.csj-emballages.com\/es\/wp-json\/wp\/v2\/media\/276012"}],"wp:attachment":[{"href":"https:\/\/www.csj-emballages.com\/es\/wp-json\/wp\/v2\/media?parent=17872"}],"wp:term":[{"taxonomy":"product_brand","embeddable":true,"href":"https:\/\/www.csj-emballages.com\/es\/wp-json\/wp\/v2\/product_brand?post=17872"},{"taxonomy":"product_cat","embeddable":true,"href":"https:\/\/www.csj-emballages.com\/es\/wp-json\/wp\/v2\/product_cat?post=17872"},{"taxonomy":"product_tag","embeddable":true,"href":"https:\/\/www.csj-emballages.com\/es\/wp-json\/wp\/v2\/product_tag?post=17872"}],"curies":[{"name":"wp","href":"https:\/\/api.w.org\/{rel}","templated":true}]}}