{"id":17854,"date":"2024-03-01T16:48:58","date_gmt":"2024-03-01T15:48:58","guid":{"rendered":"https:\/\/u15jnbdpoq.preview.infomaniak.website\/produit\/1200-toallas-no-tejidas-marfil-40-x-40-cm\/"},"modified":"2026-05-05T02:20:06","modified_gmt":"2026-05-05T00:20:06","slug":"1200-toallas-no-tejidas-marfil-40-x-40-cm","status":"publish","type":"product","link":"https:\/\/www.csj-emballages.com\/es\/produit\/1200-toallas-no-tejidas-marfil-40-x-40-cm\/","title":{"rendered":"Servilleta marfil no tejida de 40 x 40 cm en paquetes de 50"},"content":{"rendered":"<h2>Servilleta marfil<\/h2>\n<hr>\n<h3>Descubra nuestra servilleta marfil no tejida de 40 x 40 cm en paquetes de 50<\/h3>\n<p><!--more--><\/p>\n<p data-start=\"255\" data-end=\"635\">La <strong>servilleta marfil no tejida de 40 x 40 cm<\/strong> es ideal para aportar un toque de elegancia y refinamiento a sus mesas, a la vez que ofrece un confort de uso \u00f3ptimo. Dise\u00f1ada para los profesionales de la <strong>restauraci\u00f3n, del sector de eventos o para recepciones privadas cuidadas<\/strong>, constituye una excelente alternativa a las servilletas de tela, aunando est\u00e9tica y practicidad. <\/p>\n<p data-start=\"637\" data-end=\"990\">Fabricada en material <strong>no tejido<\/strong> de calidad, esta <strong>servilleta<\/strong> presenta un aspecto similar al del textil, a la vez que es suave al tacto y resistente. Su formato <strong>generoso de 40 x 40 cm<\/strong> permite un plegado elegante y un uso c\u00f3modo para los comensales. Es perfectamente adecuada para comidas formales, c\u00f3cteles, banquetes, bodas o eventos profesionales.  <\/p>\n<p data-start=\"992\" data-end=\"1320\">Su <strong>tono marfil<\/strong>, sobrio y atemporal, armoniza f\u00e1cilmente con todos los estilos de decoraci\u00f3n de mesa. Realza la vajilla y los elementos decorativos, creando al mismo tiempo un <strong>ambiente c\u00e1lido y cuidado<\/strong>. Polivalente, es adecuada tanto para mesas cl\u00e1sicas como para puestas en escena m\u00e1s modernas o festivas.  <\/p>\n<p data-start=\"1322\" data-end=\"1647\">Pr\u00e1ctica en el d\u00eda a d\u00eda, la <strong>servilleta no tejida<\/strong> es desechable despu\u00e9s de su uso, lo que garantiza una higiene \u00f3ptima y un ahorro de tiempo considerable al final del servicio. Acondicionada en lotes de <strong>50 unidades<\/strong>, es ideal para las peque\u00f1as y medianas estructuras o para los eventos puntuales que requieren una presentaci\u00f3n impecable. <\/p>\n<p data-start=\"1322\" data-end=\"1647\"><!--more--><\/p>\n<h4 data-start=\"1322\" data-end=\"1647\"><strong>Ventajas<\/strong>:<\/h4>\n<ul>\n<li data-start=\"1685\" data-end=\"1727\">Formato <strong>40 x 40 cm<\/strong> c\u00f3modo y elegante.<\/li>\n<li data-start=\"1730\" data-end=\"1770\">Material <strong>no tejido<\/strong> suave y resistente.<\/li>\n<li data-start=\"1773\" data-end=\"1797\">Aspecto similar al del tejido.<\/li>\n<li data-start=\"1800\" data-end=\"1834\">Color marfil sobrio y refinado.<\/li>\n<li data-start=\"1837\" data-end=\"1882\">Adaptada a comidas, eventos y recepciones.<\/li>\n<li data-start=\"1885\" data-end=\"1915\">Uso higi\u00e9nico y pr\u00e1ctico.<\/li>\n<li data-start=\"1918\" data-end=\"1950\">Ahorro de tiempo gracias al car\u00e1cter desechable.<\/li>\n<li data-start=\"1953\" data-end=\"1997\">Acondicionamiento pr\u00e1ctico por <strong>50 servilletas<\/strong>.<\/li>\n<\/ul>\n<p>&nbsp;<\/p>\n<p><!--more--><\/p>\n<h4 data-start=\"1322\" data-end=\"1647\">Informaci\u00f3n adicional :<\/h4>\n<ul>\n<li><strong>Envase<\/strong>: Paquete de 50<\/li>\n<li><strong>Dimensiones<\/strong>: 40 x 40 cm<\/li>\n<li><strong>Color<\/strong>: marfil<\/li>\n<li><strong>Material<\/strong>: No tejido<\/li>\n<\/ul>\n<p>&nbsp;<\/p>\n<p><!--more--><\/p>\n<p>Esta servilleta no tejida de color marfil tambi\u00e9n est\u00e1 disponible en blanco: <span style=\"color: #d12727;\"><a style=\"color: #d12727;\" href=\"https:\/\/www.csj-emballages.com\/es\/produit\/1200-toallas-no-tejidas-blancas-40-x-40-cm\/\">SR40INTIBL<\/a><\/span><\/p>\n<p>&nbsp;<\/p>\n<p><!--more--><\/p>\n<p><a href=\"https:\/\/www.csj-emballages.com\/es\/categorie-produit\/envasado-de-alimentos\/catering-es\/servilletas-manteles-individuales-manteles\/toallas\/toallas-no-tejidas\/\">Consulte el resto de nuestra gama de servilletas no tejidas<\/a><\/p>\n","protected":false},"excerpt":{"rendered":"<p>Servilleta marfil Descubra nuestra servilleta marfil no tejida de 40 x 40 cm en paquetes de 50<\/p>\n","protected":false},"featured_media":263784,"template":"","meta":{"_acf_changed":false},"product_brand":[],"product_cat":[1150,1179,1182,1285,1708],"product_tag":[],"class_list":{"0":"post-17854","1":"product","2":"type-product","3":"status-publish","4":"has-post-thumbnail","6":"product_cat-envasado-de-alimentos","7":"product_cat-catering-es","8":"product_cat-servilletas-manteles-individuales-manteles","9":"product_cat-toallas","10":"product_cat-toallas-no-tejidas","12":"first","13":"instock","14":"taxable","15":"shipping-taxable","16":"purchasable","17":"product-type-simple"},"acf":[],"yoast_head":"<!-- This site is optimized with the Yoast SEO Premium plugin v26.6 (Yoast SEO v26.6) - https:\/\/yoast.com\/wordpress\/plugins\/seo\/ -->\n<title>Servilleta Marfil no Tejida de 40 x 40 cm en paquetes de 50<\/title>\n<meta name=\"description\" content=\"Servilleta marfil no tejida de 40 x 40 cm en paquetes de 50. Elegante, resistente y pr\u00e1ctica, ideal para la restauraci\u00f3n y eventos.\" \/>\n<meta name=\"robots\" content=\"index, follow, max-snippet:-1, max-image-preview:large, max-video-preview:-1\" \/>\n<link rel=\"canonical\" href=\"https:\/\/www.csj-emballages.com\/es\/produit\/1200-toallas-no-tejidas-marfil-40-x-40-cm\/\" \/>\n<meta property=\"og:locale\" content=\"es_ES\" \/>\n<meta property=\"og:type\" content=\"article\" \/>\n<meta property=\"og:title\" content=\"Servilleta marfil no tejida de 40 x 40 cm en paquetes de 50\" \/>\n<meta property=\"og:description\" content=\"Servilleta marfil no tejida de 40 x 40 cm en paquetes de 50. Elegante, resistente y pr\u00e1ctica, ideal para la restauraci\u00f3n y eventos.\" \/>\n<meta property=\"og:url\" content=\"https:\/\/www.csj-emballages.com\/es\/produit\/1200-toallas-no-tejidas-marfil-40-x-40-cm\/\" \/>\n<meta property=\"og:site_name\" content=\"CSJ Emballages\" \/>\n<meta property=\"article:publisher\" content=\"https:\/\/www.facebook.com\/csjemballages\" \/>\n<meta property=\"article:modified_time\" content=\"2026-05-05T00:20:06+00:00\" \/>\n<meta property=\"og:image\" content=\"https:\/\/www.csj-emballages.com\/wp-content\/uploads\/2024\/03\/SR40INTIV.webp\" \/>\n\t<meta property=\"og:image:width\" content=\"800\" \/>\n\t<meta property=\"og:image:height\" content=\"800\" \/>\n\t<meta property=\"og:image:type\" content=\"image\/webp\" \/>\n<meta name=\"twitter:card\" content=\"summary_large_image\" \/>\n<meta name=\"twitter:label1\" content=\"Tiempo de lectura\" \/>\n\t<meta name=\"twitter:data1\" content=\"2 minutos\" \/>\n<script type=\"application\/ld+json\" class=\"yoast-schema-graph\">{\"@context\":\"https:\/\/schema.org\",\"@graph\":[{\"@type\":\"WebPage\",\"@id\":\"https:\/\/www.csj-emballages.com\/es\/produit\/1200-toallas-no-tejidas-marfil-40-x-40-cm\/\",\"url\":\"https:\/\/www.csj-emballages.com\/es\/produit\/1200-toallas-no-tejidas-marfil-40-x-40-cm\/\",\"name\":\"Servilleta Marfil no Tejida de 40 x 40 cm en paquetes de 50\",\"isPartOf\":{\"@id\":\"https:\/\/www.csj-emballages.com\/es\/#website\"},\"primaryImageOfPage\":{\"@id\":\"https:\/\/www.csj-emballages.com\/es\/produit\/1200-toallas-no-tejidas-marfil-40-x-40-cm\/#primaryimage\"},\"image\":{\"@id\":\"https:\/\/www.csj-emballages.com\/es\/produit\/1200-toallas-no-tejidas-marfil-40-x-40-cm\/#primaryimage\"},\"thumbnailUrl\":\"https:\/\/www.csj-emballages.com\/wp-content\/uploads\/2024\/03\/SR40INTIV.webp\",\"datePublished\":\"2024-03-01T15:48:58+00:00\",\"dateModified\":\"2026-05-05T00:20:06+00:00\",\"description\":\"Servilleta marfil no tejida de 40 x 40 cm en paquetes de 50. Elegante, resistente y pr\u00e1ctica, ideal para la restauraci\u00f3n y eventos.\",\"breadcrumb\":{\"@id\":\"https:\/\/www.csj-emballages.com\/es\/produit\/1200-toallas-no-tejidas-marfil-40-x-40-cm\/#breadcrumb\"},\"inLanguage\":\"es\",\"potentialAction\":[{\"@type\":\"ReadAction\",\"target\":[\"https:\/\/www.csj-emballages.com\/es\/produit\/1200-toallas-no-tejidas-marfil-40-x-40-cm\/\"]}]},{\"@type\":\"ImageObject\",\"inLanguage\":\"es\",\"@id\":\"https:\/\/www.csj-emballages.com\/es\/produit\/1200-toallas-no-tejidas-marfil-40-x-40-cm\/#primaryimage\",\"url\":\"https:\/\/www.csj-emballages.com\/wp-content\/uploads\/2024\/03\/SR40INTIV.webp\",\"contentUrl\":\"https:\/\/www.csj-emballages.com\/wp-content\/uploads\/2024\/03\/SR40INTIV.webp\",\"width\":800,\"height\":800,\"caption\":\"Serviette ivoire\"},{\"@type\":\"BreadcrumbList\",\"@id\":\"https:\/\/www.csj-emballages.com\/es\/produit\/1200-toallas-no-tejidas-marfil-40-x-40-cm\/#breadcrumb\",\"itemListElement\":[{\"@type\":\"ListItem\",\"position\":1,\"name\":\"Accueil\",\"item\":\"https:\/\/www.csj-emballages.com\/es\/universo-del-envasado-alimentario\/\"},{\"@type\":\"ListItem\",\"position\":2,\"name\":\"Tienda\",\"item\":\"https:\/\/www.csj-emballages.com\/tienda\/\"},{\"@type\":\"ListItem\",\"position\":3,\"name\":\"Servilleta marfil no tejida de 40 x 40 cm en paquetes de 50\"}]},{\"@type\":\"WebSite\",\"@id\":\"https:\/\/www.csj-emballages.com\/es\/#website\",\"url\":\"https:\/\/www.csj-emballages.com\/es\/\",\"name\":\"CSJ Emballages\",\"description\":\"\",\"publisher\":{\"@id\":\"https:\/\/www.csj-emballages.com\/es\/#organization\"},\"potentialAction\":[{\"@type\":\"SearchAction\",\"target\":{\"@type\":\"EntryPoint\",\"urlTemplate\":\"https:\/\/www.csj-emballages.com\/es\/?s={search_term_string}\"},\"query-input\":{\"@type\":\"PropertyValueSpecification\",\"valueRequired\":true,\"valueName\":\"search_term_string\"}}],\"inLanguage\":\"es\"},{\"@type\":\"Organization\",\"@id\":\"https:\/\/www.csj-emballages.com\/es\/#Organization\/\",\"name\":\"CSJ Emballages\",\"url\":\"https:\/\/www.csj-emballages.com\/es\/\",\"logo\":{\"@type\":\"ImageObject\",\"inLanguage\":\"es\",\"@id\":\"https:\/\/www.csj-emballages.com\/es\/#\/schema\/logo\/image\/\",\"url\":\"https:\/\/www.csj-emballages.com\/wp-content\/uploads\/2023\/10\/logo_csj.webp\",\"contentUrl\":\"https:\/\/www.csj-emballages.com\/wp-content\/uploads\/2023\/10\/logo_csj.webp\",\"width\":250,\"height\":95,\"caption\":\"CSJ Emballages\"},\"image\":{\"@id\":\"https:\/\/www.csj-emballages.com\/es\/#\/schema\/logo\/image\/\"},\"sameAs\":[\"https:\/\/www.facebook.com\/csjemballages\"],\"address\":{\"@type\":\"PostalAddress\",\"streetAddress\":\"ZI La Lechere\",\"addressLocality\":\"Patornay\",\"postalCode\":\"39130\",\"addressCountry\":\"FR\"},\"contactPoint\":[{\"@type\":\"ContactPoint\",\"contactType\":\"Service client\",\"telephone\":\"0384254272\",\"email\":\"contact@csj-emballages.com\"}]}]}<\/script>\n<!-- \/ Yoast SEO Premium plugin. -->","yoast_head_json":{"title":"Servilleta Marfil no Tejida de 40 x 40 cm en paquetes de 50","description":"Servilleta marfil no tejida de 40 x 40 cm en paquetes de 50. Elegante, resistente y pr\u00e1ctica, ideal para la restauraci\u00f3n y eventos.","robots":{"index":"index","follow":"follow","max-snippet":"max-snippet:-1","max-image-preview":"max-image-preview:large","max-video-preview":"max-video-preview:-1"},"canonical":"https:\/\/www.csj-emballages.com\/es\/produit\/1200-toallas-no-tejidas-marfil-40-x-40-cm\/","og_locale":"es_ES","og_type":"article","og_title":"Servilleta marfil no tejida de 40 x 40 cm en paquetes de 50","og_description":"Servilleta marfil no tejida de 40 x 40 cm en paquetes de 50. Elegante, resistente y pr\u00e1ctica, ideal para la restauraci\u00f3n y eventos.","og_url":"https:\/\/www.csj-emballages.com\/es\/produit\/1200-toallas-no-tejidas-marfil-40-x-40-cm\/","og_site_name":"CSJ Emballages","article_publisher":"https:\/\/www.facebook.com\/csjemballages","article_modified_time":"2026-05-05T00:20:06+00:00","og_image":[{"width":800,"height":800,"url":"https:\/\/www.csj-emballages.com\/wp-content\/uploads\/2024\/03\/SR40INTIV.webp","type":"image\/webp"}],"twitter_card":"summary_large_image","twitter_misc":{"Tiempo de lectura":"2 minutos"},"schema":{"@context":"https:\/\/schema.org","@graph":[{"@type":"WebPage","@id":"https:\/\/www.csj-emballages.com\/es\/produit\/1200-toallas-no-tejidas-marfil-40-x-40-cm\/","url":"https:\/\/www.csj-emballages.com\/es\/produit\/1200-toallas-no-tejidas-marfil-40-x-40-cm\/","name":"Servilleta Marfil no Tejida de 40 x 40 cm en paquetes de 50","isPartOf":{"@id":"https:\/\/www.csj-emballages.com\/es\/#website"},"primaryImageOfPage":{"@id":"https:\/\/www.csj-emballages.com\/es\/produit\/1200-toallas-no-tejidas-marfil-40-x-40-cm\/#primaryimage"},"image":{"@id":"https:\/\/www.csj-emballages.com\/es\/produit\/1200-toallas-no-tejidas-marfil-40-x-40-cm\/#primaryimage"},"thumbnailUrl":"https:\/\/www.csj-emballages.com\/wp-content\/uploads\/2024\/03\/SR40INTIV.webp","datePublished":"2024-03-01T15:48:58+00:00","dateModified":"2026-05-05T00:20:06+00:00","description":"Servilleta marfil no tejida de 40 x 40 cm en paquetes de 50. Elegante, resistente y pr\u00e1ctica, ideal para la restauraci\u00f3n y eventos.","breadcrumb":{"@id":"https:\/\/www.csj-emballages.com\/es\/produit\/1200-toallas-no-tejidas-marfil-40-x-40-cm\/#breadcrumb"},"inLanguage":"es","potentialAction":[{"@type":"ReadAction","target":["https:\/\/www.csj-emballages.com\/es\/produit\/1200-toallas-no-tejidas-marfil-40-x-40-cm\/"]}]},{"@type":"ImageObject","inLanguage":"es","@id":"https:\/\/www.csj-emballages.com\/es\/produit\/1200-toallas-no-tejidas-marfil-40-x-40-cm\/#primaryimage","url":"https:\/\/www.csj-emballages.com\/wp-content\/uploads\/2024\/03\/SR40INTIV.webp","contentUrl":"https:\/\/www.csj-emballages.com\/wp-content\/uploads\/2024\/03\/SR40INTIV.webp","width":800,"height":800,"caption":"Serviette ivoire"},{"@type":"BreadcrumbList","@id":"https:\/\/www.csj-emballages.com\/es\/produit\/1200-toallas-no-tejidas-marfil-40-x-40-cm\/#breadcrumb","itemListElement":[{"@type":"ListItem","position":1,"name":"Accueil","item":"https:\/\/www.csj-emballages.com\/es\/universo-del-envasado-alimentario\/"},{"@type":"ListItem","position":2,"name":"Tienda","item":"https:\/\/www.csj-emballages.com\/tienda\/"},{"@type":"ListItem","position":3,"name":"Servilleta marfil no tejida de 40 x 40 cm en paquetes de 50"}]},{"@type":"WebSite","@id":"https:\/\/www.csj-emballages.com\/es\/#website","url":"https:\/\/www.csj-emballages.com\/es\/","name":"CSJ Emballages","description":"","publisher":{"@id":"https:\/\/www.csj-emballages.com\/es\/#organization"},"potentialAction":[{"@type":"SearchAction","target":{"@type":"EntryPoint","urlTemplate":"https:\/\/www.csj-emballages.com\/es\/?s={search_term_string}"},"query-input":{"@type":"PropertyValueSpecification","valueRequired":true,"valueName":"search_term_string"}}],"inLanguage":"es"},{"@type":"Organization","@id":"https:\/\/www.csj-emballages.com\/es\/#Organization\/","name":"CSJ Emballages","url":"https:\/\/www.csj-emballages.com\/es\/","logo":{"@type":"ImageObject","inLanguage":"es","@id":"https:\/\/www.csj-emballages.com\/es\/#\/schema\/logo\/image\/","url":"https:\/\/www.csj-emballages.com\/wp-content\/uploads\/2023\/10\/logo_csj.webp","contentUrl":"https:\/\/www.csj-emballages.com\/wp-content\/uploads\/2023\/10\/logo_csj.webp","width":250,"height":95,"caption":"CSJ Emballages"},"image":{"@id":"https:\/\/www.csj-emballages.com\/es\/#\/schema\/logo\/image\/"},"sameAs":["https:\/\/www.facebook.com\/csjemballages"],"address":{"@type":"PostalAddress","streetAddress":"ZI La Lechere","addressLocality":"Patornay","postalCode":"39130","addressCountry":"FR"},"contactPoint":[{"@type":"ContactPoint","contactType":"Service client","telephone":"0384254272","email":"contact@csj-emballages.com"}]}]}},"df_price":10.02,"df_sale_price":"","df_regular_price":10.02,"df_image_link":"https:\/\/www.csj-emballages.com\/wp-content\/uploads\/2024\/03\/SR40INTIV-300x300.webp","tiered_pricing_type":"fixed","tiered_pricing_fixed_rules":[],"tiered_pricing_percentage_rules":[],"tiered_pricing_minimum":1,"tiered_pricing_roles_data":[],"_links":{"self":[{"href":"https:\/\/www.csj-emballages.com\/es\/wp-json\/wp\/v2\/product\/17854","targetHints":{"allow":["GET"]}}],"collection":[{"href":"https:\/\/www.csj-emballages.com\/es\/wp-json\/wp\/v2\/product"}],"about":[{"href":"https:\/\/www.csj-emballages.com\/es\/wp-json\/wp\/v2\/types\/product"}],"wp:featuredmedia":[{"embeddable":true,"href":"https:\/\/www.csj-emballages.com\/es\/wp-json\/wp\/v2\/media\/263784"}],"wp:attachment":[{"href":"https:\/\/www.csj-emballages.com\/es\/wp-json\/wp\/v2\/media?parent=17854"}],"wp:term":[{"taxonomy":"product_brand","embeddable":true,"href":"https:\/\/www.csj-emballages.com\/es\/wp-json\/wp\/v2\/product_brand?post=17854"},{"taxonomy":"product_cat","embeddable":true,"href":"https:\/\/www.csj-emballages.com\/es\/wp-json\/wp\/v2\/product_cat?post=17854"},{"taxonomy":"product_tag","embeddable":true,"href":"https:\/\/www.csj-emballages.com\/es\/wp-json\/wp\/v2\/product_tag?post=17854"}],"curies":[{"name":"wp","href":"https:\/\/api.w.org\/{rel}","templated":true}]}}