{"id":17847,"date":"2024-03-01T16:49:00","date_gmt":"2024-03-01T15:49:00","guid":{"rendered":"https:\/\/u15jnbdpoq.preview.infomaniak.website\/produit\/50-toallas-de-2-capas-38-x-38-cm-negro\/"},"modified":"2026-04-16T02:16:11","modified_gmt":"2026-04-16T00:16:11","slug":"50-toallas-de-2-capas-38-x-38-cm-negro","status":"publish","type":"product","link":"https:\/\/www.csj-emballages.com\/es\/produit\/50-toallas-de-2-capas-38-x-38-cm-negro\/","title":{"rendered":"Toalla negra de 2 capas 38 x 38 cm por 50"},"content":{"rendered":"<h2>Toalla negra<\/h2>\n<hr>\n<h3><span style=\"font-weight: bold;\">Descubra nuestra servilleta negra de 2 capas 38 x 38 cm por 50<\/span><\/h3>\n<p><!--more--><\/p>\n<div class=\"flex max-w-full flex-col flex-grow\">\n<div class=\"min-h-8 text-message flex w-full flex-col items-end gap-2 whitespace-normal break-words text-start [.text-message+&amp;]:mt-5\" dir=\"auto\" data-message-author-role=\"assistant\" data-message-id=\"9b149096-222c-4804-b25c-623d8d364029\" data-message-model-slug=\"gpt-4o-mini\">\n<div class=\"flex w-full flex-col gap-1 empty:hidden first:pt-[3px]\">\n<div class=\"markdown prose w-full break-words dark:prose-invert dark\">\n<p data-start=\"126\" data-end=\"381\">Aporte elegancia a sus mesas con la <strong>servilleta negra de 2 capas 38 x 38 cm por 50<\/strong>. Ideales tanto para las comidas cotidianas como para las recepciones profesionales, estas <strong>servilletas<\/strong> combinan <strong data-start=\"336\" data-end=\"347\">calidad<\/strong>, <strong data-start=\"349\" data-end=\"360\">comodidad<\/strong> y <strong data-start=\"364\" data-end=\"378\">est\u00e9tica<\/strong>. <\/p>\n<p data-start=\"383\" data-end=\"681\">Gracias a su generoso formato <strong data-start=\"415\" data-end=\"429\">de 38 x 38 cm<\/strong>, ofrecen una buena cobertura y una comodidad de uso \u00f3ptima. El <strong data-start=\"506\" data-end=\"523\">plegado de 2 capas<\/strong> les confiere un agradable tacto grueso, al tiempo que garantiza su resistencia al uso. Es el compromiso perfecto entre practicidad y refinamiento.  <\/p>\n<p data-start=\"683\" data-end=\"1118\">El color <strong>negro<\/strong> se adapta f\u00e1cilmente a cualquier ambiente y decoraci\u00f3n de mesa. Aporta un toque <strong data-start=\"796\" data-end=\"815\">elegante y chic<\/strong>, ya sea para una cena entre amigos, una boda, un seminario o un servicio de catering. Los profesionales de la restauraci\u00f3n aprecian especialmente su <strong data-start=\"994\" data-end=\"1019\">versatilidad y elegancia<\/strong>, mientras que los clientes particulares lo consideran una soluci\u00f3n sencilla y eficaz para realzar sus comidas.  <\/p>\n<p data-start=\"1120\" data-end=\"1384\">Presentadas en paquetes de <strong data-start=\"1138\" data-end=\"1151\">50<\/strong> unidades, estas servilletas son ideales para cubrir necesidades ocasionales o habituales, sin necesidad de abastecerse en exceso. Su dise\u00f1o resistente garantiza que no se rompan f\u00e1cilmente, incluso con platos grandes o comidas m\u00e1s elaboradas. <\/p>\n<p data-start=\"1386\" data-end=\"1702\">Pr\u00e1cticas, atractivas y resistentes, las <strong>servilletas negras de 2 capas de 38 x 38 cm<\/strong> son una elecci\u00f3n imprescindible para quienes buscan tanto <strong data-start=\"1534\" data-end=\"1559\">facilidad de uso<\/strong> como <strong data-start=\"1563\" data-end=\"1587\">una presentaci\u00f3n impecable<\/strong>. Le permitir\u00e1n ofrecer a sus invitados una experiencia agradable, profesional y siempre elegante. <\/p>\n<p data-start=\"1386\" data-end=\"1702\">\n<\/div>\n<\/div>\n<\/div>\n<\/div>\n<p><!--more--><\/p>\n<h4>Ventajas :<\/h4>\n<ul>\n<li><strong>Elegancia atemporal:<\/strong> el color <strong>negro<\/strong> aporta un toque chic a cualquier mesa.<\/li>\n<li><strong>Tama\u00f1o ideal:<\/strong> con sus <strong>38 x 38 cm<\/strong>, estas toallas son ideales para una amplia gama de usos.<\/li>\n<li><strong>Resistencia extra:<\/strong> El dise\u00f1o de 2 capas garantiza resistencia y eficacia para un uso intensivo.<\/li>\n<li><strong>Textura agradable:<\/strong> suaves y absorbentes, ofrecen un confort \u00f3ptimo.<\/li>\n<\/ul>\n<p>&nbsp;<\/p>\n<p><!--more--><\/p>\n<h4>Informaci\u00f3n adicional :<\/h4>\n<ul>\n<li><strong>Envase<\/strong>: Paquete de 50<\/li>\n<li><strong>Color<\/strong>: Negro<\/li>\n<li><strong>Dimensiones<\/strong>: 38 x 38 cm desplegado<\/li>\n<li><strong>Material<\/strong>: Celulosa<\/li>\n<\/ul>\n<p>&nbsp;<\/p>\n<p><!--more--><\/p>\n<p><a href=\"https:\/\/www.csj-emballages.com\/es\/categorie-produit\/envasado-de-alimentos\/catering-es\/servilletas-manteles-individuales-manteles\/toallas\/toallas-de-2-capas\/\">Ver el resto de nuestra gama de toallas de 2 capas<\/a><\/p>\n","protected":false},"excerpt":{"rendered":"<p>Toalla negra Descubra nuestra servilleta negra de 2 capas 38 x 38 cm por 50<\/p>\n","protected":false},"featured_media":241183,"template":"","meta":{"_acf_changed":false},"product_brand":[],"product_cat":[1150,1179,1182,1285,1682],"product_tag":[],"class_list":{"0":"post-17847","1":"product","2":"type-product","3":"status-publish","4":"has-post-thumbnail","6":"product_cat-envasado-de-alimentos","7":"product_cat-catering-es","8":"product_cat-servilletas-manteles-individuales-manteles","9":"product_cat-toallas","10":"product_cat-toallas-de-2-capas","12":"first","13":"instock","14":"taxable","15":"shipping-taxable","16":"purchasable","17":"product-type-simple"},"acf":[],"yoast_head":"<!-- This site is optimized with the Yoast SEO Premium plugin v26.6 (Yoast SEO v26.6) - https:\/\/yoast.com\/wordpress\/plugins\/seo\/ -->\n<title>Toalla negra de 2 capas 38 x 38 cm por 50<\/title>\n<meta name=\"description\" content=\"Aporte elegancia a sus mesas con nuestras servilletas negras de 2 capas de 38 x 38 cm por 50: resistentes, absorbentes e ideales para todas sus comidas.\" \/>\n<meta name=\"robots\" content=\"index, follow, max-snippet:-1, max-image-preview:large, max-video-preview:-1\" \/>\n<link rel=\"canonical\" href=\"https:\/\/www.csj-emballages.com\/es\/produit\/50-toallas-de-2-capas-38-x-38-cm-negro\/\" \/>\n<meta property=\"og:locale\" content=\"es_ES\" \/>\n<meta property=\"og:type\" content=\"article\" \/>\n<meta property=\"og:title\" content=\"Toalla negra de 2 capas 38 x 38 cm por 50\" \/>\n<meta property=\"og:description\" content=\"Aporte elegancia a sus mesas con nuestras servilletas negras de 2 capas de 38 x 38 cm por 50: resistentes, absorbentes e ideales para todas sus comidas.\" \/>\n<meta property=\"og:url\" content=\"https:\/\/www.csj-emballages.com\/es\/produit\/50-toallas-de-2-capas-38-x-38-cm-negro\/\" \/>\n<meta property=\"og:site_name\" content=\"CSJ Emballages\" \/>\n<meta property=\"article:publisher\" content=\"https:\/\/www.facebook.com\/csjemballages\" \/>\n<meta property=\"article:modified_time\" content=\"2026-04-16T00:16:11+00:00\" \/>\n<meta property=\"og:image\" content=\"https:\/\/www.csj-emballages.com\/wp-content\/uploads\/2024\/03\/SR38N.webp\" \/>\n\t<meta property=\"og:image:width\" content=\"800\" \/>\n\t<meta property=\"og:image:height\" content=\"800\" \/>\n\t<meta property=\"og:image:type\" content=\"image\/webp\" \/>\n<meta name=\"twitter:card\" content=\"summary_large_image\" \/>\n<meta name=\"twitter:label1\" content=\"Tiempo de lectura\" \/>\n\t<meta name=\"twitter:data1\" content=\"2 minutos\" \/>\n<script type=\"application\/ld+json\" class=\"yoast-schema-graph\">{\"@context\":\"https:\/\/schema.org\",\"@graph\":[{\"@type\":\"WebPage\",\"@id\":\"https:\/\/www.csj-emballages.com\/es\/produit\/50-toallas-de-2-capas-38-x-38-cm-negro\/\",\"url\":\"https:\/\/www.csj-emballages.com\/es\/produit\/50-toallas-de-2-capas-38-x-38-cm-negro\/\",\"name\":\"Toalla negra de 2 capas 38 x 38 cm por 50\",\"isPartOf\":{\"@id\":\"https:\/\/www.csj-emballages.com\/es\/#website\"},\"primaryImageOfPage\":{\"@id\":\"https:\/\/www.csj-emballages.com\/es\/produit\/50-toallas-de-2-capas-38-x-38-cm-negro\/#primaryimage\"},\"image\":{\"@id\":\"https:\/\/www.csj-emballages.com\/es\/produit\/50-toallas-de-2-capas-38-x-38-cm-negro\/#primaryimage\"},\"thumbnailUrl\":\"https:\/\/www.csj-emballages.com\/wp-content\/uploads\/2024\/03\/SR38N.webp\",\"datePublished\":\"2024-03-01T15:49:00+00:00\",\"dateModified\":\"2026-04-16T00:16:11+00:00\",\"description\":\"Aporte elegancia a sus mesas con nuestras servilletas negras de 2 capas de 38 x 38 cm por 50: resistentes, absorbentes e ideales para todas sus comidas.\",\"breadcrumb\":{\"@id\":\"https:\/\/www.csj-emballages.com\/es\/produit\/50-toallas-de-2-capas-38-x-38-cm-negro\/#breadcrumb\"},\"inLanguage\":\"es\",\"potentialAction\":[{\"@type\":\"ReadAction\",\"target\":[\"https:\/\/www.csj-emballages.com\/es\/produit\/50-toallas-de-2-capas-38-x-38-cm-negro\/\"]}]},{\"@type\":\"ImageObject\",\"inLanguage\":\"es\",\"@id\":\"https:\/\/www.csj-emballages.com\/es\/produit\/50-toallas-de-2-capas-38-x-38-cm-negro\/#primaryimage\",\"url\":\"https:\/\/www.csj-emballages.com\/wp-content\/uploads\/2024\/03\/SR38N.webp\",\"contentUrl\":\"https:\/\/www.csj-emballages.com\/wp-content\/uploads\/2024\/03\/SR38N.webp\",\"width\":800,\"height\":800,\"caption\":\"Serviette noire\"},{\"@type\":\"BreadcrumbList\",\"@id\":\"https:\/\/www.csj-emballages.com\/es\/produit\/50-toallas-de-2-capas-38-x-38-cm-negro\/#breadcrumb\",\"itemListElement\":[{\"@type\":\"ListItem\",\"position\":1,\"name\":\"Accueil\",\"item\":\"https:\/\/www.csj-emballages.com\/es\/universo-del-envasado-alimentario\/\"},{\"@type\":\"ListItem\",\"position\":2,\"name\":\"Tienda\",\"item\":\"https:\/\/www.csj-emballages.com\/tienda\/\"},{\"@type\":\"ListItem\",\"position\":3,\"name\":\"Toalla negra de 2 capas 38 x 38 cm por 50\"}]},{\"@type\":\"WebSite\",\"@id\":\"https:\/\/www.csj-emballages.com\/es\/#website\",\"url\":\"https:\/\/www.csj-emballages.com\/es\/\",\"name\":\"CSJ Emballages\",\"description\":\"\",\"publisher\":{\"@id\":\"https:\/\/www.csj-emballages.com\/es\/#organization\"},\"potentialAction\":[{\"@type\":\"SearchAction\",\"target\":{\"@type\":\"EntryPoint\",\"urlTemplate\":\"https:\/\/www.csj-emballages.com\/es\/?s={search_term_string}\"},\"query-input\":{\"@type\":\"PropertyValueSpecification\",\"valueRequired\":true,\"valueName\":\"search_term_string\"}}],\"inLanguage\":\"es\"},{\"@type\":\"Organization\",\"@id\":\"https:\/\/www.csj-emballages.com\/es\/#Organization\/\",\"name\":\"CSJ Emballages\",\"url\":\"https:\/\/www.csj-emballages.com\/es\/\",\"logo\":{\"@type\":\"ImageObject\",\"inLanguage\":\"es\",\"@id\":\"https:\/\/www.csj-emballages.com\/es\/#\/schema\/logo\/image\/\",\"url\":\"https:\/\/www.csj-emballages.com\/wp-content\/uploads\/2023\/10\/logo_csj.webp\",\"contentUrl\":\"https:\/\/www.csj-emballages.com\/wp-content\/uploads\/2023\/10\/logo_csj.webp\",\"width\":250,\"height\":95,\"caption\":\"CSJ Emballages\"},\"image\":{\"@id\":\"https:\/\/www.csj-emballages.com\/es\/#\/schema\/logo\/image\/\"},\"sameAs\":[\"https:\/\/www.facebook.com\/csjemballages\"],\"address\":{\"@type\":\"PostalAddress\",\"streetAddress\":\"ZI La Lechere\",\"addressLocality\":\"Patornay\",\"postalCode\":\"39130\",\"addressCountry\":\"FR\"},\"contactPoint\":[{\"@type\":\"ContactPoint\",\"contactType\":\"Service client\",\"telephone\":\"0384254272\",\"email\":\"contact@csj-emballages.com\"}]}]}<\/script>\n<!-- \/ Yoast SEO Premium plugin. -->","yoast_head_json":{"title":"Toalla negra de 2 capas 38 x 38 cm por 50","description":"Aporte elegancia a sus mesas con nuestras servilletas negras de 2 capas de 38 x 38 cm por 50: resistentes, absorbentes e ideales para todas sus comidas.","robots":{"index":"index","follow":"follow","max-snippet":"max-snippet:-1","max-image-preview":"max-image-preview:large","max-video-preview":"max-video-preview:-1"},"canonical":"https:\/\/www.csj-emballages.com\/es\/produit\/50-toallas-de-2-capas-38-x-38-cm-negro\/","og_locale":"es_ES","og_type":"article","og_title":"Toalla negra de 2 capas 38 x 38 cm por 50","og_description":"Aporte elegancia a sus mesas con nuestras servilletas negras de 2 capas de 38 x 38 cm por 50: resistentes, absorbentes e ideales para todas sus comidas.","og_url":"https:\/\/www.csj-emballages.com\/es\/produit\/50-toallas-de-2-capas-38-x-38-cm-negro\/","og_site_name":"CSJ Emballages","article_publisher":"https:\/\/www.facebook.com\/csjemballages","article_modified_time":"2026-04-16T00:16:11+00:00","og_image":[{"width":800,"height":800,"url":"https:\/\/www.csj-emballages.com\/wp-content\/uploads\/2024\/03\/SR38N.webp","type":"image\/webp"}],"twitter_card":"summary_large_image","twitter_misc":{"Tiempo de lectura":"2 minutos"},"schema":{"@context":"https:\/\/schema.org","@graph":[{"@type":"WebPage","@id":"https:\/\/www.csj-emballages.com\/es\/produit\/50-toallas-de-2-capas-38-x-38-cm-negro\/","url":"https:\/\/www.csj-emballages.com\/es\/produit\/50-toallas-de-2-capas-38-x-38-cm-negro\/","name":"Toalla negra de 2 capas 38 x 38 cm por 50","isPartOf":{"@id":"https:\/\/www.csj-emballages.com\/es\/#website"},"primaryImageOfPage":{"@id":"https:\/\/www.csj-emballages.com\/es\/produit\/50-toallas-de-2-capas-38-x-38-cm-negro\/#primaryimage"},"image":{"@id":"https:\/\/www.csj-emballages.com\/es\/produit\/50-toallas-de-2-capas-38-x-38-cm-negro\/#primaryimage"},"thumbnailUrl":"https:\/\/www.csj-emballages.com\/wp-content\/uploads\/2024\/03\/SR38N.webp","datePublished":"2024-03-01T15:49:00+00:00","dateModified":"2026-04-16T00:16:11+00:00","description":"Aporte elegancia a sus mesas con nuestras servilletas negras de 2 capas de 38 x 38 cm por 50: resistentes, absorbentes e ideales para todas sus comidas.","breadcrumb":{"@id":"https:\/\/www.csj-emballages.com\/es\/produit\/50-toallas-de-2-capas-38-x-38-cm-negro\/#breadcrumb"},"inLanguage":"es","potentialAction":[{"@type":"ReadAction","target":["https:\/\/www.csj-emballages.com\/es\/produit\/50-toallas-de-2-capas-38-x-38-cm-negro\/"]}]},{"@type":"ImageObject","inLanguage":"es","@id":"https:\/\/www.csj-emballages.com\/es\/produit\/50-toallas-de-2-capas-38-x-38-cm-negro\/#primaryimage","url":"https:\/\/www.csj-emballages.com\/wp-content\/uploads\/2024\/03\/SR38N.webp","contentUrl":"https:\/\/www.csj-emballages.com\/wp-content\/uploads\/2024\/03\/SR38N.webp","width":800,"height":800,"caption":"Serviette noire"},{"@type":"BreadcrumbList","@id":"https:\/\/www.csj-emballages.com\/es\/produit\/50-toallas-de-2-capas-38-x-38-cm-negro\/#breadcrumb","itemListElement":[{"@type":"ListItem","position":1,"name":"Accueil","item":"https:\/\/www.csj-emballages.com\/es\/universo-del-envasado-alimentario\/"},{"@type":"ListItem","position":2,"name":"Tienda","item":"https:\/\/www.csj-emballages.com\/tienda\/"},{"@type":"ListItem","position":3,"name":"Toalla negra de 2 capas 38 x 38 cm por 50"}]},{"@type":"WebSite","@id":"https:\/\/www.csj-emballages.com\/es\/#website","url":"https:\/\/www.csj-emballages.com\/es\/","name":"CSJ Emballages","description":"","publisher":{"@id":"https:\/\/www.csj-emballages.com\/es\/#organization"},"potentialAction":[{"@type":"SearchAction","target":{"@type":"EntryPoint","urlTemplate":"https:\/\/www.csj-emballages.com\/es\/?s={search_term_string}"},"query-input":{"@type":"PropertyValueSpecification","valueRequired":true,"valueName":"search_term_string"}}],"inLanguage":"es"},{"@type":"Organization","@id":"https:\/\/www.csj-emballages.com\/es\/#Organization\/","name":"CSJ Emballages","url":"https:\/\/www.csj-emballages.com\/es\/","logo":{"@type":"ImageObject","inLanguage":"es","@id":"https:\/\/www.csj-emballages.com\/es\/#\/schema\/logo\/image\/","url":"https:\/\/www.csj-emballages.com\/wp-content\/uploads\/2023\/10\/logo_csj.webp","contentUrl":"https:\/\/www.csj-emballages.com\/wp-content\/uploads\/2023\/10\/logo_csj.webp","width":250,"height":95,"caption":"CSJ Emballages"},"image":{"@id":"https:\/\/www.csj-emballages.com\/es\/#\/schema\/logo\/image\/"},"sameAs":["https:\/\/www.facebook.com\/csjemballages"],"address":{"@type":"PostalAddress","streetAddress":"ZI La Lechere","addressLocality":"Patornay","postalCode":"39130","addressCountry":"FR"},"contactPoint":[{"@type":"ContactPoint","contactType":"Service client","telephone":"0384254272","email":"contact@csj-emballages.com"}]}]}},"df_price":2.29,"df_sale_price":"","df_regular_price":2.29,"df_image_link":"https:\/\/www.csj-emballages.com\/wp-content\/uploads\/2024\/03\/SR38N-300x300.webp","tiered_pricing_type":"fixed","tiered_pricing_fixed_rules":[],"tiered_pricing_percentage_rules":[],"tiered_pricing_minimum":1,"tiered_pricing_roles_data":[],"_links":{"self":[{"href":"https:\/\/www.csj-emballages.com\/es\/wp-json\/wp\/v2\/product\/17847","targetHints":{"allow":["GET"]}}],"collection":[{"href":"https:\/\/www.csj-emballages.com\/es\/wp-json\/wp\/v2\/product"}],"about":[{"href":"https:\/\/www.csj-emballages.com\/es\/wp-json\/wp\/v2\/types\/product"}],"wp:featuredmedia":[{"embeddable":true,"href":"https:\/\/www.csj-emballages.com\/es\/wp-json\/wp\/v2\/media\/241183"}],"wp:attachment":[{"href":"https:\/\/www.csj-emballages.com\/es\/wp-json\/wp\/v2\/media?parent=17847"}],"wp:term":[{"taxonomy":"product_brand","embeddable":true,"href":"https:\/\/www.csj-emballages.com\/es\/wp-json\/wp\/v2\/product_brand?post=17847"},{"taxonomy":"product_cat","embeddable":true,"href":"https:\/\/www.csj-emballages.com\/es\/wp-json\/wp\/v2\/product_cat?post=17847"},{"taxonomy":"product_tag","embeddable":true,"href":"https:\/\/www.csj-emballages.com\/es\/wp-json\/wp\/v2\/product_tag?post=17847"}],"curies":[{"name":"wp","href":"https:\/\/api.w.org\/{rel}","templated":true}]}}