{"id":17839,"date":"2024-03-01T16:48:58","date_gmt":"2024-03-01T15:48:58","guid":{"rendered":"https:\/\/u15jnbdpoq.preview.infomaniak.website\/produit\/30-toallas-canguro-negras-de-2-pliegues-40-x-32-cm\/"},"modified":"2026-05-01T02:15:10","modified_gmt":"2026-05-01T00:15:10","slug":"30-toallas-canguro-negras-de-2-pliegues-40-x-32-cm","status":"publish","type":"product","link":"https:\/\/www.csj-emballages.com\/es\/produit\/30-toallas-canguro-negras-de-2-pliegues-40-x-32-cm\/","title":{"rendered":"30 toallas canguro negras de 2 pliegues 40 x 32 cm"},"content":{"rendered":"<h2><span style=\"font-weight: bold;font-family: Georgia;text-decoration: underline\">50 toallas canguro negras de 2 capas 40 x 33 cm<\/span><\/h2>\n<p><span style=\"font-weight: bold\">\t\t<\/span><\/p>\n<p><span style=\"font-weight: bold\"> Descripci\u00f3n :<\/span><\/p>\n<p><span>\t\t<\/span><\/p>\n<h3><span style=\"font-weight: bold\">Descubre nuestras servilletas plegadas desechables para cubiertos<\/span><\/h3>\n<p><span>\t\t<\/span><\/p>\n<p><span>Servilletas canguro de papel negro de 2 capas, principalmente para catering in situ.<\/span><\/p>\n<p><span>Estas servilletas son perfectas para poner los cubiertos dentro y realzar tu mesa.<\/span><\/p>\n<p><span>100% apto para el contacto con alimentos<\/span><\/p>\n<p><span>\t\t<\/span><\/p>\n<h3><span style=\"font-weight: bold;text-decoration: underline\">Caracter\u00edsticas de las toallas de bolsillo negras :<\/span><\/h3>\n<p><span>\t\t<\/span><\/p>\n<ul>\n<li><span>Vendido a particulares \/ profesionales<\/span><\/li>\n<li><span><span style=\"font-weight: bold;text-decoration: underline\">Dimensiones<\/span>: 40 x 33 cm<\/span><\/li>\n<li><span><span style=\"font-weight: bold;text-decoration: underline\">Envase<\/span>: paquete de 50 toallitas recubiertas<\/span><\/li>\n<li><span>Envasado en pel\u00edcula protectora para guardarlo m\u00e1s f\u00e1cilmente.<\/span><\/li>\n<li><span><span style=\"font-weight: bold;text-decoration: underline\">Material<\/span>: Papel<\/span><\/li>\n<\/ul>\n<h2><span>\t\t<\/span><span style=\"font-weight: bold\">\u00a1Elige ahora toallas canguro negras con fundas!<\/span><\/h2>\n","protected":false},"excerpt":{"rendered":"<p>50 toallas canguro negras de 2 capas 40 x 33 cm Descripci\u00f3n : Descubre nuestras servilletas plegadas desechables para cubiertos Servilletas canguro de papel negro de 2 capas, principalmente para catering in situ. Estas servilletas son perfectas para poner los cubiertos dentro y realzar tu mesa. 100% apto para el contacto con alimentos Caracter\u00edsticas de [&hellip;]<\/p>\n","protected":false},"featured_media":202359,"template":"","meta":{"_acf_changed":false},"product_brand":[],"product_cat":[1150,1179,1182,1705],"product_tag":[],"class_list":{"0":"post-17839","1":"product","2":"type-product","3":"status-publish","4":"has-post-thumbnail","6":"product_cat-envasado-de-alimentos","7":"product_cat-catering-es","8":"product_cat-servilletas-manteles-individuales-manteles","9":"product_cat-bolsas-canguro","11":"first","12":"instock","13":"taxable","14":"shipping-taxable","15":"purchasable","16":"product-type-simple"},"acf":[],"yoast_head":"<!-- This site is optimized with the Yoast SEO Premium plugin v26.6 (Yoast SEO v26.6) - https:\/\/yoast.com\/wordpress\/plugins\/seo\/ -->\n<title>50 Servilletas Canguro Negro 40 x 33 cm \/ csj-emballages.com<\/title>\n<meta name=\"description\" content=\"\u00a1Comprar toallas de bolsillo negras de 2 capas! Tama\u00f1o: \u00a1400 x 330 mm! Te ofrecemos un paquete de 50 toallas Airlaid duraderas y de alta calidad a precios DESCUENTO.\" \/>\n<meta name=\"robots\" content=\"index, follow, max-snippet:-1, max-image-preview:large, max-video-preview:-1\" \/>\n<link rel=\"canonical\" href=\"https:\/\/www.csj-emballages.com\/es\/produit\/30-toallas-canguro-negras-de-2-pliegues-40-x-32-cm\/\" \/>\n<meta property=\"og:locale\" content=\"es_ES\" \/>\n<meta property=\"og:type\" content=\"article\" \/>\n<meta property=\"og:title\" content=\"30 toallas canguro negras de 2 pliegues 40 x 32 cm\" \/>\n<meta property=\"og:description\" content=\"\u00a1Comprar toallas de bolsillo negras de 2 capas! Tama\u00f1o: \u00a1400 x 330 mm! Te ofrecemos un paquete de 50 toallas Airlaid duraderas y de alta calidad a precios DESCUENTO.\" \/>\n<meta property=\"og:url\" content=\"https:\/\/www.csj-emballages.com\/es\/produit\/30-toallas-canguro-negras-de-2-pliegues-40-x-32-cm\/\" \/>\n<meta property=\"og:site_name\" content=\"CSJ Emballages\" \/>\n<meta property=\"article:publisher\" content=\"https:\/\/www.facebook.com\/csjemballages\" \/>\n<meta property=\"article:modified_time\" content=\"2026-05-01T00:15:10+00:00\" \/>\n<meta property=\"og:image\" content=\"https:\/\/www.csj-emballages.com\/wp-content\/uploads\/2024\/03\/Pochettes-couverts-noires.webp\" \/>\n\t<meta property=\"og:image:width\" content=\"801\" \/>\n\t<meta property=\"og:image:height\" content=\"801\" \/>\n\t<meta property=\"og:image:type\" content=\"image\/webp\" \/>\n<meta name=\"twitter:card\" content=\"summary_large_image\" \/>\n<script type=\"application\/ld+json\" class=\"yoast-schema-graph\">{\"@context\":\"https:\/\/schema.org\",\"@graph\":[{\"@type\":\"WebPage\",\"@id\":\"https:\/\/www.csj-emballages.com\/es\/produit\/30-toallas-canguro-negras-de-2-pliegues-40-x-32-cm\/\",\"url\":\"https:\/\/www.csj-emballages.com\/es\/produit\/30-toallas-canguro-negras-de-2-pliegues-40-x-32-cm\/\",\"name\":\"50 Servilletas Canguro Negro 40 x 33 cm \/ csj-emballages.com\",\"isPartOf\":{\"@id\":\"https:\/\/www.csj-emballages.com\/es\/#website\"},\"primaryImageOfPage\":{\"@id\":\"https:\/\/www.csj-emballages.com\/es\/produit\/30-toallas-canguro-negras-de-2-pliegues-40-x-32-cm\/#primaryimage\"},\"image\":{\"@id\":\"https:\/\/www.csj-emballages.com\/es\/produit\/30-toallas-canguro-negras-de-2-pliegues-40-x-32-cm\/#primaryimage\"},\"thumbnailUrl\":\"https:\/\/www.csj-emballages.com\/wp-content\/uploads\/2024\/03\/Pochettes-couverts-noires.webp\",\"datePublished\":\"2024-03-01T15:48:58+00:00\",\"dateModified\":\"2026-05-01T00:15:10+00:00\",\"description\":\"\u00a1Comprar toallas de bolsillo negras de 2 capas! Tama\u00f1o: \u00a1400 x 330 mm! Te ofrecemos un paquete de 50 toallas Airlaid duraderas y de alta calidad a precios DESCUENTO.\",\"breadcrumb\":{\"@id\":\"https:\/\/www.csj-emballages.com\/es\/produit\/30-toallas-canguro-negras-de-2-pliegues-40-x-32-cm\/#breadcrumb\"},\"inLanguage\":\"es\",\"potentialAction\":[{\"@type\":\"ReadAction\",\"target\":[\"https:\/\/www.csj-emballages.com\/es\/produit\/30-toallas-canguro-negras-de-2-pliegues-40-x-32-cm\/\"]}]},{\"@type\":\"ImageObject\",\"inLanguage\":\"es\",\"@id\":\"https:\/\/www.csj-emballages.com\/es\/produit\/30-toallas-canguro-negras-de-2-pliegues-40-x-32-cm\/#primaryimage\",\"url\":\"https:\/\/www.csj-emballages.com\/wp-content\/uploads\/2024\/03\/Pochettes-couverts-noires.webp\",\"contentUrl\":\"https:\/\/www.csj-emballages.com\/wp-content\/uploads\/2024\/03\/Pochettes-couverts-noires.webp\",\"width\":801,\"height\":801,\"caption\":\"Pochette couvert\"},{\"@type\":\"BreadcrumbList\",\"@id\":\"https:\/\/www.csj-emballages.com\/es\/produit\/30-toallas-canguro-negras-de-2-pliegues-40-x-32-cm\/#breadcrumb\",\"itemListElement\":[{\"@type\":\"ListItem\",\"position\":1,\"name\":\"Accueil\",\"item\":\"https:\/\/www.csj-emballages.com\/es\/universo-del-envasado-alimentario\/\"},{\"@type\":\"ListItem\",\"position\":2,\"name\":\"Tienda\",\"item\":\"https:\/\/www.csj-emballages.com\/tienda\/\"},{\"@type\":\"ListItem\",\"position\":3,\"name\":\"30 toallas canguro negras de 2 pliegues 40 x 32 cm\"}]},{\"@type\":\"WebSite\",\"@id\":\"https:\/\/www.csj-emballages.com\/es\/#website\",\"url\":\"https:\/\/www.csj-emballages.com\/es\/\",\"name\":\"CSJ Emballages\",\"description\":\"\",\"publisher\":{\"@id\":\"https:\/\/www.csj-emballages.com\/es\/#organization\"},\"potentialAction\":[{\"@type\":\"SearchAction\",\"target\":{\"@type\":\"EntryPoint\",\"urlTemplate\":\"https:\/\/www.csj-emballages.com\/es\/?s={search_term_string}\"},\"query-input\":{\"@type\":\"PropertyValueSpecification\",\"valueRequired\":true,\"valueName\":\"search_term_string\"}}],\"inLanguage\":\"es\"},{\"@type\":\"Organization\",\"@id\":\"https:\/\/www.csj-emballages.com\/es\/#Organization\/\",\"name\":\"CSJ Emballages\",\"url\":\"https:\/\/www.csj-emballages.com\/es\/\",\"logo\":{\"@type\":\"ImageObject\",\"inLanguage\":\"es\",\"@id\":\"https:\/\/www.csj-emballages.com\/es\/#\/schema\/logo\/image\/\",\"url\":\"https:\/\/www.csj-emballages.com\/wp-content\/uploads\/2023\/10\/logo_csj.webp\",\"contentUrl\":\"https:\/\/www.csj-emballages.com\/wp-content\/uploads\/2023\/10\/logo_csj.webp\",\"width\":250,\"height\":95,\"caption\":\"CSJ Emballages\"},\"image\":{\"@id\":\"https:\/\/www.csj-emballages.com\/es\/#\/schema\/logo\/image\/\"},\"sameAs\":[\"https:\/\/www.facebook.com\/csjemballages\"],\"address\":{\"@type\":\"PostalAddress\",\"streetAddress\":\"ZI La Lechere\",\"addressLocality\":\"Patornay\",\"postalCode\":\"39130\",\"addressCountry\":\"FR\"},\"contactPoint\":[{\"@type\":\"ContactPoint\",\"contactType\":\"Service client\",\"telephone\":\"0384254272\",\"email\":\"contact@csj-emballages.com\"}]}]}<\/script>\n<!-- \/ Yoast SEO Premium plugin. -->","yoast_head_json":{"title":"50 Servilletas Canguro Negro 40 x 33 cm \/ csj-emballages.com","description":"\u00a1Comprar toallas de bolsillo negras de 2 capas! Tama\u00f1o: \u00a1400 x 330 mm! Te ofrecemos un paquete de 50 toallas Airlaid duraderas y de alta calidad a precios DESCUENTO.","robots":{"index":"index","follow":"follow","max-snippet":"max-snippet:-1","max-image-preview":"max-image-preview:large","max-video-preview":"max-video-preview:-1"},"canonical":"https:\/\/www.csj-emballages.com\/es\/produit\/30-toallas-canguro-negras-de-2-pliegues-40-x-32-cm\/","og_locale":"es_ES","og_type":"article","og_title":"30 toallas canguro negras de 2 pliegues 40 x 32 cm","og_description":"\u00a1Comprar toallas de bolsillo negras de 2 capas! Tama\u00f1o: \u00a1400 x 330 mm! Te ofrecemos un paquete de 50 toallas Airlaid duraderas y de alta calidad a precios DESCUENTO.","og_url":"https:\/\/www.csj-emballages.com\/es\/produit\/30-toallas-canguro-negras-de-2-pliegues-40-x-32-cm\/","og_site_name":"CSJ Emballages","article_publisher":"https:\/\/www.facebook.com\/csjemballages","article_modified_time":"2026-05-01T00:15:10+00:00","og_image":[{"width":801,"height":801,"url":"https:\/\/www.csj-emballages.com\/wp-content\/uploads\/2024\/03\/Pochettes-couverts-noires.webp","type":"image\/webp"}],"twitter_card":"summary_large_image","schema":{"@context":"https:\/\/schema.org","@graph":[{"@type":"WebPage","@id":"https:\/\/www.csj-emballages.com\/es\/produit\/30-toallas-canguro-negras-de-2-pliegues-40-x-32-cm\/","url":"https:\/\/www.csj-emballages.com\/es\/produit\/30-toallas-canguro-negras-de-2-pliegues-40-x-32-cm\/","name":"50 Servilletas Canguro Negro 40 x 33 cm \/ csj-emballages.com","isPartOf":{"@id":"https:\/\/www.csj-emballages.com\/es\/#website"},"primaryImageOfPage":{"@id":"https:\/\/www.csj-emballages.com\/es\/produit\/30-toallas-canguro-negras-de-2-pliegues-40-x-32-cm\/#primaryimage"},"image":{"@id":"https:\/\/www.csj-emballages.com\/es\/produit\/30-toallas-canguro-negras-de-2-pliegues-40-x-32-cm\/#primaryimage"},"thumbnailUrl":"https:\/\/www.csj-emballages.com\/wp-content\/uploads\/2024\/03\/Pochettes-couverts-noires.webp","datePublished":"2024-03-01T15:48:58+00:00","dateModified":"2026-05-01T00:15:10+00:00","description":"\u00a1Comprar toallas de bolsillo negras de 2 capas! Tama\u00f1o: \u00a1400 x 330 mm! Te ofrecemos un paquete de 50 toallas Airlaid duraderas y de alta calidad a precios DESCUENTO.","breadcrumb":{"@id":"https:\/\/www.csj-emballages.com\/es\/produit\/30-toallas-canguro-negras-de-2-pliegues-40-x-32-cm\/#breadcrumb"},"inLanguage":"es","potentialAction":[{"@type":"ReadAction","target":["https:\/\/www.csj-emballages.com\/es\/produit\/30-toallas-canguro-negras-de-2-pliegues-40-x-32-cm\/"]}]},{"@type":"ImageObject","inLanguage":"es","@id":"https:\/\/www.csj-emballages.com\/es\/produit\/30-toallas-canguro-negras-de-2-pliegues-40-x-32-cm\/#primaryimage","url":"https:\/\/www.csj-emballages.com\/wp-content\/uploads\/2024\/03\/Pochettes-couverts-noires.webp","contentUrl":"https:\/\/www.csj-emballages.com\/wp-content\/uploads\/2024\/03\/Pochettes-couverts-noires.webp","width":801,"height":801,"caption":"Pochette couvert"},{"@type":"BreadcrumbList","@id":"https:\/\/www.csj-emballages.com\/es\/produit\/30-toallas-canguro-negras-de-2-pliegues-40-x-32-cm\/#breadcrumb","itemListElement":[{"@type":"ListItem","position":1,"name":"Accueil","item":"https:\/\/www.csj-emballages.com\/es\/universo-del-envasado-alimentario\/"},{"@type":"ListItem","position":2,"name":"Tienda","item":"https:\/\/www.csj-emballages.com\/tienda\/"},{"@type":"ListItem","position":3,"name":"30 toallas canguro negras de 2 pliegues 40 x 32 cm"}]},{"@type":"WebSite","@id":"https:\/\/www.csj-emballages.com\/es\/#website","url":"https:\/\/www.csj-emballages.com\/es\/","name":"CSJ Emballages","description":"","publisher":{"@id":"https:\/\/www.csj-emballages.com\/es\/#organization"},"potentialAction":[{"@type":"SearchAction","target":{"@type":"EntryPoint","urlTemplate":"https:\/\/www.csj-emballages.com\/es\/?s={search_term_string}"},"query-input":{"@type":"PropertyValueSpecification","valueRequired":true,"valueName":"search_term_string"}}],"inLanguage":"es"},{"@type":"Organization","@id":"https:\/\/www.csj-emballages.com\/es\/#Organization\/","name":"CSJ Emballages","url":"https:\/\/www.csj-emballages.com\/es\/","logo":{"@type":"ImageObject","inLanguage":"es","@id":"https:\/\/www.csj-emballages.com\/es\/#\/schema\/logo\/image\/","url":"https:\/\/www.csj-emballages.com\/wp-content\/uploads\/2023\/10\/logo_csj.webp","contentUrl":"https:\/\/www.csj-emballages.com\/wp-content\/uploads\/2023\/10\/logo_csj.webp","width":250,"height":95,"caption":"CSJ Emballages"},"image":{"@id":"https:\/\/www.csj-emballages.com\/es\/#\/schema\/logo\/image\/"},"sameAs":["https:\/\/www.facebook.com\/csjemballages"],"address":{"@type":"PostalAddress","streetAddress":"ZI La Lechere","addressLocality":"Patornay","postalCode":"39130","addressCountry":"FR"},"contactPoint":[{"@type":"ContactPoint","contactType":"Service client","telephone":"0384254272","email":"contact@csj-emballages.com"}]}]}},"df_price":1.55,"df_sale_price":"","df_regular_price":1.55,"df_image_link":"https:\/\/www.csj-emballages.com\/wp-content\/uploads\/2024\/03\/Pochettes-couverts-noires-300x300.webp","tiered_pricing_type":"fixed","tiered_pricing_fixed_rules":[],"tiered_pricing_percentage_rules":[],"tiered_pricing_minimum":1,"tiered_pricing_roles_data":[],"_links":{"self":[{"href":"https:\/\/www.csj-emballages.com\/es\/wp-json\/wp\/v2\/product\/17839","targetHints":{"allow":["GET"]}}],"collection":[{"href":"https:\/\/www.csj-emballages.com\/es\/wp-json\/wp\/v2\/product"}],"about":[{"href":"https:\/\/www.csj-emballages.com\/es\/wp-json\/wp\/v2\/types\/product"}],"wp:featuredmedia":[{"embeddable":true,"href":"https:\/\/www.csj-emballages.com\/es\/wp-json\/wp\/v2\/media\/202359"}],"wp:attachment":[{"href":"https:\/\/www.csj-emballages.com\/es\/wp-json\/wp\/v2\/media?parent=17839"}],"wp:term":[{"taxonomy":"product_brand","embeddable":true,"href":"https:\/\/www.csj-emballages.com\/es\/wp-json\/wp\/v2\/product_brand?post=17839"},{"taxonomy":"product_cat","embeddable":true,"href":"https:\/\/www.csj-emballages.com\/es\/wp-json\/wp\/v2\/product_cat?post=17839"},{"taxonomy":"product_tag","embeddable":true,"href":"https:\/\/www.csj-emballages.com\/es\/wp-json\/wp\/v2\/product_tag?post=17839"}],"curies":[{"name":"wp","href":"https:\/\/api.w.org\/{rel}","templated":true}]}}