{"id":17806,"date":"2024-03-01T16:49:00","date_gmt":"2024-03-01T15:49:00","guid":{"rendered":"https:\/\/u15jnbdpoq.preview.infomaniak.website\/produit\/50-toallas-de-2-capas-38-x-38-cm-mandarina\/"},"modified":"2026-04-16T02:16:10","modified_gmt":"2026-04-16T00:16:10","slug":"50-toallas-de-2-capas-38-x-38-cm-mandarina","status":"publish","type":"product","link":"https:\/\/www.csj-emballages.com\/es\/produit\/50-toallas-de-2-capas-38-x-38-cm-mandarina\/","title":{"rendered":"Servilleta de 2 capas Mandarina 38 x 38 cm por 50"},"content":{"rendered":"<h2>Servilleta mandarina<\/h2>\n<hr>\n<h3><span style=\"font-weight: bold;\">Descubra nuestra servilleta mandarina de 2 capas 38 x 38 cm por 50<\/span><\/h3>\n<p><!--more--><\/p>\n<div class=\"flex max-w-full flex-col flex-grow\">\n<div class=\"min-h-8 text-message flex w-full flex-col items-end gap-2 whitespace-normal break-words text-start [.text-message+&amp;]:mt-5\" dir=\"auto\" data-message-author-role=\"assistant\" data-message-id=\"9b149096-222c-4804-b25c-623d8d364029\" data-message-model-slug=\"gpt-4o-mini\">\n<div class=\"flex w-full flex-col gap-1 empty:hidden first:pt-[3px]\">\n<div class=\"markdown prose w-full break-words dark:prose-invert dark\">\n<p data-start=\"119\" data-end=\"629\">Aporte un toque de elegancia y calidez a sus mesas con la <strong data-start=\"185\" data-end=\"233\">servilleta Mandarina de 2 capas de 38 x 38 cm por 50 unidades<\/strong>. Dise\u00f1ada tanto para profesionales de la restauraci\u00f3n como para consumidores exigentes, esta servilleta de papel de calidad combina practicidad, comodidad y atractivo est\u00e9tico. Su color <strong data-start=\"419\" data-end=\"432\">mandarina<\/strong> brillante y c\u00e1lido es ideal para alegrar la decoraci\u00f3n de la mesa y crear un ambiente acogedor, ya sea para una comida familiar, una boda, un c\u00f3ctel o un evento festivo.  <\/p>\n<p data-start=\"631\" data-end=\"952\">Gracias a su formato <strong data-start=\"650\" data-end=\"664\">de 38 x 38 cm<\/strong>, ofrece una superficie generosa, perfecta tanto para el almuerzo como para la cena. Su dise\u00f1o <strong data-start=\"788\" data-end=\"798\">de 2 capas<\/strong> garantiza una mayor resistencia y una buena capacidad de absorci\u00f3n, sin dejar de ser suave al tacto. <\/p>\n<p data-start=\"954\" data-end=\"1353\">Envasada <strong data-start=\"971\" data-end=\"984\">en paquetes de 50 unidades<\/strong>, esta <strong>servilleta<\/strong> es una soluci\u00f3n pr\u00e1ctica para mantener existencias que satisfagan las necesidades de restauradores, empresas de catering, organizadores de eventos y particulares que deseen tratar con esmero a sus invitados. Es f\u00e1cil de colocar, tanto en la forma cl\u00e1sica como en pliegues m\u00e1s originales. <\/p>\n<p data-start=\"1355\" data-end=\"1631\">Adem\u00e1s, vers\u00e1til, elegante y funcional, la <strong data-start=\"1398\" data-end=\"1446\">servilleta Mandarin de 2 capas y 38 x 38 cm por 50<\/strong> es una elecci\u00f3n imprescindible. En resumen, refleja la atenci\u00f3n al detalle y ayuda a realzar el sabor y la experiencia visual de cada comida. <\/p>\n<p data-start=\"1355\" data-end=\"1631\">\n<\/div>\n<\/div>\n<\/div>\n<\/div>\n<p><!--more--><\/p>\n<h4>Ventajas :<\/h4>\n<ul>\n<li>Un color brillante y elegante para decoraciones de mesa c\u00e1lidas.<\/li>\n<li>Formato generoso de 38 x 38 cm adecuado para todas las ocasiones.<\/li>\n<li><strong data-start=\"1794\" data-end=\"1815\">2 capas resistentes<\/strong>: suavidad y absorci\u00f3n \u00f3ptima.<\/li>\n<li><strong data-start=\"1853\" data-end=\"1879\">Envasado en paquetes de 50 unidades<\/strong>: pr\u00e1ctico y econ\u00f3mico.<\/li>\n<li>Adecuado tanto para uso profesional como privado<strong data-start=\"1922\" data-end=\"1963\">.<\/strong><\/li>\n<\/ul>\n<p>&nbsp;<\/p>\n<p><!--more--><\/p>\n<h4>Informaci\u00f3n adicional :<\/h4>\n<ul>\n<li><strong>Envase<\/strong>: Paquete de 50<\/li>\n<li><strong>Color<\/strong>: Mandarina<\/li>\n<li><strong>Dimensiones<\/strong>: 38 x 38 cm desplegado<\/li>\n<li><strong>Material<\/strong>: Celulosa<\/li>\n<\/ul>\n<p>&nbsp;<\/p>\n<p><!--more--><\/p>\n<p><a href=\"https:\/\/www.csj-emballages.com\/es\/categorie-produit\/envasado-de-alimentos\/catering-es\/servilletas-manteles-individuales-manteles\/toallas\/toallas-de-2-capas\/\">Ver el resto de nuestra gama de toallas de 2 capas<\/a><\/p>\n","protected":false},"excerpt":{"rendered":"<p>Servilleta mandarina Descubra nuestra servilleta mandarina de 2 capas 38 x 38 cm por 50<\/p>\n","protected":false},"featured_media":241223,"template":"","meta":{"_acf_changed":false},"product_brand":[],"product_cat":[1150,1179,1182,1285,1682],"product_tag":[],"class_list":{"0":"post-17806","1":"product","2":"type-product","3":"status-publish","4":"has-post-thumbnail","6":"product_cat-envasado-de-alimentos","7":"product_cat-catering-es","8":"product_cat-servilletas-manteles-individuales-manteles","9":"product_cat-toallas","10":"product_cat-toallas-de-2-capas","12":"first","13":"outofstock","14":"taxable","15":"shipping-taxable","16":"purchasable","17":"product-type-simple"},"acf":[],"yoast_head":"<!-- This site is optimized with the Yoast SEO Premium plugin v26.6 (Yoast SEO v26.6) - https:\/\/yoast.com\/wordpress\/plugins\/seo\/ -->\n<title>Servilleta de 2 capas Mandarina 38 x 38 cm por 50<\/title>\n<meta name=\"description\" content=\"Aporte elegancia y practicidad a sus comidas con la servilleta Mandarina de 2 capas 38 x 38 cm por 50, ideal para todas sus mesas festivas.\" \/>\n<meta name=\"robots\" content=\"index, follow, max-snippet:-1, max-image-preview:large, max-video-preview:-1\" \/>\n<link rel=\"canonical\" href=\"https:\/\/www.csj-emballages.com\/es\/produit\/50-toallas-de-2-capas-38-x-38-cm-mandarina\/\" \/>\n<meta property=\"og:locale\" content=\"es_ES\" \/>\n<meta property=\"og:type\" content=\"article\" \/>\n<meta property=\"og:title\" content=\"Servilleta de 2 capas Mandarina 38 x 38 cm por 50\" \/>\n<meta property=\"og:description\" content=\"Aporte elegancia y practicidad a sus comidas con la servilleta Mandarina de 2 capas 38 x 38 cm por 50, ideal para todas sus mesas festivas.\" \/>\n<meta property=\"og:url\" content=\"https:\/\/www.csj-emballages.com\/es\/produit\/50-toallas-de-2-capas-38-x-38-cm-mandarina\/\" \/>\n<meta property=\"og:site_name\" content=\"CSJ Emballages\" \/>\n<meta property=\"article:publisher\" content=\"https:\/\/www.facebook.com\/csjemballages\" \/>\n<meta property=\"article:modified_time\" content=\"2026-04-16T00:16:10+00:00\" \/>\n<meta property=\"og:image\" content=\"https:\/\/www.csj-emballages.com\/wp-content\/uploads\/2024\/03\/SR38M.webp\" \/>\n\t<meta property=\"og:image:width\" content=\"800\" \/>\n\t<meta property=\"og:image:height\" content=\"800\" \/>\n\t<meta property=\"og:image:type\" content=\"image\/webp\" \/>\n<meta name=\"twitter:card\" content=\"summary_large_image\" \/>\n<meta name=\"twitter:label1\" content=\"Tiempo de lectura\" \/>\n\t<meta name=\"twitter:data1\" content=\"2 minutos\" \/>\n<script type=\"application\/ld+json\" class=\"yoast-schema-graph\">{\"@context\":\"https:\/\/schema.org\",\"@graph\":[{\"@type\":\"WebPage\",\"@id\":\"https:\/\/www.csj-emballages.com\/es\/produit\/50-toallas-de-2-capas-38-x-38-cm-mandarina\/\",\"url\":\"https:\/\/www.csj-emballages.com\/es\/produit\/50-toallas-de-2-capas-38-x-38-cm-mandarina\/\",\"name\":\"Servilleta de 2 capas Mandarina 38 x 38 cm por 50\",\"isPartOf\":{\"@id\":\"https:\/\/www.csj-emballages.com\/es\/#website\"},\"primaryImageOfPage\":{\"@id\":\"https:\/\/www.csj-emballages.com\/es\/produit\/50-toallas-de-2-capas-38-x-38-cm-mandarina\/#primaryimage\"},\"image\":{\"@id\":\"https:\/\/www.csj-emballages.com\/es\/produit\/50-toallas-de-2-capas-38-x-38-cm-mandarina\/#primaryimage\"},\"thumbnailUrl\":\"https:\/\/www.csj-emballages.com\/wp-content\/uploads\/2024\/03\/SR38M.webp\",\"datePublished\":\"2024-03-01T15:49:00+00:00\",\"dateModified\":\"2026-04-16T00:16:10+00:00\",\"description\":\"Aporte elegancia y practicidad a sus comidas con la servilleta Mandarina de 2 capas 38 x 38 cm por 50, ideal para todas sus mesas festivas.\",\"breadcrumb\":{\"@id\":\"https:\/\/www.csj-emballages.com\/es\/produit\/50-toallas-de-2-capas-38-x-38-cm-mandarina\/#breadcrumb\"},\"inLanguage\":\"es\",\"potentialAction\":[{\"@type\":\"ReadAction\",\"target\":[\"https:\/\/www.csj-emballages.com\/es\/produit\/50-toallas-de-2-capas-38-x-38-cm-mandarina\/\"]}]},{\"@type\":\"ImageObject\",\"inLanguage\":\"es\",\"@id\":\"https:\/\/www.csj-emballages.com\/es\/produit\/50-toallas-de-2-capas-38-x-38-cm-mandarina\/#primaryimage\",\"url\":\"https:\/\/www.csj-emballages.com\/wp-content\/uploads\/2024\/03\/SR38M.webp\",\"contentUrl\":\"https:\/\/www.csj-emballages.com\/wp-content\/uploads\/2024\/03\/SR38M.webp\",\"width\":800,\"height\":800,\"caption\":\"Serviette mandarine\"},{\"@type\":\"BreadcrumbList\",\"@id\":\"https:\/\/www.csj-emballages.com\/es\/produit\/50-toallas-de-2-capas-38-x-38-cm-mandarina\/#breadcrumb\",\"itemListElement\":[{\"@type\":\"ListItem\",\"position\":1,\"name\":\"Accueil\",\"item\":\"https:\/\/www.csj-emballages.com\/es\/universo-del-envasado-alimentario\/\"},{\"@type\":\"ListItem\",\"position\":2,\"name\":\"Tienda\",\"item\":\"https:\/\/www.csj-emballages.com\/tienda\/\"},{\"@type\":\"ListItem\",\"position\":3,\"name\":\"Servilleta de 2 capas Mandarina 38 x 38 cm por 50\"}]},{\"@type\":\"WebSite\",\"@id\":\"https:\/\/www.csj-emballages.com\/es\/#website\",\"url\":\"https:\/\/www.csj-emballages.com\/es\/\",\"name\":\"CSJ Emballages\",\"description\":\"\",\"publisher\":{\"@id\":\"https:\/\/www.csj-emballages.com\/es\/#organization\"},\"potentialAction\":[{\"@type\":\"SearchAction\",\"target\":{\"@type\":\"EntryPoint\",\"urlTemplate\":\"https:\/\/www.csj-emballages.com\/es\/?s={search_term_string}\"},\"query-input\":{\"@type\":\"PropertyValueSpecification\",\"valueRequired\":true,\"valueName\":\"search_term_string\"}}],\"inLanguage\":\"es\"},{\"@type\":\"Organization\",\"@id\":\"https:\/\/www.csj-emballages.com\/es\/#Organization\/\",\"name\":\"CSJ Emballages\",\"url\":\"https:\/\/www.csj-emballages.com\/es\/\",\"logo\":{\"@type\":\"ImageObject\",\"inLanguage\":\"es\",\"@id\":\"https:\/\/www.csj-emballages.com\/es\/#\/schema\/logo\/image\/\",\"url\":\"https:\/\/www.csj-emballages.com\/wp-content\/uploads\/2023\/10\/logo_csj.webp\",\"contentUrl\":\"https:\/\/www.csj-emballages.com\/wp-content\/uploads\/2023\/10\/logo_csj.webp\",\"width\":250,\"height\":95,\"caption\":\"CSJ Emballages\"},\"image\":{\"@id\":\"https:\/\/www.csj-emballages.com\/es\/#\/schema\/logo\/image\/\"},\"sameAs\":[\"https:\/\/www.facebook.com\/csjemballages\"],\"address\":{\"@type\":\"PostalAddress\",\"streetAddress\":\"ZI La Lechere\",\"addressLocality\":\"Patornay\",\"postalCode\":\"39130\",\"addressCountry\":\"FR\"},\"contactPoint\":[{\"@type\":\"ContactPoint\",\"contactType\":\"Service client\",\"telephone\":\"0384254272\",\"email\":\"contact@csj-emballages.com\"}]}]}<\/script>\n<!-- \/ Yoast SEO Premium plugin. -->","yoast_head_json":{"title":"Servilleta de 2 capas Mandarina 38 x 38 cm por 50","description":"Aporte elegancia y practicidad a sus comidas con la servilleta Mandarina de 2 capas 38 x 38 cm por 50, ideal para todas sus mesas festivas.","robots":{"index":"index","follow":"follow","max-snippet":"max-snippet:-1","max-image-preview":"max-image-preview:large","max-video-preview":"max-video-preview:-1"},"canonical":"https:\/\/www.csj-emballages.com\/es\/produit\/50-toallas-de-2-capas-38-x-38-cm-mandarina\/","og_locale":"es_ES","og_type":"article","og_title":"Servilleta de 2 capas Mandarina 38 x 38 cm por 50","og_description":"Aporte elegancia y practicidad a sus comidas con la servilleta Mandarina de 2 capas 38 x 38 cm por 50, ideal para todas sus mesas festivas.","og_url":"https:\/\/www.csj-emballages.com\/es\/produit\/50-toallas-de-2-capas-38-x-38-cm-mandarina\/","og_site_name":"CSJ Emballages","article_publisher":"https:\/\/www.facebook.com\/csjemballages","article_modified_time":"2026-04-16T00:16:10+00:00","og_image":[{"width":800,"height":800,"url":"https:\/\/www.csj-emballages.com\/wp-content\/uploads\/2024\/03\/SR38M.webp","type":"image\/webp"}],"twitter_card":"summary_large_image","twitter_misc":{"Tiempo de lectura":"2 minutos"},"schema":{"@context":"https:\/\/schema.org","@graph":[{"@type":"WebPage","@id":"https:\/\/www.csj-emballages.com\/es\/produit\/50-toallas-de-2-capas-38-x-38-cm-mandarina\/","url":"https:\/\/www.csj-emballages.com\/es\/produit\/50-toallas-de-2-capas-38-x-38-cm-mandarina\/","name":"Servilleta de 2 capas Mandarina 38 x 38 cm por 50","isPartOf":{"@id":"https:\/\/www.csj-emballages.com\/es\/#website"},"primaryImageOfPage":{"@id":"https:\/\/www.csj-emballages.com\/es\/produit\/50-toallas-de-2-capas-38-x-38-cm-mandarina\/#primaryimage"},"image":{"@id":"https:\/\/www.csj-emballages.com\/es\/produit\/50-toallas-de-2-capas-38-x-38-cm-mandarina\/#primaryimage"},"thumbnailUrl":"https:\/\/www.csj-emballages.com\/wp-content\/uploads\/2024\/03\/SR38M.webp","datePublished":"2024-03-01T15:49:00+00:00","dateModified":"2026-04-16T00:16:10+00:00","description":"Aporte elegancia y practicidad a sus comidas con la servilleta Mandarina de 2 capas 38 x 38 cm por 50, ideal para todas sus mesas festivas.","breadcrumb":{"@id":"https:\/\/www.csj-emballages.com\/es\/produit\/50-toallas-de-2-capas-38-x-38-cm-mandarina\/#breadcrumb"},"inLanguage":"es","potentialAction":[{"@type":"ReadAction","target":["https:\/\/www.csj-emballages.com\/es\/produit\/50-toallas-de-2-capas-38-x-38-cm-mandarina\/"]}]},{"@type":"ImageObject","inLanguage":"es","@id":"https:\/\/www.csj-emballages.com\/es\/produit\/50-toallas-de-2-capas-38-x-38-cm-mandarina\/#primaryimage","url":"https:\/\/www.csj-emballages.com\/wp-content\/uploads\/2024\/03\/SR38M.webp","contentUrl":"https:\/\/www.csj-emballages.com\/wp-content\/uploads\/2024\/03\/SR38M.webp","width":800,"height":800,"caption":"Serviette mandarine"},{"@type":"BreadcrumbList","@id":"https:\/\/www.csj-emballages.com\/es\/produit\/50-toallas-de-2-capas-38-x-38-cm-mandarina\/#breadcrumb","itemListElement":[{"@type":"ListItem","position":1,"name":"Accueil","item":"https:\/\/www.csj-emballages.com\/es\/universo-del-envasado-alimentario\/"},{"@type":"ListItem","position":2,"name":"Tienda","item":"https:\/\/www.csj-emballages.com\/tienda\/"},{"@type":"ListItem","position":3,"name":"Servilleta de 2 capas Mandarina 38 x 38 cm por 50"}]},{"@type":"WebSite","@id":"https:\/\/www.csj-emballages.com\/es\/#website","url":"https:\/\/www.csj-emballages.com\/es\/","name":"CSJ Emballages","description":"","publisher":{"@id":"https:\/\/www.csj-emballages.com\/es\/#organization"},"potentialAction":[{"@type":"SearchAction","target":{"@type":"EntryPoint","urlTemplate":"https:\/\/www.csj-emballages.com\/es\/?s={search_term_string}"},"query-input":{"@type":"PropertyValueSpecification","valueRequired":true,"valueName":"search_term_string"}}],"inLanguage":"es"},{"@type":"Organization","@id":"https:\/\/www.csj-emballages.com\/es\/#Organization\/","name":"CSJ Emballages","url":"https:\/\/www.csj-emballages.com\/es\/","logo":{"@type":"ImageObject","inLanguage":"es","@id":"https:\/\/www.csj-emballages.com\/es\/#\/schema\/logo\/image\/","url":"https:\/\/www.csj-emballages.com\/wp-content\/uploads\/2023\/10\/logo_csj.webp","contentUrl":"https:\/\/www.csj-emballages.com\/wp-content\/uploads\/2023\/10\/logo_csj.webp","width":250,"height":95,"caption":"CSJ Emballages"},"image":{"@id":"https:\/\/www.csj-emballages.com\/es\/#\/schema\/logo\/image\/"},"sameAs":["https:\/\/www.facebook.com\/csjemballages"],"address":{"@type":"PostalAddress","streetAddress":"ZI La Lechere","addressLocality":"Patornay","postalCode":"39130","addressCountry":"FR"},"contactPoint":[{"@type":"ContactPoint","contactType":"Service client","telephone":"0384254272","email":"contact@csj-emballages.com"}]}]}},"df_price":2.27,"df_sale_price":"","df_regular_price":2.27,"df_image_link":"https:\/\/www.csj-emballages.com\/wp-content\/uploads\/2024\/03\/SR38M-300x300.webp","tiered_pricing_type":"fixed","tiered_pricing_fixed_rules":[],"tiered_pricing_percentage_rules":[],"tiered_pricing_minimum":1,"tiered_pricing_roles_data":[],"_links":{"self":[{"href":"https:\/\/www.csj-emballages.com\/es\/wp-json\/wp\/v2\/product\/17806","targetHints":{"allow":["GET"]}}],"collection":[{"href":"https:\/\/www.csj-emballages.com\/es\/wp-json\/wp\/v2\/product"}],"about":[{"href":"https:\/\/www.csj-emballages.com\/es\/wp-json\/wp\/v2\/types\/product"}],"wp:featuredmedia":[{"embeddable":true,"href":"https:\/\/www.csj-emballages.com\/es\/wp-json\/wp\/v2\/media\/241223"}],"wp:attachment":[{"href":"https:\/\/www.csj-emballages.com\/es\/wp-json\/wp\/v2\/media?parent=17806"}],"wp:term":[{"taxonomy":"product_brand","embeddable":true,"href":"https:\/\/www.csj-emballages.com\/es\/wp-json\/wp\/v2\/product_brand?post=17806"},{"taxonomy":"product_cat","embeddable":true,"href":"https:\/\/www.csj-emballages.com\/es\/wp-json\/wp\/v2\/product_cat?post=17806"},{"taxonomy":"product_tag","embeddable":true,"href":"https:\/\/www.csj-emballages.com\/es\/wp-json\/wp\/v2\/product_tag?post=17806"}],"curies":[{"name":"wp","href":"https:\/\/api.w.org\/{rel}","templated":true}]}}