{"id":17792,"date":"2024-03-01T16:49:00","date_gmt":"2024-03-01T15:49:00","guid":{"rendered":"https:\/\/u15jnbdpoq.preview.infomaniak.website\/produit\/50-servilletas-de-2-capas-38-x-38-cm-marfil\/"},"modified":"2026-04-22T02:15:32","modified_gmt":"2026-04-22T00:15:32","slug":"50-servilletas-de-2-capas-38-x-38-cm-marfil","status":"publish","type":"product","link":"https:\/\/www.csj-emballages.com\/es\/produit\/50-servilletas-de-2-capas-38-x-38-cm-marfil\/","title":{"rendered":"Servilleta marfil de 2 capas 38 x 38 cm por 50"},"content":{"rendered":"<h2>Servilleta marfil<\/h2>\n<hr>\n<h3><span style=\"font-weight: bold;\">Descubra nuestra servilleta marfil de 2 capas 38 x 38 cm por 50<\/span><\/h3>\n<p><!--more--><\/p>\n<div class=\"flex max-w-full flex-col flex-grow\">\n<div class=\"min-h-8 text-message flex w-full flex-col items-end gap-2 whitespace-normal break-words text-start [.text-message+&amp;]:mt-5\" dir=\"auto\" data-message-author-role=\"assistant\" data-message-id=\"9b149096-222c-4804-b25c-623d8d364029\" data-message-model-slug=\"gpt-4o-mini\">\n<div class=\"flex w-full flex-col gap-1 empty:hidden first:pt-[3px]\">\n<div class=\"markdown prose w-full break-words dark:prose-invert dark\">\n<p data-start=\"128\" data-end=\"505\"><strong data-start=\"132\" data-end=\"178\">Las servilletas marfil de 2 capas de 38 x 38 cm por 50 unidades<\/strong> son imprescindibles para todos los profesionales de la restauraci\u00f3n, pero tambi\u00e9n para los clientes particulares que desean agasajar con estilo. Su generoso formato <strong data-start=\"343\" data-end=\"357\">de 38 x 38 cm<\/strong> hace que sean f\u00e1ciles de doblar y c\u00f3modas de usar, ya sea para una comida de convivencia, un buf\u00e9, una boda o un evento corporativo. <\/p>\n<p data-start=\"507\" data-end=\"949\">Del mismo modo, con su tono <strong data-start=\"524\" data-end=\"534\">marfil<\/strong>, estas <strong>servilletas<\/strong> aportan un toque de suavidad y sofisticaci\u00f3n a sus mesas. M\u00e1s c\u00e1lidas que el blanco cl\u00e1sico, son perfectas para ambientes naturales o campestres. Su <strong data-start=\"788\" data-end=\"806\">calidad de 2 capas<\/strong> es a la vez resistente y c\u00f3moda de usar, para que sus invitados puedan disfrutar de una servilleta absorbente y agradable al tacto.  <\/p>\n<p data-start=\"951\" data-end=\"1269\">Se presentan <strong data-start=\"965\" data-end=\"982\">en lotes de 50<\/strong> unidades, son f\u00e1ciles de almacenar y resultan ideales para restaurantes, empresas de catering, organizadores de eventos y familias que planifican recepciones a gran escala. Son adecuadas tanto para uso diario como ocasional, garantizando siempre una presentaci\u00f3n impecable. <\/p>\n<p data-start=\"1271\" data-end=\"1572\">Adem\u00e1s, estas <strong>servilletas de celulosa<\/strong> ofrecen una soluci\u00f3n <strong data-start=\"1326\" data-end=\"1364\">pr\u00e1ctica, atractiva e higi\u00e9nica<\/strong>, al tiempo que simplifican la organizaci\u00f3n de sus comidas. No es necesario lavarlas, plancharlas ni limpiarlas: basta con colocarlas en las mesas para crear un ambiente agradable en un abrir y cerrar de ojos. <\/p>\n<p data-start=\"1574\" data-end=\"1832\">En resumen, es un producto dise\u00f1ado para mejorar tus momentos de compartir.<\/p>\n<p data-start=\"1574\" data-end=\"1832\">\n<\/div>\n<\/div>\n<\/div>\n<\/div>\n<p><!--more--><\/p>\n<h4>Ventajas :<\/h4>\n<ul>\n<li><strong>Elegancia atemporal:<\/strong> <strong>el marfil<\/strong> aporta un toque de suavidad a sus mesas.<\/li>\n<li><strong>Tama\u00f1o ideal:<\/strong> con sus <strong>38 x 38 cm<\/strong>, estas toallas son ideales para una amplia gama de usos.<\/li>\n<li><strong>Resistencia extra:<\/strong> El dise\u00f1o de 2 capas garantiza resistencia y eficacia para un uso intensivo.<\/li>\n<li><strong>Textura agradable:<\/strong> suaves y absorbentes, ofrecen un confort \u00f3ptimo.<\/li>\n<\/ul>\n<p>&nbsp;<\/p>\n<p><!--more--><\/p>\n<h4>Informaci\u00f3n adicional :<\/h4>\n<ul>\n<li><strong>Envase<\/strong>: Paquete de 50<\/li>\n<li><strong>Color<\/strong>: marfil<\/li>\n<li><strong>Dimensiones<\/strong>: 38 x 38 cm desplegado<\/li>\n<li><strong>Material<\/strong>: Celulosa<\/li>\n<\/ul>\n<p>&nbsp;<\/p>\n<p><!--more--><\/p>\n<p><a href=\"https:\/\/www.csj-emballages.com\/es\/categorie-produit\/envasado-de-alimentos\/catering-es\/servilletas-manteles-individuales-manteles\/toallas\/toallas-de-2-capas\/\">Ver el resto de nuestra gama de toallas de 2 capas<\/a><\/p>\n","protected":false},"excerpt":{"rendered":"<p>Servilleta marfil Descubra nuestra servilleta marfil de 2 capas 38 x 38 cm por 50<\/p>\n","protected":false},"featured_media":241202,"template":"","meta":{"_acf_changed":false},"product_brand":[],"product_cat":[1150,1179,1182,1285,1682],"product_tag":[],"class_list":{"0":"post-17792","1":"product","2":"type-product","3":"status-publish","4":"has-post-thumbnail","6":"product_cat-envasado-de-alimentos","7":"product_cat-catering-es","8":"product_cat-servilletas-manteles-individuales-manteles","9":"product_cat-toallas","10":"product_cat-toallas-de-2-capas","12":"first","13":"instock","14":"taxable","15":"shipping-taxable","16":"purchasable","17":"product-type-simple"},"acf":[],"yoast_head":"<!-- This site is optimized with the Yoast SEO Premium plugin v26.6 (Yoast SEO v26.6) - https:\/\/yoast.com\/wordpress\/plugins\/seo\/ -->\n<title>Servilleta marfil de 2 capas 38 x 38 cm por 50<\/title>\n<meta name=\"description\" content=\"Servilletas marfil de 2 capas 38 x 38 cm por 50: elegantes, pr\u00e1cticas y absorbentes, ideales para catering, restaurantes y actos privados.\" \/>\n<meta name=\"robots\" content=\"index, follow, max-snippet:-1, max-image-preview:large, max-video-preview:-1\" \/>\n<link rel=\"canonical\" href=\"https:\/\/www.csj-emballages.com\/es\/produit\/50-servilletas-de-2-capas-38-x-38-cm-marfil\/\" \/>\n<meta property=\"og:locale\" content=\"es_ES\" \/>\n<meta property=\"og:type\" content=\"article\" \/>\n<meta property=\"og:title\" content=\"Servilleta marfil de 2 capas 38 x 38 cm por 50\" \/>\n<meta property=\"og:description\" content=\"Servilletas marfil de 2 capas 38 x 38 cm por 50: elegantes, pr\u00e1cticas y absorbentes, ideales para catering, restaurantes y actos privados.\" \/>\n<meta property=\"og:url\" content=\"https:\/\/www.csj-emballages.com\/es\/produit\/50-servilletas-de-2-capas-38-x-38-cm-marfil\/\" \/>\n<meta property=\"og:site_name\" content=\"CSJ Emballages\" \/>\n<meta property=\"article:publisher\" content=\"https:\/\/www.facebook.com\/csjemballages\" \/>\n<meta property=\"article:modified_time\" content=\"2026-04-22T00:15:32+00:00\" \/>\n<meta property=\"og:image\" content=\"https:\/\/www.csj-emballages.com\/wp-content\/uploads\/2024\/03\/SR38IVO.webp\" \/>\n\t<meta property=\"og:image:width\" content=\"800\" \/>\n\t<meta property=\"og:image:height\" content=\"800\" \/>\n\t<meta property=\"og:image:type\" content=\"image\/webp\" \/>\n<meta name=\"twitter:card\" content=\"summary_large_image\" \/>\n<meta name=\"twitter:label1\" content=\"Tiempo de lectura\" \/>\n\t<meta name=\"twitter:data1\" content=\"2 minutos\" \/>\n<script type=\"application\/ld+json\" class=\"yoast-schema-graph\">{\"@context\":\"https:\/\/schema.org\",\"@graph\":[{\"@type\":\"WebPage\",\"@id\":\"https:\/\/www.csj-emballages.com\/es\/produit\/50-servilletas-de-2-capas-38-x-38-cm-marfil\/\",\"url\":\"https:\/\/www.csj-emballages.com\/es\/produit\/50-servilletas-de-2-capas-38-x-38-cm-marfil\/\",\"name\":\"Servilleta marfil de 2 capas 38 x 38 cm por 50\",\"isPartOf\":{\"@id\":\"https:\/\/www.csj-emballages.com\/es\/#website\"},\"primaryImageOfPage\":{\"@id\":\"https:\/\/www.csj-emballages.com\/es\/produit\/50-servilletas-de-2-capas-38-x-38-cm-marfil\/#primaryimage\"},\"image\":{\"@id\":\"https:\/\/www.csj-emballages.com\/es\/produit\/50-servilletas-de-2-capas-38-x-38-cm-marfil\/#primaryimage\"},\"thumbnailUrl\":\"https:\/\/www.csj-emballages.com\/wp-content\/uploads\/2024\/03\/SR38IVO.webp\",\"datePublished\":\"2024-03-01T15:49:00+00:00\",\"dateModified\":\"2026-04-22T00:15:32+00:00\",\"description\":\"Servilletas marfil de 2 capas 38 x 38 cm por 50: elegantes, pr\u00e1cticas y absorbentes, ideales para catering, restaurantes y actos privados.\",\"breadcrumb\":{\"@id\":\"https:\/\/www.csj-emballages.com\/es\/produit\/50-servilletas-de-2-capas-38-x-38-cm-marfil\/#breadcrumb\"},\"inLanguage\":\"es\",\"potentialAction\":[{\"@type\":\"ReadAction\",\"target\":[\"https:\/\/www.csj-emballages.com\/es\/produit\/50-servilletas-de-2-capas-38-x-38-cm-marfil\/\"]}]},{\"@type\":\"ImageObject\",\"inLanguage\":\"es\",\"@id\":\"https:\/\/www.csj-emballages.com\/es\/produit\/50-servilletas-de-2-capas-38-x-38-cm-marfil\/#primaryimage\",\"url\":\"https:\/\/www.csj-emballages.com\/wp-content\/uploads\/2024\/03\/SR38IVO.webp\",\"contentUrl\":\"https:\/\/www.csj-emballages.com\/wp-content\/uploads\/2024\/03\/SR38IVO.webp\",\"width\":800,\"height\":800,\"caption\":\"Serviette ivoire\"},{\"@type\":\"BreadcrumbList\",\"@id\":\"https:\/\/www.csj-emballages.com\/es\/produit\/50-servilletas-de-2-capas-38-x-38-cm-marfil\/#breadcrumb\",\"itemListElement\":[{\"@type\":\"ListItem\",\"position\":1,\"name\":\"Accueil\",\"item\":\"https:\/\/www.csj-emballages.com\/es\/universo-del-envasado-alimentario\/\"},{\"@type\":\"ListItem\",\"position\":2,\"name\":\"Tienda\",\"item\":\"https:\/\/www.csj-emballages.com\/tienda\/\"},{\"@type\":\"ListItem\",\"position\":3,\"name\":\"Servilleta marfil de 2 capas 38 x 38 cm por 50\"}]},{\"@type\":\"WebSite\",\"@id\":\"https:\/\/www.csj-emballages.com\/es\/#website\",\"url\":\"https:\/\/www.csj-emballages.com\/es\/\",\"name\":\"CSJ Emballages\",\"description\":\"\",\"publisher\":{\"@id\":\"https:\/\/www.csj-emballages.com\/es\/#organization\"},\"potentialAction\":[{\"@type\":\"SearchAction\",\"target\":{\"@type\":\"EntryPoint\",\"urlTemplate\":\"https:\/\/www.csj-emballages.com\/es\/?s={search_term_string}\"},\"query-input\":{\"@type\":\"PropertyValueSpecification\",\"valueRequired\":true,\"valueName\":\"search_term_string\"}}],\"inLanguage\":\"es\"},{\"@type\":\"Organization\",\"@id\":\"https:\/\/www.csj-emballages.com\/es\/#Organization\/\",\"name\":\"CSJ Emballages\",\"url\":\"https:\/\/www.csj-emballages.com\/es\/\",\"logo\":{\"@type\":\"ImageObject\",\"inLanguage\":\"es\",\"@id\":\"https:\/\/www.csj-emballages.com\/es\/#\/schema\/logo\/image\/\",\"url\":\"https:\/\/www.csj-emballages.com\/wp-content\/uploads\/2023\/10\/logo_csj.webp\",\"contentUrl\":\"https:\/\/www.csj-emballages.com\/wp-content\/uploads\/2023\/10\/logo_csj.webp\",\"width\":250,\"height\":95,\"caption\":\"CSJ Emballages\"},\"image\":{\"@id\":\"https:\/\/www.csj-emballages.com\/es\/#\/schema\/logo\/image\/\"},\"sameAs\":[\"https:\/\/www.facebook.com\/csjemballages\"],\"address\":{\"@type\":\"PostalAddress\",\"streetAddress\":\"ZI La Lechere\",\"addressLocality\":\"Patornay\",\"postalCode\":\"39130\",\"addressCountry\":\"FR\"},\"contactPoint\":[{\"@type\":\"ContactPoint\",\"contactType\":\"Service client\",\"telephone\":\"0384254272\",\"email\":\"contact@csj-emballages.com\"}]}]}<\/script>\n<!-- \/ Yoast SEO Premium plugin. -->","yoast_head_json":{"title":"Servilleta marfil de 2 capas 38 x 38 cm por 50","description":"Servilletas marfil de 2 capas 38 x 38 cm por 50: elegantes, pr\u00e1cticas y absorbentes, ideales para catering, restaurantes y actos privados.","robots":{"index":"index","follow":"follow","max-snippet":"max-snippet:-1","max-image-preview":"max-image-preview:large","max-video-preview":"max-video-preview:-1"},"canonical":"https:\/\/www.csj-emballages.com\/es\/produit\/50-servilletas-de-2-capas-38-x-38-cm-marfil\/","og_locale":"es_ES","og_type":"article","og_title":"Servilleta marfil de 2 capas 38 x 38 cm por 50","og_description":"Servilletas marfil de 2 capas 38 x 38 cm por 50: elegantes, pr\u00e1cticas y absorbentes, ideales para catering, restaurantes y actos privados.","og_url":"https:\/\/www.csj-emballages.com\/es\/produit\/50-servilletas-de-2-capas-38-x-38-cm-marfil\/","og_site_name":"CSJ Emballages","article_publisher":"https:\/\/www.facebook.com\/csjemballages","article_modified_time":"2026-04-22T00:15:32+00:00","og_image":[{"width":800,"height":800,"url":"https:\/\/www.csj-emballages.com\/wp-content\/uploads\/2024\/03\/SR38IVO.webp","type":"image\/webp"}],"twitter_card":"summary_large_image","twitter_misc":{"Tiempo de lectura":"2 minutos"},"schema":{"@context":"https:\/\/schema.org","@graph":[{"@type":"WebPage","@id":"https:\/\/www.csj-emballages.com\/es\/produit\/50-servilletas-de-2-capas-38-x-38-cm-marfil\/","url":"https:\/\/www.csj-emballages.com\/es\/produit\/50-servilletas-de-2-capas-38-x-38-cm-marfil\/","name":"Servilleta marfil de 2 capas 38 x 38 cm por 50","isPartOf":{"@id":"https:\/\/www.csj-emballages.com\/es\/#website"},"primaryImageOfPage":{"@id":"https:\/\/www.csj-emballages.com\/es\/produit\/50-servilletas-de-2-capas-38-x-38-cm-marfil\/#primaryimage"},"image":{"@id":"https:\/\/www.csj-emballages.com\/es\/produit\/50-servilletas-de-2-capas-38-x-38-cm-marfil\/#primaryimage"},"thumbnailUrl":"https:\/\/www.csj-emballages.com\/wp-content\/uploads\/2024\/03\/SR38IVO.webp","datePublished":"2024-03-01T15:49:00+00:00","dateModified":"2026-04-22T00:15:32+00:00","description":"Servilletas marfil de 2 capas 38 x 38 cm por 50: elegantes, pr\u00e1cticas y absorbentes, ideales para catering, restaurantes y actos privados.","breadcrumb":{"@id":"https:\/\/www.csj-emballages.com\/es\/produit\/50-servilletas-de-2-capas-38-x-38-cm-marfil\/#breadcrumb"},"inLanguage":"es","potentialAction":[{"@type":"ReadAction","target":["https:\/\/www.csj-emballages.com\/es\/produit\/50-servilletas-de-2-capas-38-x-38-cm-marfil\/"]}]},{"@type":"ImageObject","inLanguage":"es","@id":"https:\/\/www.csj-emballages.com\/es\/produit\/50-servilletas-de-2-capas-38-x-38-cm-marfil\/#primaryimage","url":"https:\/\/www.csj-emballages.com\/wp-content\/uploads\/2024\/03\/SR38IVO.webp","contentUrl":"https:\/\/www.csj-emballages.com\/wp-content\/uploads\/2024\/03\/SR38IVO.webp","width":800,"height":800,"caption":"Serviette ivoire"},{"@type":"BreadcrumbList","@id":"https:\/\/www.csj-emballages.com\/es\/produit\/50-servilletas-de-2-capas-38-x-38-cm-marfil\/#breadcrumb","itemListElement":[{"@type":"ListItem","position":1,"name":"Accueil","item":"https:\/\/www.csj-emballages.com\/es\/universo-del-envasado-alimentario\/"},{"@type":"ListItem","position":2,"name":"Tienda","item":"https:\/\/www.csj-emballages.com\/tienda\/"},{"@type":"ListItem","position":3,"name":"Servilleta marfil de 2 capas 38 x 38 cm por 50"}]},{"@type":"WebSite","@id":"https:\/\/www.csj-emballages.com\/es\/#website","url":"https:\/\/www.csj-emballages.com\/es\/","name":"CSJ Emballages","description":"","publisher":{"@id":"https:\/\/www.csj-emballages.com\/es\/#organization"},"potentialAction":[{"@type":"SearchAction","target":{"@type":"EntryPoint","urlTemplate":"https:\/\/www.csj-emballages.com\/es\/?s={search_term_string}"},"query-input":{"@type":"PropertyValueSpecification","valueRequired":true,"valueName":"search_term_string"}}],"inLanguage":"es"},{"@type":"Organization","@id":"https:\/\/www.csj-emballages.com\/es\/#Organization\/","name":"CSJ Emballages","url":"https:\/\/www.csj-emballages.com\/es\/","logo":{"@type":"ImageObject","inLanguage":"es","@id":"https:\/\/www.csj-emballages.com\/es\/#\/schema\/logo\/image\/","url":"https:\/\/www.csj-emballages.com\/wp-content\/uploads\/2023\/10\/logo_csj.webp","contentUrl":"https:\/\/www.csj-emballages.com\/wp-content\/uploads\/2023\/10\/logo_csj.webp","width":250,"height":95,"caption":"CSJ Emballages"},"image":{"@id":"https:\/\/www.csj-emballages.com\/es\/#\/schema\/logo\/image\/"},"sameAs":["https:\/\/www.facebook.com\/csjemballages"],"address":{"@type":"PostalAddress","streetAddress":"ZI La Lechere","addressLocality":"Patornay","postalCode":"39130","addressCountry":"FR"},"contactPoint":[{"@type":"ContactPoint","contactType":"Service client","telephone":"0384254272","email":"contact@csj-emballages.com"}]}]}},"df_price":1.98,"df_sale_price":"","df_regular_price":1.98,"df_image_link":"https:\/\/www.csj-emballages.com\/wp-content\/uploads\/2024\/03\/SR38IVO-300x300.webp","tiered_pricing_type":"fixed","tiered_pricing_fixed_rules":[],"tiered_pricing_percentage_rules":[],"tiered_pricing_minimum":1,"tiered_pricing_roles_data":[],"_links":{"self":[{"href":"https:\/\/www.csj-emballages.com\/es\/wp-json\/wp\/v2\/product\/17792","targetHints":{"allow":["GET"]}}],"collection":[{"href":"https:\/\/www.csj-emballages.com\/es\/wp-json\/wp\/v2\/product"}],"about":[{"href":"https:\/\/www.csj-emballages.com\/es\/wp-json\/wp\/v2\/types\/product"}],"wp:featuredmedia":[{"embeddable":true,"href":"https:\/\/www.csj-emballages.com\/es\/wp-json\/wp\/v2\/media\/241202"}],"wp:attachment":[{"href":"https:\/\/www.csj-emballages.com\/es\/wp-json\/wp\/v2\/media?parent=17792"}],"wp:term":[{"taxonomy":"product_brand","embeddable":true,"href":"https:\/\/www.csj-emballages.com\/es\/wp-json\/wp\/v2\/product_brand?post=17792"},{"taxonomy":"product_cat","embeddable":true,"href":"https:\/\/www.csj-emballages.com\/es\/wp-json\/wp\/v2\/product_cat?post=17792"},{"taxonomy":"product_tag","embeddable":true,"href":"https:\/\/www.csj-emballages.com\/es\/wp-json\/wp\/v2\/product_tag?post=17792"}],"curies":[{"name":"wp","href":"https:\/\/api.w.org\/{rel}","templated":true}]}}