{"id":17782,"date":"2024-03-01T16:49:00","date_gmt":"2024-03-01T15:49:00","guid":{"rendered":"https:\/\/u15jnbdpoq.preview.infomaniak.website\/produit\/50-servilletas-amarillas-de-2-capas-38-x-38-cm\/"},"modified":"2026-04-28T02:19:29","modified_gmt":"2026-04-28T00:19:29","slug":"50-servilletas-amarillas-de-2-capas-38-x-38-cm","status":"publish","type":"product","link":"https:\/\/www.csj-emballages.com\/es\/produit\/50-servilletas-amarillas-de-2-capas-38-x-38-cm\/","title":{"rendered":"Toalla amarilla de 2 capas 38 x 38 cm por 50"},"content":{"rendered":"<h2>Toalla amarilla<\/h2>\n<hr>\n<h3><span style=\"font-weight: bold;\">Descubra nuestra servilleta amarilla de 2 capas 38 x 38 cm por 50<\/span><\/h3>\n<p><!--more--><\/p>\n<div class=\"flex max-w-full flex-col flex-grow\">\n<div class=\"min-h-8 text-message flex w-full flex-col items-end gap-2 whitespace-normal break-words text-start [.text-message+&amp;]:mt-5\" dir=\"auto\" data-message-author-role=\"assistant\" data-message-id=\"9b149096-222c-4804-b25c-623d8d364029\" data-message-model-slug=\"gpt-4o-mini\">\n<div class=\"flex w-full flex-col gap-1 empty:hidden first:pt-[3px]\">\n<div class=\"markdown prose w-full break-words dark:prose-invert dark\">\n<p data-start=\"151\" data-end=\"619\">Aporte un toque de calidez y elegancia a sus mesas con la <strong data-start=\"217\" data-end=\"261\">servilleta amarilla de 2 capas 38 x 38 cm por 50 unidades<\/strong>. Ya sea para una comida en casa, un evento festivo o un servicio de catering, esta servilleta desechable combina funcionalidad y est\u00e9tica. Su color <strong>amarillo brillante<\/strong> es inmediatamente alegre y crea un ambiente acogedor, ideal para buffets, bodas, cumplea\u00f1os, recepciones o simples comidas cotidianas.  <\/p>\n<p data-start=\"621\" data-end=\"1054\">Fabricadas con <strong data-start=\"635\" data-end=\"652\">papel de 2 capas<\/strong>, estas servilletas ofrecen una excelente resistencia sin dejar de ser suaves al tacto. Su grosor garantiza una buena capacidad de absorci\u00f3n, por lo que son adecuadas tanto para uso privado como profesional en el sector de la restauraci\u00f3n y los eventos. Su generoso formato <strong data-start=\"957\" data-end=\"971\">de 38 x 38 cm<\/strong> permite doblarlas de forma ordenada, ideal para realzar sus presentaciones en la mesa.  <\/p>\n<p data-start=\"1056\" data-end=\"1355\">Presentadas en pr\u00e1cticos paquetes de <strong data-start=\"1089\" data-end=\"1106\">50 servilletas<\/strong>, son una soluci\u00f3n econ\u00f3mica adaptada a las necesidades de los profesionales. Desechables e higi\u00e9nicas, simplifican el servicio y la limpieza al tiempo que garantizan una presentaci\u00f3n impecable. <\/p>\n<p data-start=\"1357\" data-end=\"1623\">Optar por estas servilletas de papel significa elegir el equilibrio perfecto entre elegancia, practicidad y eficacia. F\u00e1ciles de combinar con otros colores de vajilla o decoraci\u00f3n, le permiten personalizar sus mesas seg\u00fan el ambiente que busque. <\/p>\n<p data-start=\"1625\" data-end=\"1831\">En resumen, la <strong>servilleta amarilla de 2 capas 38 x 38 cm por 50<\/strong> es imprescindible para todas las ocasiones. Realza sus comidas, facilita el servicio y proporciona comodidad a sus invitados. <\/p>\n<\/div>\n<p data-start=\"1625\" data-end=\"1831\">\n<\/div>\n<\/div>\n<\/div>\n<p><!--more--><\/p>\n<h4>Ventajas :<\/h4>\n<ul>\n<li><strong>Elegancia atemporal:<\/strong> el color <strong>amarillo<\/strong> aporta un toque alegre a sus mesas.<\/li>\n<li><strong>Tama\u00f1o ideal:<\/strong> con sus <strong>38 x 38 cm<\/strong>, estas toallas son ideales para una amplia gama de usos.<\/li>\n<li><strong>Resistencia extra:<\/strong> El dise\u00f1o de 2 capas garantiza resistencia y eficacia para un uso intensivo.<\/li>\n<li><strong>Textura agradable:<\/strong> suaves y absorbentes, ofrecen un confort \u00f3ptimo.<\/li>\n<\/ul>\n<p>&nbsp;<\/p>\n<p><!--more--><\/p>\n<h4>Informaci\u00f3n adicional :<\/h4>\n<ul>\n<li><strong>Envase<\/strong>: Paquete de 50<\/li>\n<li><strong>Color<\/strong>: Amarillo<\/li>\n<li><strong>Dimensiones<\/strong>: 38 x 38 cm desplegado<\/li>\n<li><strong>Material<\/strong>: Celulosa<\/li>\n<\/ul>\n<p>&nbsp;<\/p>\n<p><!--more--><\/p>\n<p><a href=\"https:\/\/www.csj-emballages.com\/es\/categorie-produit\/envasado-de-alimentos\/catering-es\/servilletas-manteles-individuales-manteles\/toallas\/toallas-de-2-capas\/\">Ver el resto de nuestra gama de toallas de 2 capas<\/a><\/p>\n","protected":false},"excerpt":{"rendered":"<p>Toalla amarilla Descubra nuestra servilleta amarilla de 2 capas 38 x 38 cm por 50<\/p>\n","protected":false},"featured_media":241209,"template":"","meta":{"_acf_changed":false},"product_brand":[],"product_cat":[1150,1179,1182,1285,1682],"product_tag":[],"class_list":{"0":"post-17782","1":"product","2":"type-product","3":"status-publish","4":"has-post-thumbnail","6":"product_cat-envasado-de-alimentos","7":"product_cat-catering-es","8":"product_cat-servilletas-manteles-individuales-manteles","9":"product_cat-toallas","10":"product_cat-toallas-de-2-capas","12":"first","13":"instock","14":"taxable","15":"shipping-taxable","16":"purchasable","17":"product-type-simple"},"acf":[],"yoast_head":"<!-- This site is optimized with the Yoast SEO Premium plugin v26.6 (Yoast SEO v26.6) - https:\/\/yoast.com\/wordpress\/plugins\/seo\/ -->\n<title>Servilleta amarilla de 2 capas 38 x 38 cm por 50<\/title>\n<meta name=\"description\" content=\"A\u00f1ada un toque de color a sus comidas con la servilleta amarilla de 2 capas 38 x 38 cm por 50 unidades. Pr\u00e1ctica, absorbente y elegante, ideal para todas las ocasiones.\" \/>\n<meta name=\"robots\" content=\"index, follow, max-snippet:-1, max-image-preview:large, max-video-preview:-1\" \/>\n<link rel=\"canonical\" href=\"https:\/\/www.csj-emballages.com\/es\/produit\/50-servilletas-amarillas-de-2-capas-38-x-38-cm\/\" \/>\n<meta property=\"og:locale\" content=\"es_ES\" \/>\n<meta property=\"og:type\" content=\"article\" \/>\n<meta property=\"og:title\" content=\"Toalla amarilla de 2 capas 38 x 38 cm por 50\" \/>\n<meta property=\"og:description\" content=\"A\u00f1ada un toque de color a sus comidas con la servilleta amarilla de 2 capas 38 x 38 cm por 50 unidades. Pr\u00e1ctica, absorbente y elegante, ideal para todas las ocasiones.\" \/>\n<meta property=\"og:url\" content=\"https:\/\/www.csj-emballages.com\/es\/produit\/50-servilletas-amarillas-de-2-capas-38-x-38-cm\/\" \/>\n<meta property=\"og:site_name\" content=\"CSJ Emballages\" \/>\n<meta property=\"article:publisher\" content=\"https:\/\/www.facebook.com\/csjemballages\" \/>\n<meta property=\"article:modified_time\" content=\"2026-04-28T00:19:29+00:00\" \/>\n<meta property=\"og:image\" content=\"https:\/\/www.csj-emballages.com\/wp-content\/uploads\/2024\/03\/SR38JV.webp\" \/>\n\t<meta property=\"og:image:width\" content=\"800\" \/>\n\t<meta property=\"og:image:height\" content=\"800\" \/>\n\t<meta property=\"og:image:type\" content=\"image\/webp\" \/>\n<meta name=\"twitter:card\" content=\"summary_large_image\" \/>\n<meta name=\"twitter:label1\" content=\"Tiempo de lectura\" \/>\n\t<meta name=\"twitter:data1\" content=\"2 minutos\" \/>\n<script type=\"application\/ld+json\" class=\"yoast-schema-graph\">{\"@context\":\"https:\/\/schema.org\",\"@graph\":[{\"@type\":\"WebPage\",\"@id\":\"https:\/\/www.csj-emballages.com\/es\/produit\/50-servilletas-amarillas-de-2-capas-38-x-38-cm\/\",\"url\":\"https:\/\/www.csj-emballages.com\/es\/produit\/50-servilletas-amarillas-de-2-capas-38-x-38-cm\/\",\"name\":\"Servilleta amarilla de 2 capas 38 x 38 cm por 50\",\"isPartOf\":{\"@id\":\"https:\/\/www.csj-emballages.com\/es\/#website\"},\"primaryImageOfPage\":{\"@id\":\"https:\/\/www.csj-emballages.com\/es\/produit\/50-servilletas-amarillas-de-2-capas-38-x-38-cm\/#primaryimage\"},\"image\":{\"@id\":\"https:\/\/www.csj-emballages.com\/es\/produit\/50-servilletas-amarillas-de-2-capas-38-x-38-cm\/#primaryimage\"},\"thumbnailUrl\":\"https:\/\/www.csj-emballages.com\/wp-content\/uploads\/2024\/03\/SR38JV.webp\",\"datePublished\":\"2024-03-01T15:49:00+00:00\",\"dateModified\":\"2026-04-28T00:19:29+00:00\",\"description\":\"A\u00f1ada un toque de color a sus comidas con la servilleta amarilla de 2 capas 38 x 38 cm por 50 unidades. Pr\u00e1ctica, absorbente y elegante, ideal para todas las ocasiones.\",\"breadcrumb\":{\"@id\":\"https:\/\/www.csj-emballages.com\/es\/produit\/50-servilletas-amarillas-de-2-capas-38-x-38-cm\/#breadcrumb\"},\"inLanguage\":\"es\",\"potentialAction\":[{\"@type\":\"ReadAction\",\"target\":[\"https:\/\/www.csj-emballages.com\/es\/produit\/50-servilletas-amarillas-de-2-capas-38-x-38-cm\/\"]}]},{\"@type\":\"ImageObject\",\"inLanguage\":\"es\",\"@id\":\"https:\/\/www.csj-emballages.com\/es\/produit\/50-servilletas-amarillas-de-2-capas-38-x-38-cm\/#primaryimage\",\"url\":\"https:\/\/www.csj-emballages.com\/wp-content\/uploads\/2024\/03\/SR38JV.webp\",\"contentUrl\":\"https:\/\/www.csj-emballages.com\/wp-content\/uploads\/2024\/03\/SR38JV.webp\",\"width\":800,\"height\":800,\"caption\":\"Serviette jaune\"},{\"@type\":\"BreadcrumbList\",\"@id\":\"https:\/\/www.csj-emballages.com\/es\/produit\/50-servilletas-amarillas-de-2-capas-38-x-38-cm\/#breadcrumb\",\"itemListElement\":[{\"@type\":\"ListItem\",\"position\":1,\"name\":\"Accueil\",\"item\":\"https:\/\/www.csj-emballages.com\/es\/universo-del-envasado-alimentario\/\"},{\"@type\":\"ListItem\",\"position\":2,\"name\":\"Tienda\",\"item\":\"https:\/\/www.csj-emballages.com\/tienda\/\"},{\"@type\":\"ListItem\",\"position\":3,\"name\":\"Toalla amarilla de 2 capas 38 x 38 cm por 50\"}]},{\"@type\":\"WebSite\",\"@id\":\"https:\/\/www.csj-emballages.com\/es\/#website\",\"url\":\"https:\/\/www.csj-emballages.com\/es\/\",\"name\":\"CSJ Emballages\",\"description\":\"\",\"publisher\":{\"@id\":\"https:\/\/www.csj-emballages.com\/es\/#organization\"},\"potentialAction\":[{\"@type\":\"SearchAction\",\"target\":{\"@type\":\"EntryPoint\",\"urlTemplate\":\"https:\/\/www.csj-emballages.com\/es\/?s={search_term_string}\"},\"query-input\":{\"@type\":\"PropertyValueSpecification\",\"valueRequired\":true,\"valueName\":\"search_term_string\"}}],\"inLanguage\":\"es\"},{\"@type\":\"Organization\",\"@id\":\"https:\/\/www.csj-emballages.com\/es\/#Organization\/\",\"name\":\"CSJ Emballages\",\"url\":\"https:\/\/www.csj-emballages.com\/es\/\",\"logo\":{\"@type\":\"ImageObject\",\"inLanguage\":\"es\",\"@id\":\"https:\/\/www.csj-emballages.com\/es\/#\/schema\/logo\/image\/\",\"url\":\"https:\/\/www.csj-emballages.com\/wp-content\/uploads\/2023\/10\/logo_csj.webp\",\"contentUrl\":\"https:\/\/www.csj-emballages.com\/wp-content\/uploads\/2023\/10\/logo_csj.webp\",\"width\":250,\"height\":95,\"caption\":\"CSJ Emballages\"},\"image\":{\"@id\":\"https:\/\/www.csj-emballages.com\/es\/#\/schema\/logo\/image\/\"},\"sameAs\":[\"https:\/\/www.facebook.com\/csjemballages\"],\"address\":{\"@type\":\"PostalAddress\",\"streetAddress\":\"ZI La Lechere\",\"addressLocality\":\"Patornay\",\"postalCode\":\"39130\",\"addressCountry\":\"FR\"},\"contactPoint\":[{\"@type\":\"ContactPoint\",\"contactType\":\"Service client\",\"telephone\":\"0384254272\",\"email\":\"contact@csj-emballages.com\"}]}]}<\/script>\n<!-- \/ Yoast SEO Premium plugin. -->","yoast_head_json":{"title":"Servilleta amarilla de 2 capas 38 x 38 cm por 50","description":"A\u00f1ada un toque de color a sus comidas con la servilleta amarilla de 2 capas 38 x 38 cm por 50 unidades. Pr\u00e1ctica, absorbente y elegante, ideal para todas las ocasiones.","robots":{"index":"index","follow":"follow","max-snippet":"max-snippet:-1","max-image-preview":"max-image-preview:large","max-video-preview":"max-video-preview:-1"},"canonical":"https:\/\/www.csj-emballages.com\/es\/produit\/50-servilletas-amarillas-de-2-capas-38-x-38-cm\/","og_locale":"es_ES","og_type":"article","og_title":"Toalla amarilla de 2 capas 38 x 38 cm por 50","og_description":"A\u00f1ada un toque de color a sus comidas con la servilleta amarilla de 2 capas 38 x 38 cm por 50 unidades. Pr\u00e1ctica, absorbente y elegante, ideal para todas las ocasiones.","og_url":"https:\/\/www.csj-emballages.com\/es\/produit\/50-servilletas-amarillas-de-2-capas-38-x-38-cm\/","og_site_name":"CSJ Emballages","article_publisher":"https:\/\/www.facebook.com\/csjemballages","article_modified_time":"2026-04-28T00:19:29+00:00","og_image":[{"width":800,"height":800,"url":"https:\/\/www.csj-emballages.com\/wp-content\/uploads\/2024\/03\/SR38JV.webp","type":"image\/webp"}],"twitter_card":"summary_large_image","twitter_misc":{"Tiempo de lectura":"2 minutos"},"schema":{"@context":"https:\/\/schema.org","@graph":[{"@type":"WebPage","@id":"https:\/\/www.csj-emballages.com\/es\/produit\/50-servilletas-amarillas-de-2-capas-38-x-38-cm\/","url":"https:\/\/www.csj-emballages.com\/es\/produit\/50-servilletas-amarillas-de-2-capas-38-x-38-cm\/","name":"Servilleta amarilla de 2 capas 38 x 38 cm por 50","isPartOf":{"@id":"https:\/\/www.csj-emballages.com\/es\/#website"},"primaryImageOfPage":{"@id":"https:\/\/www.csj-emballages.com\/es\/produit\/50-servilletas-amarillas-de-2-capas-38-x-38-cm\/#primaryimage"},"image":{"@id":"https:\/\/www.csj-emballages.com\/es\/produit\/50-servilletas-amarillas-de-2-capas-38-x-38-cm\/#primaryimage"},"thumbnailUrl":"https:\/\/www.csj-emballages.com\/wp-content\/uploads\/2024\/03\/SR38JV.webp","datePublished":"2024-03-01T15:49:00+00:00","dateModified":"2026-04-28T00:19:29+00:00","description":"A\u00f1ada un toque de color a sus comidas con la servilleta amarilla de 2 capas 38 x 38 cm por 50 unidades. Pr\u00e1ctica, absorbente y elegante, ideal para todas las ocasiones.","breadcrumb":{"@id":"https:\/\/www.csj-emballages.com\/es\/produit\/50-servilletas-amarillas-de-2-capas-38-x-38-cm\/#breadcrumb"},"inLanguage":"es","potentialAction":[{"@type":"ReadAction","target":["https:\/\/www.csj-emballages.com\/es\/produit\/50-servilletas-amarillas-de-2-capas-38-x-38-cm\/"]}]},{"@type":"ImageObject","inLanguage":"es","@id":"https:\/\/www.csj-emballages.com\/es\/produit\/50-servilletas-amarillas-de-2-capas-38-x-38-cm\/#primaryimage","url":"https:\/\/www.csj-emballages.com\/wp-content\/uploads\/2024\/03\/SR38JV.webp","contentUrl":"https:\/\/www.csj-emballages.com\/wp-content\/uploads\/2024\/03\/SR38JV.webp","width":800,"height":800,"caption":"Serviette jaune"},{"@type":"BreadcrumbList","@id":"https:\/\/www.csj-emballages.com\/es\/produit\/50-servilletas-amarillas-de-2-capas-38-x-38-cm\/#breadcrumb","itemListElement":[{"@type":"ListItem","position":1,"name":"Accueil","item":"https:\/\/www.csj-emballages.com\/es\/universo-del-envasado-alimentario\/"},{"@type":"ListItem","position":2,"name":"Tienda","item":"https:\/\/www.csj-emballages.com\/tienda\/"},{"@type":"ListItem","position":3,"name":"Toalla amarilla de 2 capas 38 x 38 cm por 50"}]},{"@type":"WebSite","@id":"https:\/\/www.csj-emballages.com\/es\/#website","url":"https:\/\/www.csj-emballages.com\/es\/","name":"CSJ Emballages","description":"","publisher":{"@id":"https:\/\/www.csj-emballages.com\/es\/#organization"},"potentialAction":[{"@type":"SearchAction","target":{"@type":"EntryPoint","urlTemplate":"https:\/\/www.csj-emballages.com\/es\/?s={search_term_string}"},"query-input":{"@type":"PropertyValueSpecification","valueRequired":true,"valueName":"search_term_string"}}],"inLanguage":"es"},{"@type":"Organization","@id":"https:\/\/www.csj-emballages.com\/es\/#Organization\/","name":"CSJ Emballages","url":"https:\/\/www.csj-emballages.com\/es\/","logo":{"@type":"ImageObject","inLanguage":"es","@id":"https:\/\/www.csj-emballages.com\/es\/#\/schema\/logo\/image\/","url":"https:\/\/www.csj-emballages.com\/wp-content\/uploads\/2023\/10\/logo_csj.webp","contentUrl":"https:\/\/www.csj-emballages.com\/wp-content\/uploads\/2023\/10\/logo_csj.webp","width":250,"height":95,"caption":"CSJ Emballages"},"image":{"@id":"https:\/\/www.csj-emballages.com\/es\/#\/schema\/logo\/image\/"},"sameAs":["https:\/\/www.facebook.com\/csjemballages"],"address":{"@type":"PostalAddress","streetAddress":"ZI La Lechere","addressLocality":"Patornay","postalCode":"39130","addressCountry":"FR"},"contactPoint":[{"@type":"ContactPoint","contactType":"Service client","telephone":"0384254272","email":"contact@csj-emballages.com"}]}]}},"df_price":2.21,"df_sale_price":"","df_regular_price":2.21,"df_image_link":"https:\/\/www.csj-emballages.com\/wp-content\/uploads\/2024\/03\/SR38JV-300x300.webp","tiered_pricing_type":"fixed","tiered_pricing_fixed_rules":[],"tiered_pricing_percentage_rules":[],"tiered_pricing_minimum":1,"tiered_pricing_roles_data":[],"_links":{"self":[{"href":"https:\/\/www.csj-emballages.com\/es\/wp-json\/wp\/v2\/product\/17782","targetHints":{"allow":["GET"]}}],"collection":[{"href":"https:\/\/www.csj-emballages.com\/es\/wp-json\/wp\/v2\/product"}],"about":[{"href":"https:\/\/www.csj-emballages.com\/es\/wp-json\/wp\/v2\/types\/product"}],"wp:featuredmedia":[{"embeddable":true,"href":"https:\/\/www.csj-emballages.com\/es\/wp-json\/wp\/v2\/media\/241209"}],"wp:attachment":[{"href":"https:\/\/www.csj-emballages.com\/es\/wp-json\/wp\/v2\/media?parent=17782"}],"wp:term":[{"taxonomy":"product_brand","embeddable":true,"href":"https:\/\/www.csj-emballages.com\/es\/wp-json\/wp\/v2\/product_brand?post=17782"},{"taxonomy":"product_cat","embeddable":true,"href":"https:\/\/www.csj-emballages.com\/es\/wp-json\/wp\/v2\/product_cat?post=17782"},{"taxonomy":"product_tag","embeddable":true,"href":"https:\/\/www.csj-emballages.com\/es\/wp-json\/wp\/v2\/product_tag?post=17782"}],"curies":[{"name":"wp","href":"https:\/\/api.w.org\/{rel}","templated":true}]}}