{"id":17777,"date":"2024-03-01T16:49:01","date_gmt":"2024-03-01T15:49:01","guid":{"rendered":"https:\/\/u15jnbdpoq.preview.infomaniak.website\/produit\/100-toallas-de-2-capas-38-x-38-cm-blancas\/"},"modified":"2026-05-01T02:15:07","modified_gmt":"2026-05-01T00:15:07","slug":"100-toallas-de-2-capas-38-x-38-cm-blancas","status":"publish","type":"product","link":"https:\/\/www.csj-emballages.com\/es\/produit\/100-toallas-de-2-capas-38-x-38-cm-blancas\/","title":{"rendered":"Toalla blanca de 2 capas 38 x 38 cm por 50"},"content":{"rendered":"<h2>Toalla blanca<\/h2>\n<hr>\n<h3><span style=\"font-weight: bold;\">Descubra nuestras toallas blancas de 2 capas 38 x 38 cm, paquete de 50<\/span><\/h3>\n<p><!--more--><\/p>\n<div class=\"flex max-w-full flex-col flex-grow\">\n<div class=\"min-h-8 text-message flex w-full flex-col items-end gap-2 whitespace-normal break-words text-start [.text-message+&amp;]:mt-5\" dir=\"auto\" data-message-author-role=\"assistant\" data-message-id=\"9b149096-222c-4804-b25c-623d8d364029\" data-message-model-slug=\"gpt-4o-mini\">\n<div class=\"flex w-full flex-col gap-1 empty:hidden first:pt-[3px]\">\n<div class=\"markdown prose w-full break-words dark:prose-invert dark\">\n<p>La <strong>toalla blanca de 2 capas 38 x 38 cm por 50<\/strong> es un producto de calidad muy pr\u00e1ctico para diversas ocasiones. Es ideal para empresas, hoteles o incluso para uso dom\u00e9stico. Este paquete de <strong>50 toallas<\/strong> es pr\u00e1ctico, atractivo y funcional.  <\/p>\n<p>&nbsp;<\/p>\n<p><!--more--><\/p>\n<p><strong>Una toalla blanca pr\u00e1ctica y elegante<\/strong><\/p>\n<p>Esta <strong>servilleta blanca<\/strong> destaca por su color sobrio y refinado. <strong>El blanco<\/strong> es un tono neutro que aporta un toque de elegancia a cualquier mesa o espacio. Su aspecto sobrio y chic es perfecto para muchos tipos de eventos, ya sean formales o m\u00e1s informales. Adem\u00e1s, el tama\u00f1o <strong>de 38 x 38 cm de la servilleta<\/strong> hace que sea f\u00e1cil de doblar y organizar seg\u00fan sus preferencias. Ya sea para una cena, un evento de negocios o una recepci\u00f3n, esta servilleta se adapta a todas las situaciones.    <\/p>\n<p><strong>Las toallas blancas<\/strong> tambi\u00e9n est\u00e1n dise\u00f1adas para ser resistentes y absorbentes. Gracias a su estructura <strong>de 2 capas<\/strong>, ofrecen una buena resistencia sin dejar de ser agradables al tacto. Puede utilizarlas para limpiarse las manos, limpiar derrames o decorar la mesa. El tama\u00f1o <strong>de 38 x 38<\/strong> cm es ideal para el uso diario, pero tambi\u00e9n puede utilizarse para eventos especiales. Su grosor y textura facilitan su limpieza sin riesgo de desgaste r\u00e1pido.    <\/p>\n<p>&nbsp;<\/p>\n<p><!--more--><\/p>\n<h4><strong>Un producto ecol\u00f3gico y econ\u00f3mico<\/strong><\/h4>\n<p>El paquete de <strong>50<\/strong> <strong>toallas blancas<\/strong> es una opci\u00f3n econ\u00f3mica. No s\u00f3lo se beneficiar\u00e1 de un producto de calidad, sino que tambi\u00e9n reducir\u00e1 la frecuencia de sustituci\u00f3n. Puede estar seguro de que estas <strong>toallas de 38 x 38<\/strong> cm resistir\u00e1n un uso frecuente sin perder su elegante aspecto. Adem\u00e1s, son f\u00e1ciles de reciclar, lo que las convierte en una opci\u00f3n m\u00e1s ecol\u00f3gica que otros productos desechables.   <\/p>\n<p>Optar por <strong>servilletas blancas<\/strong> <strong>de 38 x 38 cm<\/strong> significa elegir un producto vers\u00e1til que satisface todas sus necesidades. Son ideales para comidas, pero tambi\u00e9n para eventos al aire libre o lugares p\u00fablicos. Con ellas podr\u00e1 dar un toque de color y textura a sus comidas o eventos. Su color <strong>blanco<\/strong> crea un ambiente elegante y natural, sea cual sea el lugar o la ocasi\u00f3n.   <\/p>\n<p>En resumen, las <strong>toallas blancas de 2 capas de 38 x 38 cm por 50<\/strong> son una excelente opci\u00f3n para quienes buscan un producto funcional, elegante y econ\u00f3mico. Su tama\u00f1o es perfecto para todo tipo de usos, y su color a\u00f1ade un toque de refinamiento a su espacio. Elija estas toallas de <strong>38 x 38<\/strong> cm para combinar sencillez y estilo respetando su presupuesto y el medio ambiente.  <\/p>\n<\/div>\n<\/div>\n<\/div>\n<\/div>\n<p>&nbsp;<\/p>\n<p><!--more--><\/p>\n<h4>Ventajas :<\/h4>\n<ul>\n<li><strong>Elegancia atemporal: el<\/strong> <strong>blanco<\/strong> aporta un toque de refinamiento a cualquier mesa.<\/li>\n<li><strong>Tama\u00f1o ideal:<\/strong> con sus <strong>38 x 38 cm<\/strong>, estas toallas son ideales para una amplia gama de usos.<\/li>\n<li><strong>Resistencia extra:<\/strong> El dise\u00f1o de 2 capas garantiza resistencia y eficacia para un uso intensivo.<\/li>\n<li><strong>Textura agradable:<\/strong> suaves y absorbentes, ofrecen un confort \u00f3ptimo.<\/li>\n<\/ul>\n<p>&nbsp;<\/p>\n<p><!--more--><\/p>\n<h4>Informaci\u00f3n adicional :<\/h4>\n<ul>\n<li><strong>Envase<\/strong>: Paquete de 50<\/li>\n<li><strong>Color<\/strong>: Blanco<\/li>\n<li><strong>Dimensiones<\/strong>: 38 x 38 cm desplegado<\/li>\n<li><strong>Material<\/strong>: Celulosa<\/li>\n<\/ul>\n<p>&nbsp;<\/p>\n<p><!--more--><\/p>\n<p><a href=\"https:\/\/www.csj-emballages.com\/es\/categorie-produit\/envasado-de-alimentos\/catering-es\/servilletas-manteles-individuales-manteles\/toallas\/toallas-de-2-capas\/\">Ver el resto de nuestra gama de toallas de 2 capas<\/a><\/p>\n","protected":false},"excerpt":{"rendered":"<p>Toalla blanca Descubra nuestras toallas blancas de 2 capas 38 x 38 cm, paquete de 50<\/p>\n","protected":false},"featured_media":241143,"template":"","meta":{"_acf_changed":false},"product_brand":[],"product_cat":[1150,1179,1182,1285,1682],"product_tag":[],"class_list":{"0":"post-17777","1":"product","2":"type-product","3":"status-publish","4":"has-post-thumbnail","6":"product_cat-envasado-de-alimentos","7":"product_cat-catering-es","8":"product_cat-servilletas-manteles-individuales-manteles","9":"product_cat-toallas","10":"product_cat-toallas-de-2-capas","12":"first","13":"instock","14":"taxable","15":"shipping-taxable","16":"purchasable","17":"product-type-simple"},"acf":[],"yoast_head":"<!-- This site is optimized with the Yoast SEO Premium plugin v26.6 (Yoast SEO v26.6) - https:\/\/yoast.com\/wordpress\/plugins\/seo\/ -->\n<title>Toalla blanca de celulosa de 2 capas - 38 x 38 cm<\/title>\n<meta name=\"description\" content=\"Descubra las toallas blancas de 2 capas 38 x 38 cm en paquetes de 50: elegantes, resistentes y vers\u00e1tiles, ideales para todas sus ocasiones.\" \/>\n<meta name=\"robots\" content=\"index, follow, max-snippet:-1, max-image-preview:large, max-video-preview:-1\" \/>\n<link rel=\"canonical\" href=\"https:\/\/www.csj-emballages.com\/es\/produit\/100-toallas-de-2-capas-38-x-38-cm-blancas\/\" \/>\n<meta property=\"og:locale\" content=\"es_ES\" \/>\n<meta property=\"og:type\" content=\"article\" \/>\n<meta property=\"og:title\" content=\"Toalla blanca de 2 capas 38 x 38 cm por 50\" \/>\n<meta property=\"og:description\" content=\"Descubra las toallas blancas de 2 capas 38 x 38 cm en paquetes de 50: elegantes, resistentes y vers\u00e1tiles, ideales para todas sus ocasiones.\" \/>\n<meta property=\"og:url\" content=\"https:\/\/www.csj-emballages.com\/es\/produit\/100-toallas-de-2-capas-38-x-38-cm-blancas\/\" \/>\n<meta property=\"og:site_name\" content=\"CSJ Emballages\" \/>\n<meta property=\"article:publisher\" content=\"https:\/\/www.facebook.com\/csjemballages\" \/>\n<meta property=\"article:modified_time\" content=\"2026-05-01T00:15:07+00:00\" \/>\n<meta property=\"og:image\" content=\"https:\/\/www.csj-emballages.com\/wp-content\/uploads\/2024\/03\/SR38.webp\" \/>\n\t<meta property=\"og:image:width\" content=\"800\" \/>\n\t<meta property=\"og:image:height\" content=\"800\" \/>\n\t<meta property=\"og:image:type\" content=\"image\/webp\" \/>\n<meta name=\"twitter:card\" content=\"summary_large_image\" \/>\n<meta name=\"twitter:label1\" content=\"Tiempo de lectura\" \/>\n\t<meta name=\"twitter:data1\" content=\"3 minutos\" \/>\n<script type=\"application\/ld+json\" class=\"yoast-schema-graph\">{\"@context\":\"https:\/\/schema.org\",\"@graph\":[{\"@type\":\"WebPage\",\"@id\":\"https:\/\/www.csj-emballages.com\/es\/produit\/100-toallas-de-2-capas-38-x-38-cm-blancas\/\",\"url\":\"https:\/\/www.csj-emballages.com\/es\/produit\/100-toallas-de-2-capas-38-x-38-cm-blancas\/\",\"name\":\"Toalla blanca de celulosa de 2 capas - 38 x 38 cm\",\"isPartOf\":{\"@id\":\"https:\/\/www.csj-emballages.com\/es\/#website\"},\"primaryImageOfPage\":{\"@id\":\"https:\/\/www.csj-emballages.com\/es\/produit\/100-toallas-de-2-capas-38-x-38-cm-blancas\/#primaryimage\"},\"image\":{\"@id\":\"https:\/\/www.csj-emballages.com\/es\/produit\/100-toallas-de-2-capas-38-x-38-cm-blancas\/#primaryimage\"},\"thumbnailUrl\":\"https:\/\/www.csj-emballages.com\/wp-content\/uploads\/2024\/03\/SR38.webp\",\"datePublished\":\"2024-03-01T15:49:01+00:00\",\"dateModified\":\"2026-05-01T00:15:07+00:00\",\"description\":\"Descubra las toallas blancas de 2 capas 38 x 38 cm en paquetes de 50: elegantes, resistentes y vers\u00e1tiles, ideales para todas sus ocasiones.\",\"breadcrumb\":{\"@id\":\"https:\/\/www.csj-emballages.com\/es\/produit\/100-toallas-de-2-capas-38-x-38-cm-blancas\/#breadcrumb\"},\"inLanguage\":\"es\",\"potentialAction\":[{\"@type\":\"ReadAction\",\"target\":[\"https:\/\/www.csj-emballages.com\/es\/produit\/100-toallas-de-2-capas-38-x-38-cm-blancas\/\"]}]},{\"@type\":\"ImageObject\",\"inLanguage\":\"es\",\"@id\":\"https:\/\/www.csj-emballages.com\/es\/produit\/100-toallas-de-2-capas-38-x-38-cm-blancas\/#primaryimage\",\"url\":\"https:\/\/www.csj-emballages.com\/wp-content\/uploads\/2024\/03\/SR38.webp\",\"contentUrl\":\"https:\/\/www.csj-emballages.com\/wp-content\/uploads\/2024\/03\/SR38.webp\",\"width\":800,\"height\":800,\"caption\":\"Serviette blanche\"},{\"@type\":\"BreadcrumbList\",\"@id\":\"https:\/\/www.csj-emballages.com\/es\/produit\/100-toallas-de-2-capas-38-x-38-cm-blancas\/#breadcrumb\",\"itemListElement\":[{\"@type\":\"ListItem\",\"position\":1,\"name\":\"Accueil\",\"item\":\"https:\/\/www.csj-emballages.com\/es\/universo-del-envasado-alimentario\/\"},{\"@type\":\"ListItem\",\"position\":2,\"name\":\"Tienda\",\"item\":\"https:\/\/www.csj-emballages.com\/tienda\/\"},{\"@type\":\"ListItem\",\"position\":3,\"name\":\"Toalla blanca de 2 capas 38 x 38 cm por 50\"}]},{\"@type\":\"WebSite\",\"@id\":\"https:\/\/www.csj-emballages.com\/es\/#website\",\"url\":\"https:\/\/www.csj-emballages.com\/es\/\",\"name\":\"CSJ Emballages\",\"description\":\"\",\"publisher\":{\"@id\":\"https:\/\/www.csj-emballages.com\/es\/#organization\"},\"potentialAction\":[{\"@type\":\"SearchAction\",\"target\":{\"@type\":\"EntryPoint\",\"urlTemplate\":\"https:\/\/www.csj-emballages.com\/es\/?s={search_term_string}\"},\"query-input\":{\"@type\":\"PropertyValueSpecification\",\"valueRequired\":true,\"valueName\":\"search_term_string\"}}],\"inLanguage\":\"es\"},{\"@type\":\"Organization\",\"@id\":\"https:\/\/www.csj-emballages.com\/es\/#Organization\/\",\"name\":\"CSJ Emballages\",\"url\":\"https:\/\/www.csj-emballages.com\/es\/\",\"logo\":{\"@type\":\"ImageObject\",\"inLanguage\":\"es\",\"@id\":\"https:\/\/www.csj-emballages.com\/es\/#\/schema\/logo\/image\/\",\"url\":\"https:\/\/www.csj-emballages.com\/wp-content\/uploads\/2023\/10\/logo_csj.webp\",\"contentUrl\":\"https:\/\/www.csj-emballages.com\/wp-content\/uploads\/2023\/10\/logo_csj.webp\",\"width\":250,\"height\":95,\"caption\":\"CSJ Emballages\"},\"image\":{\"@id\":\"https:\/\/www.csj-emballages.com\/es\/#\/schema\/logo\/image\/\"},\"sameAs\":[\"https:\/\/www.facebook.com\/csjemballages\"],\"address\":{\"@type\":\"PostalAddress\",\"streetAddress\":\"ZI La Lechere\",\"addressLocality\":\"Patornay\",\"postalCode\":\"39130\",\"addressCountry\":\"FR\"},\"contactPoint\":[{\"@type\":\"ContactPoint\",\"contactType\":\"Service client\",\"telephone\":\"0384254272\",\"email\":\"contact@csj-emballages.com\"}]}]}<\/script>\n<!-- \/ Yoast SEO Premium plugin. -->","yoast_head_json":{"title":"Toalla blanca de celulosa de 2 capas - 38 x 38 cm","description":"Descubra las toallas blancas de 2 capas 38 x 38 cm en paquetes de 50: elegantes, resistentes y vers\u00e1tiles, ideales para todas sus ocasiones.","robots":{"index":"index","follow":"follow","max-snippet":"max-snippet:-1","max-image-preview":"max-image-preview:large","max-video-preview":"max-video-preview:-1"},"canonical":"https:\/\/www.csj-emballages.com\/es\/produit\/100-toallas-de-2-capas-38-x-38-cm-blancas\/","og_locale":"es_ES","og_type":"article","og_title":"Toalla blanca de 2 capas 38 x 38 cm por 50","og_description":"Descubra las toallas blancas de 2 capas 38 x 38 cm en paquetes de 50: elegantes, resistentes y vers\u00e1tiles, ideales para todas sus ocasiones.","og_url":"https:\/\/www.csj-emballages.com\/es\/produit\/100-toallas-de-2-capas-38-x-38-cm-blancas\/","og_site_name":"CSJ Emballages","article_publisher":"https:\/\/www.facebook.com\/csjemballages","article_modified_time":"2026-05-01T00:15:07+00:00","og_image":[{"width":800,"height":800,"url":"https:\/\/www.csj-emballages.com\/wp-content\/uploads\/2024\/03\/SR38.webp","type":"image\/webp"}],"twitter_card":"summary_large_image","twitter_misc":{"Tiempo de lectura":"3 minutos"},"schema":{"@context":"https:\/\/schema.org","@graph":[{"@type":"WebPage","@id":"https:\/\/www.csj-emballages.com\/es\/produit\/100-toallas-de-2-capas-38-x-38-cm-blancas\/","url":"https:\/\/www.csj-emballages.com\/es\/produit\/100-toallas-de-2-capas-38-x-38-cm-blancas\/","name":"Toalla blanca de celulosa de 2 capas - 38 x 38 cm","isPartOf":{"@id":"https:\/\/www.csj-emballages.com\/es\/#website"},"primaryImageOfPage":{"@id":"https:\/\/www.csj-emballages.com\/es\/produit\/100-toallas-de-2-capas-38-x-38-cm-blancas\/#primaryimage"},"image":{"@id":"https:\/\/www.csj-emballages.com\/es\/produit\/100-toallas-de-2-capas-38-x-38-cm-blancas\/#primaryimage"},"thumbnailUrl":"https:\/\/www.csj-emballages.com\/wp-content\/uploads\/2024\/03\/SR38.webp","datePublished":"2024-03-01T15:49:01+00:00","dateModified":"2026-05-01T00:15:07+00:00","description":"Descubra las toallas blancas de 2 capas 38 x 38 cm en paquetes de 50: elegantes, resistentes y vers\u00e1tiles, ideales para todas sus ocasiones.","breadcrumb":{"@id":"https:\/\/www.csj-emballages.com\/es\/produit\/100-toallas-de-2-capas-38-x-38-cm-blancas\/#breadcrumb"},"inLanguage":"es","potentialAction":[{"@type":"ReadAction","target":["https:\/\/www.csj-emballages.com\/es\/produit\/100-toallas-de-2-capas-38-x-38-cm-blancas\/"]}]},{"@type":"ImageObject","inLanguage":"es","@id":"https:\/\/www.csj-emballages.com\/es\/produit\/100-toallas-de-2-capas-38-x-38-cm-blancas\/#primaryimage","url":"https:\/\/www.csj-emballages.com\/wp-content\/uploads\/2024\/03\/SR38.webp","contentUrl":"https:\/\/www.csj-emballages.com\/wp-content\/uploads\/2024\/03\/SR38.webp","width":800,"height":800,"caption":"Serviette blanche"},{"@type":"BreadcrumbList","@id":"https:\/\/www.csj-emballages.com\/es\/produit\/100-toallas-de-2-capas-38-x-38-cm-blancas\/#breadcrumb","itemListElement":[{"@type":"ListItem","position":1,"name":"Accueil","item":"https:\/\/www.csj-emballages.com\/es\/universo-del-envasado-alimentario\/"},{"@type":"ListItem","position":2,"name":"Tienda","item":"https:\/\/www.csj-emballages.com\/tienda\/"},{"@type":"ListItem","position":3,"name":"Toalla blanca de 2 capas 38 x 38 cm por 50"}]},{"@type":"WebSite","@id":"https:\/\/www.csj-emballages.com\/es\/#website","url":"https:\/\/www.csj-emballages.com\/es\/","name":"CSJ Emballages","description":"","publisher":{"@id":"https:\/\/www.csj-emballages.com\/es\/#organization"},"potentialAction":[{"@type":"SearchAction","target":{"@type":"EntryPoint","urlTemplate":"https:\/\/www.csj-emballages.com\/es\/?s={search_term_string}"},"query-input":{"@type":"PropertyValueSpecification","valueRequired":true,"valueName":"search_term_string"}}],"inLanguage":"es"},{"@type":"Organization","@id":"https:\/\/www.csj-emballages.com\/es\/#Organization\/","name":"CSJ Emballages","url":"https:\/\/www.csj-emballages.com\/es\/","logo":{"@type":"ImageObject","inLanguage":"es","@id":"https:\/\/www.csj-emballages.com\/es\/#\/schema\/logo\/image\/","url":"https:\/\/www.csj-emballages.com\/wp-content\/uploads\/2023\/10\/logo_csj.webp","contentUrl":"https:\/\/www.csj-emballages.com\/wp-content\/uploads\/2023\/10\/logo_csj.webp","width":250,"height":95,"caption":"CSJ Emballages"},"image":{"@id":"https:\/\/www.csj-emballages.com\/es\/#\/schema\/logo\/image\/"},"sameAs":["https:\/\/www.facebook.com\/csjemballages"],"address":{"@type":"PostalAddress","streetAddress":"ZI La Lechere","addressLocality":"Patornay","postalCode":"39130","addressCountry":"FR"},"contactPoint":[{"@type":"ContactPoint","contactType":"Service client","telephone":"0384254272","email":"contact@csj-emballages.com"}]}]}},"df_price":1.49,"df_sale_price":"","df_regular_price":1.49,"df_image_link":"https:\/\/www.csj-emballages.com\/wp-content\/uploads\/2024\/03\/SR38-300x300.webp","tiered_pricing_type":"fixed","tiered_pricing_fixed_rules":[],"tiered_pricing_percentage_rules":[],"tiered_pricing_minimum":1,"tiered_pricing_roles_data":[],"_links":{"self":[{"href":"https:\/\/www.csj-emballages.com\/es\/wp-json\/wp\/v2\/product\/17777","targetHints":{"allow":["GET"]}}],"collection":[{"href":"https:\/\/www.csj-emballages.com\/es\/wp-json\/wp\/v2\/product"}],"about":[{"href":"https:\/\/www.csj-emballages.com\/es\/wp-json\/wp\/v2\/types\/product"}],"wp:featuredmedia":[{"embeddable":true,"href":"https:\/\/www.csj-emballages.com\/es\/wp-json\/wp\/v2\/media\/241143"}],"wp:attachment":[{"href":"https:\/\/www.csj-emballages.com\/es\/wp-json\/wp\/v2\/media?parent=17777"}],"wp:term":[{"taxonomy":"product_brand","embeddable":true,"href":"https:\/\/www.csj-emballages.com\/es\/wp-json\/wp\/v2\/product_brand?post=17777"},{"taxonomy":"product_cat","embeddable":true,"href":"https:\/\/www.csj-emballages.com\/es\/wp-json\/wp\/v2\/product_cat?post=17777"},{"taxonomy":"product_tag","embeddable":true,"href":"https:\/\/www.csj-emballages.com\/es\/wp-json\/wp\/v2\/product_tag?post=17777"}],"curies":[{"name":"wp","href":"https:\/\/api.w.org\/{rel}","templated":true}]}}