{"id":17768,"date":"2024-03-01T16:49:01","date_gmt":"2024-03-01T15:49:01","guid":{"rendered":"https:\/\/u15jnbdpoq.preview.infomaniak.website\/produit\/50-servilleta-de-2-capas-38-x-38-cm-chocolate\/"},"modified":"2026-03-12T16:43:01","modified_gmt":"2026-03-12T15:43:01","slug":"50-servilleta-de-2-capas-38-x-38-cm-chocolate","status":"publish","type":"product","link":"https:\/\/www.csj-emballages.com\/es\/produit\/50-servilleta-de-2-capas-38-x-38-cm-chocolate\/","title":{"rendered":"Servilleta de chocolate de 2 capas 38 x 38 cm por 50"},"content":{"rendered":"<h2>Toalla blanca<\/h2>\n<hr>\n<h3><span style=\"font-weight: bold;\">Descubra nuestra servilleta de chocolate de 2 capas 38 x 38 cm por 50<\/span><\/h3>\n<p><!--more--><\/p>\n<div class=\"flex max-w-full flex-col flex-grow\">\n<div class=\"min-h-8 text-message flex w-full flex-col items-end gap-2 whitespace-normal break-words text-start [.text-message+&amp;]:mt-5\" dir=\"auto\" data-message-author-role=\"assistant\" data-message-id=\"9b149096-222c-4804-b25c-623d8d364029\" data-message-model-slug=\"gpt-4o-mini\">\n<div class=\"flex w-full flex-col gap-1 empty:hidden first:pt-[3px]\">\n<div class=\"markdown prose w-full break-words dark:prose-invert dark\">\n<p data-start=\"236\" data-end=\"659\">Las <strong data-start=\"240\" data-end=\"288\">servilletas de chocolate de 2 capas de 38 x 38 cm en un paquete de 50<\/strong> unidades son imprescindibles para todos los profesionales de la restauraci\u00f3n, pero tambi\u00e9n para los clientes particulares que deseen ofrecer una bonita presentaci\u00f3n en la mesa. Con su <strong data-start=\"473\" data-end=\"517\">elegante y c\u00e1lido color chocolate<\/strong>, aportan inmediatamente un toque de refinamiento y combinan a la perfecci\u00f3n con un ambiente natural, chic o gourmet. Fabricadas con <strong data-start=\"675\" data-end=\"711\">papel de 2 capas<\/strong>, combinan resistencia y facilidad de uso. A diferencia de las toallas finas que se rompen con facilidad, \u00e9stas ofrecen una sujeci\u00f3n superior y una mejor absorci\u00f3n. Son ideales tanto para las comidas cotidianas como para acontecimientos m\u00e1s festivos, como bodas, cumplea\u00f1os o actos de empresa.    <\/p>\n<p data-start=\"1061\" data-end=\"1330\">El formato <strong data-start=\"1071\" data-end=\"1085\">de 38 x 38 cm<\/strong> es generoso, pr\u00e1ctico para cubrir las rodillas, proteger la ropa y garantizar una higiene perfecta durante las comidas. Este tama\u00f1o tambi\u00e9n es popular para hacer sencillos pliegues decorativos que mejoren la presentaci\u00f3n de sus mesas. <\/p>\n<p data-start=\"1332\" data-end=\"1609\">Envasadas <strong data-start=\"1346\" data-end=\"1374\">en paquetes de 50 servilletas<\/strong>, representan un excelente compromiso entre practicidad y econom\u00eda. F\u00e1ciles de almacenar y dispensar, son adecuadas para todo tipo de locales: restaurantes, food-trucks, empresas de catering y recepciones a domicilio. <\/p>\n<p data-start=\"1611\" data-end=\"1792\">Optar por estas <strong data-start=\"1626\" data-end=\"1656\">servilletas de chocolate de 2 capas<\/strong> significa elegir un producto fiable, atractivo y vers\u00e1til que realzar\u00e1 sus comidas al tiempo que ofrece comodidad y practicidad a sus invitados.<\/p>\n<\/div>\n<p data-start=\"1611\" data-end=\"1792\">\n<\/div>\n<\/div>\n<\/div>\n<p><!--more--><\/p>\n<h4>Ventajas :<\/h4>\n<ul>\n<li><strong data-start=\"2015\" data-end=\"2027\">Elegancia<\/strong>: un color chocolate chic y de moda para una bonita presentaci\u00f3n.<\/li>\n<li><strong data-start=\"2097\" data-end=\"2108\">Calidad<\/strong>: doble capa de 2 capas, resistente y absorbente.<\/li>\n<li><strong data-start=\"2168\" data-end=\"2181\">Pr\u00e1ctico<\/strong>: gran formato de 38 x 38 cm, adecuado para comidas y plegado decorativo.<\/li>\n<li><strong data-start=\"2253\" data-end=\"2268\">Versatilidad<\/strong>: se puede utilizar en restaurantes, eventos o en casa.<\/li>\n<li><strong data-start=\"2332\" data-end=\"2347\">Econ\u00f3micas<\/strong>: envasadas en paquetes de 50 toallitas para facilitar su almacenamiento.<\/li>\n<\/ul>\n<p>&nbsp;<\/p>\n<p><!--more--><\/p>\n<h4>Informaci\u00f3n adicional :<\/h4>\n<ul>\n<li><strong>Envase<\/strong>: Paquete de 50<\/li>\n<li><strong>Color<\/strong>: chocolate<\/li>\n<li><strong>Dimensiones<\/strong>: 38 x 38 cm desplegado<\/li>\n<li><strong>Material<\/strong>: Celulosa<\/li>\n<\/ul>\n<p>&nbsp;<\/p>\n<p><!--more--><\/p>\n<p><a href=\"https:\/\/www.csj-emballages.com\/es\/categorie-produit\/envasado-de-alimentos\/catering-es\/servilletas-manteles-individuales-manteles\/toallas\/toallas-de-2-capas\/\">Ver el resto de nuestra gama de toallas de 2 capas<\/a><\/p>\n","protected":false},"excerpt":{"rendered":"<p>Toalla blanca Descubra nuestra servilleta de chocolate de 2 capas 38 x 38 cm por 50<\/p>\n","protected":false},"featured_media":241149,"template":"","meta":{"_acf_changed":false},"product_brand":[],"product_cat":[1150,1179,1182,1285,1682],"product_tag":[],"class_list":{"0":"post-17768","1":"product","2":"type-product","3":"status-publish","4":"has-post-thumbnail","6":"product_cat-envasado-de-alimentos","7":"product_cat-catering-es","8":"product_cat-servilletas-manteles-individuales-manteles","9":"product_cat-toallas","10":"product_cat-toallas-de-2-capas","12":"first","13":"instock","14":"taxable","15":"shipping-taxable","16":"purchasable","17":"product-type-simple"},"acf":[],"yoast_head":"<!-- This site is optimized with the Yoast SEO Premium plugin v26.6 (Yoast SEO v26.6) - https:\/\/yoast.com\/wordpress\/plugins\/seo\/ -->\n<title>Servilleta de chocolate de 2 capas 38 x 38 cm por 50<\/title>\n<meta name=\"description\" content=\"Servilletas de chocolate de 2 capas 38 x 38 cm por 50: elegantes, resistentes y absorbentes, ideales para catering, restaurantes o comidas en casa.\" \/>\n<meta name=\"robots\" content=\"index, follow, max-snippet:-1, max-image-preview:large, max-video-preview:-1\" \/>\n<link rel=\"canonical\" href=\"https:\/\/www.csj-emballages.com\/es\/produit\/50-servilleta-de-2-capas-38-x-38-cm-chocolate\/\" \/>\n<meta property=\"og:locale\" content=\"es_ES\" \/>\n<meta property=\"og:type\" content=\"article\" \/>\n<meta property=\"og:title\" content=\"Servilleta de chocolate de 2 capas 38 x 38 cm por 50\" \/>\n<meta property=\"og:description\" content=\"Servilletas de chocolate de 2 capas 38 x 38 cm por 50: elegantes, resistentes y absorbentes, ideales para catering, restaurantes o comidas en casa.\" \/>\n<meta property=\"og:url\" content=\"https:\/\/www.csj-emballages.com\/es\/produit\/50-servilleta-de-2-capas-38-x-38-cm-chocolate\/\" \/>\n<meta property=\"og:site_name\" content=\"CSJ Emballages\" \/>\n<meta property=\"article:publisher\" content=\"https:\/\/www.facebook.com\/csjemballages\" \/>\n<meta property=\"article:modified_time\" content=\"2026-03-12T15:43:01+00:00\" \/>\n<meta property=\"og:image\" content=\"https:\/\/www.csj-emballages.com\/wp-content\/uploads\/2024\/03\/SR38CH.webp\" \/>\n\t<meta property=\"og:image:width\" content=\"800\" \/>\n\t<meta property=\"og:image:height\" content=\"800\" \/>\n\t<meta property=\"og:image:type\" content=\"image\/webp\" \/>\n<meta name=\"twitter:card\" content=\"summary_large_image\" \/>\n<meta name=\"twitter:label1\" content=\"Tiempo de lectura\" \/>\n\t<meta name=\"twitter:data1\" content=\"2 minutos\" \/>\n<script type=\"application\/ld+json\" class=\"yoast-schema-graph\">{\"@context\":\"https:\/\/schema.org\",\"@graph\":[{\"@type\":\"WebPage\",\"@id\":\"https:\/\/www.csj-emballages.com\/es\/produit\/50-servilleta-de-2-capas-38-x-38-cm-chocolate\/\",\"url\":\"https:\/\/www.csj-emballages.com\/es\/produit\/50-servilleta-de-2-capas-38-x-38-cm-chocolate\/\",\"name\":\"Servilleta de chocolate de 2 capas 38 x 38 cm por 50\",\"isPartOf\":{\"@id\":\"https:\/\/www.csj-emballages.com\/es\/#website\"},\"primaryImageOfPage\":{\"@id\":\"https:\/\/www.csj-emballages.com\/es\/produit\/50-servilleta-de-2-capas-38-x-38-cm-chocolate\/#primaryimage\"},\"image\":{\"@id\":\"https:\/\/www.csj-emballages.com\/es\/produit\/50-servilleta-de-2-capas-38-x-38-cm-chocolate\/#primaryimage\"},\"thumbnailUrl\":\"https:\/\/www.csj-emballages.com\/wp-content\/uploads\/2024\/03\/SR38CH.webp\",\"datePublished\":\"2024-03-01T15:49:01+00:00\",\"dateModified\":\"2026-03-12T15:43:01+00:00\",\"description\":\"Servilletas de chocolate de 2 capas 38 x 38 cm por 50: elegantes, resistentes y absorbentes, ideales para catering, restaurantes o comidas en casa.\",\"breadcrumb\":{\"@id\":\"https:\/\/www.csj-emballages.com\/es\/produit\/50-servilleta-de-2-capas-38-x-38-cm-chocolate\/#breadcrumb\"},\"inLanguage\":\"es\",\"potentialAction\":[{\"@type\":\"ReadAction\",\"target\":[\"https:\/\/www.csj-emballages.com\/es\/produit\/50-servilleta-de-2-capas-38-x-38-cm-chocolate\/\"]}]},{\"@type\":\"ImageObject\",\"inLanguage\":\"es\",\"@id\":\"https:\/\/www.csj-emballages.com\/es\/produit\/50-servilleta-de-2-capas-38-x-38-cm-chocolate\/#primaryimage\",\"url\":\"https:\/\/www.csj-emballages.com\/wp-content\/uploads\/2024\/03\/SR38CH.webp\",\"contentUrl\":\"https:\/\/www.csj-emballages.com\/wp-content\/uploads\/2024\/03\/SR38CH.webp\",\"width\":800,\"height\":800,\"caption\":\"Serviette chocolat\"},{\"@type\":\"BreadcrumbList\",\"@id\":\"https:\/\/www.csj-emballages.com\/es\/produit\/50-servilleta-de-2-capas-38-x-38-cm-chocolate\/#breadcrumb\",\"itemListElement\":[{\"@type\":\"ListItem\",\"position\":1,\"name\":\"Accueil\",\"item\":\"https:\/\/www.csj-emballages.com\/es\/universo-del-envasado-alimentario\/\"},{\"@type\":\"ListItem\",\"position\":2,\"name\":\"Tienda\",\"item\":\"https:\/\/www.csj-emballages.com\/tienda\/\"},{\"@type\":\"ListItem\",\"position\":3,\"name\":\"Servilleta de chocolate de 2 capas 38 x 38 cm por 50\"}]},{\"@type\":\"WebSite\",\"@id\":\"https:\/\/www.csj-emballages.com\/es\/#website\",\"url\":\"https:\/\/www.csj-emballages.com\/es\/\",\"name\":\"CSJ Emballages\",\"description\":\"\",\"publisher\":{\"@id\":\"https:\/\/www.csj-emballages.com\/es\/#organization\"},\"potentialAction\":[{\"@type\":\"SearchAction\",\"target\":{\"@type\":\"EntryPoint\",\"urlTemplate\":\"https:\/\/www.csj-emballages.com\/es\/?s={search_term_string}\"},\"query-input\":{\"@type\":\"PropertyValueSpecification\",\"valueRequired\":true,\"valueName\":\"search_term_string\"}}],\"inLanguage\":\"es\"},{\"@type\":\"Organization\",\"@id\":\"https:\/\/www.csj-emballages.com\/es\/#Organization\/\",\"name\":\"CSJ Emballages\",\"url\":\"https:\/\/www.csj-emballages.com\/es\/\",\"logo\":{\"@type\":\"ImageObject\",\"inLanguage\":\"es\",\"@id\":\"https:\/\/www.csj-emballages.com\/es\/#\/schema\/logo\/image\/\",\"url\":\"https:\/\/www.csj-emballages.com\/wp-content\/uploads\/2023\/10\/logo_csj.webp\",\"contentUrl\":\"https:\/\/www.csj-emballages.com\/wp-content\/uploads\/2023\/10\/logo_csj.webp\",\"width\":250,\"height\":95,\"caption\":\"CSJ Emballages\"},\"image\":{\"@id\":\"https:\/\/www.csj-emballages.com\/es\/#\/schema\/logo\/image\/\"},\"sameAs\":[\"https:\/\/www.facebook.com\/csjemballages\"],\"address\":{\"@type\":\"PostalAddress\",\"streetAddress\":\"ZI La Lechere\",\"addressLocality\":\"Patornay\",\"postalCode\":\"39130\",\"addressCountry\":\"FR\"},\"contactPoint\":[{\"@type\":\"ContactPoint\",\"contactType\":\"Service client\",\"telephone\":\"0384254272\",\"email\":\"contact@csj-emballages.com\"}]}]}<\/script>\n<!-- \/ Yoast SEO Premium plugin. -->","yoast_head_json":{"title":"Servilleta de chocolate de 2 capas 38 x 38 cm por 50","description":"Servilletas de chocolate de 2 capas 38 x 38 cm por 50: elegantes, resistentes y absorbentes, ideales para catering, restaurantes o comidas en casa.","robots":{"index":"index","follow":"follow","max-snippet":"max-snippet:-1","max-image-preview":"max-image-preview:large","max-video-preview":"max-video-preview:-1"},"canonical":"https:\/\/www.csj-emballages.com\/es\/produit\/50-servilleta-de-2-capas-38-x-38-cm-chocolate\/","og_locale":"es_ES","og_type":"article","og_title":"Servilleta de chocolate de 2 capas 38 x 38 cm por 50","og_description":"Servilletas de chocolate de 2 capas 38 x 38 cm por 50: elegantes, resistentes y absorbentes, ideales para catering, restaurantes o comidas en casa.","og_url":"https:\/\/www.csj-emballages.com\/es\/produit\/50-servilleta-de-2-capas-38-x-38-cm-chocolate\/","og_site_name":"CSJ Emballages","article_publisher":"https:\/\/www.facebook.com\/csjemballages","article_modified_time":"2026-03-12T15:43:01+00:00","og_image":[{"width":800,"height":800,"url":"https:\/\/www.csj-emballages.com\/wp-content\/uploads\/2024\/03\/SR38CH.webp","type":"image\/webp"}],"twitter_card":"summary_large_image","twitter_misc":{"Tiempo de lectura":"2 minutos"},"schema":{"@context":"https:\/\/schema.org","@graph":[{"@type":"WebPage","@id":"https:\/\/www.csj-emballages.com\/es\/produit\/50-servilleta-de-2-capas-38-x-38-cm-chocolate\/","url":"https:\/\/www.csj-emballages.com\/es\/produit\/50-servilleta-de-2-capas-38-x-38-cm-chocolate\/","name":"Servilleta de chocolate de 2 capas 38 x 38 cm por 50","isPartOf":{"@id":"https:\/\/www.csj-emballages.com\/es\/#website"},"primaryImageOfPage":{"@id":"https:\/\/www.csj-emballages.com\/es\/produit\/50-servilleta-de-2-capas-38-x-38-cm-chocolate\/#primaryimage"},"image":{"@id":"https:\/\/www.csj-emballages.com\/es\/produit\/50-servilleta-de-2-capas-38-x-38-cm-chocolate\/#primaryimage"},"thumbnailUrl":"https:\/\/www.csj-emballages.com\/wp-content\/uploads\/2024\/03\/SR38CH.webp","datePublished":"2024-03-01T15:49:01+00:00","dateModified":"2026-03-12T15:43:01+00:00","description":"Servilletas de chocolate de 2 capas 38 x 38 cm por 50: elegantes, resistentes y absorbentes, ideales para catering, restaurantes o comidas en casa.","breadcrumb":{"@id":"https:\/\/www.csj-emballages.com\/es\/produit\/50-servilleta-de-2-capas-38-x-38-cm-chocolate\/#breadcrumb"},"inLanguage":"es","potentialAction":[{"@type":"ReadAction","target":["https:\/\/www.csj-emballages.com\/es\/produit\/50-servilleta-de-2-capas-38-x-38-cm-chocolate\/"]}]},{"@type":"ImageObject","inLanguage":"es","@id":"https:\/\/www.csj-emballages.com\/es\/produit\/50-servilleta-de-2-capas-38-x-38-cm-chocolate\/#primaryimage","url":"https:\/\/www.csj-emballages.com\/wp-content\/uploads\/2024\/03\/SR38CH.webp","contentUrl":"https:\/\/www.csj-emballages.com\/wp-content\/uploads\/2024\/03\/SR38CH.webp","width":800,"height":800,"caption":"Serviette chocolat"},{"@type":"BreadcrumbList","@id":"https:\/\/www.csj-emballages.com\/es\/produit\/50-servilleta-de-2-capas-38-x-38-cm-chocolate\/#breadcrumb","itemListElement":[{"@type":"ListItem","position":1,"name":"Accueil","item":"https:\/\/www.csj-emballages.com\/es\/universo-del-envasado-alimentario\/"},{"@type":"ListItem","position":2,"name":"Tienda","item":"https:\/\/www.csj-emballages.com\/tienda\/"},{"@type":"ListItem","position":3,"name":"Servilleta de chocolate de 2 capas 38 x 38 cm por 50"}]},{"@type":"WebSite","@id":"https:\/\/www.csj-emballages.com\/es\/#website","url":"https:\/\/www.csj-emballages.com\/es\/","name":"CSJ Emballages","description":"","publisher":{"@id":"https:\/\/www.csj-emballages.com\/es\/#organization"},"potentialAction":[{"@type":"SearchAction","target":{"@type":"EntryPoint","urlTemplate":"https:\/\/www.csj-emballages.com\/es\/?s={search_term_string}"},"query-input":{"@type":"PropertyValueSpecification","valueRequired":true,"valueName":"search_term_string"}}],"inLanguage":"es"},{"@type":"Organization","@id":"https:\/\/www.csj-emballages.com\/es\/#Organization\/","name":"CSJ Emballages","url":"https:\/\/www.csj-emballages.com\/es\/","logo":{"@type":"ImageObject","inLanguage":"es","@id":"https:\/\/www.csj-emballages.com\/es\/#\/schema\/logo\/image\/","url":"https:\/\/www.csj-emballages.com\/wp-content\/uploads\/2023\/10\/logo_csj.webp","contentUrl":"https:\/\/www.csj-emballages.com\/wp-content\/uploads\/2023\/10\/logo_csj.webp","width":250,"height":95,"caption":"CSJ Emballages"},"image":{"@id":"https:\/\/www.csj-emballages.com\/es\/#\/schema\/logo\/image\/"},"sameAs":["https:\/\/www.facebook.com\/csjemballages"],"address":{"@type":"PostalAddress","streetAddress":"ZI La Lechere","addressLocality":"Patornay","postalCode":"39130","addressCountry":"FR"},"contactPoint":[{"@type":"ContactPoint","contactType":"Service client","telephone":"0384254272","email":"contact@csj-emballages.com"}]}]}},"df_price":2.4,"df_sale_price":"","df_regular_price":2.4,"df_image_link":"https:\/\/www.csj-emballages.com\/wp-content\/uploads\/2024\/03\/SR38CH-300x300.webp","tiered_pricing_type":"fixed","tiered_pricing_fixed_rules":[],"tiered_pricing_percentage_rules":[],"tiered_pricing_minimum":1,"tiered_pricing_roles_data":[],"_links":{"self":[{"href":"https:\/\/www.csj-emballages.com\/es\/wp-json\/wp\/v2\/product\/17768","targetHints":{"allow":["GET"]}}],"collection":[{"href":"https:\/\/www.csj-emballages.com\/es\/wp-json\/wp\/v2\/product"}],"about":[{"href":"https:\/\/www.csj-emballages.com\/es\/wp-json\/wp\/v2\/types\/product"}],"wp:featuredmedia":[{"embeddable":true,"href":"https:\/\/www.csj-emballages.com\/es\/wp-json\/wp\/v2\/media\/241149"}],"wp:attachment":[{"href":"https:\/\/www.csj-emballages.com\/es\/wp-json\/wp\/v2\/media?parent=17768"}],"wp:term":[{"taxonomy":"product_brand","embeddable":true,"href":"https:\/\/www.csj-emballages.com\/es\/wp-json\/wp\/v2\/product_brand?post=17768"},{"taxonomy":"product_cat","embeddable":true,"href":"https:\/\/www.csj-emballages.com\/es\/wp-json\/wp\/v2\/product_cat?post=17768"},{"taxonomy":"product_tag","embeddable":true,"href":"https:\/\/www.csj-emballages.com\/es\/wp-json\/wp\/v2\/product_tag?post=17768"}],"curies":[{"name":"wp","href":"https:\/\/api.w.org\/{rel}","templated":true}]}}