{"id":17752,"date":"2024-03-01T16:49:03","date_gmt":"2024-03-01T15:49:03","guid":{"rendered":"https:\/\/u15jnbdpoq.preview.infomaniak.website\/produit\/500-servilletas-de-papel-desechables-blancas-1-capa-30-x-30-cm\/"},"modified":"2026-04-19T18:00:22","modified_gmt":"2026-04-19T16:00:22","slug":"500-servilletas-de-papel-desechables-blancas-1-capa-30-x-30-cm","status":"publish","type":"product","link":"https:\/\/www.csj-emballages.com\/es\/produit\/500-servilletas-de-papel-desechables-blancas-1-capa-30-x-30-cm\/","title":{"rendered":"Toalla de papel blanca de 1 capa 30 x 30 cm por 500"},"content":{"rendered":"<h2>Bolsa con tapa<\/h2>\n<hr>\n<h3><span style=\"font-weight: bold;\">Descubra nuestras servilletas blancas de 1 capa 30 x 30 cm paquete de 500<\/span><\/h3>\n<p><!--more--><\/p>\n<p>La <strong>servilleta blanca<\/strong> <strong>de 1 capa de 30 x 30 cm por 500<\/strong> es un producto sencillo y pr\u00e1ctico, ideal para el uso diario. Puede utilizarse para una gran variedad de eventos, desde comidas en casa hasta grandes recepciones. Este producto est\u00e1 dise\u00f1ado para proporcionar una soluci\u00f3n eficaz e higi\u00e9nica para limpiarse las manos o limpiar superficies.  <\/p>\n<h3><\/h3>\n<p><!--more--><\/p>\n<h3>Caracter\u00edsticas de la servilleta blanca de 1 capa<\/h3>\n<p>Cada <strong>toalla de 1 capa<\/strong> mide <strong>30 x 30 cm<\/strong>, un tama\u00f1o pr\u00e1ctico para un uso r\u00e1pido y sencillo. Su tama\u00f1o proporciona una buena cobertura sin dejar de ser compacto y f\u00e1cil de usar. La estructura de <g id=\"gid_2\">1 capa<\/g> tambi\u00e9n garantiza un uso m\u00e1s econ\u00f3mico, sin dejar de ser eficaz para tareas sencillas. Esta <strong>toalla blanca<\/strong> est\u00e1 fabricada con <strong>papel<\/strong> suave, lo que la hace agradable de usar sin irritaciones. Gracias a su formato de <strong>30 x 30<\/strong>, esta <strong>servilleta<\/strong> es lo suficientemente grande para limpiarse las manos despu\u00e9s de comer o para servir en un evento. Es perfecta para comidas informales o momentos en los que la sencillez est\u00e1 a la orden del d\u00eda. Adem\u00e1s, <strong>el blanco<\/strong> es un color neutro que se integra f\u00e1cilmente en cualquier decoraci\u00f3n, ya sea cl\u00e1sica o moderna.      <\/p>\n<p>El <strong>papel<\/strong> utilizado ha sido dise\u00f1ado para ser absorbente y resistente, garantiz\u00e1ndole una c\u00f3moda experiencia de uso sin preocuparse de que el producto se rompa o se vuelva quebradizo r\u00e1pidamente. Esta calidad de fabricaci\u00f3n tambi\u00e9n ayuda a evitar el desperdicio, garantizando que cada <strong>toalla<\/strong> blanca se utilice en todo su potencial. <\/p>\n<p>&nbsp;<\/p>\n<p><!--more--><\/p>\n<h4>Toallas pr\u00e1cticas y econ\u00f3micas<\/h4>\n<p>El paquete contiene <strong>500<\/strong> <strong>servilletas de 30 x 30<\/strong>, que ofrecen una buena relaci\u00f3n calidad-precio. Este gran formato es perfecto para grandes vol\u00famenes en oficinas, eventos e incluso restaurantes. Al optar por este producto, estar\u00e1 haciendo una elecci\u00f3n pr\u00e1ctica y econ\u00f3mica que satisface las necesidades b\u00e1sicas de servilletas de papel.  <\/p>\n<p>En conclusi\u00f3n, la <strong>toalla blanca<\/strong> <strong>de 1 capa 30 x 30 cm de 500<\/strong> es un producto esencial, sencillo y eficaz para sus necesidades cotidianas. Su tama\u00f1o ideal <strong>de 30 x 30<\/strong> permite un uso muy variado, tanto en casa como en reuniones. Puede confiar en la suavidad y resistencia de estas toallas para un uso higi\u00e9nico y agradable.  <\/p>\n<p>&nbsp;<\/p>\n<p><!--more--><\/p>\n<h4>Sus ventajas:<\/h4>\n<ul>\n<li><strong>Pr\u00e1ctico<\/strong>: tama\u00f1o de <strong>30 x 30 cm<\/strong>, ideal para un uso r\u00e1pido y sencillo.<\/li>\n<li><strong>Vers\u00e1til<\/strong>: Adecuado para una gran variedad de eventos, desde comidas informales hasta recepciones.<\/li>\n<li><strong>Higi\u00e9nicas<\/strong>: cada <strong>toalla blanca<\/strong> est\u00e1 fabricada con papel suave y absorbente.<\/li>\n<li><strong>Grandes cantidades<\/strong>: el paquete de 500 <strong>toallitas de 1 capa<\/strong> ofrece una buena relaci\u00f3n calidad-precio para un uso regular.<\/li>\n<\/ul>\n<p>&nbsp;<\/p>\n<p><!--more--><\/p>\n<h4>Informaci\u00f3n adicional :<\/h4>\n<ul>\n<li><strong>Envase<\/strong>: Paquete de 500 unidades<\/li>\n<li><strong>Color<\/strong>: blanco<\/li>\n<li><strong>Dimensiones<\/strong>: 30 x 30 cm desplegado<\/li>\n<li><strong>Material<\/strong>: Papel<\/li>\n<\/ul>\n<p>&nbsp;<\/p>\n<p><!--more--><\/p>\n<p><a href=\"https:\/\/www.csj-emballages.com\/es\/categorie-produit\/envasado-de-alimentos\/catering-es\/servilletas-manteles-individuales-manteles\/toallas\/\">Ver el resto de nuestra gama de toallas<\/a><\/p>\n","protected":false},"excerpt":{"rendered":"<p>Bolsa con tapa Descubra nuestras servilletas blancas de 1 capa 30 x 30 cm paquete de 500<\/p>\n","protected":false},"featured_media":202367,"template":"","meta":{"_acf_changed":false},"product_brand":[],"product_cat":[1150,1179,1182,1285,1690],"product_tag":[],"class_list":{"0":"post-17752","1":"product","2":"type-product","3":"status-publish","4":"has-post-thumbnail","6":"product_cat-envasado-de-alimentos","7":"product_cat-catering-es","8":"product_cat-servilletas-manteles-individuales-manteles","9":"product_cat-toallas","10":"product_cat-toallas-de-1-capa","12":"first","13":"instock","14":"taxable","15":"shipping-taxable","16":"purchasable","17":"product-type-simple"},"acf":[],"yoast_head":"<!-- This site is optimized with the Yoast SEO Premium plugin v26.6 (Yoast SEO v26.6) - https:\/\/yoast.com\/wordpress\/plugins\/seo\/ -->\n<title>Toalla de papel blanca de 1 capa - 30 x 30 cm<\/title>\n<meta name=\"description\" content=\"Descubra nuestra toalla blanca de 1 capa de 30 x 30 cm por 500, pr\u00e1ctica, econ\u00f3mica e higi\u00e9nica para todas sus necesidades diarias.\" \/>\n<meta name=\"robots\" content=\"index, follow, max-snippet:-1, max-image-preview:large, max-video-preview:-1\" \/>\n<link rel=\"canonical\" href=\"https:\/\/www.csj-emballages.com\/es\/produit\/500-servilletas-de-papel-desechables-blancas-1-capa-30-x-30-cm\/\" \/>\n<meta property=\"og:locale\" content=\"es_ES\" \/>\n<meta property=\"og:type\" content=\"article\" \/>\n<meta property=\"og:title\" content=\"Toalla de papel blanca de 1 capa 30 x 30 cm por 500\" \/>\n<meta property=\"og:description\" content=\"Descubra nuestra toalla blanca de 1 capa de 30 x 30 cm por 500, pr\u00e1ctica, econ\u00f3mica e higi\u00e9nica para todas sus necesidades diarias.\" \/>\n<meta property=\"og:url\" content=\"https:\/\/www.csj-emballages.com\/es\/produit\/500-servilletas-de-papel-desechables-blancas-1-capa-30-x-30-cm\/\" \/>\n<meta property=\"og:site_name\" content=\"CSJ Emballages\" \/>\n<meta property=\"article:publisher\" content=\"https:\/\/www.facebook.com\/csjemballages\" \/>\n<meta property=\"article:modified_time\" content=\"2026-04-19T16:00:22+00:00\" \/>\n<meta property=\"og:image\" content=\"https:\/\/www.csj-emballages.com\/wp-content\/uploads\/2024\/03\/SR30AL.webp\" \/>\n\t<meta property=\"og:image:width\" content=\"800\" \/>\n\t<meta property=\"og:image:height\" content=\"800\" \/>\n\t<meta property=\"og:image:type\" content=\"image\/webp\" \/>\n<meta name=\"twitter:card\" content=\"summary_large_image\" \/>\n<meta name=\"twitter:label1\" content=\"Tiempo de lectura\" \/>\n\t<meta name=\"twitter:data1\" content=\"2 minutos\" \/>\n<script type=\"application\/ld+json\" class=\"yoast-schema-graph\">{\"@context\":\"https:\/\/schema.org\",\"@graph\":[{\"@type\":\"WebPage\",\"@id\":\"https:\/\/www.csj-emballages.com\/es\/produit\/500-servilletas-de-papel-desechables-blancas-1-capa-30-x-30-cm\/\",\"url\":\"https:\/\/www.csj-emballages.com\/es\/produit\/500-servilletas-de-papel-desechables-blancas-1-capa-30-x-30-cm\/\",\"name\":\"Toalla de papel blanca de 1 capa - 30 x 30 cm\",\"isPartOf\":{\"@id\":\"https:\/\/www.csj-emballages.com\/es\/#website\"},\"primaryImageOfPage\":{\"@id\":\"https:\/\/www.csj-emballages.com\/es\/produit\/500-servilletas-de-papel-desechables-blancas-1-capa-30-x-30-cm\/#primaryimage\"},\"image\":{\"@id\":\"https:\/\/www.csj-emballages.com\/es\/produit\/500-servilletas-de-papel-desechables-blancas-1-capa-30-x-30-cm\/#primaryimage\"},\"thumbnailUrl\":\"https:\/\/www.csj-emballages.com\/wp-content\/uploads\/2024\/03\/SR30AL.webp\",\"datePublished\":\"2024-03-01T15:49:03+00:00\",\"dateModified\":\"2026-04-19T16:00:22+00:00\",\"description\":\"Descubra nuestra toalla blanca de 1 capa de 30 x 30 cm por 500, pr\u00e1ctica, econ\u00f3mica e higi\u00e9nica para todas sus necesidades diarias.\",\"breadcrumb\":{\"@id\":\"https:\/\/www.csj-emballages.com\/es\/produit\/500-servilletas-de-papel-desechables-blancas-1-capa-30-x-30-cm\/#breadcrumb\"},\"inLanguage\":\"es\",\"potentialAction\":[{\"@type\":\"ReadAction\",\"target\":[\"https:\/\/www.csj-emballages.com\/es\/produit\/500-servilletas-de-papel-desechables-blancas-1-capa-30-x-30-cm\/\"]}]},{\"@type\":\"ImageObject\",\"inLanguage\":\"es\",\"@id\":\"https:\/\/www.csj-emballages.com\/es\/produit\/500-servilletas-de-papel-desechables-blancas-1-capa-30-x-30-cm\/#primaryimage\",\"url\":\"https:\/\/www.csj-emballages.com\/wp-content\/uploads\/2024\/03\/SR30AL.webp\",\"contentUrl\":\"https:\/\/www.csj-emballages.com\/wp-content\/uploads\/2024\/03\/SR30AL.webp\",\"width\":800,\"height\":800,\"caption\":\"Serviette 1 pli\"},{\"@type\":\"BreadcrumbList\",\"@id\":\"https:\/\/www.csj-emballages.com\/es\/produit\/500-servilletas-de-papel-desechables-blancas-1-capa-30-x-30-cm\/#breadcrumb\",\"itemListElement\":[{\"@type\":\"ListItem\",\"position\":1,\"name\":\"Accueil\",\"item\":\"https:\/\/www.csj-emballages.com\/es\/universo-del-envasado-alimentario\/\"},{\"@type\":\"ListItem\",\"position\":2,\"name\":\"Tienda\",\"item\":\"https:\/\/www.csj-emballages.com\/tienda\/\"},{\"@type\":\"ListItem\",\"position\":3,\"name\":\"Toalla de papel blanca de 1 capa 30 x 30 cm por 500\"}]},{\"@type\":\"WebSite\",\"@id\":\"https:\/\/www.csj-emballages.com\/es\/#website\",\"url\":\"https:\/\/www.csj-emballages.com\/es\/\",\"name\":\"CSJ Emballages\",\"description\":\"\",\"publisher\":{\"@id\":\"https:\/\/www.csj-emballages.com\/es\/#organization\"},\"potentialAction\":[{\"@type\":\"SearchAction\",\"target\":{\"@type\":\"EntryPoint\",\"urlTemplate\":\"https:\/\/www.csj-emballages.com\/es\/?s={search_term_string}\"},\"query-input\":{\"@type\":\"PropertyValueSpecification\",\"valueRequired\":true,\"valueName\":\"search_term_string\"}}],\"inLanguage\":\"es\"},{\"@type\":\"Organization\",\"@id\":\"https:\/\/www.csj-emballages.com\/es\/#Organization\/\",\"name\":\"CSJ Emballages\",\"url\":\"https:\/\/www.csj-emballages.com\/es\/\",\"logo\":{\"@type\":\"ImageObject\",\"inLanguage\":\"es\",\"@id\":\"https:\/\/www.csj-emballages.com\/es\/#\/schema\/logo\/image\/\",\"url\":\"https:\/\/www.csj-emballages.com\/wp-content\/uploads\/2023\/10\/logo_csj.webp\",\"contentUrl\":\"https:\/\/www.csj-emballages.com\/wp-content\/uploads\/2023\/10\/logo_csj.webp\",\"width\":250,\"height\":95,\"caption\":\"CSJ Emballages\"},\"image\":{\"@id\":\"https:\/\/www.csj-emballages.com\/es\/#\/schema\/logo\/image\/\"},\"sameAs\":[\"https:\/\/www.facebook.com\/csjemballages\"],\"address\":{\"@type\":\"PostalAddress\",\"streetAddress\":\"ZI La Lechere\",\"addressLocality\":\"Patornay\",\"postalCode\":\"39130\",\"addressCountry\":\"FR\"},\"contactPoint\":[{\"@type\":\"ContactPoint\",\"contactType\":\"Service client\",\"telephone\":\"0384254272\",\"email\":\"contact@csj-emballages.com\"}]}]}<\/script>\n<!-- \/ Yoast SEO Premium plugin. -->","yoast_head_json":{"title":"Toalla de papel blanca de 1 capa - 30 x 30 cm","description":"Descubra nuestra toalla blanca de 1 capa de 30 x 30 cm por 500, pr\u00e1ctica, econ\u00f3mica e higi\u00e9nica para todas sus necesidades diarias.","robots":{"index":"index","follow":"follow","max-snippet":"max-snippet:-1","max-image-preview":"max-image-preview:large","max-video-preview":"max-video-preview:-1"},"canonical":"https:\/\/www.csj-emballages.com\/es\/produit\/500-servilletas-de-papel-desechables-blancas-1-capa-30-x-30-cm\/","og_locale":"es_ES","og_type":"article","og_title":"Toalla de papel blanca de 1 capa 30 x 30 cm por 500","og_description":"Descubra nuestra toalla blanca de 1 capa de 30 x 30 cm por 500, pr\u00e1ctica, econ\u00f3mica e higi\u00e9nica para todas sus necesidades diarias.","og_url":"https:\/\/www.csj-emballages.com\/es\/produit\/500-servilletas-de-papel-desechables-blancas-1-capa-30-x-30-cm\/","og_site_name":"CSJ Emballages","article_publisher":"https:\/\/www.facebook.com\/csjemballages","article_modified_time":"2026-04-19T16:00:22+00:00","og_image":[{"width":800,"height":800,"url":"https:\/\/www.csj-emballages.com\/wp-content\/uploads\/2024\/03\/SR30AL.webp","type":"image\/webp"}],"twitter_card":"summary_large_image","twitter_misc":{"Tiempo de lectura":"2 minutos"},"schema":{"@context":"https:\/\/schema.org","@graph":[{"@type":"WebPage","@id":"https:\/\/www.csj-emballages.com\/es\/produit\/500-servilletas-de-papel-desechables-blancas-1-capa-30-x-30-cm\/","url":"https:\/\/www.csj-emballages.com\/es\/produit\/500-servilletas-de-papel-desechables-blancas-1-capa-30-x-30-cm\/","name":"Toalla de papel blanca de 1 capa - 30 x 30 cm","isPartOf":{"@id":"https:\/\/www.csj-emballages.com\/es\/#website"},"primaryImageOfPage":{"@id":"https:\/\/www.csj-emballages.com\/es\/produit\/500-servilletas-de-papel-desechables-blancas-1-capa-30-x-30-cm\/#primaryimage"},"image":{"@id":"https:\/\/www.csj-emballages.com\/es\/produit\/500-servilletas-de-papel-desechables-blancas-1-capa-30-x-30-cm\/#primaryimage"},"thumbnailUrl":"https:\/\/www.csj-emballages.com\/wp-content\/uploads\/2024\/03\/SR30AL.webp","datePublished":"2024-03-01T15:49:03+00:00","dateModified":"2026-04-19T16:00:22+00:00","description":"Descubra nuestra toalla blanca de 1 capa de 30 x 30 cm por 500, pr\u00e1ctica, econ\u00f3mica e higi\u00e9nica para todas sus necesidades diarias.","breadcrumb":{"@id":"https:\/\/www.csj-emballages.com\/es\/produit\/500-servilletas-de-papel-desechables-blancas-1-capa-30-x-30-cm\/#breadcrumb"},"inLanguage":"es","potentialAction":[{"@type":"ReadAction","target":["https:\/\/www.csj-emballages.com\/es\/produit\/500-servilletas-de-papel-desechables-blancas-1-capa-30-x-30-cm\/"]}]},{"@type":"ImageObject","inLanguage":"es","@id":"https:\/\/www.csj-emballages.com\/es\/produit\/500-servilletas-de-papel-desechables-blancas-1-capa-30-x-30-cm\/#primaryimage","url":"https:\/\/www.csj-emballages.com\/wp-content\/uploads\/2024\/03\/SR30AL.webp","contentUrl":"https:\/\/www.csj-emballages.com\/wp-content\/uploads\/2024\/03\/SR30AL.webp","width":800,"height":800,"caption":"Serviette 1 pli"},{"@type":"BreadcrumbList","@id":"https:\/\/www.csj-emballages.com\/es\/produit\/500-servilletas-de-papel-desechables-blancas-1-capa-30-x-30-cm\/#breadcrumb","itemListElement":[{"@type":"ListItem","position":1,"name":"Accueil","item":"https:\/\/www.csj-emballages.com\/es\/universo-del-envasado-alimentario\/"},{"@type":"ListItem","position":2,"name":"Tienda","item":"https:\/\/www.csj-emballages.com\/tienda\/"},{"@type":"ListItem","position":3,"name":"Toalla de papel blanca de 1 capa 30 x 30 cm por 500"}]},{"@type":"WebSite","@id":"https:\/\/www.csj-emballages.com\/es\/#website","url":"https:\/\/www.csj-emballages.com\/es\/","name":"CSJ Emballages","description":"","publisher":{"@id":"https:\/\/www.csj-emballages.com\/es\/#organization"},"potentialAction":[{"@type":"SearchAction","target":{"@type":"EntryPoint","urlTemplate":"https:\/\/www.csj-emballages.com\/es\/?s={search_term_string}"},"query-input":{"@type":"PropertyValueSpecification","valueRequired":true,"valueName":"search_term_string"}}],"inLanguage":"es"},{"@type":"Organization","@id":"https:\/\/www.csj-emballages.com\/es\/#Organization\/","name":"CSJ Emballages","url":"https:\/\/www.csj-emballages.com\/es\/","logo":{"@type":"ImageObject","inLanguage":"es","@id":"https:\/\/www.csj-emballages.com\/es\/#\/schema\/logo\/image\/","url":"https:\/\/www.csj-emballages.com\/wp-content\/uploads\/2023\/10\/logo_csj.webp","contentUrl":"https:\/\/www.csj-emballages.com\/wp-content\/uploads\/2023\/10\/logo_csj.webp","width":250,"height":95,"caption":"CSJ Emballages"},"image":{"@id":"https:\/\/www.csj-emballages.com\/es\/#\/schema\/logo\/image\/"},"sameAs":["https:\/\/www.facebook.com\/csjemballages"],"address":{"@type":"PostalAddress","streetAddress":"ZI La Lechere","addressLocality":"Patornay","postalCode":"39130","addressCountry":"FR"},"contactPoint":[{"@type":"ContactPoint","contactType":"Service client","telephone":"0384254272","email":"contact@csj-emballages.com"}]}]}},"df_price":3.95,"df_sale_price":"","df_regular_price":3.95,"df_image_link":"https:\/\/www.csj-emballages.com\/wp-content\/uploads\/2024\/03\/SR30AL-300x300.webp","tiered_pricing_type":"fixed","tiered_pricing_fixed_rules":[],"tiered_pricing_percentage_rules":[],"tiered_pricing_minimum":1,"tiered_pricing_roles_data":[],"_links":{"self":[{"href":"https:\/\/www.csj-emballages.com\/es\/wp-json\/wp\/v2\/product\/17752","targetHints":{"allow":["GET"]}}],"collection":[{"href":"https:\/\/www.csj-emballages.com\/es\/wp-json\/wp\/v2\/product"}],"about":[{"href":"https:\/\/www.csj-emballages.com\/es\/wp-json\/wp\/v2\/types\/product"}],"wp:featuredmedia":[{"embeddable":true,"href":"https:\/\/www.csj-emballages.com\/es\/wp-json\/wp\/v2\/media\/202367"}],"wp:attachment":[{"href":"https:\/\/www.csj-emballages.com\/es\/wp-json\/wp\/v2\/media?parent=17752"}],"wp:term":[{"taxonomy":"product_brand","embeddable":true,"href":"https:\/\/www.csj-emballages.com\/es\/wp-json\/wp\/v2\/product_brand?post=17752"},{"taxonomy":"product_cat","embeddable":true,"href":"https:\/\/www.csj-emballages.com\/es\/wp-json\/wp\/v2\/product_cat?post=17752"},{"taxonomy":"product_tag","embeddable":true,"href":"https:\/\/www.csj-emballages.com\/es\/wp-json\/wp\/v2\/product_tag?post=17752"}],"curies":[{"name":"wp","href":"https:\/\/api.w.org\/{rel}","templated":true}]}}