{"id":17742,"date":"2024-03-01T16:49:04","date_gmt":"2024-03-01T15:49:04","guid":{"rendered":"https:\/\/u15jnbdpoq.preview.infomaniak.website\/produit\/250-bolsas-biobasadas-para-pan-de-molde-rojo-16-x-5-5-x-60-cm\/"},"modified":"2026-03-12T16:42:42","modified_gmt":"2026-03-12T15:42:42","slug":"250-bolsas-biobasadas-para-pan-de-molde-rojo-16-x-5-5-x-60-cm","status":"publish","type":"product","link":"https:\/\/www.csj-emballages.com\/es\/produit\/250-bolsas-biobasadas-para-pan-de-molde-rojo-16-x-5-5-x-60-cm\/","title":{"rendered":"Bolsa roja para pan de molde biobasado 16 x 5 + 5 x 60 cm por 250"},"content":{"rendered":"<h2 class=\"p1 ai-optimize-26 ai-optimize-introduction\">Bolsa de pan<\/h2>\n<hr>\n<h3 class=\"ai-optimize-34\">Descripci\u00f3n de nuestra bolsa biobasada para pan de molde rojo 16 x 5 + 5 x 60 cm por 250<\/h3>\n<p><!--more--><\/p>\n<p class=\"ai-optimize-28 ai-optimize-introduction\" data-start=\"270\" data-end=\"632\">La <strong data-start=\"273\" data-end=\"330\">bolsa roja para pan de molde de origen biol\u00f3gico de 16 x 5 + 5 x 60 cm<\/strong> es una soluci\u00f3n ideal para panaderos, artesanos o minoristas que deseen combinar practicidad, est\u00e9tica y compromiso con el medio ambiente. Especialmente dise\u00f1ada para envasar <strong>pan de molde<\/strong>, esta <strong>bolsa<\/strong> combina funcionalidad y respeto por el medio ambiente gracias a su composici\u00f3n <strong>de origen biol\u00f3gico<\/strong>. Su <strong>color rojo natural<\/strong> a\u00f1ade un <strong data-start=\"672\" data-end=\"693\">toque artesanal<\/strong> que realza el valor de sus productos a primera vista. Fabricada a partir de materias primas renovables, esta <strong>bolsa<\/strong> est\u00e1 dise\u00f1ada para reducir su huella de carbono al tiempo que garantiza una excelente resistencia a la manipulaci\u00f3n.   <\/p>\n<p class=\"ai-optimize-30\" data-start=\"925\" data-end=\"1240\">Gracias a sus <strong>generosas dimensiones de 16 cm de ancho<\/strong>, <strong>5 cm de<\/strong> fuelle a <strong>cada lado<\/strong> y <strong>60 cm de largo<\/strong>, se adapta f\u00e1cilmente a <strong>panes de molde<\/strong> de diversos tama\u00f1os. Su textura lisa y s\u00f3lida permite embolsarlo r\u00e1pidamente, al tiempo que mantiene el pan a salvo de roturas o humedades. <\/p>\n<p class=\"ai-optimize-31\" data-start=\"1242\" data-end=\"1454\">Esta <strong>bolsa<\/strong>, que se vende en paquetes de <strong data-start=\"1259\" data-end=\"1273\">250 unidades<\/strong>, se adapta perfectamente a las necesidades de los profesionales de la panader\u00eda y la comida para llevar.<\/p>\n<p class=\"ai-optimize-32\" data-start=\"1456\" data-end=\"1648\">En resumen, es una alternativa responsable a las bolsas tradicionales, ideal para quienes desean ofrecer un envasado natural y eficaz.<\/p>\n<p><!--more--><\/p>\n<h4 class=\"ai-optimize-37\"><strong>Ventajas:<\/strong><\/h4>\n<ul>\n<li class=\"ai-optimize-38\"><strong>Fabricaci\u00f3n<\/strong> <strong data-start=\"1875\" data-end=\"1889\">de origen biol\u00f3gico<\/strong>: respetuosa con el medio ambiente.<\/li>\n<li class=\"ai-optimize-39\"><strong>Rojo<\/strong> natural para un aspecto aut\u00e9ntico.<\/li>\n<li class=\"ai-optimize-40\">Tama\u00f1o ideal para pan de molde.<\/li>\n<li class=\"ai-optimize-42\">Esta <strong>bolsa para pan<\/strong> es robusta y resistente a la humedad y la manipulaci\u00f3n.<\/li>\n<li class=\"ai-optimize-46\"><strong>Se venden en paquetes de<\/strong> <strong data-start=\"2109\" data-end=\"2123\">250<\/strong> unidades: perfectos para profesionales.<\/li>\n<\/ul>\n<p>&nbsp;<\/p>\n<p><!--more--><\/p>\n<h4 class=\"ai-optimize-44\">Informaci\u00f3n adicional :<\/h4>\n<ul>\n<li class=\"ai-optimize-45\"><strong>Envase<\/strong>: Paquete de 250<\/li>\n<li class=\"ai-optimize-36\"><strong>Dimensiones<\/strong>: 16 x 5 + 5 x 60 cm<\/li>\n<li class=\"ai-optimize-47\"><b>Material <\/b>: Pl\u00e1stico de origen biol\u00f3gico<\/li>\n<li class=\"ai-optimize-48\"><strong>Color<\/strong>: Rojo<\/li>\n<\/ul>\n<p>&nbsp;<\/p>\n<p><!--more--><\/p>\n<p class=\"ai-optimize-34\">Encuentre aqu\u00ed nuestras bolsas para pan de molde disponibles en varios tama\u00f1os: <span style=\"color: #d12727;\"><a style=\"color: #d12727;\" href=\"https:\/\/www.csj-emballages.com\/es\/produit\/200-bolsas-verdes-biobasadas-para-pan-de-molde-16-x-5-5-x-35-cm\/\">16 x 10 x 35 cm<\/a><\/span> \/ <span style=\"color: #d12727;\"><a style=\"color: #d12727;\" href=\"https:\/\/www.csj-emballages.com\/produit\/250-sacs-a-pain-tranchee-bleu-biosource-16-x-5-5-x-43-cm\/\">16 x 5 + 5 x 43 cm<\/a><\/span> \/ <span style=\"color: #d12727;\"><a style=\"color: #d12727;\" href=\"https:\/\/www.csj-emballages.com\/es\/produit\/250-bolsas-de-pan-de-molde-biobasado-marron-12-x-5-5-x-45-cm\/\">12 x 5 + 5 x 45 cm<\/a><\/span> \/ <span style=\"color: #d12727;\"><a style=\"color: #d12727;\" href=\"https:\/\/www.csj-emballages.com\/produit\/250-sacs-a-pain-tranchee-beige-biosource-23-x-4-4-x-40-cm\/\">23 x 4 + 4 x 40 cm<\/a><\/span><\/p>\n<p>&nbsp;<\/p>\n<p><!--more--><\/p>\n<p class=\"ai-optimize-41\"><a href=\"https:\/\/www.csj-emballages.com\/es\/categorie-produit\/envasado-de-alimentos\/gama-ecologica\/bolsas-ecologicas-es\/\">Ver el resto de nuestra gama de bolsas ecol\u00f3gicas<\/a><\/p>\n","protected":false},"excerpt":{"rendered":"<p>Bolsa de pan Descripci\u00f3n de nuestra bolsa biobasada para pan de molde rojo 16 x 5 + 5 x 60 cm por 250<\/p>\n","protected":false},"featured_media":238339,"template":"","meta":{"_acf_changed":false},"product_brand":[],"product_cat":[1150,1145,1654,1662,1163,6694],"product_tag":[],"class_list":{"0":"post-17742","1":"product","2":"type-product","3":"status-publish","4":"has-post-thumbnail","6":"product_cat-envasado-de-alimentos","7":"product_cat-panaderia-y-pasteleria","8":"product_cat-sacheries-es","9":"product_cat-bolsas-de-pan-de-molde","10":"product_cat-gama-ecologica","11":"product_cat-bolsas-ecologicas-es","13":"first","14":"instock","15":"taxable","16":"shipping-taxable","17":"purchasable","18":"product-type-simple"},"acf":[],"yoast_head":"<!-- This site is optimized with the Yoast SEO Premium plugin v26.6 (Yoast SEO v26.6) - https:\/\/yoast.com\/wordpress\/plugins\/seo\/ -->\n<title>Saco de pan de molde biobasado rojo 16 x 5 + 5 x 60 cm por 250<\/title>\n<meta name=\"description\" content=\"Bolsa biobasada roja para pan de molde 16 x 5 + 5 x 60 cm - Paquete de 250. Pr\u00e1ctica, ecol\u00f3gica y resistente: ideal para panaderos y artesanos responsables.\" \/>\n<meta name=\"robots\" content=\"index, follow, max-snippet:-1, max-image-preview:large, max-video-preview:-1\" \/>\n<link rel=\"canonical\" href=\"https:\/\/www.csj-emballages.com\/es\/produit\/250-bolsas-biobasadas-para-pan-de-molde-rojo-16-x-5-5-x-60-cm\/\" \/>\n<meta property=\"og:locale\" content=\"es_ES\" \/>\n<meta property=\"og:type\" content=\"article\" \/>\n<meta property=\"og:title\" content=\"Bolsa roja para pan de molde biobasado 16 x 5 + 5 x 60 cm por 250\" \/>\n<meta property=\"og:description\" content=\"Bolsa biobasada roja para pan de molde 16 x 5 + 5 x 60 cm - Paquete de 250. Pr\u00e1ctica, ecol\u00f3gica y resistente: ideal para panaderos y artesanos responsables.\" \/>\n<meta property=\"og:url\" content=\"https:\/\/www.csj-emballages.com\/es\/produit\/250-bolsas-biobasadas-para-pan-de-molde-rojo-16-x-5-5-x-60-cm\/\" \/>\n<meta property=\"og:site_name\" content=\"CSJ Emballages\" \/>\n<meta property=\"article:publisher\" content=\"https:\/\/www.facebook.com\/csjemballages\" \/>\n<meta property=\"article:modified_time\" content=\"2026-03-12T15:42:42+00:00\" \/>\n<meta property=\"og:image\" content=\"https:\/\/www.csj-emballages.com\/wp-content\/uploads\/2024\/03\/SPROUG.webp\" \/>\n\t<meta property=\"og:image:width\" content=\"800\" \/>\n\t<meta property=\"og:image:height\" content=\"800\" \/>\n\t<meta property=\"og:image:type\" content=\"image\/webp\" \/>\n<meta name=\"twitter:card\" content=\"summary_large_image\" \/>\n<meta name=\"twitter:label1\" content=\"Tiempo de lectura\" \/>\n\t<meta name=\"twitter:data1\" content=\"2 minutos\" \/>\n<script type=\"application\/ld+json\" class=\"yoast-schema-graph\">{\"@context\":\"https:\/\/schema.org\",\"@graph\":[{\"@type\":\"WebPage\",\"@id\":\"https:\/\/www.csj-emballages.com\/es\/produit\/250-bolsas-biobasadas-para-pan-de-molde-rojo-16-x-5-5-x-60-cm\/\",\"url\":\"https:\/\/www.csj-emballages.com\/es\/produit\/250-bolsas-biobasadas-para-pan-de-molde-rojo-16-x-5-5-x-60-cm\/\",\"name\":\"Saco de pan de molde biobasado rojo 16 x 5 + 5 x 60 cm por 250\",\"isPartOf\":{\"@id\":\"https:\/\/www.csj-emballages.com\/es\/#website\"},\"primaryImageOfPage\":{\"@id\":\"https:\/\/www.csj-emballages.com\/es\/produit\/250-bolsas-biobasadas-para-pan-de-molde-rojo-16-x-5-5-x-60-cm\/#primaryimage\"},\"image\":{\"@id\":\"https:\/\/www.csj-emballages.com\/es\/produit\/250-bolsas-biobasadas-para-pan-de-molde-rojo-16-x-5-5-x-60-cm\/#primaryimage\"},\"thumbnailUrl\":\"https:\/\/www.csj-emballages.com\/wp-content\/uploads\/2024\/03\/SPROUG.webp\",\"datePublished\":\"2024-03-01T15:49:04+00:00\",\"dateModified\":\"2026-03-12T15:42:42+00:00\",\"description\":\"Bolsa biobasada roja para pan de molde 16 x 5 + 5 x 60 cm - Paquete de 250. Pr\u00e1ctica, ecol\u00f3gica y resistente: ideal para panaderos y artesanos responsables.\",\"breadcrumb\":{\"@id\":\"https:\/\/www.csj-emballages.com\/es\/produit\/250-bolsas-biobasadas-para-pan-de-molde-rojo-16-x-5-5-x-60-cm\/#breadcrumb\"},\"inLanguage\":\"es\",\"potentialAction\":[{\"@type\":\"ReadAction\",\"target\":[\"https:\/\/www.csj-emballages.com\/es\/produit\/250-bolsas-biobasadas-para-pan-de-molde-rojo-16-x-5-5-x-60-cm\/\"]}]},{\"@type\":\"ImageObject\",\"inLanguage\":\"es\",\"@id\":\"https:\/\/www.csj-emballages.com\/es\/produit\/250-bolsas-biobasadas-para-pan-de-molde-rojo-16-x-5-5-x-60-cm\/#primaryimage\",\"url\":\"https:\/\/www.csj-emballages.com\/wp-content\/uploads\/2024\/03\/SPROUG.webp\",\"contentUrl\":\"https:\/\/www.csj-emballages.com\/wp-content\/uploads\/2024\/03\/SPROUG.webp\",\"width\":800,\"height\":800,\"caption\":\"Sac \u00e0 pain\"},{\"@type\":\"BreadcrumbList\",\"@id\":\"https:\/\/www.csj-emballages.com\/es\/produit\/250-bolsas-biobasadas-para-pan-de-molde-rojo-16-x-5-5-x-60-cm\/#breadcrumb\",\"itemListElement\":[{\"@type\":\"ListItem\",\"position\":1,\"name\":\"Accueil\",\"item\":\"https:\/\/www.csj-emballages.com\/es\/universo-del-envasado-alimentario\/\"},{\"@type\":\"ListItem\",\"position\":2,\"name\":\"Tienda\",\"item\":\"https:\/\/www.csj-emballages.com\/tienda\/\"},{\"@type\":\"ListItem\",\"position\":3,\"name\":\"Bolsa roja para pan de molde biobasado 16 x 5 + 5 x 60 cm por 250\"}]},{\"@type\":\"WebSite\",\"@id\":\"https:\/\/www.csj-emballages.com\/es\/#website\",\"url\":\"https:\/\/www.csj-emballages.com\/es\/\",\"name\":\"CSJ Emballages\",\"description\":\"\",\"publisher\":{\"@id\":\"https:\/\/www.csj-emballages.com\/es\/#organization\"},\"potentialAction\":[{\"@type\":\"SearchAction\",\"target\":{\"@type\":\"EntryPoint\",\"urlTemplate\":\"https:\/\/www.csj-emballages.com\/es\/?s={search_term_string}\"},\"query-input\":{\"@type\":\"PropertyValueSpecification\",\"valueRequired\":true,\"valueName\":\"search_term_string\"}}],\"inLanguage\":\"es\"},{\"@type\":\"Organization\",\"@id\":\"https:\/\/www.csj-emballages.com\/es\/#Organization\/\",\"name\":\"CSJ Emballages\",\"url\":\"https:\/\/www.csj-emballages.com\/es\/\",\"logo\":{\"@type\":\"ImageObject\",\"inLanguage\":\"es\",\"@id\":\"https:\/\/www.csj-emballages.com\/es\/#\/schema\/logo\/image\/\",\"url\":\"https:\/\/www.csj-emballages.com\/wp-content\/uploads\/2023\/10\/logo_csj.webp\",\"contentUrl\":\"https:\/\/www.csj-emballages.com\/wp-content\/uploads\/2023\/10\/logo_csj.webp\",\"width\":250,\"height\":95,\"caption\":\"CSJ Emballages\"},\"image\":{\"@id\":\"https:\/\/www.csj-emballages.com\/es\/#\/schema\/logo\/image\/\"},\"sameAs\":[\"https:\/\/www.facebook.com\/csjemballages\"],\"address\":{\"@type\":\"PostalAddress\",\"streetAddress\":\"ZI La Lechere\",\"addressLocality\":\"Patornay\",\"postalCode\":\"39130\",\"addressCountry\":\"FR\"},\"contactPoint\":[{\"@type\":\"ContactPoint\",\"contactType\":\"Service client\",\"telephone\":\"0384254272\",\"email\":\"contact@csj-emballages.com\"}]}]}<\/script>\n<!-- \/ Yoast SEO Premium plugin. -->","yoast_head_json":{"title":"Saco de pan de molde biobasado rojo 16 x 5 + 5 x 60 cm por 250","description":"Bolsa biobasada roja para pan de molde 16 x 5 + 5 x 60 cm - Paquete de 250. Pr\u00e1ctica, ecol\u00f3gica y resistente: ideal para panaderos y artesanos responsables.","robots":{"index":"index","follow":"follow","max-snippet":"max-snippet:-1","max-image-preview":"max-image-preview:large","max-video-preview":"max-video-preview:-1"},"canonical":"https:\/\/www.csj-emballages.com\/es\/produit\/250-bolsas-biobasadas-para-pan-de-molde-rojo-16-x-5-5-x-60-cm\/","og_locale":"es_ES","og_type":"article","og_title":"Bolsa roja para pan de molde biobasado 16 x 5 + 5 x 60 cm por 250","og_description":"Bolsa biobasada roja para pan de molde 16 x 5 + 5 x 60 cm - Paquete de 250. Pr\u00e1ctica, ecol\u00f3gica y resistente: ideal para panaderos y artesanos responsables.","og_url":"https:\/\/www.csj-emballages.com\/es\/produit\/250-bolsas-biobasadas-para-pan-de-molde-rojo-16-x-5-5-x-60-cm\/","og_site_name":"CSJ Emballages","article_publisher":"https:\/\/www.facebook.com\/csjemballages","article_modified_time":"2026-03-12T15:42:42+00:00","og_image":[{"width":800,"height":800,"url":"https:\/\/www.csj-emballages.com\/wp-content\/uploads\/2024\/03\/SPROUG.webp","type":"image\/webp"}],"twitter_card":"summary_large_image","twitter_misc":{"Tiempo de lectura":"2 minutos"},"schema":{"@context":"https:\/\/schema.org","@graph":[{"@type":"WebPage","@id":"https:\/\/www.csj-emballages.com\/es\/produit\/250-bolsas-biobasadas-para-pan-de-molde-rojo-16-x-5-5-x-60-cm\/","url":"https:\/\/www.csj-emballages.com\/es\/produit\/250-bolsas-biobasadas-para-pan-de-molde-rojo-16-x-5-5-x-60-cm\/","name":"Saco de pan de molde biobasado rojo 16 x 5 + 5 x 60 cm por 250","isPartOf":{"@id":"https:\/\/www.csj-emballages.com\/es\/#website"},"primaryImageOfPage":{"@id":"https:\/\/www.csj-emballages.com\/es\/produit\/250-bolsas-biobasadas-para-pan-de-molde-rojo-16-x-5-5-x-60-cm\/#primaryimage"},"image":{"@id":"https:\/\/www.csj-emballages.com\/es\/produit\/250-bolsas-biobasadas-para-pan-de-molde-rojo-16-x-5-5-x-60-cm\/#primaryimage"},"thumbnailUrl":"https:\/\/www.csj-emballages.com\/wp-content\/uploads\/2024\/03\/SPROUG.webp","datePublished":"2024-03-01T15:49:04+00:00","dateModified":"2026-03-12T15:42:42+00:00","description":"Bolsa biobasada roja para pan de molde 16 x 5 + 5 x 60 cm - Paquete de 250. Pr\u00e1ctica, ecol\u00f3gica y resistente: ideal para panaderos y artesanos responsables.","breadcrumb":{"@id":"https:\/\/www.csj-emballages.com\/es\/produit\/250-bolsas-biobasadas-para-pan-de-molde-rojo-16-x-5-5-x-60-cm\/#breadcrumb"},"inLanguage":"es","potentialAction":[{"@type":"ReadAction","target":["https:\/\/www.csj-emballages.com\/es\/produit\/250-bolsas-biobasadas-para-pan-de-molde-rojo-16-x-5-5-x-60-cm\/"]}]},{"@type":"ImageObject","inLanguage":"es","@id":"https:\/\/www.csj-emballages.com\/es\/produit\/250-bolsas-biobasadas-para-pan-de-molde-rojo-16-x-5-5-x-60-cm\/#primaryimage","url":"https:\/\/www.csj-emballages.com\/wp-content\/uploads\/2024\/03\/SPROUG.webp","contentUrl":"https:\/\/www.csj-emballages.com\/wp-content\/uploads\/2024\/03\/SPROUG.webp","width":800,"height":800,"caption":"Sac \u00e0 pain"},{"@type":"BreadcrumbList","@id":"https:\/\/www.csj-emballages.com\/es\/produit\/250-bolsas-biobasadas-para-pan-de-molde-rojo-16-x-5-5-x-60-cm\/#breadcrumb","itemListElement":[{"@type":"ListItem","position":1,"name":"Accueil","item":"https:\/\/www.csj-emballages.com\/es\/universo-del-envasado-alimentario\/"},{"@type":"ListItem","position":2,"name":"Tienda","item":"https:\/\/www.csj-emballages.com\/tienda\/"},{"@type":"ListItem","position":3,"name":"Bolsa roja para pan de molde biobasado 16 x 5 + 5 x 60 cm por 250"}]},{"@type":"WebSite","@id":"https:\/\/www.csj-emballages.com\/es\/#website","url":"https:\/\/www.csj-emballages.com\/es\/","name":"CSJ Emballages","description":"","publisher":{"@id":"https:\/\/www.csj-emballages.com\/es\/#organization"},"potentialAction":[{"@type":"SearchAction","target":{"@type":"EntryPoint","urlTemplate":"https:\/\/www.csj-emballages.com\/es\/?s={search_term_string}"},"query-input":{"@type":"PropertyValueSpecification","valueRequired":true,"valueName":"search_term_string"}}],"inLanguage":"es"},{"@type":"Organization","@id":"https:\/\/www.csj-emballages.com\/es\/#Organization\/","name":"CSJ Emballages","url":"https:\/\/www.csj-emballages.com\/es\/","logo":{"@type":"ImageObject","inLanguage":"es","@id":"https:\/\/www.csj-emballages.com\/es\/#\/schema\/logo\/image\/","url":"https:\/\/www.csj-emballages.com\/wp-content\/uploads\/2023\/10\/logo_csj.webp","contentUrl":"https:\/\/www.csj-emballages.com\/wp-content\/uploads\/2023\/10\/logo_csj.webp","width":250,"height":95,"caption":"CSJ Emballages"},"image":{"@id":"https:\/\/www.csj-emballages.com\/es\/#\/schema\/logo\/image\/"},"sameAs":["https:\/\/www.facebook.com\/csjemballages"],"address":{"@type":"PostalAddress","streetAddress":"ZI La Lechere","addressLocality":"Patornay","postalCode":"39130","addressCountry":"FR"},"contactPoint":[{"@type":"ContactPoint","contactType":"Service client","telephone":"0384254272","email":"contact@csj-emballages.com"}]}]}},"df_price":14.75,"df_sale_price":"","df_regular_price":14.75,"df_image_link":"https:\/\/www.csj-emballages.com\/wp-content\/uploads\/2024\/03\/SPROUG-300x300.webp","tiered_pricing_type":"fixed","tiered_pricing_fixed_rules":[],"tiered_pricing_percentage_rules":[],"tiered_pricing_minimum":1,"tiered_pricing_roles_data":[],"_links":{"self":[{"href":"https:\/\/www.csj-emballages.com\/es\/wp-json\/wp\/v2\/product\/17742","targetHints":{"allow":["GET"]}}],"collection":[{"href":"https:\/\/www.csj-emballages.com\/es\/wp-json\/wp\/v2\/product"}],"about":[{"href":"https:\/\/www.csj-emballages.com\/es\/wp-json\/wp\/v2\/types\/product"}],"wp:featuredmedia":[{"embeddable":true,"href":"https:\/\/www.csj-emballages.com\/es\/wp-json\/wp\/v2\/media\/238339"}],"wp:attachment":[{"href":"https:\/\/www.csj-emballages.com\/es\/wp-json\/wp\/v2\/media?parent=17742"}],"wp:term":[{"taxonomy":"product_brand","embeddable":true,"href":"https:\/\/www.csj-emballages.com\/es\/wp-json\/wp\/v2\/product_brand?post=17742"},{"taxonomy":"product_cat","embeddable":true,"href":"https:\/\/www.csj-emballages.com\/es\/wp-json\/wp\/v2\/product_cat?post=17742"},{"taxonomy":"product_tag","embeddable":true,"href":"https:\/\/www.csj-emballages.com\/es\/wp-json\/wp\/v2\/product_tag?post=17742"}],"curies":[{"name":"wp","href":"https:\/\/api.w.org\/{rel}","templated":true}]}}