{"id":17730,"date":"2024-03-01T16:49:03","date_gmt":"2024-03-01T15:49:03","guid":{"rendered":"https:\/\/u15jnbdpoq.preview.infomaniak.website\/produit\/100-bolsas-para-golosinas-con-base-de-carton-blanco-de-lunares-100-x-220-mm\/"},"modified":"2026-04-03T02:21:06","modified_gmt":"2026-04-03T00:21:06","slug":"100-bolsas-para-golosinas-con-base-de-carton-blanco-de-lunares-100-x-220-mm","status":"publish","type":"product","link":"https:\/\/www.csj-emballages.com\/es\/produit\/100-bolsas-para-golosinas-con-base-de-carton-blanco-de-lunares-100-x-220-mm\/","title":{"rendered":"Bolsas blancas para confiter\u00eda de guisantes 100 x 220 mm, paquete de 100"},"content":{"rendered":"<h2 class=\"p1\">Bolsa de golosinas<\/h2>\n<hr>\n<h3>Descripci\u00f3n de nuestra bolsa para confiter\u00eda de guisantes blancos 100 x 220 mm por 100<\/h3>\n<p><!--more--><\/p>\n<p data-start=\"0\" data-end=\"547\">A\u00f1ada un toque de elegancia a sus creaciones gourmet con la <strong data-start=\"103\" data-end=\"149\">bolsa para dulces de lunares blancos de 100 x 220 mm<\/strong>. Sus <strong data-start=\"155\" data-end=\"190\">ic\u00f3nicos e intemporales motivos de<\/strong> <strong>lunares<\/strong> blancos ofrecen una presentaci\u00f3n refinada que realza al instante sus bombones, galletas, almendras garrapi\u00f1adas o turrones. Gracias a su <strong data-start=\"323\" data-end=\"337\">base perfilada<\/strong>, esta <strong>bolsa de<\/strong> pl\u00e1stico muestra cada producto de forma elegante y pr\u00e1ctica a la vez. Ganar\u00e1 en visibilidad y encanto, una valiosa baza para conquistar a sus clientes a primera vista.   <\/p>\n<p data-start=\"549\" data-end=\"1019\">Su <strong data-start=\"562\" data-end=\"577\">base r\u00edgida<\/strong> tambi\u00e9n garantiza una excelente estabilidad, evitando derrames y facilitando el llenado y la exposici\u00f3n. Anteriormente dise\u00f1ado con una base <strong>de cart\u00f3n<\/strong>, este modelo se fabrica ahora \u00edntegramente en <strong data-start=\"788\" data-end=\"805\">polipropileno<\/strong>, lo que lo convierte <strong data-start=\"822\" data-end=\"839\">en un producto monomaterial<\/strong> y, por tanto, <strong data-start=\"848\" data-end=\"868\">100% reciclable<\/strong>. Esta elecci\u00f3n responsable se ajusta plenamente a los compromisos del C\u00f3digo franc\u00e9s de Medio Ambiente y ya cumple los requisitos de la <strong data-start=\"999\" data-end=\"1016\">ley AGEC 2025<\/strong>.  <\/p>\n<p data-start=\"1021\" data-end=\"1417\">Ideal para <strong data-start=\"1036\" data-end=\"1115\">galleteros, chocolateros, confiteros, azucareros, turroneros y pasteleros<\/strong>, este <strong>sobre de confiter\u00eda<\/strong> es <strong data-start=\"1142\" data-end=\"1173\">apto para el contacto con alimentos<\/strong>, lo que garantiza la conservaci\u00f3n del sabor y la frescura de sus dulces. Su dise\u00f1o atemporal, combinado con una construcci\u00f3n duradera, lo convierte en un envase vers\u00e1til para todas sus creaciones dulces, desde las m\u00e1s tradicionales a las m\u00e1s innovadoras. <\/p>\n<p data-start=\"1419\" data-end=\"1855\">Al elegir esta <strong data-start=\"1437\" data-end=\"1470\">bolsa blanca para confiter\u00eda de guisantes<\/strong>, estar\u00e1 combinando <strong data-start=\"1484\" data-end=\"1498\">est\u00e9tica<\/strong>, <strong data-start=\"1500\" data-end=\"1513\">practicidad<\/strong> y <strong data-start=\"1517\" data-end=\"1552\">responsabilidad medioambiental<\/strong>. Se convertir\u00e1 r\u00e1pidamente en un elemento esencial de su gama de envases, ofreciendo una presentaci\u00f3n de alta gama. Ofrezca a sus productos un escaparate elegante y ecorresponsable, listo para llamar la atenci\u00f3n y presumir de artesan\u00eda.  <\/p>\n<p data-start=\"1419\" data-end=\"1855\">\n<p data-start=\"1367\" data-end=\"1669\"><!--more--><\/p>\n<h4 data-start=\"1367\" data-end=\"1669\">Ventajas :<\/h4>\n<ul>\n<li data-start=\"1367\" data-end=\"1669\"><strong data-start=\"2073\" data-end=\"2091\">Dise\u00f1o elegante<\/strong>: atemporales motivos de lunares blancos que realzan cada creaci\u00f3n.<\/li>\n<li data-start=\"1367\" data-end=\"1669\"><strong data-start=\"2163\" data-end=\"2187\">Base r\u00edgida y perfilada<\/strong> para mayor estabilidad y f\u00e1cil llenado.<\/li>\n<li data-start=\"1367\" data-end=\"1669\"><strong data-start=\"2237\" data-end=\"2265\">Reciclable monomaterial<\/strong>: fabricado en polipropileno conforme a la ley AGEC 2025.<\/li>\n<li data-start=\"1367\" data-end=\"1669\"><strong data-start=\"2318\" data-end=\"2349\">Contacto alimentario garantizado<\/strong>: ideal para confiter\u00eda, chocolate y galletas.<\/li>\n<\/ul>\n<p>&nbsp;<\/p>\n<p><!--more--><\/p>\n<h4>Informaci\u00f3n adicional :<\/h4>\n<ul>\n<li><strong>Embalaje<\/strong>: Paquete de 100<\/li>\n<li><strong>Dimensiones<\/strong>: 100 x 220 mm<\/li>\n<li><strong>Color<\/strong>: Transparente \/ Blanco<\/li>\n<li><strong>Material<\/strong>: OPP<\/li>\n<li><strong>Grosor<\/strong>: 35 micras<\/li>\n<\/ul>\n<p>&nbsp;<\/p>\n<p><!--more--><\/p>\n<p><a href=\"https:\/\/www.csj-emballages.com\/es\/categorie-produit\/envasado-de-alimentos\/panaderia-y-pasteleria\/bolsas-sobres-y-papel\/bolsas-para-golosinas\/bolsas-tematicas\/bolsas-clasicas\/\">Ver el resto de nuestra gama de bolsas para golosinas cl\u00e1sicas<\/a><\/p>\n","protected":false},"excerpt":{"rendered":"<p>Bolsa de golosinas Descripci\u00f3n de nuestra bolsa para confiter\u00eda de guisantes blancos 100 x 220 mm por 100<\/p>\n","protected":false},"featured_media":243548,"template":"","meta":{"_acf_changed":false},"product_brand":[],"product_cat":[1150,1145,1660,1669],"product_tag":[],"class_list":{"0":"post-17730","1":"product","2":"type-product","3":"status-publish","4":"has-post-thumbnail","6":"product_cat-envasado-de-alimentos","7":"product_cat-panaderia-y-pasteleria","8":"product_cat-bolsas-para-golosinas","9":"product_cat-bolsas-clasicas","11":"first","12":"instock","13":"taxable","14":"shipping-taxable","15":"purchasable","16":"product-type-simple"},"acf":[],"yoast_head":"<!-- This site is optimized with the Yoast SEO Premium plugin v26.6 (Yoast SEO v26.6) - https:\/\/yoast.com\/wordpress\/plugins\/seo\/ -->\n<title>Bolsa para golosinas de lunares blancos 100 x 220 mm por 100<\/title>\n<meta name=\"description\" content=\"Bolsa blanca para confiter\u00eda de guisantes 100 x 220 mm: elegante, reciclable, de base r\u00edgida para una presentaci\u00f3n estable y apta para el contacto con alimentos.\" \/>\n<meta name=\"robots\" content=\"index, follow, max-snippet:-1, max-image-preview:large, max-video-preview:-1\" \/>\n<link rel=\"canonical\" href=\"https:\/\/www.csj-emballages.com\/es\/produit\/100-bolsas-para-golosinas-con-base-de-carton-blanco-de-lunares-100-x-220-mm\/\" \/>\n<meta property=\"og:locale\" content=\"es_ES\" \/>\n<meta property=\"og:type\" content=\"article\" \/>\n<meta property=\"og:title\" content=\"Bolsas blancas para confiter\u00eda de guisantes 100 x 220 mm, paquete de 100\" \/>\n<meta property=\"og:description\" content=\"Bolsa blanca para confiter\u00eda de guisantes 100 x 220 mm: elegante, reciclable, de base r\u00edgida para una presentaci\u00f3n estable y apta para el contacto con alimentos.\" \/>\n<meta property=\"og:url\" content=\"https:\/\/www.csj-emballages.com\/es\/produit\/100-bolsas-para-golosinas-con-base-de-carton-blanco-de-lunares-100-x-220-mm\/\" \/>\n<meta property=\"og:site_name\" content=\"CSJ Emballages\" \/>\n<meta property=\"article:publisher\" content=\"https:\/\/www.facebook.com\/csjemballages\" \/>\n<meta property=\"article:modified_time\" content=\"2026-04-03T00:21:06+00:00\" \/>\n<meta property=\"og:image\" content=\"https:\/\/www.csj-emballages.com\/wp-content\/uploads\/2024\/03\/SPOISBLANCT1.webp\" \/>\n\t<meta property=\"og:image:width\" content=\"800\" \/>\n\t<meta property=\"og:image:height\" content=\"800\" \/>\n\t<meta property=\"og:image:type\" content=\"image\/webp\" \/>\n<meta name=\"twitter:card\" content=\"summary_large_image\" \/>\n<meta name=\"twitter:label1\" content=\"Tiempo de lectura\" \/>\n\t<meta name=\"twitter:data1\" content=\"2 minutos\" \/>\n<script type=\"application\/ld+json\" class=\"yoast-schema-graph\">{\"@context\":\"https:\/\/schema.org\",\"@graph\":[{\"@type\":\"WebPage\",\"@id\":\"https:\/\/www.csj-emballages.com\/es\/produit\/100-bolsas-para-golosinas-con-base-de-carton-blanco-de-lunares-100-x-220-mm\/\",\"url\":\"https:\/\/www.csj-emballages.com\/es\/produit\/100-bolsas-para-golosinas-con-base-de-carton-blanco-de-lunares-100-x-220-mm\/\",\"name\":\"Bolsa para golosinas de lunares blancos 100 x 220 mm por 100\",\"isPartOf\":{\"@id\":\"https:\/\/www.csj-emballages.com\/es\/#website\"},\"primaryImageOfPage\":{\"@id\":\"https:\/\/www.csj-emballages.com\/es\/produit\/100-bolsas-para-golosinas-con-base-de-carton-blanco-de-lunares-100-x-220-mm\/#primaryimage\"},\"image\":{\"@id\":\"https:\/\/www.csj-emballages.com\/es\/produit\/100-bolsas-para-golosinas-con-base-de-carton-blanco-de-lunares-100-x-220-mm\/#primaryimage\"},\"thumbnailUrl\":\"https:\/\/www.csj-emballages.com\/wp-content\/uploads\/2024\/03\/SPOISBLANCT1.webp\",\"datePublished\":\"2024-03-01T15:49:03+00:00\",\"dateModified\":\"2026-04-03T00:21:06+00:00\",\"description\":\"Bolsa blanca para confiter\u00eda de guisantes 100 x 220 mm: elegante, reciclable, de base r\u00edgida para una presentaci\u00f3n estable y apta para el contacto con alimentos.\",\"breadcrumb\":{\"@id\":\"https:\/\/www.csj-emballages.com\/es\/produit\/100-bolsas-para-golosinas-con-base-de-carton-blanco-de-lunares-100-x-220-mm\/#breadcrumb\"},\"inLanguage\":\"es\",\"potentialAction\":[{\"@type\":\"ReadAction\",\"target\":[\"https:\/\/www.csj-emballages.com\/es\/produit\/100-bolsas-para-golosinas-con-base-de-carton-blanco-de-lunares-100-x-220-mm\/\"]}]},{\"@type\":\"ImageObject\",\"inLanguage\":\"es\",\"@id\":\"https:\/\/www.csj-emballages.com\/es\/produit\/100-bolsas-para-golosinas-con-base-de-carton-blanco-de-lunares-100-x-220-mm\/#primaryimage\",\"url\":\"https:\/\/www.csj-emballages.com\/wp-content\/uploads\/2024\/03\/SPOISBLANCT1.webp\",\"contentUrl\":\"https:\/\/www.csj-emballages.com\/wp-content\/uploads\/2024\/03\/SPOISBLANCT1.webp\",\"width\":800,\"height\":800,\"caption\":\"Sachet confiseries\"},{\"@type\":\"BreadcrumbList\",\"@id\":\"https:\/\/www.csj-emballages.com\/es\/produit\/100-bolsas-para-golosinas-con-base-de-carton-blanco-de-lunares-100-x-220-mm\/#breadcrumb\",\"itemListElement\":[{\"@type\":\"ListItem\",\"position\":1,\"name\":\"Accueil\",\"item\":\"https:\/\/www.csj-emballages.com\/es\/universo-del-envasado-alimentario\/\"},{\"@type\":\"ListItem\",\"position\":2,\"name\":\"Tienda\",\"item\":\"https:\/\/www.csj-emballages.com\/tienda\/\"},{\"@type\":\"ListItem\",\"position\":3,\"name\":\"Bolsas blancas para confiter\u00eda de guisantes 100 x 220 mm, paquete de 100\"}]},{\"@type\":\"WebSite\",\"@id\":\"https:\/\/www.csj-emballages.com\/es\/#website\",\"url\":\"https:\/\/www.csj-emballages.com\/es\/\",\"name\":\"CSJ Emballages\",\"description\":\"\",\"publisher\":{\"@id\":\"https:\/\/www.csj-emballages.com\/es\/#organization\"},\"potentialAction\":[{\"@type\":\"SearchAction\",\"target\":{\"@type\":\"EntryPoint\",\"urlTemplate\":\"https:\/\/www.csj-emballages.com\/es\/?s={search_term_string}\"},\"query-input\":{\"@type\":\"PropertyValueSpecification\",\"valueRequired\":true,\"valueName\":\"search_term_string\"}}],\"inLanguage\":\"es\"},{\"@type\":\"Organization\",\"@id\":\"https:\/\/www.csj-emballages.com\/es\/#Organization\/\",\"name\":\"CSJ Emballages\",\"url\":\"https:\/\/www.csj-emballages.com\/es\/\",\"logo\":{\"@type\":\"ImageObject\",\"inLanguage\":\"es\",\"@id\":\"https:\/\/www.csj-emballages.com\/es\/#\/schema\/logo\/image\/\",\"url\":\"https:\/\/www.csj-emballages.com\/wp-content\/uploads\/2023\/10\/logo_csj.webp\",\"contentUrl\":\"https:\/\/www.csj-emballages.com\/wp-content\/uploads\/2023\/10\/logo_csj.webp\",\"width\":250,\"height\":95,\"caption\":\"CSJ Emballages\"},\"image\":{\"@id\":\"https:\/\/www.csj-emballages.com\/es\/#\/schema\/logo\/image\/\"},\"sameAs\":[\"https:\/\/www.facebook.com\/csjemballages\"],\"address\":{\"@type\":\"PostalAddress\",\"streetAddress\":\"ZI La Lechere\",\"addressLocality\":\"Patornay\",\"postalCode\":\"39130\",\"addressCountry\":\"FR\"},\"contactPoint\":[{\"@type\":\"ContactPoint\",\"contactType\":\"Service client\",\"telephone\":\"0384254272\",\"email\":\"contact@csj-emballages.com\"}]}]}<\/script>\n<!-- \/ Yoast SEO Premium plugin. -->","yoast_head_json":{"title":"Bolsa para golosinas de lunares blancos 100 x 220 mm por 100","description":"Bolsa blanca para confiter\u00eda de guisantes 100 x 220 mm: elegante, reciclable, de base r\u00edgida para una presentaci\u00f3n estable y apta para el contacto con alimentos.","robots":{"index":"index","follow":"follow","max-snippet":"max-snippet:-1","max-image-preview":"max-image-preview:large","max-video-preview":"max-video-preview:-1"},"canonical":"https:\/\/www.csj-emballages.com\/es\/produit\/100-bolsas-para-golosinas-con-base-de-carton-blanco-de-lunares-100-x-220-mm\/","og_locale":"es_ES","og_type":"article","og_title":"Bolsas blancas para confiter\u00eda de guisantes 100 x 220 mm, paquete de 100","og_description":"Bolsa blanca para confiter\u00eda de guisantes 100 x 220 mm: elegante, reciclable, de base r\u00edgida para una presentaci\u00f3n estable y apta para el contacto con alimentos.","og_url":"https:\/\/www.csj-emballages.com\/es\/produit\/100-bolsas-para-golosinas-con-base-de-carton-blanco-de-lunares-100-x-220-mm\/","og_site_name":"CSJ Emballages","article_publisher":"https:\/\/www.facebook.com\/csjemballages","article_modified_time":"2026-04-03T00:21:06+00:00","og_image":[{"width":800,"height":800,"url":"https:\/\/www.csj-emballages.com\/wp-content\/uploads\/2024\/03\/SPOISBLANCT1.webp","type":"image\/webp"}],"twitter_card":"summary_large_image","twitter_misc":{"Tiempo de lectura":"2 minutos"},"schema":{"@context":"https:\/\/schema.org","@graph":[{"@type":"WebPage","@id":"https:\/\/www.csj-emballages.com\/es\/produit\/100-bolsas-para-golosinas-con-base-de-carton-blanco-de-lunares-100-x-220-mm\/","url":"https:\/\/www.csj-emballages.com\/es\/produit\/100-bolsas-para-golosinas-con-base-de-carton-blanco-de-lunares-100-x-220-mm\/","name":"Bolsa para golosinas de lunares blancos 100 x 220 mm por 100","isPartOf":{"@id":"https:\/\/www.csj-emballages.com\/es\/#website"},"primaryImageOfPage":{"@id":"https:\/\/www.csj-emballages.com\/es\/produit\/100-bolsas-para-golosinas-con-base-de-carton-blanco-de-lunares-100-x-220-mm\/#primaryimage"},"image":{"@id":"https:\/\/www.csj-emballages.com\/es\/produit\/100-bolsas-para-golosinas-con-base-de-carton-blanco-de-lunares-100-x-220-mm\/#primaryimage"},"thumbnailUrl":"https:\/\/www.csj-emballages.com\/wp-content\/uploads\/2024\/03\/SPOISBLANCT1.webp","datePublished":"2024-03-01T15:49:03+00:00","dateModified":"2026-04-03T00:21:06+00:00","description":"Bolsa blanca para confiter\u00eda de guisantes 100 x 220 mm: elegante, reciclable, de base r\u00edgida para una presentaci\u00f3n estable y apta para el contacto con alimentos.","breadcrumb":{"@id":"https:\/\/www.csj-emballages.com\/es\/produit\/100-bolsas-para-golosinas-con-base-de-carton-blanco-de-lunares-100-x-220-mm\/#breadcrumb"},"inLanguage":"es","potentialAction":[{"@type":"ReadAction","target":["https:\/\/www.csj-emballages.com\/es\/produit\/100-bolsas-para-golosinas-con-base-de-carton-blanco-de-lunares-100-x-220-mm\/"]}]},{"@type":"ImageObject","inLanguage":"es","@id":"https:\/\/www.csj-emballages.com\/es\/produit\/100-bolsas-para-golosinas-con-base-de-carton-blanco-de-lunares-100-x-220-mm\/#primaryimage","url":"https:\/\/www.csj-emballages.com\/wp-content\/uploads\/2024\/03\/SPOISBLANCT1.webp","contentUrl":"https:\/\/www.csj-emballages.com\/wp-content\/uploads\/2024\/03\/SPOISBLANCT1.webp","width":800,"height":800,"caption":"Sachet confiseries"},{"@type":"BreadcrumbList","@id":"https:\/\/www.csj-emballages.com\/es\/produit\/100-bolsas-para-golosinas-con-base-de-carton-blanco-de-lunares-100-x-220-mm\/#breadcrumb","itemListElement":[{"@type":"ListItem","position":1,"name":"Accueil","item":"https:\/\/www.csj-emballages.com\/es\/universo-del-envasado-alimentario\/"},{"@type":"ListItem","position":2,"name":"Tienda","item":"https:\/\/www.csj-emballages.com\/tienda\/"},{"@type":"ListItem","position":3,"name":"Bolsas blancas para confiter\u00eda de guisantes 100 x 220 mm, paquete de 100"}]},{"@type":"WebSite","@id":"https:\/\/www.csj-emballages.com\/es\/#website","url":"https:\/\/www.csj-emballages.com\/es\/","name":"CSJ Emballages","description":"","publisher":{"@id":"https:\/\/www.csj-emballages.com\/es\/#organization"},"potentialAction":[{"@type":"SearchAction","target":{"@type":"EntryPoint","urlTemplate":"https:\/\/www.csj-emballages.com\/es\/?s={search_term_string}"},"query-input":{"@type":"PropertyValueSpecification","valueRequired":true,"valueName":"search_term_string"}}],"inLanguage":"es"},{"@type":"Organization","@id":"https:\/\/www.csj-emballages.com\/es\/#Organization\/","name":"CSJ Emballages","url":"https:\/\/www.csj-emballages.com\/es\/","logo":{"@type":"ImageObject","inLanguage":"es","@id":"https:\/\/www.csj-emballages.com\/es\/#\/schema\/logo\/image\/","url":"https:\/\/www.csj-emballages.com\/wp-content\/uploads\/2023\/10\/logo_csj.webp","contentUrl":"https:\/\/www.csj-emballages.com\/wp-content\/uploads\/2023\/10\/logo_csj.webp","width":250,"height":95,"caption":"CSJ Emballages"},"image":{"@id":"https:\/\/www.csj-emballages.com\/es\/#\/schema\/logo\/image\/"},"sameAs":["https:\/\/www.facebook.com\/csjemballages"],"address":{"@type":"PostalAddress","streetAddress":"ZI La Lechere","addressLocality":"Patornay","postalCode":"39130","addressCountry":"FR"},"contactPoint":[{"@type":"ContactPoint","contactType":"Service client","telephone":"0384254272","email":"contact@csj-emballages.com"}]}]}},"df_price":14.78,"df_sale_price":"","df_regular_price":14.78,"df_image_link":"https:\/\/www.csj-emballages.com\/wp-content\/uploads\/2024\/03\/SPOISBLANCT1-300x300.webp","tiered_pricing_type":"fixed","tiered_pricing_fixed_rules":[],"tiered_pricing_percentage_rules":[],"tiered_pricing_minimum":1,"tiered_pricing_roles_data":[],"_links":{"self":[{"href":"https:\/\/www.csj-emballages.com\/es\/wp-json\/wp\/v2\/product\/17730","targetHints":{"allow":["GET"]}}],"collection":[{"href":"https:\/\/www.csj-emballages.com\/es\/wp-json\/wp\/v2\/product"}],"about":[{"href":"https:\/\/www.csj-emballages.com\/es\/wp-json\/wp\/v2\/types\/product"}],"wp:featuredmedia":[{"embeddable":true,"href":"https:\/\/www.csj-emballages.com\/es\/wp-json\/wp\/v2\/media\/243548"}],"wp:attachment":[{"href":"https:\/\/www.csj-emballages.com\/es\/wp-json\/wp\/v2\/media?parent=17730"}],"wp:term":[{"taxonomy":"product_brand","embeddable":true,"href":"https:\/\/www.csj-emballages.com\/es\/wp-json\/wp\/v2\/product_brand?post=17730"},{"taxonomy":"product_cat","embeddable":true,"href":"https:\/\/www.csj-emballages.com\/es\/wp-json\/wp\/v2\/product_cat?post=17730"},{"taxonomy":"product_tag","embeddable":true,"href":"https:\/\/www.csj-emballages.com\/es\/wp-json\/wp\/v2\/product_tag?post=17730"}],"curies":[{"name":"wp","href":"https:\/\/api.w.org\/{rel}","templated":true}]}}