{"id":17720,"date":"2024-03-01T16:49:04","date_gmt":"2024-03-01T15:49:04","guid":{"rendered":"https:\/\/u15jnbdpoq.preview.infomaniak.website\/produit\/100-bolsas-de-confiteria-con-base-de-carton-perla-120-x-275-mm\/"},"modified":"2026-03-12T16:42:32","modified_gmt":"2026-03-12T15:42:32","slug":"100-bolsas-de-confiteria-con-base-de-carton-perla-120-x-275-mm","status":"publish","type":"product","link":"https:\/\/www.csj-emballages.com\/es\/produit\/100-bolsas-de-confiteria-con-base-de-carton-perla-120-x-275-mm\/","title":{"rendered":"Bolsa para confiter\u00eda Pearl 120 x 275 mm por 100"},"content":{"rendered":"<h2 class=\"p1\">Bolsa de golosinas<\/h2>\n<hr>\n<h3>Descripci\u00f3n de nuestra bolsa para confiter\u00eda Perle 120 x 275 mm por 100<\/h3>\n<p><!--more--><\/p>\n<p data-start=\"0\" data-end=\"598\">A\u00f1ada un toque de <strong data-start=\"60\" data-end=\"83\">indulgencia festiva<\/strong> a sus presentaciones con la <strong data-start=\"112\" data-end=\"153\">bolsa de confiter\u00eda Perle de 120 x 275 mm<\/strong>, que se vende en paquetes de <strong>100<\/strong>. Su <strong data-start=\"180\" data-end=\"206\">motivo alegre y colorido<\/strong> atrae las miradas al instante y es una forma estupenda de mostrar sus creaciones dulces. Gracias a su <strong data-start=\"291\" data-end=\"305\">base perfilada<\/strong>, esta <strong>bolsa de conf<\/strong> iter\u00eda garantiza <strong data-start=\"328\" data-end=\"350\">una estabilidad perfecta<\/strong>, ideal para exponer sus <strong data-start=\"376\" data-end=\"388\">galletas<\/strong>, <strong data-start=\"390\" data-end=\"403\" data-is-only-node=\"\">bombones<\/strong>, <strong data-start=\"405\" data-end=\"416\">almendras garrapi\u00f1adas<\/strong>, <strong data-start=\"418\" data-end=\"429\">turrones<\/strong> o delicados pasteles. No necesita soportes adicionales: la base r\u00edgida mantiene la bolsa en posici\u00f3n vertical, para una exposici\u00f3n impecable en estanter\u00edas o para envolver regalos.   <\/p>\n<p data-start=\"600\" data-end=\"1050\">Otra gran ventaja es que la base es de <strong data-start=\"657\" data-end=\"674\">polipropileno<\/strong> y no de cart\u00f3n. Esta inteligente elecci\u00f3n hace que el envase <strong data-start=\"708\" data-end=\"724\">sea monomaterial<\/strong> y, por tanto, <strong data-start=\"731\" data-end=\"751\">100% reciclable<\/strong>. En un solo gesto, usted cumple <strong data-start=\"789\" data-end=\"812\">los requisitos de AGEC 2025<\/strong> y demuestra su compromiso con un envasado <strong data-start=\"861\" data-end=\"875\">ecol\u00f3gico<\/strong> y respetuoso con el <strong data-start=\"894\" data-end=\"921\">medio ambiente<\/strong>. Adem\u00e1s, cada <strong>bolsa de pl\u00e1stico<\/strong> es <strong data-start=\"950\" data-end=\"981\">apta para el contacto con alimentos<\/strong>, lo que garantiza un almacenamiento seguro e higi\u00e9nico de sus dulces.   <\/p>\n<p data-start=\"1052\" data-end=\"1469\">Dise\u00f1ado para profesionales, este pr\u00e1ctico formato <strong>de 120 x 275 mm<\/strong> es ideal para <strong data-start=\"1146\" data-end=\"1161\">galleteros<\/strong>, <strong data-start=\"1163\" data-end=\"1179\">chocolateros<\/strong>, <strong data-start=\"1181\" data-end=\"1195\">confiteros<\/strong>, <strong data-start=\"1197\" data-end=\"1211\">drag\u00e9istes<\/strong> y <strong data-start=\"1213\" data-end=\"1227\">turroneros<\/strong>, as\u00ed como <strong data-start=\"1235\" data-end=\"1249\">pasteleros<\/strong> y <strong data-start=\"1253\" data-end=\"1268\">galleteros<\/strong>. Su transparencia, ligeramente animada por perlas de colores, realza la textura y los colores de sus productos de confiter\u00eda, al tiempo que ofrece una presentaci\u00f3n elegante que conquistar\u00e1 a sus clientes a primera vista. <\/p>\n<p data-start=\"1471\" data-end=\"1836\">En resumen, esta <strong data-start=\"1485\" data-end=\"1513\">bolsa de confiter\u00eda Perle<\/strong> es la combinaci\u00f3n perfecta de <strong data-start=\"1548\" data-end=\"1562\">est\u00e9tica<\/strong>, <strong data-start=\"1564\" data-end=\"1577\">practicidad<\/strong> y <strong data-start=\"1581\" data-end=\"1595\">durabilidad<\/strong>. Es perfecta tanto para ventas en tienda como para eventos festivos como bodas, cumplea\u00f1os y celebraciones de fin de a\u00f1o. Ofrezca a sus creaciones un estuche <strong data-start=\"1770\" data-end=\"1783\">atractivo<\/strong>, <strong data-start=\"1785\" data-end=\"1795\">resistente<\/strong> y <strong data-start=\"1799\" data-end=\"1833\">respetuoso con el medio ambiente<\/strong>.  <\/p>\n<p data-start=\"1367\" data-end=\"1669\"><!--more--><\/p>\n<h4 data-start=\"1367\" data-end=\"1669\">Ventajas :<\/h4>\n<ul>\n<li data-start=\"1367\" data-end=\"1669\">Un <strong data-start=\"2048\" data-end=\"2074\">estampado alegre y colorido<\/strong> que llama la atenci\u00f3n y realza sus creaciones.<\/li>\n<li data-start=\"1367\" data-end=\"1669\"><strong data-start=\"2122\" data-end=\"2143\">Base de forma r\u00edgida<\/strong> para una estabilidad \u00f3ptima sin apoyo.<\/li>\n<li data-start=\"1367\" data-end=\"1669\"><strong data-start=\"2190\" data-end=\"2223\">Polipropileno monomaterial<\/strong>, totalmente reciclable y conforme con <strong data-start=\"2260\" data-end=\"2273\">AGEC 2025<\/strong>.<\/li>\n<li data-start=\"1367\" data-end=\"1669\"><strong data-start=\"2279\" data-end=\"2310\">Contacto alimentario garantizado<\/strong>, ideal para chocolateros, confiteros y pasteleros.<\/li>\n<li data-start=\"1367\" data-end=\"1669\">Pr\u00e1ctico formato en <strong data-start=\"2386\" data-end=\"2400\">paquetes de 100 unidades<\/strong> para uso profesional.<\/li>\n<\/ul>\n<p>&nbsp;<\/p>\n<p><!--more--><\/p>\n<h4>Informaci\u00f3n adicional :<\/h4>\n<ul>\n<li><strong>Embalaje<\/strong>: Paquete de 100<\/li>\n<li><strong>Dimensiones<\/strong>: 120 x 275 mm<\/li>\n<li><strong>Color<\/strong>: Transparente \/ Coloreado<\/li>\n<li><strong>Material<\/strong>: OPP<\/li>\n<li><strong>Grosor<\/strong>: 35 micras<\/li>\n<\/ul>\n<p>&nbsp;<\/p>\n<p><!--more--><\/p>\n<p>Esta bolsa de pl\u00e1stico est\u00e1 disponible en un tama\u00f1o m\u00e1s peque\u00f1o: <span style=\"color: #d12727;\"><a style=\"color: #d12727;\" href=\"https:\/\/www.csj-emballages.com\/es\/produit\/100-bolsas-de-confiteria-con-base-de-carton-perla-100-x-220-mm\/\">100 x 220 mm<\/a><\/span><\/p>\n<p>&nbsp;<\/p>\n<p><!--more--><\/p>\n<p><a href=\"https:\/\/www.csj-emballages.com\/es\/categorie-produit\/envasado-de-alimentos\/panaderia-y-pasteleria\/bolsas-sobres-y-papel\/bolsas-para-golosinas\/bolsas-tematicas\/bolsas-clasicas\/\">Ver el resto de nuestra gama de bolsas para golosinas cl\u00e1sicas<\/a><\/p>\n","protected":false},"excerpt":{"rendered":"<p>Bolsa de golosinas Descripci\u00f3n de nuestra bolsa para confiter\u00eda Perle 120 x 275 mm por 100<\/p>\n","protected":false},"featured_media":243538,"template":"","meta":{"_acf_changed":false},"product_brand":[],"product_cat":[1150,1145,1660,1669,1665],"product_tag":[],"class_list":{"0":"post-17720","1":"product","2":"type-product","3":"status-publish","4":"has-post-thumbnail","6":"product_cat-envasado-de-alimentos","7":"product_cat-panaderia-y-pasteleria","8":"product_cat-bolsas-para-golosinas","9":"product_cat-bolsas-clasicas","10":"product_cat-bolsas-de-pascua","12":"first","13":"instock","14":"taxable","15":"shipping-taxable","16":"purchasable","17":"product-type-simple"},"acf":[],"yoast_head":"<!-- This site is optimized with the Yoast SEO Premium plugin v26.6 (Yoast SEO v26.6) - https:\/\/yoast.com\/wordpress\/plugins\/seo\/ -->\n<title>Bolsa perlada para confiter\u00eda 120 x 275 mm por 100<\/title>\n<meta name=\"description\" content=\"Bolsa perlada para confiter\u00eda 120 x 275 mm: base r\u00edgida, dise\u00f1o colorido, 100% reciclable, ideal para bombones, galletas y almendras garrapi\u00f1adas.\" \/>\n<meta name=\"robots\" content=\"index, follow, max-snippet:-1, max-image-preview:large, max-video-preview:-1\" \/>\n<link rel=\"canonical\" href=\"https:\/\/www.csj-emballages.com\/es\/produit\/100-bolsas-de-confiteria-con-base-de-carton-perla-120-x-275-mm\/\" \/>\n<meta property=\"og:locale\" content=\"es_ES\" \/>\n<meta property=\"og:type\" content=\"article\" \/>\n<meta property=\"og:title\" content=\"Bolsa para confiter\u00eda Pearl 120 x 275 mm por 100\" \/>\n<meta property=\"og:description\" content=\"Bolsa perlada para confiter\u00eda 120 x 275 mm: base r\u00edgida, dise\u00f1o colorido, 100% reciclable, ideal para bombones, galletas y almendras garrapi\u00f1adas.\" \/>\n<meta property=\"og:url\" content=\"https:\/\/www.csj-emballages.com\/es\/produit\/100-bolsas-de-confiteria-con-base-de-carton-perla-120-x-275-mm\/\" \/>\n<meta property=\"og:site_name\" content=\"CSJ Emballages\" \/>\n<meta property=\"article:publisher\" content=\"https:\/\/www.facebook.com\/csjemballages\" \/>\n<meta property=\"article:modified_time\" content=\"2026-03-12T15:42:32+00:00\" \/>\n<meta property=\"og:image\" content=\"https:\/\/www.csj-emballages.com\/wp-content\/uploads\/2024\/03\/Sachet-confiseries.webp\" \/>\n\t<meta property=\"og:image:width\" content=\"800\" \/>\n\t<meta property=\"og:image:height\" content=\"800\" \/>\n\t<meta property=\"og:image:type\" content=\"image\/webp\" \/>\n<meta name=\"twitter:card\" content=\"summary_large_image\" \/>\n<meta name=\"twitter:label1\" content=\"Tiempo de lectura\" \/>\n\t<meta name=\"twitter:data1\" content=\"2 minutos\" \/>\n<script type=\"application\/ld+json\" class=\"yoast-schema-graph\">{\"@context\":\"https:\/\/schema.org\",\"@graph\":[{\"@type\":\"WebPage\",\"@id\":\"https:\/\/www.csj-emballages.com\/es\/produit\/100-bolsas-de-confiteria-con-base-de-carton-perla-120-x-275-mm\/\",\"url\":\"https:\/\/www.csj-emballages.com\/es\/produit\/100-bolsas-de-confiteria-con-base-de-carton-perla-120-x-275-mm\/\",\"name\":\"Bolsa perlada para confiter\u00eda 120 x 275 mm por 100\",\"isPartOf\":{\"@id\":\"https:\/\/www.csj-emballages.com\/es\/#website\"},\"primaryImageOfPage\":{\"@id\":\"https:\/\/www.csj-emballages.com\/es\/produit\/100-bolsas-de-confiteria-con-base-de-carton-perla-120-x-275-mm\/#primaryimage\"},\"image\":{\"@id\":\"https:\/\/www.csj-emballages.com\/es\/produit\/100-bolsas-de-confiteria-con-base-de-carton-perla-120-x-275-mm\/#primaryimage\"},\"thumbnailUrl\":\"https:\/\/www.csj-emballages.com\/wp-content\/uploads\/2024\/03\/Sachet-confiseries.webp\",\"datePublished\":\"2024-03-01T15:49:04+00:00\",\"dateModified\":\"2026-03-12T15:42:32+00:00\",\"description\":\"Bolsa perlada para confiter\u00eda 120 x 275 mm: base r\u00edgida, dise\u00f1o colorido, 100% reciclable, ideal para bombones, galletas y almendras garrapi\u00f1adas.\",\"breadcrumb\":{\"@id\":\"https:\/\/www.csj-emballages.com\/es\/produit\/100-bolsas-de-confiteria-con-base-de-carton-perla-120-x-275-mm\/#breadcrumb\"},\"inLanguage\":\"es\",\"potentialAction\":[{\"@type\":\"ReadAction\",\"target\":[\"https:\/\/www.csj-emballages.com\/es\/produit\/100-bolsas-de-confiteria-con-base-de-carton-perla-120-x-275-mm\/\"]}]},{\"@type\":\"ImageObject\",\"inLanguage\":\"es\",\"@id\":\"https:\/\/www.csj-emballages.com\/es\/produit\/100-bolsas-de-confiteria-con-base-de-carton-perla-120-x-275-mm\/#primaryimage\",\"url\":\"https:\/\/www.csj-emballages.com\/wp-content\/uploads\/2024\/03\/Sachet-confiseries.webp\",\"contentUrl\":\"https:\/\/www.csj-emballages.com\/wp-content\/uploads\/2024\/03\/Sachet-confiseries.webp\",\"width\":800,\"height\":800,\"caption\":\"Sachet confiseries\"},{\"@type\":\"BreadcrumbList\",\"@id\":\"https:\/\/www.csj-emballages.com\/es\/produit\/100-bolsas-de-confiteria-con-base-de-carton-perla-120-x-275-mm\/#breadcrumb\",\"itemListElement\":[{\"@type\":\"ListItem\",\"position\":1,\"name\":\"Accueil\",\"item\":\"https:\/\/www.csj-emballages.com\/es\/universo-del-envasado-alimentario\/\"},{\"@type\":\"ListItem\",\"position\":2,\"name\":\"Tienda\",\"item\":\"https:\/\/www.csj-emballages.com\/tienda\/\"},{\"@type\":\"ListItem\",\"position\":3,\"name\":\"Bolsa para confiter\u00eda Pearl 120 x 275 mm por 100\"}]},{\"@type\":\"WebSite\",\"@id\":\"https:\/\/www.csj-emballages.com\/es\/#website\",\"url\":\"https:\/\/www.csj-emballages.com\/es\/\",\"name\":\"CSJ Emballages\",\"description\":\"\",\"publisher\":{\"@id\":\"https:\/\/www.csj-emballages.com\/es\/#organization\"},\"potentialAction\":[{\"@type\":\"SearchAction\",\"target\":{\"@type\":\"EntryPoint\",\"urlTemplate\":\"https:\/\/www.csj-emballages.com\/es\/?s={search_term_string}\"},\"query-input\":{\"@type\":\"PropertyValueSpecification\",\"valueRequired\":true,\"valueName\":\"search_term_string\"}}],\"inLanguage\":\"es\"},{\"@type\":\"Organization\",\"@id\":\"https:\/\/www.csj-emballages.com\/es\/#Organization\/\",\"name\":\"CSJ Emballages\",\"url\":\"https:\/\/www.csj-emballages.com\/es\/\",\"logo\":{\"@type\":\"ImageObject\",\"inLanguage\":\"es\",\"@id\":\"https:\/\/www.csj-emballages.com\/es\/#\/schema\/logo\/image\/\",\"url\":\"https:\/\/www.csj-emballages.com\/wp-content\/uploads\/2023\/10\/logo_csj.webp\",\"contentUrl\":\"https:\/\/www.csj-emballages.com\/wp-content\/uploads\/2023\/10\/logo_csj.webp\",\"width\":250,\"height\":95,\"caption\":\"CSJ Emballages\"},\"image\":{\"@id\":\"https:\/\/www.csj-emballages.com\/es\/#\/schema\/logo\/image\/\"},\"sameAs\":[\"https:\/\/www.facebook.com\/csjemballages\"],\"address\":{\"@type\":\"PostalAddress\",\"streetAddress\":\"ZI La Lechere\",\"addressLocality\":\"Patornay\",\"postalCode\":\"39130\",\"addressCountry\":\"FR\"},\"contactPoint\":[{\"@type\":\"ContactPoint\",\"contactType\":\"Service client\",\"telephone\":\"0384254272\",\"email\":\"contact@csj-emballages.com\"}]}]}<\/script>\n<!-- \/ Yoast SEO Premium plugin. -->","yoast_head_json":{"title":"Bolsa perlada para confiter\u00eda 120 x 275 mm por 100","description":"Bolsa perlada para confiter\u00eda 120 x 275 mm: base r\u00edgida, dise\u00f1o colorido, 100% reciclable, ideal para bombones, galletas y almendras garrapi\u00f1adas.","robots":{"index":"index","follow":"follow","max-snippet":"max-snippet:-1","max-image-preview":"max-image-preview:large","max-video-preview":"max-video-preview:-1"},"canonical":"https:\/\/www.csj-emballages.com\/es\/produit\/100-bolsas-de-confiteria-con-base-de-carton-perla-120-x-275-mm\/","og_locale":"es_ES","og_type":"article","og_title":"Bolsa para confiter\u00eda Pearl 120 x 275 mm por 100","og_description":"Bolsa perlada para confiter\u00eda 120 x 275 mm: base r\u00edgida, dise\u00f1o colorido, 100% reciclable, ideal para bombones, galletas y almendras garrapi\u00f1adas.","og_url":"https:\/\/www.csj-emballages.com\/es\/produit\/100-bolsas-de-confiteria-con-base-de-carton-perla-120-x-275-mm\/","og_site_name":"CSJ Emballages","article_publisher":"https:\/\/www.facebook.com\/csjemballages","article_modified_time":"2026-03-12T15:42:32+00:00","og_image":[{"width":800,"height":800,"url":"https:\/\/www.csj-emballages.com\/wp-content\/uploads\/2024\/03\/Sachet-confiseries.webp","type":"image\/webp"}],"twitter_card":"summary_large_image","twitter_misc":{"Tiempo de lectura":"2 minutos"},"schema":{"@context":"https:\/\/schema.org","@graph":[{"@type":"WebPage","@id":"https:\/\/www.csj-emballages.com\/es\/produit\/100-bolsas-de-confiteria-con-base-de-carton-perla-120-x-275-mm\/","url":"https:\/\/www.csj-emballages.com\/es\/produit\/100-bolsas-de-confiteria-con-base-de-carton-perla-120-x-275-mm\/","name":"Bolsa perlada para confiter\u00eda 120 x 275 mm por 100","isPartOf":{"@id":"https:\/\/www.csj-emballages.com\/es\/#website"},"primaryImageOfPage":{"@id":"https:\/\/www.csj-emballages.com\/es\/produit\/100-bolsas-de-confiteria-con-base-de-carton-perla-120-x-275-mm\/#primaryimage"},"image":{"@id":"https:\/\/www.csj-emballages.com\/es\/produit\/100-bolsas-de-confiteria-con-base-de-carton-perla-120-x-275-mm\/#primaryimage"},"thumbnailUrl":"https:\/\/www.csj-emballages.com\/wp-content\/uploads\/2024\/03\/Sachet-confiseries.webp","datePublished":"2024-03-01T15:49:04+00:00","dateModified":"2026-03-12T15:42:32+00:00","description":"Bolsa perlada para confiter\u00eda 120 x 275 mm: base r\u00edgida, dise\u00f1o colorido, 100% reciclable, ideal para bombones, galletas y almendras garrapi\u00f1adas.","breadcrumb":{"@id":"https:\/\/www.csj-emballages.com\/es\/produit\/100-bolsas-de-confiteria-con-base-de-carton-perla-120-x-275-mm\/#breadcrumb"},"inLanguage":"es","potentialAction":[{"@type":"ReadAction","target":["https:\/\/www.csj-emballages.com\/es\/produit\/100-bolsas-de-confiteria-con-base-de-carton-perla-120-x-275-mm\/"]}]},{"@type":"ImageObject","inLanguage":"es","@id":"https:\/\/www.csj-emballages.com\/es\/produit\/100-bolsas-de-confiteria-con-base-de-carton-perla-120-x-275-mm\/#primaryimage","url":"https:\/\/www.csj-emballages.com\/wp-content\/uploads\/2024\/03\/Sachet-confiseries.webp","contentUrl":"https:\/\/www.csj-emballages.com\/wp-content\/uploads\/2024\/03\/Sachet-confiseries.webp","width":800,"height":800,"caption":"Sachet confiseries"},{"@type":"BreadcrumbList","@id":"https:\/\/www.csj-emballages.com\/es\/produit\/100-bolsas-de-confiteria-con-base-de-carton-perla-120-x-275-mm\/#breadcrumb","itemListElement":[{"@type":"ListItem","position":1,"name":"Accueil","item":"https:\/\/www.csj-emballages.com\/es\/universo-del-envasado-alimentario\/"},{"@type":"ListItem","position":2,"name":"Tienda","item":"https:\/\/www.csj-emballages.com\/tienda\/"},{"@type":"ListItem","position":3,"name":"Bolsa para confiter\u00eda Pearl 120 x 275 mm por 100"}]},{"@type":"WebSite","@id":"https:\/\/www.csj-emballages.com\/es\/#website","url":"https:\/\/www.csj-emballages.com\/es\/","name":"CSJ Emballages","description":"","publisher":{"@id":"https:\/\/www.csj-emballages.com\/es\/#organization"},"potentialAction":[{"@type":"SearchAction","target":{"@type":"EntryPoint","urlTemplate":"https:\/\/www.csj-emballages.com\/es\/?s={search_term_string}"},"query-input":{"@type":"PropertyValueSpecification","valueRequired":true,"valueName":"search_term_string"}}],"inLanguage":"es"},{"@type":"Organization","@id":"https:\/\/www.csj-emballages.com\/es\/#Organization\/","name":"CSJ Emballages","url":"https:\/\/www.csj-emballages.com\/es\/","logo":{"@type":"ImageObject","inLanguage":"es","@id":"https:\/\/www.csj-emballages.com\/es\/#\/schema\/logo\/image\/","url":"https:\/\/www.csj-emballages.com\/wp-content\/uploads\/2023\/10\/logo_csj.webp","contentUrl":"https:\/\/www.csj-emballages.com\/wp-content\/uploads\/2023\/10\/logo_csj.webp","width":250,"height":95,"caption":"CSJ Emballages"},"image":{"@id":"https:\/\/www.csj-emballages.com\/es\/#\/schema\/logo\/image\/"},"sameAs":["https:\/\/www.facebook.com\/csjemballages"],"address":{"@type":"PostalAddress","streetAddress":"ZI La Lechere","addressLocality":"Patornay","postalCode":"39130","addressCountry":"FR"},"contactPoint":[{"@type":"ContactPoint","contactType":"Service client","telephone":"0384254272","email":"contact@csj-emballages.com"}]}]}},"df_price":20.34,"df_sale_price":"","df_regular_price":20.34,"df_image_link":"https:\/\/www.csj-emballages.com\/wp-content\/uploads\/2024\/03\/Sachet-confiseries-300x300.webp","tiered_pricing_type":"fixed","tiered_pricing_fixed_rules":[],"tiered_pricing_percentage_rules":[],"tiered_pricing_minimum":1,"tiered_pricing_roles_data":[],"_links":{"self":[{"href":"https:\/\/www.csj-emballages.com\/es\/wp-json\/wp\/v2\/product\/17720","targetHints":{"allow":["GET"]}}],"collection":[{"href":"https:\/\/www.csj-emballages.com\/es\/wp-json\/wp\/v2\/product"}],"about":[{"href":"https:\/\/www.csj-emballages.com\/es\/wp-json\/wp\/v2\/types\/product"}],"wp:featuredmedia":[{"embeddable":true,"href":"https:\/\/www.csj-emballages.com\/es\/wp-json\/wp\/v2\/media\/243538"}],"wp:attachment":[{"href":"https:\/\/www.csj-emballages.com\/es\/wp-json\/wp\/v2\/media?parent=17720"}],"wp:term":[{"taxonomy":"product_brand","embeddable":true,"href":"https:\/\/www.csj-emballages.com\/es\/wp-json\/wp\/v2\/product_brand?post=17720"},{"taxonomy":"product_cat","embeddable":true,"href":"https:\/\/www.csj-emballages.com\/es\/wp-json\/wp\/v2\/product_cat?post=17720"},{"taxonomy":"product_tag","embeddable":true,"href":"https:\/\/www.csj-emballages.com\/es\/wp-json\/wp\/v2\/product_tag?post=17720"}],"curies":[{"name":"wp","href":"https:\/\/api.w.org\/{rel}","templated":true}]}}