{"id":17638,"date":"2024-01-15T10:17:08","date_gmt":"2024-01-15T09:17:08","guid":{"rendered":"https:\/\/u15jnbdpoq.preview.infomaniak.website\/produit\/70-vasos-de-postre-de-plastico-cristal-228-ml-o78\/"},"modified":"2026-04-16T02:15:17","modified_gmt":"2026-04-16T00:15:17","slug":"70-vasos-de-postre-de-plastico-cristal-228-ml-o78","status":"publish","type":"product","link":"https:\/\/www.csj-emballages.com\/es\/produit\/70-vasos-de-postre-de-plastico-cristal-228-ml-o78\/","title":{"rendered":"Tarro de pl\u00e1stico para helados 228 ml \u00d878 por 70"},"content":{"rendered":"<h2>Bote de pl\u00e1stico<\/h2>\n<hr>\n<h3>Descripci\u00f3n de nuestro tarro de pl\u00e1stico para helados de 228 ml \u00d878 por 70<\/h3>\n<p><!--more--><\/p>\n<p data-start=\"233\" data-end=\"644\">Este <strong>peque\u00f1o tarro para helados<\/strong> <strong data-start=\"256\" data-end=\"266\">de 228 ml<\/strong> tiene todo lo que necesita si busca un recipiente pr\u00e1ctico y atractivo. Su formato es ideal para presentar sus postres: helados, mousses, yogures, fruta fresca, coberturas&#8230; todo cabe perfectamente en su interior. Gracias a su di\u00e1metro <strong data-start=\"511\" data-end=\"520\">de 78 mm<\/strong>, tiene una amplia abertura para facilitar la presentaci\u00f3n y el servicio, sin derrames ni problemas de llenado.  <\/p>\n<p data-start=\"646\" data-end=\"1015\">Su <strong>clara transparencia<\/strong> resalta cada capa de su preparaci\u00f3n. Un coulis rojo, trocitos de galleta, una crema suave&#8230; todo destaca inmediatamente y hace que quieras m\u00e1s a primera vista. Este es el tipo de detalle que marca la diferencia cuando se quiere ofrecer un postre visualmente atractivo, ya sea en el escaparate, en la entrega o servido directamente en el mostrador.  <\/p>\n<p data-start=\"1017\" data-end=\"1297\">El <strong>tarro es ligero pero fiable<\/strong>: se adapta bien a la mano, <strong>no se deforma<\/strong> con facilidad y resiste sin problemas las preparaciones en fr\u00edo. Por eso es tan adecuado para helader\u00edas como para bares, panader\u00edas, food-trucks o empresas de catering que busquen un recipiente sencillo y eficaz. <\/p>\n<p data-start=\"1299\" data-end=\"1496\">Vendido <strong data-start=\"1305\" data-end=\"1315\">en paquetes de 70<\/strong> unidades, le permite gestionar sus existencias sin sobrecargarlas. Tanto si lanza una nueva gama como si prueba un postre o realiza un servicio regular, este formato es pr\u00e1ctico y econ\u00f3mico. <\/p>\n<p data-start=\"1498\" data-end=\"1721\">En resumen, este <strong>molde para helados<\/strong> combina claridad, practicidad y una presentaci\u00f3n cuidada. Realza sus postres a la vez que le simplifica la vida, lo que la convierte en un aliado imprescindible para todos los profesionales del sector de la refrigeraci\u00f3n gourmet. <\/p>\n<p data-start=\"1498\" data-end=\"1721\">\n<p data-start=\"1498\" data-end=\"1721\">\n<p><!--more--><\/p>\n<h4>Informaci\u00f3n adicional :<\/h4>\n<ul>\n<li><strong>Dimensiones<\/strong>: 78 x 82 (\u00d8 x H en mm).<\/li>\n<li><strong>Envase<\/strong>: Paquetes de 70<\/li>\n<li><strong>Volumen<\/strong>: 228 ml.<\/li>\n<li><strong>Material<\/strong>: rPET<\/li>\n<li><strong>Uso<\/strong>: Fr\u00edo<\/li>\n<\/ul>\n<p>&nbsp;<\/p>\n<p><!--more--><\/p>\n<p>Aqu\u00ed tienes las fundas que se venden por separado y que son compatibles con este producto: <span style=\"color: #d12727;\"><a style=\"color: #d12727;\" href=\"https:\/\/www.csj-emballages.com\/es\/produit\/50-tapas-desechables-para-batidos-con-travesanos-de-78-o\/\">CVCR300<\/a><\/span> \/ <span style=\"color: #d12727;\"><a style=\"color: #d12727;\" href=\"https:\/\/www.csj-emballages.com\/es\/produit\/50-tapas-planas-desechables-para-batidos-sin-rejilla-78-o\/\">CVP300<\/a><\/span> \/ <span style=\"color: #d12727;\"><a style=\"color: #d12727;\" href=\"https:\/\/www.csj-emballages.com\/es\/produit\/50-tapas-de-cupula-con-orificio-para-batidos-en-plastico-de-78-o\/\">CVDOMTR300CC<\/a><\/span><\/p>\n<p>&nbsp;<\/p>\n<p><!--more--><\/p>\n<p><a href=\"https:\/\/www.csj-emballages.com\/es\/categorie-produit\/envasado-de-alimentos\/carniceria-y-charcuteria\/tazas-tarros-vasos\/tazas-de-postre\/\">Ver el resto de nuestra gama de cuencos de postre<\/a><\/p>\n","protected":false},"excerpt":{"rendered":"<p>Bote de pl\u00e1stico Descripci\u00f3n de nuestro tarro de pl\u00e1stico para helados de 228 ml \u00d878 por 70<\/p>\n","protected":false},"featured_media":256702,"template":"","meta":{"_acf_changed":false},"product_brand":[],"product_cat":[1150,1143,1324,1458],"product_tag":[],"class_list":{"0":"post-17638","1":"product","2":"type-product","3":"status-publish","4":"has-post-thumbnail","6":"product_cat-envasado-de-alimentos","7":"product_cat-carniceria-y-charcuteria","8":"product_cat-tazas-tarros-vasos","9":"product_cat-tazas-de-postre","11":"first","12":"instock","13":"taxable","14":"shipping-taxable","15":"purchasable","16":"product-type-simple"},"acf":[],"yoast_head":"<!-- This site is optimized with the Yoast SEO Premium plugin v26.6 (Yoast SEO v26.6) - https:\/\/yoast.com\/wordpress\/plugins\/seo\/ -->\n<title>Tarro de pl\u00e1stico para Sundae 228 ml \u00d878 par 70<\/title>\n<meta name=\"description\" content=\"Tarro de pl\u00e1stico para helados de 228 ml \u00d878, transparente y pr\u00e1ctico. Juego de 70 unidades perfecto para helados, postres y coberturas. Duradero e ideal para la venta para llevar.\" \/>\n<meta name=\"robots\" content=\"index, follow, max-snippet:-1, max-image-preview:large, max-video-preview:-1\" \/>\n<link rel=\"canonical\" href=\"https:\/\/www.csj-emballages.com\/es\/produit\/70-vasos-de-postre-de-plastico-cristal-228-ml-o78\/\" \/>\n<meta property=\"og:locale\" content=\"es_ES\" \/>\n<meta property=\"og:type\" content=\"article\" \/>\n<meta property=\"og:title\" content=\"Tarro de pl\u00e1stico para helados 228 ml \u00d878 por 70\" \/>\n<meta property=\"og:description\" content=\"Tarro de pl\u00e1stico para helados de 228 ml \u00d878, transparente y pr\u00e1ctico. Juego de 70 unidades perfecto para helados, postres y coberturas. Duradero e ideal para la venta para llevar.\" \/>\n<meta property=\"og:url\" content=\"https:\/\/www.csj-emballages.com\/es\/produit\/70-vasos-de-postre-de-plastico-cristal-228-ml-o78\/\" \/>\n<meta property=\"og:site_name\" content=\"CSJ Emballages\" \/>\n<meta property=\"article:publisher\" content=\"https:\/\/www.facebook.com\/csjemballages\" \/>\n<meta property=\"article:modified_time\" content=\"2026-04-16T00:15:17+00:00\" \/>\n<meta property=\"og:image\" content=\"https:\/\/www.csj-emballages.com\/wp-content\/uploads\/2024\/01\/Pot-sundae-1.webp\" \/>\n\t<meta property=\"og:image:width\" content=\"800\" \/>\n\t<meta property=\"og:image:height\" content=\"800\" \/>\n\t<meta property=\"og:image:type\" content=\"image\/webp\" \/>\n<meta name=\"twitter:card\" content=\"summary_large_image\" \/>\n<meta name=\"twitter:label1\" content=\"Tiempo de lectura\" \/>\n\t<meta name=\"twitter:data1\" content=\"2 minutos\" \/>\n<script type=\"application\/ld+json\" class=\"yoast-schema-graph\">{\"@context\":\"https:\/\/schema.org\",\"@graph\":[{\"@type\":\"WebPage\",\"@id\":\"https:\/\/www.csj-emballages.com\/es\/produit\/70-vasos-de-postre-de-plastico-cristal-228-ml-o78\/\",\"url\":\"https:\/\/www.csj-emballages.com\/es\/produit\/70-vasos-de-postre-de-plastico-cristal-228-ml-o78\/\",\"name\":\"Tarro de pl\u00e1stico para Sundae 228 ml \u00d878 par 70\",\"isPartOf\":{\"@id\":\"https:\/\/www.csj-emballages.com\/es\/#website\"},\"primaryImageOfPage\":{\"@id\":\"https:\/\/www.csj-emballages.com\/es\/produit\/70-vasos-de-postre-de-plastico-cristal-228-ml-o78\/#primaryimage\"},\"image\":{\"@id\":\"https:\/\/www.csj-emballages.com\/es\/produit\/70-vasos-de-postre-de-plastico-cristal-228-ml-o78\/#primaryimage\"},\"thumbnailUrl\":\"https:\/\/www.csj-emballages.com\/wp-content\/uploads\/2024\/01\/Pot-sundae-1.webp\",\"datePublished\":\"2024-01-15T09:17:08+00:00\",\"dateModified\":\"2026-04-16T00:15:17+00:00\",\"description\":\"Tarro de pl\u00e1stico para helados de 228 ml \u00d878, transparente y pr\u00e1ctico. Juego de 70 unidades perfecto para helados, postres y coberturas. Duradero e ideal para la venta para llevar.\",\"breadcrumb\":{\"@id\":\"https:\/\/www.csj-emballages.com\/es\/produit\/70-vasos-de-postre-de-plastico-cristal-228-ml-o78\/#breadcrumb\"},\"inLanguage\":\"es\",\"potentialAction\":[{\"@type\":\"ReadAction\",\"target\":[\"https:\/\/www.csj-emballages.com\/es\/produit\/70-vasos-de-postre-de-plastico-cristal-228-ml-o78\/\"]}]},{\"@type\":\"ImageObject\",\"inLanguage\":\"es\",\"@id\":\"https:\/\/www.csj-emballages.com\/es\/produit\/70-vasos-de-postre-de-plastico-cristal-228-ml-o78\/#primaryimage\",\"url\":\"https:\/\/www.csj-emballages.com\/wp-content\/uploads\/2024\/01\/Pot-sundae-1.webp\",\"contentUrl\":\"https:\/\/www.csj-emballages.com\/wp-content\/uploads\/2024\/01\/Pot-sundae-1.webp\",\"width\":800,\"height\":800,\"caption\":\"Pot sundae\"},{\"@type\":\"BreadcrumbList\",\"@id\":\"https:\/\/www.csj-emballages.com\/es\/produit\/70-vasos-de-postre-de-plastico-cristal-228-ml-o78\/#breadcrumb\",\"itemListElement\":[{\"@type\":\"ListItem\",\"position\":1,\"name\":\"Accueil\",\"item\":\"https:\/\/www.csj-emballages.com\/es\/universo-del-envasado-alimentario\/\"},{\"@type\":\"ListItem\",\"position\":2,\"name\":\"Tienda\",\"item\":\"https:\/\/www.csj-emballages.com\/tienda\/\"},{\"@type\":\"ListItem\",\"position\":3,\"name\":\"Tarro de pl\u00e1stico para helados 228 ml \u00d878 por 70\"}]},{\"@type\":\"WebSite\",\"@id\":\"https:\/\/www.csj-emballages.com\/es\/#website\",\"url\":\"https:\/\/www.csj-emballages.com\/es\/\",\"name\":\"CSJ Emballages\",\"description\":\"\",\"publisher\":{\"@id\":\"https:\/\/www.csj-emballages.com\/es\/#organization\"},\"potentialAction\":[{\"@type\":\"SearchAction\",\"target\":{\"@type\":\"EntryPoint\",\"urlTemplate\":\"https:\/\/www.csj-emballages.com\/es\/?s={search_term_string}\"},\"query-input\":{\"@type\":\"PropertyValueSpecification\",\"valueRequired\":true,\"valueName\":\"search_term_string\"}}],\"inLanguage\":\"es\"},{\"@type\":\"Organization\",\"@id\":\"https:\/\/www.csj-emballages.com\/es\/#Organization\/\",\"name\":\"CSJ Emballages\",\"url\":\"https:\/\/www.csj-emballages.com\/es\/\",\"logo\":{\"@type\":\"ImageObject\",\"inLanguage\":\"es\",\"@id\":\"https:\/\/www.csj-emballages.com\/es\/#\/schema\/logo\/image\/\",\"url\":\"https:\/\/www.csj-emballages.com\/wp-content\/uploads\/2023\/10\/logo_csj.webp\",\"contentUrl\":\"https:\/\/www.csj-emballages.com\/wp-content\/uploads\/2023\/10\/logo_csj.webp\",\"width\":250,\"height\":95,\"caption\":\"CSJ Emballages\"},\"image\":{\"@id\":\"https:\/\/www.csj-emballages.com\/es\/#\/schema\/logo\/image\/\"},\"sameAs\":[\"https:\/\/www.facebook.com\/csjemballages\"],\"address\":{\"@type\":\"PostalAddress\",\"streetAddress\":\"ZI La Lechere\",\"addressLocality\":\"Patornay\",\"postalCode\":\"39130\",\"addressCountry\":\"FR\"},\"contactPoint\":[{\"@type\":\"ContactPoint\",\"contactType\":\"Service client\",\"telephone\":\"0384254272\",\"email\":\"contact@csj-emballages.com\"}]}]}<\/script>\n<!-- \/ Yoast SEO Premium plugin. -->","yoast_head_json":{"title":"Tarro de pl\u00e1stico para Sundae 228 ml \u00d878 par 70","description":"Tarro de pl\u00e1stico para helados de 228 ml \u00d878, transparente y pr\u00e1ctico. Juego de 70 unidades perfecto para helados, postres y coberturas. Duradero e ideal para la venta para llevar.","robots":{"index":"index","follow":"follow","max-snippet":"max-snippet:-1","max-image-preview":"max-image-preview:large","max-video-preview":"max-video-preview:-1"},"canonical":"https:\/\/www.csj-emballages.com\/es\/produit\/70-vasos-de-postre-de-plastico-cristal-228-ml-o78\/","og_locale":"es_ES","og_type":"article","og_title":"Tarro de pl\u00e1stico para helados 228 ml \u00d878 por 70","og_description":"Tarro de pl\u00e1stico para helados de 228 ml \u00d878, transparente y pr\u00e1ctico. Juego de 70 unidades perfecto para helados, postres y coberturas. Duradero e ideal para la venta para llevar.","og_url":"https:\/\/www.csj-emballages.com\/es\/produit\/70-vasos-de-postre-de-plastico-cristal-228-ml-o78\/","og_site_name":"CSJ Emballages","article_publisher":"https:\/\/www.facebook.com\/csjemballages","article_modified_time":"2026-04-16T00:15:17+00:00","og_image":[{"width":800,"height":800,"url":"https:\/\/www.csj-emballages.com\/wp-content\/uploads\/2024\/01\/Pot-sundae-1.webp","type":"image\/webp"}],"twitter_card":"summary_large_image","twitter_misc":{"Tiempo de lectura":"2 minutos"},"schema":{"@context":"https:\/\/schema.org","@graph":[{"@type":"WebPage","@id":"https:\/\/www.csj-emballages.com\/es\/produit\/70-vasos-de-postre-de-plastico-cristal-228-ml-o78\/","url":"https:\/\/www.csj-emballages.com\/es\/produit\/70-vasos-de-postre-de-plastico-cristal-228-ml-o78\/","name":"Tarro de pl\u00e1stico para Sundae 228 ml \u00d878 par 70","isPartOf":{"@id":"https:\/\/www.csj-emballages.com\/es\/#website"},"primaryImageOfPage":{"@id":"https:\/\/www.csj-emballages.com\/es\/produit\/70-vasos-de-postre-de-plastico-cristal-228-ml-o78\/#primaryimage"},"image":{"@id":"https:\/\/www.csj-emballages.com\/es\/produit\/70-vasos-de-postre-de-plastico-cristal-228-ml-o78\/#primaryimage"},"thumbnailUrl":"https:\/\/www.csj-emballages.com\/wp-content\/uploads\/2024\/01\/Pot-sundae-1.webp","datePublished":"2024-01-15T09:17:08+00:00","dateModified":"2026-04-16T00:15:17+00:00","description":"Tarro de pl\u00e1stico para helados de 228 ml \u00d878, transparente y pr\u00e1ctico. Juego de 70 unidades perfecto para helados, postres y coberturas. Duradero e ideal para la venta para llevar.","breadcrumb":{"@id":"https:\/\/www.csj-emballages.com\/es\/produit\/70-vasos-de-postre-de-plastico-cristal-228-ml-o78\/#breadcrumb"},"inLanguage":"es","potentialAction":[{"@type":"ReadAction","target":["https:\/\/www.csj-emballages.com\/es\/produit\/70-vasos-de-postre-de-plastico-cristal-228-ml-o78\/"]}]},{"@type":"ImageObject","inLanguage":"es","@id":"https:\/\/www.csj-emballages.com\/es\/produit\/70-vasos-de-postre-de-plastico-cristal-228-ml-o78\/#primaryimage","url":"https:\/\/www.csj-emballages.com\/wp-content\/uploads\/2024\/01\/Pot-sundae-1.webp","contentUrl":"https:\/\/www.csj-emballages.com\/wp-content\/uploads\/2024\/01\/Pot-sundae-1.webp","width":800,"height":800,"caption":"Pot sundae"},{"@type":"BreadcrumbList","@id":"https:\/\/www.csj-emballages.com\/es\/produit\/70-vasos-de-postre-de-plastico-cristal-228-ml-o78\/#breadcrumb","itemListElement":[{"@type":"ListItem","position":1,"name":"Accueil","item":"https:\/\/www.csj-emballages.com\/es\/universo-del-envasado-alimentario\/"},{"@type":"ListItem","position":2,"name":"Tienda","item":"https:\/\/www.csj-emballages.com\/tienda\/"},{"@type":"ListItem","position":3,"name":"Tarro de pl\u00e1stico para helados 228 ml \u00d878 por 70"}]},{"@type":"WebSite","@id":"https:\/\/www.csj-emballages.com\/es\/#website","url":"https:\/\/www.csj-emballages.com\/es\/","name":"CSJ Emballages","description":"","publisher":{"@id":"https:\/\/www.csj-emballages.com\/es\/#organization"},"potentialAction":[{"@type":"SearchAction","target":{"@type":"EntryPoint","urlTemplate":"https:\/\/www.csj-emballages.com\/es\/?s={search_term_string}"},"query-input":{"@type":"PropertyValueSpecification","valueRequired":true,"valueName":"search_term_string"}}],"inLanguage":"es"},{"@type":"Organization","@id":"https:\/\/www.csj-emballages.com\/es\/#Organization\/","name":"CSJ Emballages","url":"https:\/\/www.csj-emballages.com\/es\/","logo":{"@type":"ImageObject","inLanguage":"es","@id":"https:\/\/www.csj-emballages.com\/es\/#\/schema\/logo\/image\/","url":"https:\/\/www.csj-emballages.com\/wp-content\/uploads\/2023\/10\/logo_csj.webp","contentUrl":"https:\/\/www.csj-emballages.com\/wp-content\/uploads\/2023\/10\/logo_csj.webp","width":250,"height":95,"caption":"CSJ Emballages"},"image":{"@id":"https:\/\/www.csj-emballages.com\/es\/#\/schema\/logo\/image\/"},"sameAs":["https:\/\/www.facebook.com\/csjemballages"],"address":{"@type":"PostalAddress","streetAddress":"ZI La Lechere","addressLocality":"Patornay","postalCode":"39130","addressCountry":"FR"},"contactPoint":[{"@type":"ContactPoint","contactType":"Service client","telephone":"0384254272","email":"contact@csj-emballages.com"}]}]}},"df_price":2.51,"df_sale_price":"","df_regular_price":2.51,"df_image_link":"https:\/\/www.csj-emballages.com\/wp-content\/uploads\/2024\/01\/Pot-sundae-1-300x300.webp","tiered_pricing_type":"fixed","tiered_pricing_fixed_rules":[],"tiered_pricing_percentage_rules":[],"tiered_pricing_minimum":1,"tiered_pricing_roles_data":[],"_links":{"self":[{"href":"https:\/\/www.csj-emballages.com\/es\/wp-json\/wp\/v2\/product\/17638","targetHints":{"allow":["GET"]}}],"collection":[{"href":"https:\/\/www.csj-emballages.com\/es\/wp-json\/wp\/v2\/product"}],"about":[{"href":"https:\/\/www.csj-emballages.com\/es\/wp-json\/wp\/v2\/types\/product"}],"wp:featuredmedia":[{"embeddable":true,"href":"https:\/\/www.csj-emballages.com\/es\/wp-json\/wp\/v2\/media\/256702"}],"wp:attachment":[{"href":"https:\/\/www.csj-emballages.com\/es\/wp-json\/wp\/v2\/media?parent=17638"}],"wp:term":[{"taxonomy":"product_brand","embeddable":true,"href":"https:\/\/www.csj-emballages.com\/es\/wp-json\/wp\/v2\/product_brand?post=17638"},{"taxonomy":"product_cat","embeddable":true,"href":"https:\/\/www.csj-emballages.com\/es\/wp-json\/wp\/v2\/product_cat?post=17638"},{"taxonomy":"product_tag","embeddable":true,"href":"https:\/\/www.csj-emballages.com\/es\/wp-json\/wp\/v2\/product_tag?post=17638"}],"curies":[{"name":"wp","href":"https:\/\/api.w.org\/{rel}","templated":true}]}}