{"id":17624,"date":"2024-03-01T16:46:30","date_gmt":"2024-03-01T15:46:30","guid":{"rendered":"https:\/\/u15jnbdpoq.preview.infomaniak.website\/produit\/100-bolsas-neutras-bd-con-cierre-a-presion-180-x-250-mm\/"},"modified":"2026-04-21T02:18:41","modified_gmt":"2026-04-21T00:18:41","slug":"100-bolsas-neutras-bd-con-cierre-a-presion-180-x-250-mm","status":"publish","type":"product","link":"https:\/\/www.csj-emballages.com\/es\/produit\/100-bolsas-neutras-bd-con-cierre-a-presion-180-x-250-mm\/","title":{"rendered":"Bolsa zip neutra BD con cierre a presi\u00f3n de 180 x 250 mm, lote de 100 unidades"},"content":{"rendered":"<h2>Bolsa zip<\/h2>\n<hr>\n<h3>Descripci\u00f3n de nuestra bolsa zip neutra BD con cierre a presi\u00f3n de 180 x 250 mm, lote de 100 unidades<\/h3>\n<p><!--more--><\/p>\n<p data-start=\"233\" data-end=\"583\">Cuando el formato se hace un poco m\u00e1s grande, las posibilidades tambi\u00e9n. La <strong data-start=\"303\" data-end=\"340\">bolsa zip neutra BD de 180 x 250 mm<\/strong> es ideal para agrupar, proteger y organizar <strong>objetos de tama\u00f1o mediano<\/strong> sin perder simplicidad. Gracias a su <strong data-start=\"456\" data-end=\"480\">cierre a presi\u00f3n<\/strong>, el contenido permanece en su sitio, a la vez que es f\u00e1cil de acceder. Se abre, se cierra y listo.   <\/p>\n<p data-start=\"585\" data-end=\"979\">Su <strong>transparencia<\/strong> permite identificar inmediatamente su contenido, lo que ahorra tiempo a diario. Ya no se necesitan etiquetas complicadas ni manipulaciones innecesarias. Y para ir a\u00fan m\u00e1s lejos en la organizaci\u00f3n.  <\/p>\n<p data-start=\"981\" data-end=\"1329\">Con sus dimensiones de <strong>180 x 250 mm<\/strong>, esta <strong>bolsa zip<\/strong> es perfecta para <strong>piezas de repuesto, accesorios, documentos plegados, muestras, productos t\u00e9cnicos o art\u00edculos de peque\u00f1a distribuci\u00f3n<\/strong>. El pl\u00e1stico es flexible, pero lo suficientemente robusto como para resistir manipulaciones repetidas y proteger el contenido del polvo y la suciedad ligera. <\/p>\n<p data-start=\"1331\" data-end=\"1565\">Se vende <strong data-start=\"1337\" data-end=\"1355\">en lotes de 100<\/strong>, y se integra f\u00e1cilmente en una organizaci\u00f3n profesional o personal. Talleres, almacenes, oficinas, laboratorios o incluso en casa, encuentra r\u00e1pidamente su lugar all\u00ed donde el orden es esencial. <\/p>\n<p data-start=\"1567\" data-end=\"1740\">En resumen, esta <strong>bolsa zip<\/strong> es una soluci\u00f3n sencilla, eficaz y vers\u00e1til para mantener sus productos bien protegidos y perfectamente identificados, sin perder tiempo ni energ\u00eda.<\/p>\n<p data-start=\"1630\" data-end=\"1760\"><!--more--><\/p>\n<h4 data-start=\"1608\" data-end=\"1777\">Ventajas :<\/h4>\n<ul>\n<li data-start=\"1788\" data-end=\"1844\"><strong>Polietileno de baja densidad<\/strong> virgen, flexible y resistente.<\/li>\n<li data-start=\"1847\" data-end=\"1897\"><strong>Cierre a presi\u00f3n<\/strong> fiable y f\u00e1cil de usar.<\/li>\n<li data-start=\"1900\" data-end=\"1935\">Formato compacto para objetos peque\u00f1os.<\/li>\n<li data-start=\"1938\" data-end=\"1976\">Transparencia para una identificaci\u00f3n r\u00e1pida.<\/li>\n<li data-start=\"1979\" data-end=\"2016\"><strong>Grosor de 50 \u00b5<\/strong> para una buena sujeci\u00f3n.<\/li>\n<li data-start=\"2019\" data-end=\"2054\">Pr\u00e1ctico y econ\u00f3mico <strong>paquete de 100<\/strong>.<\/li>\n<\/ul>\n<p>&nbsp;<\/p>\n<p><!--more--><\/p>\n<h4>Informaci\u00f3n adicional :<\/h4>\n<ul>\n<li><strong>Embalaje<\/strong>: Paquete de 100<\/li>\n<li><strong>Dimensiones<\/strong>: 180 x 250 mm<\/li>\n<li><strong>Color<\/strong>: Incoloro<\/li>\n<li><strong>Grosor<\/strong>: 50\u03bc<\/li>\n<li><b>Material<\/b>: Polietileno de baja densidad virgen<\/li>\n<\/ul>\n<p>&nbsp;<\/p>\n<p><!--more--><\/p>\n<p>Esta bolsa zip est\u00e1 disponible en diferentes tama\u00f1os: <span style=\"color: #d12727;\"><a style=\"color: #d12727;\" href=\"https:\/\/www.csj-emballages.com\/es\/produit\/100-bolsas-neutras-bd-con-cierre-a-presion-40-x-60-mm\/\">40 x 60 mm<\/a><\/span> \/ <span style=\"color: #d12727;\"><a style=\"color: #d12727;\" href=\"https:\/\/www.csj-emballages.com\/es\/produit\/100-bolsas-neutras-bd-con-cierre-a-presion-60-x-80-mm\/\">60 x 80 mm<\/a><\/span> \/ <span style=\"color: #d12727;\"><a style=\"color: #d12727;\" href=\"https:\/\/www.csj-emballages.com\/es\/produit\/100-bolsas-neutras-bd-con-cierre-a-presion-80-x-120-mm\/\">80 x 120 mm<\/a><\/span> \/ <span style=\"color: #d12727;\"><a style=\"color: #d12727;\" href=\"https:\/\/www.csj-emballages.com\/es\/produit\/100-bolsas-neutras-bd-con-cierre-a-presion-100-x-150-mm\/\">100 x 150 mm<\/a><\/span> \/ <span style=\"color: #d12727;\"><a style=\"color: #d12727;\" href=\"https:\/\/www.csj-emballages.com\/es\/produit\/100-bolsas-neutras-bd-con-cierre-a-presion-250-x-350-mm\/\">250 x 350 mm<\/a><\/span><\/p>\n<p>&nbsp;<\/p>\n<p><!--more--><\/p>\n<p><a href=\"https:\/\/www.csj-emballages.com\/es\/categorie-produit\/envasado-de-alimentos\/tienda-y-almacen\/bolsas-sobres\/bolsas-con-cierre\/\">Consulte el resto de nuestra gama de bolsas con cierre ZIP<\/a><\/p>\n<p>&nbsp;<\/p>\n<p>&nbsp;<\/p>\n","protected":false},"excerpt":{"rendered":"<p>Bolsa zip Descripci\u00f3n de nuestra bolsa zip neutra BD con cierre a presi\u00f3n de 180 x 250 mm, lote de 100 unidades<\/p>\n","protected":false},"featured_media":260500,"template":"","meta":{"_acf_changed":false},"product_brand":[],"product_cat":[1488,1490],"product_tag":[],"class_list":{"0":"post-17624","1":"product","2":"type-product","3":"status-publish","4":"has-post-thumbnail","6":"product_cat-tienda-y-almacen","7":"product_cat-bolsas-con-cierre","9":"first","10":"instock","11":"taxable","12":"shipping-taxable","13":"purchasable","14":"product-type-simple"},"acf":[],"yoast_head":"<!-- This site is optimized with the Yoast SEO Premium plugin v26.6 (Yoast SEO v26.6) - https:\/\/yoast.com\/wordpress\/plugins\/seo\/ -->\n<title>Bolsa Zip Neutra BD con Cierre a Presi\u00f3n de 180 x 250 mm, lote de 100 unidades<\/title>\n<meta name=\"description\" content=\"Bolsa zip neutra BD de 180 x 250 mm con bandas blancas, se vende en lotes de 100 unidades. Soluci\u00f3n pr\u00e1ctica para guardar, proteger e identificar sus objetos f\u00e1cilmente.\" \/>\n<meta name=\"robots\" content=\"index, follow, max-snippet:-1, max-image-preview:large, max-video-preview:-1\" \/>\n<link rel=\"canonical\" href=\"https:\/\/www.csj-emballages.com\/es\/produit\/100-bolsas-neutras-bd-con-cierre-a-presion-180-x-250-mm\/\" \/>\n<meta property=\"og:locale\" content=\"es_ES\" \/>\n<meta property=\"og:type\" content=\"article\" \/>\n<meta property=\"og:title\" content=\"Bolsa zip neutra BD con cierre a presi\u00f3n de 180 x 250 mm, lote de 100 unidades\" \/>\n<meta property=\"og:description\" content=\"Bolsa zip neutra BD de 180 x 250 mm con bandas blancas, se vende en lotes de 100 unidades. Soluci\u00f3n pr\u00e1ctica para guardar, proteger e identificar sus objetos f\u00e1cilmente.\" \/>\n<meta property=\"og:url\" content=\"https:\/\/www.csj-emballages.com\/es\/produit\/100-bolsas-neutras-bd-con-cierre-a-presion-180-x-250-mm\/\" \/>\n<meta property=\"og:site_name\" content=\"CSJ Emballages\" \/>\n<meta property=\"article:publisher\" content=\"https:\/\/www.facebook.com\/csjemballages\" \/>\n<meta property=\"article:modified_time\" content=\"2026-04-21T00:18:41+00:00\" \/>\n<meta property=\"og:image\" content=\"https:\/\/www.csj-emballages.com\/wp-content\/uploads\/2024\/03\/ZIP16.webp\" \/>\n\t<meta property=\"og:image:width\" content=\"800\" \/>\n\t<meta property=\"og:image:height\" content=\"800\" \/>\n\t<meta property=\"og:image:type\" content=\"image\/webp\" \/>\n<meta name=\"twitter:card\" content=\"summary_large_image\" \/>\n<meta name=\"twitter:label1\" content=\"Tiempo de lectura\" \/>\n\t<meta name=\"twitter:data1\" content=\"2 minutos\" \/>\n<script type=\"application\/ld+json\" class=\"yoast-schema-graph\">{\"@context\":\"https:\/\/schema.org\",\"@graph\":[{\"@type\":\"WebPage\",\"@id\":\"https:\/\/www.csj-emballages.com\/es\/produit\/100-bolsas-neutras-bd-con-cierre-a-presion-180-x-250-mm\/\",\"url\":\"https:\/\/www.csj-emballages.com\/es\/produit\/100-bolsas-neutras-bd-con-cierre-a-presion-180-x-250-mm\/\",\"name\":\"Bolsa Zip Neutra BD con Cierre a Presi\u00f3n de 180 x 250 mm, lote de 100 unidades\",\"isPartOf\":{\"@id\":\"https:\/\/www.csj-emballages.com\/es\/#website\"},\"primaryImageOfPage\":{\"@id\":\"https:\/\/www.csj-emballages.com\/es\/produit\/100-bolsas-neutras-bd-con-cierre-a-presion-180-x-250-mm\/#primaryimage\"},\"image\":{\"@id\":\"https:\/\/www.csj-emballages.com\/es\/produit\/100-bolsas-neutras-bd-con-cierre-a-presion-180-x-250-mm\/#primaryimage\"},\"thumbnailUrl\":\"https:\/\/www.csj-emballages.com\/wp-content\/uploads\/2024\/03\/ZIP16.webp\",\"datePublished\":\"2024-03-01T15:46:30+00:00\",\"dateModified\":\"2026-04-21T00:18:41+00:00\",\"description\":\"Bolsa zip neutra BD de 180 x 250 mm con bandas blancas, se vende en lotes de 100 unidades. Soluci\u00f3n pr\u00e1ctica para guardar, proteger e identificar sus objetos f\u00e1cilmente.\",\"breadcrumb\":{\"@id\":\"https:\/\/www.csj-emballages.com\/es\/produit\/100-bolsas-neutras-bd-con-cierre-a-presion-180-x-250-mm\/#breadcrumb\"},\"inLanguage\":\"es\",\"potentialAction\":[{\"@type\":\"ReadAction\",\"target\":[\"https:\/\/www.csj-emballages.com\/es\/produit\/100-bolsas-neutras-bd-con-cierre-a-presion-180-x-250-mm\/\"]}]},{\"@type\":\"ImageObject\",\"inLanguage\":\"es\",\"@id\":\"https:\/\/www.csj-emballages.com\/es\/produit\/100-bolsas-neutras-bd-con-cierre-a-presion-180-x-250-mm\/#primaryimage\",\"url\":\"https:\/\/www.csj-emballages.com\/wp-content\/uploads\/2024\/03\/ZIP16.webp\",\"contentUrl\":\"https:\/\/www.csj-emballages.com\/wp-content\/uploads\/2024\/03\/ZIP16.webp\",\"width\":800,\"height\":800,\"caption\":\"Sachet zip\"},{\"@type\":\"BreadcrumbList\",\"@id\":\"https:\/\/www.csj-emballages.com\/es\/produit\/100-bolsas-neutras-bd-con-cierre-a-presion-180-x-250-mm\/#breadcrumb\",\"itemListElement\":[{\"@type\":\"ListItem\",\"position\":1,\"name\":\"Accueil\",\"item\":\"https:\/\/www.csj-emballages.com\/es\/universo-del-envasado-alimentario\/\"},{\"@type\":\"ListItem\",\"position\":2,\"name\":\"Tienda\",\"item\":\"https:\/\/www.csj-emballages.com\/tienda\/\"},{\"@type\":\"ListItem\",\"position\":3,\"name\":\"Bolsa zip neutra BD con cierre a presi\u00f3n de 180 x 250 mm, lote de 100 unidades\"}]},{\"@type\":\"WebSite\",\"@id\":\"https:\/\/www.csj-emballages.com\/es\/#website\",\"url\":\"https:\/\/www.csj-emballages.com\/es\/\",\"name\":\"CSJ Emballages\",\"description\":\"\",\"publisher\":{\"@id\":\"https:\/\/www.csj-emballages.com\/es\/#organization\"},\"potentialAction\":[{\"@type\":\"SearchAction\",\"target\":{\"@type\":\"EntryPoint\",\"urlTemplate\":\"https:\/\/www.csj-emballages.com\/es\/?s={search_term_string}\"},\"query-input\":{\"@type\":\"PropertyValueSpecification\",\"valueRequired\":true,\"valueName\":\"search_term_string\"}}],\"inLanguage\":\"es\"},{\"@type\":\"Organization\",\"@id\":\"https:\/\/www.csj-emballages.com\/es\/#Organization\/\",\"name\":\"CSJ Emballages\",\"url\":\"https:\/\/www.csj-emballages.com\/es\/\",\"logo\":{\"@type\":\"ImageObject\",\"inLanguage\":\"es\",\"@id\":\"https:\/\/www.csj-emballages.com\/es\/#\/schema\/logo\/image\/\",\"url\":\"https:\/\/www.csj-emballages.com\/wp-content\/uploads\/2023\/10\/logo_csj.webp\",\"contentUrl\":\"https:\/\/www.csj-emballages.com\/wp-content\/uploads\/2023\/10\/logo_csj.webp\",\"width\":250,\"height\":95,\"caption\":\"CSJ Emballages\"},\"image\":{\"@id\":\"https:\/\/www.csj-emballages.com\/es\/#\/schema\/logo\/image\/\"},\"sameAs\":[\"https:\/\/www.facebook.com\/csjemballages\"],\"address\":{\"@type\":\"PostalAddress\",\"streetAddress\":\"ZI La Lechere\",\"addressLocality\":\"Patornay\",\"postalCode\":\"39130\",\"addressCountry\":\"FR\"},\"contactPoint\":[{\"@type\":\"ContactPoint\",\"contactType\":\"Service client\",\"telephone\":\"0384254272\",\"email\":\"contact@csj-emballages.com\"}]}]}<\/script>\n<!-- \/ Yoast SEO Premium plugin. -->","yoast_head_json":{"title":"Bolsa Zip Neutra BD con Cierre a Presi\u00f3n de 180 x 250 mm, lote de 100 unidades","description":"Bolsa zip neutra BD de 180 x 250 mm con bandas blancas, se vende en lotes de 100 unidades. Soluci\u00f3n pr\u00e1ctica para guardar, proteger e identificar sus objetos f\u00e1cilmente.","robots":{"index":"index","follow":"follow","max-snippet":"max-snippet:-1","max-image-preview":"max-image-preview:large","max-video-preview":"max-video-preview:-1"},"canonical":"https:\/\/www.csj-emballages.com\/es\/produit\/100-bolsas-neutras-bd-con-cierre-a-presion-180-x-250-mm\/","og_locale":"es_ES","og_type":"article","og_title":"Bolsa zip neutra BD con cierre a presi\u00f3n de 180 x 250 mm, lote de 100 unidades","og_description":"Bolsa zip neutra BD de 180 x 250 mm con bandas blancas, se vende en lotes de 100 unidades. Soluci\u00f3n pr\u00e1ctica para guardar, proteger e identificar sus objetos f\u00e1cilmente.","og_url":"https:\/\/www.csj-emballages.com\/es\/produit\/100-bolsas-neutras-bd-con-cierre-a-presion-180-x-250-mm\/","og_site_name":"CSJ Emballages","article_publisher":"https:\/\/www.facebook.com\/csjemballages","article_modified_time":"2026-04-21T00:18:41+00:00","og_image":[{"width":800,"height":800,"url":"https:\/\/www.csj-emballages.com\/wp-content\/uploads\/2024\/03\/ZIP16.webp","type":"image\/webp"}],"twitter_card":"summary_large_image","twitter_misc":{"Tiempo de lectura":"2 minutos"},"schema":{"@context":"https:\/\/schema.org","@graph":[{"@type":"WebPage","@id":"https:\/\/www.csj-emballages.com\/es\/produit\/100-bolsas-neutras-bd-con-cierre-a-presion-180-x-250-mm\/","url":"https:\/\/www.csj-emballages.com\/es\/produit\/100-bolsas-neutras-bd-con-cierre-a-presion-180-x-250-mm\/","name":"Bolsa Zip Neutra BD con Cierre a Presi\u00f3n de 180 x 250 mm, lote de 100 unidades","isPartOf":{"@id":"https:\/\/www.csj-emballages.com\/es\/#website"},"primaryImageOfPage":{"@id":"https:\/\/www.csj-emballages.com\/es\/produit\/100-bolsas-neutras-bd-con-cierre-a-presion-180-x-250-mm\/#primaryimage"},"image":{"@id":"https:\/\/www.csj-emballages.com\/es\/produit\/100-bolsas-neutras-bd-con-cierre-a-presion-180-x-250-mm\/#primaryimage"},"thumbnailUrl":"https:\/\/www.csj-emballages.com\/wp-content\/uploads\/2024\/03\/ZIP16.webp","datePublished":"2024-03-01T15:46:30+00:00","dateModified":"2026-04-21T00:18:41+00:00","description":"Bolsa zip neutra BD de 180 x 250 mm con bandas blancas, se vende en lotes de 100 unidades. Soluci\u00f3n pr\u00e1ctica para guardar, proteger e identificar sus objetos f\u00e1cilmente.","breadcrumb":{"@id":"https:\/\/www.csj-emballages.com\/es\/produit\/100-bolsas-neutras-bd-con-cierre-a-presion-180-x-250-mm\/#breadcrumb"},"inLanguage":"es","potentialAction":[{"@type":"ReadAction","target":["https:\/\/www.csj-emballages.com\/es\/produit\/100-bolsas-neutras-bd-con-cierre-a-presion-180-x-250-mm\/"]}]},{"@type":"ImageObject","inLanguage":"es","@id":"https:\/\/www.csj-emballages.com\/es\/produit\/100-bolsas-neutras-bd-con-cierre-a-presion-180-x-250-mm\/#primaryimage","url":"https:\/\/www.csj-emballages.com\/wp-content\/uploads\/2024\/03\/ZIP16.webp","contentUrl":"https:\/\/www.csj-emballages.com\/wp-content\/uploads\/2024\/03\/ZIP16.webp","width":800,"height":800,"caption":"Sachet zip"},{"@type":"BreadcrumbList","@id":"https:\/\/www.csj-emballages.com\/es\/produit\/100-bolsas-neutras-bd-con-cierre-a-presion-180-x-250-mm\/#breadcrumb","itemListElement":[{"@type":"ListItem","position":1,"name":"Accueil","item":"https:\/\/www.csj-emballages.com\/es\/universo-del-envasado-alimentario\/"},{"@type":"ListItem","position":2,"name":"Tienda","item":"https:\/\/www.csj-emballages.com\/tienda\/"},{"@type":"ListItem","position":3,"name":"Bolsa zip neutra BD con cierre a presi\u00f3n de 180 x 250 mm, lote de 100 unidades"}]},{"@type":"WebSite","@id":"https:\/\/www.csj-emballages.com\/es\/#website","url":"https:\/\/www.csj-emballages.com\/es\/","name":"CSJ Emballages","description":"","publisher":{"@id":"https:\/\/www.csj-emballages.com\/es\/#organization"},"potentialAction":[{"@type":"SearchAction","target":{"@type":"EntryPoint","urlTemplate":"https:\/\/www.csj-emballages.com\/es\/?s={search_term_string}"},"query-input":{"@type":"PropertyValueSpecification","valueRequired":true,"valueName":"search_term_string"}}],"inLanguage":"es"},{"@type":"Organization","@id":"https:\/\/www.csj-emballages.com\/es\/#Organization\/","name":"CSJ Emballages","url":"https:\/\/www.csj-emballages.com\/es\/","logo":{"@type":"ImageObject","inLanguage":"es","@id":"https:\/\/www.csj-emballages.com\/es\/#\/schema\/logo\/image\/","url":"https:\/\/www.csj-emballages.com\/wp-content\/uploads\/2023\/10\/logo_csj.webp","contentUrl":"https:\/\/www.csj-emballages.com\/wp-content\/uploads\/2023\/10\/logo_csj.webp","width":250,"height":95,"caption":"CSJ Emballages"},"image":{"@id":"https:\/\/www.csj-emballages.com\/es\/#\/schema\/logo\/image\/"},"sameAs":["https:\/\/www.facebook.com\/csjemballages"],"address":{"@type":"PostalAddress","streetAddress":"ZI La Lechere","addressLocality":"Patornay","postalCode":"39130","addressCountry":"FR"},"contactPoint":[{"@type":"ContactPoint","contactType":"Service client","telephone":"0384254272","email":"contact@csj-emballages.com"}]}]}},"df_price":3.36,"df_sale_price":"","df_regular_price":3.36,"df_image_link":"https:\/\/www.csj-emballages.com\/wp-content\/uploads\/2024\/03\/ZIP16-300x300.webp","tiered_pricing_type":"fixed","tiered_pricing_fixed_rules":[],"tiered_pricing_percentage_rules":[],"tiered_pricing_minimum":1,"tiered_pricing_roles_data":[],"_links":{"self":[{"href":"https:\/\/www.csj-emballages.com\/es\/wp-json\/wp\/v2\/product\/17624","targetHints":{"allow":["GET"]}}],"collection":[{"href":"https:\/\/www.csj-emballages.com\/es\/wp-json\/wp\/v2\/product"}],"about":[{"href":"https:\/\/www.csj-emballages.com\/es\/wp-json\/wp\/v2\/types\/product"}],"wp:featuredmedia":[{"embeddable":true,"href":"https:\/\/www.csj-emballages.com\/es\/wp-json\/wp\/v2\/media\/260500"}],"wp:attachment":[{"href":"https:\/\/www.csj-emballages.com\/es\/wp-json\/wp\/v2\/media?parent=17624"}],"wp:term":[{"taxonomy":"product_brand","embeddable":true,"href":"https:\/\/www.csj-emballages.com\/es\/wp-json\/wp\/v2\/product_brand?post=17624"},{"taxonomy":"product_cat","embeddable":true,"href":"https:\/\/www.csj-emballages.com\/es\/wp-json\/wp\/v2\/product_cat?post=17624"},{"taxonomy":"product_tag","embeddable":true,"href":"https:\/\/www.csj-emballages.com\/es\/wp-json\/wp\/v2\/product_tag?post=17624"}],"curies":[{"name":"wp","href":"https:\/\/api.w.org\/{rel}","templated":true}]}}