{"id":17619,"date":"2024-03-01T16:46:31","date_gmt":"2024-03-01T15:46:31","guid":{"rendered":"https:\/\/u15jnbdpoq.preview.infomaniak.website\/produit\/100-bolsas-neutras-bd-con-cierre-a-presion-40-x-60-mm\/"},"modified":"2026-03-12T16:49:49","modified_gmt":"2026-03-12T15:49:49","slug":"100-bolsas-neutras-bd-con-cierre-a-presion-40-x-60-mm","status":"publish","type":"product","link":"https:\/\/www.csj-emballages.com\/es\/produit\/100-bolsas-neutras-bd-con-cierre-a-presion-40-x-60-mm\/","title":{"rendered":"Bolsa zip neutra BD con cierre a presi\u00f3n de 40 x 60 mm, paquete de 100"},"content":{"rendered":"<h2>Bolsa zip<\/h2>\n<hr>\n<h3>Descripci\u00f3n de nuestra bolsa zip neutra BD con cierre a presi\u00f3n de 40 x 60 mm, paquete de 100<\/h3>\n<p><!--more--><\/p>\n<p data-start=\"255\" data-end=\"627\">Cuando se necesita proteger peque\u00f1os elementos sin complicarse la vida, esta <strong data-start=\"334\" data-end=\"366\">bolsa zip neutra de 40 x 60 mm<\/strong> cumple claramente su funci\u00f3n. Fabricada en <strong data-start=\"403\" data-end=\"440\">polietileno de baja densidad virgen<\/strong>, ofrece una buena flexibilidad a la vez que sigue siendo suficientemente resistente para un uso diario. Se puede manipular, abrir y cerrar varias veces sin temor a que se rompa.  <\/p>\n<p data-start=\"629\" data-end=\"1015\">Gracias a su <strong data-start=\"640\" data-end=\"664\">cierre a presi\u00f3n<\/strong>, el contenido permanece bien en su sitio. Basta con una simple presi\u00f3n para cerrarlo correctamente, lo cual es muy pr\u00e1ctico cuando se trabaja r\u00e1pido o cuando se necesita un acondicionamiento fiable sin accesorio adicional. Adem\u00e1s, su <strong data-start=\"896\" data-end=\"912\">transparencia<\/strong> permite identificar inmediatamente lo que contiene, lo que evita errores y ahorra tiempo.  <\/p>\n<p data-start=\"1017\" data-end=\"1376\">Su <strong data-start=\"1021\" data-end=\"1050\">formato compacto de 40 x 60 mm<\/strong> es ideal para envasar piezas peque\u00f1as: <strong>tornillos, componentes electr\u00f3nicos, joyas, perlas, muestras o incluso productos secos<\/strong> en <strong>peque\u00f1as cantidades<\/strong>. El <strong data-start=\"1206\" data-end=\"1233\">grosor de 50 micras<\/strong> proporciona un buen equilibrio entre ligereza y solidez, lo que hace que la bolsa sea adecuada tanto para uso profesional como personal. <\/p>\n<p data-start=\"1378\" data-end=\"1628\">Se vende <strong data-start=\"1384\" data-end=\"1402\">en lotes de 100<\/strong>, lo que permite organizarse f\u00e1cilmente sin sobrecargar el espacio de almacenamiento. Discreta, <strong>neutra y polivalente<\/strong>, esta <strong>bolsa con cremallera<\/strong> se adapta a muchos oficios: comercio, taller, laboratorio, log\u00edstica o simplemente para el orden diario. <\/p>\n<p data-start=\"1630\" data-end=\"1760\">En resumen, es un peque\u00f1o accesorio sencillo, pero indispensable, que facilita la organizaci\u00f3n y asegura sus productos sin esfuerzo.<\/p>\n<p data-start=\"1630\" data-end=\"1760\"><!--more--><\/p>\n<h4 data-start=\"1608\" data-end=\"1777\">Ventajas :<\/h4>\n<ul>\n<li data-start=\"1788\" data-end=\"1844\"><strong>Polietileno de baja densidad<\/strong> virgen, flexible y resistente.<\/li>\n<li data-start=\"1847\" data-end=\"1897\"><strong>Cierre a presi\u00f3n<\/strong> fiable y f\u00e1cil de usar.<\/li>\n<li data-start=\"1900\" data-end=\"1935\">Formato compacto para objetos peque\u00f1os.<\/li>\n<li data-start=\"1938\" data-end=\"1976\">Transparencia para una identificaci\u00f3n r\u00e1pida.<\/li>\n<li data-start=\"1979\" data-end=\"2016\"><strong>Grosor de 50 \u00b5<\/strong> para una buena sujeci\u00f3n.<\/li>\n<li data-start=\"2019\" data-end=\"2054\">Pr\u00e1ctico y econ\u00f3mico <strong>paquete de 100<\/strong>.<\/li>\n<\/ul>\n<p>&nbsp;<\/p>\n<p><!--more--><\/p>\n<h4>Informaci\u00f3n adicional :<\/h4>\n<ul>\n<li><strong>Embalaje<\/strong>: Paquete de 100<\/li>\n<li><strong>Dimensiones<\/strong>: 40 x 60 mm<\/li>\n<li><strong>Color<\/strong>: Incoloro<\/li>\n<li><strong>Grosor<\/strong>: 50\u03bc<\/li>\n<li><b>Material<\/b>: Polietileno de baja densidad virgen<\/li>\n<\/ul>\n<p>&nbsp;<\/p>\n<p><!--more--><\/p>\n<p>Esta bolsa con cremallera est\u00e1 disponible en diferentes tama\u00f1os: <span style=\"color: #d12727;\"><a style=\"color: #d12727;\" href=\"https:\/\/www.csj-emballages.com\/es\/produit\/100-bolsas-neutras-bd-con-cierre-a-presion-60-x-80-mm\/\">60 x 80 mm<\/a><\/span> \/ <span style=\"color: #d12727;\"><a style=\"color: #d12727;\" href=\"https:\/\/www.csj-emballages.com\/es\/produit\/100-bolsas-neutras-bd-con-cierre-a-presion-80-x-120-mm\/\">80 x 120 mm<\/a><\/span> \/ <span style=\"color: #d12727;\"><a style=\"color: #d12727;\" href=\"https:\/\/www.csj-emballages.com\/es\/produit\/100-bolsas-neutras-bd-con-cierre-a-presion-100-x-150-mm\/\">100 x 150 mm<\/a><\/span> \/ <span style=\"color: #d12727;\"><a style=\"color: #d12727;\" href=\"https:\/\/www.csj-emballages.com\/es\/produit\/100-bolsas-neutras-bd-con-cierre-a-presion-180-x-250-mm\/\">180 x 250 mm<\/a><\/span> \/ <span style=\"color: #d12727;\"><a style=\"color: #d12727;\" href=\"https:\/\/www.csj-emballages.com\/es\/produit\/100-bolsas-neutras-bd-con-cierre-a-presion-250-x-350-mm\/\">250 x 350 mm<\/a><\/span><\/p>\n<p>&nbsp;<\/p>\n<p><!--more--><\/p>\n<p><a href=\"https:\/\/www.csj-emballages.com\/es\/categorie-produit\/envasado-de-alimentos\/tienda-y-almacen\/bolsas-sobres\/bolsas-con-cierre\/\">Consulte el resto de nuestra gama de bolsas con cierre ZIP<\/a><\/p>\n<p>&nbsp;<\/p>\n","protected":false},"excerpt":{"rendered":"<p>Bolsa zip Descripci\u00f3n de nuestra bolsa zip neutra BD con cierre a presi\u00f3n de 40 x 60 mm, paquete de 100<\/p>\n","protected":false},"featured_media":260460,"template":"","meta":{"_acf_changed":false},"product_brand":[],"product_cat":[1488,3873,1490],"product_tag":[],"class_list":{"0":"post-17619","1":"product","2":"type-product","3":"status-publish","4":"has-post-thumbnail","6":"product_cat-tienda-y-almacen","7":"product_cat-bolsas-sobres","8":"product_cat-bolsas-con-cierre","10":"first","11":"instock","12":"taxable","13":"shipping-taxable","14":"purchasable","15":"product-type-simple"},"acf":[],"yoast_head":"<!-- This site is optimized with the Yoast SEO Premium plugin v26.6 (Yoast SEO v26.6) - https:\/\/yoast.com\/wordpress\/plugins\/seo\/ -->\n<title>Bolsa Zip Neutra BD con Cierre a Presi\u00f3n de 40 x 60 mm, paquete de 100<\/title>\n<meta name=\"description\" content=\"Bolsa zip neutra de 40x60 mm en polietileno BD virgen, grosor de 50 \u00b5. Cierre a presi\u00f3n fiable, se vende en paquetes de 100 para un almacenamiento sencillo y eficaz.\" \/>\n<meta name=\"robots\" content=\"index, follow, max-snippet:-1, max-image-preview:large, max-video-preview:-1\" \/>\n<link rel=\"canonical\" href=\"https:\/\/www.csj-emballages.com\/es\/produit\/100-bolsas-neutras-bd-con-cierre-a-presion-40-x-60-mm\/\" \/>\n<meta property=\"og:locale\" content=\"es_ES\" \/>\n<meta property=\"og:type\" content=\"article\" \/>\n<meta property=\"og:title\" content=\"Bolsa zip neutra BD con cierre a presi\u00f3n de 40 x 60 mm, paquete de 100\" \/>\n<meta property=\"og:description\" content=\"Bolsa zip neutra de 40x60 mm en polietileno BD virgen, grosor de 50 \u00b5. Cierre a presi\u00f3n fiable, se vende en paquetes de 100 para un almacenamiento sencillo y eficaz.\" \/>\n<meta property=\"og:url\" content=\"https:\/\/www.csj-emballages.com\/es\/produit\/100-bolsas-neutras-bd-con-cierre-a-presion-40-x-60-mm\/\" \/>\n<meta property=\"og:site_name\" content=\"CSJ Emballages\" \/>\n<meta property=\"article:publisher\" content=\"https:\/\/www.facebook.com\/csjemballages\" \/>\n<meta property=\"article:modified_time\" content=\"2026-03-12T15:49:49+00:00\" \/>\n<meta property=\"og:image\" content=\"https:\/\/www.csj-emballages.com\/wp-content\/uploads\/2024\/03\/ZIP02.webp\" \/>\n\t<meta property=\"og:image:width\" content=\"800\" \/>\n\t<meta property=\"og:image:height\" content=\"800\" \/>\n\t<meta property=\"og:image:type\" content=\"image\/webp\" \/>\n<meta name=\"twitter:card\" content=\"summary_large_image\" \/>\n<meta name=\"twitter:label1\" content=\"Tiempo de lectura\" \/>\n\t<meta name=\"twitter:data1\" content=\"2 minutos\" \/>\n<script type=\"application\/ld+json\" class=\"yoast-schema-graph\">{\"@context\":\"https:\/\/schema.org\",\"@graph\":[{\"@type\":\"WebPage\",\"@id\":\"https:\/\/www.csj-emballages.com\/es\/produit\/100-bolsas-neutras-bd-con-cierre-a-presion-40-x-60-mm\/\",\"url\":\"https:\/\/www.csj-emballages.com\/es\/produit\/100-bolsas-neutras-bd-con-cierre-a-presion-40-x-60-mm\/\",\"name\":\"Bolsa Zip Neutra BD con Cierre a Presi\u00f3n de 40 x 60 mm, paquete de 100\",\"isPartOf\":{\"@id\":\"https:\/\/www.csj-emballages.com\/es\/#website\"},\"primaryImageOfPage\":{\"@id\":\"https:\/\/www.csj-emballages.com\/es\/produit\/100-bolsas-neutras-bd-con-cierre-a-presion-40-x-60-mm\/#primaryimage\"},\"image\":{\"@id\":\"https:\/\/www.csj-emballages.com\/es\/produit\/100-bolsas-neutras-bd-con-cierre-a-presion-40-x-60-mm\/#primaryimage\"},\"thumbnailUrl\":\"https:\/\/www.csj-emballages.com\/wp-content\/uploads\/2024\/03\/ZIP02.webp\",\"datePublished\":\"2024-03-01T15:46:31+00:00\",\"dateModified\":\"2026-03-12T15:49:49+00:00\",\"description\":\"Bolsa zip neutra de 40x60 mm en polietileno BD virgen, grosor de 50 \u00b5. Cierre a presi\u00f3n fiable, se vende en paquetes de 100 para un almacenamiento sencillo y eficaz.\",\"breadcrumb\":{\"@id\":\"https:\/\/www.csj-emballages.com\/es\/produit\/100-bolsas-neutras-bd-con-cierre-a-presion-40-x-60-mm\/#breadcrumb\"},\"inLanguage\":\"es\",\"potentialAction\":[{\"@type\":\"ReadAction\",\"target\":[\"https:\/\/www.csj-emballages.com\/es\/produit\/100-bolsas-neutras-bd-con-cierre-a-presion-40-x-60-mm\/\"]}]},{\"@type\":\"ImageObject\",\"inLanguage\":\"es\",\"@id\":\"https:\/\/www.csj-emballages.com\/es\/produit\/100-bolsas-neutras-bd-con-cierre-a-presion-40-x-60-mm\/#primaryimage\",\"url\":\"https:\/\/www.csj-emballages.com\/wp-content\/uploads\/2024\/03\/ZIP02.webp\",\"contentUrl\":\"https:\/\/www.csj-emballages.com\/wp-content\/uploads\/2024\/03\/ZIP02.webp\",\"width\":800,\"height\":800,\"caption\":\"Sachet zip\"},{\"@type\":\"BreadcrumbList\",\"@id\":\"https:\/\/www.csj-emballages.com\/es\/produit\/100-bolsas-neutras-bd-con-cierre-a-presion-40-x-60-mm\/#breadcrumb\",\"itemListElement\":[{\"@type\":\"ListItem\",\"position\":1,\"name\":\"Accueil\",\"item\":\"https:\/\/www.csj-emballages.com\/es\/universo-del-envasado-alimentario\/\"},{\"@type\":\"ListItem\",\"position\":2,\"name\":\"Tienda\",\"item\":\"https:\/\/www.csj-emballages.com\/tienda\/\"},{\"@type\":\"ListItem\",\"position\":3,\"name\":\"Bolsa zip neutra BD con cierre a presi\u00f3n de 40 x 60 mm, paquete de 100\"}]},{\"@type\":\"WebSite\",\"@id\":\"https:\/\/www.csj-emballages.com\/es\/#website\",\"url\":\"https:\/\/www.csj-emballages.com\/es\/\",\"name\":\"CSJ Emballages\",\"description\":\"\",\"publisher\":{\"@id\":\"https:\/\/www.csj-emballages.com\/es\/#organization\"},\"potentialAction\":[{\"@type\":\"SearchAction\",\"target\":{\"@type\":\"EntryPoint\",\"urlTemplate\":\"https:\/\/www.csj-emballages.com\/es\/?s={search_term_string}\"},\"query-input\":{\"@type\":\"PropertyValueSpecification\",\"valueRequired\":true,\"valueName\":\"search_term_string\"}}],\"inLanguage\":\"es\"},{\"@type\":\"Organization\",\"@id\":\"https:\/\/www.csj-emballages.com\/es\/#Organization\/\",\"name\":\"CSJ Emballages\",\"url\":\"https:\/\/www.csj-emballages.com\/es\/\",\"logo\":{\"@type\":\"ImageObject\",\"inLanguage\":\"es\",\"@id\":\"https:\/\/www.csj-emballages.com\/es\/#\/schema\/logo\/image\/\",\"url\":\"https:\/\/www.csj-emballages.com\/wp-content\/uploads\/2023\/10\/logo_csj.webp\",\"contentUrl\":\"https:\/\/www.csj-emballages.com\/wp-content\/uploads\/2023\/10\/logo_csj.webp\",\"width\":250,\"height\":95,\"caption\":\"CSJ Emballages\"},\"image\":{\"@id\":\"https:\/\/www.csj-emballages.com\/es\/#\/schema\/logo\/image\/\"},\"sameAs\":[\"https:\/\/www.facebook.com\/csjemballages\"],\"address\":{\"@type\":\"PostalAddress\",\"streetAddress\":\"ZI La Lechere\",\"addressLocality\":\"Patornay\",\"postalCode\":\"39130\",\"addressCountry\":\"FR\"},\"contactPoint\":[{\"@type\":\"ContactPoint\",\"contactType\":\"Service client\",\"telephone\":\"0384254272\",\"email\":\"contact@csj-emballages.com\"}]}]}<\/script>\n<!-- \/ Yoast SEO Premium plugin. -->","yoast_head_json":{"title":"Bolsa Zip Neutra BD con Cierre a Presi\u00f3n de 40 x 60 mm, paquete de 100","description":"Bolsa zip neutra de 40x60 mm en polietileno BD virgen, grosor de 50 \u00b5. Cierre a presi\u00f3n fiable, se vende en paquetes de 100 para un almacenamiento sencillo y eficaz.","robots":{"index":"index","follow":"follow","max-snippet":"max-snippet:-1","max-image-preview":"max-image-preview:large","max-video-preview":"max-video-preview:-1"},"canonical":"https:\/\/www.csj-emballages.com\/es\/produit\/100-bolsas-neutras-bd-con-cierre-a-presion-40-x-60-mm\/","og_locale":"es_ES","og_type":"article","og_title":"Bolsa zip neutra BD con cierre a presi\u00f3n de 40 x 60 mm, paquete de 100","og_description":"Bolsa zip neutra de 40x60 mm en polietileno BD virgen, grosor de 50 \u00b5. Cierre a presi\u00f3n fiable, se vende en paquetes de 100 para un almacenamiento sencillo y eficaz.","og_url":"https:\/\/www.csj-emballages.com\/es\/produit\/100-bolsas-neutras-bd-con-cierre-a-presion-40-x-60-mm\/","og_site_name":"CSJ Emballages","article_publisher":"https:\/\/www.facebook.com\/csjemballages","article_modified_time":"2026-03-12T15:49:49+00:00","og_image":[{"width":800,"height":800,"url":"https:\/\/www.csj-emballages.com\/wp-content\/uploads\/2024\/03\/ZIP02.webp","type":"image\/webp"}],"twitter_card":"summary_large_image","twitter_misc":{"Tiempo de lectura":"2 minutos"},"schema":{"@context":"https:\/\/schema.org","@graph":[{"@type":"WebPage","@id":"https:\/\/www.csj-emballages.com\/es\/produit\/100-bolsas-neutras-bd-con-cierre-a-presion-40-x-60-mm\/","url":"https:\/\/www.csj-emballages.com\/es\/produit\/100-bolsas-neutras-bd-con-cierre-a-presion-40-x-60-mm\/","name":"Bolsa Zip Neutra BD con Cierre a Presi\u00f3n de 40 x 60 mm, paquete de 100","isPartOf":{"@id":"https:\/\/www.csj-emballages.com\/es\/#website"},"primaryImageOfPage":{"@id":"https:\/\/www.csj-emballages.com\/es\/produit\/100-bolsas-neutras-bd-con-cierre-a-presion-40-x-60-mm\/#primaryimage"},"image":{"@id":"https:\/\/www.csj-emballages.com\/es\/produit\/100-bolsas-neutras-bd-con-cierre-a-presion-40-x-60-mm\/#primaryimage"},"thumbnailUrl":"https:\/\/www.csj-emballages.com\/wp-content\/uploads\/2024\/03\/ZIP02.webp","datePublished":"2024-03-01T15:46:31+00:00","dateModified":"2026-03-12T15:49:49+00:00","description":"Bolsa zip neutra de 40x60 mm en polietileno BD virgen, grosor de 50 \u00b5. Cierre a presi\u00f3n fiable, se vende en paquetes de 100 para un almacenamiento sencillo y eficaz.","breadcrumb":{"@id":"https:\/\/www.csj-emballages.com\/es\/produit\/100-bolsas-neutras-bd-con-cierre-a-presion-40-x-60-mm\/#breadcrumb"},"inLanguage":"es","potentialAction":[{"@type":"ReadAction","target":["https:\/\/www.csj-emballages.com\/es\/produit\/100-bolsas-neutras-bd-con-cierre-a-presion-40-x-60-mm\/"]}]},{"@type":"ImageObject","inLanguage":"es","@id":"https:\/\/www.csj-emballages.com\/es\/produit\/100-bolsas-neutras-bd-con-cierre-a-presion-40-x-60-mm\/#primaryimage","url":"https:\/\/www.csj-emballages.com\/wp-content\/uploads\/2024\/03\/ZIP02.webp","contentUrl":"https:\/\/www.csj-emballages.com\/wp-content\/uploads\/2024\/03\/ZIP02.webp","width":800,"height":800,"caption":"Sachet zip"},{"@type":"BreadcrumbList","@id":"https:\/\/www.csj-emballages.com\/es\/produit\/100-bolsas-neutras-bd-con-cierre-a-presion-40-x-60-mm\/#breadcrumb","itemListElement":[{"@type":"ListItem","position":1,"name":"Accueil","item":"https:\/\/www.csj-emballages.com\/es\/universo-del-envasado-alimentario\/"},{"@type":"ListItem","position":2,"name":"Tienda","item":"https:\/\/www.csj-emballages.com\/tienda\/"},{"@type":"ListItem","position":3,"name":"Bolsa zip neutra BD con cierre a presi\u00f3n de 40 x 60 mm, paquete de 100"}]},{"@type":"WebSite","@id":"https:\/\/www.csj-emballages.com\/es\/#website","url":"https:\/\/www.csj-emballages.com\/es\/","name":"CSJ Emballages","description":"","publisher":{"@id":"https:\/\/www.csj-emballages.com\/es\/#organization"},"potentialAction":[{"@type":"SearchAction","target":{"@type":"EntryPoint","urlTemplate":"https:\/\/www.csj-emballages.com\/es\/?s={search_term_string}"},"query-input":{"@type":"PropertyValueSpecification","valueRequired":true,"valueName":"search_term_string"}}],"inLanguage":"es"},{"@type":"Organization","@id":"https:\/\/www.csj-emballages.com\/es\/#Organization\/","name":"CSJ Emballages","url":"https:\/\/www.csj-emballages.com\/es\/","logo":{"@type":"ImageObject","inLanguage":"es","@id":"https:\/\/www.csj-emballages.com\/es\/#\/schema\/logo\/image\/","url":"https:\/\/www.csj-emballages.com\/wp-content\/uploads\/2023\/10\/logo_csj.webp","contentUrl":"https:\/\/www.csj-emballages.com\/wp-content\/uploads\/2023\/10\/logo_csj.webp","width":250,"height":95,"caption":"CSJ Emballages"},"image":{"@id":"https:\/\/www.csj-emballages.com\/es\/#\/schema\/logo\/image\/"},"sameAs":["https:\/\/www.facebook.com\/csjemballages"],"address":{"@type":"PostalAddress","streetAddress":"ZI La Lechere","addressLocality":"Patornay","postalCode":"39130","addressCountry":"FR"},"contactPoint":[{"@type":"ContactPoint","contactType":"Service client","telephone":"0384254272","email":"contact@csj-emballages.com"}]}]}},"df_price":0.31,"df_sale_price":"","df_regular_price":0.31,"df_image_link":"https:\/\/www.csj-emballages.com\/wp-content\/uploads\/2024\/03\/ZIP02-300x300.webp","tiered_pricing_type":"fixed","tiered_pricing_fixed_rules":[],"tiered_pricing_percentage_rules":[],"tiered_pricing_minimum":1,"tiered_pricing_roles_data":[],"_links":{"self":[{"href":"https:\/\/www.csj-emballages.com\/es\/wp-json\/wp\/v2\/product\/17619","targetHints":{"allow":["GET"]}}],"collection":[{"href":"https:\/\/www.csj-emballages.com\/es\/wp-json\/wp\/v2\/product"}],"about":[{"href":"https:\/\/www.csj-emballages.com\/es\/wp-json\/wp\/v2\/types\/product"}],"wp:featuredmedia":[{"embeddable":true,"href":"https:\/\/www.csj-emballages.com\/es\/wp-json\/wp\/v2\/media\/260460"}],"wp:attachment":[{"href":"https:\/\/www.csj-emballages.com\/es\/wp-json\/wp\/v2\/media?parent=17619"}],"wp:term":[{"taxonomy":"product_brand","embeddable":true,"href":"https:\/\/www.csj-emballages.com\/es\/wp-json\/wp\/v2\/product_brand?post=17619"},{"taxonomy":"product_cat","embeddable":true,"href":"https:\/\/www.csj-emballages.com\/es\/wp-json\/wp\/v2\/product_cat?post=17619"},{"taxonomy":"product_tag","embeddable":true,"href":"https:\/\/www.csj-emballages.com\/es\/wp-json\/wp\/v2\/product_tag?post=17619"}],"curies":[{"name":"wp","href":"https:\/\/api.w.org\/{rel}","templated":true}]}}