{"id":17599,"date":"2024-03-01T16:46:30","date_gmt":"2024-03-01T15:46:30","guid":{"rendered":"https:\/\/u15jnbdpoq.preview.infomaniak.website\/produit\/100-bolsas-neutras-bd-con-cierre-a-presion-250-x-350-mm\/"},"modified":"2026-04-18T02:17:38","modified_gmt":"2026-04-18T00:17:38","slug":"100-bolsas-neutras-bd-con-cierre-a-presion-250-x-350-mm","status":"publish","type":"product","link":"https:\/\/www.csj-emballages.com\/es\/produit\/100-bolsas-neutras-bd-con-cierre-a-presion-250-x-350-mm\/","title":{"rendered":"Bolsa con cierre zip neutra BD con cierre a presi\u00f3n de 250 x 350 mm, 100 unidades"},"content":{"rendered":"<h2>Bolsa zip<\/h2>\n<hr>\n<h3>Descripci\u00f3n de nuestra bolsa zip neutra BD con cierre a presi\u00f3n de 180 x 250 mm, lote de 100 unidades<\/h3>\n<p><!--more--><\/p>\n<p data-start=\"231\" data-end=\"658\">Cuando es necesario proteger objetos m\u00e1s voluminosos sin encerrarlos en un embalaje r\u00edgido, la <strong data-start=\"328\" data-end=\"365\">bolsa con cierre zip neutra BD de 250 x 350 mm<\/strong> se convierte en una soluci\u00f3n realmente pr\u00e1ctica. Su gran formato permite agrupar f\u00e1cilmente documentos, piezas, accesorios o productos diversos, manteniendo una perfecta visibilidad del contenido. Gracias a su <strong data-start=\"571\" data-end=\"595\">cierre a presi\u00f3n<\/strong>, todo permanece bien cerrado, incluso en caso de manipulaciones repetidas.  <\/p>\n<p data-start=\"660\" data-end=\"1056\">Esta <strong>bolsa con cierre zip<\/strong> se distingue por su transparencia, que facilita la identificaci\u00f3n inmediata. Identifica r\u00e1pidamente lo que contiene, sin abrir ni perder tiempo. Adem\u00e1s, las <strong data-start=\"835\" data-end=\"864\">bandas blancas integradas<\/strong> permiten indicar claramente una referencia, un nombre, una fecha o cualquier otra informaci\u00f3n \u00fatil. Resultado: una organizaci\u00f3n m\u00e1s clara y eficaz, incluso cuando los vol\u00famenes aumentan.   <\/p>\n<p data-start=\"1058\" data-end=\"1420\">Con sus dimensiones de <strong data-start=\"1078\" data-end=\"1094\">250 x 350 mm<\/strong>, este modelo es perfecto para guardar <strong>documentos A4 plegados<\/strong>, <strong>instrucciones, ropa ligera, lotes de piezas, productos t\u00e9cnicos o muestras m\u00e1s voluminosas<\/strong>. El pl\u00e1stico es flexible, pero lo suficientemente grueso como para resistir la fricci\u00f3n y proteger el contenido del polvo, las salpicaduras y la humedad ligera. <\/p>\n<p data-start=\"1422\" data-end=\"1637\">Acondicionado <strong data-start=\"1434\" data-end=\"1452\">en lotes de 100<\/strong>, esta bolsa es ideal para los profesionales que necesitan un embalaje fiable a diario, pero tambi\u00e9n para uso personal cuando es necesario almacenar de forma limpia y sin restricciones.<\/p>\n<p data-start=\"1639\" data-end=\"1794\">En resumen, esta <strong>bolsa con cierre zip<\/strong> de gran formato combina espacio, simplicidad y eficacia, para un almacenamiento limpio, legible y f\u00e1cil de gestionar, incluso a gran escala.<\/p>\n<p data-start=\"1630\" data-end=\"1760\"><!--more--><\/p>\n<h4 data-start=\"1608\" data-end=\"1777\">Ventajas :<\/h4>\n<ul>\n<li data-start=\"1788\" data-end=\"1844\"><strong>Polietileno de baja densidad<\/strong> virgen, flexible y resistente.<\/li>\n<li data-start=\"1847\" data-end=\"1897\"><strong>Cierre a presi\u00f3n<\/strong> fiable y f\u00e1cil de usar.<\/li>\n<li data-start=\"1900\" data-end=\"1935\">Formato compacto para objetos peque\u00f1os.<\/li>\n<li data-start=\"1938\" data-end=\"1976\">Transparencia para una identificaci\u00f3n r\u00e1pida.<\/li>\n<li data-start=\"1979\" data-end=\"2016\"><strong>Grosor de 50 \u00b5<\/strong> para una buena sujeci\u00f3n.<\/li>\n<li data-start=\"2019\" data-end=\"2054\">Pr\u00e1ctico y econ\u00f3mico <strong>paquete de 100<\/strong>.<\/li>\n<\/ul>\n<p>&nbsp;<\/p>\n<p><!--more--><\/p>\n<h4>Informaci\u00f3n adicional :<\/h4>\n<ul>\n<li><strong>Embalaje<\/strong>: Paquete de 100<\/li>\n<li><strong>Dimensiones<\/strong>: 250 x 350 mm<\/li>\n<li><strong>Color<\/strong>: Incoloro<\/li>\n<li><strong>Grosor<\/strong>: 50\u03bc<\/li>\n<li><b>Material<\/b>: Polietileno de baja densidad virgen<\/li>\n<\/ul>\n<p>&nbsp;<\/p>\n<p><!--more--><\/p>\n<p>Esta bolsa con cierre zip est\u00e1 disponible en diferentes tama\u00f1os: <span style=\"color: #d12727;\"><a style=\"color: #d12727;\" href=\"https:\/\/www.csj-emballages.com\/es\/produit\/100-bolsas-neutras-bd-con-cierre-a-presion-40-x-60-mm\/\">40 x 60 mm<\/a><\/span> \/ <span style=\"color: #d12727;\"><a style=\"color: #d12727;\" href=\"https:\/\/www.csj-emballages.com\/es\/produit\/100-bolsas-neutras-bd-con-cierre-a-presion-60-x-80-mm\/\">60 x 80 mm<\/a><\/span> \/ <span style=\"color: #d12727;\"><a style=\"color: #d12727;\" href=\"https:\/\/www.csj-emballages.com\/es\/produit\/100-bolsas-neutras-bd-con-cierre-a-presion-80-x-120-mm\/\">80 x 120 mm<\/a><\/span> \/ <span style=\"color: #d12727;\"><a style=\"color: #d12727;\" href=\"https:\/\/www.csj-emballages.com\/es\/produit\/100-bolsas-neutras-bd-con-cierre-a-presion-100-x-150-mm\/\">100 x 150 mm<\/a><\/span> \/ <span style=\"color: #d12727;\"><a style=\"color: #d12727;\" href=\"https:\/\/www.csj-emballages.com\/es\/produit\/100-bolsas-neutras-bd-con-cierre-a-presion-180-x-250-mm\/\">180 x 250 mm<\/a><\/span><\/p>\n<p>&nbsp;<\/p>\n<p><!--more--><\/p>\n<p><a href=\"https:\/\/www.csj-emballages.com\/es\/categorie-produit\/envasado-de-alimentos\/tienda-y-almacen\/bolsas-sobres\/bolsas-con-cierre\/\">Consulte el resto de nuestra gama de bolsas con cierre ZIP<\/a><\/p>\n<p>&nbsp;<\/p>\n<p>&nbsp;<\/p>\n","protected":false},"excerpt":{"rendered":"<p>Bolsa zip Descripci\u00f3n de nuestra bolsa zip neutra BD con cierre a presi\u00f3n de 180 x 250 mm, lote de 100 unidades<\/p>\n","protected":false},"featured_media":260506,"template":"","meta":{"_acf_changed":false},"product_brand":[],"product_cat":[1488,1490],"product_tag":[],"class_list":{"0":"post-17599","1":"product","2":"type-product","3":"status-publish","4":"has-post-thumbnail","6":"product_cat-tienda-y-almacen","7":"product_cat-bolsas-con-cierre","9":"first","10":"instock","11":"taxable","12":"shipping-taxable","13":"purchasable","14":"product-type-simple"},"acf":[],"yoast_head":"<!-- This site is optimized with the Yoast SEO Premium plugin v26.6 (Yoast SEO v26.6) - https:\/\/yoast.com\/wordpress\/plugins\/seo\/ -->\n<title>Bolsa con Cierre Zip Neutra BD con Cierre a Presi\u00f3n de 250 x 350 mm, 100 unidades<\/title>\n<meta name=\"description\" content=\"Bolsa con cierre zip neutra BD de 250 x 350 mm con bandas blancas, se vende por 100 unidades. Formato grande pr\u00e1ctico para guardar y proteger eficazmente sus productos.\" \/>\n<meta name=\"robots\" content=\"index, follow, max-snippet:-1, max-image-preview:large, max-video-preview:-1\" \/>\n<link rel=\"canonical\" href=\"https:\/\/www.csj-emballages.com\/es\/produit\/100-bolsas-neutras-bd-con-cierre-a-presion-250-x-350-mm\/\" \/>\n<meta property=\"og:locale\" content=\"es_ES\" \/>\n<meta property=\"og:type\" content=\"article\" \/>\n<meta property=\"og:title\" content=\"Bolsa con cierre zip neutra BD con cierre a presi\u00f3n de 250 x 350 mm, 100 unidades\" \/>\n<meta property=\"og:description\" content=\"Bolsa con cierre zip neutra BD de 250 x 350 mm con bandas blancas, se vende por 100 unidades. Formato grande pr\u00e1ctico para guardar y proteger eficazmente sus productos.\" \/>\n<meta property=\"og:url\" content=\"https:\/\/www.csj-emballages.com\/es\/produit\/100-bolsas-neutras-bd-con-cierre-a-presion-250-x-350-mm\/\" \/>\n<meta property=\"og:site_name\" content=\"CSJ Emballages\" \/>\n<meta property=\"article:publisher\" content=\"https:\/\/www.facebook.com\/csjemballages\" \/>\n<meta property=\"article:modified_time\" content=\"2026-04-18T00:17:38+00:00\" \/>\n<meta property=\"og:image\" content=\"https:\/\/www.csj-emballages.com\/wp-content\/uploads\/2024\/03\/ZIP181.webp\" \/>\n\t<meta property=\"og:image:width\" content=\"800\" \/>\n\t<meta property=\"og:image:height\" content=\"800\" \/>\n\t<meta property=\"og:image:type\" content=\"image\/webp\" \/>\n<meta name=\"twitter:card\" content=\"summary_large_image\" \/>\n<meta name=\"twitter:label1\" content=\"Tiempo de lectura\" \/>\n\t<meta name=\"twitter:data1\" content=\"2 minutos\" \/>\n<script type=\"application\/ld+json\" class=\"yoast-schema-graph\">{\"@context\":\"https:\/\/schema.org\",\"@graph\":[{\"@type\":\"WebPage\",\"@id\":\"https:\/\/www.csj-emballages.com\/es\/produit\/100-bolsas-neutras-bd-con-cierre-a-presion-250-x-350-mm\/\",\"url\":\"https:\/\/www.csj-emballages.com\/es\/produit\/100-bolsas-neutras-bd-con-cierre-a-presion-250-x-350-mm\/\",\"name\":\"Bolsa con Cierre Zip Neutra BD con Cierre a Presi\u00f3n de 250 x 350 mm, 100 unidades\",\"isPartOf\":{\"@id\":\"https:\/\/www.csj-emballages.com\/es\/#website\"},\"primaryImageOfPage\":{\"@id\":\"https:\/\/www.csj-emballages.com\/es\/produit\/100-bolsas-neutras-bd-con-cierre-a-presion-250-x-350-mm\/#primaryimage\"},\"image\":{\"@id\":\"https:\/\/www.csj-emballages.com\/es\/produit\/100-bolsas-neutras-bd-con-cierre-a-presion-250-x-350-mm\/#primaryimage\"},\"thumbnailUrl\":\"https:\/\/www.csj-emballages.com\/wp-content\/uploads\/2024\/03\/ZIP181.webp\",\"datePublished\":\"2024-03-01T15:46:30+00:00\",\"dateModified\":\"2026-04-18T00:17:38+00:00\",\"description\":\"Bolsa con cierre zip neutra BD de 250 x 350 mm con bandas blancas, se vende por 100 unidades. Formato grande pr\u00e1ctico para guardar y proteger eficazmente sus productos.\",\"breadcrumb\":{\"@id\":\"https:\/\/www.csj-emballages.com\/es\/produit\/100-bolsas-neutras-bd-con-cierre-a-presion-250-x-350-mm\/#breadcrumb\"},\"inLanguage\":\"es\",\"potentialAction\":[{\"@type\":\"ReadAction\",\"target\":[\"https:\/\/www.csj-emballages.com\/es\/produit\/100-bolsas-neutras-bd-con-cierre-a-presion-250-x-350-mm\/\"]}]},{\"@type\":\"ImageObject\",\"inLanguage\":\"es\",\"@id\":\"https:\/\/www.csj-emballages.com\/es\/produit\/100-bolsas-neutras-bd-con-cierre-a-presion-250-x-350-mm\/#primaryimage\",\"url\":\"https:\/\/www.csj-emballages.com\/wp-content\/uploads\/2024\/03\/ZIP181.webp\",\"contentUrl\":\"https:\/\/www.csj-emballages.com\/wp-content\/uploads\/2024\/03\/ZIP181.webp\",\"width\":800,\"height\":800,\"caption\":\"Sachet zip\"},{\"@type\":\"BreadcrumbList\",\"@id\":\"https:\/\/www.csj-emballages.com\/es\/produit\/100-bolsas-neutras-bd-con-cierre-a-presion-250-x-350-mm\/#breadcrumb\",\"itemListElement\":[{\"@type\":\"ListItem\",\"position\":1,\"name\":\"Accueil\",\"item\":\"https:\/\/www.csj-emballages.com\/es\/universo-del-envasado-alimentario\/\"},{\"@type\":\"ListItem\",\"position\":2,\"name\":\"Tienda\",\"item\":\"https:\/\/www.csj-emballages.com\/tienda\/\"},{\"@type\":\"ListItem\",\"position\":3,\"name\":\"Bolsa con cierre zip neutra BD con cierre a presi\u00f3n de 250 x 350 mm, 100 unidades\"}]},{\"@type\":\"WebSite\",\"@id\":\"https:\/\/www.csj-emballages.com\/es\/#website\",\"url\":\"https:\/\/www.csj-emballages.com\/es\/\",\"name\":\"CSJ Emballages\",\"description\":\"\",\"publisher\":{\"@id\":\"https:\/\/www.csj-emballages.com\/es\/#organization\"},\"potentialAction\":[{\"@type\":\"SearchAction\",\"target\":{\"@type\":\"EntryPoint\",\"urlTemplate\":\"https:\/\/www.csj-emballages.com\/es\/?s={search_term_string}\"},\"query-input\":{\"@type\":\"PropertyValueSpecification\",\"valueRequired\":true,\"valueName\":\"search_term_string\"}}],\"inLanguage\":\"es\"},{\"@type\":\"Organization\",\"@id\":\"https:\/\/www.csj-emballages.com\/es\/#Organization\/\",\"name\":\"CSJ Emballages\",\"url\":\"https:\/\/www.csj-emballages.com\/es\/\",\"logo\":{\"@type\":\"ImageObject\",\"inLanguage\":\"es\",\"@id\":\"https:\/\/www.csj-emballages.com\/es\/#\/schema\/logo\/image\/\",\"url\":\"https:\/\/www.csj-emballages.com\/wp-content\/uploads\/2023\/10\/logo_csj.webp\",\"contentUrl\":\"https:\/\/www.csj-emballages.com\/wp-content\/uploads\/2023\/10\/logo_csj.webp\",\"width\":250,\"height\":95,\"caption\":\"CSJ Emballages\"},\"image\":{\"@id\":\"https:\/\/www.csj-emballages.com\/es\/#\/schema\/logo\/image\/\"},\"sameAs\":[\"https:\/\/www.facebook.com\/csjemballages\"],\"address\":{\"@type\":\"PostalAddress\",\"streetAddress\":\"ZI La Lechere\",\"addressLocality\":\"Patornay\",\"postalCode\":\"39130\",\"addressCountry\":\"FR\"},\"contactPoint\":[{\"@type\":\"ContactPoint\",\"contactType\":\"Service client\",\"telephone\":\"0384254272\",\"email\":\"contact@csj-emballages.com\"}]}]}<\/script>\n<!-- \/ Yoast SEO Premium plugin. -->","yoast_head_json":{"title":"Bolsa con Cierre Zip Neutra BD con Cierre a Presi\u00f3n de 250 x 350 mm, 100 unidades","description":"Bolsa con cierre zip neutra BD de 250 x 350 mm con bandas blancas, se vende por 100 unidades. Formato grande pr\u00e1ctico para guardar y proteger eficazmente sus productos.","robots":{"index":"index","follow":"follow","max-snippet":"max-snippet:-1","max-image-preview":"max-image-preview:large","max-video-preview":"max-video-preview:-1"},"canonical":"https:\/\/www.csj-emballages.com\/es\/produit\/100-bolsas-neutras-bd-con-cierre-a-presion-250-x-350-mm\/","og_locale":"es_ES","og_type":"article","og_title":"Bolsa con cierre zip neutra BD con cierre a presi\u00f3n de 250 x 350 mm, 100 unidades","og_description":"Bolsa con cierre zip neutra BD de 250 x 350 mm con bandas blancas, se vende por 100 unidades. Formato grande pr\u00e1ctico para guardar y proteger eficazmente sus productos.","og_url":"https:\/\/www.csj-emballages.com\/es\/produit\/100-bolsas-neutras-bd-con-cierre-a-presion-250-x-350-mm\/","og_site_name":"CSJ Emballages","article_publisher":"https:\/\/www.facebook.com\/csjemballages","article_modified_time":"2026-04-18T00:17:38+00:00","og_image":[{"width":800,"height":800,"url":"https:\/\/www.csj-emballages.com\/wp-content\/uploads\/2024\/03\/ZIP181.webp","type":"image\/webp"}],"twitter_card":"summary_large_image","twitter_misc":{"Tiempo de lectura":"2 minutos"},"schema":{"@context":"https:\/\/schema.org","@graph":[{"@type":"WebPage","@id":"https:\/\/www.csj-emballages.com\/es\/produit\/100-bolsas-neutras-bd-con-cierre-a-presion-250-x-350-mm\/","url":"https:\/\/www.csj-emballages.com\/es\/produit\/100-bolsas-neutras-bd-con-cierre-a-presion-250-x-350-mm\/","name":"Bolsa con Cierre Zip Neutra BD con Cierre a Presi\u00f3n de 250 x 350 mm, 100 unidades","isPartOf":{"@id":"https:\/\/www.csj-emballages.com\/es\/#website"},"primaryImageOfPage":{"@id":"https:\/\/www.csj-emballages.com\/es\/produit\/100-bolsas-neutras-bd-con-cierre-a-presion-250-x-350-mm\/#primaryimage"},"image":{"@id":"https:\/\/www.csj-emballages.com\/es\/produit\/100-bolsas-neutras-bd-con-cierre-a-presion-250-x-350-mm\/#primaryimage"},"thumbnailUrl":"https:\/\/www.csj-emballages.com\/wp-content\/uploads\/2024\/03\/ZIP181.webp","datePublished":"2024-03-01T15:46:30+00:00","dateModified":"2026-04-18T00:17:38+00:00","description":"Bolsa con cierre zip neutra BD de 250 x 350 mm con bandas blancas, se vende por 100 unidades. Formato grande pr\u00e1ctico para guardar y proteger eficazmente sus productos.","breadcrumb":{"@id":"https:\/\/www.csj-emballages.com\/es\/produit\/100-bolsas-neutras-bd-con-cierre-a-presion-250-x-350-mm\/#breadcrumb"},"inLanguage":"es","potentialAction":[{"@type":"ReadAction","target":["https:\/\/www.csj-emballages.com\/es\/produit\/100-bolsas-neutras-bd-con-cierre-a-presion-250-x-350-mm\/"]}]},{"@type":"ImageObject","inLanguage":"es","@id":"https:\/\/www.csj-emballages.com\/es\/produit\/100-bolsas-neutras-bd-con-cierre-a-presion-250-x-350-mm\/#primaryimage","url":"https:\/\/www.csj-emballages.com\/wp-content\/uploads\/2024\/03\/ZIP181.webp","contentUrl":"https:\/\/www.csj-emballages.com\/wp-content\/uploads\/2024\/03\/ZIP181.webp","width":800,"height":800,"caption":"Sachet zip"},{"@type":"BreadcrumbList","@id":"https:\/\/www.csj-emballages.com\/es\/produit\/100-bolsas-neutras-bd-con-cierre-a-presion-250-x-350-mm\/#breadcrumb","itemListElement":[{"@type":"ListItem","position":1,"name":"Accueil","item":"https:\/\/www.csj-emballages.com\/es\/universo-del-envasado-alimentario\/"},{"@type":"ListItem","position":2,"name":"Tienda","item":"https:\/\/www.csj-emballages.com\/tienda\/"},{"@type":"ListItem","position":3,"name":"Bolsa con cierre zip neutra BD con cierre a presi\u00f3n de 250 x 350 mm, 100 unidades"}]},{"@type":"WebSite","@id":"https:\/\/www.csj-emballages.com\/es\/#website","url":"https:\/\/www.csj-emballages.com\/es\/","name":"CSJ Emballages","description":"","publisher":{"@id":"https:\/\/www.csj-emballages.com\/es\/#organization"},"potentialAction":[{"@type":"SearchAction","target":{"@type":"EntryPoint","urlTemplate":"https:\/\/www.csj-emballages.com\/es\/?s={search_term_string}"},"query-input":{"@type":"PropertyValueSpecification","valueRequired":true,"valueName":"search_term_string"}}],"inLanguage":"es"},{"@type":"Organization","@id":"https:\/\/www.csj-emballages.com\/es\/#Organization\/","name":"CSJ Emballages","url":"https:\/\/www.csj-emballages.com\/es\/","logo":{"@type":"ImageObject","inLanguage":"es","@id":"https:\/\/www.csj-emballages.com\/es\/#\/schema\/logo\/image\/","url":"https:\/\/www.csj-emballages.com\/wp-content\/uploads\/2023\/10\/logo_csj.webp","contentUrl":"https:\/\/www.csj-emballages.com\/wp-content\/uploads\/2023\/10\/logo_csj.webp","width":250,"height":95,"caption":"CSJ Emballages"},"image":{"@id":"https:\/\/www.csj-emballages.com\/es\/#\/schema\/logo\/image\/"},"sameAs":["https:\/\/www.facebook.com\/csjemballages"],"address":{"@type":"PostalAddress","streetAddress":"ZI La Lechere","addressLocality":"Patornay","postalCode":"39130","addressCountry":"FR"},"contactPoint":[{"@type":"ContactPoint","contactType":"Service client","telephone":"0384254272","email":"contact@csj-emballages.com"}]}]}},"df_price":6.2,"df_sale_price":"","df_regular_price":6.2,"df_image_link":"https:\/\/www.csj-emballages.com\/wp-content\/uploads\/2024\/03\/ZIP181-300x300.webp","tiered_pricing_type":"fixed","tiered_pricing_fixed_rules":[],"tiered_pricing_percentage_rules":[],"tiered_pricing_minimum":1,"tiered_pricing_roles_data":[],"_links":{"self":[{"href":"https:\/\/www.csj-emballages.com\/es\/wp-json\/wp\/v2\/product\/17599","targetHints":{"allow":["GET"]}}],"collection":[{"href":"https:\/\/www.csj-emballages.com\/es\/wp-json\/wp\/v2\/product"}],"about":[{"href":"https:\/\/www.csj-emballages.com\/es\/wp-json\/wp\/v2\/types\/product"}],"wp:featuredmedia":[{"embeddable":true,"href":"https:\/\/www.csj-emballages.com\/es\/wp-json\/wp\/v2\/media\/260506"}],"wp:attachment":[{"href":"https:\/\/www.csj-emballages.com\/es\/wp-json\/wp\/v2\/media?parent=17599"}],"wp:term":[{"taxonomy":"product_brand","embeddable":true,"href":"https:\/\/www.csj-emballages.com\/es\/wp-json\/wp\/v2\/product_brand?post=17599"},{"taxonomy":"product_cat","embeddable":true,"href":"https:\/\/www.csj-emballages.com\/es\/wp-json\/wp\/v2\/product_cat?post=17599"},{"taxonomy":"product_tag","embeddable":true,"href":"https:\/\/www.csj-emballages.com\/es\/wp-json\/wp\/v2\/product_tag?post=17599"}],"curies":[{"name":"wp","href":"https:\/\/api.w.org\/{rel}","templated":true}]}}