{"id":17598,"date":"2024-03-01T14:28:52","date_gmt":"2024-03-01T13:28:52","guid":{"rendered":"https:\/\/u15jnbdpoq.preview.infomaniak.website\/produit\/100-tarros-redondos-pp-250-ml\/"},"modified":"2026-05-08T02:15:28","modified_gmt":"2026-05-08T00:15:28","slug":"100-tarros-redondos-pp-250-ml","status":"publish","type":"product","link":"https:\/\/www.csj-emballages.com\/es\/produit\/100-tarros-redondos-pp-250-ml\/","title":{"rendered":"Bote redondo de pl\u00e1stico 250 ml por 100"},"content":{"rendered":"<h2>Maceta redonda de pl\u00e1stico<\/h2>\n<hr>\n<h3>Descripci\u00f3n de nuestra sopera 250 ml por 100<\/h3>\n<p><!--more--><\/p>\n<p data-start=\"228\" data-end=\"626\">Cuando se trabaja en el sector de la restauraci\u00f3n, cada peque\u00f1o recipiente cuenta. Este <strong data-start=\"298\" data-end=\"336\">tarro redondo de pl\u00e1stico PP de 250 ml<\/strong> se ha dise\u00f1ado para simplificar el servicio sin dejar de ser fiable, incluso con preparaciones calientes. Su tama\u00f1o es ideal para salsas, caldos o peque\u00f1as porciones para llevar. No es ni demasiado grande ni demasiado peque\u00f1o, para que pueda dosificar la cantidad justa sin desperdiciar.   <\/p>\n<p data-start=\"628\" data-end=\"1066\">Fabricada en <strong data-start=\"640\" data-end=\"662\">polipropileno (PP)<\/strong>, esta <strong>olla sopera<\/strong> soporta perfectamente el calor. As\u00ed que puede verter en ella salsas picantes, coulis, preparaciones calientes o guarniciones sin preocuparse de que se deformen. Es una verdadera ventaja en el uso diario, especialmente cuando el ritmo en la cocina se acelera. Adem\u00e1s, el material <strong>transparente<\/strong> permite identificar el contenido de un vistazo, lo que facilita la organizaci\u00f3n y evita errores a la hora de servir.   <\/p>\n<p data-start=\"1068\" data-end=\"1364\">Su forma <strong>redonda<\/strong>, sencilla y eficaz, facilita su apilamiento y almacenamiento. Esto ahorra espacio y tiempo, ya sea en el almac\u00e9n o en la encimera. Y su borde liso hace que sea f\u00e1cil de sujetar y limpiar para servir, ya sea en el local o para llevar.  <\/p>\n<p data-start=\"1366\" data-end=\"1727\">Esta <strong>olla sopera<\/strong>, que se vende <strong data-start=\"1372\" data-end=\"1390\">en paquetes de 100 unidades<\/strong>, es ideal para restaurantes, cafeter\u00edas, catering, food-trucks y comida para llevar profesional. Se integra de forma natural en su rutina sin complicarle las cosas. En resumen, se trata de un recipiente peque\u00f1o y discreto, pero indispensable, que le ayudar\u00e1 a trabajar de forma m\u00e1s eficaz sin dejar de ser vers\u00e1til.  <\/p>\n<p>&nbsp;<\/p>\n<p><!--more--><\/p>\n<p><strong><span style=\"color: #ff0000;\">*S\u00f3lo ollas calientes<\/span><\/strong><\/p>\n<p>&nbsp;<\/p>\n<p><!--more--><\/p>\n<h4>Ventajas :<\/h4>\n<ul>\n<li data-start=\"1940\" data-end=\"1972\">Pr\u00e1ctico envase <strong>de 250 ml<\/strong>.<\/li>\n<li data-start=\"1975\" data-end=\"2029\"><strong>Pl\u00e1stico<\/strong> transparente para una visibilidad inmediata.<\/li>\n<li data-start=\"2032\" data-end=\"2073\">Buena estabilidad gracias a su forma redonda.<\/li>\n<li data-start=\"2076\" data-end=\"2108\">F\u00e1cil de apilar y almacenar.<\/li>\n<li data-start=\"2111\" data-end=\"2140\">Envase econ\u00f3mico de <strong>100 tarros<\/strong>.<\/li>\n<\/ul>\n<p>&nbsp;<\/p>\n<p><!--more--><\/p>\n<h4>Informaci\u00f3n adicional :<\/h4>\n<ul>\n<li><strong>Embalaje<\/strong>: Paquete de 100<\/li>\n<li><strong>Volumen<\/strong>: 250 ml<\/li>\n<li><strong>Di\u00e1metro del fondo<\/strong>: \u00d885 mm<\/li>\n<li><strong>Di\u00e1metro superior<\/strong>: \u00d898 mm<\/li>\n<li><strong>Altura<\/strong>: 50 mm<\/li>\n<li><strong>Material<\/strong>: PP (Polipropileno)<\/li>\n<li><strong>Uso<\/strong>: C\u00e1lido<\/li>\n<li><strong>Temperatura de funcionamiento<\/strong>: -20\u00b0C \/ +120\u00b0C<\/li>\n<\/ul>\n<p>&nbsp;<\/p>\n<p><!--more--><\/p>\n<p><span style=\"color: #d12727;\"><a style=\"color: #d12727;\" href=\"https:\/\/www.csj-emballages.com\/es\/produit\/100-tapas-para-tarros-redondos-de-pp-o101-mm\/\">Haz clic aqu\u00ed para ver la tapa dise\u00f1ada para esta olla  <\/a><\/span><\/p>\n<p>&nbsp;<\/p>\n<p><!--more--><\/p>\n<p>Disponible en varios tama\u00f1os: <span style=\"color: #d12727;\"><a style=\"color: #d12727;\" href=\"https:\/\/www.csj-emballages.com\/es\/produit\/100-tarros-redondos-pp-125-ml\/\">125 ml<\/a><\/span> \/ <span style=\"color: #d12727;\"><a style=\"color: #d12727;\" href=\"https:\/\/www.csj-emballages.com\/produit\/100-pots-ronds-en-pp-200-ml\/\">200 ml<\/a><\/span><\/p>\n<p>&nbsp;<\/p>\n<p><!--more--><\/p>\n<p><a href=\"\/?product_cat=pots-ronds-chauds-restauration\">Ver el resto de nuestra gama de ollas redondas de uso en caliente<\/a><\/p>\n","protected":false},"excerpt":{"rendered":"<p>Maceta redonda de pl\u00e1stico Descripci\u00f3n de nuestra sopera 250 ml por 100<\/p>\n","protected":false},"featured_media":204010,"template":"","meta":{"_acf_changed":false},"product_brand":[],"product_cat":[1150,1143,1491,1492,1493,1179,1494,1495],"product_tag":[],"class_list":{"0":"post-17598","1":"product","2":"type-product","3":"status-publish","4":"has-post-thumbnail","6":"product_cat-envasado-de-alimentos","7":"product_cat-carniceria-y-charcuteria","8":"product_cat-bandejas-latas-tarros-de-comida","9":"product_cat-macetas-redondas","10":"product_cat-ollas-redondas-para-uso-en-caliente","11":"product_cat-catering-es","12":"product_cat-macetas-redondas-es","13":"product_cat-ollas-redondas-calientes","15":"first","16":"instock","17":"taxable","18":"shipping-taxable","19":"purchasable","20":"product-type-simple"},"acf":[],"yoast_head":"<!-- This site is optimized with the Yoast SEO Premium plugin v26.6 (Yoast SEO v26.6) - https:\/\/yoast.com\/wordpress\/plugins\/seo\/ -->\n<title>Tarro redondo de pl\u00e1stico caliente - 250 ml<\/title>\n<meta name=\"description\" content=\"Descubra nuestro tarro redondo de pl\u00e1stico de 250 ml Ofrecemos un paquete de 100 tarros de pl\u00e1stico dise\u00f1ados para uso en caliente.\" \/>\n<meta name=\"robots\" content=\"index, follow, max-snippet:-1, max-image-preview:large, max-video-preview:-1\" \/>\n<link rel=\"canonical\" href=\"https:\/\/www.csj-emballages.com\/es\/produit\/100-tarros-redondos-pp-250-ml\/\" \/>\n<meta property=\"og:locale\" content=\"es_ES\" \/>\n<meta property=\"og:type\" content=\"article\" \/>\n<meta property=\"og:title\" content=\"Bote redondo de pl\u00e1stico 250 ml por 100\" \/>\n<meta property=\"og:description\" content=\"Descubra nuestro tarro redondo de pl\u00e1stico de 250 ml Ofrecemos un paquete de 100 tarros de pl\u00e1stico dise\u00f1ados para uso en caliente.\" \/>\n<meta property=\"og:url\" content=\"https:\/\/www.csj-emballages.com\/es\/produit\/100-tarros-redondos-pp-250-ml\/\" \/>\n<meta property=\"og:site_name\" content=\"CSJ Emballages\" \/>\n<meta property=\"article:publisher\" content=\"https:\/\/www.facebook.com\/csjemballages\" \/>\n<meta property=\"article:modified_time\" content=\"2026-05-08T00:15:28+00:00\" \/>\n<meta property=\"og:image\" content=\"https:\/\/www.csj-emballages.com\/wp-content\/uploads\/2024\/03\/POT-ROND-250.webp\" \/>\n\t<meta property=\"og:image:width\" content=\"800\" \/>\n\t<meta property=\"og:image:height\" content=\"800\" \/>\n\t<meta property=\"og:image:type\" content=\"image\/webp\" \/>\n<meta name=\"twitter:card\" content=\"summary_large_image\" \/>\n<meta name=\"twitter:label1\" content=\"Tiempo de lectura\" \/>\n\t<meta name=\"twitter:data1\" content=\"2 minutos\" \/>\n<script type=\"application\/ld+json\" class=\"yoast-schema-graph\">{\"@context\":\"https:\/\/schema.org\",\"@graph\":[{\"@type\":\"WebPage\",\"@id\":\"https:\/\/www.csj-emballages.com\/es\/produit\/100-tarros-redondos-pp-250-ml\/\",\"url\":\"https:\/\/www.csj-emballages.com\/es\/produit\/100-tarros-redondos-pp-250-ml\/\",\"name\":\"Tarro redondo de pl\u00e1stico caliente - 250 ml\",\"isPartOf\":{\"@id\":\"https:\/\/www.csj-emballages.com\/es\/#website\"},\"primaryImageOfPage\":{\"@id\":\"https:\/\/www.csj-emballages.com\/es\/produit\/100-tarros-redondos-pp-250-ml\/#primaryimage\"},\"image\":{\"@id\":\"https:\/\/www.csj-emballages.com\/es\/produit\/100-tarros-redondos-pp-250-ml\/#primaryimage\"},\"thumbnailUrl\":\"https:\/\/www.csj-emballages.com\/wp-content\/uploads\/2024\/03\/POT-ROND-250.webp\",\"datePublished\":\"2024-03-01T13:28:52+00:00\",\"dateModified\":\"2026-05-08T00:15:28+00:00\",\"description\":\"Descubra nuestro tarro redondo de pl\u00e1stico de 250 ml Ofrecemos un paquete de 100 tarros de pl\u00e1stico dise\u00f1ados para uso en caliente.\",\"breadcrumb\":{\"@id\":\"https:\/\/www.csj-emballages.com\/es\/produit\/100-tarros-redondos-pp-250-ml\/#breadcrumb\"},\"inLanguage\":\"es\",\"potentialAction\":[{\"@type\":\"ReadAction\",\"target\":[\"https:\/\/www.csj-emballages.com\/es\/produit\/100-tarros-redondos-pp-250-ml\/\"]}]},{\"@type\":\"ImageObject\",\"inLanguage\":\"es\",\"@id\":\"https:\/\/www.csj-emballages.com\/es\/produit\/100-tarros-redondos-pp-250-ml\/#primaryimage\",\"url\":\"https:\/\/www.csj-emballages.com\/wp-content\/uploads\/2024\/03\/POT-ROND-250.webp\",\"contentUrl\":\"https:\/\/www.csj-emballages.com\/wp-content\/uploads\/2024\/03\/POT-ROND-250.webp\",\"width\":800,\"height\":800,\"caption\":\"Pot rond plastique\"},{\"@type\":\"BreadcrumbList\",\"@id\":\"https:\/\/www.csj-emballages.com\/es\/produit\/100-tarros-redondos-pp-250-ml\/#breadcrumb\",\"itemListElement\":[{\"@type\":\"ListItem\",\"position\":1,\"name\":\"Accueil\",\"item\":\"https:\/\/www.csj-emballages.com\/es\/universo-del-envasado-alimentario\/\"},{\"@type\":\"ListItem\",\"position\":2,\"name\":\"Tienda\",\"item\":\"https:\/\/www.csj-emballages.com\/tienda\/\"},{\"@type\":\"ListItem\",\"position\":3,\"name\":\"Bote redondo de pl\u00e1stico 250 ml por 100\"}]},{\"@type\":\"WebSite\",\"@id\":\"https:\/\/www.csj-emballages.com\/es\/#website\",\"url\":\"https:\/\/www.csj-emballages.com\/es\/\",\"name\":\"CSJ Emballages\",\"description\":\"\",\"publisher\":{\"@id\":\"https:\/\/www.csj-emballages.com\/es\/#organization\"},\"potentialAction\":[{\"@type\":\"SearchAction\",\"target\":{\"@type\":\"EntryPoint\",\"urlTemplate\":\"https:\/\/www.csj-emballages.com\/es\/?s={search_term_string}\"},\"query-input\":{\"@type\":\"PropertyValueSpecification\",\"valueRequired\":true,\"valueName\":\"search_term_string\"}}],\"inLanguage\":\"es\"},{\"@type\":\"Organization\",\"@id\":\"https:\/\/www.csj-emballages.com\/es\/#Organization\/\",\"name\":\"CSJ Emballages\",\"url\":\"https:\/\/www.csj-emballages.com\/es\/\",\"logo\":{\"@type\":\"ImageObject\",\"inLanguage\":\"es\",\"@id\":\"https:\/\/www.csj-emballages.com\/es\/#\/schema\/logo\/image\/\",\"url\":\"https:\/\/www.csj-emballages.com\/wp-content\/uploads\/2023\/10\/logo_csj.webp\",\"contentUrl\":\"https:\/\/www.csj-emballages.com\/wp-content\/uploads\/2023\/10\/logo_csj.webp\",\"width\":250,\"height\":95,\"caption\":\"CSJ Emballages\"},\"image\":{\"@id\":\"https:\/\/www.csj-emballages.com\/es\/#\/schema\/logo\/image\/\"},\"sameAs\":[\"https:\/\/www.facebook.com\/csjemballages\"],\"address\":{\"@type\":\"PostalAddress\",\"streetAddress\":\"ZI La Lechere\",\"addressLocality\":\"Patornay\",\"postalCode\":\"39130\",\"addressCountry\":\"FR\"},\"contactPoint\":[{\"@type\":\"ContactPoint\",\"contactType\":\"Service client\",\"telephone\":\"0384254272\",\"email\":\"contact@csj-emballages.com\"}]}]}<\/script>\n<!-- \/ Yoast SEO Premium plugin. -->","yoast_head_json":{"title":"Tarro redondo de pl\u00e1stico caliente - 250 ml","description":"Descubra nuestro tarro redondo de pl\u00e1stico de 250 ml Ofrecemos un paquete de 100 tarros de pl\u00e1stico dise\u00f1ados para uso en caliente.","robots":{"index":"index","follow":"follow","max-snippet":"max-snippet:-1","max-image-preview":"max-image-preview:large","max-video-preview":"max-video-preview:-1"},"canonical":"https:\/\/www.csj-emballages.com\/es\/produit\/100-tarros-redondos-pp-250-ml\/","og_locale":"es_ES","og_type":"article","og_title":"Bote redondo de pl\u00e1stico 250 ml por 100","og_description":"Descubra nuestro tarro redondo de pl\u00e1stico de 250 ml Ofrecemos un paquete de 100 tarros de pl\u00e1stico dise\u00f1ados para uso en caliente.","og_url":"https:\/\/www.csj-emballages.com\/es\/produit\/100-tarros-redondos-pp-250-ml\/","og_site_name":"CSJ Emballages","article_publisher":"https:\/\/www.facebook.com\/csjemballages","article_modified_time":"2026-05-08T00:15:28+00:00","og_image":[{"width":800,"height":800,"url":"https:\/\/www.csj-emballages.com\/wp-content\/uploads\/2024\/03\/POT-ROND-250.webp","type":"image\/webp"}],"twitter_card":"summary_large_image","twitter_misc":{"Tiempo de lectura":"2 minutos"},"schema":{"@context":"https:\/\/schema.org","@graph":[{"@type":"WebPage","@id":"https:\/\/www.csj-emballages.com\/es\/produit\/100-tarros-redondos-pp-250-ml\/","url":"https:\/\/www.csj-emballages.com\/es\/produit\/100-tarros-redondos-pp-250-ml\/","name":"Tarro redondo de pl\u00e1stico caliente - 250 ml","isPartOf":{"@id":"https:\/\/www.csj-emballages.com\/es\/#website"},"primaryImageOfPage":{"@id":"https:\/\/www.csj-emballages.com\/es\/produit\/100-tarros-redondos-pp-250-ml\/#primaryimage"},"image":{"@id":"https:\/\/www.csj-emballages.com\/es\/produit\/100-tarros-redondos-pp-250-ml\/#primaryimage"},"thumbnailUrl":"https:\/\/www.csj-emballages.com\/wp-content\/uploads\/2024\/03\/POT-ROND-250.webp","datePublished":"2024-03-01T13:28:52+00:00","dateModified":"2026-05-08T00:15:28+00:00","description":"Descubra nuestro tarro redondo de pl\u00e1stico de 250 ml Ofrecemos un paquete de 100 tarros de pl\u00e1stico dise\u00f1ados para uso en caliente.","breadcrumb":{"@id":"https:\/\/www.csj-emballages.com\/es\/produit\/100-tarros-redondos-pp-250-ml\/#breadcrumb"},"inLanguage":"es","potentialAction":[{"@type":"ReadAction","target":["https:\/\/www.csj-emballages.com\/es\/produit\/100-tarros-redondos-pp-250-ml\/"]}]},{"@type":"ImageObject","inLanguage":"es","@id":"https:\/\/www.csj-emballages.com\/es\/produit\/100-tarros-redondos-pp-250-ml\/#primaryimage","url":"https:\/\/www.csj-emballages.com\/wp-content\/uploads\/2024\/03\/POT-ROND-250.webp","contentUrl":"https:\/\/www.csj-emballages.com\/wp-content\/uploads\/2024\/03\/POT-ROND-250.webp","width":800,"height":800,"caption":"Pot rond plastique"},{"@type":"BreadcrumbList","@id":"https:\/\/www.csj-emballages.com\/es\/produit\/100-tarros-redondos-pp-250-ml\/#breadcrumb","itemListElement":[{"@type":"ListItem","position":1,"name":"Accueil","item":"https:\/\/www.csj-emballages.com\/es\/universo-del-envasado-alimentario\/"},{"@type":"ListItem","position":2,"name":"Tienda","item":"https:\/\/www.csj-emballages.com\/tienda\/"},{"@type":"ListItem","position":3,"name":"Bote redondo de pl\u00e1stico 250 ml por 100"}]},{"@type":"WebSite","@id":"https:\/\/www.csj-emballages.com\/es\/#website","url":"https:\/\/www.csj-emballages.com\/es\/","name":"CSJ Emballages","description":"","publisher":{"@id":"https:\/\/www.csj-emballages.com\/es\/#organization"},"potentialAction":[{"@type":"SearchAction","target":{"@type":"EntryPoint","urlTemplate":"https:\/\/www.csj-emballages.com\/es\/?s={search_term_string}"},"query-input":{"@type":"PropertyValueSpecification","valueRequired":true,"valueName":"search_term_string"}}],"inLanguage":"es"},{"@type":"Organization","@id":"https:\/\/www.csj-emballages.com\/es\/#Organization\/","name":"CSJ Emballages","url":"https:\/\/www.csj-emballages.com\/es\/","logo":{"@type":"ImageObject","inLanguage":"es","@id":"https:\/\/www.csj-emballages.com\/es\/#\/schema\/logo\/image\/","url":"https:\/\/www.csj-emballages.com\/wp-content\/uploads\/2023\/10\/logo_csj.webp","contentUrl":"https:\/\/www.csj-emballages.com\/wp-content\/uploads\/2023\/10\/logo_csj.webp","width":250,"height":95,"caption":"CSJ Emballages"},"image":{"@id":"https:\/\/www.csj-emballages.com\/es\/#\/schema\/logo\/image\/"},"sameAs":["https:\/\/www.facebook.com\/csjemballages"],"address":{"@type":"PostalAddress","streetAddress":"ZI La Lechere","addressLocality":"Patornay","postalCode":"39130","addressCountry":"FR"},"contactPoint":[{"@type":"ContactPoint","contactType":"Service client","telephone":"0384254272","email":"contact@csj-emballages.com"}]}]}},"df_price":4.84,"df_sale_price":"","df_regular_price":4.84,"df_image_link":"https:\/\/www.csj-emballages.com\/wp-content\/uploads\/2024\/03\/POT-ROND-250-300x300.webp","tiered_pricing_type":"fixed","tiered_pricing_fixed_rules":[],"tiered_pricing_percentage_rules":[],"tiered_pricing_minimum":1,"tiered_pricing_roles_data":[],"_links":{"self":[{"href":"https:\/\/www.csj-emballages.com\/es\/wp-json\/wp\/v2\/product\/17598","targetHints":{"allow":["GET"]}}],"collection":[{"href":"https:\/\/www.csj-emballages.com\/es\/wp-json\/wp\/v2\/product"}],"about":[{"href":"https:\/\/www.csj-emballages.com\/es\/wp-json\/wp\/v2\/types\/product"}],"wp:featuredmedia":[{"embeddable":true,"href":"https:\/\/www.csj-emballages.com\/es\/wp-json\/wp\/v2\/media\/204010"}],"wp:attachment":[{"href":"https:\/\/www.csj-emballages.com\/es\/wp-json\/wp\/v2\/media?parent=17598"}],"wp:term":[{"taxonomy":"product_brand","embeddable":true,"href":"https:\/\/www.csj-emballages.com\/es\/wp-json\/wp\/v2\/product_brand?post=17598"},{"taxonomy":"product_cat","embeddable":true,"href":"https:\/\/www.csj-emballages.com\/es\/wp-json\/wp\/v2\/product_cat?post=17598"},{"taxonomy":"product_tag","embeddable":true,"href":"https:\/\/www.csj-emballages.com\/es\/wp-json\/wp\/v2\/product_tag?post=17598"}],"curies":[{"name":"wp","href":"https:\/\/api.w.org\/{rel}","templated":true}]}}