{"id":17597,"date":"2024-03-01T16:46:31","date_gmt":"2024-03-01T15:46:31","guid":{"rendered":"https:\/\/u15jnbdpoq.preview.infomaniak.website\/produit\/50-tarros-whizz-chip-en-carton-480-ml\/"},"modified":"2026-05-07T02:21:54","modified_gmt":"2026-05-07T00:21:54","slug":"50-tarros-whizz-chip-en-carton-480-ml","status":"publish","type":"product","link":"https:\/\/www.csj-emballages.com\/es\/produit\/50-tarros-whizz-chip-en-carton-480-ml\/","title":{"rendered":"Pot frites \/ whizz cart\u00f3n 480 ml por 50"},"content":{"rendered":"<h2>Patatas fritas<\/h2>\n<hr>\n<h3>Descubra nuestra olla fritas \/ whizz cart\u00f3n 480 ml por 50<\/h3>\n<p><!--more--><\/p>\n<p class=\"\" data-start=\"142\" data-end=\"526\">El <strong data-start=\"145\" data-end=\"184\">tarro para patatas fritas Whizz de 480 ml<\/strong> es el envase esencial para profesionales de la comida r\u00e1pida, food trucks, bares de aperitivos y eventos al aire libre. Dise\u00f1ado para combinar practicidad, robustez y est\u00e9tica, le permite servir sus <strong>patatas f<\/strong>ritas, <strong>patatas<\/strong>, <strong>donuts<\/strong> u otros platos de acompa\u00f1amiento de forma limpia y elegante. <\/p>\n<p class=\"\" data-start=\"528\" data-end=\"832\">Fabricado con <strong data-start=\"540\" data-end=\"580\">cart\u00f3n r\u00edgido apto para uso alimentario<\/strong>, este <strong>tarro whizz<\/strong> es perfectamente resistente al calor, la humedad y la grasa, al tiempo que garantiza un buen agarre para sus clientes. Su forma ergon\u00f3mica hace que sea f\u00e1cil de sujetar, por lo que es una opci\u00f3n ideal para consumir sobre la marcha. <\/p>\n<p class=\"\" data-start=\"834\" data-end=\"1085\">Envasado en lotes de <strong>50<\/strong> unidades, es perfecto para los profesionales que desean un stock pr\u00e1ctico a buen precio. Este formato individual garantiza <strong data-start=\"998\" data-end=\"1022\">una presentaci\u00f3n cuidada<\/strong> de sus raciones, al tiempo que optimiza la comodidad de degustaci\u00f3n. <\/p>\n<p class=\"\" data-start=\"1087\" data-end=\"1270\">Este <strong>bote de patatas fritas<\/strong> es tambi\u00e9n una alternativa m\u00e1s responsable a los envases de pl\u00e1stico, con un material <strong data-start=\"1185\" data-end=\"1199\">reciclable<\/strong> que cumple las expectativas de los consumidores concienciados con el medio ambiente.<\/p>\n<p>&nbsp;<\/p>\n<p><!--more--><\/p>\n<h4>Sus ventajas:<\/h4>\n<ul>\n<li>De <strong data-start=\"1313\" data-end=\"1330\">cart\u00f3n r\u00edgido<\/strong>, antigrasa y resistente al calor.<\/li>\n<li><strong data-start=\"1375\" data-end=\"1392\">Formato de 480 ml<\/strong> ideal para patatas fritas, aperitivos, tapas o bu\u00f1uelos.<\/li>\n<li>Un dise\u00f1o sobrio y profesional que realza su imagen de marca.<\/li>\n<li><strong data-start=\"1592\" data-end=\"1614\">En paquetes de 50<\/strong>, pr\u00e1cticos para el uso diario.<\/li>\n<li><strong data-start=\"1653\" data-end=\"1667\">Reciclable<\/strong>, respetuoso con el medio ambiente.<\/li>\n<\/ul>\n<p>&nbsp;<\/p>\n<p><!--more--><\/p>\n<h4>Informaci\u00f3n adicional :<\/h4>\n<ul>\n<li><strong>Envase<\/strong>: Paquete de 50<\/li>\n<li><strong>Di\u00e1metro inferior<\/strong>: 61 mm<\/li>\n<li><strong>Di\u00e1metro superior<\/strong>: 86 mm<\/li>\n<li><strong>Altura total<\/strong>: 173 mm<\/li>\n<li><strong>Altura plegada<\/strong>: 131 mm<\/li>\n<li><strong>Volumen<\/strong>: 480 ml<\/li>\n<li><strong>Color<\/strong>: Marr\u00f3n<\/li>\n<li><strong>Material<\/strong>: Cart\u00f3n<\/li>\n<\/ul>\n<p>&nbsp;<\/p>\n<p><!--more--><\/p>\n<p>Este producto est\u00e1 disponible en diferentes tama\u00f1os: <span style=\"color: #d12727\"><a style=\"color: #d12727\" href=\"https:\/\/www.csj-emballages.com\/es\/produit\/50-tarrinas-de-carton-whizz-chip-325-ml\/\">WHIZZ325<\/a><\/span> \/ <span style=\"color: #d12727\"><a style=\"color: #d12727\" href=\"https:\/\/www.csj-emballages.com\/es\/produit\/50-tarros-de-carton-whizz-chip-160-x-60-mm\/\">WHIZZ16<\/a><\/span><\/p>\n<h2><\/h2>\n<p><!--more--><\/p>\n<p><a href=\"https:\/\/www.csj-emballages.com\/es\/categorie-produit\/envasado-de-alimentos\/catering-es\/cajas-bandejas-bolsas-conos\/conos-y-ollas-de-pasta-envoltura-maiz\/conos-para-freir\/\">Ver el resto de nuestra gama de conos para patatas fritas<\/a><\/p>\n","protected":false},"excerpt":{"rendered":"<p>Patatas fritas Descubra nuestra olla fritas \/ whizz cart\u00f3n 480 ml por 50<\/p>\n","protected":false},"featured_media":230512,"template":"","meta":{"_acf_changed":false},"product_brand":[],"product_cat":[1150,1179,1478,1479],"product_tag":[],"class_list":{"0":"post-17597","1":"product","2":"type-product","3":"status-publish","4":"has-post-thumbnail","6":"product_cat-envasado-de-alimentos","7":"product_cat-catering-es","8":"product_cat-bandejas-cajas-de-carton","9":"product_cat-conos-para-freir","11":"first","12":"instock","13":"taxable","14":"shipping-taxable","15":"purchasable","16":"product-type-simple"},"acf":[],"yoast_head":"<!-- This site is optimized with the Yoast SEO Premium plugin v26.6 (Yoast SEO v26.6) - https:\/\/yoast.com\/wordpress\/plugins\/seo\/ -->\n<title>Pot Frites \/ Whizz Cart\u00f3n 480 ml por 50<\/title>\n<meta name=\"description\" content=\"Whizz chip pot 480 ml - pr\u00e1ctico, resistente y reciclable. Ideal para aperitivos y comida r\u00e1pida. Paquete de 50 unidades.\" \/>\n<meta name=\"robots\" content=\"index, follow, max-snippet:-1, max-image-preview:large, max-video-preview:-1\" \/>\n<link rel=\"canonical\" href=\"https:\/\/www.csj-emballages.com\/es\/produit\/50-tarros-whizz-chip-en-carton-480-ml\/\" \/>\n<meta property=\"og:locale\" content=\"es_ES\" \/>\n<meta property=\"og:type\" content=\"article\" \/>\n<meta property=\"og:title\" content=\"Pot frites \/ whizz cart\u00f3n 480 ml por 50\" \/>\n<meta property=\"og:description\" content=\"Whizz chip pot 480 ml - pr\u00e1ctico, resistente y reciclable. Ideal para aperitivos y comida r\u00e1pida. Paquete de 50 unidades.\" \/>\n<meta property=\"og:url\" content=\"https:\/\/www.csj-emballages.com\/es\/produit\/50-tarros-whizz-chip-en-carton-480-ml\/\" \/>\n<meta property=\"og:site_name\" content=\"CSJ Emballages\" \/>\n<meta property=\"article:publisher\" content=\"https:\/\/www.facebook.com\/csjemballages\" \/>\n<meta property=\"article:modified_time\" content=\"2026-05-07T00:21:54+00:00\" \/>\n<meta property=\"og:image\" content=\"https:\/\/www.csj-emballages.com\/wp-content\/uploads\/2024\/03\/POT-WHIZZ-500-1-1.webp\" \/>\n\t<meta property=\"og:image:width\" content=\"800\" \/>\n\t<meta property=\"og:image:height\" content=\"800\" \/>\n\t<meta property=\"og:image:type\" content=\"image\/webp\" \/>\n<meta name=\"twitter:card\" content=\"summary_large_image\" \/>\n<meta name=\"twitter:label1\" content=\"Tiempo de lectura\" \/>\n\t<meta name=\"twitter:data1\" content=\"2 minutos\" \/>\n<script type=\"application\/ld+json\" class=\"yoast-schema-graph\">{\"@context\":\"https:\/\/schema.org\",\"@graph\":[{\"@type\":\"WebPage\",\"@id\":\"https:\/\/www.csj-emballages.com\/es\/produit\/50-tarros-whizz-chip-en-carton-480-ml\/\",\"url\":\"https:\/\/www.csj-emballages.com\/es\/produit\/50-tarros-whizz-chip-en-carton-480-ml\/\",\"name\":\"Pot Frites \/ Whizz Cart\u00f3n 480 ml por 50\",\"isPartOf\":{\"@id\":\"https:\/\/www.csj-emballages.com\/es\/#website\"},\"primaryImageOfPage\":{\"@id\":\"https:\/\/www.csj-emballages.com\/es\/produit\/50-tarros-whizz-chip-en-carton-480-ml\/#primaryimage\"},\"image\":{\"@id\":\"https:\/\/www.csj-emballages.com\/es\/produit\/50-tarros-whizz-chip-en-carton-480-ml\/#primaryimage\"},\"thumbnailUrl\":\"https:\/\/www.csj-emballages.com\/wp-content\/uploads\/2024\/03\/POT-WHIZZ-500-1-1.webp\",\"datePublished\":\"2024-03-01T15:46:31+00:00\",\"dateModified\":\"2026-05-07T00:21:54+00:00\",\"description\":\"Whizz chip pot 480 ml - pr\u00e1ctico, resistente y reciclable. Ideal para aperitivos y comida r\u00e1pida. Paquete de 50 unidades.\",\"breadcrumb\":{\"@id\":\"https:\/\/www.csj-emballages.com\/es\/produit\/50-tarros-whizz-chip-en-carton-480-ml\/#breadcrumb\"},\"inLanguage\":\"es\",\"potentialAction\":[{\"@type\":\"ReadAction\",\"target\":[\"https:\/\/www.csj-emballages.com\/es\/produit\/50-tarros-whizz-chip-en-carton-480-ml\/\"]}]},{\"@type\":\"ImageObject\",\"inLanguage\":\"es\",\"@id\":\"https:\/\/www.csj-emballages.com\/es\/produit\/50-tarros-whizz-chip-en-carton-480-ml\/#primaryimage\",\"url\":\"https:\/\/www.csj-emballages.com\/wp-content\/uploads\/2024\/03\/POT-WHIZZ-500-1-1.webp\",\"contentUrl\":\"https:\/\/www.csj-emballages.com\/wp-content\/uploads\/2024\/03\/POT-WHIZZ-500-1-1.webp\",\"width\":800,\"height\":800,\"caption\":\"Pot frites\"},{\"@type\":\"BreadcrumbList\",\"@id\":\"https:\/\/www.csj-emballages.com\/es\/produit\/50-tarros-whizz-chip-en-carton-480-ml\/#breadcrumb\",\"itemListElement\":[{\"@type\":\"ListItem\",\"position\":1,\"name\":\"Accueil\",\"item\":\"https:\/\/www.csj-emballages.com\/es\/universo-del-envasado-alimentario\/\"},{\"@type\":\"ListItem\",\"position\":2,\"name\":\"Tienda\",\"item\":\"https:\/\/www.csj-emballages.com\/tienda\/\"},{\"@type\":\"ListItem\",\"position\":3,\"name\":\"Pot frites \/ whizz cart\u00f3n 480 ml por 50\"}]},{\"@type\":\"WebSite\",\"@id\":\"https:\/\/www.csj-emballages.com\/es\/#website\",\"url\":\"https:\/\/www.csj-emballages.com\/es\/\",\"name\":\"CSJ Emballages\",\"description\":\"\",\"publisher\":{\"@id\":\"https:\/\/www.csj-emballages.com\/es\/#organization\"},\"potentialAction\":[{\"@type\":\"SearchAction\",\"target\":{\"@type\":\"EntryPoint\",\"urlTemplate\":\"https:\/\/www.csj-emballages.com\/es\/?s={search_term_string}\"},\"query-input\":{\"@type\":\"PropertyValueSpecification\",\"valueRequired\":true,\"valueName\":\"search_term_string\"}}],\"inLanguage\":\"es\"},{\"@type\":\"Organization\",\"@id\":\"https:\/\/www.csj-emballages.com\/es\/#Organization\/\",\"name\":\"CSJ Emballages\",\"url\":\"https:\/\/www.csj-emballages.com\/es\/\",\"logo\":{\"@type\":\"ImageObject\",\"inLanguage\":\"es\",\"@id\":\"https:\/\/www.csj-emballages.com\/es\/#\/schema\/logo\/image\/\",\"url\":\"https:\/\/www.csj-emballages.com\/wp-content\/uploads\/2023\/10\/logo_csj.webp\",\"contentUrl\":\"https:\/\/www.csj-emballages.com\/wp-content\/uploads\/2023\/10\/logo_csj.webp\",\"width\":250,\"height\":95,\"caption\":\"CSJ Emballages\"},\"image\":{\"@id\":\"https:\/\/www.csj-emballages.com\/es\/#\/schema\/logo\/image\/\"},\"sameAs\":[\"https:\/\/www.facebook.com\/csjemballages\"],\"address\":{\"@type\":\"PostalAddress\",\"streetAddress\":\"ZI La Lechere\",\"addressLocality\":\"Patornay\",\"postalCode\":\"39130\",\"addressCountry\":\"FR\"},\"contactPoint\":[{\"@type\":\"ContactPoint\",\"contactType\":\"Service client\",\"telephone\":\"0384254272\",\"email\":\"contact@csj-emballages.com\"}]}]}<\/script>\n<!-- \/ Yoast SEO Premium plugin. -->","yoast_head_json":{"title":"Pot Frites \/ Whizz Cart\u00f3n 480 ml por 50","description":"Whizz chip pot 480 ml - pr\u00e1ctico, resistente y reciclable. Ideal para aperitivos y comida r\u00e1pida. Paquete de 50 unidades.","robots":{"index":"index","follow":"follow","max-snippet":"max-snippet:-1","max-image-preview":"max-image-preview:large","max-video-preview":"max-video-preview:-1"},"canonical":"https:\/\/www.csj-emballages.com\/es\/produit\/50-tarros-whizz-chip-en-carton-480-ml\/","og_locale":"es_ES","og_type":"article","og_title":"Pot frites \/ whizz cart\u00f3n 480 ml por 50","og_description":"Whizz chip pot 480 ml - pr\u00e1ctico, resistente y reciclable. Ideal para aperitivos y comida r\u00e1pida. Paquete de 50 unidades.","og_url":"https:\/\/www.csj-emballages.com\/es\/produit\/50-tarros-whizz-chip-en-carton-480-ml\/","og_site_name":"CSJ Emballages","article_publisher":"https:\/\/www.facebook.com\/csjemballages","article_modified_time":"2026-05-07T00:21:54+00:00","og_image":[{"width":800,"height":800,"url":"https:\/\/www.csj-emballages.com\/wp-content\/uploads\/2024\/03\/POT-WHIZZ-500-1-1.webp","type":"image\/webp"}],"twitter_card":"summary_large_image","twitter_misc":{"Tiempo de lectura":"2 minutos"},"schema":{"@context":"https:\/\/schema.org","@graph":[{"@type":"WebPage","@id":"https:\/\/www.csj-emballages.com\/es\/produit\/50-tarros-whizz-chip-en-carton-480-ml\/","url":"https:\/\/www.csj-emballages.com\/es\/produit\/50-tarros-whizz-chip-en-carton-480-ml\/","name":"Pot Frites \/ Whizz Cart\u00f3n 480 ml por 50","isPartOf":{"@id":"https:\/\/www.csj-emballages.com\/es\/#website"},"primaryImageOfPage":{"@id":"https:\/\/www.csj-emballages.com\/es\/produit\/50-tarros-whizz-chip-en-carton-480-ml\/#primaryimage"},"image":{"@id":"https:\/\/www.csj-emballages.com\/es\/produit\/50-tarros-whizz-chip-en-carton-480-ml\/#primaryimage"},"thumbnailUrl":"https:\/\/www.csj-emballages.com\/wp-content\/uploads\/2024\/03\/POT-WHIZZ-500-1-1.webp","datePublished":"2024-03-01T15:46:31+00:00","dateModified":"2026-05-07T00:21:54+00:00","description":"Whizz chip pot 480 ml - pr\u00e1ctico, resistente y reciclable. Ideal para aperitivos y comida r\u00e1pida. Paquete de 50 unidades.","breadcrumb":{"@id":"https:\/\/www.csj-emballages.com\/es\/produit\/50-tarros-whizz-chip-en-carton-480-ml\/#breadcrumb"},"inLanguage":"es","potentialAction":[{"@type":"ReadAction","target":["https:\/\/www.csj-emballages.com\/es\/produit\/50-tarros-whizz-chip-en-carton-480-ml\/"]}]},{"@type":"ImageObject","inLanguage":"es","@id":"https:\/\/www.csj-emballages.com\/es\/produit\/50-tarros-whizz-chip-en-carton-480-ml\/#primaryimage","url":"https:\/\/www.csj-emballages.com\/wp-content\/uploads\/2024\/03\/POT-WHIZZ-500-1-1.webp","contentUrl":"https:\/\/www.csj-emballages.com\/wp-content\/uploads\/2024\/03\/POT-WHIZZ-500-1-1.webp","width":800,"height":800,"caption":"Pot frites"},{"@type":"BreadcrumbList","@id":"https:\/\/www.csj-emballages.com\/es\/produit\/50-tarros-whizz-chip-en-carton-480-ml\/#breadcrumb","itemListElement":[{"@type":"ListItem","position":1,"name":"Accueil","item":"https:\/\/www.csj-emballages.com\/es\/universo-del-envasado-alimentario\/"},{"@type":"ListItem","position":2,"name":"Tienda","item":"https:\/\/www.csj-emballages.com\/tienda\/"},{"@type":"ListItem","position":3,"name":"Pot frites \/ whizz cart\u00f3n 480 ml por 50"}]},{"@type":"WebSite","@id":"https:\/\/www.csj-emballages.com\/es\/#website","url":"https:\/\/www.csj-emballages.com\/es\/","name":"CSJ Emballages","description":"","publisher":{"@id":"https:\/\/www.csj-emballages.com\/es\/#organization"},"potentialAction":[{"@type":"SearchAction","target":{"@type":"EntryPoint","urlTemplate":"https:\/\/www.csj-emballages.com\/es\/?s={search_term_string}"},"query-input":{"@type":"PropertyValueSpecification","valueRequired":true,"valueName":"search_term_string"}}],"inLanguage":"es"},{"@type":"Organization","@id":"https:\/\/www.csj-emballages.com\/es\/#Organization\/","name":"CSJ Emballages","url":"https:\/\/www.csj-emballages.com\/es\/","logo":{"@type":"ImageObject","inLanguage":"es","@id":"https:\/\/www.csj-emballages.com\/es\/#\/schema\/logo\/image\/","url":"https:\/\/www.csj-emballages.com\/wp-content\/uploads\/2023\/10\/logo_csj.webp","contentUrl":"https:\/\/www.csj-emballages.com\/wp-content\/uploads\/2023\/10\/logo_csj.webp","width":250,"height":95,"caption":"CSJ Emballages"},"image":{"@id":"https:\/\/www.csj-emballages.com\/es\/#\/schema\/logo\/image\/"},"sameAs":["https:\/\/www.facebook.com\/csjemballages"],"address":{"@type":"PostalAddress","streetAddress":"ZI La Lechere","addressLocality":"Patornay","postalCode":"39130","addressCountry":"FR"},"contactPoint":[{"@type":"ContactPoint","contactType":"Service client","telephone":"0384254272","email":"contact@csj-emballages.com"}]}]}},"df_price":5.18,"df_sale_price":"","df_regular_price":5.18,"df_image_link":"https:\/\/www.csj-emballages.com\/wp-content\/uploads\/2024\/03\/POT-WHIZZ-500-1-1-300x300.webp","tiered_pricing_type":"fixed","tiered_pricing_fixed_rules":[],"tiered_pricing_percentage_rules":[],"tiered_pricing_minimum":1,"tiered_pricing_roles_data":[],"_links":{"self":[{"href":"https:\/\/www.csj-emballages.com\/es\/wp-json\/wp\/v2\/product\/17597","targetHints":{"allow":["GET"]}}],"collection":[{"href":"https:\/\/www.csj-emballages.com\/es\/wp-json\/wp\/v2\/product"}],"about":[{"href":"https:\/\/www.csj-emballages.com\/es\/wp-json\/wp\/v2\/types\/product"}],"wp:featuredmedia":[{"embeddable":true,"href":"https:\/\/www.csj-emballages.com\/es\/wp-json\/wp\/v2\/media\/230512"}],"wp:attachment":[{"href":"https:\/\/www.csj-emballages.com\/es\/wp-json\/wp\/v2\/media?parent=17597"}],"wp:term":[{"taxonomy":"product_brand","embeddable":true,"href":"https:\/\/www.csj-emballages.com\/es\/wp-json\/wp\/v2\/product_brand?post=17597"},{"taxonomy":"product_cat","embeddable":true,"href":"https:\/\/www.csj-emballages.com\/es\/wp-json\/wp\/v2\/product_cat?post=17597"},{"taxonomy":"product_tag","embeddable":true,"href":"https:\/\/www.csj-emballages.com\/es\/wp-json\/wp\/v2\/product_tag?post=17597"}],"curies":[{"name":"wp","href":"https:\/\/api.w.org\/{rel}","templated":true}]}}