{"id":17571,"date":"2024-03-01T16:46:33","date_gmt":"2024-03-01T15:46:33","guid":{"rendered":"https:\/\/u15jnbdpoq.preview.infomaniak.website\/produit\/45-tarros-desechables-de-plastico-vidrio-redondo-70-ml\/"},"modified":"2026-04-04T02:16:38","modified_gmt":"2026-04-04T00:16:38","slug":"45-tarros-desechables-de-plastico-vidrio-redondo-70-ml","status":"publish","type":"product","link":"https:\/\/www.csj-emballages.com\/es\/produit\/45-tarros-desechables-de-plastico-vidrio-redondo-70-ml\/","title":{"rendered":"Tarros de pl\u00e1stico \u00abvidrio redondo\u00bb 70 ml paquete de 45"},"content":{"rendered":"<div style=\"font-family: Roboto, sans-serif\">\n<div style=\"font-family: Roboto, sans-serif\">\n<div style=\"font-family: Roboto, sans-serif\">\n<div style=\"font-family: Roboto, sans-serif\">\n<div style=\"font-family: Roboto, sans-serif\">\n<div style=\"font-family: Roboto, sans-serif\">\n<div style=\"font-family: Roboto, sans-serif\">\n<div style=\"font-family: Roboto, sans-serif\">\n<div style=\"font-family: Roboto, sans-serif\">\n<div style=\"font-family: Roboto, sans-serif\">\n<div style=\"font-family: Roboto, sans-serif\">\n<div style=\"font-family: Roboto, sans-serif\">\n<div style=\"font-family: Roboto, sans-serif\">\n<div class=\"flex flex-grow flex-col max-w-full\">\n<div class=\"min-h-[20px] text-message flex flex-col items-start whitespace-pre-wrap break-words [.text-message+&amp;]:mt-5 juice:w-full juice:items-end overflow-x-auto gap-2\" dir=\"auto\" data-message-author-role=\"assistant\" data-message-id=\"2034782e-88f9-44ef-b4dc-07dd7bf0115f\">\n<div class=\"flex w-full flex-col gap-1 juice:empty:hidden juice:first:pt-[3px]\">\n<div class=\"markdown prose w-full break-words dark:prose-invert light\">\n<div style=\"font-family: Roboto, sans-serif\">\n<div style=\"font-family: Roboto, sans-serif\">\n<div style=\"font-family: Roboto, sans-serif\">\n<div style=\"font-family: Roboto, sans-serif\">\n<div style=\"font-family: Roboto, sans-serif\">\n<div style=\"font-family: Roboto, sans-serif\">\n<h2>Vasos de pl\u00e1stico<\/h2>\n<div style=\"font-family: Roboto, sans-serif\">\n<div style=\"font-family: Roboto, sans-serif\">\n<div style=\"font-family: Roboto, sans-serif\">\n<div style=\"text-align: center\">\n<div style=\"font-family: Roboto, sans-serif\">\n<div style=\"font-family: Roboto, sans-serif\">\n<div style=\"font-family: Roboto, sans-serif\">\n<div style=\"font-family: Roboto, sans-serif\">\n<div style=\"font-family: Roboto, sans-serif\">\n<div style=\"font-family: Roboto, sans-serif;text-align: left\">\n<hr>\n<h3 style=\"text-align: left\">Descripci\u00f3n de las verrinas de pl\u00e1stico Cristal redondo<!--more--><\/h3>\n<\/div>\n<\/div>\n<\/div>\n<\/div>\n<\/div>\n<\/div>\n<\/div>\n<\/div>\n<\/div>\n<\/div>\n<\/div>\n<\/div>\n<\/div>\n<\/div>\n<\/div>\n<\/div>\n<\/div>\n<\/div>\n<\/div>\n<\/div>\n<div class=\"flex flex-grow flex-col max-w-full\">\n<div class=\"min-h-[20px] text-message flex flex-col items-start whitespace-pre-wrap break-words [.text-message+&amp;]:mt-5 juice:w-full juice:items-end overflow-x-auto gap-2\" dir=\"auto\" data-message-author-role=\"assistant\" data-message-id=\"2034782e-88f9-44ef-b4dc-07dd7bf0115f\">\n<div class=\"flex w-full flex-col gap-1 juice:empty:hidden juice:first:pt-[3px]\">\n<div class=\"markdown prose w-full break-words dark:prose-invert light\">\n<div style=\"font-family: Roboto, sans-serif\">\n<div style=\"font-family: Roboto, sans-serif\">\n<div style=\"font-family: Roboto, sans-serif\">\n<div style=\"font-family: Roboto, sans-serif\">\n<div style=\"font-family: Roboto, sans-serif\">\n<div style=\"font-family: Roboto, sans-serif\">\n<p><strong>Las verrinas de pl\u00e1stico Verre rond 70 ml<\/strong>, <strong>paquete de 45<\/strong>, son imprescindibles para todas tus recepciones de \u00e9xito. Combinando elegancia y practicidad, estas <strong>verrinas de aperitivo<\/strong> est\u00e1n dise\u00f1adas para realzar tus presentaciones gastron\u00f3micas a la vez que facilitan su uso. Con una capacidad ideal de <strong>70<\/strong> <strong>ml<\/strong>, son perfectas para contener porciones individuales de tus platos favoritos, ya sean dulces o salados. Su dise\u00f1o inspirado en las bandejas a\u00f1ade un toque de originalidad y modernidad a tus buffets. En primer lugar<em>, <\/em>gracias a su acabado en cristal, estas <strong>verrinas de hosteler\u00eda<\/strong> reflejan la luz y magnifican la presentaci\u00f3n de tus platos, resaltando cada capa de tus creaciones culinarias. Ya sea para un evento de negocios, un c\u00f3ctel o una recepci\u00f3n familiar, estos <strong>verrines de postre<\/strong> son la elecci\u00f3n perfecta para impresionar a tus invitados, garantizando al mismo tiempo una experiencia pr\u00e1ctica y refinada.     <\/p>\n<\/div>\n<\/div>\n<\/div>\n<\/div>\n<\/div>\n<\/div>\n<\/div>\n<\/div>\n<\/div>\n<\/div>\n<\/div>\n<\/div>\n<\/div>\n<\/div>\n<\/div>\n<\/div>\n<\/div>\n<\/div>\n<\/div>\n<\/div>\n<\/div>\n<\/div>\n<\/div>\n<p><!--more--><\/p>\n<h4>\u00bfPor qu\u00e9 utilizar nuestras <strong>verrinas de pl\u00e1stico<\/strong>?<\/h4>\n<p>Una de las principales ventajas de estos <strong>vasos de aperitivo<\/strong> es su material pl\u00e1stico de alta calidad. No s\u00f3lo son reutilizables, sino que tambi\u00e9n son ligeros y resistentes, ofreciendo una soluci\u00f3n sostenible y respetuosa con el medio ambiente. A diferencia de las verrinas de cristal, no hay riesgo de rotura, por lo que son perfectas para usar al aire libre.  <\/p>\n<div style=\"font-family: Roboto, sans-serif\">\n<div style=\"font-family: Roboto, sans-serif\">\n<div style=\"font-family: Roboto, sans-serif\">\n<div style=\"font-family: Roboto, sans-serif\">\n<div style=\"font-family: Roboto, sans-serif\">\n<div style=\"font-family: Roboto, sans-serif\">\n<div style=\"font-family: Roboto, sans-serif\">\n<div style=\"font-family: Roboto, sans-serif\">\n<div style=\"font-family: Roboto, sans-serif\">\n<div style=\"font-family: Roboto, sans-serif\">\n<div style=\"font-family: Roboto, sans-serif\">\n<div style=\"font-family: Roboto, sans-serif\">\n<div style=\"font-family: Roboto, sans-serif\">\n<div class=\"flex flex-grow flex-col max-w-full\">\n<div class=\"min-h-[20px] text-message flex flex-col items-start whitespace-pre-wrap break-words [.text-message+&amp;]:mt-5 juice:w-full juice:items-end overflow-x-auto gap-2\" dir=\"auto\" data-message-author-role=\"assistant\" data-message-id=\"2034782e-88f9-44ef-b4dc-07dd7bf0115f\">\n<div class=\"flex w-full flex-col gap-1 juice:empty:hidden juice:first:pt-[3px]\">\n<div class=\"markdown prose w-full break-words dark:prose-invert light\">\n<div style=\"font-family: Roboto, sans-serif\">\n<div style=\"font-family: Roboto, sans-serif\">\n<div style=\"font-family: Roboto, sans-serif\">\n<div style=\"font-family: Roboto, sans-serif\">\n<div style=\"font-family: Roboto, sans-serif\">\n<div style=\"font-family: Roboto, sans-serif\">\n<p>Las <strong>verrinas Verre rond cristal plastique<\/strong> <strong>70<\/strong><strong> ml<\/strong> tambi\u00e9n son apilables, lo que te ahorra espacio de almacenamiento. Una vez terminados tus eventos, son f\u00e1ciles de limpiar, liber\u00e1ndote de la tarea de un largo y tedioso lavado. Podr\u00e1s utilizarlas una y otra vez para distintos tipos de eventos. Su capacidad <strong>de 70<\/strong><strong> ml<\/strong> es perfecta para porciones de aperitivos, tapas, <strong>vasos de postre<\/strong> o incluso mini ensaladas, por lo que ofrecen una gran variedad de usos.   <\/p>\n<\/div>\n<\/div>\n<div style=\"font-family: Roboto, sans-serif\">\n<div style=\"font-family: Roboto, sans-serif\">\n<p>&nbsp;<\/p>\n<\/div>\n<\/div>\n<\/div>\n<\/div>\n<\/div>\n<\/div>\n<\/div>\n<\/div>\n<\/div>\n<\/div>\n<\/div>\n<\/div>\n<\/div>\n<\/div>\n<\/div>\n<\/div>\n<\/div>\n<\/div>\n<\/div>\n<\/div>\n<\/div>\n<\/div>\n<\/div>\n<p><!--more--><\/p>\n<div style=\"font-family: Roboto, sans-serif\">\n<div style=\"font-family: Roboto, sans-serif\">\n<div style=\"font-family: Roboto, sans-serif\">\n<div style=\"font-family: Roboto, sans-serif\">\n<div style=\"font-family: Roboto, sans-serif\">\n<div style=\"font-family: Roboto, sans-serif\">\n<div style=\"font-family: Roboto, sans-serif\">\n<div style=\"font-family: Roboto, sans-serif\">\n<div style=\"font-family: Roboto, sans-serif\">\n<div style=\"font-family: Roboto, sans-serif\">\n<div style=\"font-family: Roboto, sans-serif\">\n<div style=\"font-family: Roboto, sans-serif\">\n<div style=\"font-family: Roboto, sans-serif\">\n<div class=\"flex flex-grow flex-col max-w-full\">\n<div class=\"min-h-[20px] text-message flex flex-col items-start whitespace-pre-wrap break-words [.text-message+&amp;]:mt-5 juice:w-full juice:items-end overflow-x-auto gap-2\" dir=\"auto\" data-message-author-role=\"assistant\" data-message-id=\"2034782e-88f9-44ef-b4dc-07dd7bf0115f\">\n<div class=\"flex w-full flex-col gap-1 juice:empty:hidden juice:first:pt-[3px]\">\n<div class=\"markdown prose w-full break-words dark:prose-invert light\">\n<div style=\"font-family: Roboto, sans-serif\">\n<div style=\"font-family: Roboto, sans-serif\">\n<div style=\"font-family: Roboto, sans-serif\">\n<div style=\"font-family: Roboto, sans-serif\">\n<div style=\"font-family: Roboto, sans-serif\">\n<div style=\"font-family: Roboto, sans-serif\">\n<p>Su formato compacto y pr\u00e1ctico es adecuado tanto para profesionales de la restauraci\u00f3n como para particulares. Los hosteleros, en particular, apreciar\u00e1n la versatilidad de estos <strong>verrines de hosteler\u00eda<\/strong>, que pueden utilizarse para crear aperitivos est\u00e9ticamente agradables, al tiempo que facilitan el servicio y el transporte de los platos. En resumen, si buscas recipientes originales y pr\u00e1cticos para tus aperitivos, buffets o postres, opta por estas <strong>verrinas<\/strong><strong> de pl\u00e1stico<\/strong> <strong>para ap\u00e9ro<\/strong><strong> de 70 ml<\/strong> <strong>Verre rond<\/strong><strong> cristal<\/strong>. Combinan dise\u00f1o, durabilidad y funcionalidad, y te ofrecen la posibilidad de reutilizar los recipientes en muchas ocasiones. <\/p>\n<p>&nbsp;<\/p>\n<p><!--more--><\/p>\n<h4 style=\"text-align: left\"><strong>Las ventajas de los verrines redondos de pl\u00e1stico de 70 ml:<\/strong><\/h4>\n<ul style=\"text-align: left\">\n<li><strong>Dise\u00f1o elegante y original<\/strong>: su forma de <strong>cristal redondo<\/strong><strong> <\/strong>a\u00f1ade un toque moderno y refinado a tus presentaciones culinarias. A\u00f1aden una dimensi\u00f3n visual \u00fanica que capta la atenci\u00f3n de tus invitados y realza tus creaciones. <\/li>\n<li><strong>Versatilidad<\/strong>: Se pueden utilizar para preparar una gran variedad de platos dulces y salados.<\/li>\n<li><strong>Practicidad<\/strong>: Ligeros y f\u00e1ciles de manejar, estos <strong>verrines de hosteler\u00eda<\/strong> est\u00e1n dise\u00f1ados para ser pr\u00e1cticos de usar.<\/li>\n<li><strong>Calidad y durabilidad<\/strong>: Fabricadas con PS, son robustas, elegantes y reutilizables.<\/li>\n<\/ul>\n<\/div>\n<\/div>\n<\/div>\n<\/div>\n<\/div>\n<\/div>\n<\/div>\n<\/div>\n<\/div>\n<\/div>\n<\/div>\n<\/div>\n<p>&nbsp;<\/p>\n<\/div>\n<\/div>\n<\/div>\n<\/div>\n<\/div>\n<\/div>\n<\/div>\n<\/div>\n<\/div>\n<\/div>\n<\/div>\n<p><!--more--><\/p>\n<h4>Informaci\u00f3n adicional :<\/h4>\n<ul style=\"font-family: Roboto, sans-serif\">\n<li><strong>Envase<\/strong>: Paquete de 45<\/li>\n<li><strong>Econ\u00f3mico: <\/strong>Estas <strong>verrinas<\/strong> son reutilizables<\/li>\n<li><span style=\"font-weight: bold\">Dimensiones<\/span>: 50 x 65 (\u00d8 x A en mm)<\/li>\n<li><strong>Material<\/strong>: PS (poliestireno)<\/li>\n<\/ul>\n<p>&nbsp;<\/p>\n<p style=\"text-align: left\"><!--more--><\/p>\n<p><a href=\"https:\/\/www.csj-emballages.com\/es\/categorie-produit\/envasado-de-alimentos\/carniceria-y-charcuteria\/tazas-tarros-vasos\/verrines-es\/verrines-es-2\/\">Ver el resto de nuestra gama de verrines<\/a><\/p>\n","protected":false},"excerpt":{"rendered":"<p>Vasos de pl\u00e1stico Descripci\u00f3n de las verrinas de pl\u00e1stico Cristal redondo<\/p>\n","protected":false},"featured_media":209695,"template":"","meta":{"_acf_changed":false},"product_brand":[],"product_cat":[1143,1324,1326,1329],"product_tag":[],"class_list":{"0":"post-17571","1":"product","2":"type-product","3":"status-publish","4":"has-post-thumbnail","6":"product_cat-carniceria-y-charcuteria","7":"product_cat-tazas-tarros-vasos","8":"product_cat-verrines-es","9":"product_cat-verrines-es-2","11":"first","12":"instock","13":"taxable","14":"shipping-taxable","15":"purchasable","16":"product-type-simple"},"acf":[],"yoast_head":"<!-- This site is optimized with the Yoast SEO Premium plugin v26.6 (Yoast SEO v26.6) - https:\/\/yoast.com\/wordpress\/plugins\/seo\/ -->\n<title>Tarros de pl\u00e1stico &quot;Verre Rond&quot; 70 ml<\/title>\n<meta name=\"description\" content=\"Descubre las elegantes y pr\u00e1cticas verrinas de pl\u00e1stico &quot;Vaso Redondo&quot; de 70 ml para tus buffets. Se venden en paquetes de 45 unidades y son reutilizables.\" \/>\n<meta name=\"robots\" content=\"index, follow, max-snippet:-1, max-image-preview:large, max-video-preview:-1\" \/>\n<link rel=\"canonical\" href=\"https:\/\/www.csj-emballages.com\/es\/produit\/45-tarros-desechables-de-plastico-vidrio-redondo-70-ml\/\" \/>\n<meta property=\"og:locale\" content=\"es_ES\" \/>\n<meta property=\"og:type\" content=\"article\" \/>\n<meta property=\"og:title\" content=\"Tarros de pl\u00e1stico &quot;Verre Rond&quot; 70 ml\" \/>\n<meta property=\"og:description\" content=\"Descubre las elegantes y pr\u00e1cticas verrinas de pl\u00e1stico &quot;Round Glass&quot; de 70 ml para tus buffets. Se venden en paquetes de 45 unidades y son reutilizables.\" \/>\n<meta property=\"og:url\" content=\"https:\/\/www.csj-emballages.com\/es\/produit\/45-tarros-desechables-de-plastico-vidrio-redondo-70-ml\/\" \/>\n<meta property=\"og:site_name\" content=\"CSJ Emballages\" \/>\n<meta property=\"article:publisher\" content=\"https:\/\/www.facebook.com\/csjemballages\" \/>\n<meta property=\"article:modified_time\" content=\"2026-04-04T00:16:38+00:00\" \/>\n<meta property=\"og:image\" content=\"https:\/\/www.csj-emballages.com\/wp-content\/uploads\/2024\/03\/VR-7-jpg-e1729690843596.webp\" \/>\n\t<meta property=\"og:image:width\" content=\"1000\" \/>\n\t<meta property=\"og:image:height\" content=\"1000\" \/>\n\t<meta property=\"og:image:type\" content=\"image\/jpeg\" \/>\n<meta name=\"twitter:card\" content=\"summary_large_image\" \/>\n<meta name=\"twitter:title\" content=\"Tarros de pl\u00e1stico &quot;Verre Rond&quot; 70 ml\" \/>\n<meta name=\"twitter:description\" content=\"Descubre las elegantes y pr\u00e1cticas verrinas de pl\u00e1stico &quot;Vaso Redondo&quot; de 70 ml para tus buffets. Se venden en paquetes de 45 unidades y son reutilizables.\" \/>\n<meta name=\"twitter:label1\" content=\"Tiempo de lectura\" \/>\n\t<meta name=\"twitter:data1\" content=\"3 minutos\" \/>\n<script type=\"application\/ld+json\" class=\"yoast-schema-graph\">{\"@context\":\"https:\/\/schema.org\",\"@graph\":[{\"@type\":\"WebPage\",\"@id\":\"https:\/\/www.csj-emballages.com\/es\/produit\/45-tarros-desechables-de-plastico-vidrio-redondo-70-ml\/\",\"url\":\"https:\/\/www.csj-emballages.com\/es\/produit\/45-tarros-desechables-de-plastico-vidrio-redondo-70-ml\/\",\"name\":\"Tarros de pl\u00e1stico \\\"Verre Rond\\\" 70 ml\",\"isPartOf\":{\"@id\":\"https:\/\/www.csj-emballages.com\/es\/#website\"},\"primaryImageOfPage\":{\"@id\":\"https:\/\/www.csj-emballages.com\/es\/produit\/45-tarros-desechables-de-plastico-vidrio-redondo-70-ml\/#primaryimage\"},\"image\":{\"@id\":\"https:\/\/www.csj-emballages.com\/es\/produit\/45-tarros-desechables-de-plastico-vidrio-redondo-70-ml\/#primaryimage\"},\"thumbnailUrl\":\"https:\/\/www.csj-emballages.com\/wp-content\/uploads\/2024\/03\/VR-7-1.webp\",\"datePublished\":\"2024-03-01T15:46:33+00:00\",\"dateModified\":\"2026-04-04T00:16:38+00:00\",\"description\":\"Descubre las elegantes y pr\u00e1cticas verrinas de pl\u00e1stico \\\"Vaso Redondo\\\" de 70 ml para tus buffets. Se venden en paquetes de 45 unidades y son reutilizables.\",\"breadcrumb\":{\"@id\":\"https:\/\/www.csj-emballages.com\/es\/produit\/45-tarros-desechables-de-plastico-vidrio-redondo-70-ml\/#breadcrumb\"},\"inLanguage\":\"es\",\"potentialAction\":[{\"@type\":\"ReadAction\",\"target\":[\"https:\/\/www.csj-emballages.com\/es\/produit\/45-tarros-desechables-de-plastico-vidrio-redondo-70-ml\/\"]}]},{\"@type\":\"ImageObject\",\"inLanguage\":\"es\",\"@id\":\"https:\/\/www.csj-emballages.com\/es\/produit\/45-tarros-desechables-de-plastico-vidrio-redondo-70-ml\/#primaryimage\",\"url\":\"https:\/\/www.csj-emballages.com\/wp-content\/uploads\/2024\/03\/VR-7-1.webp\",\"contentUrl\":\"https:\/\/www.csj-emballages.com\/wp-content\/uploads\/2024\/03\/VR-7-1.webp\",\"width\":801,\"height\":801,\"caption\":\"Verrines plastique\"},{\"@type\":\"BreadcrumbList\",\"@id\":\"https:\/\/www.csj-emballages.com\/es\/produit\/45-tarros-desechables-de-plastico-vidrio-redondo-70-ml\/#breadcrumb\",\"itemListElement\":[{\"@type\":\"ListItem\",\"position\":1,\"name\":\"Accueil\",\"item\":\"https:\/\/www.csj-emballages.com\/es\/universo-del-envasado-alimentario\/\"},{\"@type\":\"ListItem\",\"position\":2,\"name\":\"Tienda\",\"item\":\"https:\/\/www.csj-emballages.com\/tienda\/\"},{\"@type\":\"ListItem\",\"position\":3,\"name\":\"Tarros de pl\u00e1stico &#8220;vidrio redondo&#8221; 70 ml paquete de 45\"}]},{\"@type\":\"WebSite\",\"@id\":\"https:\/\/www.csj-emballages.com\/es\/#website\",\"url\":\"https:\/\/www.csj-emballages.com\/es\/\",\"name\":\"CSJ Emballages\",\"description\":\"\",\"publisher\":{\"@id\":\"https:\/\/www.csj-emballages.com\/es\/#organization\"},\"potentialAction\":[{\"@type\":\"SearchAction\",\"target\":{\"@type\":\"EntryPoint\",\"urlTemplate\":\"https:\/\/www.csj-emballages.com\/es\/?s={search_term_string}\"},\"query-input\":{\"@type\":\"PropertyValueSpecification\",\"valueRequired\":true,\"valueName\":\"search_term_string\"}}],\"inLanguage\":\"es\"},{\"@type\":\"Organization\",\"@id\":\"https:\/\/www.csj-emballages.com\/es\/#Organization\/\",\"name\":\"CSJ Emballages\",\"url\":\"https:\/\/www.csj-emballages.com\/es\/\",\"logo\":{\"@type\":\"ImageObject\",\"inLanguage\":\"es\",\"@id\":\"https:\/\/www.csj-emballages.com\/es\/#\/schema\/logo\/image\/\",\"url\":\"https:\/\/www.csj-emballages.com\/wp-content\/uploads\/2023\/10\/logo_csj.webp\",\"contentUrl\":\"https:\/\/www.csj-emballages.com\/wp-content\/uploads\/2023\/10\/logo_csj.webp\",\"width\":250,\"height\":95,\"caption\":\"CSJ Emballages\"},\"image\":{\"@id\":\"https:\/\/www.csj-emballages.com\/es\/#\/schema\/logo\/image\/\"},\"sameAs\":[\"https:\/\/www.facebook.com\/csjemballages\"],\"address\":{\"@type\":\"PostalAddress\",\"streetAddress\":\"ZI La Lechere\",\"addressLocality\":\"Patornay\",\"postalCode\":\"39130\",\"addressCountry\":\"FR\"},\"contactPoint\":[{\"@type\":\"ContactPoint\",\"contactType\":\"Service client\",\"telephone\":\"0384254272\",\"email\":\"contact@csj-emballages.com\"}]}]}<\/script>\n<!-- \/ Yoast SEO Premium plugin. -->","yoast_head_json":{"title":"Tarros de pl\u00e1stico \"Verre Rond\" 70 ml","description":"Descubre las elegantes y pr\u00e1cticas verrinas de pl\u00e1stico \"Vaso Redondo\" de 70 ml para tus buffets. Se venden en paquetes de 45 unidades y son reutilizables.","robots":{"index":"index","follow":"follow","max-snippet":"max-snippet:-1","max-image-preview":"max-image-preview:large","max-video-preview":"max-video-preview:-1"},"canonical":"https:\/\/www.csj-emballages.com\/es\/produit\/45-tarros-desechables-de-plastico-vidrio-redondo-70-ml\/","og_locale":"es_ES","og_type":"article","og_title":"Tarros de pl\u00e1stico \"Verre Rond\" 70 ml","og_description":"Descubre las elegantes y pr\u00e1cticas verrinas de pl\u00e1stico \"Round Glass\" de 70 ml para tus buffets. Se venden en paquetes de 45 unidades y son reutilizables.","og_url":"https:\/\/www.csj-emballages.com\/es\/produit\/45-tarros-desechables-de-plastico-vidrio-redondo-70-ml\/","og_site_name":"CSJ Emballages","article_publisher":"https:\/\/www.facebook.com\/csjemballages","article_modified_time":"2026-04-04T00:16:38+00:00","og_image":[{"width":1000,"height":1000,"url":"https:\/\/www.csj-emballages.com\/wp-content\/uploads\/2024\/03\/VR-7-jpg-e1729690843596.webp","type":"image\/jpeg"}],"twitter_card":"summary_large_image","twitter_title":"Tarros de pl\u00e1stico \"Verre Rond\" 70 ml","twitter_description":"Descubre las elegantes y pr\u00e1cticas verrinas de pl\u00e1stico \"Vaso Redondo\" de 70 ml para tus buffets. Se venden en paquetes de 45 unidades y son reutilizables.","twitter_misc":{"Tiempo de lectura":"3 minutos"},"schema":{"@context":"https:\/\/schema.org","@graph":[{"@type":"WebPage","@id":"https:\/\/www.csj-emballages.com\/es\/produit\/45-tarros-desechables-de-plastico-vidrio-redondo-70-ml\/","url":"https:\/\/www.csj-emballages.com\/es\/produit\/45-tarros-desechables-de-plastico-vidrio-redondo-70-ml\/","name":"Tarros de pl\u00e1stico \"Verre Rond\" 70 ml","isPartOf":{"@id":"https:\/\/www.csj-emballages.com\/es\/#website"},"primaryImageOfPage":{"@id":"https:\/\/www.csj-emballages.com\/es\/produit\/45-tarros-desechables-de-plastico-vidrio-redondo-70-ml\/#primaryimage"},"image":{"@id":"https:\/\/www.csj-emballages.com\/es\/produit\/45-tarros-desechables-de-plastico-vidrio-redondo-70-ml\/#primaryimage"},"thumbnailUrl":"https:\/\/www.csj-emballages.com\/wp-content\/uploads\/2024\/03\/VR-7-1.webp","datePublished":"2024-03-01T15:46:33+00:00","dateModified":"2026-04-04T00:16:38+00:00","description":"Descubre las elegantes y pr\u00e1cticas verrinas de pl\u00e1stico \"Vaso Redondo\" de 70 ml para tus buffets. Se venden en paquetes de 45 unidades y son reutilizables.","breadcrumb":{"@id":"https:\/\/www.csj-emballages.com\/es\/produit\/45-tarros-desechables-de-plastico-vidrio-redondo-70-ml\/#breadcrumb"},"inLanguage":"es","potentialAction":[{"@type":"ReadAction","target":["https:\/\/www.csj-emballages.com\/es\/produit\/45-tarros-desechables-de-plastico-vidrio-redondo-70-ml\/"]}]},{"@type":"ImageObject","inLanguage":"es","@id":"https:\/\/www.csj-emballages.com\/es\/produit\/45-tarros-desechables-de-plastico-vidrio-redondo-70-ml\/#primaryimage","url":"https:\/\/www.csj-emballages.com\/wp-content\/uploads\/2024\/03\/VR-7-1.webp","contentUrl":"https:\/\/www.csj-emballages.com\/wp-content\/uploads\/2024\/03\/VR-7-1.webp","width":801,"height":801,"caption":"Verrines plastique"},{"@type":"BreadcrumbList","@id":"https:\/\/www.csj-emballages.com\/es\/produit\/45-tarros-desechables-de-plastico-vidrio-redondo-70-ml\/#breadcrumb","itemListElement":[{"@type":"ListItem","position":1,"name":"Accueil","item":"https:\/\/www.csj-emballages.com\/es\/universo-del-envasado-alimentario\/"},{"@type":"ListItem","position":2,"name":"Tienda","item":"https:\/\/www.csj-emballages.com\/tienda\/"},{"@type":"ListItem","position":3,"name":"Tarros de pl\u00e1stico &#8220;vidrio redondo&#8221; 70 ml paquete de 45"}]},{"@type":"WebSite","@id":"https:\/\/www.csj-emballages.com\/es\/#website","url":"https:\/\/www.csj-emballages.com\/es\/","name":"CSJ Emballages","description":"","publisher":{"@id":"https:\/\/www.csj-emballages.com\/es\/#organization"},"potentialAction":[{"@type":"SearchAction","target":{"@type":"EntryPoint","urlTemplate":"https:\/\/www.csj-emballages.com\/es\/?s={search_term_string}"},"query-input":{"@type":"PropertyValueSpecification","valueRequired":true,"valueName":"search_term_string"}}],"inLanguage":"es"},{"@type":"Organization","@id":"https:\/\/www.csj-emballages.com\/es\/#Organization\/","name":"CSJ Emballages","url":"https:\/\/www.csj-emballages.com\/es\/","logo":{"@type":"ImageObject","inLanguage":"es","@id":"https:\/\/www.csj-emballages.com\/es\/#\/schema\/logo\/image\/","url":"https:\/\/www.csj-emballages.com\/wp-content\/uploads\/2023\/10\/logo_csj.webp","contentUrl":"https:\/\/www.csj-emballages.com\/wp-content\/uploads\/2023\/10\/logo_csj.webp","width":250,"height":95,"caption":"CSJ Emballages"},"image":{"@id":"https:\/\/www.csj-emballages.com\/es\/#\/schema\/logo\/image\/"},"sameAs":["https:\/\/www.facebook.com\/csjemballages"],"address":{"@type":"PostalAddress","streetAddress":"ZI La Lechere","addressLocality":"Patornay","postalCode":"39130","addressCountry":"FR"},"contactPoint":[{"@type":"ContactPoint","contactType":"Service client","telephone":"0384254272","email":"contact@csj-emballages.com"}]}]}},"df_price":4.91,"df_sale_price":"","df_regular_price":4.91,"df_image_link":"https:\/\/www.csj-emballages.com\/wp-content\/uploads\/2024\/03\/VR-7-1-300x300.webp","tiered_pricing_type":"fixed","tiered_pricing_fixed_rules":[],"tiered_pricing_percentage_rules":[],"tiered_pricing_minimum":1,"tiered_pricing_roles_data":[],"_links":{"self":[{"href":"https:\/\/www.csj-emballages.com\/es\/wp-json\/wp\/v2\/product\/17571","targetHints":{"allow":["GET"]}}],"collection":[{"href":"https:\/\/www.csj-emballages.com\/es\/wp-json\/wp\/v2\/product"}],"about":[{"href":"https:\/\/www.csj-emballages.com\/es\/wp-json\/wp\/v2\/types\/product"}],"wp:featuredmedia":[{"embeddable":true,"href":"https:\/\/www.csj-emballages.com\/es\/wp-json\/wp\/v2\/media\/209695"}],"wp:attachment":[{"href":"https:\/\/www.csj-emballages.com\/es\/wp-json\/wp\/v2\/media?parent=17571"}],"wp:term":[{"taxonomy":"product_brand","embeddable":true,"href":"https:\/\/www.csj-emballages.com\/es\/wp-json\/wp\/v2\/product_brand?post=17571"},{"taxonomy":"product_cat","embeddable":true,"href":"https:\/\/www.csj-emballages.com\/es\/wp-json\/wp\/v2\/product_cat?post=17571"},{"taxonomy":"product_tag","embeddable":true,"href":"https:\/\/www.csj-emballages.com\/es\/wp-json\/wp\/v2\/product_tag?post=17571"}],"curies":[{"name":"wp","href":"https:\/\/api.w.org\/{rel}","templated":true}]}}