{"id":17553,"date":"2024-03-01T16:46:32","date_gmt":"2024-03-01T15:46:32","guid":{"rendered":"https:\/\/u15jnbdpoq.preview.infomaniak.website\/produit\/10-copas-de-vino-de-plastico-desechables-17-cl\/"},"modified":"2026-04-21T11:01:45","modified_gmt":"2026-04-21T09:01:45","slug":"10-copas-de-vino-de-plastico-desechables-17-cl","status":"publish","type":"product","link":"https:\/\/www.csj-emballages.com\/es\/produit\/10-copas-de-vino-de-plastico-desechables-17-cl\/","title":{"rendered":"10 copas de vino de pl\u00e1stico desechables 17 cl"},"content":{"rendered":"<h2><span style=\"  font-weight: bold; font-style: italic; text-decoration: underline;  \">Vaso de pl\u00e1stico desechable 17 cl<\/span><\/h2>\n<p><span style=\"  font-weight: bold; text-decoration-line: underline;  \">\t\t<\/span><\/p>\n<p><span style=\"  font-weight: bold; text-decoration-line: underline;  \">Descripci\u00f3n<\/span><\/p>\n<h3><span style=\" \">\t\t<\/span><span style=\" \">Descubre nuestras copas de pl\u00e1stico desechables con pie 17 cl<\/span><\/h3>\n<p><span style=\" \">\t\t<\/span><\/p>\n<p><span style=\" \">Vasos desechables con pie de pl\u00e1stico transl\u00facido para uso profesional o privado<\/span><\/p>\n<p><span style=\" \">Este vaso de pl\u00e1stico con pie es ideal para beber vino o cualquier otra bebida.<\/span><\/p>\n<p><span style=\" \">Esta copa de vino desechable transl\u00facida es ideal para exhibir tu vino.  <span style=\"font-style: italic; text-decoration: underline;\">Ver el resto de nuestra gama de vasos festivos<\/span>\t\t\t\t<\/span><\/p>\n<p><span style=\"  font-weight: bold; text-decoration-line: underline;  \">Caracter\u00edsticas de las copas desechables<\/span><\/p>\n<p><span style=\" \">\t\t<\/span><\/p>\n<ul>\n<li><span style=\" \">Vendido a particulares \/ profesionales<\/span><\/li>\n<li><span style=\" \">Volumen: 15 cl hasta la l\u00ednea \/ 17 cl hasta el borde<\/span><\/li>\n<li><span style=\" \">&nbsp;Dimensiones : 59 x 95,5 ( \u00d8 x A en mm)&nbsp;<\/span><\/li>\n<li><span style=\" \">Envase : Bolsa de 10 vasos<\/span><\/li>\n<li><span style=\" \">Empaquetado en una bolsa para protegerlo y guardarlo f\u00e1cilmente.<\/span><\/li>\n<li><span style=\" \">Material: Poliestireno<\/span><\/li>\n<\/ul>\n<p><span style=\" \">\t\t<\/span><\/p>\n<p><span style=\" \">Elige copas de pl\u00e1stico desechables con pie<\/span><\/p>\n","protected":false},"excerpt":{"rendered":"<p>Vaso de pl\u00e1stico desechable 17 cl Descripci\u00f3n Descubre nuestras copas de pl\u00e1stico desechables con pie 17 cl Vasos desechables con pie de pl\u00e1stico transl\u00facido para uso profesional o privado Este vaso de pl\u00e1stico con pie es ideal para beber vino o cualquier otra bebida. Esta copa de vino desechable transl\u00facida es ideal para exhibir tu [&hellip;]<\/p>\n","protected":false},"featured_media":197951,"template":"","meta":{"_acf_changed":false},"product_brand":[],"product_cat":[1150,1143,1324,1326,1329,1462,1463],"product_tag":[],"class_list":{"0":"post-17553","1":"product","2":"type-product","3":"status-publish","4":"has-post-thumbnail","6":"product_cat-envasado-de-alimentos","7":"product_cat-carniceria-y-charcuteria","8":"product_cat-tazas-tarros-vasos","9":"product_cat-verrines-es","10":"product_cat-verrines-es-2","11":"product_cat-tazas-vasos-cubos-botellas","12":"product_cat-vasos-y-tazas-irrompibles-y-reutilizables","14":"first","15":"instock","16":"taxable","17":"shipping-taxable","18":"purchasable","19":"product-type-simple"},"acf":[],"yoast_head":"<!-- This site is optimized with the Yoast SEO Premium plugin v26.6 (Yoast SEO v26.6) - https:\/\/yoast.com\/wordpress\/plugins\/seo\/ -->\n<title>10 Vasos de pl\u00e1stico desechables con pie 17 cl \/ csj-emballages.com<\/title>\n<meta name=\"description\" content=\"\u00a1Comprar Bolsita de vidrio con pie 170 ml! Tama\u00f1o: \u00a159 x 95 mm! Opta por una bolsa de 10 gafas resistentes y de calidad a un precio DESCUENTO.\" \/>\n<meta name=\"robots\" content=\"index, follow, max-snippet:-1, max-image-preview:large, max-video-preview:-1\" \/>\n<link rel=\"canonical\" href=\"https:\/\/www.csj-emballages.com\/es\/produit\/10-copas-de-vino-de-plastico-desechables-17-cl\/\" \/>\n<meta property=\"og:locale\" content=\"es_ES\" \/>\n<meta property=\"og:type\" content=\"article\" \/>\n<meta property=\"og:title\" content=\"10 copas de vino de pl\u00e1stico desechables 17 cl\" \/>\n<meta property=\"og:description\" content=\"\u00a1Comprar Bolsita de vidrio con pie 170 ml! Tama\u00f1o: \u00a159 x 95 mm! Opta por una bolsa de 10 gafas resistentes y de calidad a un precio DESCUENTO.\" \/>\n<meta property=\"og:url\" content=\"https:\/\/www.csj-emballages.com\/es\/produit\/10-copas-de-vino-de-plastico-desechables-17-cl\/\" \/>\n<meta property=\"og:site_name\" content=\"CSJ Emballages\" \/>\n<meta property=\"article:publisher\" content=\"https:\/\/www.facebook.com\/csjemballages\" \/>\n<meta property=\"article:modified_time\" content=\"2026-04-21T09:01:45+00:00\" \/>\n<meta property=\"og:image\" content=\"https:\/\/www.csj-emballages.com\/wp-content\/uploads\/2024\/03\/VP-17.webp\" \/>\n\t<meta property=\"og:image:width\" content=\"800\" \/>\n\t<meta property=\"og:image:height\" content=\"800\" \/>\n\t<meta property=\"og:image:type\" content=\"image\/webp\" \/>\n<meta name=\"twitter:card\" content=\"summary_large_image\" \/>\n<meta name=\"twitter:label1\" content=\"Tiempo de lectura\" \/>\n\t<meta name=\"twitter:data1\" content=\"1 minuto\" \/>\n<script type=\"application\/ld+json\" class=\"yoast-schema-graph\">{\"@context\":\"https:\/\/schema.org\",\"@graph\":[{\"@type\":\"WebPage\",\"@id\":\"https:\/\/www.csj-emballages.com\/es\/produit\/10-copas-de-vino-de-plastico-desechables-17-cl\/\",\"url\":\"https:\/\/www.csj-emballages.com\/es\/produit\/10-copas-de-vino-de-plastico-desechables-17-cl\/\",\"name\":\"10 Vasos de pl\u00e1stico desechables con pie 17 cl \/ csj-emballages.com\",\"isPartOf\":{\"@id\":\"https:\/\/www.csj-emballages.com\/es\/#website\"},\"primaryImageOfPage\":{\"@id\":\"https:\/\/www.csj-emballages.com\/es\/produit\/10-copas-de-vino-de-plastico-desechables-17-cl\/#primaryimage\"},\"image\":{\"@id\":\"https:\/\/www.csj-emballages.com\/es\/produit\/10-copas-de-vino-de-plastico-desechables-17-cl\/#primaryimage\"},\"thumbnailUrl\":\"https:\/\/www.csj-emballages.com\/wp-content\/uploads\/2024\/03\/VP-17.webp\",\"datePublished\":\"2024-03-01T15:46:32+00:00\",\"dateModified\":\"2026-04-21T09:01:45+00:00\",\"description\":\"\u00a1Comprar Bolsita de vidrio con pie 170 ml! Tama\u00f1o: \u00a159 x 95 mm! Opta por una bolsa de 10 gafas resistentes y de calidad a un precio DESCUENTO.\",\"breadcrumb\":{\"@id\":\"https:\/\/www.csj-emballages.com\/es\/produit\/10-copas-de-vino-de-plastico-desechables-17-cl\/#breadcrumb\"},\"inLanguage\":\"es\",\"potentialAction\":[{\"@type\":\"ReadAction\",\"target\":[\"https:\/\/www.csj-emballages.com\/es\/produit\/10-copas-de-vino-de-plastico-desechables-17-cl\/\"]}]},{\"@type\":\"ImageObject\",\"inLanguage\":\"es\",\"@id\":\"https:\/\/www.csj-emballages.com\/es\/produit\/10-copas-de-vino-de-plastico-desechables-17-cl\/#primaryimage\",\"url\":\"https:\/\/www.csj-emballages.com\/wp-content\/uploads\/2024\/03\/VP-17.webp\",\"contentUrl\":\"https:\/\/www.csj-emballages.com\/wp-content\/uploads\/2024\/03\/VP-17.webp\",\"width\":800,\"height\":800,\"caption\":\"Verre\"},{\"@type\":\"BreadcrumbList\",\"@id\":\"https:\/\/www.csj-emballages.com\/es\/produit\/10-copas-de-vino-de-plastico-desechables-17-cl\/#breadcrumb\",\"itemListElement\":[{\"@type\":\"ListItem\",\"position\":1,\"name\":\"Accueil\",\"item\":\"https:\/\/www.csj-emballages.com\/es\/universo-del-envasado-alimentario\/\"},{\"@type\":\"ListItem\",\"position\":2,\"name\":\"Tienda\",\"item\":\"https:\/\/www.csj-emballages.com\/tienda\/\"},{\"@type\":\"ListItem\",\"position\":3,\"name\":\"10 copas de vino de pl\u00e1stico desechables 17 cl\"}]},{\"@type\":\"WebSite\",\"@id\":\"https:\/\/www.csj-emballages.com\/es\/#website\",\"url\":\"https:\/\/www.csj-emballages.com\/es\/\",\"name\":\"CSJ Emballages\",\"description\":\"\",\"publisher\":{\"@id\":\"https:\/\/www.csj-emballages.com\/es\/#organization\"},\"potentialAction\":[{\"@type\":\"SearchAction\",\"target\":{\"@type\":\"EntryPoint\",\"urlTemplate\":\"https:\/\/www.csj-emballages.com\/es\/?s={search_term_string}\"},\"query-input\":{\"@type\":\"PropertyValueSpecification\",\"valueRequired\":true,\"valueName\":\"search_term_string\"}}],\"inLanguage\":\"es\"},{\"@type\":\"Organization\",\"@id\":\"https:\/\/www.csj-emballages.com\/es\/#Organization\/\",\"name\":\"CSJ Emballages\",\"url\":\"https:\/\/www.csj-emballages.com\/es\/\",\"logo\":{\"@type\":\"ImageObject\",\"inLanguage\":\"es\",\"@id\":\"https:\/\/www.csj-emballages.com\/es\/#\/schema\/logo\/image\/\",\"url\":\"https:\/\/www.csj-emballages.com\/wp-content\/uploads\/2023\/10\/logo_csj.webp\",\"contentUrl\":\"https:\/\/www.csj-emballages.com\/wp-content\/uploads\/2023\/10\/logo_csj.webp\",\"width\":250,\"height\":95,\"caption\":\"CSJ Emballages\"},\"image\":{\"@id\":\"https:\/\/www.csj-emballages.com\/es\/#\/schema\/logo\/image\/\"},\"sameAs\":[\"https:\/\/www.facebook.com\/csjemballages\"],\"address\":{\"@type\":\"PostalAddress\",\"streetAddress\":\"ZI La Lechere\",\"addressLocality\":\"Patornay\",\"postalCode\":\"39130\",\"addressCountry\":\"FR\"},\"contactPoint\":[{\"@type\":\"ContactPoint\",\"contactType\":\"Service client\",\"telephone\":\"0384254272\",\"email\":\"contact@csj-emballages.com\"}]}]}<\/script>\n<!-- \/ Yoast SEO Premium plugin. -->","yoast_head_json":{"title":"10 Vasos de pl\u00e1stico desechables con pie 17 cl \/ csj-emballages.com","description":"\u00a1Comprar Bolsita de vidrio con pie 170 ml! Tama\u00f1o: \u00a159 x 95 mm! Opta por una bolsa de 10 gafas resistentes y de calidad a un precio DESCUENTO.","robots":{"index":"index","follow":"follow","max-snippet":"max-snippet:-1","max-image-preview":"max-image-preview:large","max-video-preview":"max-video-preview:-1"},"canonical":"https:\/\/www.csj-emballages.com\/es\/produit\/10-copas-de-vino-de-plastico-desechables-17-cl\/","og_locale":"es_ES","og_type":"article","og_title":"10 copas de vino de pl\u00e1stico desechables 17 cl","og_description":"\u00a1Comprar Bolsita de vidrio con pie 170 ml! Tama\u00f1o: \u00a159 x 95 mm! Opta por una bolsa de 10 gafas resistentes y de calidad a un precio DESCUENTO.","og_url":"https:\/\/www.csj-emballages.com\/es\/produit\/10-copas-de-vino-de-plastico-desechables-17-cl\/","og_site_name":"CSJ Emballages","article_publisher":"https:\/\/www.facebook.com\/csjemballages","article_modified_time":"2026-04-21T09:01:45+00:00","og_image":[{"width":800,"height":800,"url":"https:\/\/www.csj-emballages.com\/wp-content\/uploads\/2024\/03\/VP-17.webp","type":"image\/webp"}],"twitter_card":"summary_large_image","twitter_misc":{"Tiempo de lectura":"1 minuto"},"schema":{"@context":"https:\/\/schema.org","@graph":[{"@type":"WebPage","@id":"https:\/\/www.csj-emballages.com\/es\/produit\/10-copas-de-vino-de-plastico-desechables-17-cl\/","url":"https:\/\/www.csj-emballages.com\/es\/produit\/10-copas-de-vino-de-plastico-desechables-17-cl\/","name":"10 Vasos de pl\u00e1stico desechables con pie 17 cl \/ csj-emballages.com","isPartOf":{"@id":"https:\/\/www.csj-emballages.com\/es\/#website"},"primaryImageOfPage":{"@id":"https:\/\/www.csj-emballages.com\/es\/produit\/10-copas-de-vino-de-plastico-desechables-17-cl\/#primaryimage"},"image":{"@id":"https:\/\/www.csj-emballages.com\/es\/produit\/10-copas-de-vino-de-plastico-desechables-17-cl\/#primaryimage"},"thumbnailUrl":"https:\/\/www.csj-emballages.com\/wp-content\/uploads\/2024\/03\/VP-17.webp","datePublished":"2024-03-01T15:46:32+00:00","dateModified":"2026-04-21T09:01:45+00:00","description":"\u00a1Comprar Bolsita de vidrio con pie 170 ml! Tama\u00f1o: \u00a159 x 95 mm! Opta por una bolsa de 10 gafas resistentes y de calidad a un precio DESCUENTO.","breadcrumb":{"@id":"https:\/\/www.csj-emballages.com\/es\/produit\/10-copas-de-vino-de-plastico-desechables-17-cl\/#breadcrumb"},"inLanguage":"es","potentialAction":[{"@type":"ReadAction","target":["https:\/\/www.csj-emballages.com\/es\/produit\/10-copas-de-vino-de-plastico-desechables-17-cl\/"]}]},{"@type":"ImageObject","inLanguage":"es","@id":"https:\/\/www.csj-emballages.com\/es\/produit\/10-copas-de-vino-de-plastico-desechables-17-cl\/#primaryimage","url":"https:\/\/www.csj-emballages.com\/wp-content\/uploads\/2024\/03\/VP-17.webp","contentUrl":"https:\/\/www.csj-emballages.com\/wp-content\/uploads\/2024\/03\/VP-17.webp","width":800,"height":800,"caption":"Verre"},{"@type":"BreadcrumbList","@id":"https:\/\/www.csj-emballages.com\/es\/produit\/10-copas-de-vino-de-plastico-desechables-17-cl\/#breadcrumb","itemListElement":[{"@type":"ListItem","position":1,"name":"Accueil","item":"https:\/\/www.csj-emballages.com\/es\/universo-del-envasado-alimentario\/"},{"@type":"ListItem","position":2,"name":"Tienda","item":"https:\/\/www.csj-emballages.com\/tienda\/"},{"@type":"ListItem","position":3,"name":"10 copas de vino de pl\u00e1stico desechables 17 cl"}]},{"@type":"WebSite","@id":"https:\/\/www.csj-emballages.com\/es\/#website","url":"https:\/\/www.csj-emballages.com\/es\/","name":"CSJ Emballages","description":"","publisher":{"@id":"https:\/\/www.csj-emballages.com\/es\/#organization"},"potentialAction":[{"@type":"SearchAction","target":{"@type":"EntryPoint","urlTemplate":"https:\/\/www.csj-emballages.com\/es\/?s={search_term_string}"},"query-input":{"@type":"PropertyValueSpecification","valueRequired":true,"valueName":"search_term_string"}}],"inLanguage":"es"},{"@type":"Organization","@id":"https:\/\/www.csj-emballages.com\/es\/#Organization\/","name":"CSJ Emballages","url":"https:\/\/www.csj-emballages.com\/es\/","logo":{"@type":"ImageObject","inLanguage":"es","@id":"https:\/\/www.csj-emballages.com\/es\/#\/schema\/logo\/image\/","url":"https:\/\/www.csj-emballages.com\/wp-content\/uploads\/2023\/10\/logo_csj.webp","contentUrl":"https:\/\/www.csj-emballages.com\/wp-content\/uploads\/2023\/10\/logo_csj.webp","width":250,"height":95,"caption":"CSJ Emballages"},"image":{"@id":"https:\/\/www.csj-emballages.com\/es\/#\/schema\/logo\/image\/"},"sameAs":["https:\/\/www.facebook.com\/csjemballages"],"address":{"@type":"PostalAddress","streetAddress":"ZI La Lechere","addressLocality":"Patornay","postalCode":"39130","addressCountry":"FR"},"contactPoint":[{"@type":"ContactPoint","contactType":"Service client","telephone":"0384254272","email":"contact@csj-emballages.com"}]}]}},"df_price":1.5,"df_sale_price":"","df_regular_price":1.5,"df_image_link":"https:\/\/www.csj-emballages.com\/wp-content\/uploads\/2024\/03\/VP-17-300x300.webp","tiered_pricing_type":"fixed","tiered_pricing_fixed_rules":[],"tiered_pricing_percentage_rules":[],"tiered_pricing_minimum":1,"tiered_pricing_roles_data":[],"_links":{"self":[{"href":"https:\/\/www.csj-emballages.com\/es\/wp-json\/wp\/v2\/product\/17553","targetHints":{"allow":["GET"]}}],"collection":[{"href":"https:\/\/www.csj-emballages.com\/es\/wp-json\/wp\/v2\/product"}],"about":[{"href":"https:\/\/www.csj-emballages.com\/es\/wp-json\/wp\/v2\/types\/product"}],"wp:featuredmedia":[{"embeddable":true,"href":"https:\/\/www.csj-emballages.com\/es\/wp-json\/wp\/v2\/media\/197951"}],"wp:attachment":[{"href":"https:\/\/www.csj-emballages.com\/es\/wp-json\/wp\/v2\/media?parent=17553"}],"wp:term":[{"taxonomy":"product_brand","embeddable":true,"href":"https:\/\/www.csj-emballages.com\/es\/wp-json\/wp\/v2\/product_brand?post=17553"},{"taxonomy":"product_cat","embeddable":true,"href":"https:\/\/www.csj-emballages.com\/es\/wp-json\/wp\/v2\/product_cat?post=17553"},{"taxonomy":"product_tag","embeddable":true,"href":"https:\/\/www.csj-emballages.com\/es\/wp-json\/wp\/v2\/product_tag?post=17553"}],"curies":[{"name":"wp","href":"https:\/\/api.w.org\/{rel}","templated":true}]}}