{"id":17533,"date":"2024-03-01T16:47:19","date_gmt":"2024-03-01T15:47:19","guid":{"rendered":"https:\/\/u15jnbdpoq.preview.infomaniak.website\/produit\/6-verrines-kokot-de-plastico-para-microondas-8-cl\/"},"modified":"2026-05-04T02:14:07","modified_gmt":"2026-05-04T00:14:07","slug":"6-verrines-kokot-de-plastico-para-microondas-8-cl","status":"publish","type":"product","link":"https:\/\/www.csj-emballages.com\/es\/produit\/6-verrines-kokot-de-plastico-para-microondas-8-cl\/","title":{"rendered":"Tarro de pl\u00e1stico kokot 8 cl microondable, paquete de 6"},"content":{"rendered":"<div style=\"box-sizing: inherit; font-family: Roboto, sans-serif;\">\n<div style=\"box-sizing: inherit; font-family: Roboto, sans-serif;\">\n<div style=\"box-sizing: inherit; font-family: Roboto, sans-serif;\">\n<div style=\"box-sizing: inherit; font-family: Roboto, sans-serif;\">\n<div style=\"box-sizing: inherit; font-family: Roboto, sans-serif;\">\n<div style=\"box-sizing: inherit; font-family: Roboto, sans-serif;\">\n<div style=\"box-sizing: inherit; font-family: Roboto, sans-serif;\">\n<div style=\"box-sizing: inherit; font-family: Roboto, sans-serif;\">\n<div style=\"box-sizing: inherit; font-family: Roboto, sans-serif;\">\n<div style=\"box-sizing: inherit; font-family: Roboto, sans-serif;\">\n<div style=\"box-sizing: inherit; font-family: Roboto, sans-serif;\">\n<div style=\"box-sizing: inherit; font-family: Roboto, sans-serif;\">\n<div style=\"box-sizing: inherit; font-family: Roboto, sans-serif;\">\n<div class=\"flex flex-grow flex-col max-w-full\">\n<div class=\"min-h-[20px] text-message flex flex-col items-start whitespace-pre-wrap break-words [.text-message+&amp;]:mt-5 juice:w-full juice:items-end overflow-x-auto gap-2\" dir=\"auto\" data-message-author-role=\"assistant\" data-message-id=\"2034782e-88f9-44ef-b4dc-07dd7bf0115f\">\n<div class=\"flex w-full flex-col gap-1 juice:empty:hidden juice:first:pt-[3px]\">\n<div class=\"markdown prose w-full break-words dark:prose-invert light\">\n<div style=\"box-sizing: inherit; font-family: Roboto, sans-serif;\">\n<div style=\"box-sizing: inherit; font-family: Roboto, sans-serif;\">\n<div style=\"box-sizing: inherit; font-family: Roboto, sans-serif;\">\n<div style=\"box-sizing: inherit; font-family: Roboto, sans-serif;\">\n<div style=\"box-sizing: inherit; font-family: Roboto, sans-serif;\">\n<div style=\"box-sizing: inherit; font-family: Roboto, sans-serif;\">\n<h2>Tarro de pl\u00e1stico<\/h2>\n<div style=\"box-sizing: inherit; font-family: Roboto, sans-serif;\">\n<div style=\"box-sizing: inherit; font-family: Roboto, sans-serif;\">\n<div style=\"box-sizing: inherit; font-family: Roboto, sans-serif;\">\n<div style=\"text-align: center;\">\n<div style=\"box-sizing: inherit; font-family: Roboto, sans-serif;\">\n<div style=\"box-sizing: inherit; font-family: Roboto, sans-serif;\">\n<div style=\"box-sizing: inherit; font-family: Roboto, sans-serif;\">\n<div style=\"box-sizing: inherit; font-family: Roboto, sans-serif;\">\n<div style=\"box-sizing: inherit; font-family: Roboto, sans-serif;\">\n<div style=\"box-sizing: inherit; font-family: Roboto, sans-serif; text-align: left;\">\n<hr>\n<h3 style=\"text-align: left;\">Descripci\u00f3n de los vasos de pl\u00e1stico Kokot<!--more--><\/h3>\n<\/div>\n<\/div>\n<\/div>\n<\/div>\n<\/div>\n<\/div>\n<\/div>\n<\/div>\n<\/div>\n<\/div>\n<\/div>\n<\/div>\n<\/div>\n<\/div>\n<\/div>\n<\/div>\n<\/div>\n<\/div>\n<\/div>\n<\/div>\n<div class=\"flex flex-grow flex-col max-w-full\">\n<div class=\"min-h-[20px] text-message flex flex-col items-start whitespace-pre-wrap break-words [.text-message+&amp;]:mt-5 juice:w-full juice:items-end overflow-x-auto gap-2\" dir=\"auto\" data-message-author-role=\"assistant\" data-message-id=\"2034782e-88f9-44ef-b4dc-07dd7bf0115f\">\n<div class=\"flex w-full flex-col gap-1 juice:empty:hidden juice:first:pt-[3px]\">\n<div class=\"markdown prose w-full break-words dark:prose-invert light\">\n<div style=\"box-sizing: inherit; font-family: Roboto, sans-serif;\">\n<div style=\"box-sizing: inherit; font-family: Roboto, sans-serif;\">\n<div style=\"box-sizing: inherit; font-family: Roboto, sans-serif;\">\n<div style=\"box-sizing: inherit; font-family: Roboto, sans-serif;\">\n<div style=\"box-sizing: inherit; font-family: Roboto, sans-serif;\">\n<div style=\"box-sizing: inherit; font-family: Roboto, sans-serif;\"><span style=\"font-family: Georgia, 'Times New Roman', 'Bitstream Charter', Times, serif;\">El <\/span><strong style=\"font-family: Georgia, 'Times New Roman', 'Bitstream Charter', Times, serif;\">verrines de pl\u00e1stico negro<\/strong> <strong style=\"font-family: Georgia, 'Times New Roman', 'Bitstream Charter', Times, serif;\">8 cl<\/strong> <strong style=\"font-family: Georgia, 'Times New Roman', 'Bitstream Charter', Times, serif;\">microondable<\/strong><span style=\"font-family: Georgia, 'Times New Roman', 'Bitstream Charter', Times, serif;\">se venden en <\/span><strong style=\"font-family: Georgia, 'Times New Roman', 'Bitstream Charter', Times, serif;\">paquete de 6<\/strong><span style=\"font-family: Georgia, 'Times New Roman', 'Bitstream Charter', Times, serif;\">son imprescindibles para los profesionales de la restauraci\u00f3n y los amantes de las presentaciones culinarias elegantes. Estos peque\u00f1os   <\/span><strong style=\"font-family: Georgia, 'Times New Roman', 'Bitstream Charter', Times, serif;\">cazuelas<\/strong><span style=\"font-family: Georgia, 'Times New Roman', 'Bitstream Charter', Times, serif;\">  combinan la practicidad con un dise\u00f1o moderno, ofreciendo la soluci\u00f3n perfecta para servir raciones individuales al tiempo que realzan la est\u00e9tica de sus platos. Su dise\u00f1o \u00fanico   <\/span><strong style=\"font-family: Georgia, 'Times New Roman', 'Bitstream Charter', Times, serif;\">cocotte<\/strong><span style=\"font-family: Georgia, 'Times New Roman', 'Bitstream Charter', Times, serif;\"> a\u00f1ade un toque de originalidad que seguro gustar\u00e1 a sus invitados o clientes.<\/span><\/div>\n<\/div>\n<\/div>\n<\/div>\n<\/div>\n<\/div>\n<\/div>\n<\/div>\n<\/div>\n<\/div>\n<\/div>\n<\/div>\n<\/div>\n<\/div>\n<\/div>\n<\/div>\n<\/div>\n<\/div>\n<\/div>\n<\/div>\n<\/div>\n<\/div>\n<\/div>\n<p>En primer lugar, la materia prima de estas <strong>cocotte verrines de pl\u00e1stico<\/strong> negro destaca por su durabilidad. Fabricadas en pl\u00e1stico, son lo suficientemente robustas como para soportar un uso diario intensivo sin deformarse. Est\u00e1n dise\u00f1adas para soportar el calor y son <strong>aptas para microondas<\/strong>, lo que las hace especialmente adecuadas para recalentar preparaciones directamente en el recipiente. Gracias a esta caracter\u00edstica, los profesionales de la restauraci\u00f3n pueden ahorrar tiempo al tiempo que garantizan una presentaci\u00f3n impecable.   <\/p>\n<p>&nbsp;<\/p>\n<p>&nbsp;<\/p>\n<p><!--more--><\/p>\n<h4>\u00bfPor qu\u00e9 utilizar nuestras <strong>verrinas de pl\u00e1stico<\/strong>?<\/h4>\n<p>La practicidad de estas <strong>cocottes verrines de pl\u00e1stico<\/strong> negro no se detiene ah\u00ed. Su capacidad <strong>de 8 cl<\/strong> es ideal para porciones individuales, ya sean postres, entrantes o guarniciones. Adem\u00e1s, son ligeras, por lo que son f\u00e1ciles y seguras de transportar, especialmente para grandes eventos como recepciones, c\u00f3cteles o buffets. Su dise\u00f1o compacto y apilable tambi\u00e9n facilita su almacenamiento, optimizando el espacio en cocinas profesionales o dom\u00e9sticas.   <\/p>\n<p>Su elegante color <strong>negro<\/strong> a\u00f1ade un toque de sofisticaci\u00f3n a todas sus creaciones culinarias. Tanto si se trata de servir aperitivos, verrines de fruta o platos calientes, las <strong>cocottes verrines de pl\u00e1stico negro<\/strong> realzar\u00e1n sus preparaciones gracias a su atractivo est\u00e9tico. A diferencia de las verrinas transparentes, estas cocottes ofrecen un llamativo contraste con los vivos colores de los alimentos, lo que las hace especialmente atractivas para su presentaci\u00f3n en mesas de fiesta o buffets.  <\/p>\n<p>&nbsp;<\/p>\n<p><!--more--><\/p>\n<div style=\"box-sizing: inherit; font-family: Roboto, sans-serif;\">\n<div style=\"box-sizing: inherit; font-family: Roboto, sans-serif;\">\n<div style=\"box-sizing: inherit; font-family: Roboto, sans-serif;\">\n<div style=\"box-sizing: inherit; font-family: Roboto, sans-serif;\">\n<div style=\"box-sizing: inherit; font-family: Roboto, sans-serif;\">\n<div style=\"box-sizing: inherit; font-family: Roboto, sans-serif;\">\n<div style=\"box-sizing: inherit; font-family: Roboto, sans-serif;\">\n<div style=\"box-sizing: inherit; font-family: Roboto, sans-serif;\">\n<div style=\"box-sizing: inherit; font-family: Roboto, sans-serif;\">\n<div style=\"box-sizing: inherit; font-family: Roboto, sans-serif;\">\n<div style=\"box-sizing: inherit; font-family: Roboto, sans-serif;\">\n<div style=\"box-sizing: inherit; font-family: Roboto, sans-serif;\">\n<div style=\"box-sizing: inherit; font-family: Roboto, sans-serif;\">\n<div class=\"flex flex-grow flex-col max-w-full\">\n<div class=\"min-h-[20px] text-message flex flex-col items-start whitespace-pre-wrap break-words [.text-message+&amp;]:mt-5 juice:w-full juice:items-end overflow-x-auto gap-2\" dir=\"auto\" data-message-author-role=\"assistant\" data-message-id=\"2034782e-88f9-44ef-b4dc-07dd7bf0115f\">\n<div class=\"flex w-full flex-col gap-1 juice:empty:hidden juice:first:pt-[3px]\">\n<div class=\"markdown prose w-full break-words dark:prose-invert light\">\n<div style=\"box-sizing: inherit; font-family: Roboto, sans-serif;\">\n<div style=\"box-sizing: inherit; font-family: Roboto, sans-serif;\">\n<div style=\"box-sizing: inherit; font-family: Roboto, sans-serif;\">\n<div style=\"box-sizing: inherit; font-family: Roboto, sans-serif;\">\n<div style=\"box-sizing: inherit; font-family: Roboto, sans-serif;\">\n<div style=\"box-sizing: inherit; font-family: Roboto, sans-serif;\">\n<p>Adem\u00e1s, la versatilidad de estas <strong>cacerolas de pl\u00e1stico<\/strong> negro las convierte en una opci\u00f3n esencial para todo tipo de ocasiones. Su resistencia al calor las hace igual de eficaces para platos fr\u00edos o calientes. Tanto si prepara un refrescante gazpacho como un gratinado gourmet, estas verrinas ser\u00e1n justo lo que est\u00e1 buscando. Su formato es tan adecuado para un uso profesional en restaurantes, hoteles y empresas de catering como para un uso m\u00e1s personal en recepciones o fiestas privadas.   <\/p>\n<p>Por \u00faltimo, estas <strong>cocottes verrines de pl\u00e1stico<\/strong> negro son una excelente opci\u00f3n para las empresas concienciadas con el medio ambiente, ya que est\u00e1n fabricadas con pl\u00e1stico reciclable. As\u00ed, al elegir este producto, estar\u00e1 ayudando a reducir los residuos al tiempo que ofrece una presentaci\u00f3n sofisticada y funcional. <\/p>\n<p>En resumen, las <strong>cocottes verrines de pl\u00e1stico negro<\/strong> <strong>de 8 cl<\/strong> <strong>para microondas<\/strong> en <strong>paquetes de 6 unidades<\/strong> son una soluci\u00f3n pr\u00e1ctica, elegante y duradera para todas sus presentaciones culinarias.<\/p>\n<p>&nbsp;<\/p>\n<p><!--more--><\/p>\n<h4 style=\"text-align: left;\"><strong>Las ventajas de Cocotte 80 ml verrines de pl\u00e1stico:<\/strong><\/h4>\n<ul style=\"text-align: left;\">\n<li><strong>Dise\u00f1o elegante y original<\/strong>: forma de <strong>cocotte<\/strong><b> <\/b>a\u00f1aden un toque moderno y original a tus presentaciones culinarias. A\u00f1aden una dimensi\u00f3n visual \u00fanica que capta la atenci\u00f3n de tus invitados y realza tus creaciones. <\/li>\n<li><strong>Versatilidad<\/strong>: Se pueden utilizar para preparar una gran variedad de platos dulces y salados.<\/li>\n<li><strong>Practicidad<\/strong>: Ligeros y f\u00e1ciles de manejar, estos <strong>verrines de hosteler\u00eda<\/strong> est\u00e1n dise\u00f1ados para ser pr\u00e1cticos de usar.<\/li>\n<li><strong>Calidad y durabilidad<\/strong>: Fabricadas en PP, son robustas, elegantes y reutilizables.<\/li>\n<\/ul>\n<\/div>\n<\/div>\n<\/div>\n<\/div>\n<\/div>\n<\/div>\n<\/div>\n<\/div>\n<\/div>\n<\/div>\n<\/div>\n<\/div>\n<p>&nbsp;<\/p>\n<\/div>\n<\/div>\n<\/div>\n<\/div>\n<\/div>\n<\/div>\n<\/div>\n<\/div>\n<\/div>\n<\/div>\n<\/div>\n<p><!--more--><\/p>\n<h4>Informaci\u00f3n adicional :<\/h4>\n<ul style=\"box-sizing: inherit; font-family: Roboto, sans-serif;\">\n<li><strong>Envase<\/strong>: Paquete de 6<\/li>\n<li><strong>Econ\u00f3mico: <\/strong>Estas <strong>verrinas<\/strong> son reutilizables<\/li>\n<li><span style=\"font-weight: bold;\">Dimensiones<\/span>: 75 x 50 x 35 (L x A x A en mm)<\/li>\n<li><strong>Material<\/strong>: PP (Polipropileno)<\/li>\n<\/ul>\n<p>&nbsp;<\/p>\n<p><!--more--><\/p>\n<p>Encuentre aqu\u00ed la siguiente talla para este producto: <span style=\"color: #d12727;\"><a style=\"color: #d12727;\" href=\"https:\/\/www.csj-emballages.com\/es\/produit\/4-verrines-kokot-de-plastico-para-microondas-30-cl\/\">VERKOKOT30<\/a><\/span><\/p>\n<p>&nbsp;<\/p>\n<p style=\"text-align: left;\"><!--more--><\/p>\n<p><a href=\"https:\/\/www.csj-emballages.com\/es\/categorie-produit\/envasado-de-alimentos\/carniceria-y-charcuteria\/tazas-tarros-vasos\/verrines-es\/verrines-es-2\/\">Ver el resto de nuestra gama de verrines<\/a><\/p>\n","protected":false},"excerpt":{"rendered":"<p>Tarro de pl\u00e1stico Descripci\u00f3n de los vasos de pl\u00e1stico Kokot<\/p>\n","protected":false},"featured_media":209632,"template":"","meta":{"_acf_changed":false},"product_brand":[],"product_cat":[1150,1143,1324,1458,1326,1329],"product_tag":[],"class_list":{"0":"post-17533","1":"product","2":"type-product","3":"status-publish","4":"has-post-thumbnail","6":"product_cat-envasado-de-alimentos","7":"product_cat-carniceria-y-charcuteria","8":"product_cat-tazas-tarros-vasos","9":"product_cat-tazas-de-postre","10":"product_cat-verrines-es","11":"product_cat-verrines-es-2","13":"first","14":"instock","15":"taxable","16":"shipping-taxable","17":"purchasable","18":"product-type-simple"},"acf":[],"yoast_head":"<!-- This site is optimized with the Yoast SEO Premium plugin v26.6 (Yoast SEO v26.6) - https:\/\/yoast.com\/wordpress\/plugins\/seo\/ -->\n<title>Kokot Tarro de pl\u00e1stico para microondas - 8 cl<\/title>\n<meta name=\"description\" content=\"Descubra nuestros verrines negros de pl\u00e1stico de 8 cl aptos para microondas, que combinan originalidad, practicidad y resistencia. Ideal para porciones individuales.\" \/>\n<meta name=\"robots\" content=\"index, follow, max-snippet:-1, max-image-preview:large, max-video-preview:-1\" \/>\n<link rel=\"canonical\" href=\"https:\/\/www.csj-emballages.com\/es\/produit\/6-verrines-kokot-de-plastico-para-microondas-8-cl\/\" \/>\n<meta property=\"og:locale\" content=\"es_ES\" \/>\n<meta property=\"og:type\" content=\"article\" \/>\n<meta property=\"og:title\" content=\"Tarros de pl\u00e1stico &quot;Kokot&quot; 80 ml\" \/>\n<meta property=\"og:description\" content=\"Descubra nuestras cocottes verrines de pl\u00e1stico negro de 8 cl aptas para microondas, que combinan originalidad, practicidad y resistencia. Ideal para porciones individuales.\" \/>\n<meta property=\"og:url\" content=\"https:\/\/www.csj-emballages.com\/es\/produit\/6-verrines-kokot-de-plastico-para-microondas-8-cl\/\" \/>\n<meta property=\"og:site_name\" content=\"CSJ Emballages\" \/>\n<meta property=\"article:publisher\" content=\"https:\/\/www.facebook.com\/csjemballages\" \/>\n<meta property=\"article:modified_time\" content=\"2026-05-04T00:14:07+00:00\" \/>\n<meta property=\"og:image\" content=\"https:\/\/www.csj-emballages.com\/wp-content\/uploads\/2024\/03\/kokot.webp\" \/>\n\t<meta property=\"og:image:width\" content=\"800\" \/>\n\t<meta property=\"og:image:height\" content=\"800\" \/>\n\t<meta property=\"og:image:type\" content=\"image\/webp\" \/>\n<meta name=\"twitter:card\" content=\"summary_large_image\" \/>\n<meta name=\"twitter:title\" content=\"Tarros de pl\u00e1stico &quot;Kokot&quot; 80 ml\" \/>\n<meta name=\"twitter:description\" content=\"Descubra nuestras cocottes verrines de pl\u00e1stico negro de 8 cl aptas para microondas, que combinan originalidad, practicidad y resistencia. Ideal para porciones individuales.\" \/>\n<meta name=\"twitter:label1\" content=\"Tiempo de lectura\" \/>\n\t<meta name=\"twitter:data1\" content=\"3 minutos\" \/>\n<script type=\"application\/ld+json\" class=\"yoast-schema-graph\">{\"@context\":\"https:\/\/schema.org\",\"@graph\":[{\"@type\":\"WebPage\",\"@id\":\"https:\/\/www.csj-emballages.com\/es\/produit\/6-verrines-kokot-de-plastico-para-microondas-8-cl\/\",\"url\":\"https:\/\/www.csj-emballages.com\/es\/produit\/6-verrines-kokot-de-plastico-para-microondas-8-cl\/\",\"name\":\"Kokot Tarro de pl\u00e1stico para microondas - 8 cl\",\"isPartOf\":{\"@id\":\"https:\/\/www.csj-emballages.com\/es\/#website\"},\"primaryImageOfPage\":{\"@id\":\"https:\/\/www.csj-emballages.com\/es\/produit\/6-verrines-kokot-de-plastico-para-microondas-8-cl\/#primaryimage\"},\"image\":{\"@id\":\"https:\/\/www.csj-emballages.com\/es\/produit\/6-verrines-kokot-de-plastico-para-microondas-8-cl\/#primaryimage\"},\"thumbnailUrl\":\"https:\/\/www.csj-emballages.com\/wp-content\/uploads\/2024\/03\/kokot.webp\",\"datePublished\":\"2024-03-01T15:47:19+00:00\",\"dateModified\":\"2026-05-04T00:14:07+00:00\",\"description\":\"Descubra nuestros verrines negros de pl\u00e1stico de 8 cl aptos para microondas, que combinan originalidad, practicidad y resistencia. Ideal para porciones individuales.\",\"breadcrumb\":{\"@id\":\"https:\/\/www.csj-emballages.com\/es\/produit\/6-verrines-kokot-de-plastico-para-microondas-8-cl\/#breadcrumb\"},\"inLanguage\":\"es\",\"potentialAction\":[{\"@type\":\"ReadAction\",\"target\":[\"https:\/\/www.csj-emballages.com\/es\/produit\/6-verrines-kokot-de-plastico-para-microondas-8-cl\/\"]}]},{\"@type\":\"ImageObject\",\"inLanguage\":\"es\",\"@id\":\"https:\/\/www.csj-emballages.com\/es\/produit\/6-verrines-kokot-de-plastico-para-microondas-8-cl\/#primaryimage\",\"url\":\"https:\/\/www.csj-emballages.com\/wp-content\/uploads\/2024\/03\/kokot.webp\",\"contentUrl\":\"https:\/\/www.csj-emballages.com\/wp-content\/uploads\/2024\/03\/kokot.webp\",\"width\":800,\"height\":800,\"caption\":\"Verrines plastique\"},{\"@type\":\"BreadcrumbList\",\"@id\":\"https:\/\/www.csj-emballages.com\/es\/produit\/6-verrines-kokot-de-plastico-para-microondas-8-cl\/#breadcrumb\",\"itemListElement\":[{\"@type\":\"ListItem\",\"position\":1,\"name\":\"Accueil\",\"item\":\"https:\/\/www.csj-emballages.com\/es\/universo-del-envasado-alimentario\/\"},{\"@type\":\"ListItem\",\"position\":2,\"name\":\"Tienda\",\"item\":\"https:\/\/www.csj-emballages.com\/tienda\/\"},{\"@type\":\"ListItem\",\"position\":3,\"name\":\"Tarro de pl\u00e1stico kokot 8 cl microondable, paquete de 6\"}]},{\"@type\":\"WebSite\",\"@id\":\"https:\/\/www.csj-emballages.com\/es\/#website\",\"url\":\"https:\/\/www.csj-emballages.com\/es\/\",\"name\":\"CSJ Emballages\",\"description\":\"\",\"publisher\":{\"@id\":\"https:\/\/www.csj-emballages.com\/es\/#organization\"},\"potentialAction\":[{\"@type\":\"SearchAction\",\"target\":{\"@type\":\"EntryPoint\",\"urlTemplate\":\"https:\/\/www.csj-emballages.com\/es\/?s={search_term_string}\"},\"query-input\":{\"@type\":\"PropertyValueSpecification\",\"valueRequired\":true,\"valueName\":\"search_term_string\"}}],\"inLanguage\":\"es\"},{\"@type\":\"Organization\",\"@id\":\"https:\/\/www.csj-emballages.com\/es\/#Organization\/\",\"name\":\"CSJ Emballages\",\"url\":\"https:\/\/www.csj-emballages.com\/es\/\",\"logo\":{\"@type\":\"ImageObject\",\"inLanguage\":\"es\",\"@id\":\"https:\/\/www.csj-emballages.com\/es\/#\/schema\/logo\/image\/\",\"url\":\"https:\/\/www.csj-emballages.com\/wp-content\/uploads\/2023\/10\/logo_csj.webp\",\"contentUrl\":\"https:\/\/www.csj-emballages.com\/wp-content\/uploads\/2023\/10\/logo_csj.webp\",\"width\":250,\"height\":95,\"caption\":\"CSJ Emballages\"},\"image\":{\"@id\":\"https:\/\/www.csj-emballages.com\/es\/#\/schema\/logo\/image\/\"},\"sameAs\":[\"https:\/\/www.facebook.com\/csjemballages\"],\"address\":{\"@type\":\"PostalAddress\",\"streetAddress\":\"ZI La Lechere\",\"addressLocality\":\"Patornay\",\"postalCode\":\"39130\",\"addressCountry\":\"FR\"},\"contactPoint\":[{\"@type\":\"ContactPoint\",\"contactType\":\"Service client\",\"telephone\":\"0384254272\",\"email\":\"contact@csj-emballages.com\"}]}]}<\/script>\n<!-- \/ Yoast SEO Premium plugin. -->","yoast_head_json":{"title":"Kokot Tarro de pl\u00e1stico para microondas - 8 cl","description":"Descubra nuestros verrines negros de pl\u00e1stico de 8 cl aptos para microondas, que combinan originalidad, practicidad y resistencia. Ideal para porciones individuales.","robots":{"index":"index","follow":"follow","max-snippet":"max-snippet:-1","max-image-preview":"max-image-preview:large","max-video-preview":"max-video-preview:-1"},"canonical":"https:\/\/www.csj-emballages.com\/es\/produit\/6-verrines-kokot-de-plastico-para-microondas-8-cl\/","og_locale":"es_ES","og_type":"article","og_title":"Tarros de pl\u00e1stico \"Kokot\" 80 ml","og_description":"Descubra nuestras cocottes verrines de pl\u00e1stico negro de 8 cl aptas para microondas, que combinan originalidad, practicidad y resistencia. Ideal para porciones individuales.","og_url":"https:\/\/www.csj-emballages.com\/es\/produit\/6-verrines-kokot-de-plastico-para-microondas-8-cl\/","og_site_name":"CSJ Emballages","article_publisher":"https:\/\/www.facebook.com\/csjemballages","article_modified_time":"2026-05-04T00:14:07+00:00","og_image":[{"width":800,"height":800,"url":"https:\/\/www.csj-emballages.com\/wp-content\/uploads\/2024\/03\/kokot.webp","type":"image\/webp"}],"twitter_card":"summary_large_image","twitter_title":"Tarros de pl\u00e1stico \"Kokot\" 80 ml","twitter_description":"Descubra nuestras cocottes verrines de pl\u00e1stico negro de 8 cl aptas para microondas, que combinan originalidad, practicidad y resistencia. Ideal para porciones individuales.","twitter_misc":{"Tiempo de lectura":"3 minutos"},"schema":{"@context":"https:\/\/schema.org","@graph":[{"@type":"WebPage","@id":"https:\/\/www.csj-emballages.com\/es\/produit\/6-verrines-kokot-de-plastico-para-microondas-8-cl\/","url":"https:\/\/www.csj-emballages.com\/es\/produit\/6-verrines-kokot-de-plastico-para-microondas-8-cl\/","name":"Kokot Tarro de pl\u00e1stico para microondas - 8 cl","isPartOf":{"@id":"https:\/\/www.csj-emballages.com\/es\/#website"},"primaryImageOfPage":{"@id":"https:\/\/www.csj-emballages.com\/es\/produit\/6-verrines-kokot-de-plastico-para-microondas-8-cl\/#primaryimage"},"image":{"@id":"https:\/\/www.csj-emballages.com\/es\/produit\/6-verrines-kokot-de-plastico-para-microondas-8-cl\/#primaryimage"},"thumbnailUrl":"https:\/\/www.csj-emballages.com\/wp-content\/uploads\/2024\/03\/kokot.webp","datePublished":"2024-03-01T15:47:19+00:00","dateModified":"2026-05-04T00:14:07+00:00","description":"Descubra nuestros verrines negros de pl\u00e1stico de 8 cl aptos para microondas, que combinan originalidad, practicidad y resistencia. Ideal para porciones individuales.","breadcrumb":{"@id":"https:\/\/www.csj-emballages.com\/es\/produit\/6-verrines-kokot-de-plastico-para-microondas-8-cl\/#breadcrumb"},"inLanguage":"es","potentialAction":[{"@type":"ReadAction","target":["https:\/\/www.csj-emballages.com\/es\/produit\/6-verrines-kokot-de-plastico-para-microondas-8-cl\/"]}]},{"@type":"ImageObject","inLanguage":"es","@id":"https:\/\/www.csj-emballages.com\/es\/produit\/6-verrines-kokot-de-plastico-para-microondas-8-cl\/#primaryimage","url":"https:\/\/www.csj-emballages.com\/wp-content\/uploads\/2024\/03\/kokot.webp","contentUrl":"https:\/\/www.csj-emballages.com\/wp-content\/uploads\/2024\/03\/kokot.webp","width":800,"height":800,"caption":"Verrines plastique"},{"@type":"BreadcrumbList","@id":"https:\/\/www.csj-emballages.com\/es\/produit\/6-verrines-kokot-de-plastico-para-microondas-8-cl\/#breadcrumb","itemListElement":[{"@type":"ListItem","position":1,"name":"Accueil","item":"https:\/\/www.csj-emballages.com\/es\/universo-del-envasado-alimentario\/"},{"@type":"ListItem","position":2,"name":"Tienda","item":"https:\/\/www.csj-emballages.com\/tienda\/"},{"@type":"ListItem","position":3,"name":"Tarro de pl\u00e1stico kokot 8 cl microondable, paquete de 6"}]},{"@type":"WebSite","@id":"https:\/\/www.csj-emballages.com\/es\/#website","url":"https:\/\/www.csj-emballages.com\/es\/","name":"CSJ Emballages","description":"","publisher":{"@id":"https:\/\/www.csj-emballages.com\/es\/#organization"},"potentialAction":[{"@type":"SearchAction","target":{"@type":"EntryPoint","urlTemplate":"https:\/\/www.csj-emballages.com\/es\/?s={search_term_string}"},"query-input":{"@type":"PropertyValueSpecification","valueRequired":true,"valueName":"search_term_string"}}],"inLanguage":"es"},{"@type":"Organization","@id":"https:\/\/www.csj-emballages.com\/es\/#Organization\/","name":"CSJ Emballages","url":"https:\/\/www.csj-emballages.com\/es\/","logo":{"@type":"ImageObject","inLanguage":"es","@id":"https:\/\/www.csj-emballages.com\/es\/#\/schema\/logo\/image\/","url":"https:\/\/www.csj-emballages.com\/wp-content\/uploads\/2023\/10\/logo_csj.webp","contentUrl":"https:\/\/www.csj-emballages.com\/wp-content\/uploads\/2023\/10\/logo_csj.webp","width":250,"height":95,"caption":"CSJ Emballages"},"image":{"@id":"https:\/\/www.csj-emballages.com\/es\/#\/schema\/logo\/image\/"},"sameAs":["https:\/\/www.facebook.com\/csjemballages"],"address":{"@type":"PostalAddress","streetAddress":"ZI La Lechere","addressLocality":"Patornay","postalCode":"39130","addressCountry":"FR"},"contactPoint":[{"@type":"ContactPoint","contactType":"Service client","telephone":"0384254272","email":"contact@csj-emballages.com"}]}]}},"df_price":4.34,"df_sale_price":"","df_regular_price":4.34,"df_image_link":"https:\/\/www.csj-emballages.com\/wp-content\/uploads\/2024\/03\/kokot-300x300.webp","tiered_pricing_type":"fixed","tiered_pricing_fixed_rules":[],"tiered_pricing_percentage_rules":[],"tiered_pricing_minimum":1,"tiered_pricing_roles_data":[],"_links":{"self":[{"href":"https:\/\/www.csj-emballages.com\/es\/wp-json\/wp\/v2\/product\/17533","targetHints":{"allow":["GET"]}}],"collection":[{"href":"https:\/\/www.csj-emballages.com\/es\/wp-json\/wp\/v2\/product"}],"about":[{"href":"https:\/\/www.csj-emballages.com\/es\/wp-json\/wp\/v2\/types\/product"}],"wp:featuredmedia":[{"embeddable":true,"href":"https:\/\/www.csj-emballages.com\/es\/wp-json\/wp\/v2\/media\/209632"}],"wp:attachment":[{"href":"https:\/\/www.csj-emballages.com\/es\/wp-json\/wp\/v2\/media?parent=17533"}],"wp:term":[{"taxonomy":"product_brand","embeddable":true,"href":"https:\/\/www.csj-emballages.com\/es\/wp-json\/wp\/v2\/product_brand?post=17533"},{"taxonomy":"product_cat","embeddable":true,"href":"https:\/\/www.csj-emballages.com\/es\/wp-json\/wp\/v2\/product_cat?post=17533"},{"taxonomy":"product_tag","embeddable":true,"href":"https:\/\/www.csj-emballages.com\/es\/wp-json\/wp\/v2\/product_tag?post=17533"}],"curies":[{"name":"wp","href":"https:\/\/api.w.org\/{rel}","templated":true}]}}