{"id":17475,"date":"2024-03-01T16:47:20","date_gmt":"2024-03-01T15:47:20","guid":{"rendered":"https:\/\/u15jnbdpoq.preview.infomaniak.website\/produit\/50-verrines-biodegradables-en-hojas-de-9-x-6-cm\/"},"modified":"2026-04-17T02:17:26","modified_gmt":"2026-04-17T00:17:26","slug":"50-verrines-biodegradables-en-hojas-de-9-x-6-cm","status":"publish","type":"product","link":"https:\/\/www.csj-emballages.com\/es\/produit\/50-verrines-biodegradables-en-hojas-de-9-x-6-cm\/","title":{"rendered":"Tarro de cristal biodegradable 9 x 6 cm por 50"},"content":{"rendered":"<h2 id=\"prod-h1\" class=\"prod-details__name prod__name\">Hoja de Verrine<\/h2>\n<div style=\"font-family: Roboto, sans-serif;\">\n<div style=\"font-family: Roboto, sans-serif;\">\n<div style=\"font-family: Roboto, sans-serif;\">\n<div style=\"font-family: Roboto, sans-serif;\">\n<div style=\"font-family: Roboto, sans-serif;\">\n<div style=\"font-family: Roboto, sans-serif;\">\n<hr>\n<h3>Descripci\u00f3n de nuestro vaso de hojas biodegradable 9 x 6 cm por 50<\/h3>\n<p><!--more--><\/p>\n<\/div>\n<\/div>\n<\/div>\n<\/div>\n<\/div>\n<\/div>\n<p data-start=\"217\" data-end=\"555\">Elegante, \u00e9tica y pr\u00e1ctica: esta <strong data-start=\"255\" data-end=\"300\">hoja de verrine biodegradable de 9 x 6 cm<\/strong> es la elecci\u00f3n ideal para realzar sus presentaciones respetando el medio ambiente.<\/p>\n<p data-start=\"557\" data-end=\"1014\">Pensada para <strong data-start=\"573\" data-end=\"586\">hosteleros<\/strong>, <strong data-start=\"588\" data-end=\"605\">restauradores<\/strong> y <strong data-start=\"609\" data-end=\"660\">particulares preocupados por su impacto ecol\u00f3gico<\/strong>, esta <strong data-start=\"255\" data-end=\"300\">verrine de hojas<\/strong> combina el atractivo est\u00e9tico con la conciencia medioambiental. Es perfecta para presentar aperitivos, postres individuales o entrantes refinados. Tanto si organiza un c\u00f3ctel como una boda, una recepci\u00f3n o un evento profesional, aportar\u00e1 un toque c\u00e1lido y natural a su mesa.  <\/p>\n<p data-start=\"1016\" data-end=\"1276\">Su forma de hoja y sus dimensiones <strong data-start=\"1052\" data-end=\"1064\">de 9 x 6 cm<\/strong> lo convierten en un recipiente suficientemente espacioso para contener preparados s\u00f3lidos y l\u00edquidos (de consumo r\u00e1pido).<\/p>\n<p data-start=\"1278\" data-end=\"1423\">Y con envases de <strong>50 unidades<\/strong>, podr\u00e1 satisfacer todas sus necesidades de servicio manteniendo un aspecto y una calidad uniformes.<\/p>\n<p data-start=\"1425\" data-end=\"1634\">En resumen, estas <strong data-start=\"255\" data-end=\"300\">verrinas de hojas biodegradables<\/strong> son <strong>100% compostables<\/strong> y se inscriben perfectamente en la l\u00f3gica del consumo sostenible.<\/p>\n<p data-start=\"1425\" data-end=\"1634\">\n<p><!--more--><\/p>\n<div style=\"font-family: Roboto, sans-serif;\">\n<div style=\"font-family: Roboto, sans-serif;\">\n<div style=\"font-family: Roboto, sans-serif;\">\n<div style=\"font-family: Roboto, sans-serif;\">\n<div style=\"font-family: Roboto, sans-serif;\">\n<div style=\"font-family: Roboto, sans-serif;\">\n<p><strong>Ventajas :<\/strong><\/p>\n<ul>\n<li>100% biodegradable y compostable.<\/li>\n<li>Su forma \u00fanica la hace ideal para buffets, recepciones y aperitivos.<\/li>\n<li>Soporta alimentos fr\u00edos y calientes.<\/li>\n<li>No altera el sabor de los preparados.<\/li>\n<li>Pr\u00e1ctico paquete de 50 unidades.<\/li>\n<\/ul>\n<p>&nbsp;<\/p>\n<\/div>\n<\/div>\n<\/div>\n<\/div>\n<\/div>\n<\/div>\n<p><!--more--><\/p>\n<h4>Informaci\u00f3n adicional :<\/h4>\n<ul>\n<li><strong>Envase<\/strong>: Paquete de 50<\/li>\n<li><strong>Longitud total<\/strong>: 95 mm<\/li>\n<li><strong>Longitud de la hoja<\/strong>: 80 mm<\/li>\n<li><strong>Anchura<\/strong>: 60 mm<\/li>\n<li><strong>Altura<\/strong>: 10 mm<\/li>\n<li><strong>Material<\/strong>: Bagazo<\/li>\n<li><strong>Color<\/strong>: blanco<\/li>\n<\/ul>\n<p>&nbsp;<\/p>\n<p><!--more--><\/p>\n<p>Haga clic aqu\u00ed para ver nuestra gama de verrines biodegradables: <span style=\"color: #d12727;\"><a style=\"color: #d12727;\" href=\"https:\/\/www.csj-emballages.com\/es\/produit\/50-verrines-cuadrados-biodegradables-de-70-mm\/\">Verrine cuadrado<\/a><\/span> \/ <span style=\"color: #d12727;\"><a style=\"color: #d12727;\" href=\"https:\/\/www.csj-emballages.com\/es\/produit\/50-cucharas-chinas-biodegradables\/\">Cuchara verrine<\/a><\/span><\/p>\n<p>&nbsp;<\/p>\n<p><!--more--><\/p>\n<p><a href=\"https:\/\/www.csj-emballages.com\/es\/categorie-produit\/envasado-de-alimentos\/carniceria-y-charcuteria\/tazas-tarros-vasos\/verrines-es\/cucharas-tenedores\/\">Ver el resto de nuestra gama de mini cucharas \/ tenedores<\/a><\/p>\n","protected":false},"excerpt":{"rendered":"<p>Hoja de Verrine Descripci\u00f3n de nuestro vaso de hojas biodegradable 9 x 6 cm por 50<\/p>\n","protected":false},"featured_media":239980,"template":"","meta":{"_acf_changed":false},"product_brand":[],"product_cat":[1150,1143,1324,1326,1329,1163,7034],"product_tag":[],"class_list":{"0":"post-17475","1":"product","2":"type-product","3":"status-publish","4":"has-post-thumbnail","6":"product_cat-envasado-de-alimentos","7":"product_cat-carniceria-y-charcuteria","8":"product_cat-tazas-tarros-vasos","9":"product_cat-verrines-es","10":"product_cat-verrines-es-2","11":"product_cat-gama-ecologica","12":"product_cat-tazas-verrines-ecologicos-es","14":"first","15":"instock","16":"taxable","17":"shipping-taxable","18":"purchasable","19":"product-type-simple"},"acf":[],"yoast_head":"<!-- This site is optimized with the Yoast SEO Premium plugin v26.6 (Yoast SEO v26.6) - https:\/\/yoast.com\/wordpress\/plugins\/seo\/ -->\n<title>Verrine Hoja biodegradable 9 x 6 cm por 50<\/title>\n<meta name=\"description\" content=\"Vaso de hoja biodegradable 9 x 6 cm - paquete de 50. Elegantes, naturales y compostables: perfectos para sus buffets y aperitivos ecol\u00f3gicos.\" \/>\n<meta name=\"robots\" content=\"index, follow, max-snippet:-1, max-image-preview:large, max-video-preview:-1\" \/>\n<link rel=\"canonical\" href=\"https:\/\/www.csj-emballages.com\/es\/produit\/50-verrines-biodegradables-en-hojas-de-9-x-6-cm\/\" \/>\n<meta property=\"og:locale\" content=\"es_ES\" \/>\n<meta property=\"og:type\" content=\"article\" \/>\n<meta property=\"og:title\" content=\"Tarro de cristal biodegradable 9 x 6 cm por 50\" \/>\n<meta property=\"og:description\" content=\"Vaso de hoja biodegradable 9 x 6 cm - paquete de 50. Elegantes, naturales y compostables: perfectos para sus buffets y aperitivos ecol\u00f3gicos.\" \/>\n<meta property=\"og:url\" content=\"https:\/\/www.csj-emballages.com\/es\/produit\/50-verrines-biodegradables-en-hojas-de-9-x-6-cm\/\" \/>\n<meta property=\"og:site_name\" content=\"CSJ Emballages\" \/>\n<meta property=\"article:publisher\" content=\"https:\/\/www.facebook.com\/csjemballages\" \/>\n<meta property=\"article:modified_time\" content=\"2026-04-17T00:17:26+00:00\" \/>\n<meta property=\"og:image\" content=\"https:\/\/www.csj-emballages.com\/wp-content\/uploads\/2024\/03\/VERFEUIBIO.webp\" \/>\n\t<meta property=\"og:image:width\" content=\"799\" \/>\n\t<meta property=\"og:image:height\" content=\"800\" \/>\n\t<meta property=\"og:image:type\" content=\"image\/webp\" \/>\n<meta name=\"twitter:card\" content=\"summary_large_image\" \/>\n<meta name=\"twitter:label1\" content=\"Tiempo de lectura\" \/>\n\t<meta name=\"twitter:data1\" content=\"1 minuto\" \/>\n<script type=\"application\/ld+json\" class=\"yoast-schema-graph\">{\"@context\":\"https:\/\/schema.org\",\"@graph\":[{\"@type\":\"WebPage\",\"@id\":\"https:\/\/www.csj-emballages.com\/es\/produit\/50-verrines-biodegradables-en-hojas-de-9-x-6-cm\/\",\"url\":\"https:\/\/www.csj-emballages.com\/es\/produit\/50-verrines-biodegradables-en-hojas-de-9-x-6-cm\/\",\"name\":\"Verrine Hoja biodegradable 9 x 6 cm por 50\",\"isPartOf\":{\"@id\":\"https:\/\/www.csj-emballages.com\/es\/#website\"},\"primaryImageOfPage\":{\"@id\":\"https:\/\/www.csj-emballages.com\/es\/produit\/50-verrines-biodegradables-en-hojas-de-9-x-6-cm\/#primaryimage\"},\"image\":{\"@id\":\"https:\/\/www.csj-emballages.com\/es\/produit\/50-verrines-biodegradables-en-hojas-de-9-x-6-cm\/#primaryimage\"},\"thumbnailUrl\":\"https:\/\/www.csj-emballages.com\/wp-content\/uploads\/2024\/03\/VERFEUIBIO.webp\",\"datePublished\":\"2024-03-01T15:47:20+00:00\",\"dateModified\":\"2026-04-17T00:17:26+00:00\",\"description\":\"Vaso de hoja biodegradable 9 x 6 cm - paquete de 50. Elegantes, naturales y compostables: perfectos para sus buffets y aperitivos ecol\u00f3gicos.\",\"breadcrumb\":{\"@id\":\"https:\/\/www.csj-emballages.com\/es\/produit\/50-verrines-biodegradables-en-hojas-de-9-x-6-cm\/#breadcrumb\"},\"inLanguage\":\"es\",\"potentialAction\":[{\"@type\":\"ReadAction\",\"target\":[\"https:\/\/www.csj-emballages.com\/es\/produit\/50-verrines-biodegradables-en-hojas-de-9-x-6-cm\/\"]}]},{\"@type\":\"ImageObject\",\"inLanguage\":\"es\",\"@id\":\"https:\/\/www.csj-emballages.com\/es\/produit\/50-verrines-biodegradables-en-hojas-de-9-x-6-cm\/#primaryimage\",\"url\":\"https:\/\/www.csj-emballages.com\/wp-content\/uploads\/2024\/03\/VERFEUIBIO.webp\",\"contentUrl\":\"https:\/\/www.csj-emballages.com\/wp-content\/uploads\/2024\/03\/VERFEUIBIO.webp\",\"width\":799,\"height\":800,\"caption\":\"Verrine feuille\"},{\"@type\":\"BreadcrumbList\",\"@id\":\"https:\/\/www.csj-emballages.com\/es\/produit\/50-verrines-biodegradables-en-hojas-de-9-x-6-cm\/#breadcrumb\",\"itemListElement\":[{\"@type\":\"ListItem\",\"position\":1,\"name\":\"Accueil\",\"item\":\"https:\/\/www.csj-emballages.com\/es\/universo-del-envasado-alimentario\/\"},{\"@type\":\"ListItem\",\"position\":2,\"name\":\"Tienda\",\"item\":\"https:\/\/www.csj-emballages.com\/tienda\/\"},{\"@type\":\"ListItem\",\"position\":3,\"name\":\"Tarro de cristal biodegradable 9 x 6 cm por 50\"}]},{\"@type\":\"WebSite\",\"@id\":\"https:\/\/www.csj-emballages.com\/es\/#website\",\"url\":\"https:\/\/www.csj-emballages.com\/es\/\",\"name\":\"CSJ Emballages\",\"description\":\"\",\"publisher\":{\"@id\":\"https:\/\/www.csj-emballages.com\/es\/#organization\"},\"potentialAction\":[{\"@type\":\"SearchAction\",\"target\":{\"@type\":\"EntryPoint\",\"urlTemplate\":\"https:\/\/www.csj-emballages.com\/es\/?s={search_term_string}\"},\"query-input\":{\"@type\":\"PropertyValueSpecification\",\"valueRequired\":true,\"valueName\":\"search_term_string\"}}],\"inLanguage\":\"es\"},{\"@type\":\"Organization\",\"@id\":\"https:\/\/www.csj-emballages.com\/es\/#Organization\/\",\"name\":\"CSJ Emballages\",\"url\":\"https:\/\/www.csj-emballages.com\/es\/\",\"logo\":{\"@type\":\"ImageObject\",\"inLanguage\":\"es\",\"@id\":\"https:\/\/www.csj-emballages.com\/es\/#\/schema\/logo\/image\/\",\"url\":\"https:\/\/www.csj-emballages.com\/wp-content\/uploads\/2023\/10\/logo_csj.webp\",\"contentUrl\":\"https:\/\/www.csj-emballages.com\/wp-content\/uploads\/2023\/10\/logo_csj.webp\",\"width\":250,\"height\":95,\"caption\":\"CSJ Emballages\"},\"image\":{\"@id\":\"https:\/\/www.csj-emballages.com\/es\/#\/schema\/logo\/image\/\"},\"sameAs\":[\"https:\/\/www.facebook.com\/csjemballages\"],\"address\":{\"@type\":\"PostalAddress\",\"streetAddress\":\"ZI La Lechere\",\"addressLocality\":\"Patornay\",\"postalCode\":\"39130\",\"addressCountry\":\"FR\"},\"contactPoint\":[{\"@type\":\"ContactPoint\",\"contactType\":\"Service client\",\"telephone\":\"0384254272\",\"email\":\"contact@csj-emballages.com\"}]}]}<\/script>\n<!-- \/ Yoast SEO Premium plugin. -->","yoast_head_json":{"title":"Verrine Hoja biodegradable 9 x 6 cm por 50","description":"Vaso de hoja biodegradable 9 x 6 cm - paquete de 50. Elegantes, naturales y compostables: perfectos para sus buffets y aperitivos ecol\u00f3gicos.","robots":{"index":"index","follow":"follow","max-snippet":"max-snippet:-1","max-image-preview":"max-image-preview:large","max-video-preview":"max-video-preview:-1"},"canonical":"https:\/\/www.csj-emballages.com\/es\/produit\/50-verrines-biodegradables-en-hojas-de-9-x-6-cm\/","og_locale":"es_ES","og_type":"article","og_title":"Tarro de cristal biodegradable 9 x 6 cm por 50","og_description":"Vaso de hoja biodegradable 9 x 6 cm - paquete de 50. Elegantes, naturales y compostables: perfectos para sus buffets y aperitivos ecol\u00f3gicos.","og_url":"https:\/\/www.csj-emballages.com\/es\/produit\/50-verrines-biodegradables-en-hojas-de-9-x-6-cm\/","og_site_name":"CSJ Emballages","article_publisher":"https:\/\/www.facebook.com\/csjemballages","article_modified_time":"2026-04-17T00:17:26+00:00","og_image":[{"width":799,"height":800,"url":"https:\/\/www.csj-emballages.com\/wp-content\/uploads\/2024\/03\/VERFEUIBIO.webp","type":"image\/webp"}],"twitter_card":"summary_large_image","twitter_misc":{"Tiempo de lectura":"1 minuto"},"schema":{"@context":"https:\/\/schema.org","@graph":[{"@type":"WebPage","@id":"https:\/\/www.csj-emballages.com\/es\/produit\/50-verrines-biodegradables-en-hojas-de-9-x-6-cm\/","url":"https:\/\/www.csj-emballages.com\/es\/produit\/50-verrines-biodegradables-en-hojas-de-9-x-6-cm\/","name":"Verrine Hoja biodegradable 9 x 6 cm por 50","isPartOf":{"@id":"https:\/\/www.csj-emballages.com\/es\/#website"},"primaryImageOfPage":{"@id":"https:\/\/www.csj-emballages.com\/es\/produit\/50-verrines-biodegradables-en-hojas-de-9-x-6-cm\/#primaryimage"},"image":{"@id":"https:\/\/www.csj-emballages.com\/es\/produit\/50-verrines-biodegradables-en-hojas-de-9-x-6-cm\/#primaryimage"},"thumbnailUrl":"https:\/\/www.csj-emballages.com\/wp-content\/uploads\/2024\/03\/VERFEUIBIO.webp","datePublished":"2024-03-01T15:47:20+00:00","dateModified":"2026-04-17T00:17:26+00:00","description":"Vaso de hoja biodegradable 9 x 6 cm - paquete de 50. Elegantes, naturales y compostables: perfectos para sus buffets y aperitivos ecol\u00f3gicos.","breadcrumb":{"@id":"https:\/\/www.csj-emballages.com\/es\/produit\/50-verrines-biodegradables-en-hojas-de-9-x-6-cm\/#breadcrumb"},"inLanguage":"es","potentialAction":[{"@type":"ReadAction","target":["https:\/\/www.csj-emballages.com\/es\/produit\/50-verrines-biodegradables-en-hojas-de-9-x-6-cm\/"]}]},{"@type":"ImageObject","inLanguage":"es","@id":"https:\/\/www.csj-emballages.com\/es\/produit\/50-verrines-biodegradables-en-hojas-de-9-x-6-cm\/#primaryimage","url":"https:\/\/www.csj-emballages.com\/wp-content\/uploads\/2024\/03\/VERFEUIBIO.webp","contentUrl":"https:\/\/www.csj-emballages.com\/wp-content\/uploads\/2024\/03\/VERFEUIBIO.webp","width":799,"height":800,"caption":"Verrine feuille"},{"@type":"BreadcrumbList","@id":"https:\/\/www.csj-emballages.com\/es\/produit\/50-verrines-biodegradables-en-hojas-de-9-x-6-cm\/#breadcrumb","itemListElement":[{"@type":"ListItem","position":1,"name":"Accueil","item":"https:\/\/www.csj-emballages.com\/es\/universo-del-envasado-alimentario\/"},{"@type":"ListItem","position":2,"name":"Tienda","item":"https:\/\/www.csj-emballages.com\/tienda\/"},{"@type":"ListItem","position":3,"name":"Tarro de cristal biodegradable 9 x 6 cm por 50"}]},{"@type":"WebSite","@id":"https:\/\/www.csj-emballages.com\/es\/#website","url":"https:\/\/www.csj-emballages.com\/es\/","name":"CSJ Emballages","description":"","publisher":{"@id":"https:\/\/www.csj-emballages.com\/es\/#organization"},"potentialAction":[{"@type":"SearchAction","target":{"@type":"EntryPoint","urlTemplate":"https:\/\/www.csj-emballages.com\/es\/?s={search_term_string}"},"query-input":{"@type":"PropertyValueSpecification","valueRequired":true,"valueName":"search_term_string"}}],"inLanguage":"es"},{"@type":"Organization","@id":"https:\/\/www.csj-emballages.com\/es\/#Organization\/","name":"CSJ Emballages","url":"https:\/\/www.csj-emballages.com\/es\/","logo":{"@type":"ImageObject","inLanguage":"es","@id":"https:\/\/www.csj-emballages.com\/es\/#\/schema\/logo\/image\/","url":"https:\/\/www.csj-emballages.com\/wp-content\/uploads\/2023\/10\/logo_csj.webp","contentUrl":"https:\/\/www.csj-emballages.com\/wp-content\/uploads\/2023\/10\/logo_csj.webp","width":250,"height":95,"caption":"CSJ Emballages"},"image":{"@id":"https:\/\/www.csj-emballages.com\/es\/#\/schema\/logo\/image\/"},"sameAs":["https:\/\/www.facebook.com\/csjemballages"],"address":{"@type":"PostalAddress","streetAddress":"ZI La Lechere","addressLocality":"Patornay","postalCode":"39130","addressCountry":"FR"},"contactPoint":[{"@type":"ContactPoint","contactType":"Service client","telephone":"0384254272","email":"contact@csj-emballages.com"}]}]}},"df_price":4.04,"df_sale_price":"","df_regular_price":4.04,"df_image_link":"https:\/\/www.csj-emballages.com\/wp-content\/uploads\/2024\/03\/VERFEUIBIO-300x300.webp","tiered_pricing_type":"fixed","tiered_pricing_fixed_rules":[],"tiered_pricing_percentage_rules":[],"tiered_pricing_minimum":1,"tiered_pricing_roles_data":[],"_links":{"self":[{"href":"https:\/\/www.csj-emballages.com\/es\/wp-json\/wp\/v2\/product\/17475","targetHints":{"allow":["GET"]}}],"collection":[{"href":"https:\/\/www.csj-emballages.com\/es\/wp-json\/wp\/v2\/product"}],"about":[{"href":"https:\/\/www.csj-emballages.com\/es\/wp-json\/wp\/v2\/types\/product"}],"wp:featuredmedia":[{"embeddable":true,"href":"https:\/\/www.csj-emballages.com\/es\/wp-json\/wp\/v2\/media\/239980"}],"wp:attachment":[{"href":"https:\/\/www.csj-emballages.com\/es\/wp-json\/wp\/v2\/media?parent=17475"}],"wp:term":[{"taxonomy":"product_brand","embeddable":true,"href":"https:\/\/www.csj-emballages.com\/es\/wp-json\/wp\/v2\/product_brand?post=17475"},{"taxonomy":"product_cat","embeddable":true,"href":"https:\/\/www.csj-emballages.com\/es\/wp-json\/wp\/v2\/product_cat?post=17475"},{"taxonomy":"product_tag","embeddable":true,"href":"https:\/\/www.csj-emballages.com\/es\/wp-json\/wp\/v2\/product_tag?post=17475"}],"curies":[{"name":"wp","href":"https:\/\/api.w.org\/{rel}","templated":true}]}}