{"id":17467,"date":"2024-03-01T16:47:21","date_gmt":"2024-03-01T15:47:21","guid":{"rendered":"https:\/\/u15jnbdpoq.preview.infomaniak.website\/produit\/50-cucharas-chinas-biodegradables\/"},"modified":"2026-05-17T10:01:17","modified_gmt":"2026-05-17T08:01:17","slug":"50-cucharas-chinas-biodegradables","status":"publish","type":"product","link":"https:\/\/www.csj-emballages.com\/es\/produit\/50-cucharas-chinas-biodegradables\/","title":{"rendered":"Cuchara \u00abchina\u00bb biodegradable Mise en bouche, paquete de 50"},"content":{"rendered":"<h2 id=\"prod-h1\" class=\"prod-details__name prod__name\">Cuchara de aperitivo<\/h2>\n<div style=\"font-family: Roboto, sans-serif;\">\n<div style=\"font-family: Roboto, sans-serif;\">\n<div style=\"font-family: Roboto, sans-serif;\">\n<div style=\"font-family: Roboto, sans-serif;\">\n<div style=\"font-family: Roboto, sans-serif;\">\n<div style=\"font-family: Roboto, sans-serif;\">\n<hr>\n<h3>Descripci\u00f3n de nuestra cuchara \u00abchina\u00bb, biodegradable, paquete de 50<\/h3>\n<p><!--more--><\/p>\n<\/div>\n<\/div>\n<\/div>\n<\/div>\n<\/div>\n<\/div>\n<p data-start=\"322\" data-end=\"604\">\u00bfBusca una forma elegante y responsable de presentar sus buffets, c\u00f3cteles o recepciones? Entonces estas <strong>cucharas \u00abchinas\u00bb biodegradables<\/strong> son para usted. Dise\u00f1adas para realzar sus <strong>aperitivos<\/strong>, combinan la est\u00e9tica moderna con la practicidad y el respeto por el medio ambiente.  <\/p>\n<p data-start=\"606\" data-end=\"935\">Inspiradas en las famosas <strong>cucharas asi\u00e1ticas<\/strong>, su forma hueca es ideal para preparaciones creativas: mini tartares, mousses, verrines dulces o salados, bocados gourmet&#8230; Su dise\u00f1o ergon\u00f3mico facilita su sujeci\u00f3n, ya sea en bandeja o servidas directamente en el plato.<\/p>\n<p data-start=\"937\" data-end=\"1278\">Fabricadas con <strong>materiales naturales biodegradables<\/strong> (pulpa vegetal), responden a las expectativas actuales en materia de ecorresponsabilidad, sin renunciar a la calidad. Estas resistentes <strong>cucharas chinas para aperitivos<\/strong> se adaptan perfectamente a la mano y pueden manipular alimentos calientes o fr\u00edos sin reblandecerse ni deformarse. <\/p>\n<p data-start=\"1280\" data-end=\"1592\">Tanto si es usted <strong data-start=\"1295\" data-end=\"1307\">hostelero<\/strong>, <strong data-start=\"1309\" data-end=\"1330\">cocinero<\/strong> o simplemente <strong data-start=\"1346\" data-end=\"1371\">un particular apasionado<\/strong> de las bellas presentaciones, estas cucharas le ayudar\u00e1n a cuidar hasta el m\u00e1s m\u00ednimo detalle, limitando al mismo tiempo su impacto medioambiental. Un art\u00edculo imprescindible para las recepciones de hoy en d\u00eda, donde <strong data-start=\"1549\" data-end=\"1591\">la est\u00e9tica y la \u00e9tica van de la mano<\/strong>. <\/p>\n<p data-start=\"1280\" data-end=\"1592\">\n<p><!--more--><\/p>\n<div style=\"font-family: Roboto, sans-serif;\">\n<div style=\"font-family: Roboto, sans-serif;\">\n<div style=\"font-family: Roboto, sans-serif;\">\n<div style=\"font-family: Roboto, sans-serif;\">\n<div style=\"font-family: Roboto, sans-serif;\">\n<div style=\"font-family: Roboto, sans-serif;\">\n<p><strong>Ventajas :<\/strong><\/p>\n<ul>\n<li>Presentaci\u00f3n elegante y moderna de sus entrantes.<\/li>\n<li>Cuchara hueca y estable, perfecta para raciones refinadas.<\/li>\n<li><strong>Material biodegradable<\/strong>: respeto por el medio ambiente.<\/li>\n<li>Soporta alimentos fr\u00edos y calientes.<\/li>\n<li>Paquete de 50, listos para usar en sus eventos.<\/li>\n<\/ul>\n<\/div>\n<div style=\"font-family: Roboto, sans-serif;\">\n<p>&nbsp;<\/p>\n<\/div>\n<\/div>\n<\/div>\n<\/div>\n<\/div>\n<\/div>\n<p><!--more--><\/p>\n<h4>Informaci\u00f3n adicional :<\/h4>\n<ul>\n<li><strong>Envase<\/strong>: Paquete de 50<\/li>\n<li><strong>Longitud total<\/strong>: 115 mm<\/li>\n<li><strong>Tama\u00f1o de la cuchara<\/strong>: 38 mm x 60 mm<\/li>\n<li><strong>Material<\/strong>: Bagazo<\/li>\n<li><strong>Color<\/strong>: blanco<\/li>\n<\/ul>\n<p>&nbsp;<\/p>\n<p><!--more--><\/p>\n<p>Este aperitivo de cuchara china est\u00e1 disponible en pl\u00e1stico de varios colores:<span style=\"color: #d12727;\"> <span style=\"color: #d12727;\"><a style=\"color: #d12727;\" href=\"https:\/\/www.csj-emballages.com\/es\/produit\/25-cucharas-chinas-de-plastico-negro\/\">Negro<\/a><\/span> <span style=\"color: #000000;\">\/<\/span> <span style=\"color: #d12727;\"><a style=\"color: #d12727;\" href=\"https:\/\/www.csj-emballages.com\/es\/produit\/25-cucharas-chinas-de-plastico-cristal\/\">Cristal<\/a><\/span><\/span><\/p>\n<p>&nbsp;<\/p>\n<p><!--more--><\/p>\n<p>Haga clic aqu\u00ed para ver nuestra gama de verrines biodegradables: <span style=\"color: #d12727;\"><a style=\"color: #d12727;\" href=\"https:\/\/www.csj-emballages.com\/es\/produit\/50-verrines-cuadrados-biodegradables-de-70-mm\/\">Verrine cuadrado<\/a><\/span> \/ <span style=\"color: #d12727;\"><a style=\"color: #d12727;\" href=\"https:\/\/www.csj-emballages.com\/es\/produit\/50-verrines-biodegradables-en-hojas-de-9-x-6-cm\/\">Verrine feuille<\/a><\/span><\/p>\n<p>&nbsp;<\/p>\n<p><!--more--><\/p>\n<p><a href=\"https:\/\/www.csj-emballages.com\/es\/categorie-produit\/envasado-de-alimentos\/carniceria-y-charcuteria\/tazas-tarros-vasos\/verrines-es\/cucharas-tenedores\/\">Ver el resto de nuestra gama de mini cucharas \/ tenedores<\/a><\/p>\n","protected":false},"excerpt":{"rendered":"<p>Cuchara de aperitivo Descripci\u00f3n de nuestra cuchara \u00abchina\u00bb, biodegradable, paquete de 50<\/p>\n","protected":false},"featured_media":239972,"template":"","meta":{"_acf_changed":false},"product_brand":[],"product_cat":[1150,1143,1324,1326,1468,1163,7034],"product_tag":[],"class_list":{"0":"post-17467","1":"product","2":"type-product","3":"status-publish","4":"has-post-thumbnail","6":"product_cat-envasado-de-alimentos","7":"product_cat-carniceria-y-charcuteria","8":"product_cat-tazas-tarros-vasos","9":"product_cat-verrines-es","10":"product_cat-cucharas-para-hacer-la-boca-agua","11":"product_cat-gama-ecologica","12":"product_cat-tazas-verrines-ecologicos-es","14":"first","15":"instock","16":"taxable","17":"shipping-taxable","18":"purchasable","19":"product-type-simple"},"acf":[],"yoast_head":"<!-- This site is optimized with the Yoast SEO Premium plugin v26.6 (Yoast SEO v26.6) - https:\/\/yoast.com\/wordpress\/plugins\/seo\/ -->\n<title>Cuchara &quot;china&quot; Mise en Bouche, biodegradable, paquete de 50<\/title>\n<meta name=\"description\" content=\"Cuchara Mise en bouche &quot;Chinoise&quot;, paquete de 50 biodegradables. Elegante y estable, ideal para buffets y c\u00f3cteles. Una alternativa eco-responsable al pl\u00e1stico.\" \/>\n<meta name=\"robots\" content=\"index, follow, max-snippet:-1, max-image-preview:large, max-video-preview:-1\" \/>\n<link rel=\"canonical\" href=\"https:\/\/www.csj-emballages.com\/es\/produit\/50-cucharas-chinas-biodegradables\/\" \/>\n<meta property=\"og:locale\" content=\"es_ES\" \/>\n<meta property=\"og:type\" content=\"article\" \/>\n<meta property=\"og:title\" content=\"Cuchara &quot;china&quot; biodegradable Mise en bouche, paquete de 50\" \/>\n<meta property=\"og:description\" content=\"Cuchara Mise en bouche &quot;Chinoise&quot;, paquete de 50 biodegradables. Elegante y estable, ideal para buffets y c\u00f3cteles. Una alternativa eco-responsable al pl\u00e1stico.\" \/>\n<meta property=\"og:url\" content=\"https:\/\/www.csj-emballages.com\/es\/produit\/50-cucharas-chinas-biodegradables\/\" \/>\n<meta property=\"og:site_name\" content=\"CSJ Emballages\" \/>\n<meta property=\"article:publisher\" content=\"https:\/\/www.facebook.com\/csjemballages\" \/>\n<meta property=\"article:modified_time\" content=\"2026-05-17T08:01:17+00:00\" \/>\n<meta property=\"og:image\" content=\"https:\/\/www.csj-emballages.com\/wp-content\/uploads\/2024\/03\/VERCUIBIO-2.webp\" \/>\n\t<meta property=\"og:image:width\" content=\"800\" \/>\n\t<meta property=\"og:image:height\" content=\"800\" \/>\n\t<meta property=\"og:image:type\" content=\"image\/webp\" \/>\n<meta name=\"twitter:card\" content=\"summary_large_image\" \/>\n<meta name=\"twitter:label1\" content=\"Tiempo de lectura\" \/>\n\t<meta name=\"twitter:data1\" content=\"2 minutos\" \/>\n<script type=\"application\/ld+json\" class=\"yoast-schema-graph\">{\"@context\":\"https:\/\/schema.org\",\"@graph\":[{\"@type\":\"WebPage\",\"@id\":\"https:\/\/www.csj-emballages.com\/es\/produit\/50-cucharas-chinas-biodegradables\/\",\"url\":\"https:\/\/www.csj-emballages.com\/es\/produit\/50-cucharas-chinas-biodegradables\/\",\"name\":\"Cuchara \\\"china\\\" Mise en Bouche, biodegradable, paquete de 50\",\"isPartOf\":{\"@id\":\"https:\/\/www.csj-emballages.com\/es\/#website\"},\"primaryImageOfPage\":{\"@id\":\"https:\/\/www.csj-emballages.com\/es\/produit\/50-cucharas-chinas-biodegradables\/#primaryimage\"},\"image\":{\"@id\":\"https:\/\/www.csj-emballages.com\/es\/produit\/50-cucharas-chinas-biodegradables\/#primaryimage\"},\"thumbnailUrl\":\"https:\/\/www.csj-emballages.com\/wp-content\/uploads\/2024\/03\/VERCUIBIO-2.webp\",\"datePublished\":\"2024-03-01T15:47:21+00:00\",\"dateModified\":\"2026-05-17T08:01:17+00:00\",\"description\":\"Cuchara Mise en bouche \\\"Chinoise\\\", paquete de 50 biodegradables. Elegante y estable, ideal para buffets y c\u00f3cteles. Una alternativa eco-responsable al pl\u00e1stico.\",\"breadcrumb\":{\"@id\":\"https:\/\/www.csj-emballages.com\/es\/produit\/50-cucharas-chinas-biodegradables\/#breadcrumb\"},\"inLanguage\":\"es\",\"potentialAction\":[{\"@type\":\"ReadAction\",\"target\":[\"https:\/\/www.csj-emballages.com\/es\/produit\/50-cucharas-chinas-biodegradables\/\"]}]},{\"@type\":\"ImageObject\",\"inLanguage\":\"es\",\"@id\":\"https:\/\/www.csj-emballages.com\/es\/produit\/50-cucharas-chinas-biodegradables\/#primaryimage\",\"url\":\"https:\/\/www.csj-emballages.com\/wp-content\/uploads\/2024\/03\/VERCUIBIO-2.webp\",\"contentUrl\":\"https:\/\/www.csj-emballages.com\/wp-content\/uploads\/2024\/03\/VERCUIBIO-2.webp\",\"width\":800,\"height\":800,\"caption\":\"Mise en bouche cuill\u00e8re\"},{\"@type\":\"BreadcrumbList\",\"@id\":\"https:\/\/www.csj-emballages.com\/es\/produit\/50-cucharas-chinas-biodegradables\/#breadcrumb\",\"itemListElement\":[{\"@type\":\"ListItem\",\"position\":1,\"name\":\"Accueil\",\"item\":\"https:\/\/www.csj-emballages.com\/es\/universo-del-envasado-alimentario\/\"},{\"@type\":\"ListItem\",\"position\":2,\"name\":\"Tienda\",\"item\":\"https:\/\/www.csj-emballages.com\/tienda\/\"},{\"@type\":\"ListItem\",\"position\":3,\"name\":\"Cuchara \u00ab\u00a0china\u00a0\u00bb biodegradable Mise en bouche, paquete de 50\"}]},{\"@type\":\"WebSite\",\"@id\":\"https:\/\/www.csj-emballages.com\/es\/#website\",\"url\":\"https:\/\/www.csj-emballages.com\/es\/\",\"name\":\"CSJ Emballages\",\"description\":\"\",\"publisher\":{\"@id\":\"https:\/\/www.csj-emballages.com\/es\/#organization\"},\"potentialAction\":[{\"@type\":\"SearchAction\",\"target\":{\"@type\":\"EntryPoint\",\"urlTemplate\":\"https:\/\/www.csj-emballages.com\/es\/?s={search_term_string}\"},\"query-input\":{\"@type\":\"PropertyValueSpecification\",\"valueRequired\":true,\"valueName\":\"search_term_string\"}}],\"inLanguage\":\"es\"},{\"@type\":\"Organization\",\"@id\":\"https:\/\/www.csj-emballages.com\/es\/#Organization\/\",\"name\":\"CSJ Emballages\",\"url\":\"https:\/\/www.csj-emballages.com\/es\/\",\"logo\":{\"@type\":\"ImageObject\",\"inLanguage\":\"es\",\"@id\":\"https:\/\/www.csj-emballages.com\/es\/#\/schema\/logo\/image\/\",\"url\":\"https:\/\/www.csj-emballages.com\/wp-content\/uploads\/2023\/10\/logo_csj.webp\",\"contentUrl\":\"https:\/\/www.csj-emballages.com\/wp-content\/uploads\/2023\/10\/logo_csj.webp\",\"width\":250,\"height\":95,\"caption\":\"CSJ Emballages\"},\"image\":{\"@id\":\"https:\/\/www.csj-emballages.com\/es\/#\/schema\/logo\/image\/\"},\"sameAs\":[\"https:\/\/www.facebook.com\/csjemballages\"],\"address\":{\"@type\":\"PostalAddress\",\"streetAddress\":\"ZI La Lechere\",\"addressLocality\":\"Patornay\",\"postalCode\":\"39130\",\"addressCountry\":\"FR\"},\"contactPoint\":[{\"@type\":\"ContactPoint\",\"contactType\":\"Service client\",\"telephone\":\"0384254272\",\"email\":\"contact@csj-emballages.com\"}]}]}<\/script>\n<!-- \/ Yoast SEO Premium plugin. -->","yoast_head_json":{"title":"Cuchara \"china\" Mise en Bouche, biodegradable, paquete de 50","description":"Cuchara Mise en bouche \"Chinoise\", paquete de 50 biodegradables. Elegante y estable, ideal para buffets y c\u00f3cteles. Una alternativa eco-responsable al pl\u00e1stico.","robots":{"index":"index","follow":"follow","max-snippet":"max-snippet:-1","max-image-preview":"max-image-preview:large","max-video-preview":"max-video-preview:-1"},"canonical":"https:\/\/www.csj-emballages.com\/es\/produit\/50-cucharas-chinas-biodegradables\/","og_locale":"es_ES","og_type":"article","og_title":"Cuchara \"china\" biodegradable Mise en bouche, paquete de 50","og_description":"Cuchara Mise en bouche \"Chinoise\", paquete de 50 biodegradables. Elegante y estable, ideal para buffets y c\u00f3cteles. Una alternativa eco-responsable al pl\u00e1stico.","og_url":"https:\/\/www.csj-emballages.com\/es\/produit\/50-cucharas-chinas-biodegradables\/","og_site_name":"CSJ Emballages","article_publisher":"https:\/\/www.facebook.com\/csjemballages","article_modified_time":"2026-05-17T08:01:17+00:00","og_image":[{"width":800,"height":800,"url":"https:\/\/www.csj-emballages.com\/wp-content\/uploads\/2024\/03\/VERCUIBIO-2.webp","type":"image\/webp"}],"twitter_card":"summary_large_image","twitter_misc":{"Tiempo de lectura":"2 minutos"},"schema":{"@context":"https:\/\/schema.org","@graph":[{"@type":"WebPage","@id":"https:\/\/www.csj-emballages.com\/es\/produit\/50-cucharas-chinas-biodegradables\/","url":"https:\/\/www.csj-emballages.com\/es\/produit\/50-cucharas-chinas-biodegradables\/","name":"Cuchara \"china\" Mise en Bouche, biodegradable, paquete de 50","isPartOf":{"@id":"https:\/\/www.csj-emballages.com\/es\/#website"},"primaryImageOfPage":{"@id":"https:\/\/www.csj-emballages.com\/es\/produit\/50-cucharas-chinas-biodegradables\/#primaryimage"},"image":{"@id":"https:\/\/www.csj-emballages.com\/es\/produit\/50-cucharas-chinas-biodegradables\/#primaryimage"},"thumbnailUrl":"https:\/\/www.csj-emballages.com\/wp-content\/uploads\/2024\/03\/VERCUIBIO-2.webp","datePublished":"2024-03-01T15:47:21+00:00","dateModified":"2026-05-17T08:01:17+00:00","description":"Cuchara Mise en bouche \"Chinoise\", paquete de 50 biodegradables. Elegante y estable, ideal para buffets y c\u00f3cteles. Una alternativa eco-responsable al pl\u00e1stico.","breadcrumb":{"@id":"https:\/\/www.csj-emballages.com\/es\/produit\/50-cucharas-chinas-biodegradables\/#breadcrumb"},"inLanguage":"es","potentialAction":[{"@type":"ReadAction","target":["https:\/\/www.csj-emballages.com\/es\/produit\/50-cucharas-chinas-biodegradables\/"]}]},{"@type":"ImageObject","inLanguage":"es","@id":"https:\/\/www.csj-emballages.com\/es\/produit\/50-cucharas-chinas-biodegradables\/#primaryimage","url":"https:\/\/www.csj-emballages.com\/wp-content\/uploads\/2024\/03\/VERCUIBIO-2.webp","contentUrl":"https:\/\/www.csj-emballages.com\/wp-content\/uploads\/2024\/03\/VERCUIBIO-2.webp","width":800,"height":800,"caption":"Mise en bouche cuill\u00e8re"},{"@type":"BreadcrumbList","@id":"https:\/\/www.csj-emballages.com\/es\/produit\/50-cucharas-chinas-biodegradables\/#breadcrumb","itemListElement":[{"@type":"ListItem","position":1,"name":"Accueil","item":"https:\/\/www.csj-emballages.com\/es\/universo-del-envasado-alimentario\/"},{"@type":"ListItem","position":2,"name":"Tienda","item":"https:\/\/www.csj-emballages.com\/tienda\/"},{"@type":"ListItem","position":3,"name":"Cuchara \u00ab\u00a0china\u00a0\u00bb biodegradable Mise en bouche, paquete de 50"}]},{"@type":"WebSite","@id":"https:\/\/www.csj-emballages.com\/es\/#website","url":"https:\/\/www.csj-emballages.com\/es\/","name":"CSJ Emballages","description":"","publisher":{"@id":"https:\/\/www.csj-emballages.com\/es\/#organization"},"potentialAction":[{"@type":"SearchAction","target":{"@type":"EntryPoint","urlTemplate":"https:\/\/www.csj-emballages.com\/es\/?s={search_term_string}"},"query-input":{"@type":"PropertyValueSpecification","valueRequired":true,"valueName":"search_term_string"}}],"inLanguage":"es"},{"@type":"Organization","@id":"https:\/\/www.csj-emballages.com\/es\/#Organization\/","name":"CSJ Emballages","url":"https:\/\/www.csj-emballages.com\/es\/","logo":{"@type":"ImageObject","inLanguage":"es","@id":"https:\/\/www.csj-emballages.com\/es\/#\/schema\/logo\/image\/","url":"https:\/\/www.csj-emballages.com\/wp-content\/uploads\/2023\/10\/logo_csj.webp","contentUrl":"https:\/\/www.csj-emballages.com\/wp-content\/uploads\/2023\/10\/logo_csj.webp","width":250,"height":95,"caption":"CSJ Emballages"},"image":{"@id":"https:\/\/www.csj-emballages.com\/es\/#\/schema\/logo\/image\/"},"sameAs":["https:\/\/www.facebook.com\/csjemballages"],"address":{"@type":"PostalAddress","streetAddress":"ZI La Lechere","addressLocality":"Patornay","postalCode":"39130","addressCountry":"FR"},"contactPoint":[{"@type":"ContactPoint","contactType":"Service client","telephone":"0384254272","email":"contact@csj-emballages.com"}]}]}},"df_price":4.22,"df_sale_price":"","df_regular_price":4.22,"df_image_link":"https:\/\/www.csj-emballages.com\/wp-content\/uploads\/2024\/03\/VERCUIBIO-2-300x300.webp","tiered_pricing_type":"fixed","tiered_pricing_fixed_rules":[],"tiered_pricing_percentage_rules":[],"tiered_pricing_minimum":1,"tiered_pricing_roles_data":[],"_links":{"self":[{"href":"https:\/\/www.csj-emballages.com\/es\/wp-json\/wp\/v2\/product\/17467","targetHints":{"allow":["GET"]}}],"collection":[{"href":"https:\/\/www.csj-emballages.com\/es\/wp-json\/wp\/v2\/product"}],"about":[{"href":"https:\/\/www.csj-emballages.com\/es\/wp-json\/wp\/v2\/types\/product"}],"wp:featuredmedia":[{"embeddable":true,"href":"https:\/\/www.csj-emballages.com\/es\/wp-json\/wp\/v2\/media\/239972"}],"wp:attachment":[{"href":"https:\/\/www.csj-emballages.com\/es\/wp-json\/wp\/v2\/media?parent=17467"}],"wp:term":[{"taxonomy":"product_brand","embeddable":true,"href":"https:\/\/www.csj-emballages.com\/es\/wp-json\/wp\/v2\/product_brand?post=17467"},{"taxonomy":"product_cat","embeddable":true,"href":"https:\/\/www.csj-emballages.com\/es\/wp-json\/wp\/v2\/product_cat?post=17467"},{"taxonomy":"product_tag","embeddable":true,"href":"https:\/\/www.csj-emballages.com\/es\/wp-json\/wp\/v2\/product_tag?post=17467"}],"curies":[{"name":"wp","href":"https:\/\/api.w.org\/{rel}","templated":true}]}}