{"id":17448,"date":"2024-03-01T16:47:21","date_gmt":"2024-03-01T15:47:21","guid":{"rendered":"https:\/\/u15jnbdpoq.preview.infomaniak.website\/produit\/6-vasos-de-agua-de-plastico-desechables-20-cl\/"},"modified":"2026-04-09T02:21:01","modified_gmt":"2026-04-09T00:21:01","slug":"6-vasos-de-agua-de-plastico-desechables-20-cl","status":"publish","type":"product","link":"https:\/\/www.csj-emballages.com\/es\/produit\/6-vasos-de-agua-de-plastico-desechables-20-cl\/","title":{"rendered":"6 vasos de agua de pl\u00e1stico desechables 20 cl"},"content":{"rendered":"<h2><span>Vaso de agua de cristal de pl\u00e1stico desechable 200 ml<\/span><\/h2>\n<p><span>&nbsp;<\/span><\/p>\n<p><span>Descripci\u00f3n&nbsp;<\/span><\/p>\n<p><span>&nbsp;<\/span><\/p>\n<p><span>Descubre las copas de cristal de pl\u00e1stico desechables 20 cl<\/span><\/p>\n<p><span>&nbsp;<\/span><\/p>\n<p><span>Los vasos de agua de cristal de pl\u00e1stico desechables se utilizan principalmente para comidas, bodas, cumplea\u00f1os y otras ocasiones festivas&#8230;<\/span><\/p>\n<p><span>Estos vasos desechables festivos son ideales para poner agua.<\/span><\/p>\n<p><span>Este vaso tiene varias ventajas: su forma le da un aspecto muy atractivo, y es un vaso de una sola pieza, por lo que no hay riesgo de que se salga el tallo.<\/span><\/p>\n<p><span>&nbsp;<\/span><\/p>\n<p><span>Caracter\u00edsticas de los vasos de agua de pl\u00e1stico<\/span><\/p>\n<p><span>&nbsp;<\/span><\/p>\n<p><span>-Venta a particulares \/ profesionales<\/span><\/p>\n<p><span>-Volumen: 20 cl cisterna<\/span><\/p>\n<p><span>-Dimensiones: 72 x 145 (\u00d8 x H en mm)<\/span><\/p>\n<p><span>Envase : Bolsa de 6 vasos<\/span><\/p>\n<p><span>Envasado en una bolsa para protegerlo y guardarlo f\u00e1cilmente.<\/span><\/p>\n<p><span>&nbsp;<\/span><\/p>\n<p><span>Material: Poliestireno<\/span><\/p>\n<p><span>&nbsp;<\/span><\/p>\n<h2><span>Opta por vasos de agua de cristal de pl\u00e1stico desechables<\/span><\/h2>\n","protected":false},"excerpt":{"rendered":"<p>Vaso de agua de cristal de pl\u00e1stico desechable 200 ml &nbsp; Descripci\u00f3n&nbsp; &nbsp; Descubre las copas de cristal de pl\u00e1stico desechables 20 cl &nbsp; Los vasos de agua de cristal de pl\u00e1stico desechables se utilizan principalmente para comidas, bodas, cumplea\u00f1os y otras ocasiones festivas&#8230; Estos vasos desechables festivos son ideales para poner agua. Este vaso [&hellip;]<\/p>\n","protected":false},"featured_media":197821,"template":"","meta":{"_acf_changed":false},"product_brand":[],"product_cat":[1150,1462,1463],"product_tag":[],"class_list":{"0":"post-17448","1":"product","2":"type-product","3":"status-publish","4":"has-post-thumbnail","6":"product_cat-envasado-de-alimentos","7":"product_cat-tazas-vasos-cubos-botellas","8":"product_cat-vasos-y-tazas-irrompibles-y-reutilizables","10":"first","11":"instock","12":"taxable","13":"shipping-taxable","14":"purchasable","15":"product-type-simple"},"acf":[],"yoast_head":"<!-- This site is optimized with the Yoast SEO Premium plugin v26.6 (Yoast SEO v26.6) - https:\/\/yoast.com\/wordpress\/plugins\/seo\/ -->\n<title>6 Vasos de pl\u00e1stico desechables para agua 20 cl \/ csj-emballages.com<\/title>\n<meta name=\"description\" content=\"\u00a1Comprar Vasos de agua de pl\u00e1stico desechables de 200 ml! Tama\u00f1o: \u00a172 x 145 mm! Opta por un pack de 6 vasos festivos resistentes y de alta calidad a PRECIOS DESCUENTABLES.\" \/>\n<meta name=\"robots\" content=\"index, follow, max-snippet:-1, max-image-preview:large, max-video-preview:-1\" \/>\n<link rel=\"canonical\" href=\"https:\/\/www.csj-emballages.com\/es\/produit\/6-vasos-de-agua-de-plastico-desechables-20-cl\/\" \/>\n<meta property=\"og:locale\" content=\"es_ES\" \/>\n<meta property=\"og:type\" content=\"article\" \/>\n<meta property=\"og:title\" content=\"6 vasos de agua de pl\u00e1stico desechables 20 cl\" \/>\n<meta property=\"og:description\" content=\"\u00a1Comprar Vasos de agua de pl\u00e1stico desechables de 200 ml! Tama\u00f1o: \u00a172 x 145 mm! Opta por un pack de 6 vasos festivos resistentes y de alta calidad a PRECIOS DESCUENTABLES.\" \/>\n<meta property=\"og:url\" content=\"https:\/\/www.csj-emballages.com\/es\/produit\/6-vasos-de-agua-de-plastico-desechables-20-cl\/\" \/>\n<meta property=\"og:site_name\" content=\"CSJ Emballages\" \/>\n<meta property=\"article:publisher\" content=\"https:\/\/www.facebook.com\/csjemballages\" \/>\n<meta property=\"article:modified_time\" content=\"2026-04-09T00:21:01+00:00\" \/>\n<meta property=\"og:image\" content=\"https:\/\/www.csj-emballages.com\/wp-content\/uploads\/2024\/03\/verre-cristal-20cl.webp\" \/>\n\t<meta property=\"og:image:width\" content=\"800\" \/>\n\t<meta property=\"og:image:height\" content=\"800\" \/>\n\t<meta property=\"og:image:type\" content=\"image\/webp\" \/>\n<meta name=\"twitter:card\" content=\"summary_large_image\" \/>\n<meta name=\"twitter:label1\" content=\"Tiempo de lectura\" \/>\n\t<meta name=\"twitter:data1\" content=\"1 minuto\" \/>\n<script type=\"application\/ld+json\" class=\"yoast-schema-graph\">{\"@context\":\"https:\/\/schema.org\",\"@graph\":[{\"@type\":\"WebPage\",\"@id\":\"https:\/\/www.csj-emballages.com\/es\/produit\/6-vasos-de-agua-de-plastico-desechables-20-cl\/\",\"url\":\"https:\/\/www.csj-emballages.com\/es\/produit\/6-vasos-de-agua-de-plastico-desechables-20-cl\/\",\"name\":\"6 Vasos de pl\u00e1stico desechables para agua 20 cl \/ csj-emballages.com\",\"isPartOf\":{\"@id\":\"https:\/\/www.csj-emballages.com\/es\/#website\"},\"primaryImageOfPage\":{\"@id\":\"https:\/\/www.csj-emballages.com\/es\/produit\/6-vasos-de-agua-de-plastico-desechables-20-cl\/#primaryimage\"},\"image\":{\"@id\":\"https:\/\/www.csj-emballages.com\/es\/produit\/6-vasos-de-agua-de-plastico-desechables-20-cl\/#primaryimage\"},\"thumbnailUrl\":\"https:\/\/www.csj-emballages.com\/wp-content\/uploads\/2024\/03\/verre-cristal-20cl.webp\",\"datePublished\":\"2024-03-01T15:47:21+00:00\",\"dateModified\":\"2026-04-09T00:21:01+00:00\",\"description\":\"\u00a1Comprar Vasos de agua de pl\u00e1stico desechables de 200 ml! Tama\u00f1o: \u00a172 x 145 mm! Opta por un pack de 6 vasos festivos resistentes y de alta calidad a PRECIOS DESCUENTABLES.\",\"breadcrumb\":{\"@id\":\"https:\/\/www.csj-emballages.com\/es\/produit\/6-vasos-de-agua-de-plastico-desechables-20-cl\/#breadcrumb\"},\"inLanguage\":\"es\",\"potentialAction\":[{\"@type\":\"ReadAction\",\"target\":[\"https:\/\/www.csj-emballages.com\/es\/produit\/6-vasos-de-agua-de-plastico-desechables-20-cl\/\"]}]},{\"@type\":\"ImageObject\",\"inLanguage\":\"es\",\"@id\":\"https:\/\/www.csj-emballages.com\/es\/produit\/6-vasos-de-agua-de-plastico-desechables-20-cl\/#primaryimage\",\"url\":\"https:\/\/www.csj-emballages.com\/wp-content\/uploads\/2024\/03\/verre-cristal-20cl.webp\",\"contentUrl\":\"https:\/\/www.csj-emballages.com\/wp-content\/uploads\/2024\/03\/verre-cristal-20cl.webp\",\"width\":800,\"height\":800,\"caption\":\"Verre cristal\"},{\"@type\":\"BreadcrumbList\",\"@id\":\"https:\/\/www.csj-emballages.com\/es\/produit\/6-vasos-de-agua-de-plastico-desechables-20-cl\/#breadcrumb\",\"itemListElement\":[{\"@type\":\"ListItem\",\"position\":1,\"name\":\"Accueil\",\"item\":\"https:\/\/www.csj-emballages.com\/es\/universo-del-envasado-alimentario\/\"},{\"@type\":\"ListItem\",\"position\":2,\"name\":\"Tienda\",\"item\":\"https:\/\/www.csj-emballages.com\/tienda\/\"},{\"@type\":\"ListItem\",\"position\":3,\"name\":\"6 vasos de agua de pl\u00e1stico desechables 20 cl\"}]},{\"@type\":\"WebSite\",\"@id\":\"https:\/\/www.csj-emballages.com\/es\/#website\",\"url\":\"https:\/\/www.csj-emballages.com\/es\/\",\"name\":\"CSJ Emballages\",\"description\":\"\",\"publisher\":{\"@id\":\"https:\/\/www.csj-emballages.com\/es\/#organization\"},\"potentialAction\":[{\"@type\":\"SearchAction\",\"target\":{\"@type\":\"EntryPoint\",\"urlTemplate\":\"https:\/\/www.csj-emballages.com\/es\/?s={search_term_string}\"},\"query-input\":{\"@type\":\"PropertyValueSpecification\",\"valueRequired\":true,\"valueName\":\"search_term_string\"}}],\"inLanguage\":\"es\"},{\"@type\":\"Organization\",\"@id\":\"https:\/\/www.csj-emballages.com\/es\/#Organization\/\",\"name\":\"CSJ Emballages\",\"url\":\"https:\/\/www.csj-emballages.com\/es\/\",\"logo\":{\"@type\":\"ImageObject\",\"inLanguage\":\"es\",\"@id\":\"https:\/\/www.csj-emballages.com\/es\/#\/schema\/logo\/image\/\",\"url\":\"https:\/\/www.csj-emballages.com\/wp-content\/uploads\/2023\/10\/logo_csj.webp\",\"contentUrl\":\"https:\/\/www.csj-emballages.com\/wp-content\/uploads\/2023\/10\/logo_csj.webp\",\"width\":250,\"height\":95,\"caption\":\"CSJ Emballages\"},\"image\":{\"@id\":\"https:\/\/www.csj-emballages.com\/es\/#\/schema\/logo\/image\/\"},\"sameAs\":[\"https:\/\/www.facebook.com\/csjemballages\"],\"address\":{\"@type\":\"PostalAddress\",\"streetAddress\":\"ZI La Lechere\",\"addressLocality\":\"Patornay\",\"postalCode\":\"39130\",\"addressCountry\":\"FR\"},\"contactPoint\":[{\"@type\":\"ContactPoint\",\"contactType\":\"Service client\",\"telephone\":\"0384254272\",\"email\":\"contact@csj-emballages.com\"}]}]}<\/script>\n<!-- \/ Yoast SEO Premium plugin. -->","yoast_head_json":{"title":"6 Vasos de pl\u00e1stico desechables para agua 20 cl \/ csj-emballages.com","description":"\u00a1Comprar Vasos de agua de pl\u00e1stico desechables de 200 ml! Tama\u00f1o: \u00a172 x 145 mm! Opta por un pack de 6 vasos festivos resistentes y de alta calidad a PRECIOS DESCUENTABLES.","robots":{"index":"index","follow":"follow","max-snippet":"max-snippet:-1","max-image-preview":"max-image-preview:large","max-video-preview":"max-video-preview:-1"},"canonical":"https:\/\/www.csj-emballages.com\/es\/produit\/6-vasos-de-agua-de-plastico-desechables-20-cl\/","og_locale":"es_ES","og_type":"article","og_title":"6 vasos de agua de pl\u00e1stico desechables 20 cl","og_description":"\u00a1Comprar Vasos de agua de pl\u00e1stico desechables de 200 ml! Tama\u00f1o: \u00a172 x 145 mm! Opta por un pack de 6 vasos festivos resistentes y de alta calidad a PRECIOS DESCUENTABLES.","og_url":"https:\/\/www.csj-emballages.com\/es\/produit\/6-vasos-de-agua-de-plastico-desechables-20-cl\/","og_site_name":"CSJ Emballages","article_publisher":"https:\/\/www.facebook.com\/csjemballages","article_modified_time":"2026-04-09T00:21:01+00:00","og_image":[{"width":800,"height":800,"url":"https:\/\/www.csj-emballages.com\/wp-content\/uploads\/2024\/03\/verre-cristal-20cl.webp","type":"image\/webp"}],"twitter_card":"summary_large_image","twitter_misc":{"Tiempo de lectura":"1 minuto"},"schema":{"@context":"https:\/\/schema.org","@graph":[{"@type":"WebPage","@id":"https:\/\/www.csj-emballages.com\/es\/produit\/6-vasos-de-agua-de-plastico-desechables-20-cl\/","url":"https:\/\/www.csj-emballages.com\/es\/produit\/6-vasos-de-agua-de-plastico-desechables-20-cl\/","name":"6 Vasos de pl\u00e1stico desechables para agua 20 cl \/ csj-emballages.com","isPartOf":{"@id":"https:\/\/www.csj-emballages.com\/es\/#website"},"primaryImageOfPage":{"@id":"https:\/\/www.csj-emballages.com\/es\/produit\/6-vasos-de-agua-de-plastico-desechables-20-cl\/#primaryimage"},"image":{"@id":"https:\/\/www.csj-emballages.com\/es\/produit\/6-vasos-de-agua-de-plastico-desechables-20-cl\/#primaryimage"},"thumbnailUrl":"https:\/\/www.csj-emballages.com\/wp-content\/uploads\/2024\/03\/verre-cristal-20cl.webp","datePublished":"2024-03-01T15:47:21+00:00","dateModified":"2026-04-09T00:21:01+00:00","description":"\u00a1Comprar Vasos de agua de pl\u00e1stico desechables de 200 ml! Tama\u00f1o: \u00a172 x 145 mm! Opta por un pack de 6 vasos festivos resistentes y de alta calidad a PRECIOS DESCUENTABLES.","breadcrumb":{"@id":"https:\/\/www.csj-emballages.com\/es\/produit\/6-vasos-de-agua-de-plastico-desechables-20-cl\/#breadcrumb"},"inLanguage":"es","potentialAction":[{"@type":"ReadAction","target":["https:\/\/www.csj-emballages.com\/es\/produit\/6-vasos-de-agua-de-plastico-desechables-20-cl\/"]}]},{"@type":"ImageObject","inLanguage":"es","@id":"https:\/\/www.csj-emballages.com\/es\/produit\/6-vasos-de-agua-de-plastico-desechables-20-cl\/#primaryimage","url":"https:\/\/www.csj-emballages.com\/wp-content\/uploads\/2024\/03\/verre-cristal-20cl.webp","contentUrl":"https:\/\/www.csj-emballages.com\/wp-content\/uploads\/2024\/03\/verre-cristal-20cl.webp","width":800,"height":800,"caption":"Verre cristal"},{"@type":"BreadcrumbList","@id":"https:\/\/www.csj-emballages.com\/es\/produit\/6-vasos-de-agua-de-plastico-desechables-20-cl\/#breadcrumb","itemListElement":[{"@type":"ListItem","position":1,"name":"Accueil","item":"https:\/\/www.csj-emballages.com\/es\/universo-del-envasado-alimentario\/"},{"@type":"ListItem","position":2,"name":"Tienda","item":"https:\/\/www.csj-emballages.com\/tienda\/"},{"@type":"ListItem","position":3,"name":"6 vasos de agua de pl\u00e1stico desechables 20 cl"}]},{"@type":"WebSite","@id":"https:\/\/www.csj-emballages.com\/es\/#website","url":"https:\/\/www.csj-emballages.com\/es\/","name":"CSJ Emballages","description":"","publisher":{"@id":"https:\/\/www.csj-emballages.com\/es\/#organization"},"potentialAction":[{"@type":"SearchAction","target":{"@type":"EntryPoint","urlTemplate":"https:\/\/www.csj-emballages.com\/es\/?s={search_term_string}"},"query-input":{"@type":"PropertyValueSpecification","valueRequired":true,"valueName":"search_term_string"}}],"inLanguage":"es"},{"@type":"Organization","@id":"https:\/\/www.csj-emballages.com\/es\/#Organization\/","name":"CSJ Emballages","url":"https:\/\/www.csj-emballages.com\/es\/","logo":{"@type":"ImageObject","inLanguage":"es","@id":"https:\/\/www.csj-emballages.com\/es\/#\/schema\/logo\/image\/","url":"https:\/\/www.csj-emballages.com\/wp-content\/uploads\/2023\/10\/logo_csj.webp","contentUrl":"https:\/\/www.csj-emballages.com\/wp-content\/uploads\/2023\/10\/logo_csj.webp","width":250,"height":95,"caption":"CSJ Emballages"},"image":{"@id":"https:\/\/www.csj-emballages.com\/es\/#\/schema\/logo\/image\/"},"sameAs":["https:\/\/www.facebook.com\/csjemballages"],"address":{"@type":"PostalAddress","streetAddress":"ZI La Lechere","addressLocality":"Patornay","postalCode":"39130","addressCountry":"FR"},"contactPoint":[{"@type":"ContactPoint","contactType":"Service client","telephone":"0384254272","email":"contact@csj-emballages.com"}]}]}},"df_price":2.84,"df_sale_price":"","df_regular_price":2.84,"df_image_link":"https:\/\/www.csj-emballages.com\/wp-content\/uploads\/2024\/03\/verre-cristal-20cl-300x300.webp","tiered_pricing_type":"fixed","tiered_pricing_fixed_rules":[],"tiered_pricing_percentage_rules":[],"tiered_pricing_minimum":1,"tiered_pricing_roles_data":[],"_links":{"self":[{"href":"https:\/\/www.csj-emballages.com\/es\/wp-json\/wp\/v2\/product\/17448","targetHints":{"allow":["GET"]}}],"collection":[{"href":"https:\/\/www.csj-emballages.com\/es\/wp-json\/wp\/v2\/product"}],"about":[{"href":"https:\/\/www.csj-emballages.com\/es\/wp-json\/wp\/v2\/types\/product"}],"wp:featuredmedia":[{"embeddable":true,"href":"https:\/\/www.csj-emballages.com\/es\/wp-json\/wp\/v2\/media\/197821"}],"wp:attachment":[{"href":"https:\/\/www.csj-emballages.com\/es\/wp-json\/wp\/v2\/media?parent=17448"}],"wp:term":[{"taxonomy":"product_brand","embeddable":true,"href":"https:\/\/www.csj-emballages.com\/es\/wp-json\/wp\/v2\/product_brand?post=17448"},{"taxonomy":"product_cat","embeddable":true,"href":"https:\/\/www.csj-emballages.com\/es\/wp-json\/wp\/v2\/product_cat?post=17448"},{"taxonomy":"product_tag","embeddable":true,"href":"https:\/\/www.csj-emballages.com\/es\/wp-json\/wp\/v2\/product_tag?post=17448"}],"curies":[{"name":"wp","href":"https:\/\/api.w.org\/{rel}","templated":true}]}}