{"id":17423,"date":"2024-03-01T16:59:43","date_gmt":"2024-03-01T15:59:43","guid":{"rendered":"https:\/\/u15jnbdpoq.preview.infomaniak.website\/produit\/rizoma-de-curcuma-de-madras-molido-1-kg\/"},"modified":"2026-04-28T02:10:42","modified_gmt":"2026-04-28T00:10:42","slug":"rizoma-de-curcuma-de-madras-molido-1-kg","status":"publish","type":"product","link":"https:\/\/www.csj-emballages.com\/es\/produit\/rizoma-de-curcuma-de-madras-molido-1-kg\/","title":{"rendered":"Rizoma de c\u00farcuma de madr\u00e1s molido 1 kg"},"content":{"rendered":"<h2>C\u00farcuma<\/h2>\n<div style=\"font-family: Roboto, sans-serif;\">\n<div style=\"font-family: Roboto, sans-serif;\">\n<div style=\"font-family: Roboto, sans-serif;\">\n<div style=\"font-family: Roboto, sans-serif;\">\n<div style=\"font-family: Roboto, sans-serif;\">\n<div style=\"font-family: Roboto, sans-serif;\">\n<hr>\n<h3>Descripci\u00f3n de c\u00farcuma rizoma Madras molido 1 kg<\/h3>\n<p><!--more--><\/p>\n<\/div>\n<\/div>\n<\/div>\n<\/div>\n<\/div>\n<\/div>\n<p data-start=\"217\" data-end=\"602\">La <strong>c\u00farcuma rizoma Madras molida<\/strong> es un imprescindible para quienes disfrutan cocinando con especias de car\u00e1cter. De hecho, procedente de <strong>rizomas<\/strong> cuidadosamente seleccionados, esta <strong>c\u00farcuma<\/strong> se distingue por su <strong>color amarillo intenso<\/strong> y su sabor c\u00e1lido, ligeramente picante, con un toque terroso bien equilibrado. Nada m\u00e1s abrir la bolsa, su aroma revela una verdadera riqueza arom\u00e1tica.  <\/p>\n<p data-start=\"604\" data-end=\"998\">Gracias a su <strong>molienda fina<\/strong>, se integra f\u00e1cilmente en todo tipo de preparaciones. Ya sea para realzar un guiso, perfumar un arroz, sublimar una salsa o aportar un toque soleado a un marinado, encuentra naturalmente su lugar en la cocina. Adem\u00e1s, su origen Madras le confiere un sabor aut\u00e9ntico, muy apreciado en las recetas indias, asi\u00e1ticas o vegetarianas.  <\/p>\n<p data-start=\"1000\" data-end=\"1340\">Acondicionado en <strong data-start=\"1015\" data-end=\"1030\">formato de 1 kg<\/strong>, esta c\u00farcuma es perfectamente adecuada para un uso profesional. Restaurantes, empresas de catering, colectividades o talleres de transformaci\u00f3n pueden utilizarla a diario sin preocuparse por un reabastecimiento demasiado frecuente. Este gran acondicionamiento tambi\u00e9n permite controlar los costes manteniendo una calidad constante.  <\/p>\n<p data-start=\"1342\" data-end=\"1614\">Por otra parte, la <strong>c\u00farcuma<\/strong> es reconocida por su polivalencia. No se limita a los platos salados: tambi\u00e9n puede entrar en la composici\u00f3n de bebidas calientes, de mezclas de especias o de recetas de bienestar. Su color natural aporta un aspecto apetitoso, sin artificios.  <\/p>\n<p data-start=\"1616\" data-end=\"1821\">En resumen, esta <strong>c\u00farcuma rizoma Madras molida<\/strong> combina intensidad, autenticidad y practicidad. Es una especia fiable, f\u00e1cil de trabajar, que enriquece las recetas respetando las tradiciones culinarias. <\/p>\n<p><!--more--><\/p>\n<div style=\"font-family: Roboto, sans-serif;\">\n<div style=\"font-family: Roboto, sans-serif;\">\n<div style=\"font-family: Roboto, sans-serif;\">\n<div style=\"font-family: Roboto, sans-serif;\">\n<div style=\"font-family: Roboto, sans-serif;\">\n<div style=\"font-family: Roboto, sans-serif;\">\n<p><strong>Ventajas :<\/strong><\/p>\n<ul>\n<li data-start=\"1849\" data-end=\"1879\">Sabor c\u00e1lido y equilibrado.<\/li>\n<li data-start=\"1882\" data-end=\"1919\">Color amarillo intenso y natural.<\/li>\n<li data-start=\"1922\" data-end=\"1958\"><strong>Molienda fina<\/strong>, f\u00e1cil de incorporar.<\/li>\n<li data-start=\"1961\" data-end=\"1989\">Formato econ\u00f3mico de <strong>1 kg<\/strong>.<\/li>\n<li data-start=\"1992\" data-end=\"2026\">Adaptado a un uso profesional.<\/li>\n<li data-start=\"2029\" data-end=\"2070\">Polivalente en cocina salada y bienestar.<\/li>\n<\/ul>\n<\/div>\n<\/div>\n<p>&nbsp;<\/p>\n<\/div>\n<\/div>\n<\/div>\n<\/div>\n<p><!--more--><\/p>\n<h4>Informaci\u00f3n adicional :<\/h4>\n<ul>\n<li><strong>Envase<\/strong>: Envase de 1 kg<\/li>\n<li><strong>Formato<\/strong>: Molido<\/li>\n<\/ul>\n<p>&nbsp;<\/p>\n<p><!--more--><\/p>\n<p><a href=\"https:\/\/www.csj-emballages.com\/es\/categorie-produit\/alimentacion-es\/especias\/especias-sencillas\/\">Consulta el resto de nuestra gama de especias sencillas aqu\u00ed<\/a><\/p>\n","protected":false},"excerpt":{"rendered":"<p>C\u00farcuma Descripci\u00f3n de c\u00farcuma rizoma Madras molido 1 kg<\/p>\n","protected":false},"featured_media":261308,"template":"","meta":{"_acf_changed":false},"product_brand":[],"product_cat":[1162,1454,1455],"product_tag":[],"class_list":{"0":"post-17423","1":"product","2":"type-product","3":"status-publish","4":"has-post-thumbnail","6":"product_cat-alimentacion-es","7":"product_cat-especias","8":"product_cat-especias-sencillas","10":"first","11":"instock","12":"taxable","13":"shipping-taxable","14":"purchasable","15":"product-type-simple"},"acf":[],"yoast_head":"<!-- This site is optimized with the Yoast SEO Premium plugin v26.6 (Yoast SEO v26.6) - https:\/\/yoast.com\/wordpress\/plugins\/seo\/ -->\n<title>C\u00farcuma rizoma Madras molido 1 kg<\/title>\n<meta name=\"description\" content=\"C\u00farcuma rizoma Madras molido 1 kg: especia intensa y arom\u00e1tica, ideal para uso profesional en cocina, salsas, platos y mezclas de especias.\" \/>\n<meta name=\"robots\" content=\"index, follow, max-snippet:-1, max-image-preview:large, max-video-preview:-1\" \/>\n<link rel=\"canonical\" href=\"https:\/\/www.csj-emballages.com\/es\/produit\/rizoma-de-curcuma-de-madras-molido-1-kg\/\" \/>\n<meta property=\"og:locale\" content=\"es_ES\" \/>\n<meta property=\"og:type\" content=\"article\" \/>\n<meta property=\"og:title\" content=\"Rizoma de c\u00farcuma de madr\u00e1s molido 1 kg\" \/>\n<meta property=\"og:description\" content=\"C\u00farcuma rizoma Madras molido 1 kg: especia intensa y arom\u00e1tica, ideal para uso profesional en cocina, salsas, platos y mezclas de especias.\" \/>\n<meta property=\"og:url\" content=\"https:\/\/www.csj-emballages.com\/es\/produit\/rizoma-de-curcuma-de-madras-molido-1-kg\/\" \/>\n<meta property=\"og:site_name\" content=\"CSJ Emballages\" \/>\n<meta property=\"article:publisher\" content=\"https:\/\/www.facebook.com\/csjemballages\" \/>\n<meta property=\"article:modified_time\" content=\"2026-04-28T00:10:42+00:00\" \/>\n<meta property=\"og:image\" content=\"https:\/\/www.csj-emballages.com\/wp-content\/uploads\/2024\/03\/curcuma-rhizome-madras-moulu.webp\" \/>\n\t<meta property=\"og:image:width\" content=\"800\" \/>\n\t<meta property=\"og:image:height\" content=\"800\" \/>\n\t<meta property=\"og:image:type\" content=\"image\/webp\" \/>\n<meta name=\"twitter:card\" content=\"summary_large_image\" \/>\n<meta name=\"twitter:label1\" content=\"Tiempo de lectura\" \/>\n\t<meta name=\"twitter:data1\" content=\"2 minutos\" \/>\n<script type=\"application\/ld+json\" class=\"yoast-schema-graph\">{\"@context\":\"https:\/\/schema.org\",\"@graph\":[{\"@type\":\"WebPage\",\"@id\":\"https:\/\/www.csj-emballages.com\/es\/produit\/rizoma-de-curcuma-de-madras-molido-1-kg\/\",\"url\":\"https:\/\/www.csj-emballages.com\/es\/produit\/rizoma-de-curcuma-de-madras-molido-1-kg\/\",\"name\":\"C\u00farcuma rizoma Madras molido 1 kg\",\"isPartOf\":{\"@id\":\"https:\/\/www.csj-emballages.com\/es\/#website\"},\"primaryImageOfPage\":{\"@id\":\"https:\/\/www.csj-emballages.com\/es\/produit\/rizoma-de-curcuma-de-madras-molido-1-kg\/#primaryimage\"},\"image\":{\"@id\":\"https:\/\/www.csj-emballages.com\/es\/produit\/rizoma-de-curcuma-de-madras-molido-1-kg\/#primaryimage\"},\"thumbnailUrl\":\"https:\/\/www.csj-emballages.com\/wp-content\/uploads\/2024\/03\/curcuma-rhizome-madras-moulu.webp\",\"datePublished\":\"2024-03-01T15:59:43+00:00\",\"dateModified\":\"2026-04-28T00:10:42+00:00\",\"description\":\"C\u00farcuma rizoma Madras molido 1 kg: especia intensa y arom\u00e1tica, ideal para uso profesional en cocina, salsas, platos y mezclas de especias.\",\"breadcrumb\":{\"@id\":\"https:\/\/www.csj-emballages.com\/es\/produit\/rizoma-de-curcuma-de-madras-molido-1-kg\/#breadcrumb\"},\"inLanguage\":\"es\",\"potentialAction\":[{\"@type\":\"ReadAction\",\"target\":[\"https:\/\/www.csj-emballages.com\/es\/produit\/rizoma-de-curcuma-de-madras-molido-1-kg\/\"]}]},{\"@type\":\"ImageObject\",\"inLanguage\":\"es\",\"@id\":\"https:\/\/www.csj-emballages.com\/es\/produit\/rizoma-de-curcuma-de-madras-molido-1-kg\/#primaryimage\",\"url\":\"https:\/\/www.csj-emballages.com\/wp-content\/uploads\/2024\/03\/curcuma-rhizome-madras-moulu.webp\",\"contentUrl\":\"https:\/\/www.csj-emballages.com\/wp-content\/uploads\/2024\/03\/curcuma-rhizome-madras-moulu.webp\",\"width\":800,\"height\":800,\"caption\":\"Curcuma\"},{\"@type\":\"BreadcrumbList\",\"@id\":\"https:\/\/www.csj-emballages.com\/es\/produit\/rizoma-de-curcuma-de-madras-molido-1-kg\/#breadcrumb\",\"itemListElement\":[{\"@type\":\"ListItem\",\"position\":1,\"name\":\"Accueil\",\"item\":\"https:\/\/www.csj-emballages.com\/es\/universo-del-envasado-alimentario\/\"},{\"@type\":\"ListItem\",\"position\":2,\"name\":\"Tienda\",\"item\":\"https:\/\/www.csj-emballages.com\/tienda\/\"},{\"@type\":\"ListItem\",\"position\":3,\"name\":\"Rizoma de c\u00farcuma de madr\u00e1s molido 1 kg\"}]},{\"@type\":\"WebSite\",\"@id\":\"https:\/\/www.csj-emballages.com\/es\/#website\",\"url\":\"https:\/\/www.csj-emballages.com\/es\/\",\"name\":\"CSJ Emballages\",\"description\":\"\",\"publisher\":{\"@id\":\"https:\/\/www.csj-emballages.com\/es\/#organization\"},\"potentialAction\":[{\"@type\":\"SearchAction\",\"target\":{\"@type\":\"EntryPoint\",\"urlTemplate\":\"https:\/\/www.csj-emballages.com\/es\/?s={search_term_string}\"},\"query-input\":{\"@type\":\"PropertyValueSpecification\",\"valueRequired\":true,\"valueName\":\"search_term_string\"}}],\"inLanguage\":\"es\"},{\"@type\":\"Organization\",\"@id\":\"https:\/\/www.csj-emballages.com\/es\/#Organization\/\",\"name\":\"CSJ Emballages\",\"url\":\"https:\/\/www.csj-emballages.com\/es\/\",\"logo\":{\"@type\":\"ImageObject\",\"inLanguage\":\"es\",\"@id\":\"https:\/\/www.csj-emballages.com\/es\/#\/schema\/logo\/image\/\",\"url\":\"https:\/\/www.csj-emballages.com\/wp-content\/uploads\/2023\/10\/logo_csj.webp\",\"contentUrl\":\"https:\/\/www.csj-emballages.com\/wp-content\/uploads\/2023\/10\/logo_csj.webp\",\"width\":250,\"height\":95,\"caption\":\"CSJ Emballages\"},\"image\":{\"@id\":\"https:\/\/www.csj-emballages.com\/es\/#\/schema\/logo\/image\/\"},\"sameAs\":[\"https:\/\/www.facebook.com\/csjemballages\"],\"address\":{\"@type\":\"PostalAddress\",\"streetAddress\":\"ZI La Lechere\",\"addressLocality\":\"Patornay\",\"postalCode\":\"39130\",\"addressCountry\":\"FR\"},\"contactPoint\":[{\"@type\":\"ContactPoint\",\"contactType\":\"Service client\",\"telephone\":\"0384254272\",\"email\":\"contact@csj-emballages.com\"}]}]}<\/script>\n<!-- \/ Yoast SEO Premium plugin. -->","yoast_head_json":{"title":"C\u00farcuma rizoma Madras molido 1 kg","description":"C\u00farcuma rizoma Madras molido 1 kg: especia intensa y arom\u00e1tica, ideal para uso profesional en cocina, salsas, platos y mezclas de especias.","robots":{"index":"index","follow":"follow","max-snippet":"max-snippet:-1","max-image-preview":"max-image-preview:large","max-video-preview":"max-video-preview:-1"},"canonical":"https:\/\/www.csj-emballages.com\/es\/produit\/rizoma-de-curcuma-de-madras-molido-1-kg\/","og_locale":"es_ES","og_type":"article","og_title":"Rizoma de c\u00farcuma de madr\u00e1s molido 1 kg","og_description":"C\u00farcuma rizoma Madras molido 1 kg: especia intensa y arom\u00e1tica, ideal para uso profesional en cocina, salsas, platos y mezclas de especias.","og_url":"https:\/\/www.csj-emballages.com\/es\/produit\/rizoma-de-curcuma-de-madras-molido-1-kg\/","og_site_name":"CSJ Emballages","article_publisher":"https:\/\/www.facebook.com\/csjemballages","article_modified_time":"2026-04-28T00:10:42+00:00","og_image":[{"width":800,"height":800,"url":"https:\/\/www.csj-emballages.com\/wp-content\/uploads\/2024\/03\/curcuma-rhizome-madras-moulu.webp","type":"image\/webp"}],"twitter_card":"summary_large_image","twitter_misc":{"Tiempo de lectura":"2 minutos"},"schema":{"@context":"https:\/\/schema.org","@graph":[{"@type":"WebPage","@id":"https:\/\/www.csj-emballages.com\/es\/produit\/rizoma-de-curcuma-de-madras-molido-1-kg\/","url":"https:\/\/www.csj-emballages.com\/es\/produit\/rizoma-de-curcuma-de-madras-molido-1-kg\/","name":"C\u00farcuma rizoma Madras molido 1 kg","isPartOf":{"@id":"https:\/\/www.csj-emballages.com\/es\/#website"},"primaryImageOfPage":{"@id":"https:\/\/www.csj-emballages.com\/es\/produit\/rizoma-de-curcuma-de-madras-molido-1-kg\/#primaryimage"},"image":{"@id":"https:\/\/www.csj-emballages.com\/es\/produit\/rizoma-de-curcuma-de-madras-molido-1-kg\/#primaryimage"},"thumbnailUrl":"https:\/\/www.csj-emballages.com\/wp-content\/uploads\/2024\/03\/curcuma-rhizome-madras-moulu.webp","datePublished":"2024-03-01T15:59:43+00:00","dateModified":"2026-04-28T00:10:42+00:00","description":"C\u00farcuma rizoma Madras molido 1 kg: especia intensa y arom\u00e1tica, ideal para uso profesional en cocina, salsas, platos y mezclas de especias.","breadcrumb":{"@id":"https:\/\/www.csj-emballages.com\/es\/produit\/rizoma-de-curcuma-de-madras-molido-1-kg\/#breadcrumb"},"inLanguage":"es","potentialAction":[{"@type":"ReadAction","target":["https:\/\/www.csj-emballages.com\/es\/produit\/rizoma-de-curcuma-de-madras-molido-1-kg\/"]}]},{"@type":"ImageObject","inLanguage":"es","@id":"https:\/\/www.csj-emballages.com\/es\/produit\/rizoma-de-curcuma-de-madras-molido-1-kg\/#primaryimage","url":"https:\/\/www.csj-emballages.com\/wp-content\/uploads\/2024\/03\/curcuma-rhizome-madras-moulu.webp","contentUrl":"https:\/\/www.csj-emballages.com\/wp-content\/uploads\/2024\/03\/curcuma-rhizome-madras-moulu.webp","width":800,"height":800,"caption":"Curcuma"},{"@type":"BreadcrumbList","@id":"https:\/\/www.csj-emballages.com\/es\/produit\/rizoma-de-curcuma-de-madras-molido-1-kg\/#breadcrumb","itemListElement":[{"@type":"ListItem","position":1,"name":"Accueil","item":"https:\/\/www.csj-emballages.com\/es\/universo-del-envasado-alimentario\/"},{"@type":"ListItem","position":2,"name":"Tienda","item":"https:\/\/www.csj-emballages.com\/tienda\/"},{"@type":"ListItem","position":3,"name":"Rizoma de c\u00farcuma de madr\u00e1s molido 1 kg"}]},{"@type":"WebSite","@id":"https:\/\/www.csj-emballages.com\/es\/#website","url":"https:\/\/www.csj-emballages.com\/es\/","name":"CSJ Emballages","description":"","publisher":{"@id":"https:\/\/www.csj-emballages.com\/es\/#organization"},"potentialAction":[{"@type":"SearchAction","target":{"@type":"EntryPoint","urlTemplate":"https:\/\/www.csj-emballages.com\/es\/?s={search_term_string}"},"query-input":{"@type":"PropertyValueSpecification","valueRequired":true,"valueName":"search_term_string"}}],"inLanguage":"es"},{"@type":"Organization","@id":"https:\/\/www.csj-emballages.com\/es\/#Organization\/","name":"CSJ Emballages","url":"https:\/\/www.csj-emballages.com\/es\/","logo":{"@type":"ImageObject","inLanguage":"es","@id":"https:\/\/www.csj-emballages.com\/es\/#\/schema\/logo\/image\/","url":"https:\/\/www.csj-emballages.com\/wp-content\/uploads\/2023\/10\/logo_csj.webp","contentUrl":"https:\/\/www.csj-emballages.com\/wp-content\/uploads\/2023\/10\/logo_csj.webp","width":250,"height":95,"caption":"CSJ Emballages"},"image":{"@id":"https:\/\/www.csj-emballages.com\/es\/#\/schema\/logo\/image\/"},"sameAs":["https:\/\/www.facebook.com\/csjemballages"],"address":{"@type":"PostalAddress","streetAddress":"ZI La Lechere","addressLocality":"Patornay","postalCode":"39130","addressCountry":"FR"},"contactPoint":[{"@type":"ContactPoint","contactType":"Service client","telephone":"0384254272","email":"contact@csj-emballages.com"}]}]}},"df_price":9.18,"df_sale_price":"","df_regular_price":9.18,"df_image_link":"https:\/\/www.csj-emballages.com\/wp-content\/uploads\/2024\/03\/curcuma-rhizome-madras-moulu-300x300.webp","tiered_pricing_type":"fixed","tiered_pricing_fixed_rules":[],"tiered_pricing_percentage_rules":[],"tiered_pricing_minimum":1,"tiered_pricing_roles_data":[],"_links":{"self":[{"href":"https:\/\/www.csj-emballages.com\/es\/wp-json\/wp\/v2\/product\/17423","targetHints":{"allow":["GET"]}}],"collection":[{"href":"https:\/\/www.csj-emballages.com\/es\/wp-json\/wp\/v2\/product"}],"about":[{"href":"https:\/\/www.csj-emballages.com\/es\/wp-json\/wp\/v2\/types\/product"}],"wp:featuredmedia":[{"embeddable":true,"href":"https:\/\/www.csj-emballages.com\/es\/wp-json\/wp\/v2\/media\/261308"}],"wp:attachment":[{"href":"https:\/\/www.csj-emballages.com\/es\/wp-json\/wp\/v2\/media?parent=17423"}],"wp:term":[{"taxonomy":"product_brand","embeddable":true,"href":"https:\/\/www.csj-emballages.com\/es\/wp-json\/wp\/v2\/product_brand?post=17423"},{"taxonomy":"product_cat","embeddable":true,"href":"https:\/\/www.csj-emballages.com\/es\/wp-json\/wp\/v2\/product_cat?post=17423"},{"taxonomy":"product_tag","embeddable":true,"href":"https:\/\/www.csj-emballages.com\/es\/wp-json\/wp\/v2\/product_tag?post=17423"}],"curies":[{"name":"wp","href":"https:\/\/api.w.org\/{rel}","templated":true}]}}