{"id":17421,"date":"2024-03-01T16:59:42","date_gmt":"2024-03-01T15:59:42","guid":{"rendered":"https:\/\/u15jnbdpoq.preview.infomaniak.website\/produit\/jengibre-molido-1-kg\/"},"modified":"2026-01-16T13:47:45","modified_gmt":"2026-01-16T12:47:45","slug":"jengibre-molido-1-kg","status":"publish","type":"product","link":"https:\/\/www.csj-emballages.com\/es\/produit\/jengibre-molido-1-kg\/","title":{"rendered":"Jengibre molido 1 kg"},"content":{"rendered":"<h2>Jengibre molido<\/h2>\n<hr>\n<h3>Descripci\u00f3n de nuestro jengibre molido 1kg<\/h3>\n<p><!--more--><\/p>\n<p data-start=\"163\" data-end=\"555\">El <strong>jengibre molido<\/strong> es un indispensable para aquellos a quienes les gusta dar car\u00e1cter a sus recetas. Con este formato de <strong data-start=\"277\" data-end=\"285\">1 kg<\/strong>, tiene a mano una especia intensa, perfumada y vers\u00e1til, lista para integrarse tanto en platos salados como dulces. Nada m\u00e1s abrirlo, su aroma c\u00e1lido y ligeramente c\u00edtrico se hace sentir, anunciando un sabor que despierta instant\u00e1neamente las preparaciones.  <\/p>\n<p data-start=\"557\" data-end=\"947\">F\u00e1cil de dosificar, el <strong>jengibre molido<\/strong> se utiliza a diario. Realza una salsa, aporta energ\u00eda a una marinada o transforma un simple plato de verduras en una receta llena de personalidad. Pero eso no es todo. Tambi\u00e9n encuentra perfectamente su lugar en la reposter\u00eda, en las galletas, panes de especias, pasteles o postres ex\u00f3ticos. Una peque\u00f1a pizca es suficiente para aportar profundidad y calidez.    <\/p>\n<p data-start=\"949\" data-end=\"1324\">Este <strong>formato profesional de 1 kg<\/strong> es adecuado tanto para restauradores, empresas de catering, artesanos como para los amantes de la cocina a los que les gusta trabajar con productos de calidad. Permite cocinar sin restricciones, garantizando al mismo tiempo una regularidad de sabor en cada uso. Adem\u00e1s, el <strong>jengibre molido<\/strong> se conserva f\u00e1cilmente y sigue siendo pr\u00e1ctico de usar, incluso a pleno rendimiento.  <\/p>\n<p data-start=\"1326\" data-end=\"1542\">Por otra parte, el <strong>jengibre<\/strong> es apreciado por su lado estimulante y reconfortante. Tambi\u00e9n se utiliza en infusiones, bebidas calientes o recetas de bienestar, lo que lo convierte en una especia tan deliciosa como vers\u00e1til. <\/p>\n<p data-start=\"1544\" data-end=\"1707\">En resumen, este <strong>jengibre molido de 1 kg<\/strong> es una apuesta segura para enriquecer sus recetas, ganar en eficacia y aportar una verdadera firma arom\u00e1tica a su cocina.<\/p>\n<p data-start=\"1544\" data-end=\"1707\">\n<p data-start=\"85\" data-end=\"473\"><!--more--><\/p>\n<h4 data-start=\"85\" data-end=\"473\">Ventajas :<\/h4>\n<ul>\n<li>Perfecto para platos cocinados, pasteler\u00eda e infusiones.<\/li>\n<li><strong>Aroma potente<\/strong> para realzar sus recetas.<\/li>\n<li>Dosificaci\u00f3n precisa gracias a su textura fina.<\/li>\n<li>Conocido por sus virtudes digestivas y energizantes.<\/li>\n<li><strong>Bolsa de 1 kg<\/strong> ideal para uso profesional o familiar.<\/li>\n<\/ul>\n<p>&nbsp;<\/p>\n<p><!--more--><\/p>\n<h4>Informaci\u00f3n adicional :<\/h4>\n<ul>\n<li><strong>Envase<\/strong>: Envase de 1 kg<\/li>\n<li><strong>Formato<\/strong>: Molido<\/li>\n<\/ul>\n<p>&nbsp;<\/p>\n<p><!--more--><\/p>\n<p data-start=\"475\" data-end=\"496\"><a href=\"https:\/\/www.csj-emballages.com\/es\/categorie-produit\/alimentacion-es\/especias\/especias-sencillas\/\">Ver el resto de nuestra gama de especias sencillas  <\/a><\/p>\n","protected":false},"excerpt":{"rendered":"<p>Jengibre molido Descripci\u00f3n de nuestro jengibre molido 1kg<\/p>\n","protected":false},"featured_media":261459,"template":"","meta":{"_acf_changed":false},"product_brand":[],"product_cat":[1162,1454,1455],"product_tag":[],"class_list":{"0":"post-17421","1":"product","2":"type-product","3":"status-publish","4":"has-post-thumbnail","6":"product_cat-alimentacion-es","7":"product_cat-especias","8":"product_cat-especias-sencillas","10":"first","11":"outofstock","12":"taxable","13":"shipping-taxable","14":"purchasable","15":"product-type-simple"},"acf":[],"yoast_head":"<!-- This site is optimized with the Yoast SEO Premium plugin v26.6 (Yoast SEO v26.6) - https:\/\/yoast.com\/wordpress\/plugins\/seo\/ -->\n<title>Jengibre molido 1 kg<\/title>\n<meta name=\"description\" content=\"Descubra el jengibre molido de 1 kg, una especia con aromas potentes ideal para realzar sus platos salados y dulces. Perfecto para la cocina y las infusiones&lt;;\" \/>\n<meta name=\"robots\" content=\"index, follow, max-snippet:-1, max-image-preview:large, max-video-preview:-1\" \/>\n<link rel=\"canonical\" href=\"https:\/\/www.csj-emballages.com\/es\/produit\/jengibre-molido-1-kg\/\" \/>\n<meta property=\"og:locale\" content=\"es_ES\" \/>\n<meta property=\"og:type\" content=\"article\" \/>\n<meta property=\"og:title\" content=\"Jengibre molido 1 kg\" \/>\n<meta property=\"og:description\" content=\"Descubra el jengibre molido de 1 kg, una especia con aromas potentes ideal para realzar sus platos salados y dulces. Perfecto para la cocina y las infusiones&lt;;\" \/>\n<meta property=\"og:url\" content=\"https:\/\/www.csj-emballages.com\/es\/produit\/jengibre-molido-1-kg\/\" \/>\n<meta property=\"og:site_name\" content=\"CSJ Emballages\" \/>\n<meta property=\"article:publisher\" content=\"https:\/\/www.facebook.com\/csjemballages\" \/>\n<meta property=\"article:modified_time\" content=\"2026-01-16T12:47:45+00:00\" \/>\n<meta property=\"og:image\" content=\"https:\/\/www.csj-emballages.com\/wp-content\/uploads\/2024\/03\/Gingembre-moulu.webp\" \/>\n\t<meta property=\"og:image:width\" content=\"799\" \/>\n\t<meta property=\"og:image:height\" content=\"800\" \/>\n\t<meta property=\"og:image:type\" content=\"image\/webp\" \/>\n<meta name=\"twitter:card\" content=\"summary_large_image\" \/>\n<meta name=\"twitter:label1\" content=\"Tiempo de lectura\" \/>\n\t<meta name=\"twitter:data1\" content=\"2 minutos\" \/>\n<script type=\"application\/ld+json\" class=\"yoast-schema-graph\">{\"@context\":\"https:\/\/schema.org\",\"@graph\":[{\"@type\":\"WebPage\",\"@id\":\"https:\/\/www.csj-emballages.com\/es\/produit\/jengibre-molido-1-kg\/\",\"url\":\"https:\/\/www.csj-emballages.com\/es\/produit\/jengibre-molido-1-kg\/\",\"name\":\"Jengibre molido 1 kg\",\"isPartOf\":{\"@id\":\"https:\/\/www.csj-emballages.com\/es\/#website\"},\"primaryImageOfPage\":{\"@id\":\"https:\/\/www.csj-emballages.com\/es\/produit\/jengibre-molido-1-kg\/#primaryimage\"},\"image\":{\"@id\":\"https:\/\/www.csj-emballages.com\/es\/produit\/jengibre-molido-1-kg\/#primaryimage\"},\"thumbnailUrl\":\"https:\/\/www.csj-emballages.com\/wp-content\/uploads\/2024\/03\/Gingembre-moulu.webp\",\"datePublished\":\"2024-03-01T15:59:42+00:00\",\"dateModified\":\"2026-01-16T12:47:45+00:00\",\"description\":\"Descubra el jengibre molido de 1 kg, una especia con aromas potentes ideal para realzar sus platos salados y dulces. Perfecto para la cocina y las infusiones&lt;;\",\"breadcrumb\":{\"@id\":\"https:\/\/www.csj-emballages.com\/es\/produit\/jengibre-molido-1-kg\/#breadcrumb\"},\"inLanguage\":\"es\",\"potentialAction\":[{\"@type\":\"ReadAction\",\"target\":[\"https:\/\/www.csj-emballages.com\/es\/produit\/jengibre-molido-1-kg\/\"]}]},{\"@type\":\"ImageObject\",\"inLanguage\":\"es\",\"@id\":\"https:\/\/www.csj-emballages.com\/es\/produit\/jengibre-molido-1-kg\/#primaryimage\",\"url\":\"https:\/\/www.csj-emballages.com\/wp-content\/uploads\/2024\/03\/Gingembre-moulu.webp\",\"contentUrl\":\"https:\/\/www.csj-emballages.com\/wp-content\/uploads\/2024\/03\/Gingembre-moulu.webp\",\"width\":799,\"height\":800,\"caption\":\"Gingembre moulu\"},{\"@type\":\"BreadcrumbList\",\"@id\":\"https:\/\/www.csj-emballages.com\/es\/produit\/jengibre-molido-1-kg\/#breadcrumb\",\"itemListElement\":[{\"@type\":\"ListItem\",\"position\":1,\"name\":\"Accueil\",\"item\":\"https:\/\/www.csj-emballages.com\/es\/universo-del-envasado-alimentario\/\"},{\"@type\":\"ListItem\",\"position\":2,\"name\":\"Tienda\",\"item\":\"https:\/\/www.csj-emballages.com\/tienda\/\"},{\"@type\":\"ListItem\",\"position\":3,\"name\":\"Jengibre molido 1 kg\"}]},{\"@type\":\"WebSite\",\"@id\":\"https:\/\/www.csj-emballages.com\/es\/#website\",\"url\":\"https:\/\/www.csj-emballages.com\/es\/\",\"name\":\"CSJ Emballages\",\"description\":\"\",\"publisher\":{\"@id\":\"https:\/\/www.csj-emballages.com\/es\/#organization\"},\"potentialAction\":[{\"@type\":\"SearchAction\",\"target\":{\"@type\":\"EntryPoint\",\"urlTemplate\":\"https:\/\/www.csj-emballages.com\/es\/?s={search_term_string}\"},\"query-input\":{\"@type\":\"PropertyValueSpecification\",\"valueRequired\":true,\"valueName\":\"search_term_string\"}}],\"inLanguage\":\"es\"},{\"@type\":\"Organization\",\"@id\":\"https:\/\/www.csj-emballages.com\/es\/#Organization\/\",\"name\":\"CSJ Emballages\",\"url\":\"https:\/\/www.csj-emballages.com\/es\/\",\"logo\":{\"@type\":\"ImageObject\",\"inLanguage\":\"es\",\"@id\":\"https:\/\/www.csj-emballages.com\/es\/#\/schema\/logo\/image\/\",\"url\":\"https:\/\/www.csj-emballages.com\/wp-content\/uploads\/2023\/10\/logo_csj.webp\",\"contentUrl\":\"https:\/\/www.csj-emballages.com\/wp-content\/uploads\/2023\/10\/logo_csj.webp\",\"width\":250,\"height\":95,\"caption\":\"CSJ Emballages\"},\"image\":{\"@id\":\"https:\/\/www.csj-emballages.com\/es\/#\/schema\/logo\/image\/\"},\"sameAs\":[\"https:\/\/www.facebook.com\/csjemballages\"],\"address\":{\"@type\":\"PostalAddress\",\"streetAddress\":\"ZI La Lechere\",\"addressLocality\":\"Patornay\",\"postalCode\":\"39130\",\"addressCountry\":\"FR\"},\"contactPoint\":[{\"@type\":\"ContactPoint\",\"contactType\":\"Service client\",\"telephone\":\"0384254272\",\"email\":\"contact@csj-emballages.com\"}]}]}<\/script>\n<!-- \/ Yoast SEO Premium plugin. -->","yoast_head_json":{"title":"Jengibre molido 1 kg","description":"Descubra el jengibre molido de 1 kg, una especia con aromas potentes ideal para realzar sus platos salados y dulces. Perfecto para la cocina y las infusiones&lt;;","robots":{"index":"index","follow":"follow","max-snippet":"max-snippet:-1","max-image-preview":"max-image-preview:large","max-video-preview":"max-video-preview:-1"},"canonical":"https:\/\/www.csj-emballages.com\/es\/produit\/jengibre-molido-1-kg\/","og_locale":"es_ES","og_type":"article","og_title":"Jengibre molido 1 kg","og_description":"Descubra el jengibre molido de 1 kg, una especia con aromas potentes ideal para realzar sus platos salados y dulces. Perfecto para la cocina y las infusiones&lt;;","og_url":"https:\/\/www.csj-emballages.com\/es\/produit\/jengibre-molido-1-kg\/","og_site_name":"CSJ Emballages","article_publisher":"https:\/\/www.facebook.com\/csjemballages","article_modified_time":"2026-01-16T12:47:45+00:00","og_image":[{"width":799,"height":800,"url":"https:\/\/www.csj-emballages.com\/wp-content\/uploads\/2024\/03\/Gingembre-moulu.webp","type":"image\/webp"}],"twitter_card":"summary_large_image","twitter_misc":{"Tiempo de lectura":"2 minutos"},"schema":{"@context":"https:\/\/schema.org","@graph":[{"@type":"WebPage","@id":"https:\/\/www.csj-emballages.com\/es\/produit\/jengibre-molido-1-kg\/","url":"https:\/\/www.csj-emballages.com\/es\/produit\/jengibre-molido-1-kg\/","name":"Jengibre molido 1 kg","isPartOf":{"@id":"https:\/\/www.csj-emballages.com\/es\/#website"},"primaryImageOfPage":{"@id":"https:\/\/www.csj-emballages.com\/es\/produit\/jengibre-molido-1-kg\/#primaryimage"},"image":{"@id":"https:\/\/www.csj-emballages.com\/es\/produit\/jengibre-molido-1-kg\/#primaryimage"},"thumbnailUrl":"https:\/\/www.csj-emballages.com\/wp-content\/uploads\/2024\/03\/Gingembre-moulu.webp","datePublished":"2024-03-01T15:59:42+00:00","dateModified":"2026-01-16T12:47:45+00:00","description":"Descubra el jengibre molido de 1 kg, una especia con aromas potentes ideal para realzar sus platos salados y dulces. Perfecto para la cocina y las infusiones&lt;;","breadcrumb":{"@id":"https:\/\/www.csj-emballages.com\/es\/produit\/jengibre-molido-1-kg\/#breadcrumb"},"inLanguage":"es","potentialAction":[{"@type":"ReadAction","target":["https:\/\/www.csj-emballages.com\/es\/produit\/jengibre-molido-1-kg\/"]}]},{"@type":"ImageObject","inLanguage":"es","@id":"https:\/\/www.csj-emballages.com\/es\/produit\/jengibre-molido-1-kg\/#primaryimage","url":"https:\/\/www.csj-emballages.com\/wp-content\/uploads\/2024\/03\/Gingembre-moulu.webp","contentUrl":"https:\/\/www.csj-emballages.com\/wp-content\/uploads\/2024\/03\/Gingembre-moulu.webp","width":799,"height":800,"caption":"Gingembre moulu"},{"@type":"BreadcrumbList","@id":"https:\/\/www.csj-emballages.com\/es\/produit\/jengibre-molido-1-kg\/#breadcrumb","itemListElement":[{"@type":"ListItem","position":1,"name":"Accueil","item":"https:\/\/www.csj-emballages.com\/es\/universo-del-envasado-alimentario\/"},{"@type":"ListItem","position":2,"name":"Tienda","item":"https:\/\/www.csj-emballages.com\/tienda\/"},{"@type":"ListItem","position":3,"name":"Jengibre molido 1 kg"}]},{"@type":"WebSite","@id":"https:\/\/www.csj-emballages.com\/es\/#website","url":"https:\/\/www.csj-emballages.com\/es\/","name":"CSJ Emballages","description":"","publisher":{"@id":"https:\/\/www.csj-emballages.com\/es\/#organization"},"potentialAction":[{"@type":"SearchAction","target":{"@type":"EntryPoint","urlTemplate":"https:\/\/www.csj-emballages.com\/es\/?s={search_term_string}"},"query-input":{"@type":"PropertyValueSpecification","valueRequired":true,"valueName":"search_term_string"}}],"inLanguage":"es"},{"@type":"Organization","@id":"https:\/\/www.csj-emballages.com\/es\/#Organization\/","name":"CSJ Emballages","url":"https:\/\/www.csj-emballages.com\/es\/","logo":{"@type":"ImageObject","inLanguage":"es","@id":"https:\/\/www.csj-emballages.com\/es\/#\/schema\/logo\/image\/","url":"https:\/\/www.csj-emballages.com\/wp-content\/uploads\/2023\/10\/logo_csj.webp","contentUrl":"https:\/\/www.csj-emballages.com\/wp-content\/uploads\/2023\/10\/logo_csj.webp","width":250,"height":95,"caption":"CSJ Emballages"},"image":{"@id":"https:\/\/www.csj-emballages.com\/es\/#\/schema\/logo\/image\/"},"sameAs":["https:\/\/www.facebook.com\/csjemballages"],"address":{"@type":"PostalAddress","streetAddress":"ZI La Lechere","addressLocality":"Patornay","postalCode":"39130","addressCountry":"FR"},"contactPoint":[{"@type":"ContactPoint","contactType":"Service client","telephone":"0384254272","email":"contact@csj-emballages.com"}]}]}},"df_price":11.39,"df_sale_price":"","df_regular_price":11.39,"df_image_link":"https:\/\/www.csj-emballages.com\/wp-content\/uploads\/2024\/03\/Gingembre-moulu-300x300.webp","tiered_pricing_type":"fixed","tiered_pricing_fixed_rules":[],"tiered_pricing_percentage_rules":[],"tiered_pricing_minimum":1,"tiered_pricing_roles_data":[],"_links":{"self":[{"href":"https:\/\/www.csj-emballages.com\/es\/wp-json\/wp\/v2\/product\/17421","targetHints":{"allow":["GET"]}}],"collection":[{"href":"https:\/\/www.csj-emballages.com\/es\/wp-json\/wp\/v2\/product"}],"about":[{"href":"https:\/\/www.csj-emballages.com\/es\/wp-json\/wp\/v2\/types\/product"}],"wp:featuredmedia":[{"embeddable":true,"href":"https:\/\/www.csj-emballages.com\/es\/wp-json\/wp\/v2\/media\/261459"}],"wp:attachment":[{"href":"https:\/\/www.csj-emballages.com\/es\/wp-json\/wp\/v2\/media?parent=17421"}],"wp:term":[{"taxonomy":"product_brand","embeddable":true,"href":"https:\/\/www.csj-emballages.com\/es\/wp-json\/wp\/v2\/product_brand?post=17421"},{"taxonomy":"product_cat","embeddable":true,"href":"https:\/\/www.csj-emballages.com\/es\/wp-json\/wp\/v2\/product_cat?post=17421"},{"taxonomy":"product_tag","embeddable":true,"href":"https:\/\/www.csj-emballages.com\/es\/wp-json\/wp\/v2\/product_tag?post=17421"}],"curies":[{"name":"wp","href":"https:\/\/api.w.org\/{rel}","templated":true}]}}