{"id":17411,"date":"2024-03-01T16:59:43","date_gmt":"2024-03-01T15:59:43","guid":{"rendered":"https:\/\/u15jnbdpoq.preview.infomaniak.website\/produit\/canela-extrafina-molida-1-kg\/"},"modified":"2026-03-12T16:02:05","modified_gmt":"2026-03-12T15:02:05","slug":"canela-extrafina-molida-1-kg","status":"publish","type":"product","link":"https:\/\/www.csj-emballages.com\/es\/produit\/canela-extrafina-molida-1-kg\/","title":{"rendered":"Canela molida 1 kg"},"content":{"rendered":"<h2>Canela molida<\/h2>\n<div style=\"font-family: Roboto, sans-serif;\">\n<div style=\"font-family: Roboto, sans-serif;\">\n<div style=\"font-family: Roboto, sans-serif;\">\n<div style=\"font-family: Roboto, sans-serif;\">\n<div style=\"font-family: Roboto, sans-serif;\">\n<div style=\"font-family: Roboto, sans-serif;\">\n<hr>\n<h3>Descripci\u00f3n de nuestra canela molida 1 kg<\/h3>\n<p><!--more--><\/p>\n<p data-start=\"148\" data-end=\"491\">La <strong>canela molida<\/strong> es una de esas especias imprescindibles que transforman instant\u00e1neamente una receta. Con este formato de <strong data-start=\"269\" data-end=\"277\">1 kg<\/strong>, tiene suficiente para cocinar generosamente, probar, crear y aromatizar sin restricciones. De hecho, nada m\u00e1s abrirlo, su aroma c\u00e1lido y ligeramente dulce se difunde, anunciando preparaciones llenas de car\u00e1cter y confort.  <\/p>\n<p data-start=\"493\" data-end=\"876\">Fina y homog\u00e9nea, esta <strong>canela molida<\/strong> se incorpora f\u00e1cilmente a todas sus recetas. Se mezcla sin esfuerzo con <strong>pasteles, postres, bebidas calientes o incluso algunos platos salados<\/strong>. As\u00ed, tanto si prepara <strong>tartas, galletas, compotas, chocolates calientes o recetas m\u00e1s atrevidas<\/strong>, siempre aporta esa nota especiada que marca la diferencia.  <\/p>\n<p data-start=\"878\" data-end=\"1264\">Adem\u00e1s, el formato profesional de <strong>1 kg<\/strong> es particularmente pr\u00e1ctico. Es perfecto para panader\u00edas, restaurantes, empresas de catering o artesanos que utilizan canela a diario. Ahorra tiempo, evita roturas de stock y mantiene la regularidad en sus preparaciones. Pero este formato tambi\u00e9n es ideal para los aficionados apasionados a los que les gusta cocinar en casa en grandes cantidades.   <\/p>\n<p data-start=\"1266\" data-end=\"1540\">Adem\u00e1s, la <strong>canela<\/strong> es apreciada por su versatilidad. Calienta los sabores en invierno, equilibra las recetas dulces y aporta un toque original a los platos salados. Es una especia sencilla, pero potente, que da relieve sin enmascarar los dem\u00e1s ingredientes.  <\/p>\n<p data-start=\"1542\" data-end=\"1789\">En resumen, esta <strong>canela molida de 1 kg<\/strong> es un aliado perfecto para aquellos a los que les gusta trabajar con sabores aut\u00e9nticos, generosos y llenos de dulzura. Un imprescindible para tener siempre a mano para dar rienda suelta a su creatividad en la cocina. <\/p>\n<p data-start=\"1542\" data-end=\"1789\">\n<\/div>\n<div style=\"font-family: Roboto, sans-serif;\">\n<p><!--more--><\/p>\n<h4><strong>Ventajas :<\/strong><\/h4>\n<ul>\n<li>Molida con precisi\u00f3n para garantizar una consistencia fina que se mezcla f\u00e1cilmente en sus recetas.<\/li>\n<li>Ideal para enriquecer una variedad de platos, desde pasteles hasta platos salados, pasando por bebidas calientes.<\/li>\n<li>Formato pr\u00e1ctico de 1 kg, perfecto para cocineros aficionados y profesionales que necesitan una cantidad regular de canela.<\/li>\n<li>Recomendada por chefs y amantes de la cocina por su calidad constante y su impacto gustativo.<\/li>\n<\/ul>\n<\/div>\n<\/div>\n<div style=\"font-family: Roboto, sans-serif;\">\n<div style=\"font-family: Roboto, sans-serif;\">\n<p>&nbsp;<\/p>\n<\/div>\n<\/div>\n<\/div>\n<\/div>\n<\/div>\n<\/div>\n<p><!--more--><\/p>\n<h4>Informaci\u00f3n adicional :<\/h4>\n<ul>\n<li><strong>Envase<\/strong>: Envase de 1 kg<\/li>\n<li><strong>Formato<\/strong>: Molido<\/li>\n<\/ul>\n<p>&nbsp;<\/p>\n<p><!--more--><\/p>\n<p><a href=\"https:\/\/www.csj-emballages.com\/es\/categorie-produit\/alimentacion-es\/especias\/especias-sencillas\/\">Consulta el resto de nuestra gama de especias sencillas aqu\u00ed<\/a><\/p>\n","protected":false},"excerpt":{"rendered":"<p>Canela molida Descripci\u00f3n de nuestra canela molida 1 kg<\/p>\n","protected":false},"featured_media":261405,"template":"","meta":{"_acf_changed":false},"product_brand":[],"product_cat":[1162,1454,1455],"product_tag":[],"class_list":{"0":"post-17411","1":"product","2":"type-product","3":"status-publish","4":"has-post-thumbnail","6":"product_cat-alimentacion-es","7":"product_cat-especias","8":"product_cat-especias-sencillas","10":"first","11":"instock","12":"taxable","13":"shipping-taxable","14":"purchasable","15":"product-type-simple"},"acf":[],"yoast_head":"<!-- This site is optimized with the Yoast SEO Premium plugin v26.6 (Yoast SEO v26.6) - https:\/\/yoast.com\/wordpress\/plugins\/seo\/ -->\n<title>Canela molida 1kg<\/title>\n<meta name=\"description\" content=\"Canela molida 1kg. Descubre nuestra canela molida extrafina para enriquecer tus recetas con su intenso sabor y su fina textura.\" \/>\n<meta name=\"robots\" content=\"index, follow, max-snippet:-1, max-image-preview:large, max-video-preview:-1\" \/>\n<link rel=\"canonical\" href=\"https:\/\/www.csj-emballages.com\/es\/produit\/canela-extrafina-molida-1-kg\/\" \/>\n<meta property=\"og:locale\" content=\"es_ES\" \/>\n<meta property=\"og:type\" content=\"article\" \/>\n<meta property=\"og:title\" content=\"Canela molida 1 kg\" \/>\n<meta property=\"og:description\" content=\"Canela molida 1kg. Descubre nuestra canela molida extrafina para enriquecer tus recetas con su intenso sabor y su fina textura.\" \/>\n<meta property=\"og:url\" content=\"https:\/\/www.csj-emballages.com\/es\/produit\/canela-extrafina-molida-1-kg\/\" \/>\n<meta property=\"og:site_name\" content=\"CSJ Emballages\" \/>\n<meta property=\"article:publisher\" content=\"https:\/\/www.facebook.com\/csjemballages\" \/>\n<meta property=\"article:modified_time\" content=\"2026-03-12T15:02:05+00:00\" \/>\n<meta property=\"og:image\" content=\"https:\/\/www.csj-emballages.com\/wp-content\/uploads\/2024\/03\/Cannelle-moulu.webp\" \/>\n\t<meta property=\"og:image:width\" content=\"800\" \/>\n\t<meta property=\"og:image:height\" content=\"800\" \/>\n\t<meta property=\"og:image:type\" content=\"image\/webp\" \/>\n<meta name=\"twitter:card\" content=\"summary_large_image\" \/>\n<meta name=\"twitter:label1\" content=\"Tiempo de lectura\" \/>\n\t<meta name=\"twitter:data1\" content=\"2 minutos\" \/>\n<script type=\"application\/ld+json\" class=\"yoast-schema-graph\">{\"@context\":\"https:\/\/schema.org\",\"@graph\":[{\"@type\":\"WebPage\",\"@id\":\"https:\/\/www.csj-emballages.com\/es\/produit\/canela-extrafina-molida-1-kg\/\",\"url\":\"https:\/\/www.csj-emballages.com\/es\/produit\/canela-extrafina-molida-1-kg\/\",\"name\":\"Canela molida 1kg\",\"isPartOf\":{\"@id\":\"https:\/\/www.csj-emballages.com\/es\/#website\"},\"primaryImageOfPage\":{\"@id\":\"https:\/\/www.csj-emballages.com\/es\/produit\/canela-extrafina-molida-1-kg\/#primaryimage\"},\"image\":{\"@id\":\"https:\/\/www.csj-emballages.com\/es\/produit\/canela-extrafina-molida-1-kg\/#primaryimage\"},\"thumbnailUrl\":\"https:\/\/www.csj-emballages.com\/wp-content\/uploads\/2024\/03\/Cannelle-moulu.webp\",\"datePublished\":\"2024-03-01T15:59:43+00:00\",\"dateModified\":\"2026-03-12T15:02:05+00:00\",\"description\":\"Canela molida 1kg. Descubre nuestra canela molida extrafina para enriquecer tus recetas con su intenso sabor y su fina textura.\",\"breadcrumb\":{\"@id\":\"https:\/\/www.csj-emballages.com\/es\/produit\/canela-extrafina-molida-1-kg\/#breadcrumb\"},\"inLanguage\":\"es\",\"potentialAction\":[{\"@type\":\"ReadAction\",\"target\":[\"https:\/\/www.csj-emballages.com\/es\/produit\/canela-extrafina-molida-1-kg\/\"]}]},{\"@type\":\"ImageObject\",\"inLanguage\":\"es\",\"@id\":\"https:\/\/www.csj-emballages.com\/es\/produit\/canela-extrafina-molida-1-kg\/#primaryimage\",\"url\":\"https:\/\/www.csj-emballages.com\/wp-content\/uploads\/2024\/03\/Cannelle-moulu.webp\",\"contentUrl\":\"https:\/\/www.csj-emballages.com\/wp-content\/uploads\/2024\/03\/Cannelle-moulu.webp\",\"width\":800,\"height\":800,\"caption\":\"Cannelle moulue\"},{\"@type\":\"BreadcrumbList\",\"@id\":\"https:\/\/www.csj-emballages.com\/es\/produit\/canela-extrafina-molida-1-kg\/#breadcrumb\",\"itemListElement\":[{\"@type\":\"ListItem\",\"position\":1,\"name\":\"Accueil\",\"item\":\"https:\/\/www.csj-emballages.com\/es\/universo-del-envasado-alimentario\/\"},{\"@type\":\"ListItem\",\"position\":2,\"name\":\"Tienda\",\"item\":\"https:\/\/www.csj-emballages.com\/tienda\/\"},{\"@type\":\"ListItem\",\"position\":3,\"name\":\"Canela molida 1 kg\"}]},{\"@type\":\"WebSite\",\"@id\":\"https:\/\/www.csj-emballages.com\/es\/#website\",\"url\":\"https:\/\/www.csj-emballages.com\/es\/\",\"name\":\"CSJ Emballages\",\"description\":\"\",\"publisher\":{\"@id\":\"https:\/\/www.csj-emballages.com\/es\/#organization\"},\"potentialAction\":[{\"@type\":\"SearchAction\",\"target\":{\"@type\":\"EntryPoint\",\"urlTemplate\":\"https:\/\/www.csj-emballages.com\/es\/?s={search_term_string}\"},\"query-input\":{\"@type\":\"PropertyValueSpecification\",\"valueRequired\":true,\"valueName\":\"search_term_string\"}}],\"inLanguage\":\"es\"},{\"@type\":\"Organization\",\"@id\":\"https:\/\/www.csj-emballages.com\/es\/#Organization\/\",\"name\":\"CSJ Emballages\",\"url\":\"https:\/\/www.csj-emballages.com\/es\/\",\"logo\":{\"@type\":\"ImageObject\",\"inLanguage\":\"es\",\"@id\":\"https:\/\/www.csj-emballages.com\/es\/#\/schema\/logo\/image\/\",\"url\":\"https:\/\/www.csj-emballages.com\/wp-content\/uploads\/2023\/10\/logo_csj.webp\",\"contentUrl\":\"https:\/\/www.csj-emballages.com\/wp-content\/uploads\/2023\/10\/logo_csj.webp\",\"width\":250,\"height\":95,\"caption\":\"CSJ Emballages\"},\"image\":{\"@id\":\"https:\/\/www.csj-emballages.com\/es\/#\/schema\/logo\/image\/\"},\"sameAs\":[\"https:\/\/www.facebook.com\/csjemballages\"],\"address\":{\"@type\":\"PostalAddress\",\"streetAddress\":\"ZI La Lechere\",\"addressLocality\":\"Patornay\",\"postalCode\":\"39130\",\"addressCountry\":\"FR\"},\"contactPoint\":[{\"@type\":\"ContactPoint\",\"contactType\":\"Service client\",\"telephone\":\"0384254272\",\"email\":\"contact@csj-emballages.com\"}]}]}<\/script>\n<!-- \/ Yoast SEO Premium plugin. -->","yoast_head_json":{"title":"Canela molida 1kg","description":"Canela molida 1kg. Descubre nuestra canela molida extrafina para enriquecer tus recetas con su intenso sabor y su fina textura.","robots":{"index":"index","follow":"follow","max-snippet":"max-snippet:-1","max-image-preview":"max-image-preview:large","max-video-preview":"max-video-preview:-1"},"canonical":"https:\/\/www.csj-emballages.com\/es\/produit\/canela-extrafina-molida-1-kg\/","og_locale":"es_ES","og_type":"article","og_title":"Canela molida 1 kg","og_description":"Canela molida 1kg. Descubre nuestra canela molida extrafina para enriquecer tus recetas con su intenso sabor y su fina textura.","og_url":"https:\/\/www.csj-emballages.com\/es\/produit\/canela-extrafina-molida-1-kg\/","og_site_name":"CSJ Emballages","article_publisher":"https:\/\/www.facebook.com\/csjemballages","article_modified_time":"2026-03-12T15:02:05+00:00","og_image":[{"width":800,"height":800,"url":"https:\/\/www.csj-emballages.com\/wp-content\/uploads\/2024\/03\/Cannelle-moulu.webp","type":"image\/webp"}],"twitter_card":"summary_large_image","twitter_misc":{"Tiempo de lectura":"2 minutos"},"schema":{"@context":"https:\/\/schema.org","@graph":[{"@type":"WebPage","@id":"https:\/\/www.csj-emballages.com\/es\/produit\/canela-extrafina-molida-1-kg\/","url":"https:\/\/www.csj-emballages.com\/es\/produit\/canela-extrafina-molida-1-kg\/","name":"Canela molida 1kg","isPartOf":{"@id":"https:\/\/www.csj-emballages.com\/es\/#website"},"primaryImageOfPage":{"@id":"https:\/\/www.csj-emballages.com\/es\/produit\/canela-extrafina-molida-1-kg\/#primaryimage"},"image":{"@id":"https:\/\/www.csj-emballages.com\/es\/produit\/canela-extrafina-molida-1-kg\/#primaryimage"},"thumbnailUrl":"https:\/\/www.csj-emballages.com\/wp-content\/uploads\/2024\/03\/Cannelle-moulu.webp","datePublished":"2024-03-01T15:59:43+00:00","dateModified":"2026-03-12T15:02:05+00:00","description":"Canela molida 1kg. Descubre nuestra canela molida extrafina para enriquecer tus recetas con su intenso sabor y su fina textura.","breadcrumb":{"@id":"https:\/\/www.csj-emballages.com\/es\/produit\/canela-extrafina-molida-1-kg\/#breadcrumb"},"inLanguage":"es","potentialAction":[{"@type":"ReadAction","target":["https:\/\/www.csj-emballages.com\/es\/produit\/canela-extrafina-molida-1-kg\/"]}]},{"@type":"ImageObject","inLanguage":"es","@id":"https:\/\/www.csj-emballages.com\/es\/produit\/canela-extrafina-molida-1-kg\/#primaryimage","url":"https:\/\/www.csj-emballages.com\/wp-content\/uploads\/2024\/03\/Cannelle-moulu.webp","contentUrl":"https:\/\/www.csj-emballages.com\/wp-content\/uploads\/2024\/03\/Cannelle-moulu.webp","width":800,"height":800,"caption":"Cannelle moulue"},{"@type":"BreadcrumbList","@id":"https:\/\/www.csj-emballages.com\/es\/produit\/canela-extrafina-molida-1-kg\/#breadcrumb","itemListElement":[{"@type":"ListItem","position":1,"name":"Accueil","item":"https:\/\/www.csj-emballages.com\/es\/universo-del-envasado-alimentario\/"},{"@type":"ListItem","position":2,"name":"Tienda","item":"https:\/\/www.csj-emballages.com\/tienda\/"},{"@type":"ListItem","position":3,"name":"Canela molida 1 kg"}]},{"@type":"WebSite","@id":"https:\/\/www.csj-emballages.com\/es\/#website","url":"https:\/\/www.csj-emballages.com\/es\/","name":"CSJ Emballages","description":"","publisher":{"@id":"https:\/\/www.csj-emballages.com\/es\/#organization"},"potentialAction":[{"@type":"SearchAction","target":{"@type":"EntryPoint","urlTemplate":"https:\/\/www.csj-emballages.com\/es\/?s={search_term_string}"},"query-input":{"@type":"PropertyValueSpecification","valueRequired":true,"valueName":"search_term_string"}}],"inLanguage":"es"},{"@type":"Organization","@id":"https:\/\/www.csj-emballages.com\/es\/#Organization\/","name":"CSJ Emballages","url":"https:\/\/www.csj-emballages.com\/es\/","logo":{"@type":"ImageObject","inLanguage":"es","@id":"https:\/\/www.csj-emballages.com\/es\/#\/schema\/logo\/image\/","url":"https:\/\/www.csj-emballages.com\/wp-content\/uploads\/2023\/10\/logo_csj.webp","contentUrl":"https:\/\/www.csj-emballages.com\/wp-content\/uploads\/2023\/10\/logo_csj.webp","width":250,"height":95,"caption":"CSJ Emballages"},"image":{"@id":"https:\/\/www.csj-emballages.com\/es\/#\/schema\/logo\/image\/"},"sameAs":["https:\/\/www.facebook.com\/csjemballages"],"address":{"@type":"PostalAddress","streetAddress":"ZI La Lechere","addressLocality":"Patornay","postalCode":"39130","addressCountry":"FR"},"contactPoint":[{"@type":"ContactPoint","contactType":"Service client","telephone":"0384254272","email":"contact@csj-emballages.com"}]}]}},"df_price":8.75,"df_sale_price":"","df_regular_price":8.75,"df_image_link":"https:\/\/www.csj-emballages.com\/wp-content\/uploads\/2024\/03\/Cannelle-moulu-300x300.webp","tiered_pricing_type":"fixed","tiered_pricing_fixed_rules":[],"tiered_pricing_percentage_rules":[],"tiered_pricing_minimum":1,"tiered_pricing_roles_data":[],"_links":{"self":[{"href":"https:\/\/www.csj-emballages.com\/es\/wp-json\/wp\/v2\/product\/17411","targetHints":{"allow":["GET"]}}],"collection":[{"href":"https:\/\/www.csj-emballages.com\/es\/wp-json\/wp\/v2\/product"}],"about":[{"href":"https:\/\/www.csj-emballages.com\/es\/wp-json\/wp\/v2\/types\/product"}],"wp:featuredmedia":[{"embeddable":true,"href":"https:\/\/www.csj-emballages.com\/es\/wp-json\/wp\/v2\/media\/261405"}],"wp:attachment":[{"href":"https:\/\/www.csj-emballages.com\/es\/wp-json\/wp\/v2\/media?parent=17411"}],"wp:term":[{"taxonomy":"product_brand","embeddable":true,"href":"https:\/\/www.csj-emballages.com\/es\/wp-json\/wp\/v2\/product_brand?post=17411"},{"taxonomy":"product_cat","embeddable":true,"href":"https:\/\/www.csj-emballages.com\/es\/wp-json\/wp\/v2\/product_cat?post=17411"},{"taxonomy":"product_tag","embeddable":true,"href":"https:\/\/www.csj-emballages.com\/es\/wp-json\/wp\/v2\/product_tag?post=17411"}],"curies":[{"name":"wp","href":"https:\/\/api.w.org\/{rel}","templated":true}]}}