{"id":17410,"date":"2024-03-01T16:59:43","date_gmt":"2024-03-01T15:59:43","guid":{"rendered":"https:\/\/u15jnbdpoq.preview.infomaniak.website\/produit\/nuez-moscada-1-kg\/"},"modified":"2026-03-27T02:10:28","modified_gmt":"2026-03-27T01:10:28","slug":"nuez-moscada-1-kg","status":"publish","type":"product","link":"https:\/\/www.csj-emballages.com\/es\/produit\/nuez-moscada-1-kg\/","title":{"rendered":"Nuez moscada molida 1 kg"},"content":{"rendered":"<h2>Nuez moscada<\/h2>\n<div style=\"font-family: Roboto, sans-serif;\">\n<div style=\"font-family: Roboto, sans-serif;\">\n<div style=\"font-family: Roboto, sans-serif;\">\n<div style=\"font-family: Roboto, sans-serif;\">\n<div style=\"font-family: Roboto, sans-serif;\">\n<div style=\"font-family: Roboto, sans-serif;\">\n<hr>\n<h3>Descripci\u00f3n de nuestra nuez moscada molida 1 kg<\/h3>\n<p><!--more--><\/p>\n<p data-start=\"189\" data-end=\"562\">Indispensable en la cocina, la <strong data-start=\"218\" data-end=\"244\">nuez moscada molida<\/strong> aporta ese peque\u00f1o toque c\u00e1lido y perfumado que lo cambia todo. Con este formato de <strong data-start=\"324\" data-end=\"332\">1 kg<\/strong>, siempre tendr\u00e1 a mano una especia lista para usar, ideal para un uso regular o intensivo. Ya no es necesario rallar o dosificar en el \u00faltimo momento: se utiliza f\u00e1cilmente y se mezcla perfectamente con sus preparaciones.  <\/p>\n<p data-start=\"564\" data-end=\"923\">Desde el momento en que se abre, su <strong>intenso aroma<\/strong> se difunde e inmediatamente recuerda a la cocina casera. Realza los platos sin enmascararlos y aporta profundidad a las recetas saladas y dulces. Ya sea para perfumar un <strong>pur\u00e9, una salsa bechamel, gratinados, sopas o incluso algunos pasteles<\/strong>, encuentra naturalmente su lugar en su cocina.  <\/p>\n<p data-start=\"925\" data-end=\"1235\">Gracias a su <strong>molienda fina<\/strong>, la <strong>nuez moscada<\/strong> se distribuye de manera homog\u00e9nea. De este modo, cada bocado mantiene el mismo equilibrio de sabor, sin excesos. Este formato generoso es perfecto para restauradores, empresas de catering, colectividades o cocinas centrales que buscan un producto fiable y constante en el d\u00eda a d\u00eda.  <\/p>\n<p data-start=\"1237\" data-end=\"1515\">Adem\u00e1s, el envasado en <strong data-start=\"1273\" data-end=\"1281\">1 kg<\/strong> permite una gesti\u00f3n m\u00e1s sencilla de las existencias. Ahorra tiempo, limita las roturas de stock y controla mejor sus costes. Es una soluci\u00f3n pr\u00e1ctica para trabajar eficazmente, manteniendo al mismo tiempo una calidad arom\u00e1tica estable.  <\/p>\n<p data-start=\"1517\" data-end=\"1744\">En resumen, esta <strong>nuez moscada molida<\/strong> es un aliado discreto pero esencial. Sublima sus recetas, aporta redondez a los platos y se integra f\u00e1cilmente en todas las cocinas, desde las m\u00e1s tradicionales hasta las m\u00e1s creativas. <\/p>\n<p data-start=\"1517\" data-end=\"1744\">\n<\/div>\n<p data-start=\"1517\" data-end=\"1744\"><!--more--><\/p>\n<p data-start=\"1517\" data-end=\"1744\"><strong><span style=\"color: #ff0000;\">Fecha caducada (DLUO) 02\/2025<\/span><\/strong><\/p>\n<p data-start=\"1517\" data-end=\"1744\">\n<div style=\"font-family: Roboto, sans-serif;\">\n<p><!--more--><\/p>\n<p><strong>Ventajas :<\/strong><\/p>\n<ul>\n<li data-start=\"1772\" data-end=\"1801\">Sabor c\u00e1lido y equilibrado.<\/li>\n<li data-start=\"1804\" data-end=\"1834\">Molienda fina, f\u00e1cil de dosificar.<\/li>\n<li data-start=\"1837\" data-end=\"1855\">Lista para usar.<\/li>\n<li data-start=\"1858\" data-end=\"1885\">Formato econ\u00f3mico de <strong>1 kg<\/strong>.<\/li>\n<li data-start=\"1888\" data-end=\"1921\">Ideal para uso profesional.<\/li>\n<\/ul>\n<\/div>\n<\/div>\n<div style=\"font-family: Roboto, sans-serif;\">\n<div style=\"font-family: Roboto, sans-serif;\">\n<p>&nbsp;<\/p>\n<\/div>\n<\/div>\n<\/div>\n<\/div>\n<\/div>\n<\/div>\n<p>&nbsp;<\/p>\n<p><!--more--><\/p>\n<h4>Informaci\u00f3n adicional :<\/h4>\n<ul>\n<li><strong>Envase<\/strong>: Envase de 1 kg<\/li>\n<li><strong>Formato<\/strong>: Molido<\/li>\n<\/ul>\n<p>&nbsp;<\/p>\n<p><!--more--><\/p>\n<p><a href=\"https:\/\/www.csj-emballages.com\/es\/categorie-produit\/alimentacion-es\/especias\/especias-sencillas\/\">Consulta el resto de nuestra gama de especias sencillas aqu\u00ed<\/a><\/p>\n","protected":false},"excerpt":{"rendered":"<p><strong><span style=\"color: #ff0000;\">Fecha de caducidad: 02\/2025<\/span><\/strong><\/p>\n","protected":false},"featured_media":261481,"template":"","meta":{"_acf_changed":false},"product_brand":[],"product_cat":[10241,1162,1454,1455,11542],"product_tag":[],"class_list":{"0":"post-17410","1":"product","2":"type-product","3":"status-publish","4":"has-post-thumbnail","6":"product_cat-antidesperdicio","7":"product_cat-alimentacion-es","8":"product_cat-especias","9":"product_cat-especias-sencillas","10":"product_cat-liquidacion","12":"first","13":"instock","14":"sale","15":"taxable","16":"shipping-taxable","17":"purchasable","18":"product-type-simple"},"acf":[],"yoast_head":"<!-- This site is optimized with the Yoast SEO Premium plugin v26.6 (Yoast SEO v26.6) - https:\/\/yoast.com\/wordpress\/plugins\/seo\/ -->\n<title>Nuez Moscada Molida 1kg<\/title>\n<meta name=\"description\" content=\"Nuez moscada 1kg - \u00a1Descubre la nuez moscada a granel, econ\u00f3mica y vers\u00e1til, perfecta para enriquecer tus platos dulces y salados!\" \/>\n<meta name=\"robots\" content=\"index, follow, max-snippet:-1, max-image-preview:large, max-video-preview:-1\" \/>\n<link rel=\"canonical\" href=\"https:\/\/www.csj-emballages.com\/es\/produit\/nuez-moscada-1-kg\/\" \/>\n<meta property=\"og:locale\" content=\"es_ES\" \/>\n<meta property=\"og:type\" content=\"article\" \/>\n<meta property=\"og:title\" content=\"Nuez moscada molida 1 kg\" \/>\n<meta property=\"og:description\" content=\"Nuez moscada 1kg - \u00a1Descubre la nuez moscada a granel, econ\u00f3mica y vers\u00e1til, perfecta para enriquecer tus platos dulces y salados!\" \/>\n<meta property=\"og:url\" content=\"https:\/\/www.csj-emballages.com\/es\/produit\/nuez-moscada-1-kg\/\" \/>\n<meta property=\"og:site_name\" content=\"CSJ Emballages\" \/>\n<meta property=\"article:publisher\" content=\"https:\/\/www.facebook.com\/csjemballages\" \/>\n<meta property=\"article:modified_time\" content=\"2026-03-27T01:10:28+00:00\" \/>\n<meta property=\"og:image\" content=\"https:\/\/www.csj-emballages.com\/wp-content\/uploads\/2024\/03\/Noix-de-muscade-moulu.webp\" \/>\n\t<meta property=\"og:image:width\" content=\"800\" \/>\n\t<meta property=\"og:image:height\" content=\"800\" \/>\n\t<meta property=\"og:image:type\" content=\"image\/webp\" \/>\n<meta name=\"twitter:card\" content=\"summary_large_image\" \/>\n<meta name=\"twitter:label1\" content=\"Tiempo de lectura\" \/>\n\t<meta name=\"twitter:data1\" content=\"2 minutos\" \/>\n<script type=\"application\/ld+json\" class=\"yoast-schema-graph\">{\"@context\":\"https:\/\/schema.org\",\"@graph\":[{\"@type\":\"WebPage\",\"@id\":\"https:\/\/www.csj-emballages.com\/es\/produit\/nuez-moscada-1-kg\/\",\"url\":\"https:\/\/www.csj-emballages.com\/es\/produit\/nuez-moscada-1-kg\/\",\"name\":\"Nuez Moscada Molida 1kg\",\"isPartOf\":{\"@id\":\"https:\/\/www.csj-emballages.com\/es\/#website\"},\"primaryImageOfPage\":{\"@id\":\"https:\/\/www.csj-emballages.com\/es\/produit\/nuez-moscada-1-kg\/#primaryimage\"},\"image\":{\"@id\":\"https:\/\/www.csj-emballages.com\/es\/produit\/nuez-moscada-1-kg\/#primaryimage\"},\"thumbnailUrl\":\"https:\/\/www.csj-emballages.com\/wp-content\/uploads\/2024\/03\/Noix-de-muscade-moulu.webp\",\"datePublished\":\"2024-03-01T15:59:43+00:00\",\"dateModified\":\"2026-03-27T01:10:28+00:00\",\"description\":\"Nuez moscada 1kg - \u00a1Descubre la nuez moscada a granel, econ\u00f3mica y vers\u00e1til, perfecta para enriquecer tus platos dulces y salados!\",\"breadcrumb\":{\"@id\":\"https:\/\/www.csj-emballages.com\/es\/produit\/nuez-moscada-1-kg\/#breadcrumb\"},\"inLanguage\":\"es\",\"potentialAction\":[{\"@type\":\"ReadAction\",\"target\":[\"https:\/\/www.csj-emballages.com\/es\/produit\/nuez-moscada-1-kg\/\"]}]},{\"@type\":\"ImageObject\",\"inLanguage\":\"es\",\"@id\":\"https:\/\/www.csj-emballages.com\/es\/produit\/nuez-moscada-1-kg\/#primaryimage\",\"url\":\"https:\/\/www.csj-emballages.com\/wp-content\/uploads\/2024\/03\/Noix-de-muscade-moulu.webp\",\"contentUrl\":\"https:\/\/www.csj-emballages.com\/wp-content\/uploads\/2024\/03\/Noix-de-muscade-moulu.webp\",\"width\":800,\"height\":800,\"caption\":\"Noix de muscade moulu\"},{\"@type\":\"BreadcrumbList\",\"@id\":\"https:\/\/www.csj-emballages.com\/es\/produit\/nuez-moscada-1-kg\/#breadcrumb\",\"itemListElement\":[{\"@type\":\"ListItem\",\"position\":1,\"name\":\"Accueil\",\"item\":\"https:\/\/www.csj-emballages.com\/es\/universo-del-envasado-alimentario\/\"},{\"@type\":\"ListItem\",\"position\":2,\"name\":\"Tienda\",\"item\":\"https:\/\/www.csj-emballages.com\/tienda\/\"},{\"@type\":\"ListItem\",\"position\":3,\"name\":\"Nuez moscada molida 1 kg\"}]},{\"@type\":\"WebSite\",\"@id\":\"https:\/\/www.csj-emballages.com\/es\/#website\",\"url\":\"https:\/\/www.csj-emballages.com\/es\/\",\"name\":\"CSJ Emballages\",\"description\":\"\",\"publisher\":{\"@id\":\"https:\/\/www.csj-emballages.com\/es\/#organization\"},\"potentialAction\":[{\"@type\":\"SearchAction\",\"target\":{\"@type\":\"EntryPoint\",\"urlTemplate\":\"https:\/\/www.csj-emballages.com\/es\/?s={search_term_string}\"},\"query-input\":{\"@type\":\"PropertyValueSpecification\",\"valueRequired\":true,\"valueName\":\"search_term_string\"}}],\"inLanguage\":\"es\"},{\"@type\":\"Organization\",\"@id\":\"https:\/\/www.csj-emballages.com\/es\/#Organization\/\",\"name\":\"CSJ Emballages\",\"url\":\"https:\/\/www.csj-emballages.com\/es\/\",\"logo\":{\"@type\":\"ImageObject\",\"inLanguage\":\"es\",\"@id\":\"https:\/\/www.csj-emballages.com\/es\/#\/schema\/logo\/image\/\",\"url\":\"https:\/\/www.csj-emballages.com\/wp-content\/uploads\/2023\/10\/logo_csj.webp\",\"contentUrl\":\"https:\/\/www.csj-emballages.com\/wp-content\/uploads\/2023\/10\/logo_csj.webp\",\"width\":250,\"height\":95,\"caption\":\"CSJ Emballages\"},\"image\":{\"@id\":\"https:\/\/www.csj-emballages.com\/es\/#\/schema\/logo\/image\/\"},\"sameAs\":[\"https:\/\/www.facebook.com\/csjemballages\"],\"address\":{\"@type\":\"PostalAddress\",\"streetAddress\":\"ZI La Lechere\",\"addressLocality\":\"Patornay\",\"postalCode\":\"39130\",\"addressCountry\":\"FR\"},\"contactPoint\":[{\"@type\":\"ContactPoint\",\"contactType\":\"Service client\",\"telephone\":\"0384254272\",\"email\":\"contact@csj-emballages.com\"}]}]}<\/script>\n<!-- \/ Yoast SEO Premium plugin. -->","yoast_head_json":{"title":"Nuez Moscada Molida 1kg","description":"Nuez moscada 1kg - \u00a1Descubre la nuez moscada a granel, econ\u00f3mica y vers\u00e1til, perfecta para enriquecer tus platos dulces y salados!","robots":{"index":"index","follow":"follow","max-snippet":"max-snippet:-1","max-image-preview":"max-image-preview:large","max-video-preview":"max-video-preview:-1"},"canonical":"https:\/\/www.csj-emballages.com\/es\/produit\/nuez-moscada-1-kg\/","og_locale":"es_ES","og_type":"article","og_title":"Nuez moscada molida 1 kg","og_description":"Nuez moscada 1kg - \u00a1Descubre la nuez moscada a granel, econ\u00f3mica y vers\u00e1til, perfecta para enriquecer tus platos dulces y salados!","og_url":"https:\/\/www.csj-emballages.com\/es\/produit\/nuez-moscada-1-kg\/","og_site_name":"CSJ Emballages","article_publisher":"https:\/\/www.facebook.com\/csjemballages","article_modified_time":"2026-03-27T01:10:28+00:00","og_image":[{"width":800,"height":800,"url":"https:\/\/www.csj-emballages.com\/wp-content\/uploads\/2024\/03\/Noix-de-muscade-moulu.webp","type":"image\/webp"}],"twitter_card":"summary_large_image","twitter_misc":{"Tiempo de lectura":"2 minutos"},"schema":{"@context":"https:\/\/schema.org","@graph":[{"@type":"WebPage","@id":"https:\/\/www.csj-emballages.com\/es\/produit\/nuez-moscada-1-kg\/","url":"https:\/\/www.csj-emballages.com\/es\/produit\/nuez-moscada-1-kg\/","name":"Nuez Moscada Molida 1kg","isPartOf":{"@id":"https:\/\/www.csj-emballages.com\/es\/#website"},"primaryImageOfPage":{"@id":"https:\/\/www.csj-emballages.com\/es\/produit\/nuez-moscada-1-kg\/#primaryimage"},"image":{"@id":"https:\/\/www.csj-emballages.com\/es\/produit\/nuez-moscada-1-kg\/#primaryimage"},"thumbnailUrl":"https:\/\/www.csj-emballages.com\/wp-content\/uploads\/2024\/03\/Noix-de-muscade-moulu.webp","datePublished":"2024-03-01T15:59:43+00:00","dateModified":"2026-03-27T01:10:28+00:00","description":"Nuez moscada 1kg - \u00a1Descubre la nuez moscada a granel, econ\u00f3mica y vers\u00e1til, perfecta para enriquecer tus platos dulces y salados!","breadcrumb":{"@id":"https:\/\/www.csj-emballages.com\/es\/produit\/nuez-moscada-1-kg\/#breadcrumb"},"inLanguage":"es","potentialAction":[{"@type":"ReadAction","target":["https:\/\/www.csj-emballages.com\/es\/produit\/nuez-moscada-1-kg\/"]}]},{"@type":"ImageObject","inLanguage":"es","@id":"https:\/\/www.csj-emballages.com\/es\/produit\/nuez-moscada-1-kg\/#primaryimage","url":"https:\/\/www.csj-emballages.com\/wp-content\/uploads\/2024\/03\/Noix-de-muscade-moulu.webp","contentUrl":"https:\/\/www.csj-emballages.com\/wp-content\/uploads\/2024\/03\/Noix-de-muscade-moulu.webp","width":800,"height":800,"caption":"Noix de muscade moulu"},{"@type":"BreadcrumbList","@id":"https:\/\/www.csj-emballages.com\/es\/produit\/nuez-moscada-1-kg\/#breadcrumb","itemListElement":[{"@type":"ListItem","position":1,"name":"Accueil","item":"https:\/\/www.csj-emballages.com\/es\/universo-del-envasado-alimentario\/"},{"@type":"ListItem","position":2,"name":"Tienda","item":"https:\/\/www.csj-emballages.com\/tienda\/"},{"@type":"ListItem","position":3,"name":"Nuez moscada molida 1 kg"}]},{"@type":"WebSite","@id":"https:\/\/www.csj-emballages.com\/es\/#website","url":"https:\/\/www.csj-emballages.com\/es\/","name":"CSJ Emballages","description":"","publisher":{"@id":"https:\/\/www.csj-emballages.com\/es\/#organization"},"potentialAction":[{"@type":"SearchAction","target":{"@type":"EntryPoint","urlTemplate":"https:\/\/www.csj-emballages.com\/es\/?s={search_term_string}"},"query-input":{"@type":"PropertyValueSpecification","valueRequired":true,"valueName":"search_term_string"}}],"inLanguage":"es"},{"@type":"Organization","@id":"https:\/\/www.csj-emballages.com\/es\/#Organization\/","name":"CSJ Emballages","url":"https:\/\/www.csj-emballages.com\/es\/","logo":{"@type":"ImageObject","inLanguage":"es","@id":"https:\/\/www.csj-emballages.com\/es\/#\/schema\/logo\/image\/","url":"https:\/\/www.csj-emballages.com\/wp-content\/uploads\/2023\/10\/logo_csj.webp","contentUrl":"https:\/\/www.csj-emballages.com\/wp-content\/uploads\/2023\/10\/logo_csj.webp","width":250,"height":95,"caption":"CSJ Emballages"},"image":{"@id":"https:\/\/www.csj-emballages.com\/es\/#\/schema\/logo\/image\/"},"sameAs":["https:\/\/www.facebook.com\/csjemballages"],"address":{"@type":"PostalAddress","streetAddress":"ZI La Lechere","addressLocality":"Patornay","postalCode":"39130","addressCountry":"FR"},"contactPoint":[{"@type":"ContactPoint","contactType":"Service client","telephone":"0384254272","email":"contact@csj-emballages.com"}]}]}},"df_price":19.73,"df_sale_price":19.73,"df_regular_price":28.18,"df_image_link":"https:\/\/www.csj-emballages.com\/wp-content\/uploads\/2024\/03\/Noix-de-muscade-moulu-300x300.webp","tiered_pricing_type":"fixed","tiered_pricing_fixed_rules":[],"tiered_pricing_percentage_rules":[],"tiered_pricing_minimum":1,"tiered_pricing_roles_data":[],"_links":{"self":[{"href":"https:\/\/www.csj-emballages.com\/es\/wp-json\/wp\/v2\/product\/17410","targetHints":{"allow":["GET"]}}],"collection":[{"href":"https:\/\/www.csj-emballages.com\/es\/wp-json\/wp\/v2\/product"}],"about":[{"href":"https:\/\/www.csj-emballages.com\/es\/wp-json\/wp\/v2\/types\/product"}],"wp:featuredmedia":[{"embeddable":true,"href":"https:\/\/www.csj-emballages.com\/es\/wp-json\/wp\/v2\/media\/261481"}],"wp:attachment":[{"href":"https:\/\/www.csj-emballages.com\/es\/wp-json\/wp\/v2\/media?parent=17410"}],"wp:term":[{"taxonomy":"product_brand","embeddable":true,"href":"https:\/\/www.csj-emballages.com\/es\/wp-json\/wp\/v2\/product_brand?post=17410"},{"taxonomy":"product_cat","embeddable":true,"href":"https:\/\/www.csj-emballages.com\/es\/wp-json\/wp\/v2\/product_cat?post=17410"},{"taxonomy":"product_tag","embeddable":true,"href":"https:\/\/www.csj-emballages.com\/es\/wp-json\/wp\/v2\/product_tag?post=17410"}],"curies":[{"name":"wp","href":"https:\/\/api.w.org\/{rel}","templated":true}]}}